{"id":4155,"date":"2025-07-21T21:11:16","date_gmt":"2025-07-21T13:11:16","guid":{"rendered":"https:\/\/led.amasly.com\/?page_id=4155"},"modified":"2026-01-24T20:11:22","modified_gmt":"2026-01-24T12:11:22","slug":"ghid-de-configurare-a-iluminatului-terenurilor-de-baschet","status":"publish","type":"page","link":"https:\/\/led.amasly.com\/ro\/cunostinte\/cunostinte-de-lumina-in-aer-liber\/ghid-de-configurare-a-iluminatului-terenurilor-de-baschet\/","title":{"rendered":"Ghid de configurare a iluminatului terenurilor de baschet"},"content":{"rendered":"<div class=\"wp-block-uagb-container uagb-block-27bae773 alignfull uagb-is-root-container\"><div class=\"uagb-container-inner-blocks-wrap\"><\/div><\/div>\n\n\n\n<h1 class=\"wp-block-heading has-text-align-center\"><strong>Ghid de configurare a iluminatului terenurilor de baschet<\/strong><strong><\/strong><\/h1>\n\n\n\n<h2 class=\"wp-block-heading\"><strong>Iluminare teren de baschet \u00een aer liber <strong>Ghid de configurare<\/strong><\/strong><\/h2>\n\n\n\n<p>Atunci c\u00e2nd selecta\u021bi lumina pentru un teren de baschet \u00een aer liber, trebuie s\u0103 lua\u021bi \u00een considerare urm\u0103torii factori cheie:<\/p>\n\n\n\n<h2 class=\"wp-block-heading\"><strong>1. <strong>Ghid de configurare a iluminatului terenurilor de baschet<\/strong><\/strong> <strong>Uniformitate:<\/strong><\/h2>\n\n\n\n<p>Iluminarea uniform\u0103 previne zonele prea luminoase sau prea \u00eentunecate, oferind un mediu vizual confortabil. Alege\u021bi corpuri de iluminat \u0219i solu\u021bii de proiectare adecvate pentru a v\u0103 asigura c\u0103 distribu\u021bia ilumin\u0103rii pe terenul de baschet este uniform\u0103.<\/p>\n\n\n\n<figure class=\"wp-block-image aligncenter size-large\"><img decoding=\"async\" width=\"1024\" height=\"576\" src=\"https:\/\/led.amasly.com\/wp-content\/uploads\/2025\/07\/Basketball-Court-Lighting-1-1024x576.png\" alt=\"\" class=\"wp-image-4189\" title=\"\" srcset=\"https:\/\/led.amasly.com\/wp-content\/uploads\/2025\/07\/Basketball-Court-Lighting-1-1024x576.png 1024w, https:\/\/led.amasly.com\/wp-content\/uploads\/2025\/07\/Basketball-Court-Lighting-1-300x169.png 300w, https:\/\/led.amasly.com\/wp-content\/uploads\/2025\/07\/Basketball-Court-Lighting-1-768x432.png 768w, https:\/\/led.amasly.com\/wp-content\/uploads\/2025\/07\/Basketball-Court-Lighting-1-18x10.png 18w, https:\/\/led.amasly.com\/wp-content\/uploads\/2025\/07\/Basketball-Court-Lighting-1.png 1080w\" sizes=\"(max-width: 1024px) 100vw, 1024px\" \/><\/figure>\n\n\n\n<h2 class=\"wp-block-heading\"><strong>2. <strong>Ghid de configurare a iluminatului terenurilor de baschet<\/strong><\/strong> <strong>Iluminan\u021b\u0103:<\/strong><\/h2>\n\n\n\n<p>Iluminan\u021ba este un indicator cheie al calit\u0103\u021bii iluminatului, referindu-se la cantitatea de lumin\u0103 pe unitatea de suprafa\u021b\u0103. Luminozitatea pe terenul de baschet ar trebui s\u0103 fie suficient de ridicat\u0103 pentru a permite sportivilor s\u0103 vad\u0103 clar fiecare detaliu de pe teren, asigur\u00e2nd \u00een acela\u0219i timp o vizibilitate bun\u0103 pentru spectatori \u0219i camere.<\/p>\n\n\n\n<figure class=\"wp-block-image aligncenter size-large\"><img decoding=\"async\" width=\"1024\" height=\"708\" src=\"https:\/\/led.amasly.com\/wp-content\/uploads\/2025\/07\/basketball-court-1024x708.jpg\" alt=\"Ghid de configurare a iluminatului terenurilor de baschet\" class=\"wp-image-4190\" title=\"\" srcset=\"https:\/\/led.amasly.com\/wp-content\/uploads\/2025\/07\/basketball-court-1024x708.jpg 1024w, https:\/\/led.amasly.com\/wp-content\/uploads\/2025\/07\/basketball-court-300x208.jpg 300w, https:\/\/led.amasly.com\/wp-content\/uploads\/2025\/07\/basketball-court-768x531.jpg 768w, https:\/\/led.amasly.com\/wp-content\/uploads\/2025\/07\/basketball-court-18x12.jpg 18w, https:\/\/led.amasly.com\/wp-content\/uploads\/2025\/07\/basketball-court.jpg 1080w\" sizes=\"(max-width: 1024px) 100vw, 1024px\" \/><\/figure>\n\n\n\n<h2 class=\"wp-block-heading\"><strong>3. <strong>Ghid de configurare a iluminatului terenurilor de baschet<\/strong><\/strong> <strong>Controlul str\u0103lucirii:<\/strong><\/h2>\n\n\n\n<p>Controlul str\u0103lucirii: Str\u0103lucirea poate afecta confortul vizual al sportivilor \u0219i calitatea jocului. Selecta\u021bi corpurile de iluminat \u0219i loca\u021biile de instalare adecvate pentru a reduce str\u0103lucirea direct\u0103, asigur\u00e2ndu-v\u0103 c\u0103 lumina este bl\u00e2nd\u0103 \u0219i nu orbitoare.<\/p>\n\n\n\n<figure class=\"wp-block-image aligncenter size-large\"><img decoding=\"async\" width=\"1024\" height=\"705\" src=\"https:\/\/led.amasly.com\/wp-content\/uploads\/2025\/07\/basketball-court-light-1024x705.jpg\" alt=\"\" class=\"wp-image-4191\" title=\"\" srcset=\"https:\/\/led.amasly.com\/wp-content\/uploads\/2025\/07\/basketball-court-light-1024x705.jpg 1024w, https:\/\/led.amasly.com\/wp-content\/uploads\/2025\/07\/basketball-court-light-300x207.jpg 300w, https:\/\/led.amasly.com\/wp-content\/uploads\/2025\/07\/basketball-court-light-768x529.jpg 768w, https:\/\/led.amasly.com\/wp-content\/uploads\/2025\/07\/basketball-court-light-18x12.jpg 18w, https:\/\/led.amasly.com\/wp-content\/uploads\/2025\/07\/basketball-court-light.jpg 1080w\" sizes=\"(max-width: 1024px) 100vw, 1024px\" \/><\/figure>\n\n\n\n<p>Controlul str\u0103lucirii:<\/p>\n\n\n\n<p>Str\u0103lucirea poate afecta confortul vizual al sportivilor \u0219i calitatea jocului. Selecta\u021bi corpurile de iluminat adecvate \u0219i loca\u021biile de instalare pentru a reduce str\u0103lucirea direct\u0103, asigur\u00e2ndu-v\u0103 c\u0103 lumina este bl\u00e2nd\u0103 \u0219i nu orbitoare.<\/p>\n\n\n\n<figure class=\"wp-block-image aligncenter size-full\"><img decoding=\"async\" width=\"775\" height=\"814\" src=\"https:\/\/led.amasly.com\/wp-content\/uploads\/2025\/07\/basketball-court-light-pole.jpg\" alt=\"\" class=\"wp-image-4192\" title=\"\" srcset=\"https:\/\/led.amasly.com\/wp-content\/uploads\/2025\/07\/basketball-court-light-pole.jpg 775w, https:\/\/led.amasly.com\/wp-content\/uploads\/2025\/07\/basketball-court-light-pole-286x300.jpg 286w, https:\/\/led.amasly.com\/wp-content\/uploads\/2025\/07\/basketball-court-light-pole-768x807.jpg 768w, https:\/\/led.amasly.com\/wp-content\/uploads\/2025\/07\/basketball-court-light-pole-11x12.jpg 11w\" sizes=\"(max-width: 775px) 100vw, 775px\" \/><\/figure>\n\n\n\n<h2 class=\"wp-block-heading\"><strong>4. <strong>Ghid de configurare a iluminatului terenurilor de baschet<\/strong><\/strong> <strong>\u00cen\u0103l\u021bimea de instalare:<\/strong><\/h2>\n\n\n\n<p>\u00cen\u0103l\u021bimea de instalare a corpurilor de iluminat trebuie s\u0103 fie \u00eentre 6 \u0219i 8 metri pentru a se asigura c\u0103 iluminatul acoper\u0103 \u00eentregul teren de baschet \u0219i asigur\u0103 o distribu\u021bie uniform\u0103 a luminii.<\/p>\n\n\n\n<h2 class=\"wp-block-heading\"><strong>Ghid de configurare a iluminatului terenurilor de baschet<\/strong> <strong>Rezumat<\/strong><\/h2>\n\n\n\n<p class=\"has-text-align-left\">Atunci c\u00e2nd selecta\u021bi produse de iluminat specifice, lua\u021bi \u00een considerare m\u0103rci de iluminat sportiv bine cunoscute pe pia\u021b\u0103. Amasly Sports Lighting ofer\u0103 solu\u021bii profesionale de iluminat \u0219i ofer\u0103 proiecte \u0219i servicii personalizate, adaptate nevoilor specifice ale diferitelor terenuri de baschet.<\/p>\n\n\n\n<div class=\"wp-block-uagb-container uagb-block-c7d898dd alignfull uagb-is-root-container\"><div class=\"uagb-container-inner-blocks-wrap\"><\/div><\/div>\n\n\n\n<h2 class=\"wp-block-heading\"><strong>Amasly Light FAQ<\/strong><\/h2>\n\n\n\n<p><strong>Q1.Can I have a sample order for led light?<\/strong><strong><\/strong><\/p>\n\n\n\n<p>R: Da, accept\u0103m comanda de probe pentru a testa \u0219i a verifica calitatea. Probele mixte sunt acceptabile.<\/p>\n\n\n\n<p><strong>Q2.Ce se \u00eent\u00e2mpl\u0103 cu timpul de livrare?<\/strong><strong><\/strong><\/p>\n\n\n\n<p>R: Proba necesit\u0103 3-5 zile, timpul de produc\u021bie \u00een mas\u0103 necesit\u0103 1-2 s\u0103pt\u0103m\u00e2ni.<\/p>\n\n\n\n<p><strong>Q3.Ave\u021bi vreo limit\u0103 MOQ pentru comanda de lumin\u0103 led?<\/strong><strong><\/strong><\/p>\n\n\n\n<p>R: MOQ sc\u0103zut 1pc pentru verificarea e\u0219antionului este disponibil.<\/p>\n\n\n\n<p><strong>Q4. Cum expedia\u021bi bunurile \u0219i c\u00e2t dureaz\u0103 p\u00e2n\u0103 ajung la destina\u021bie?<\/strong><strong><\/strong><\/p>\n\n\n\n<p>R: De obicei expediem prin <a href=\"https:\/\/www.dhl.com\" rel=\"nofollow noopener\" target=\"_blank\">DHL<\/a>, UPS, FedEx sau TNT. De obicei, este nevoie de 3-5 zile pentru a ajunge. Linia aerian\u0103 \u0219i transportul maritim, de asemenea, op\u021bional.<\/p>\n\n\n\n<p><strong>Q5. Cum se efectueaz\u0103 o comand\u0103 pentru lumina cu led?<\/strong><strong><\/strong><\/p>\n\n\n\n<p>A:<\/p>\n\n\n\n<p>\u00cen primul r\u00e2nd, comunica\u021bi-ne cerin\u021bele sau aplica\u021bia dumneavoastr\u0103.<\/p>\n\n\n\n<p>\u00cen al doilea r\u00e2nd, cotiz\u0103m \u00een func\u021bie de cerin\u021bele dvs. sau de sugestiile noastre.<\/p>\n\n\n\n<p>\u00cen al treilea r\u00e2nd, clientul confirm\u0103 probele \u0219i plaseaz\u0103 depozitul pentru comanda oficial\u0103.<\/p>\n\n\n\n<p>\u00cen al patrulea r\u00e2nd, organiz\u0103m produc\u021bia.<\/p>\n\n\n\n<p><strong>Q6.Este \u00een regul\u0103 s\u0103 \u00eemi tip\u0103resc <\/strong><strong>LOGO<\/strong><strong>&nbsp;pe produs de lumin\u0103 cu led ?<\/strong><strong><\/strong><\/p>\n\n\n\n<p>R: Da.V\u0103 rug\u0103m s\u0103 ne informa\u021bi oficial \u00eenainte de produc\u021bia noastr\u0103 \u0219i s\u0103 confirma\u021bi designul \u00een primul r\u00e2nd pe baza e\u0219antionului nostru.<\/p>\n\n\n\n<p><strong>Q7: Oferi\u021bi garan\u021bie pentru produse?<\/strong><strong><\/strong><\/p>\n\n\n\n<p>R: Da, oferim o garan\u021bie de 2-5 ani pentru produsele noastre.<\/p>\n\n\n\n<p><strong>\u00ce8: Cum s\u0103 proceda\u021bi cu defectele?<\/strong><strong><\/strong><\/p>\n\n\n\n<p>A:<\/p>\n\n\n\n<p>\u00cen primul r\u00e2nd, produsele noastre sunt produse dinstrict sistem de control al calit\u0103\u021bii \u0219i rata defectuoas\u0103 va fi mai mic\u0103 de 0.2%<\/p>\n\n\n\n<p>\u00cen al doilea r\u00e2nd, \u00een timpul perioadei de garan\u021bie, vom furniza piese pentru a \u00eenlocui piesa defect\u0103.. Pentru comenzile \u00een vrac, vom furniza piese vulnerabile \u00een avans sau putem discuta solu\u021bii, inclusiv rechem\u0103ri, pe baza situa\u021biei reale.<\/p>\n\n\n\n<p><strong>Q9: Putem produce l\u0103mpi antideflagrante de joas\u0103 tensiune cu tensiuni AC\/DC de 12V, 24V, 36V sau 48V? <\/strong><\/p>\n\n\n\n<p>Amasly poate fi utilizat at\u00e2t ca lumini antiexplozive de joas\u0103 tensiune, c\u00e2t \u0219i de \u00eenalt\u0103 tensiune - AC\/DC 12V, 24V, 36V, 48V, AC 85-265V, AC 380V. <\/p>\n\n\n\n<p><strong>Q10: Pot fi ad\u0103ugate baterii de urgen\u021b\u0103 Explosion Poof Lights? <\/strong><\/p>\n\n\n\n<p>Lampa Amasly antideflagrant\u0103 poate fi echipat\u0103 cu baterii de urgen\u021b\u0103 cu litiu. Durata de urgen\u021b\u0103 este de 90 de minute, 120 de minute sau 180 de minute. <\/p>\n\n\n\n<p><strong>Q11: Lampa Amasly rezistent\u0103 la explozii poate fi personalizat\u0103 ca produs OEM? <\/strong><\/p>\n\n\n\n<p>L\u0103mpile Amasly antideflagrante pot fi personalizate \u00een func\u021bie de cerin\u021bele clientului, at\u00e2t pentru l\u0103mpi, c\u00e2t \u0219i pentru ambalajele din carton.<\/p>\n\n\n\n<h2 class=\"wp-block-heading\">Produse conexe<\/h2>\n\n\n\n<div class=\"wp-block-uagb-container uagb-block-66e4defc alignfull uagb-is-root-container\"><div class=\"uagb-container-inner-blocks-wrap\">\n<div class=\"wp-block-uagb-container uagb-block-a42945f9\">\n<div class=\"wp-block-uagb-image uagb-block-7296296b wp-block-uagb-image--layout-default wp-block-uagb-image--effect-static wp-block-uagb-image--align-none\"><figure class=\"wp-block-uagb-image__figure\"><a class=\"\" href=\"https:\/\/led.amasly.com\/ro\/produse\/\" target=\"\" rel=\"noopener\"><img decoding=\"async\" srcset=\"https:\/\/led.amasly.com\/wp-content\/uploads\/2024\/09\/Explosion-proof-high-bay-lights.png ,https:\/\/led.amasly.com\/wp-content\/uploads\/2024\/09\/Explosion-proof-high-bay-lights.png 780w, https:\/\/led.amasly.com\/wp-content\/uploads\/2024\/09\/Explosion-proof-high-bay-lights.png 360w\" sizes=\"auto, (max-width: 480px) 150px\" src=\"https:\/\/led.amasly.com\/wp-content\/uploads\/2024\/09\/Explosion-proof-high-bay-lights.png\" alt=\"\" class=\"uag-image-1495\" width=\"300\" height=\"300\" title=\"Lumini de \u00eenalt\u0103 rezisten\u021b\u0103 la explozie\" loading=\"lazy\" role=\"img\"><\/a><\/figure><\/div>\n<\/div>\n\n\n\n<div class=\"wp-block-uagb-container uagb-block-4d3efde5\">\n<div class=\"wp-block-uagb-image uagb-block-c9e90797 wp-block-uagb-image--layout-default wp-block-uagb-image--effect-static wp-block-uagb-image--align-none\"><figure class=\"wp-block-uagb-image__figure\"><a class=\"\" href=\"https:\/\/led.amasly.com\/ro\/produse\/\" target=\"\" rel=\"noopener\"><img decoding=\"async\" srcset=\"https:\/\/led.amasly.com\/wp-content\/uploads\/2024\/07\/LED-tri-proof-lights2.png ,https:\/\/led.amasly.com\/wp-content\/uploads\/2024\/07\/LED-tri-proof-lights2.png 780w, https:\/\/led.amasly.com\/wp-content\/uploads\/2024\/07\/LED-tri-proof-lights2.png 360w\" sizes=\"auto, (max-width: 480px) 150px\" src=\"https:\/\/led.amasly.com\/wp-content\/uploads\/2024\/07\/LED-tri-proof-lights2.png\" alt=\"\" class=\"uag-image-1132\" width=\"300\" height=\"300\" title=\"LED-tri-proof-lights2\" loading=\"lazy\" role=\"img\"><\/a><\/figure><\/div>\n<\/div>\n\n\n\n<div class=\"wp-block-uagb-container uagb-block-11c2578b\">\n<div class=\"wp-block-uagb-image uagb-block-6e8883aa wp-block-uagb-image--layout-default wp-block-uagb-image--effect-static wp-block-uagb-image--align-none\"><figure class=\"wp-block-uagb-image__figure\"><a class=\"\" href=\"https:\/\/led.amasly.com\/ro\/produse\/\" target=\"\" rel=\"noopener\"><img decoding=\"async\" srcset=\"https:\/\/led.amasly.com\/wp-content\/uploads\/2024\/09\/LED-Explosion-Proof-Gas-Station-Light.png ,https:\/\/led.amasly.com\/wp-content\/uploads\/2024\/09\/LED-Explosion-Proof-Gas-Station-Light.png 780w, https:\/\/led.amasly.com\/wp-content\/uploads\/2024\/09\/LED-Explosion-Proof-Gas-Station-Light.png 360w\" sizes=\"auto, (max-width: 480px) 150px\" src=\"https:\/\/led.amasly.com\/wp-content\/uploads\/2024\/09\/LED-Explosion-Proof-Gas-Station-Light.png\" alt=\"\" class=\"uag-image-1501\" width=\"300\" height=\"300\" title=\"LED lumina sta\u021biei de benzin\u0103 cu dovada exploziei\" loading=\"lazy\" role=\"img\"><\/a><\/figure><\/div>\n<\/div>\n<\/div><\/div>\n\n\n\n<div class=\"wp-block-uagb-container uagb-block-548945b5 alignfull uagb-is-root-container\"><div class=\"uagb-container-inner-blocks-wrap\">\n<div class=\"wp-block-uagb-container uagb-block-967755d5\">\n<h4 class=\"wp-block-heading has-text-align-center\"><a href=\"https:\/\/led.amasly.com\/ro\/produse\/\">Lumini LED antiexplozie<\/a><\/h4>\n<\/div>\n\n\n\n<div class=\"wp-block-uagb-container uagb-block-9bc52fc2\">\n<h4 class=\"wp-block-heading has-text-align-center\"><a href=\"https:\/\/led.amasly.com\/ro\/produse\/\">Lumini LED Tri-Proof<\/a><\/h4>\n<\/div>\n\n\n\n<div class=\"wp-block-uagb-container uagb-block-8ffa0a23\">\n<h4 class=\"wp-block-heading has-text-align-center\"><a href=\"https:\/\/led.amasly.com\/ro\/produse\/\">Lumini de sta\u021bie de benzin\u0103 antiexplozie<\/a><\/h4>\n<\/div>\n<\/div><\/div>\n\n\n\n<div class=\"wp-block-uagb-container uagb-block-29499fe0 alignfull uagb-is-root-container\"><div class=\"uagb-container-inner-blocks-wrap\">\n<div class=\"wp-block-uagb-container uagb-block-777ee1c7\">\n<div class=\"wp-block-uagb-image uagb-block-2e9a1851 wp-block-uagb-image--layout-default wp-block-uagb-image--effect-static wp-block-uagb-image--align-none\"><figure class=\"wp-block-uagb-image__figure\"><a class=\"\" href=\"https:\/\/led.amasly.com\/ro\/produse\/\" target=\"\" rel=\"noopener\"><img decoding=\"async\" srcset=\"https:\/\/led.amasly.com\/wp-content\/uploads\/2024\/10\/50W-100W-150W-200W-300W-LED-Flood-Light.jpg ,https:\/\/led.amasly.com\/wp-content\/uploads\/2024\/10\/50W-100W-150W-200W-300W-LED-Flood-Light.jpg 780w, https:\/\/led.amasly.com\/wp-content\/uploads\/2024\/10\/50W-100W-150W-200W-300W-LED-Flood-Light.jpg 360w\" sizes=\"auto, (max-width: 480px) 150px\" src=\"https:\/\/led.amasly.com\/wp-content\/uploads\/2024\/10\/50W-100W-150W-200W-300W-LED-Flood-Light.jpg\" alt=\"\" class=\"uag-image-1526\" width=\"300\" height=\"300\" title=\"50W 100W 150W 200W 300W LED lumin\u0103 de inunda\u021bie\" loading=\"lazy\" role=\"img\"><\/a><\/figure><\/div>\n<\/div>\n\n\n\n<div class=\"wp-block-uagb-container uagb-block-af8c8683\">\n<div class=\"wp-block-uagb-image uagb-block-67947854 wp-block-uagb-image--layout-default wp-block-uagb-image--effect-static wp-block-uagb-image--align-none\"><figure class=\"wp-block-uagb-image__figure\"><a class=\"\" href=\"https:\/\/led.amasly.com\/ro\/produse\/\" target=\"\" rel=\"noopener\"><img decoding=\"async\" srcset=\"https:\/\/led.amasly.com\/wp-content\/uploads\/2024\/07\/led-tri-proof-light.png ,https:\/\/led.amasly.com\/wp-content\/uploads\/2024\/07\/led-tri-proof-light.png 780w, https:\/\/led.amasly.com\/wp-content\/uploads\/2024\/07\/led-tri-proof-light.png 360w\" sizes=\"auto, (max-width: 480px) 150px\" src=\"https:\/\/led.amasly.com\/wp-content\/uploads\/2024\/07\/led-tri-proof-light.png\" alt=\"\" class=\"uag-image-1130\" width=\"300\" height=\"300\" title=\"led-tri-proof-light\" loading=\"lazy\" role=\"img\"><\/a><\/figure><\/div>\n<\/div>\n\n\n\n<div class=\"wp-block-uagb-container uagb-block-0fdfdd58\">\n<div class=\"wp-block-uagb-image uagb-block-1187d32d wp-block-uagb-image--layout-default wp-block-uagb-image--effect-static wp-block-uagb-image--align-none\"><figure class=\"wp-block-uagb-image__figure\"><a class=\"\" href=\"https:\/\/led.amasly.com\/ro\/produse\/\" target=\"\" rel=\"noopener\"><img decoding=\"async\" srcset=\"https:\/\/led.amasly.com\/wp-content\/uploads\/2024\/07\/LED-street-light.jpg ,https:\/\/led.amasly.com\/wp-content\/uploads\/2024\/07\/LED-street-light.jpg 780w, https:\/\/led.amasly.com\/wp-content\/uploads\/2024\/07\/LED-street-light.jpg 360w\" sizes=\"auto, (max-width: 480px) 150px\" src=\"https:\/\/led.amasly.com\/wp-content\/uploads\/2024\/07\/LED-street-light.jpg\" alt=\"\" class=\"uag-image-1145\" width=\"300\" height=\"300\" title=\"LED-street-light\" loading=\"lazy\" role=\"img\"><\/a><\/figure><\/div>\n<\/div>\n<\/div><\/div>\n\n\n\n<div class=\"wp-block-uagb-container uagb-block-6a60882c alignfull uagb-is-root-container\"><div class=\"uagb-container-inner-blocks-wrap\">\n<div class=\"wp-block-uagb-container uagb-block-f1e91a35\">\n<h4 class=\"wp-block-heading has-text-align-center\"><a href=\"https:\/\/led.amasly.com\/ro\/produse\/\">Lumini de inunda\u021bie cu LED<\/a><\/h4>\n<\/div>\n\n\n\n<div class=\"wp-block-uagb-container uagb-block-165bfa58\">\n<h4 class=\"wp-block-heading has-text-align-center\"><a href=\"https:\/\/led.amasly.com\/ro\/produse\/\">Lumini LED Tri-Proof Tube<\/a><\/h4>\n<\/div>\n\n\n\n<div class=\"wp-block-uagb-container uagb-block-f6096e3b\">\n<h4 class=\"wp-block-heading has-text-align-center\"><a href=\"https:\/\/led.amasly.com\/ro\/produse\/\">Lumini stradale cu LED<\/a><\/h4>\n<\/div>\n<\/div><\/div>\n\n\n\n<div class=\"wp-block-uagb-container uagb-block-99c0e0a5 alignfull uagb-is-root-container\"><div class=\"uagb-container-inner-blocks-wrap\"><\/div><\/div>\n\n\n\n<p><\/p>","protected":false},"excerpt":{"rendered":"<p>Basketball Court Lighting Configuration Guide Outdoor Basketball Court Lighting Configuration Guide When selecting light for an outdoor basketball court, you need to consider the following key factors: 1. Basketball Court Lighting Configuration Guide Uniformity: Uniform lighting prevents overly bright or dark areas, providing a comfortable visual environment. Choose appropriate lighting fixtures and design solutions to [&hellip;]<\/p>\n","protected":false},"author":1,"featured_media":0,"parent":4122,"menu_order":0,"comment_status":"closed","ping_status":"closed","template":"","meta":{"_uag_custom_page_level_css":"","site-sidebar-layout":"no-sidebar","site-content-layout":"","ast-site-content-layout":"default","site-content-style":"default","site-sidebar-style":"default","ast-global-header-display":"","ast-banner-title-visibility":"","ast-main-header-display":"","ast-hfb-above-header-display":"","ast-hfb-below-header-display":"","ast-hfb-mobile-header-display":"","site-post-title":"disabled","ast-breadcrumbs-content":"","ast-featured-img":"","footer-sml-layout":"","ast-disable-related-posts":"","theme-transparent-header-meta":"enabled","adv-header-id-meta":"","stick-header-meta":"","header-above-stick-meta":"","header-main-stick-meta":"","header-below-stick-meta":"","astra-migrate-meta-layouts":"set","ast-page-background-enabled":"default","ast-page-background-meta":{"desktop":{"background-color":"var(--ast-global-color-4)","background-image":"","background-repeat":"repeat","background-position":"center center","background-size":"auto","background-attachment":"scroll","background-type":"","background-media":"","overlay-type":"","overlay-color":"","overlay-opacity":"","overlay-gradient":""},"tablet":{"background-color":"","background-image":"","background-repeat":"repeat","background-position":"center center","background-size":"auto","background-attachment":"scroll","background-type":"","background-media":"","overlay-type":"","overlay-color":"","overlay-opacity":"","overlay-gradient":""},"mobile":{"background-color":"","background-image":"","background-repeat":"repeat","background-position":"center center","background-size":"auto","background-attachment":"scroll","background-type":"","background-media":"","overlay-type":"","overlay-color":"","overlay-opacity":"","overlay-gradient":""}},"ast-content-background-meta":{"desktop":{"background-color":"var(--ast-global-color-5)","background-image":"","background-repeat":"repeat","background-position":"center center","background-size":"auto","background-attachment":"scroll","background-type":"","background-media":"","overlay-type":"","overlay-color":"","overlay-opacity":"","overlay-gradient":""},"tablet":{"background-color":"var(--ast-global-color-5)","background-image":"","background-repeat":"repeat","background-position":"center center","background-size":"auto","background-attachment":"scroll","background-type":"","background-media":"","overlay-type":"","overlay-color":"","overlay-opacity":"","overlay-gradient":""},"mobile":{"background-color":"var(--ast-global-color-5)","background-image":"","background-repeat":"repeat","background-position":"center center","background-size":"auto","background-attachment":"scroll","background-type":"","background-media":"","overlay-type":"","overlay-color":"","overlay-opacity":"","overlay-gradient":""}},"footnotes":""},"class_list":["post-4155","page","type-page","status-publish","hentry"],"uagb_featured_image_src":{"full":false,"thumbnail":false,"medium":false,"medium_large":false,"large":false,"1536x1536":false,"2048x2048":false,"trp-custom-language-flag":false},"uagb_author_info":{"display_name":"Joe","author_link":"https:\/\/led.amasly.com\/ro\/author\/jacklin\/"},"uagb_comment_info":0,"uagb_excerpt":"Basketball Court Lighting Configuration Guide Outdoor Basketball Court Lighting Configuration Guide When selecting light for an outdoor basketball court, you need to consider the following key factors: 1. Basketball Court Lighting Configuration Guide Uniformity: Uniform lighting prevents overly bright or dark areas, providing a comfortable visual environment. Choose appropriate lighting fixtures and design solutions to&hellip;","_links":{"self":[{"href":"https:\/\/led.amasly.com\/ro\/wp-json\/wp\/v2\/pages\/4155","targetHints":{"allow":["GET"]}}],"collection":[{"href":"https:\/\/led.amasly.com\/ro\/wp-json\/wp\/v2\/pages"}],"about":[{"href":"https:\/\/led.amasly.com\/ro\/wp-json\/wp\/v2\/types\/page"}],"author":[{"embeddable":true,"href":"https:\/\/led.amasly.com\/ro\/wp-json\/wp\/v2\/users\/1"}],"replies":[{"embeddable":true,"href":"https:\/\/led.amasly.com\/ro\/wp-json\/wp\/v2\/comments?post=4155"}],"version-history":[{"count":3,"href":"https:\/\/led.amasly.com\/ro\/wp-json\/wp\/v2\/pages\/4155\/revisions"}],"predecessor-version":[{"id":4701,"href":"https:\/\/led.amasly.com\/ro\/wp-json\/wp\/v2\/pages\/4155\/revisions\/4701"}],"up":[{"embeddable":true,"href":"https:\/\/led.amasly.com\/ro\/wp-json\/wp\/v2\/pages\/4122"}],"wp:attachment":[{"href":"https:\/\/led.amasly.com\/ro\/wp-json\/wp\/v2\/media?parent=4155"}],"curies":[{"name":"wp","href":"https:\/\/api.w.org\/{rel}","templated":true}]}}