{"id":4078,"date":"2025-07-05T15:17:40","date_gmt":"2025-07-05T07:17:40","guid":{"rendered":"https:\/\/led.amasly.com\/?page_id=4078"},"modified":"2025-07-05T15:17:51","modified_gmt":"2025-07-05T07:17:51","slug":"the-critical-role-of-lighting-in-healthcare-organizationsis","status":"publish","type":"page","link":"https:\/\/led.amasly.com\/ro\/knowledge\/led-light-knowledge\/the-critical-role-of-lighting-in-healthcare-organizationsis\/","title":{"rendered":"Rolul critic al iluminatului \u00een organiza\u021biile de asisten\u021b\u0103 medical\u0103este"},"content":{"rendered":"<div class=\"wp-block-uagb-container uagb-block-27bae773 alignfull uagb-is-root-container\"><div class=\"uagb-container-inner-blocks-wrap\"><\/div><\/div>\n\n\n\n<h1 class=\"wp-block-heading has-text-align-center\"><strong>Rolul critic al iluminatului \u00een organiza\u021biile de asisten\u021b\u0103 medical\u0103<\/strong><strong><\/strong><\/h1>\n\n\n\n<figure class=\"wp-block-image aligncenter size-full\"><img decoding=\"async\" width=\"876\" height=\"470\" src=\"https:\/\/led.amasly.com\/wp-content\/uploads\/2025\/07\/Healthcare-Organizations.png\" alt=\"\" class=\"wp-image-4079\" title=\"\" srcset=\"https:\/\/led.amasly.com\/wp-content\/uploads\/2025\/07\/Healthcare-Organizations.png 876w, https:\/\/led.amasly.com\/wp-content\/uploads\/2025\/07\/Healthcare-Organizations-300x161.png 300w, https:\/\/led.amasly.com\/wp-content\/uploads\/2025\/07\/Healthcare-Organizations-768x412.png 768w, https:\/\/led.amasly.com\/wp-content\/uploads\/2025\/07\/Healthcare-Organizations-18x10.png 18w\" sizes=\"(max-width: 876px) 100vw, 876px\" \/><\/figure>\n\n\n\n<p>Iluminatul \u00een domeniul s\u0103n\u0103t\u0103\u021bii \u00eentruchipeaz\u0103 integrarea formei \u0219i a func\u021biei. \u00cen plus fa\u021b\u0103 de completarea designului general, solu\u021biile de iluminat pentru \u00eengrijirea s\u0103n\u0103t\u0103\u021bii ar trebui s\u0103 ofere o gam\u0103 larg\u0103 de op\u021biuni precise de distribu\u021bie a luminii pentru a crea medii luminoase cu mai multe niveluri care promoveaz\u0103 sincronizarea ritmurilor circadiene f\u0103r\u0103 distragerea aten\u021biei de c\u0103tre str\u0103lucire, fiind \u00een acela\u0219i timp u\u0219or de \u00eentre\u021binut \u0219i capabile s\u0103 reziste rigorilor proceselor de cur\u0103\u021bare.<\/p>\n\n\n\n<p>Odat\u0103 cu cre\u0219terea gradului de con\u0219tientizare a efectelor luminii asupra biologiei umane \u0219i a importan\u021bei tot mai mari a luminii \u00een crearea unor medii pl\u0103cute, neinstitu\u021bionalizate, exist\u0103 o dorin\u021b\u0103 tot mai mare de flexibilitate \u00een ceea ce prive\u0219te produc\u021bia spectral\u0103 \u0219i controlul sistemelor de iluminat din spitale.<\/p>\n\n\n\n<p>Pun\u00e2nd accentul pe bun\u0103starea pacien\u021bilor \u0219i a lucr\u0103torilor din domeniul s\u0103n\u0103t\u0103\u021bii, industria de arhitectur\u0103, inginerie \u0219i construc\u021bii (AEC) \u0219i directorii institu\u021biilor medicale caut\u0103 solu\u021bii de iluminat bine configurate care s\u0103 promoveze vindecarea, echilibr\u00e2nd \u00een acela\u0219i timp nevoile de vedere cu cerin\u021bele ritmului circadian.<\/p>\n\n\n\n<h2 class=\"wp-block-heading\"><strong>forma cl\u0103dirii<\/strong><strong><\/strong><\/h2>\n\n\n\n<p>Sute de studii au examinat impactul designului spitalelor asupra rezultatelor clinice. Dovezile sugereaz\u0103 c\u0103 designul joac\u0103 un rol important: mediile de calitate pot fi un instrument important pentru cre\u0219terea siguran\u021bei, promovarea reabilit\u0103rii \u0219i \u00eembun\u0103t\u0103\u021birea confortului \u00een munc\u0103 \u00een spitale. Din acest motiv, sistemele de iluminat institu\u021bionalizate din trecut au fost \u00eenlocuite cu corpuri de iluminat care combin\u0103 forma \u0219i func\u021bia, cum ar fi <strong>Corpuri de iluminat cu LED care sunt integrate \u00een arhitectur\u0103 \u0219i asigur\u0103 o lumin\u0103 moale, indirect\u0103.<\/strong><strong><\/strong><\/p>\n\n\n\n<figure class=\"wp-block-image size-full\"><img decoding=\"async\" width=\"876\" height=\"507\" src=\"https:\/\/led.amasly.com\/wp-content\/uploads\/2025\/07\/Healthcare-Organizations-lighting.png\" alt=\"\" class=\"wp-image-4080\" title=\"\" srcset=\"https:\/\/led.amasly.com\/wp-content\/uploads\/2025\/07\/Healthcare-Organizations-lighting.png 876w, https:\/\/led.amasly.com\/wp-content\/uploads\/2025\/07\/Healthcare-Organizations-lighting-300x174.png 300w, https:\/\/led.amasly.com\/wp-content\/uploads\/2025\/07\/Healthcare-Organizations-lighting-768x444.png 768w, https:\/\/led.amasly.com\/wp-content\/uploads\/2025\/07\/Healthcare-Organizations-lighting-18x10.png 18w\" sizes=\"(max-width: 876px) 100vw, 876px\" \/><\/figure>\n\n\n\n<h2 class=\"wp-block-heading\"><strong>&nbsp;<\/strong><\/h2>\n\n\n\n<h2 class=\"wp-block-heading\"><strong>Ritmurile circadiene \u0219i rezultatele \u00eembun\u0103t\u0103\u021bite ale reabilit\u0103rii pacien\u021bilor<\/strong><strong><\/strong><\/h2>\n\n\n\n<p>Cercet\u0103rile privind ritmul circadian uman, rela\u021bia acestuia cu starea general\u0103 de s\u0103n\u0103tate \u0219i modul \u00een care lumina afecteaz\u0103 ritmul circadian au influen\u021bat proiectarea iluminatului \u00een domeniul s\u0103n\u0103t\u0103\u021bii. Din p\u0103cate, multe spitale nu sunt suficient de luminoase \u00een timpul zilei \u0219i suficient de \u00eentunecate noaptea pentru a urma modelul circadian natural al organismului. Exist\u0103 o serie de modalit\u0103\u021bi de a realiza acest lucru, inclusiv <strong>iluminat cu temperatur\u0103 de culoare reglabil\u0103, tehnologie spectral\u0103 biodinamic\u0103 sau utilizarea unei singure surse de lumin\u0103 cu temperatur\u0103 de culoare corelat\u0103 (CCT) cu intensitate reglabil\u0103.<\/strong><\/p>\n\n\n\n<p><strong>Studiile au ar\u0103tat c\u0103 un anumit nivel de expunere la spectrul de lumin\u0103 albastr\u0103 modific\u0103 produc\u021bia organismului de <\/strong>melatonin\u0103<strong>.<\/strong>&nbsp;Limitarea expunerii la lumina albastr\u0103 noaptea, \u00een special, poate cre\u0219te secre\u021bia de melatonin\u0103, favoriz\u00e2nd astfel somnul. Configurarea atent\u0103 a iluminatului pentru camerele pacien\u021bilor, care s\u0103 echilibreze nevoile vizuale cu nevoile circadiene, poate contribui la \u00eembun\u0103t\u0103\u021birea recuper\u0103rii. Iluminatul circadian nu se refer\u0103 doar la corpuri de iluminat individuale sau la zone separate, ci la \u00eentregul mediu de iluminat ca \u00eentreg.<\/p>\n\n\n\n<h2 class=\"wp-block-heading\"><strong>Reducerea erorilor lucr\u0103torilor din domeniul s\u0103n\u0103t\u0103\u021bii<\/strong><strong><\/strong><\/h2>\n\n\n\n<p>Asistentele medicale \u0219i medicii din spitale lucreaz\u0103 adesea \u00een medii stresante \u00een care trebuie s\u0103 \u00eendeplineasc\u0103 un set complex de sarcini \u0219i sarcini critice de \u00eengrijire a pacien\u021bilor. Iluminatul la posturile asistentelor medicale ar trebui s\u0103 sporeasc\u0103 productivitatea, nu s\u0103 creeze obstacole. Studiile arat\u0103 c\u0103 asigurarea unui iluminat adecvat \u00een zonele de dispensare este una dintre cele mai importante solu\u021bii de mediu pentru evitarea erorilor, <strong>metodele \u0219i tehnologiile inovatoare de iluminat ar trebui s\u0103 fie un aspect important de luat \u00een considerare la construirea sau remodelarea spitalelor.<\/strong><strong><\/strong><\/p>\n\n\n\n<figure class=\"wp-block-image size-full\"><img decoding=\"async\" width=\"876\" height=\"470\" src=\"https:\/\/led.amasly.com\/wp-content\/uploads\/2025\/07\/Healthcare-Organizations-1.png\" alt=\"\" class=\"wp-image-4081\" title=\"\" srcset=\"https:\/\/led.amasly.com\/wp-content\/uploads\/2025\/07\/Healthcare-Organizations-1.png 876w, https:\/\/led.amasly.com\/wp-content\/uploads\/2025\/07\/Healthcare-Organizations-1-300x161.png 300w, https:\/\/led.amasly.com\/wp-content\/uploads\/2025\/07\/Healthcare-Organizations-1-768x412.png 768w, https:\/\/led.amasly.com\/wp-content\/uploads\/2025\/07\/Healthcare-Organizations-1-18x10.png 18w\" sizes=\"(max-width: 876px) 100vw, 876px\" \/><\/figure>\n\n\n\n<p><br><strong>Controlul infec\u021biilor \u0219i \u00eentre\u021binere u\u0219oar\u0103<\/strong><strong><\/strong><\/p>\n\n\n\n<p><strong>\u00cen mediile medicale, corpurile de iluminat trebuie s\u0103 \u00eendeplineasc\u0103 standardele stricte de control al infec\u021biilor, fiind \u00een acela\u0219i timp u\u0219or de \u00eentre\u021binut.<\/strong>&nbsp;Conform Centrului pentru Controlul \u0219i Prevenirea Bolilor din SUA, aproximativ 1 din 25 de pacien\u021bi spitaliza\u021bi va contracta un germen \u00eentr-o unitate medical\u0103.<\/p>\n\n\n\n<p class=\"has-text-align-left\">O modalitate de a reduce aceste infec\u021bii asociate asisten\u021bei medicale este de a ne asigura c\u0103 agen\u021bii patogeni nu pot p\u0103trunde \u00een corpurile de iluminat greu accesibile. Instalarea de corpuri de iluminat proiectate cu materiale \u0219i finisaje, cum ar fi acoperiri antimicrobiene, care sunt concepute pentru a rezista proceselor de cur\u0103\u021bare din spitale limiteaz\u0103 p\u0103trunderea agen\u021bilor patogeni \u00een corpuri de iluminat, asigur\u0103 faptul c\u0103 corpurile de iluminat nu sunt deteriorate \u00een timpul cur\u0103\u021b\u0103rii \u0219i reduce capacitatea agen\u021bilor patogeni de a se dezvolta \u00een corpuri de iluminat chiar dac\u0103 acestea nu sunt cur\u0103\u021bate \u00een timp util.<\/p>\n\n\n\n<div class=\"wp-block-uagb-container uagb-block-c7d898dd alignfull uagb-is-root-container\"><div class=\"uagb-container-inner-blocks-wrap\"><\/div><\/div>\n\n\n\n<h2 class=\"wp-block-heading\">Produse conexe<\/h2>\n\n\n\n<div class=\"wp-block-uagb-container uagb-block-66e4defc alignfull uagb-is-root-container\"><div class=\"uagb-container-inner-blocks-wrap\">\n<div class=\"wp-block-uagb-container uagb-block-a42945f9\">\n<div class=\"wp-block-uagb-image uagb-block-7296296b wp-block-uagb-image--layout-default wp-block-uagb-image--effect-static wp-block-uagb-image--align-none\"><figure class=\"wp-block-uagb-image__figure\"><a class=\"\" href=\"https:\/\/led.amasly.com\/ro\/products\/\" target=\"\" rel=\"noopener\"><img decoding=\"async\" srcset=\"https:\/\/led.amasly.com\/wp-content\/uploads\/2024\/09\/Explosion-proof-high-bay-lights.png ,https:\/\/led.amasly.com\/wp-content\/uploads\/2024\/09\/Explosion-proof-high-bay-lights.png 780w, https:\/\/led.amasly.com\/wp-content\/uploads\/2024\/09\/Explosion-proof-high-bay-lights.png 360w\" sizes=\"auto, (max-width: 480px) 150px\" src=\"https:\/\/led.amasly.com\/wp-content\/uploads\/2024\/09\/Explosion-proof-high-bay-lights.png\" alt=\"\" class=\"uag-image-1495\" width=\"300\" height=\"300\" title=\"Lumini de \u00eenalt\u0103 rezisten\u021b\u0103 la explozie\" loading=\"lazy\" role=\"img\"><\/a><\/figure><\/div>\n<\/div>\n\n\n\n<div class=\"wp-block-uagb-container uagb-block-4d3efde5\">\n<div class=\"wp-block-uagb-image uagb-block-c9e90797 wp-block-uagb-image--layout-default wp-block-uagb-image--effect-static wp-block-uagb-image--align-none\"><figure class=\"wp-block-uagb-image__figure\"><a class=\"\" href=\"https:\/\/led.amasly.com\/ro\/products\/\" target=\"\" rel=\"noopener\"><img decoding=\"async\" srcset=\"https:\/\/led.amasly.com\/wp-content\/uploads\/2024\/07\/LED-tri-proof-lights2.png ,https:\/\/led.amasly.com\/wp-content\/uploads\/2024\/07\/LED-tri-proof-lights2.png 780w, https:\/\/led.amasly.com\/wp-content\/uploads\/2024\/07\/LED-tri-proof-lights2.png 360w\" sizes=\"auto, (max-width: 480px) 150px\" src=\"https:\/\/led.amasly.com\/wp-content\/uploads\/2024\/07\/LED-tri-proof-lights2.png\" alt=\"\" class=\"uag-image-1132\" width=\"300\" height=\"300\" title=\"LED-tri-proof-lights2\" loading=\"lazy\" role=\"img\"><\/a><\/figure><\/div>\n<\/div>\n\n\n\n<div class=\"wp-block-uagb-container uagb-block-11c2578b\">\n<div class=\"wp-block-uagb-image uagb-block-6e8883aa wp-block-uagb-image--layout-default wp-block-uagb-image--effect-static wp-block-uagb-image--align-none\"><figure class=\"wp-block-uagb-image__figure\"><a class=\"\" href=\"https:\/\/led.amasly.com\/ro\/products\/\" target=\"\" rel=\"noopener\"><img decoding=\"async\" srcset=\"https:\/\/led.amasly.com\/wp-content\/uploads\/2024\/09\/LED-Explosion-Proof-Gas-Station-Light.png ,https:\/\/led.amasly.com\/wp-content\/uploads\/2024\/09\/LED-Explosion-Proof-Gas-Station-Light.png 780w, https:\/\/led.amasly.com\/wp-content\/uploads\/2024\/09\/LED-Explosion-Proof-Gas-Station-Light.png 360w\" sizes=\"auto, (max-width: 480px) 150px\" src=\"https:\/\/led.amasly.com\/wp-content\/uploads\/2024\/09\/LED-Explosion-Proof-Gas-Station-Light.png\" alt=\"\" class=\"uag-image-1501\" width=\"300\" height=\"300\" title=\"LED lumina sta\u021biei de benzin\u0103 cu dovada exploziei\" loading=\"lazy\" role=\"img\"><\/a><\/figure><\/div>\n<\/div>\n<\/div><\/div>\n\n\n\n<div class=\"wp-block-uagb-container uagb-block-548945b5 alignfull uagb-is-root-container\"><div class=\"uagb-container-inner-blocks-wrap\">\n<div class=\"wp-block-uagb-container uagb-block-967755d5\">\n<h4 class=\"wp-block-heading has-text-align-center\"><a href=\"https:\/\/led.amasly.com\/ro\/products\/\">Lumini LED antiexplozie<\/a><\/h4>\n<\/div>\n\n\n\n<div class=\"wp-block-uagb-container uagb-block-9bc52fc2\">\n<h4 class=\"wp-block-heading has-text-align-center\"><a href=\"https:\/\/led.amasly.com\/ro\/products\/\">Lumini LED Tri-Proof<\/a><\/h4>\n<\/div>\n\n\n\n<div class=\"wp-block-uagb-container uagb-block-8ffa0a23\">\n<h4 class=\"wp-block-heading has-text-align-center\"><a href=\"https:\/\/led.amasly.com\/ro\/products\/\">Lumini de sta\u021bie de benzin\u0103 antiexplozie<\/a><\/h4>\n<\/div>\n<\/div><\/div>\n\n\n\n<div class=\"wp-block-uagb-container uagb-block-29499fe0 alignfull uagb-is-root-container\"><div class=\"uagb-container-inner-blocks-wrap\">\n<div class=\"wp-block-uagb-container uagb-block-777ee1c7\">\n<div class=\"wp-block-uagb-image uagb-block-2e9a1851 wp-block-uagb-image--layout-default wp-block-uagb-image--effect-static wp-block-uagb-image--align-none\"><figure class=\"wp-block-uagb-image__figure\"><a class=\"\" href=\"https:\/\/led.amasly.com\/ro\/products\/\" target=\"\" rel=\"noopener\"><img decoding=\"async\" srcset=\"https:\/\/led.amasly.com\/wp-content\/uploads\/2024\/10\/50W-100W-150W-200W-300W-LED-Flood-Light.jpg ,https:\/\/led.amasly.com\/wp-content\/uploads\/2024\/10\/50W-100W-150W-200W-300W-LED-Flood-Light.jpg 780w, https:\/\/led.amasly.com\/wp-content\/uploads\/2024\/10\/50W-100W-150W-200W-300W-LED-Flood-Light.jpg 360w\" sizes=\"auto, (max-width: 480px) 150px\" src=\"https:\/\/led.amasly.com\/wp-content\/uploads\/2024\/10\/50W-100W-150W-200W-300W-LED-Flood-Light.jpg\" alt=\"\" class=\"uag-image-1526\" width=\"300\" height=\"300\" title=\"50W 100W 150W 200W 300W LED lumin\u0103 de inunda\u021bie\" loading=\"lazy\" role=\"img\"><\/a><\/figure><\/div>\n<\/div>\n\n\n\n<div class=\"wp-block-uagb-container uagb-block-af8c8683\">\n<div class=\"wp-block-uagb-image uagb-block-67947854 wp-block-uagb-image--layout-default wp-block-uagb-image--effect-static wp-block-uagb-image--align-none\"><figure class=\"wp-block-uagb-image__figure\"><a class=\"\" href=\"https:\/\/led.amasly.com\/ro\/products\/\" target=\"\" rel=\"noopener\"><img decoding=\"async\" srcset=\"https:\/\/led.amasly.com\/wp-content\/uploads\/2024\/07\/led-tri-proof-light.png ,https:\/\/led.amasly.com\/wp-content\/uploads\/2024\/07\/led-tri-proof-light.png 780w, https:\/\/led.amasly.com\/wp-content\/uploads\/2024\/07\/led-tri-proof-light.png 360w\" sizes=\"auto, (max-width: 480px) 150px\" src=\"https:\/\/led.amasly.com\/wp-content\/uploads\/2024\/07\/led-tri-proof-light.png\" alt=\"\" class=\"uag-image-1130\" width=\"300\" height=\"300\" title=\"led-tri-proof-light\" loading=\"lazy\" role=\"img\"><\/a><\/figure><\/div>\n<\/div>\n\n\n\n<div class=\"wp-block-uagb-container uagb-block-0fdfdd58\">\n<div class=\"wp-block-uagb-image uagb-block-1187d32d wp-block-uagb-image--layout-default wp-block-uagb-image--effect-static wp-block-uagb-image--align-none\"><figure class=\"wp-block-uagb-image__figure\"><a class=\"\" href=\"https:\/\/led.amasly.com\/ro\/products\/\" target=\"\" rel=\"noopener\"><img decoding=\"async\" srcset=\"https:\/\/led.amasly.com\/wp-content\/uploads\/2024\/07\/LED-street-light.jpg ,https:\/\/led.amasly.com\/wp-content\/uploads\/2024\/07\/LED-street-light.jpg 780w, https:\/\/led.amasly.com\/wp-content\/uploads\/2024\/07\/LED-street-light.jpg 360w\" sizes=\"auto, (max-width: 480px) 150px\" src=\"https:\/\/led.amasly.com\/wp-content\/uploads\/2024\/07\/LED-street-light.jpg\" alt=\"\" class=\"uag-image-1145\" width=\"300\" height=\"300\" title=\"LED-street-light\" loading=\"lazy\" role=\"img\"><\/a><\/figure><\/div>\n<\/div>\n<\/div><\/div>\n\n\n\n<div class=\"wp-block-uagb-container uagb-block-6a60882c alignfull uagb-is-root-container\"><div class=\"uagb-container-inner-blocks-wrap\">\n<div class=\"wp-block-uagb-container uagb-block-f1e91a35\">\n<h4 class=\"wp-block-heading has-text-align-center\"><a href=\"https:\/\/led.amasly.com\/ro\/products\/\">Lumini de inunda\u021bie cu LED<\/a><\/h4>\n<\/div>\n\n\n\n<div class=\"wp-block-uagb-container uagb-block-165bfa58\">\n<h4 class=\"wp-block-heading has-text-align-center\"><a href=\"https:\/\/led.amasly.com\/ro\/products\/\">Lumini LED Tri-Proof Tube<\/a><\/h4>\n<\/div>\n\n\n\n<div class=\"wp-block-uagb-container uagb-block-f6096e3b\">\n<h4 class=\"wp-block-heading has-text-align-center\"><a href=\"https:\/\/led.amasly.com\/ro\/products\/\">Lumini stradale cu LED<\/a><\/h4>\n<\/div>\n<\/div><\/div>\n\n\n\n<div class=\"wp-block-uagb-container uagb-block-99c0e0a5 alignfull uagb-is-root-container\"><div class=\"uagb-container-inner-blocks-wrap\"><\/div><\/div>\n\n\n\n<p><\/p>","protected":false},"excerpt":{"rendered":"<p>The Critical Role of Lighting in Healthcare Organizations Healthcare lighting embodies the integration of form and function. In addition to complementing the overall design, healthcare lighting solutions should offer a wide range of precise light distribution options to create multi-layered light environments that promote synchronization of circadian rhythms without the distraction of glare, while being [&hellip;]<\/p>\n","protected":false},"author":1,"featured_media":0,"parent":2984,"menu_order":0,"comment_status":"closed","ping_status":"closed","template":"","meta":{"_uag_custom_page_level_css":"","site-sidebar-layout":"no-sidebar","site-content-layout":"","ast-site-content-layout":"default","site-content-style":"default","site-sidebar-style":"default","ast-global-header-display":"","ast-banner-title-visibility":"","ast-main-header-display":"","ast-hfb-above-header-display":"","ast-hfb-below-header-display":"","ast-hfb-mobile-header-display":"","site-post-title":"disabled","ast-breadcrumbs-content":"","ast-featured-img":"","footer-sml-layout":"","ast-disable-related-posts":"","theme-transparent-header-meta":"enabled","adv-header-id-meta":"","stick-header-meta":"","header-above-stick-meta":"","header-main-stick-meta":"","header-below-stick-meta":"","astra-migrate-meta-layouts":"set","ast-page-background-enabled":"default","ast-page-background-meta":{"desktop":{"background-color":"var(--ast-global-color-4)","background-image":"","background-repeat":"repeat","background-position":"center center","background-size":"auto","background-attachment":"scroll","background-type":"","background-media":"","overlay-type":"","overlay-color":"","overlay-opacity":"","overlay-gradient":""},"tablet":{"background-color":"","background-image":"","background-repeat":"repeat","background-position":"center center","background-size":"auto","background-attachment":"scroll","background-type":"","background-media":"","overlay-type":"","overlay-color":"","overlay-opacity":"","overlay-gradient":""},"mobile":{"background-color":"","background-image":"","background-repeat":"repeat","background-position":"center center","background-size":"auto","background-attachment":"scroll","background-type":"","background-media":"","overlay-type":"","overlay-color":"","overlay-opacity":"","overlay-gradient":""}},"ast-content-background-meta":{"desktop":{"background-color":"var(--ast-global-color-5)","background-image":"","background-repeat":"repeat","background-position":"center center","background-size":"auto","background-attachment":"scroll","background-type":"","background-media":"","overlay-type":"","overlay-color":"","overlay-opacity":"","overlay-gradient":""},"tablet":{"background-color":"var(--ast-global-color-5)","background-image":"","background-repeat":"repeat","background-position":"center center","background-size":"auto","background-attachment":"scroll","background-type":"","background-media":"","overlay-type":"","overlay-color":"","overlay-opacity":"","overlay-gradient":""},"mobile":{"background-color":"var(--ast-global-color-5)","background-image":"","background-repeat":"repeat","background-position":"center center","background-size":"auto","background-attachment":"scroll","background-type":"","background-media":"","overlay-type":"","overlay-color":"","overlay-opacity":"","overlay-gradient":""}},"footnotes":""},"class_list":["post-4078","page","type-page","status-publish","hentry"],"uagb_featured_image_src":{"full":false,"thumbnail":false,"medium":false,"medium_large":false,"large":false,"1536x1536":false,"2048x2048":false,"trp-custom-language-flag":false},"uagb_author_info":{"display_name":"Joe","author_link":"https:\/\/led.amasly.com\/ro\/author\/jacklin\/"},"uagb_comment_info":0,"uagb_excerpt":"The Critical Role of Lighting in Healthcare Organizations Healthcare lighting embodies the integration of form and function. In addition to complementing the overall design, healthcare lighting solutions should offer a wide range of precise light distribution options to create multi-layered light environments that promote synchronization of circadian rhythms without the distraction of glare, while being&hellip;","_links":{"self":[{"href":"https:\/\/led.amasly.com\/ro\/wp-json\/wp\/v2\/pages\/4078","targetHints":{"allow":["GET"]}}],"collection":[{"href":"https:\/\/led.amasly.com\/ro\/wp-json\/wp\/v2\/pages"}],"about":[{"href":"https:\/\/led.amasly.com\/ro\/wp-json\/wp\/v2\/types\/page"}],"author":[{"embeddable":true,"href":"https:\/\/led.amasly.com\/ro\/wp-json\/wp\/v2\/users\/1"}],"replies":[{"embeddable":true,"href":"https:\/\/led.amasly.com\/ro\/wp-json\/wp\/v2\/comments?post=4078"}],"version-history":[{"count":1,"href":"https:\/\/led.amasly.com\/ro\/wp-json\/wp\/v2\/pages\/4078\/revisions"}],"predecessor-version":[{"id":4082,"href":"https:\/\/led.amasly.com\/ro\/wp-json\/wp\/v2\/pages\/4078\/revisions\/4082"}],"up":[{"embeddable":true,"href":"https:\/\/led.amasly.com\/ro\/wp-json\/wp\/v2\/pages\/2984"}],"wp:attachment":[{"href":"https:\/\/led.amasly.com\/ro\/wp-json\/wp\/v2\/media?parent=4078"}],"curies":[{"name":"wp","href":"https:\/\/api.w.org\/{rel}","templated":true}]}}