{"id":4001,"date":"2025-05-28T22:22:23","date_gmt":"2025-05-28T14:22:23","guid":{"rendered":"https:\/\/led.amasly.com\/?page_id=4001"},"modified":"2026-01-18T14:21:05","modified_gmt":"2026-01-18T06:21:05","slug":"explosion-proof-torch-lights-price","status":"publish","type":"page","link":"https:\/\/led.amasly.com\/ro\/light-price\/explosion-proof-torch-lights-price\/","title":{"rendered":"Explosion Proof tor\u021b\u0103 Lumini Pre\u021b"},"content":{"rendered":"<div class=\"wp-block-uagb-container uagb-block-27bae773 alignfull uagb-is-root-container\"><div class=\"uagb-container-inner-blocks-wrap\"><\/div><\/div>\n\n\n\n<h1 class=\"wp-block-heading has-text-align-center\"><strong>Amasly<\/strong> <strong>Tor\u021b\u0103 antiexplozie<\/strong> <strong>lumini Pre\u021b<\/strong><\/h1>\n\n\n\n<h2 class=\"wp-block-heading\"><strong>Amasly lanterne antideflagrante<strong> <\/strong><\/strong><\/h2>\n\n\n\n<h3 class=\"wp-block-heading\"><strong>Corp de iluminat rezistent la explozie<\/strong> <strong>factorii care influen\u021beaz\u0103 pre\u021bul:<\/strong><\/h3>\n\n\n\n<p>luminile antideflagrante sunt, de obicei, mai scumpe dec\u00e2t luminile obi\u0219nuite din cauza costurilor mai mari de proiectare \u0219i produc\u021bie. Cu toate acestea, pentru cei care trebuie s\u0103 lucreze \u00een medii inflamabile \u0219i explozive, utilizarea luminilor antideflagrante poate reduce considerabil riscul de incendiu sau explozie.<\/p>\n\n\n\n<p>Pre\u021bul luminii antiexplozie este afectat de o varietate de factori, incluz\u00e2nd \u00een principal materialul, tehnologia, configura\u021bia \u0219i parametrii, certificarea calit\u0103\u021bii, oferta \u0219i cererea de pe pia\u021b\u0103, marca \u0219i originea \u0219i nevoile de personalizare.<\/p>\n\n\n\n<h2 class=\"wp-block-heading\"><strong>Caracteristici ale lanternelor Amasly antideflagrante<\/strong><\/h2>\n\n\n\n<p>Siguran\u021b\u0103 \u0219i fiabilitate: produsul are performan\u021be de protec\u021bie \u00eempotriva exploziilor, poate func\u021biona \u00een diferite locuri inflamabile \u0219i explozive.<\/p>\n\n\n\n<p><br>Eficien\u021b\u0103 energetic\u0103: Surs\u0103 de lumin\u0103 LED, eficien\u021b\u0103 ridicat\u0103 a luminii, redare ridicat\u0103 a culorilor.<\/p>\n\n\n\n<p><br>Economie \u0219i protec\u021bia mediului: Baterii non-memorie de \u00eenalt\u0103 energie, capacitate mare, durat\u0103 lung\u0103 de via\u021b\u0103, pot fi \u00eenc\u0103rcate \u00een orice moment, ciclul de utilizare, rat\u0103 sc\u0103zut\u0103 de autodesc\u0103rcare, rat\u0103 sc\u0103zut\u0103 de autodesc\u0103rcare \u0219i pot fi utilizate \u00een orice moment. Rata sc\u0103zut\u0103 de autodesc\u0103rcare, economic\u0103 \u0219i protec\u021bia mediului.<\/p>\n\n\n\n<p><br>Control inteligent: tehnologia de reglare a intensit\u0103\u021bii pulsului, lumina puternic\u0103 \u0219i lumina de lucru pot fi convertite la dorin\u021b\u0103; \u00eenc\u0103rc\u0103tor inteligent cu protec\u021bie la supra\u00eenc\u0103rcare \u0219i scurtcircuit.<\/p>\n\n\n\n<p><br>\u00cenc\u0103rc\u0103torul inteligent este echipat cu supra\u00eenc\u0103rcare, protec\u021bie la scurtcircuit \u0219i dispozitiv de afi\u0219are a \u00eenc\u0103rc\u0103rii, care poate prelungi durata de via\u021b\u0103 a l\u0103mpii<br>\u00cenc\u0103rc\u0103torul inteligent este echipat cu protec\u021bie la supra\u00eenc\u0103rcare \u0219i protec\u021bie la scurtcircuit \u0219i dispozitiv de afi\u0219are a \u00eenc\u0103rc\u0103rii, care poate prelungi durata de via\u021b\u0103 a l\u0103mpilor.<\/p>\n\n\n\n<p><br>Rezistent la ap\u0103 \u0219i anti-c\u0103dere: carcasa este realizat\u0103 din material din aliaj pentru a se asigura c\u0103 produsul poate rezista la coliziune \u0219i impact; cu mai multe<br>structur\u0103 impermeabil\u0103.<\/p>\n\n\n\n<p><br>Afi\u0219aj de alimentare: afi\u0219aj de alimentare cu patru segmente la cap\u0103tul l\u0103mpii, pute\u021bi cunoa\u0219te starea de alimentare a l\u0103mpii \u00een orice moment; o alt\u0103 func\u021bie de lumin\u0103 azimutal\u0103, \u00een cazul unei pene de curent, lampa poate fi utilizat\u0103 pentru o perioad\u0103 lung\u0103 de timp.<\/p>\n\n\n\n<p><br>\u00cen plus fa\u021b\u0103 de func\u021bia luminii de orientare, \u00een starea deschis\u0103, lumina de orientare este \u00eentotdeauna aprins\u0103, iar dup\u0103 ce lumina este oprit\u0103, lumina de orientare este oprit\u0103 \u00een acela\u0219i timp.<\/p>\n\n\n\n<p><br>Lumina de orientare este \u00eentotdeauna aprins\u0103 c\u00e2nd lumina este aprins\u0103, iar lumina de direc\u021bie este stins\u0103 c\u00e2nd lumina este stins\u0103.<\/p>\n\n\n\n<p><br>Rezistent la interferen\u021be puternice: utilizarea circuitului de ac\u021bionare a modulului \u0219tiin\u021bific, anti-vibra\u021bie, capacitate de interferen\u021b\u0103 anti-electromagnetic\u0103.<\/p>\n\n\n\n<p><br>Izolare termic\u0103: Radiatorul LED \u0219i bateria sunt izolate eficient pentru a \u00eembun\u0103t\u0103\u021bi stabilitatea l\u0103mpii.<\/p>\n\n\n\n<p><br>U\u0219oare \u0219i durabile: l\u0103mpile \u0219i felinarele sunt de dimensiuni mici, u\u0219oare \u00een greutate, compacte \u00een structur\u0103, u\u0219oare \u0219i frumoase; pot fi \u021binute \u00een m\u00e2n\u0103, \u00eenclinate, ag\u0103\u021bate \u0219i alte tipuri de transport.<\/p>\n\n\n\n<p><br>Acesta poate fi transportat de m\u00e2n\u0103, \u00eenclinat, ag\u0103\u021bat etc. pentru a satisface diverse cerin\u021be de lucru.<\/p>\n\n\n\n<h2 class=\"wp-block-heading\">Amasly Introducere<\/h2>\n\n\n\n<p>Amasly ca un furnizor de iluminat de protec\u021bie \u00eempotriva exploziilor din China, produsele de iluminat de protec\u021bie \u00eempotriva exploziilor includ: lumini rotunde de protec\u021bie \u00eempotriva exploziilor (lumini High Bay de protec\u021bie \u00eempotriva exploziilor), lumini p\u0103trate de protec\u021bie \u00eempotriva exploziilor (lumini de inunda\u021bie de protec\u021bie \u00eempotriva exploziilor), lumini liniare de protec\u021bie \u00eempotriva exploziilor, lumini tubulare de protec\u021bie \u00eempotriva exploziilor, lumini indicatoare de protec\u021bie \u00eempotriva exploziilor, lumini de urgen\u021b\u0103 de protec\u021bie \u00eempotriva exploziilor, toate luminile noastre de protec\u021bie \u00eempotriva exploziilor sunt cu ATEX aprobate \u0219i oferite la un pre\u021b foarte competitiv.<\/p>\n\n\n\n<p>Amasly Lighting este o companie lider \u00een domeniul iluminatului profesional, dedicat\u0103 ilumin\u0103rii spa\u021biilor cu creativitate, inova\u021bie \u0219i sustenabilitate. Concentr\u00e2ndu-ne pe calitate, eficien\u021b\u0103 \u0219i satisfac\u021bia clien\u021bilor, oferim o gam\u0103 complet\u0103 de solu\u021bii de iluminat de ultim\u0103 genera\u021bie, adaptate pentru a satisface nevoile diverse ale clien\u021bilor no\u0219tri.<\/p>\n\n\n\n<p>Produsele noastre au fost exportate \u00een 68 de \u021b\u0103ri din \u00eentreaga lume, cum ar fi Europa \u0219i Statele Unite, \u0219i a c\u00e2\u0219tigat recunoa\u0219terea celor mai importan\u021bi furnizori de produse de iluminat din lume cu produsele sale de \u00eenalt\u0103 calitate.<\/p>\n\n\n\n<h2 class=\"wp-block-heading\"><strong>Tor\u021b\u0103 Amasly rezistent\u0103 la explozie<\/strong> <strong>lumini<\/strong> <strong>pre\u021b<\/strong><\/h2>\n\n\n\n<div class=\"wp-block-uagb-image uagb-block-b5e91b46 wp-block-uagb-image--layout-default wp-block-uagb-image--effect-static wp-block-uagb-image--align-none\"><figure class=\"wp-block-uagb-image__figure\"><img decoding=\"async\" srcset=\"https:\/\/led.amasly.com\/wp-content\/uploads\/2024\/12\/explosion-proof-flashlights-explosion-proof-mobile-work-lights.jpg ,https:\/\/led.amasly.com\/wp-content\/uploads\/2024\/12\/explosion-proof-flashlights-explosion-proof-mobile-work-lights.jpg 780w, https:\/\/led.amasly.com\/wp-content\/uploads\/2024\/12\/explosion-proof-flashlights-explosion-proof-mobile-work-lights.jpg 360w\" sizes=\"auto, (max-width: 480px) 150px\" src=\"https:\/\/led.amasly.com\/wp-content\/uploads\/2024\/12\/explosion-proof-flashlights-explosion-proof-mobile-work-lights.jpg\" alt=\"Explosion proof torch lights Price\" class=\"uag-image-1584\" width=\"617\" height=\"453\" title=\"lanterne antideflagrante l\u0103mpi de lucru mobile antideflagrante\" loading=\"lazy\" role=\"img\"\/><\/figure><\/div>\n\n\n\n<figure class=\"wp-block-table\"><table class=\"has-fixed-layout\"><tbody><tr><td>7626<\/td><td>3W<\/td><td>$16.25<\/td><\/tr><tr><td>7210<\/td><td>3W<\/td><td>$28.67<\/td><\/tr><tr><td>7102<\/td><td>9W<\/td><td>$37.27<\/td><\/tr><tr><td>6106<\/td><td>30W<\/td><td>$183.83<\/td><\/tr><\/tbody><\/table><\/figure>\n\n\n\n<h2 class=\"wp-block-heading\"><strong>Amasly Light FAQ<\/strong><\/h2>\n\n\n\n<p><strong>Q1.Can I have a sample order for led light?<\/strong><strong><\/strong><\/p>\n\n\n\n<p>R: Da, accept\u0103m comanda de probe pentru a testa \u0219i a verifica calitatea. Probele mixte sunt acceptabile.<\/p>\n\n\n\n<p><strong>Q2.Ce se \u00eent\u00e2mpl\u0103 cu timpul de livrare?<\/strong><strong><\/strong><\/p>\n\n\n\n<p>R: Proba necesit\u0103 3-5 zile, timpul de produc\u021bie \u00een mas\u0103 necesit\u0103 1-2 s\u0103pt\u0103m\u00e2ni.<\/p>\n\n\n\n<p><strong>Q3.Ave\u021bi vreo limit\u0103 MOQ pentru comanda de lumin\u0103 led?<\/strong><strong><\/strong><\/p>\n\n\n\n<p>R: MOQ sc\u0103zut 1pc pentru verificarea e\u0219antionului este disponibil.<\/p>\n\n\n\n<p><strong>Q4. Cum expedia\u021bi bunurile \u0219i c\u00e2t dureaz\u0103 p\u00e2n\u0103 ajung la destina\u021bie?<\/strong><strong><\/strong><\/p>\n\n\n\n<p>R: De obicei expediem prin <a href=\"https:\/\/www.dhl.com\" rel=\"nofollow noopener\" target=\"_blank\">DHL<\/a>, UPS, FedEx sau TNT. De obicei, este nevoie de 3-5 zile pentru a ajunge. Linia aerian\u0103 \u0219i transportul maritim, de asemenea, op\u021bional.<\/p>\n\n\n\n<p><strong>Q5. Cum se efectueaz\u0103 o comand\u0103 pentru lumina cu led?<\/strong><strong><\/strong><\/p>\n\n\n\n<p>A:<\/p>\n\n\n\n<p>\u00cen primul r\u00e2nd, comunica\u021bi-ne cerin\u021bele sau aplica\u021bia dumneavoastr\u0103.<\/p>\n\n\n\n<p>\u00cen al doilea r\u00e2nd, cotiz\u0103m \u00een func\u021bie de cerin\u021bele dvs. sau de sugestiile noastre.<\/p>\n\n\n\n<p>\u00cen al treilea r\u00e2nd, clientul confirm\u0103 probele \u0219i plaseaz\u0103 depozitul pentru comanda oficial\u0103.<\/p>\n\n\n\n<p>\u00cen al patrulea r\u00e2nd, organiz\u0103m produc\u021bia.<\/p>\n\n\n\n<p><strong>Q6.Este \u00een regul\u0103 s\u0103 \u00eemi tip\u0103resc <\/strong><strong>LOGO<\/strong><strong>&nbsp;pe produs de lumin\u0103 cu led ?<\/strong><strong><\/strong><\/p>\n\n\n\n<p>R: Da.V\u0103 rug\u0103m s\u0103 ne informa\u021bi oficial \u00eenainte de produc\u021bia noastr\u0103 \u0219i s\u0103 confirma\u021bi designul \u00een primul r\u00e2nd pe baza e\u0219antionului nostru.<\/p>\n\n\n\n<p><strong>Q7: Oferi\u021bi garan\u021bie pentru produse?<\/strong><strong><\/strong><\/p>\n\n\n\n<p>R: Da, oferim o garan\u021bie de 2-5 ani pentru produsele noastre.<\/p>\n\n\n\n<p><strong>\u00ce8: Cum s\u0103 proceda\u021bi cu defectele?<\/strong><strong><\/strong><\/p>\n\n\n\n<p>A:<\/p>\n\n\n\n<p>\u00cen primul r\u00e2nd, produsele noastre sunt produse dinstrict sistem de control al calit\u0103\u021bii \u0219i rata defectuoas\u0103 va fi mai mic\u0103 de 0.2%<\/p>\n\n\n\n<p>\u00cen al doilea r\u00e2nd, \u00een timpul perioadei de garan\u021bie, vom furniza piese pentru a \u00eenlocui piesa defect\u0103.. Pentru comenzile \u00een vrac, vom furniza piese vulnerabile \u00een avans sau putem discuta solu\u021bii, inclusiv rechem\u0103ri, pe baza situa\u021biei reale.<\/p>\n\n\n\n<p><strong>Q9: Putem produce l\u0103mpi antideflagrante de joas\u0103 tensiune cu tensiuni AC\/DC de 12V, 24V, 36V sau 48V? <\/strong><\/p>\n\n\n\n<p>Amasly poate fi utilizat at\u00e2t ca lumini antiexplozive de joas\u0103 tensiune, c\u00e2t \u0219i de \u00eenalt\u0103 tensiune - AC\/DC 12V, 24V, 36V, 48V, AC 85-265V, AC 380V. <\/p>\n\n\n\n<p><strong>Q10: Pot fi ad\u0103ugate baterii de urgen\u021b\u0103 Explosion Poof Lights? <\/strong><\/p>\n\n\n\n<p>Lampa Amasly antideflagrant\u0103 poate fi echipat\u0103 cu baterii de urgen\u021b\u0103 cu litiu. Durata de urgen\u021b\u0103 este de 90 de minute, 120 de minute sau 180 de minute. <\/p>\n\n\n\n<p><strong>Q11: Lampa Amasly rezistent\u0103 la explozii poate fi personalizat\u0103 ca produs OEM? <\/strong><\/p>\n\n\n\n<p>L\u0103mpile Amasly antideflagrante pot fi personalizate \u00een func\u021bie de cerin\u021bele clientului, at\u00e2t pentru l\u0103mpi, c\u00e2t \u0219i pentru ambalajele din carton.<\/p>\n\n\n\n<div class=\"wp-block-uagb-container uagb-block-c7d898dd alignfull uagb-is-root-container\"><div class=\"uagb-container-inner-blocks-wrap\"><\/div><\/div>\n\n\n\n<h2 class=\"wp-block-heading\">Produse conexe<\/h2>\n\n\n\n<div class=\"wp-block-uagb-container uagb-block-66e4defc alignfull uagb-is-root-container\"><div class=\"uagb-container-inner-blocks-wrap\">\n<div class=\"wp-block-uagb-container uagb-block-a42945f9\">\n<div class=\"wp-block-uagb-image uagb-block-7296296b wp-block-uagb-image--layout-default wp-block-uagb-image--effect-static wp-block-uagb-image--align-none\"><figure class=\"wp-block-uagb-image__figure\"><a class=\"\" href=\"https:\/\/led.amasly.com\/ro\/products\/\" target=\"\" rel=\"noopener\"><img decoding=\"async\" srcset=\"https:\/\/led.amasly.com\/wp-content\/uploads\/2024\/09\/Explosion-proof-high-bay-lights.png ,https:\/\/led.amasly.com\/wp-content\/uploads\/2024\/09\/Explosion-proof-high-bay-lights.png 780w, https:\/\/led.amasly.com\/wp-content\/uploads\/2024\/09\/Explosion-proof-high-bay-lights.png 360w\" sizes=\"auto, (max-width: 480px) 150px\" src=\"https:\/\/led.amasly.com\/wp-content\/uploads\/2024\/09\/Explosion-proof-high-bay-lights.png\" alt=\"\" class=\"uag-image-1495\" width=\"300\" height=\"300\" title=\"Lumini de \u00eenalt\u0103 rezisten\u021b\u0103 la explozie\" loading=\"lazy\" role=\"img\"><\/a><\/figure><\/div>\n<\/div>\n\n\n\n<div class=\"wp-block-uagb-container uagb-block-4d3efde5\">\n<div class=\"wp-block-uagb-image uagb-block-c9e90797 wp-block-uagb-image--layout-default wp-block-uagb-image--effect-static wp-block-uagb-image--align-none\"><figure class=\"wp-block-uagb-image__figure\"><a class=\"\" href=\"https:\/\/led.amasly.com\/ro\/products\/\" target=\"\" rel=\"noopener\"><img decoding=\"async\" srcset=\"https:\/\/led.amasly.com\/wp-content\/uploads\/2024\/07\/LED-tri-proof-lights2.png ,https:\/\/led.amasly.com\/wp-content\/uploads\/2024\/07\/LED-tri-proof-lights2.png 780w, https:\/\/led.amasly.com\/wp-content\/uploads\/2024\/07\/LED-tri-proof-lights2.png 360w\" sizes=\"auto, (max-width: 480px) 150px\" src=\"https:\/\/led.amasly.com\/wp-content\/uploads\/2024\/07\/LED-tri-proof-lights2.png\" alt=\"\" class=\"uag-image-1132\" width=\"300\" height=\"300\" title=\"LED-tri-proof-lights2\" loading=\"lazy\" role=\"img\"><\/a><\/figure><\/div>\n<\/div>\n\n\n\n<div class=\"wp-block-uagb-container uagb-block-11c2578b\">\n<div class=\"wp-block-uagb-image uagb-block-6e8883aa wp-block-uagb-image--layout-default wp-block-uagb-image--effect-static wp-block-uagb-image--align-none\"><figure class=\"wp-block-uagb-image__figure\"><a class=\"\" href=\"https:\/\/led.amasly.com\/ro\/products\/\" target=\"\" rel=\"noopener\"><img decoding=\"async\" srcset=\"https:\/\/led.amasly.com\/wp-content\/uploads\/2024\/09\/LED-Explosion-Proof-Gas-Station-Light.png ,https:\/\/led.amasly.com\/wp-content\/uploads\/2024\/09\/LED-Explosion-Proof-Gas-Station-Light.png 780w, https:\/\/led.amasly.com\/wp-content\/uploads\/2024\/09\/LED-Explosion-Proof-Gas-Station-Light.png 360w\" sizes=\"auto, (max-width: 480px) 150px\" src=\"https:\/\/led.amasly.com\/wp-content\/uploads\/2024\/09\/LED-Explosion-Proof-Gas-Station-Light.png\" alt=\"\" class=\"uag-image-1501\" width=\"300\" height=\"300\" title=\"LED lumina sta\u021biei de benzin\u0103 cu dovada exploziei\" loading=\"lazy\" role=\"img\"><\/a><\/figure><\/div>\n<\/div>\n<\/div><\/div>\n\n\n\n<div class=\"wp-block-uagb-container uagb-block-548945b5 alignfull uagb-is-root-container\"><div class=\"uagb-container-inner-blocks-wrap\">\n<div class=\"wp-block-uagb-container uagb-block-967755d5\">\n<h4 class=\"wp-block-heading has-text-align-center\"><a href=\"https:\/\/led.amasly.com\/ro\/products\/\">Lumini LED antiexplozie<\/a><\/h4>\n<\/div>\n\n\n\n<div class=\"wp-block-uagb-container uagb-block-9bc52fc2\">\n<h4 class=\"wp-block-heading has-text-align-center\"><a href=\"https:\/\/led.amasly.com\/ro\/products\/\">Lumini LED Tri-Proof<\/a><\/h4>\n<\/div>\n\n\n\n<div class=\"wp-block-uagb-container uagb-block-8ffa0a23\">\n<h4 class=\"wp-block-heading has-text-align-center\"><a href=\"https:\/\/led.amasly.com\/ro\/products\/\">Lumini de sta\u021bie de benzin\u0103 antiexplozie<\/a><\/h4>\n<\/div>\n<\/div><\/div>\n\n\n\n<div class=\"wp-block-uagb-container uagb-block-29499fe0 alignfull uagb-is-root-container\"><div class=\"uagb-container-inner-blocks-wrap\">\n<div class=\"wp-block-uagb-container uagb-block-777ee1c7\">\n<div class=\"wp-block-uagb-image uagb-block-2e9a1851 wp-block-uagb-image--layout-default wp-block-uagb-image--effect-static wp-block-uagb-image--align-none\"><figure class=\"wp-block-uagb-image__figure\"><a class=\"\" href=\"https:\/\/led.amasly.com\/ro\/products\/\" target=\"\" rel=\"noopener\"><img decoding=\"async\" srcset=\"https:\/\/led.amasly.com\/wp-content\/uploads\/2024\/10\/50W-100W-150W-200W-300W-LED-Flood-Light.jpg ,https:\/\/led.amasly.com\/wp-content\/uploads\/2024\/10\/50W-100W-150W-200W-300W-LED-Flood-Light.jpg 780w, https:\/\/led.amasly.com\/wp-content\/uploads\/2024\/10\/50W-100W-150W-200W-300W-LED-Flood-Light.jpg 360w\" sizes=\"auto, (max-width: 480px) 150px\" src=\"https:\/\/led.amasly.com\/wp-content\/uploads\/2024\/10\/50W-100W-150W-200W-300W-LED-Flood-Light.jpg\" alt=\"\" class=\"uag-image-1526\" width=\"300\" height=\"300\" title=\"50W 100W 150W 200W 300W LED lumin\u0103 de inunda\u021bie\" loading=\"lazy\" role=\"img\"><\/a><\/figure><\/div>\n<\/div>\n\n\n\n<div class=\"wp-block-uagb-container uagb-block-af8c8683\">\n<div class=\"wp-block-uagb-image uagb-block-67947854 wp-block-uagb-image--layout-default wp-block-uagb-image--effect-static wp-block-uagb-image--align-none\"><figure class=\"wp-block-uagb-image__figure\"><a class=\"\" href=\"https:\/\/led.amasly.com\/ro\/products\/\" target=\"\" rel=\"noopener\"><img decoding=\"async\" srcset=\"https:\/\/led.amasly.com\/wp-content\/uploads\/2024\/07\/led-tri-proof-light.png ,https:\/\/led.amasly.com\/wp-content\/uploads\/2024\/07\/led-tri-proof-light.png 780w, https:\/\/led.amasly.com\/wp-content\/uploads\/2024\/07\/led-tri-proof-light.png 360w\" sizes=\"auto, (max-width: 480px) 150px\" src=\"https:\/\/led.amasly.com\/wp-content\/uploads\/2024\/07\/led-tri-proof-light.png\" alt=\"\" class=\"uag-image-1130\" width=\"300\" height=\"300\" title=\"led-tri-proof-light\" loading=\"lazy\" role=\"img\"><\/a><\/figure><\/div>\n<\/div>\n\n\n\n<div class=\"wp-block-uagb-container uagb-block-0fdfdd58\">\n<div class=\"wp-block-uagb-image uagb-block-1187d32d wp-block-uagb-image--layout-default wp-block-uagb-image--effect-static wp-block-uagb-image--align-none\"><figure class=\"wp-block-uagb-image__figure\"><a class=\"\" href=\"https:\/\/led.amasly.com\/ro\/products\/\" target=\"\" rel=\"noopener\"><img decoding=\"async\" srcset=\"https:\/\/led.amasly.com\/wp-content\/uploads\/2024\/07\/LED-street-light.jpg ,https:\/\/led.amasly.com\/wp-content\/uploads\/2024\/07\/LED-street-light.jpg 780w, https:\/\/led.amasly.com\/wp-content\/uploads\/2024\/07\/LED-street-light.jpg 360w\" sizes=\"auto, (max-width: 480px) 150px\" src=\"https:\/\/led.amasly.com\/wp-content\/uploads\/2024\/07\/LED-street-light.jpg\" alt=\"\" class=\"uag-image-1145\" width=\"300\" height=\"300\" title=\"LED-street-light\" loading=\"lazy\" role=\"img\"><\/a><\/figure><\/div>\n<\/div>\n<\/div><\/div>\n\n\n\n<div class=\"wp-block-uagb-container uagb-block-6a60882c alignfull uagb-is-root-container\"><div class=\"uagb-container-inner-blocks-wrap\">\n<div class=\"wp-block-uagb-container uagb-block-f1e91a35\">\n<h4 class=\"wp-block-heading has-text-align-center\"><a href=\"https:\/\/led.amasly.com\/ro\/products\/\">Lumini de inunda\u021bie cu LED<\/a><\/h4>\n<\/div>\n\n\n\n<div class=\"wp-block-uagb-container uagb-block-165bfa58\">\n<h4 class=\"wp-block-heading has-text-align-center\"><a href=\"https:\/\/led.amasly.com\/ro\/products\/\">Lumini LED Tri-Proof Tube<\/a><\/h4>\n<\/div>\n\n\n\n<div class=\"wp-block-uagb-container uagb-block-f6096e3b\">\n<h4 class=\"wp-block-heading has-text-align-center\"><a href=\"https:\/\/led.amasly.com\/ro\/products\/\">Lumini stradale cu LED<\/a><\/h4>\n<\/div>\n<\/div><\/div>\n\n\n\n<div class=\"wp-block-uagb-container uagb-block-99c0e0a5 alignfull uagb-is-root-container\"><div class=\"uagb-container-inner-blocks-wrap\"><\/div><\/div>\n\n\n\n<p><\/p>","protected":false},"excerpt":{"rendered":"<p>Amasly Explosion proof torch lights Price Amasly explosion proof&nbsp;flashlights Explosion proof&nbsp;light&nbsp;fitting price influencing factors: explosion proof&nbsp;lights are usually more expensive than regular lights due to their higher design and production costs. However, for those who need to work in flammable and explosive environments, the use of explosion proof&nbsp;lights can greatly reduce the risk of fire [&hellip;]<\/p>\n","protected":false},"author":1,"featured_media":0,"parent":2869,"menu_order":0,"comment_status":"closed","ping_status":"closed","template":"","meta":{"_uag_custom_page_level_css":"","site-sidebar-layout":"no-sidebar","site-content-layout":"","ast-site-content-layout":"default","site-content-style":"default","site-sidebar-style":"default","ast-global-header-display":"","ast-banner-title-visibility":"","ast-main-header-display":"","ast-hfb-above-header-display":"","ast-hfb-below-header-display":"","ast-hfb-mobile-header-display":"","site-post-title":"disabled","ast-breadcrumbs-content":"","ast-featured-img":"","footer-sml-layout":"","ast-disable-related-posts":"","theme-transparent-header-meta":"enabled","adv-header-id-meta":"","stick-header-meta":"","header-above-stick-meta":"","header-main-stick-meta":"","header-below-stick-meta":"","astra-migrate-meta-layouts":"set","ast-page-background-enabled":"default","ast-page-background-meta":{"desktop":{"background-color":"var(--ast-global-color-4)","background-image":"","background-repeat":"repeat","background-position":"center center","background-size":"auto","background-attachment":"scroll","background-type":"","background-media":"","overlay-type":"","overlay-color":"","overlay-opacity":"","overlay-gradient":""},"tablet":{"background-color":"","background-image":"","background-repeat":"repeat","background-position":"center center","background-size":"auto","background-attachment":"scroll","background-type":"","background-media":"","overlay-type":"","overlay-color":"","overlay-opacity":"","overlay-gradient":""},"mobile":{"background-color":"","background-image":"","background-repeat":"repeat","background-position":"center center","background-size":"auto","background-attachment":"scroll","background-type":"","background-media":"","overlay-type":"","overlay-color":"","overlay-opacity":"","overlay-gradient":""}},"ast-content-background-meta":{"desktop":{"background-color":"var(--ast-global-color-5)","background-image":"","background-repeat":"repeat","background-position":"center center","background-size":"auto","background-attachment":"scroll","background-type":"","background-media":"","overlay-type":"","overlay-color":"","overlay-opacity":"","overlay-gradient":""},"tablet":{"background-color":"var(--ast-global-color-5)","background-image":"","background-repeat":"repeat","background-position":"center center","background-size":"auto","background-attachment":"scroll","background-type":"","background-media":"","overlay-type":"","overlay-color":"","overlay-opacity":"","overlay-gradient":""},"mobile":{"background-color":"var(--ast-global-color-5)","background-image":"","background-repeat":"repeat","background-position":"center center","background-size":"auto","background-attachment":"scroll","background-type":"","background-media":"","overlay-type":"","overlay-color":"","overlay-opacity":"","overlay-gradient":""}},"footnotes":""},"class_list":["post-4001","page","type-page","status-publish","hentry"],"uagb_featured_image_src":{"full":false,"thumbnail":false,"medium":false,"medium_large":false,"large":false,"1536x1536":false,"2048x2048":false,"trp-custom-language-flag":false},"uagb_author_info":{"display_name":"Joe","author_link":"https:\/\/led.amasly.com\/ro\/author\/jacklin\/"},"uagb_comment_info":0,"uagb_excerpt":"Amasly Explosion proof torch lights Price Amasly explosion proof&nbsp;flashlights Explosion proof&nbsp;light&nbsp;fitting price influencing factors: explosion proof&nbsp;lights are usually more expensive than regular lights due to their higher design and production costs. However, for those who need to work in flammable and explosive environments, the use of explosion proof&nbsp;lights can greatly reduce the risk of fire&hellip;","_links":{"self":[{"href":"https:\/\/led.amasly.com\/ro\/wp-json\/wp\/v2\/pages\/4001","targetHints":{"allow":["GET"]}}],"collection":[{"href":"https:\/\/led.amasly.com\/ro\/wp-json\/wp\/v2\/pages"}],"about":[{"href":"https:\/\/led.amasly.com\/ro\/wp-json\/wp\/v2\/types\/page"}],"author":[{"embeddable":true,"href":"https:\/\/led.amasly.com\/ro\/wp-json\/wp\/v2\/users\/1"}],"replies":[{"embeddable":true,"href":"https:\/\/led.amasly.com\/ro\/wp-json\/wp\/v2\/comments?post=4001"}],"version-history":[{"count":2,"href":"https:\/\/led.amasly.com\/ro\/wp-json\/wp\/v2\/pages\/4001\/revisions"}],"predecessor-version":[{"id":4493,"href":"https:\/\/led.amasly.com\/ro\/wp-json\/wp\/v2\/pages\/4001\/revisions\/4493"}],"up":[{"embeddable":true,"href":"https:\/\/led.amasly.com\/ro\/wp-json\/wp\/v2\/pages\/2869"}],"wp:attachment":[{"href":"https:\/\/led.amasly.com\/ro\/wp-json\/wp\/v2\/media?parent=4001"}],"curies":[{"name":"wp","href":"https:\/\/api.w.org\/{rel}","templated":true}]}}