{"id":3206,"date":"2025-05-04T22:55:16","date_gmt":"2025-05-04T14:55:16","guid":{"rendered":"https:\/\/led.amasly.com\/?page_id=3206"},"modified":"2025-05-04T22:55:22","modified_gmt":"2025-05-04T14:55:22","slug":"cerinte-privind-echipamentele-antideflagrante-pentru-depozitele-de-produse-chimice-periculoase","status":"publish","type":"page","link":"https:\/\/led.amasly.com\/ro\/cunostinte\/cunostinte-privind-produsele-antideflagrante\/cerinte-privind-echipamentele-antideflagrante-pentru-depozitele-de-produse-chimice-periculoase\/","title":{"rendered":"Cerin\u021be privind echipamentele antideflagrante pentru depozitele de produse chimice periculoase"},"content":{"rendered":"<div class=\"wp-block-uagb-container uagb-block-27bae773 alignfull uagb-is-root-container\"><div class=\"uagb-container-inner-blocks-wrap\"><\/div><\/div>\n\n\n\n<h1 class=\"wp-block-heading has-text-align-center\"><strong>Cerin\u021be privind echipamentele antideflagrante pentru depozitele de produse chimice periculoase<\/strong><\/h1>\n\n\n\n<div class=\"wp-block-uagb-image uagb-block-6bbbfc1c wp-block-uagb-image--layout-default wp-block-uagb-image--effect-static wp-block-uagb-image--align-none\"><figure class=\"wp-block-uagb-image__figure\"><img decoding=\"async\" srcset=\"https:\/\/led.amasly.com\/wp-content\/uploads\/2025\/05\/Explosion-proof-equipment-installation-diagram-1024x698.png ,https:\/\/led.amasly.com\/wp-content\/uploads\/2025\/05\/Explosion-proof-equipment-installation-diagram.png 780w, https:\/\/led.amasly.com\/wp-content\/uploads\/2025\/05\/Explosion-proof-equipment-installation-diagram.png 360w\" sizes=\"auto, (max-width: 480px) 150px\" src=\"https:\/\/led.amasly.com\/wp-content\/uploads\/2025\/05\/Explosion-proof-equipment-installation-diagram-1024x698.png\" alt=\"\" class=\"uag-image-3209\" width=\"1079\" height=\"736\" title=\"Diagrama de instalare a echipamentului rezistent la explozii\" loading=\"lazy\" role=\"img\"><\/figure><\/div>\n\n\n\n<p>Substan\u021bele chimice periculoase se refer\u0103 la substan\u021be foarte toxice cu propriet\u0103\u021bi corozive, explozive, combustibile sau oxidante care prezint\u0103 riscuri semnificative pentru s\u0103n\u0103tatea uman\u0103, instala\u021bii \u0219i mediu. Datorit\u0103 caracteristicilor lor fizice \u0219i chimice unice, manipularea necorespunz\u0103toare, scurgerile sau exploziile pot degaja vapori sau gaze toxice. De asemenea, aceste substan\u021be pot polua aerul, apa \u0219i solul, provoc\u00e2nd daune ecologice pe termen lung. Poluan\u021bii pot p\u0103trunde \u00een corpul uman prin intermediul lan\u021bului alimentar, subliniind importan\u021ba critic\u0103 a gestion\u0103rii adecvate.<\/p>\n\n\n\n<h2 class=\"wp-block-heading\"><strong>Cum pot \u00eentreprinderile s\u0103 asigure gestionarea \u00een siguran\u021b\u0103 a depozitelor de substan\u021be chimice periculoase?<\/strong><\/h2>\n\n\n\n<p>Depozitele de produse chimice periculoase trebuie s\u0103 fie rezistente la explozii \u0219i la incendii. Mai jos sunt prezentate cerin\u021bele specifice privind gestionarea siguran\u021bei, standardele \u0219i specifica\u021biile echipamentelor antideflagrante pentru astfel de instala\u021bii.<\/p>\n\n\n\n<hr class=\"wp-block-separator has-alpha-channel-opacity\"\/>\n\n\n\n<h2 class=\"wp-block-heading\"><strong>Standarde de siguran\u021b\u0103 pentru depozitele de produse chimice periculoase<\/strong><\/h2>\n\n\n\n<ol start=\"1\" class=\"wp-block-list\">\n<li><strong>Instala\u021bii rezistente la explozii<\/strong>\n<ul class=\"wp-block-list\">\n<li>Echipamentul electric, liniile de distribu\u021bie a energiei electrice \u0219i utilajele de manipulare din depozitele care stocheaz\u0103 substan\u021be chimice inflamabile sau explozive trebuie s\u0103 fie rezistente la explozii.<\/li>\n\n\n\n<li>Conductele metalice pentru cabluri electrice trebuie s\u0103 fie bine fixate cu conexiuni filetate. Conductele flexibile antideflagrante pot fi utilizate \u00een zonele care necesit\u0103 curbe complexe.<\/li>\n<\/ul>\n<\/li>\n\n\n\n<li><strong>Protec\u021bia \u00eempotriva fulgerelor \u0219i a electricit\u0103\u021bii statice<\/strong>\n<ul class=\"wp-block-list\">\n<li>La intr\u0103rile \u00een depozit trebuie instalate dispozitive de desc\u0103rcare static\u0103 \u00eemp\u0103m\u00e2ntate.<\/li>\n\n\n\n<li>Ventilatoarele de ventila\u021bie, rafturile metalice \u0219i alte echipamente conductoare trebuie s\u0103 dispun\u0103 de \u00eemp\u0103m\u00e2ntare pentru disiparea static\u0103.<\/li>\n\n\n\n<li>Sistemele de protec\u021bie \u00eempotriva tr\u0103snetului (de exemplu, tije, benzi, plase) trebuie inspectate anual.<\/li>\n<\/ul>\n<\/li>\n\n\n\n<li><strong>Sisteme de ventila\u021bie<\/strong>\n<ul class=\"wp-block-list\">\n<li>Depozitele de lichide \u0219i gaze inflamabile trebuie s\u0103 dispun\u0103 de sisteme de ventila\u021bie de urgen\u021b\u0103 rezistente la explozii.<\/li>\n\n\n\n<li>Conductele de evacuare trebuie s\u0103 fie metalice \u0219i s\u0103 direc\u021bioneze emisiile c\u0103tre loca\u021bii exterioare sigure.<\/li>\n<\/ul>\n<\/li>\n\n\n\n<li><strong>M\u0103suri de re\u021binere a scurgerilor<\/strong>\n<ul class=\"wp-block-list\">\n<li>Lichidele (clasa A, B, C) necesit\u0103 bariere de izolare, bazine antipicurare \u0219i podele impermeabile.<\/li>\n\n\n\n<li>Materialele reactive la ap\u0103 trebuie depozitate \u00een medii sigilate, uscate, cu control al umidit\u0103\u021bii.<\/li>\n<\/ul>\n<\/li>\n\n\n\n<li><strong>Sisteme de monitorizare \u0219i alarm\u0103<\/strong>\n<ul class=\"wp-block-list\">\n<li>Instala\u021bi detectoare de gaze combustibile\/toxice la \u00een\u0103l\u021bimi aliniate cu densitatea gazelor.<\/li>\n\n\n\n<li>Testa\u021bi periodic alarmele prin intermediul agen\u021biilor certificate \u0219i asigura\u021bi acoperirea complet\u0103 a zonelor periculoase.<\/li>\n<\/ul>\n<\/li>\n\n\n\n<li><strong>Echipament de stingere a incendiilor<\/strong>\n<ul class=\"wp-block-list\">\n<li>Sting\u0103toarele de incendiu, hidran\u021bii neobstruc\u021biona\u021bi, sprinklerele \u0219i gurile de evacuare a fumului sunt obligatorii.<\/li>\n\n\n\n<li>Agen\u021bii de stingere a incendiilor trebuie s\u0103 corespund\u0103 substan\u021belor chimice depozitate:\n<ul class=\"wp-block-list\">\n<li><strong>Gaze inflamabile\/oxidante<\/strong>: Pulbere uscat\u0103, nisip.<\/li>\n\n\n\n<li><strong>Lichide inflamabile<\/strong>: Spum\u0103, pulbere uscat\u0103, CO\u2082 (lichidele solubile \u00een ap\u0103 necesit\u0103 spum\u0103 rezistent\u0103 la alcool).<\/li>\n\n\n\n<li><strong>Solide inflamabile<\/strong>: Spum\u0103, pulbere uscat\u0103, nisip, CO\u2082 sau cea\u021b\u0103 de ap\u0103.<\/li>\n\n\n\n<li><strong>Substan\u021be cu autoaprindere<\/strong>: Ap\u0103, pulbere uscat\u0103, nisip, CO\u2082.<\/li>\n\n\n\n<li><strong>Materiale reactive la ap\u0103<\/strong>: Pulbere uscat\u0103, nisip.<\/li>\n\n\n\n<li><strong>Oxidan\u021bi<\/strong>: Pulbere uscat\u0103, ap\u0103, CO\u2082.<\/li>\n<\/ul>\n<\/li>\n<\/ul>\n<\/li>\n<\/ol>\n\n\n\n<hr class=\"wp-block-separator has-alpha-channel-opacity\"\/>\n\n\n\n<h2 class=\"wp-block-heading\"><strong>Specifica\u021bii privind echipamentele rezistente la explozii<\/strong><\/h2>\n\n\n\n<h3 class=\"wp-block-heading\"><strong>1. Comutatoare antiexplozie<\/strong><\/h3>\n\n\n\n<div class=\"wp-block-uagb-image uagb-block-860e52aa wp-block-uagb-image--layout-default wp-block-uagb-image--effect-static wp-block-uagb-image--align-none\"><figure class=\"wp-block-uagb-image__figure\"><img decoding=\"async\" srcset=\"https:\/\/led.amasly.com\/wp-content\/uploads\/2025\/05\/Installation-of-explosion-proof-switches-825x1024.png ,https:\/\/led.amasly.com\/wp-content\/uploads\/2025\/05\/Installation-of-explosion-proof-switches.png 780w, https:\/\/led.amasly.com\/wp-content\/uploads\/2025\/05\/Installation-of-explosion-proof-switches.png 360w\" sizes=\"auto, (max-width: 480px) 150px\" src=\"https:\/\/led.amasly.com\/wp-content\/uploads\/2025\/05\/Installation-of-explosion-proof-switches-825x1024.png\" alt=\"\" class=\"uag-image-3207\" width=\"1080\" height=\"1340\" title=\"Instalarea \u00eentrerup\u0103toarelor antideflagrante\" loading=\"lazy\" role=\"img\"><\/figure><\/div>\n\n\n\n<ul class=\"wp-block-list\">\n<li>Sunt interzise \u00eentrerup\u0103toarele standard de uz casnic sau cutiile de distribu\u021bie.<\/li>\n\n\n\n<li><strong>Standarde de siguran\u021b\u0103<\/strong>:\n<ul class=\"wp-block-list\">\n<li>6.1.2.1.1: Tipul, clasa, grupul, condi\u021biile de mediu \u0219i marcajele echipamentului trebuie s\u0103 fie conforme cu specifica\u021biile de proiectare.<\/li>\n\n\n\n<li><strong>Referin\u021b\u0103 standard<\/strong>:\u00a0<em>Codul de siguran\u021b\u0103 pentru protec\u021bia \u00eempotriva exploziilor electrice \u00een locuri periculoase<\/em>.<\/li>\n<\/ul>\n<\/li>\n<\/ul>\n\n\n\n<h3 class=\"wp-block-heading\"><strong>2. Cablare antiexplozie<\/strong><\/h3>\n\n\n\n<ul class=\"wp-block-list\">\n<li>Utiliza\u021bi conducte din o\u021bel galvanizat cu conexiuni filetate (minim 5 filete angajate).<\/li>\n\n\n\n<li>Conductele din PVC sau nituite sunt interzise din cauza etan\u0219\u0103rii slabe \u0219i a rezisten\u021bei reduse.<\/li>\n\n\n\n<li><strong>Conducte flexibile rezistente la explozii<\/strong>:\n<ul class=\"wp-block-list\">\n<li>Conecta\u021bi echipamente antideflagrante sau curbe complexe.<\/li>\n\n\n\n<li>Caracteristici: Capetele metalice filetate, stratul exterior de cauciuc \u0219i plasa de o\u021bel pentru disiparea static\u0103.<\/li>\n\n\n\n<li>Alternative interzise: Tuburi din plastic sau acoperite cu cear\u0103.<\/li>\n<\/ul>\n<\/li>\n<\/ul>\n\n\n\n<div class=\"wp-block-uagb-image uagb-block-9fdef51a wp-block-uagb-image--layout-default wp-block-uagb-image--effect-static wp-block-uagb-image--align-none\"><figure class=\"wp-block-uagb-image__figure\"><a class=\"\" href=\"https:\/\/led.amasly.com\/ro\/produse\/\" target=\"\" rel=\"noopener\"><img decoding=\"async\" srcset=\"https:\/\/led.amasly.com\/wp-content\/uploads\/2025\/05\/Installation-of-Explosion-Proof-Flexible-Connecting-Pipe-1024x771.png ,https:\/\/led.amasly.com\/wp-content\/uploads\/2025\/05\/Installation-of-Explosion-Proof-Flexible-Connecting-Pipe.png 780w, https:\/\/led.amasly.com\/wp-content\/uploads\/2025\/05\/Installation-of-Explosion-Proof-Flexible-Connecting-Pipe.png 360w\" sizes=\"auto, (max-width: 480px) 150px\" src=\"https:\/\/led.amasly.com\/wp-content\/uploads\/2025\/05\/Installation-of-Explosion-Proof-Flexible-Connecting-Pipe-1024x771.png\" alt=\"\" class=\"uag-image-3208\" width=\"1080\" height=\"813\" title=\"Instalarea conductei de leg\u0103tur\u0103 flexibile antiexplozie\" loading=\"lazy\" role=\"img\"><\/a><\/figure><\/div>\n\n\n\n<p><strong>Standarde de siguran\u021b\u0103<\/strong>:<\/p>\n\n\n\n<ul class=\"wp-block-list\">\n<li><strong>Standard 1<\/strong>:\n<ul class=\"wp-block-list\">\n<li>5.4.3: Conductele trebuie s\u0103 utilizeze \u021bevi din o\u021bel galvanizat cu filete acoperite cu plumb sau fosfat.<\/li>\n\n\n\n<li><strong>Referin\u021b\u0103 standard<\/strong>:\u00a0<em>Cod pentru proiectarea instala\u021biilor electrice \u00een atmosfere explozive<\/em>.<\/li>\n<\/ul>\n<\/li>\n\n\n\n<li><strong>Standard 2<\/strong>:\n<ul class=\"wp-block-list\">\n<li>5.3.2: Numai conexiuni filetate; sudarea este interzis\u0103.<\/li>\n\n\n\n<li>5.3.6: Instala\u021bi conducte flexibile la prizele motoarelor, la jonc\u021biunile echipamentelor \u0219i la rosturile de dilatare ale cl\u0103dirii.<\/li>\n\n\n\n<li><strong>Referin\u021b\u0103 standard<\/strong>:\u00a0<em>Cod de construc\u021bie \u0219i recep\u021bie pentru instala\u021bii electrice \u00een medii cu pericol de explozie \u0219i de incendiu<\/em>.<\/li>\n<\/ul>\n<\/li>\n<\/ul>\n\n\n\n<div class=\"wp-block-uagb-image uagb-block-41192b6b wp-block-uagb-image--layout-default wp-block-uagb-image--effect-static wp-block-uagb-image--align-none\"><figure class=\"wp-block-uagb-image__figure\"><img decoding=\"async\" srcset=\"https:\/\/led.amasly.com\/wp-content\/uploads\/2025\/05\/Explosion-proof-connecting-tube.png ,https:\/\/led.amasly.com\/wp-content\/uploads\/2025\/05\/Explosion-proof-connecting-tube.png 780w, https:\/\/led.amasly.com\/wp-content\/uploads\/2025\/05\/Explosion-proof-connecting-tube.png 360w\" sizes=\"auto, (max-width: 480px) 150px\" src=\"https:\/\/led.amasly.com\/wp-content\/uploads\/2025\/05\/Explosion-proof-connecting-tube.png\" alt=\"\" class=\"uag-image-3210\" width=\"843\" height=\"850\" title=\"Tub de conectare rezistent la explozie\" loading=\"lazy\" role=\"img\"><\/figure><\/div>\n\n\n\n<h3 class=\"wp-block-heading\"><strong>3. Cutii de jonc\u021biune antiexplozie<\/strong><\/h3>\n\n\n\n<ul class=\"wp-block-list\">\n<li>Utilizate pentru conectarea conductelor la echipamente. Trebuie s\u0103 poarte certificarea \u201cEX\u201d.<\/li>\n\n\n\n<li>Porturile neutilizate trebuie s\u0103 fie sigilate. Selecta\u021bi cutiile \u00een func\u021bie de necesit\u0103\u021bile terminalului (2 c\u0103i, 3 c\u0103i etc.).<\/li>\n<\/ul>\n\n\n\n<p><strong>Standarde de siguran\u021b\u0103<\/strong>:<\/p>\n\n\n\n<ul class=\"wp-block-list\">\n<li>5.2.1\/5.2.3.5: Cablurile din zonele periculoase trebuie conectate prin cutii de jonc\u021biune rezistente la explozii.<\/li>\n\n\n\n<li>5.3.8: Etan\u0219a\u021bi orificiile neutilizate cu dopuri filetate sau capace etan\u0219ate la presiune.<\/li>\n\n\n\n<li><a href=\"http:\/\/www.iecex-certs.com\/\" rel=\"nofollow noopener\" target=\"_blank\"><strong>Referin\u021b\u0103 standard<\/strong>:\u00a0<em>Cod de construc\u021bie \u0219i recep\u021bie pentru instala\u021bii electrice \u00een medii cu pericol de explozie \u0219i de incendiu<\/em>.<\/a><\/li>\n<\/ul>\n\n\n\n<hr class=\"wp-block-separator has-alpha-channel-opacity\"\/>\n\n\n\n<p class=\"has-text-align-center\">Prin aderarea la aceste standarde, \u00eentreprinderile pot reduce riscurile, pot asigura conformitatea cu reglement\u0103rile \u0219i pot proteja personalul, infrastructura \u0219i mediul de incidente catastrofale.<\/p>\n\n\n\n<div class=\"wp-block-uagb-container uagb-block-c7d898dd alignfull uagb-is-root-container\"><div class=\"uagb-container-inner-blocks-wrap\"><\/div><\/div>\n\n\n\n<h2 class=\"wp-block-heading\">Produse conexe<\/h2>\n\n\n\n<div class=\"wp-block-uagb-container uagb-block-66e4defc alignfull uagb-is-root-container\"><div class=\"uagb-container-inner-blocks-wrap\">\n<div class=\"wp-block-uagb-container uagb-block-a42945f9\">\n<div class=\"wp-block-uagb-image uagb-block-7296296b wp-block-uagb-image--layout-default wp-block-uagb-image--effect-static wp-block-uagb-image--align-none\"><figure class=\"wp-block-uagb-image__figure\"><a class=\"\" href=\"https:\/\/led.amasly.com\/ro\/produse\/\" target=\"\" rel=\"noopener\"><img decoding=\"async\" srcset=\"https:\/\/led.amasly.com\/wp-content\/uploads\/2024\/09\/Explosion-proof-high-bay-lights.png ,https:\/\/led.amasly.com\/wp-content\/uploads\/2024\/09\/Explosion-proof-high-bay-lights.png 780w, https:\/\/led.amasly.com\/wp-content\/uploads\/2024\/09\/Explosion-proof-high-bay-lights.png 360w\" sizes=\"auto, (max-width: 480px) 150px\" src=\"https:\/\/led.amasly.com\/wp-content\/uploads\/2024\/09\/Explosion-proof-high-bay-lights.png\" alt=\"\" class=\"uag-image-1495\" width=\"300\" height=\"300\" title=\"Lumini de \u00eenalt\u0103 rezisten\u021b\u0103 la explozie\" loading=\"lazy\" role=\"img\"><\/a><\/figure><\/div>\n<\/div>\n\n\n\n<div class=\"wp-block-uagb-container uagb-block-4d3efde5\">\n<div class=\"wp-block-uagb-image uagb-block-c9e90797 wp-block-uagb-image--layout-default wp-block-uagb-image--effect-static wp-block-uagb-image--align-none\"><figure class=\"wp-block-uagb-image__figure\"><a class=\"\" href=\"https:\/\/led.amasly.com\/ro\/produse\/\" target=\"\" rel=\"noopener\"><img decoding=\"async\" srcset=\"https:\/\/led.amasly.com\/wp-content\/uploads\/2024\/07\/LED-tri-proof-lights2.png ,https:\/\/led.amasly.com\/wp-content\/uploads\/2024\/07\/LED-tri-proof-lights2.png 780w, https:\/\/led.amasly.com\/wp-content\/uploads\/2024\/07\/LED-tri-proof-lights2.png 360w\" sizes=\"auto, (max-width: 480px) 150px\" src=\"https:\/\/led.amasly.com\/wp-content\/uploads\/2024\/07\/LED-tri-proof-lights2.png\" alt=\"\" class=\"uag-image-1132\" width=\"300\" height=\"300\" title=\"LED-tri-proof-lights2\" loading=\"lazy\" role=\"img\"><\/a><\/figure><\/div>\n<\/div>\n\n\n\n<div class=\"wp-block-uagb-container uagb-block-11c2578b\">\n<div class=\"wp-block-uagb-image uagb-block-6e8883aa wp-block-uagb-image--layout-default wp-block-uagb-image--effect-static wp-block-uagb-image--align-none\"><figure class=\"wp-block-uagb-image__figure\"><a class=\"\" href=\"https:\/\/led.amasly.com\/ro\/produse\/\" target=\"\" rel=\"noopener\"><img decoding=\"async\" srcset=\"https:\/\/led.amasly.com\/wp-content\/uploads\/2024\/09\/LED-Explosion-Proof-Gas-Station-Light.png ,https:\/\/led.amasly.com\/wp-content\/uploads\/2024\/09\/LED-Explosion-Proof-Gas-Station-Light.png 780w, https:\/\/led.amasly.com\/wp-content\/uploads\/2024\/09\/LED-Explosion-Proof-Gas-Station-Light.png 360w\" sizes=\"auto, (max-width: 480px) 150px\" src=\"https:\/\/led.amasly.com\/wp-content\/uploads\/2024\/09\/LED-Explosion-Proof-Gas-Station-Light.png\" alt=\"\" class=\"uag-image-1501\" width=\"300\" height=\"300\" title=\"LED lumina sta\u021biei de benzin\u0103 cu dovada exploziei\" loading=\"lazy\" role=\"img\"><\/a><\/figure><\/div>\n<\/div>\n<\/div><\/div>\n\n\n\n<div class=\"wp-block-uagb-container uagb-block-548945b5 alignfull uagb-is-root-container\"><div class=\"uagb-container-inner-blocks-wrap\">\n<div class=\"wp-block-uagb-container uagb-block-967755d5\">\n<h4 class=\"wp-block-heading has-text-align-center\"><a href=\"https:\/\/led.amasly.com\/ro\/produse\/\">Lumini LED antiexplozie<\/a><\/h4>\n<\/div>\n\n\n\n<div class=\"wp-block-uagb-container uagb-block-9bc52fc2\">\n<h4 class=\"wp-block-heading has-text-align-center\"><a href=\"https:\/\/led.amasly.com\/ro\/produse\/\">Lumini LED Tri-Proof<\/a><\/h4>\n<\/div>\n\n\n\n<div class=\"wp-block-uagb-container uagb-block-8ffa0a23\">\n<h4 class=\"wp-block-heading has-text-align-center\"><a href=\"https:\/\/led.amasly.com\/ro\/produse\/\">Lumini de sta\u021bie de benzin\u0103 antiexplozie<\/a><\/h4>\n<\/div>\n<\/div><\/div>\n\n\n\n<div class=\"wp-block-uagb-container uagb-block-29499fe0 alignfull uagb-is-root-container\"><div class=\"uagb-container-inner-blocks-wrap\">\n<div class=\"wp-block-uagb-container uagb-block-777ee1c7\">\n<div class=\"wp-block-uagb-image uagb-block-2e9a1851 wp-block-uagb-image--layout-default wp-block-uagb-image--effect-static wp-block-uagb-image--align-none\"><figure class=\"wp-block-uagb-image__figure\"><a class=\"\" href=\"https:\/\/led.amasly.com\/ro\/produse\/\" target=\"\" rel=\"noopener\"><img decoding=\"async\" srcset=\"https:\/\/led.amasly.com\/wp-content\/uploads\/2024\/10\/50W-100W-150W-200W-300W-LED-Flood-Light.jpg ,https:\/\/led.amasly.com\/wp-content\/uploads\/2024\/10\/50W-100W-150W-200W-300W-LED-Flood-Light.jpg 780w, https:\/\/led.amasly.com\/wp-content\/uploads\/2024\/10\/50W-100W-150W-200W-300W-LED-Flood-Light.jpg 360w\" sizes=\"auto, (max-width: 480px) 150px\" src=\"https:\/\/led.amasly.com\/wp-content\/uploads\/2024\/10\/50W-100W-150W-200W-300W-LED-Flood-Light.jpg\" alt=\"\" class=\"uag-image-1526\" width=\"300\" height=\"300\" title=\"50W 100W 150W 200W 300W LED lumin\u0103 de inunda\u021bie\" loading=\"lazy\" role=\"img\"><\/a><\/figure><\/div>\n<\/div>\n\n\n\n<div class=\"wp-block-uagb-container uagb-block-af8c8683\">\n<div class=\"wp-block-uagb-image uagb-block-67947854 wp-block-uagb-image--layout-default wp-block-uagb-image--effect-static wp-block-uagb-image--align-none\"><figure class=\"wp-block-uagb-image__figure\"><a class=\"\" href=\"https:\/\/led.amasly.com\/ro\/produse\/\" target=\"\" rel=\"noopener\"><img decoding=\"async\" srcset=\"https:\/\/led.amasly.com\/wp-content\/uploads\/2024\/07\/led-tri-proof-light.png ,https:\/\/led.amasly.com\/wp-content\/uploads\/2024\/07\/led-tri-proof-light.png 780w, https:\/\/led.amasly.com\/wp-content\/uploads\/2024\/07\/led-tri-proof-light.png 360w\" sizes=\"auto, (max-width: 480px) 150px\" src=\"https:\/\/led.amasly.com\/wp-content\/uploads\/2024\/07\/led-tri-proof-light.png\" alt=\"\" class=\"uag-image-1130\" width=\"300\" height=\"300\" title=\"led-tri-proof-light\" loading=\"lazy\" role=\"img\"><\/a><\/figure><\/div>\n<\/div>\n\n\n\n<div class=\"wp-block-uagb-container uagb-block-0fdfdd58\">\n<div class=\"wp-block-uagb-image uagb-block-1187d32d wp-block-uagb-image--layout-default wp-block-uagb-image--effect-static wp-block-uagb-image--align-none\"><figure class=\"wp-block-uagb-image__figure\"><a class=\"\" href=\"https:\/\/led.amasly.com\/ro\/produse\/\" target=\"\" rel=\"noopener\"><img decoding=\"async\" srcset=\"https:\/\/led.amasly.com\/wp-content\/uploads\/2024\/07\/LED-street-light.jpg ,https:\/\/led.amasly.com\/wp-content\/uploads\/2024\/07\/LED-street-light.jpg 780w, https:\/\/led.amasly.com\/wp-content\/uploads\/2024\/07\/LED-street-light.jpg 360w\" sizes=\"auto, (max-width: 480px) 150px\" src=\"https:\/\/led.amasly.com\/wp-content\/uploads\/2024\/07\/LED-street-light.jpg\" alt=\"\" class=\"uag-image-1145\" width=\"300\" height=\"300\" title=\"LED-street-light\" loading=\"lazy\" role=\"img\"><\/a><\/figure><\/div>\n<\/div>\n<\/div><\/div>\n\n\n\n<div class=\"wp-block-uagb-container uagb-block-6a60882c alignfull uagb-is-root-container\"><div class=\"uagb-container-inner-blocks-wrap\">\n<div class=\"wp-block-uagb-container uagb-block-f1e91a35\">\n<h4 class=\"wp-block-heading has-text-align-center\"><a href=\"https:\/\/led.amasly.com\/ro\/produse\/\">Lumini de inunda\u021bie cu LED<\/a><\/h4>\n<\/div>\n\n\n\n<div class=\"wp-block-uagb-container uagb-block-165bfa58\">\n<h4 class=\"wp-block-heading has-text-align-center\"><a href=\"https:\/\/led.amasly.com\/ro\/produse\/\">Lumini LED Tri-Proof Tube<\/a><\/h4>\n<\/div>\n\n\n\n<div class=\"wp-block-uagb-container uagb-block-f6096e3b\">\n<h4 class=\"wp-block-heading has-text-align-center\"><a href=\"https:\/\/led.amasly.com\/ro\/produse\/\">Lumini stradale cu LED<\/a><\/h4>\n<\/div>\n<\/div><\/div>\n\n\n\n<div class=\"wp-block-uagb-container uagb-block-99c0e0a5 alignfull uagb-is-root-container\"><div class=\"uagb-container-inner-blocks-wrap\"><\/div><\/div>\n\n\n\n<p><\/p>","protected":false},"excerpt":{"rendered":"<p>Explosion-Proof Equipment Requirements for Hazardous Chemical Warehouses Hazardous chemicals refer to highly toxic substances with corrosive, explosive, combustible, or oxidizing properties that pose significant risks to human health, facilities, and the environment. Due to their unique physical and chemical characteristics, improper handling, leaks, or explosions can release toxic fumes or gases. These substances may also [&hellip;]<\/p>\n","protected":false},"author":1,"featured_media":0,"parent":2374,"menu_order":0,"comment_status":"closed","ping_status":"closed","template":"","meta":{"_uag_custom_page_level_css":"","site-sidebar-layout":"no-sidebar","site-content-layout":"","ast-site-content-layout":"default","site-content-style":"default","site-sidebar-style":"default","ast-global-header-display":"","ast-banner-title-visibility":"","ast-main-header-display":"","ast-hfb-above-header-display":"","ast-hfb-below-header-display":"","ast-hfb-mobile-header-display":"","site-post-title":"disabled","ast-breadcrumbs-content":"","ast-featured-img":"","footer-sml-layout":"","ast-disable-related-posts":"","theme-transparent-header-meta":"enabled","adv-header-id-meta":"","stick-header-meta":"","header-above-stick-meta":"","header-main-stick-meta":"","header-below-stick-meta":"","astra-migrate-meta-layouts":"set","ast-page-background-enabled":"default","ast-page-background-meta":{"desktop":{"background-color":"var(--ast-global-color-4)","background-image":"","background-repeat":"repeat","background-position":"center center","background-size":"auto","background-attachment":"scroll","background-type":"","background-media":"","overlay-type":"","overlay-color":"","overlay-opacity":"","overlay-gradient":""},"tablet":{"background-color":"","background-image":"","background-repeat":"repeat","background-position":"center center","background-size":"auto","background-attachment":"scroll","background-type":"","background-media":"","overlay-type":"","overlay-color":"","overlay-opacity":"","overlay-gradient":""},"mobile":{"background-color":"","background-image":"","background-repeat":"repeat","background-position":"center center","background-size":"auto","background-attachment":"scroll","background-type":"","background-media":"","overlay-type":"","overlay-color":"","overlay-opacity":"","overlay-gradient":""}},"ast-content-background-meta":{"desktop":{"background-color":"var(--ast-global-color-5)","background-image":"","background-repeat":"repeat","background-position":"center center","background-size":"auto","background-attachment":"scroll","background-type":"","background-media":"","overlay-type":"","overlay-color":"","overlay-opacity":"","overlay-gradient":""},"tablet":{"background-color":"var(--ast-global-color-5)","background-image":"","background-repeat":"repeat","background-position":"center center","background-size":"auto","background-attachment":"scroll","background-type":"","background-media":"","overlay-type":"","overlay-color":"","overlay-opacity":"","overlay-gradient":""},"mobile":{"background-color":"var(--ast-global-color-5)","background-image":"","background-repeat":"repeat","background-position":"center center","background-size":"auto","background-attachment":"scroll","background-type":"","background-media":"","overlay-type":"","overlay-color":"","overlay-opacity":"","overlay-gradient":""}},"footnotes":""},"class_list":["post-3206","page","type-page","status-publish","hentry"],"uagb_featured_image_src":{"full":false,"thumbnail":false,"medium":false,"medium_large":false,"large":false,"1536x1536":false,"2048x2048":false,"trp-custom-language-flag":false},"uagb_author_info":{"display_name":"Joe","author_link":"https:\/\/led.amasly.com\/ro\/author\/jacklin\/"},"uagb_comment_info":0,"uagb_excerpt":"Explosion-Proof Equipment Requirements for Hazardous Chemical Warehouses Hazardous chemicals refer to highly toxic substances with corrosive, explosive, combustible, or oxidizing properties that pose significant risks to human health, facilities, and the environment. Due to their unique physical and chemical characteristics, improper handling, leaks, or explosions can release toxic fumes or gases. These substances may also&hellip;","_links":{"self":[{"href":"https:\/\/led.amasly.com\/ro\/wp-json\/wp\/v2\/pages\/3206","targetHints":{"allow":["GET"]}}],"collection":[{"href":"https:\/\/led.amasly.com\/ro\/wp-json\/wp\/v2\/pages"}],"about":[{"href":"https:\/\/led.amasly.com\/ro\/wp-json\/wp\/v2\/types\/page"}],"author":[{"embeddable":true,"href":"https:\/\/led.amasly.com\/ro\/wp-json\/wp\/v2\/users\/1"}],"replies":[{"embeddable":true,"href":"https:\/\/led.amasly.com\/ro\/wp-json\/wp\/v2\/comments?post=3206"}],"version-history":[{"count":1,"href":"https:\/\/led.amasly.com\/ro\/wp-json\/wp\/v2\/pages\/3206\/revisions"}],"predecessor-version":[{"id":3211,"href":"https:\/\/led.amasly.com\/ro\/wp-json\/wp\/v2\/pages\/3206\/revisions\/3211"}],"up":[{"embeddable":true,"href":"https:\/\/led.amasly.com\/ro\/wp-json\/wp\/v2\/pages\/2374"}],"wp:attachment":[{"href":"https:\/\/led.amasly.com\/ro\/wp-json\/wp\/v2\/media?parent=3206"}],"curies":[{"name":"wp","href":"https:\/\/api.w.org\/{rel}","templated":true}]}}