{"id":3198,"date":"2025-04-29T22:16:35","date_gmt":"2025-04-29T14:16:35","guid":{"rendered":"https:\/\/led.amasly.com\/?page_id=3198"},"modified":"2025-04-29T22:16:40","modified_gmt":"2025-04-29T14:16:40","slug":"industrial-lighting-system-optimization-for-waste-to-power-plant-corrosion-resistant-led-selection-guide","status":"publish","type":"page","link":"https:\/\/led.amasly.com\/ro\/knowledge\/explosion-proof-products-knowledge\/industrial-lighting-system-optimization-for-waste-to-power-plant-corrosion-resistant-led-selection-guide\/","title":{"rendered":"Optimizarea sistemului de iluminat industrial pentru instala\u021bia de transformare a de\u0219eurilor \u00een energie: Ghid de selec\u021bie a LED-urilor rezistente la coroziune"},"content":{"rendered":"<div class=\"wp-block-uagb-container uagb-block-27bae773 alignfull uagb-is-root-container\"><div class=\"uagb-container-inner-blocks-wrap\"><\/div><\/div>\n\n\n\n<h1 class=\"wp-block-heading has-text-align-center\">Optimizarea sistemului de iluminat industrial pentru instala\u021bia de transformare a de\u0219eurilor \u00een energie: Ghid de selec\u021bie a LED-urilor rezistente la coroziune<\/h1>\n\n\n\n<h2 class=\"wp-block-heading\">Valoarea strategic\u0103 a iluminatului industrial \u00een produc\u021bia de energie prin incinerarea de\u0219eurilor<\/h2>\n\n\n\n<p>\u00cen cadrul obiectivelor duble privind emisiile de dioxid de carbon, instala\u021biile de producere a energiei din de\u0219euri au devenit infrastructuri urbane esen\u021biale, \u00een care gestionarea eficien\u021bei energetice atrage acum aten\u021bia industriei. Statisticile arat\u0103 c\u0103 sistemele de iluminat industrial reprezint\u0103 12%-15% din consumul total de energie, iar \u00eenlocuirea corpurilor de iluminat din cauza coroziunii cre\u0219te costurile anuale cu 37%. Prin urmare, implementarea solu\u021biilor LED anti-coroziune de \u00eenalt\u0103 eficien\u021b\u0103 a devenit esen\u021bial\u0103 pentru optimizarea opera\u021bional\u0103.<\/p>\n\n\n\n<h2 class=\"wp-block-heading\">Analiza de mediu a sistemelor de iluminat pentru centralele electrice cu de\u0219euri<\/h2>\n\n\n\n<h3 class=\"wp-block-heading\">Provoc\u0103ri opera\u021bionale unice<\/h3>\n\n\n\n<ul class=\"wp-block-list\">\n<li>Coroziune chimic\u0103: Concentra\u021bii de H2S\/NH3 care ajung la 200-500ppm<\/li>\n\n\n\n<li>Fluctua\u021bii termice: Zone de cazane la 60 \u2103 \u00b1 10 \u2103<\/li>\n\n\n\n<li>Contaminare cu particule: Niveluri de PM2.5 de peste 300\u03bcg\/m\u00b3 \u00een filtrele cu sac<\/li>\n\n\n\n<li>Vibra\u021bii mecanice: 5-15Hz vibra\u021bii de joas\u0103 frecven\u021b\u0103 ale echipamentelor<\/li>\n<\/ul>\n\n\n\n<h3 class=\"wp-block-heading\">Specifica\u021bii tehnice Matrice<\/h3>\n\n\n\n<figure class=\"wp-block-table\"><table class=\"has-fixed-layout\"><thead><tr><th>Parametru<\/th><th>Cerin\u021b\u0103<\/th><th>Standard<\/th><\/tr><\/thead><tbody><tr><td>Clasificare IP<\/td><td>IP66\/IP67<\/td><td><a href=\"http:\/\/www.iecex-certs.com\/\" rel=\"nofollow noopener\" target=\"_blank\">IEC 60529<\/a><\/td><\/tr><tr><td>Clasa de coroziune<\/td><td>WF2 (1200h pulverizare salin\u0103)<\/td><td>ISO 9227<\/td><\/tr><tr><td>Rezisten\u021ba la vibra\u021bii<\/td><td>5-50Hz\/3Grms<\/td><td>IEC 60068-2-6<\/td><\/tr><tr><td>Dovada exploziei<\/td><td>Ex d IIB T4 Gb<\/td><td>IEC 60079<\/td><\/tr><\/tbody><\/table><\/figure>\n\n\n\n<h2 class=\"wp-block-heading\">Solu\u021bii de iluminat zonal<\/h2>\n\n\n\n<h3 class=\"wp-block-heading\">1. Iluminatul halei turbinelor generatoare<\/h3>\n\n\n\n<p><strong>Mediul \u00eenconjur\u0103tor<\/strong>: 15m \u00een\u0103l\u021bime tavan, 0.8-1.2mg\/m\u00b3 amestec ulei-gaz<br><strong>Solu\u021bie<\/strong>: Amasly BAD Series Lumini LED rezistente la explozii<\/p>\n\n\n\n<ul class=\"wp-block-list\">\n<li>Carcas\u0103 din o\u021bel inoxidabil 304 turnat\u0103 sub presiune<\/li>\n\n\n\n<li>Driver inteligent integrat cu curent constant<\/li>\n\n\n\n<li>Eficacitate 140lm\/W, durat\u0103 de via\u021b\u0103 50.000 de ore<\/li>\n\n\n\n<li>Design modular reglabil 0-90\u00b0<\/li>\n<\/ul>\n\n\n\n<h3 class=\"wp-block-heading\">2. Iluminatul sec\u021biei cazane<\/h3>\n\n\n\n<p><strong>Provoc\u0103ri<\/strong>: 50kW\/m\u00b2 radia\u021bie termic\u0103, St1 risc de explozie a prafului<br><strong>Inova\u021bie<\/strong>: Varianta BAD la temperatur\u0103 ridicat\u0103<\/p>\n\n\n\n<ul class=\"wp-block-list\">\n<li>Pl\u0103cu\u021be termice de calitate aerospa\u021bial\u0103<\/li>\n\n\n\n<li>Sticl\u0103 temperat\u0103 cu dou\u0103 straturi<\/li>\n\n\n\n<li>Circuit de compensare a temperaturii (-40 \u2103 ~ +85 \u2103)<\/li>\n\n\n\n<li>Conformitate cu certificarea ATEX<\/li>\n<\/ul>\n\n\n\n<h3 class=\"wp-block-heading\">3. Tratarea gazelor de ardere Iluminat<\/h3>\n\n\n\n<p><strong>Protec\u021bia \u00eempotriva coroziunii<\/strong>: Seria BAT Tehnologie cu ecran triplu<\/p>\n\n\n\n<ul class=\"wp-block-list\">\n<li>Acoperire nano (Brevet: ZL202010XXXXXX.X)<\/li>\n\n\n\n<li>Garnituri PTFE pentru rezisten\u021b\u0103 la acid<\/li>\n\n\n\n<li>Structur\u0103 de protec\u021bie \u00eempotriva prafului \u00een form\u0103 de fagure de miere<\/li>\n\n\n\n<li>CCT 5000K pentru claritatea inspec\u021biei<\/li>\n<\/ul>\n\n\n\n<h3 class=\"wp-block-heading\">4. Iluminatul centrului de control<\/h3>\n\n\n\n<p><strong>Cerin\u021be<\/strong>: UGR85, iluminare 500lux<br><strong>Punerea \u00een aplicare<\/strong>: Lumini LED cu gril\u0103 \u00eencastrat\u0103<\/p>\n\n\n\n<ul class=\"wp-block-list\">\n<li>Tehnologie de ghidare a luminii cu microprism\u0103<\/li>\n\n\n\n<li>Dimming inteligent (0-10V\/DALI)<\/li>\n\n\n\n<li>Conformitate EMI clasa B<\/li>\n\n\n\n<li>THD&lt;15%<\/li>\n<\/ul>\n\n\n\n<h2 class=\"wp-block-heading\">Analiza eficien\u021bei energetice<\/h2>\n\n\n\n<p>Date de performan\u021b\u0103 de la modernizarea instala\u021biei 2\u00d7750t\/d:<\/p>\n\n\n\n<figure class=\"wp-block-table\"><table class=\"has-fixed-layout\"><thead><tr><th>Metric<\/th><th>Pre-Retrofit<\/th><th>Post-Retrofit<\/th><th>\u00cembun\u0103t\u0103\u021bire<\/th><\/tr><\/thead><tbody><tr><td>Consumul anual<\/td><td>286.000 kWh<\/td><td>158.000 kWh<\/td><td>44.7%<\/td><\/tr><tr><td>Frecven\u021ba \u00eentre\u021binerii<\/td><td>6\/an<\/td><td>0,5\/an<\/td><td>91.7%<\/td><\/tr><tr><td>Reducerea emisiilor de CO2<\/td><td>-<\/td><td>102 tone<\/td><td>-<\/td><\/tr><\/tbody><\/table><\/figure>\n\n\n\n<h2 class=\"wp-block-heading\">Tendin\u021be \u00een industrie<\/h2>\n\n\n\n<ol start=\"1\" class=\"wp-block-list\">\n<li>Controale inteligente de iluminat integrate \u00een DCS<\/li>\n\n\n\n<li>Sisteme hibride fotovoltaice-storage-iluminat<\/li>\n\n\n\n<li>Predic\u021bia duratei de via\u021b\u0103 bazat\u0103 pe gemeni digitali<\/li>\n\n\n\n<li>Platforme de gestionare a instala\u021biilor bazate pe IoT<\/li>\n<\/ol>\n\n\n\n<p class=\"has-text-align-left\"><strong>Consultan\u021b\u0103 tehnic\u0103<\/strong>: Solicita\u021bi documenta\u021bia complet\u0103 de certificare IECEx \u0219i rapoartele de \u00eentre\u021binere a lumenului TM-21 pentru a asigura respectarea duratei de via\u021b\u0103 L70 \u00een timpul selec\u021biei LED-urilor.<\/p>\n\n\n\n<div class=\"wp-block-uagb-container uagb-block-c7d898dd alignfull uagb-is-root-container\"><div class=\"uagb-container-inner-blocks-wrap\"><\/div><\/div>\n\n\n\n<h2 class=\"wp-block-heading\">Produse conexe<\/h2>\n\n\n\n<div class=\"wp-block-uagb-container uagb-block-66e4defc alignfull uagb-is-root-container\"><div class=\"uagb-container-inner-blocks-wrap\">\n<div class=\"wp-block-uagb-container uagb-block-a42945f9\">\n<div class=\"wp-block-uagb-image uagb-block-7296296b wp-block-uagb-image--layout-default wp-block-uagb-image--effect-static wp-block-uagb-image--align-none\"><figure class=\"wp-block-uagb-image__figure\"><a class=\"\" href=\"https:\/\/led.amasly.com\/ro\/products\/\" target=\"\" rel=\"noopener\"><img decoding=\"async\" srcset=\"https:\/\/led.amasly.com\/wp-content\/uploads\/2024\/09\/Explosion-proof-high-bay-lights.png ,https:\/\/led.amasly.com\/wp-content\/uploads\/2024\/09\/Explosion-proof-high-bay-lights.png 780w, https:\/\/led.amasly.com\/wp-content\/uploads\/2024\/09\/Explosion-proof-high-bay-lights.png 360w\" sizes=\"auto, (max-width: 480px) 150px\" src=\"https:\/\/led.amasly.com\/wp-content\/uploads\/2024\/09\/Explosion-proof-high-bay-lights.png\" alt=\"\" class=\"uag-image-1495\" width=\"300\" height=\"300\" title=\"Lumini de \u00eenalt\u0103 rezisten\u021b\u0103 la explozie\" loading=\"lazy\" role=\"img\"><\/a><\/figure><\/div>\n<\/div>\n\n\n\n<div class=\"wp-block-uagb-container uagb-block-4d3efde5\">\n<div class=\"wp-block-uagb-image uagb-block-c9e90797 wp-block-uagb-image--layout-default wp-block-uagb-image--effect-static wp-block-uagb-image--align-none\"><figure class=\"wp-block-uagb-image__figure\"><a class=\"\" href=\"https:\/\/led.amasly.com\/ro\/products\/\" target=\"\" rel=\"noopener\"><img decoding=\"async\" srcset=\"https:\/\/led.amasly.com\/wp-content\/uploads\/2024\/07\/LED-tri-proof-lights2.png ,https:\/\/led.amasly.com\/wp-content\/uploads\/2024\/07\/LED-tri-proof-lights2.png 780w, https:\/\/led.amasly.com\/wp-content\/uploads\/2024\/07\/LED-tri-proof-lights2.png 360w\" sizes=\"auto, (max-width: 480px) 150px\" src=\"https:\/\/led.amasly.com\/wp-content\/uploads\/2024\/07\/LED-tri-proof-lights2.png\" alt=\"\" class=\"uag-image-1132\" width=\"300\" height=\"300\" title=\"LED-tri-proof-lights2\" loading=\"lazy\" role=\"img\"><\/a><\/figure><\/div>\n<\/div>\n\n\n\n<div class=\"wp-block-uagb-container uagb-block-11c2578b\">\n<div class=\"wp-block-uagb-image uagb-block-6e8883aa wp-block-uagb-image--layout-default wp-block-uagb-image--effect-static wp-block-uagb-image--align-none\"><figure class=\"wp-block-uagb-image__figure\"><a class=\"\" href=\"https:\/\/led.amasly.com\/ro\/products\/\" target=\"\" rel=\"noopener\"><img decoding=\"async\" srcset=\"https:\/\/led.amasly.com\/wp-content\/uploads\/2024\/09\/LED-Explosion-Proof-Gas-Station-Light.png ,https:\/\/led.amasly.com\/wp-content\/uploads\/2024\/09\/LED-Explosion-Proof-Gas-Station-Light.png 780w, https:\/\/led.amasly.com\/wp-content\/uploads\/2024\/09\/LED-Explosion-Proof-Gas-Station-Light.png 360w\" sizes=\"auto, (max-width: 480px) 150px\" src=\"https:\/\/led.amasly.com\/wp-content\/uploads\/2024\/09\/LED-Explosion-Proof-Gas-Station-Light.png\" alt=\"\" class=\"uag-image-1501\" width=\"300\" height=\"300\" title=\"LED lumina sta\u021biei de benzin\u0103 cu dovada exploziei\" loading=\"lazy\" role=\"img\"><\/a><\/figure><\/div>\n<\/div>\n<\/div><\/div>\n\n\n\n<div class=\"wp-block-uagb-container uagb-block-548945b5 alignfull uagb-is-root-container\"><div class=\"uagb-container-inner-blocks-wrap\">\n<div class=\"wp-block-uagb-container uagb-block-967755d5\">\n<h4 class=\"wp-block-heading has-text-align-center\"><a href=\"https:\/\/led.amasly.com\/ro\/products\/\">Lumini LED antiexplozie<\/a><\/h4>\n<\/div>\n\n\n\n<div class=\"wp-block-uagb-container uagb-block-9bc52fc2\">\n<h4 class=\"wp-block-heading has-text-align-center\"><a href=\"https:\/\/led.amasly.com\/ro\/products\/\">Lumini LED Tri-Proof<\/a><\/h4>\n<\/div>\n\n\n\n<div class=\"wp-block-uagb-container uagb-block-8ffa0a23\">\n<h4 class=\"wp-block-heading has-text-align-center\"><a href=\"https:\/\/led.amasly.com\/ro\/products\/\">Lumini de sta\u021bie de benzin\u0103 antiexplozie<\/a><\/h4>\n<\/div>\n<\/div><\/div>\n\n\n\n<div class=\"wp-block-uagb-container uagb-block-29499fe0 alignfull uagb-is-root-container\"><div class=\"uagb-container-inner-blocks-wrap\">\n<div class=\"wp-block-uagb-container uagb-block-777ee1c7\">\n<div class=\"wp-block-uagb-image uagb-block-2e9a1851 wp-block-uagb-image--layout-default wp-block-uagb-image--effect-static wp-block-uagb-image--align-none\"><figure class=\"wp-block-uagb-image__figure\"><a class=\"\" href=\"https:\/\/led.amasly.com\/ro\/products\/\" target=\"\" rel=\"noopener\"><img decoding=\"async\" srcset=\"https:\/\/led.amasly.com\/wp-content\/uploads\/2024\/10\/50W-100W-150W-200W-300W-LED-Flood-Light.jpg ,https:\/\/led.amasly.com\/wp-content\/uploads\/2024\/10\/50W-100W-150W-200W-300W-LED-Flood-Light.jpg 780w, https:\/\/led.amasly.com\/wp-content\/uploads\/2024\/10\/50W-100W-150W-200W-300W-LED-Flood-Light.jpg 360w\" sizes=\"auto, (max-width: 480px) 150px\" src=\"https:\/\/led.amasly.com\/wp-content\/uploads\/2024\/10\/50W-100W-150W-200W-300W-LED-Flood-Light.jpg\" alt=\"\" class=\"uag-image-1526\" width=\"300\" height=\"300\" title=\"50W 100W 150W 200W 300W LED lumin\u0103 de inunda\u021bie\" loading=\"lazy\" role=\"img\"><\/a><\/figure><\/div>\n<\/div>\n\n\n\n<div class=\"wp-block-uagb-container uagb-block-af8c8683\">\n<div class=\"wp-block-uagb-image uagb-block-67947854 wp-block-uagb-image--layout-default wp-block-uagb-image--effect-static wp-block-uagb-image--align-none\"><figure class=\"wp-block-uagb-image__figure\"><a class=\"\" href=\"https:\/\/led.amasly.com\/ro\/products\/\" target=\"\" rel=\"noopener\"><img decoding=\"async\" srcset=\"https:\/\/led.amasly.com\/wp-content\/uploads\/2024\/07\/led-tri-proof-light.png ,https:\/\/led.amasly.com\/wp-content\/uploads\/2024\/07\/led-tri-proof-light.png 780w, https:\/\/led.amasly.com\/wp-content\/uploads\/2024\/07\/led-tri-proof-light.png 360w\" sizes=\"auto, (max-width: 480px) 150px\" src=\"https:\/\/led.amasly.com\/wp-content\/uploads\/2024\/07\/led-tri-proof-light.png\" alt=\"\" class=\"uag-image-1130\" width=\"300\" height=\"300\" title=\"led-tri-proof-light\" loading=\"lazy\" role=\"img\"><\/a><\/figure><\/div>\n<\/div>\n\n\n\n<div class=\"wp-block-uagb-container uagb-block-0fdfdd58\">\n<div class=\"wp-block-uagb-image uagb-block-1187d32d wp-block-uagb-image--layout-default wp-block-uagb-image--effect-static wp-block-uagb-image--align-none\"><figure class=\"wp-block-uagb-image__figure\"><a class=\"\" href=\"https:\/\/led.amasly.com\/ro\/products\/\" target=\"\" rel=\"noopener\"><img decoding=\"async\" srcset=\"https:\/\/led.amasly.com\/wp-content\/uploads\/2024\/07\/LED-street-light.jpg ,https:\/\/led.amasly.com\/wp-content\/uploads\/2024\/07\/LED-street-light.jpg 780w, https:\/\/led.amasly.com\/wp-content\/uploads\/2024\/07\/LED-street-light.jpg 360w\" sizes=\"auto, (max-width: 480px) 150px\" src=\"https:\/\/led.amasly.com\/wp-content\/uploads\/2024\/07\/LED-street-light.jpg\" alt=\"\" class=\"uag-image-1145\" width=\"300\" height=\"300\" title=\"LED-street-light\" loading=\"lazy\" role=\"img\"><\/a><\/figure><\/div>\n<\/div>\n<\/div><\/div>\n\n\n\n<div class=\"wp-block-uagb-container uagb-block-6a60882c alignfull uagb-is-root-container\"><div class=\"uagb-container-inner-blocks-wrap\">\n<div class=\"wp-block-uagb-container uagb-block-f1e91a35\">\n<h4 class=\"wp-block-heading has-text-align-center\"><a href=\"https:\/\/led.amasly.com\/ro\/products\/\">Lumini de inunda\u021bie cu LED<\/a><\/h4>\n<\/div>\n\n\n\n<div class=\"wp-block-uagb-container uagb-block-165bfa58\">\n<h4 class=\"wp-block-heading has-text-align-center\"><a href=\"https:\/\/led.amasly.com\/ro\/products\/\">Lumini LED Tri-Proof Tube<\/a><\/h4>\n<\/div>\n\n\n\n<div class=\"wp-block-uagb-container uagb-block-f6096e3b\">\n<h4 class=\"wp-block-heading has-text-align-center\"><a href=\"https:\/\/led.amasly.com\/ro\/products\/\">Lumini stradale cu LED<\/a><\/h4>\n<\/div>\n<\/div><\/div>\n\n\n\n<div class=\"wp-block-uagb-container uagb-block-99c0e0a5 alignfull uagb-is-root-container\"><div class=\"uagb-container-inner-blocks-wrap\"><\/div><\/div>\n\n\n\n<p><\/p>","protected":false},"excerpt":{"rendered":"<p>Industrial Lighting System Optimization for Waste-to-Power Plant: Corrosion-Resistant LED Selection Guide Strategic Value of Industrial Lighting in Waste Incineration Power Generation Under the Dual Carbon Goals, waste-to-energy plants have become critical urban infrastructure, where energy efficiency management now commands industry attention. Statistics show industrial lighting systems account for 12%-15% of total power consumption, with corrosion-induced [&hellip;]<\/p>\n","protected":false},"author":1,"featured_media":0,"parent":2374,"menu_order":0,"comment_status":"closed","ping_status":"closed","template":"","meta":{"_uag_custom_page_level_css":"","site-sidebar-layout":"no-sidebar","site-content-layout":"","ast-site-content-layout":"default","site-content-style":"default","site-sidebar-style":"default","ast-global-header-display":"","ast-banner-title-visibility":"","ast-main-header-display":"","ast-hfb-above-header-display":"","ast-hfb-below-header-display":"","ast-hfb-mobile-header-display":"","site-post-title":"disabled","ast-breadcrumbs-content":"","ast-featured-img":"","footer-sml-layout":"","ast-disable-related-posts":"","theme-transparent-header-meta":"enabled","adv-header-id-meta":"","stick-header-meta":"","header-above-stick-meta":"","header-main-stick-meta":"","header-below-stick-meta":"","astra-migrate-meta-layouts":"set","ast-page-background-enabled":"default","ast-page-background-meta":{"desktop":{"background-color":"var(--ast-global-color-4)","background-image":"","background-repeat":"repeat","background-position":"center center","background-size":"auto","background-attachment":"scroll","background-type":"","background-media":"","overlay-type":"","overlay-color":"","overlay-opacity":"","overlay-gradient":""},"tablet":{"background-color":"","background-image":"","background-repeat":"repeat","background-position":"center center","background-size":"auto","background-attachment":"scroll","background-type":"","background-media":"","overlay-type":"","overlay-color":"","overlay-opacity":"","overlay-gradient":""},"mobile":{"background-color":"","background-image":"","background-repeat":"repeat","background-position":"center center","background-size":"auto","background-attachment":"scroll","background-type":"","background-media":"","overlay-type":"","overlay-color":"","overlay-opacity":"","overlay-gradient":""}},"ast-content-background-meta":{"desktop":{"background-color":"var(--ast-global-color-5)","background-image":"","background-repeat":"repeat","background-position":"center center","background-size":"auto","background-attachment":"scroll","background-type":"","background-media":"","overlay-type":"","overlay-color":"","overlay-opacity":"","overlay-gradient":""},"tablet":{"background-color":"var(--ast-global-color-5)","background-image":"","background-repeat":"repeat","background-position":"center center","background-size":"auto","background-attachment":"scroll","background-type":"","background-media":"","overlay-type":"","overlay-color":"","overlay-opacity":"","overlay-gradient":""},"mobile":{"background-color":"var(--ast-global-color-5)","background-image":"","background-repeat":"repeat","background-position":"center center","background-size":"auto","background-attachment":"scroll","background-type":"","background-media":"","overlay-type":"","overlay-color":"","overlay-opacity":"","overlay-gradient":""}},"footnotes":""},"class_list":["post-3198","page","type-page","status-publish","hentry"],"uagb_featured_image_src":{"full":false,"thumbnail":false,"medium":false,"medium_large":false,"large":false,"1536x1536":false,"2048x2048":false,"trp-custom-language-flag":false},"uagb_author_info":{"display_name":"Joe","author_link":"https:\/\/led.amasly.com\/ro\/author\/jacklin\/"},"uagb_comment_info":0,"uagb_excerpt":"Industrial Lighting System Optimization for Waste-to-Power Plant: Corrosion-Resistant LED Selection Guide Strategic Value of Industrial Lighting in Waste Incineration Power Generation Under the Dual Carbon Goals, waste-to-energy plants have become critical urban infrastructure, where energy efficiency management now commands industry attention. Statistics show industrial lighting systems account for 12%-15% of total power consumption, with corrosion-induced&hellip;","_links":{"self":[{"href":"https:\/\/led.amasly.com\/ro\/wp-json\/wp\/v2\/pages\/3198","targetHints":{"allow":["GET"]}}],"collection":[{"href":"https:\/\/led.amasly.com\/ro\/wp-json\/wp\/v2\/pages"}],"about":[{"href":"https:\/\/led.amasly.com\/ro\/wp-json\/wp\/v2\/types\/page"}],"author":[{"embeddable":true,"href":"https:\/\/led.amasly.com\/ro\/wp-json\/wp\/v2\/users\/1"}],"replies":[{"embeddable":true,"href":"https:\/\/led.amasly.com\/ro\/wp-json\/wp\/v2\/comments?post=3198"}],"version-history":[{"count":1,"href":"https:\/\/led.amasly.com\/ro\/wp-json\/wp\/v2\/pages\/3198\/revisions"}],"predecessor-version":[{"id":3199,"href":"https:\/\/led.amasly.com\/ro\/wp-json\/wp\/v2\/pages\/3198\/revisions\/3199"}],"up":[{"embeddable":true,"href":"https:\/\/led.amasly.com\/ro\/wp-json\/wp\/v2\/pages\/2374"}],"wp:attachment":[{"href":"https:\/\/led.amasly.com\/ro\/wp-json\/wp\/v2\/media?parent=3198"}],"curies":[{"name":"wp","href":"https:\/\/api.w.org\/{rel}","templated":true}]}}