{"id":3161,"date":"2025-04-22T20:50:17","date_gmt":"2025-04-22T12:50:17","guid":{"rendered":"https:\/\/led.amasly.com\/?page_id=3161"},"modified":"2025-04-22T20:50:28","modified_gmt":"2025-04-22T12:50:28","slug":"industrial-paint-booth-explosion-proof-lamp-lighting-requirements","status":"publish","type":"page","link":"https:\/\/led.amasly.com\/ro\/knowledge\/explosion-proof-products-knowledge\/industrial-paint-booth-explosion-proof-lamp-lighting-requirements\/","title":{"rendered":"Cabina de vopsire industrial\u0103 cerin\u021be de iluminare cu l\u0103mpi de protec\u021bie \u00eempotriva exploziilor"},"content":{"rendered":"<div class=\"wp-block-uagb-container uagb-block-27bae773 alignfull uagb-is-root-container\"><div class=\"uagb-container-inner-blocks-wrap\"><\/div><\/div>\n\n\n\n<h2 class=\"wp-block-heading has-text-align-center\"><strong>Cabina de vopsire industrial\u0103 cerin\u021be de iluminare cu l\u0103mpi de protec\u021bie \u00eempotriva exploziilor<\/strong><\/h2>\n\n\n\n<div class=\"wp-block-uagb-image uagb-block-da1360b5 wp-block-uagb-image--layout-default wp-block-uagb-image--effect-static wp-block-uagb-image--align-none\"><figure class=\"wp-block-uagb-image__figure\"><a class=\"\" href=\"https:\/\/led.amasly.com\/ro\/products\/\" target=\"\" rel=\"noopener\"><img decoding=\"async\" srcset=\"https:\/\/led.amasly.com\/wp-content\/uploads\/2025\/01\/LED-explosion-proof-flood-lights.png ,https:\/\/led.amasly.com\/wp-content\/uploads\/2025\/01\/LED-explosion-proof-flood-lights.png 780w, https:\/\/led.amasly.com\/wp-content\/uploads\/2025\/01\/LED-explosion-proof-flood-lights.png 360w\" sizes=\"auto, (max-width: 480px) 150px\" src=\"https:\/\/led.amasly.com\/wp-content\/uploads\/2025\/01\/LED-explosion-proof-flood-lights.png\" alt=\"\" class=\"uag-image-1675\" width=\"1004\" height=\"308\" title=\"Lumini de inunda\u021bie cu LED-uri antiexplozie\" loading=\"lazy\" role=\"img\"><\/a><\/figure><\/div>\n\n\n\n<h2 class=\"wp-block-heading\"><strong>Scurt\u0103 introducere<\/strong><strong><\/strong><\/h2>\n\n\n\n<p>O cabin\u0103 de pulverizare industrial\u0103 este o structur\u0103 de cl\u0103dire proiectat\u0103 special pentru opera\u021biunile de pulverizare, care ofer\u0103 un mediu de lucru sigur \u0219i eficient \u0219i protejeaz\u0103 s\u0103n\u0103tatea \u0219i siguran\u021ba lucr\u0103torilor. Acest tip de cl\u0103dire este utilizat pe scar\u0103 larg\u0103 \u00een mai multe domenii.<\/p>\n\n\n\n<p>\u00cen primul r\u00e2nd, cabinele de vopsire industrial\u0103 sunt utilizate \u00een mod obi\u0219nuit \u00een industria de produc\u021bie \u0219i repara\u021bii auto. \u00cen linia de produc\u021bie auto, caroseria trebuie vopsit\u0103 \u00een mod regulat pentru a-\u0219i men\u021bine aspectul \u0219i func\u021bionalitatea. De asemenea, magazinele de repara\u021bii auto trebuie s\u0103 utilizeze cabine de vopsire industriale pentru a repara zg\u00e2rieturile sau p\u0103r\u021bile deteriorate ale suprafe\u021bei vehiculului.<\/p>\n\n\n\n<p>\u00cen al doilea r\u00e2nd, cabinele de vopsire industrial\u0103 sunt, de asemenea, utilizate pe scar\u0103 larg\u0103 \u00een industria construc\u021biilor. Industria construc\u021biilor trebuie s\u0103 utilizeze o varietate de vopsele pentru a trata suprafa\u021ba casei pentru impermeabilizare, ignifugare \u0219i alte scopuri.<\/p>\n\n\n\n<p>\u00cen acest caz, cabinele industriale de vopsire pot oferi un mediu de construc\u021bie convenabil \u0219i eficient, precum \u0219i pot reduce poluarea fonic\u0103 \u0219i impactul asupra mediului al \u0219antierului de construc\u021bii.<\/p>\n\n\n\n<p>\u00cen plus, cabinele de pulverizare industriale pot fi utilizate \u0219i \u00een diverse alte domenii, cum ar fi fabricarea mobilei, industria de asamblare a produselor electronice \u0219i a\u0219a mai departe. Aceste domenii necesit\u0103 utilizarea diferitelor tipuri de acoperiri \u0219i materiale de tratare a suprafe\u021belor, iar cabinele de pulverizare industriale pot satisface aceste nevoi \u0219i pot oferi un mediu de produc\u021bie sigur \u0219i controlat.<\/p>\n\n\n\n<h2 class=\"wp-block-heading\"><strong>Cerin\u021be pentru <\/strong><strong>rezistent la explozie<\/strong><strong>&nbsp;sisteme de iluminat \u00een cabinele industriale de vopsire<\/strong><strong><\/strong><\/h2>\n\n\n\n<p>\u00cen condi\u021biile speciale de lucru ale cabinelor de pulverizare a vopselelor industriale, sistemele profesionale de iluminat antiexplozie trebuie s\u0103 \u00eendeplineasc\u0103 urm\u0103toarele cerin\u021be privind indicele de baz\u0103:<\/p>\n\n\n\n<h3 class=\"wp-block-heading\"><strong>1. Sistem de garantare a ilumin\u0103rii de \u00eenalt\u0103 precizie<\/strong><strong><\/strong><\/h3>\n\n\n\n<p>Opera\u021biunile de pulverizare a vopselelor industriale privind cerin\u021bele stricte de luminozitate a iluminatului mult peste atelierul chimic conven\u021bional, se recomand\u0103 utilizarea solu\u021biilor de iluminare standard 750LX (prin testarea \u0219i certificarea de c\u0103tre ter\u021bi).<\/p>\n\n\n\n<p>L\u0103mpile LED antiexplozie special concepute pentru mediul mixt praf\/gaze combustibile trebuie s\u0103 fie configurate cu un sistem profesional de reflexie optic\u0103 pentru a se asigura c\u0103 suprafa\u021ba de lucru nu este acoperit\u0103 de umbre, pentru a satisface nevoile de iluminare ale fabric\u0103rii de automobile, vopsirea navelor \u0219i alte procese de pulverizare de precizie.<\/p>\n\n\n\n<h3 class=\"wp-block-heading\"><strong>2.IIC <\/strong><strong>rezistent la explozie<\/strong><strong>&nbsp;sistem de certificare<\/strong><strong><\/strong><\/h3>\n\n\n\n<p>- Obligatoriu pentru a ob\u021bine certificarea \u00eempotriva exploziilor EX<\/p>\n\n\n\n<p>- \u00cen conformitate cu standardul interna\u021bional antiexplozie GB3836\/EN\/IEC.<\/p>\n\n\n\n<p>- Protec\u021bie dubl\u0103: protec\u021bie \u00eempotriva exploziilor de gaz + certificare \u00eempotriva exploziilor de praf (marcaj de protec\u021bie \u00eempotriva exploziilor \u00een zona 21\/22)<\/p>\n\n\n\n<p>- Structura cochiliei antiexplozie complet metalic\u0103 (aluminiu turnat sub presiune \/ material din o\u021bel inoxidabil 304)<\/p>\n\n\n\n<h3 class=\"wp-block-heading\"><strong>3. Proiectarea optic\u0103 \u00een domeniul ingineriei factorilor umani<\/strong><strong><\/strong><\/h3>\n\n\n\n<p>- Tehnologie anti-orbire: utilizarea de sticl\u0103 de difuzie prismatic\u0103 (rata de transmisie a luminii \u2265 92%)<\/p>\n\n\n\n<p>- Nu exist\u0103 tehnologie de ac\u021bionare cu curent constant stroboscopic (ad\u00e2ncimea fluctua\u021biei &lt;3%)<\/p>\n\n\n\n<p>- Unghi de distribu\u021bie a luminii \u0219tiin\u021bifice de 120\u00b0<\/p>\n\n\n\n<h3 class=\"wp-block-heading\"><strong>4. Tehnologie standard de redare a culorilor cu spectru complet<\/strong><strong><\/strong><\/h3>\n\n\n\n<p>- Temperatura de culoare 5500-6500K lumin\u0103 alb\u0103 natural\u0103 (CRI&gt;90)<\/p>\n\n\n\n<p>- Curb\u0103 spectral\u0103 de potrivire a lungimii de und\u0103 cu lumina soarelui (380-780nm band\u0103 complet\u0103)<\/p>\n\n\n\n<p>- Controlul diferen\u021bei de culoare \u0394E\uff1c2.0<\/p>\n\n\n\n<p>Se recomand\u0103 alegerea furnizorilor de echipamente de iluminat antiexplozie certifica\u021bi ATEX pentru a se asigura c\u0103 l\u0103mpile \u0219i lanternele au at\u00e2t nivelul de protec\u021bie IP66, c\u00e2t \u0219i acoperirea anti-coroziune G13.<\/p>\n\n\n\n<p>Solu\u021biile profesionale de iluminat Amasly de inginerie antiexplozie ar trebui s\u0103 includ\u0103 un raport de simulare a ilumin\u0103rii, o hart\u0103 de delimitare a zonei antiexplozie \u0219i recomand\u0103ri privind ciclul de \u00eentre\u021binere, \u00een special pentru cabinele de pulverizare a vopselei pentru magazinele auto 4S, atelierul de vopsire a c\u0103ilor ferate \u0219i alte medii dificile.<\/p>\n\n\n\n<h2 class=\"wp-block-heading\"><strong>Instalarea \u0219i \u00eentre\u021binerea <strong>Cabin\u0103 de vopsire industrial\u0103<\/strong><\/strong> <strong>protec\u021bie la explozie Iluminare<\/strong><\/h2>\n\n\n\n<h3 class=\"wp-block-heading\"><strong>Instalare<\/strong><strong><\/strong><\/h3>\n\n\n\n<p>Suport montat pe perete, montat pe tavan, boom, \u00eencorporat \u0219i alte forme. De exemplu:<\/p>\n\n\n\n<p>L\u0103mpi \u0219i lanterne din seria BAT: suport cu unghi reglabil (0\u00b0-45\u00b0), adaptat la diferite posturi de vopsire.<\/p>\n\n\n\n<p>Seria BAD85: \u021beav\u0103 de o\u021bel sau cabluri, \u00een\u0103l\u021bime aplicabil\u0103 2-10 metri.<\/p>\n\n\n\n<h3 class=\"wp-block-heading\"><strong>Proiectarea \u00eentre\u021binerii<\/strong><strong><\/strong><\/h3>\n\n\n\n<p>Structur\u0103 cu deschidere rapid\u0103 (de ex. cleme cu arc), nu sunt necesare unelte pentru a \u00eenlocui sursa de lumin\u0103.<\/p>\n\n\n\n<p>Unitate de alimentare modular\u0103, suport\u0103 \u00eenlocuirea independent\u0103 a unit\u0103\u021bilor defecte, reduce timpii mor\u021bi<\/p>\n\n\n\n<h2 class=\"wp-block-heading\"><strong>Amasly <\/strong><strong>rezistent la explozie<\/strong><strong>&nbsp;l\u0103mpi<\/strong><strong><\/strong><\/h2>\n\n\n\n<p>Amasly este un furnizor profesionist de l\u0103mpi \u0219i corpuri de iluminat antideflagrante, oferind l\u0103mpi antideflagrante de \u00eenalt\u0103 calitate \u0219i corpuri de iluminat industriale, toate l\u0103mpile \u0219i corpurile de iluminat sunt interna\u021bionale <a href=\"http:\/\/www.iecex-certs.com\/\" rel=\"nofollow noopener\" target=\"_blank\">Certificat ATEX<\/a>, exportate \u00een mai mult de 68 de \u021b\u0103ri \u0219i regiuni din \u00eentreaga lume. A c\u00e2\u0219tigat pe scar\u0103 larg\u0103 lauda clien\u021bilor, iubit de clien\u021bi.<\/p>\n\n\n\n<p>Amasly ofer\u0103 l\u0103mpi rotunde rezistente la explozii (l\u0103mpi de mare \u00een\u0103l\u021bime rezistente la explozii), l\u0103mpi p\u0103trate rezistente la explozii (l\u0103mpi de inunda\u021bie rezistente la explozii), l\u0103mpi de urgen\u021b\u0103 rezistente la explozii \u0219i l\u0103mpi liniare rezistente la explozii. Lumini de urgen\u021b\u0103 \u0219i l\u0103mpi liniare antiexplozie (l\u0103mpi liniare antiexplozie) pentru cabinele de vopsire,<\/p>\n\n\n\n<h2 class=\"wp-block-heading\"><strong>C<\/strong><strong>oncluzie<\/strong><strong><\/strong><\/h2>\n\n\n\n<p class=\"has-text-align-left\">L\u0103mpile de protec\u021bie \u00eempotriva exploziilor din cabinele de pulverizare industriale trebuie s\u0103 acorde prioritate certific\u0103rii de protec\u021bie \u00eempotriva exploziilor din clasa IIC, red\u0103rii culorilor \u0219i ilumin\u0103rii ridicate, materialelor durabile \u0219i designului u\u0219or de \u00eentre\u021binut. Atunci c\u00e2nd selecta\u021bi tipul real, se recomand\u0103 s\u0103 combina\u021bi zona cabinei de pulverizare a vopselei, precizia de operare \u0219i bugetul, s\u0103 alege\u021bi luminile LED de inunda\u021bie sau luminile proiectorului care au trecut mai multe certific\u0103ri \u0219i s\u0103 consulta\u021bi raportul de testare al ter\u021bilor pentru a verifica parametrii de performan\u021b\u0103.<\/p>\n\n\n\n<div class=\"wp-block-uagb-container uagb-block-c7d898dd alignfull uagb-is-root-container\"><div class=\"uagb-container-inner-blocks-wrap\"><\/div><\/div>\n\n\n\n<h2 class=\"wp-block-heading\">Produse conexe<\/h2>\n\n\n\n<div class=\"wp-block-uagb-container uagb-block-66e4defc alignfull uagb-is-root-container\"><div class=\"uagb-container-inner-blocks-wrap\">\n<div class=\"wp-block-uagb-container uagb-block-a42945f9\">\n<div class=\"wp-block-uagb-image uagb-block-7296296b wp-block-uagb-image--layout-default wp-block-uagb-image--effect-static wp-block-uagb-image--align-none\"><figure class=\"wp-block-uagb-image__figure\"><a class=\"\" href=\"https:\/\/led.amasly.com\/ro\/products\/\" target=\"\" rel=\"noopener\"><img decoding=\"async\" srcset=\"https:\/\/led.amasly.com\/wp-content\/uploads\/2024\/09\/Explosion-proof-high-bay-lights.png ,https:\/\/led.amasly.com\/wp-content\/uploads\/2024\/09\/Explosion-proof-high-bay-lights.png 780w, https:\/\/led.amasly.com\/wp-content\/uploads\/2024\/09\/Explosion-proof-high-bay-lights.png 360w\" sizes=\"auto, (max-width: 480px) 150px\" src=\"https:\/\/led.amasly.com\/wp-content\/uploads\/2024\/09\/Explosion-proof-high-bay-lights.png\" alt=\"\" class=\"uag-image-1495\" width=\"300\" height=\"300\" title=\"Lumini de \u00eenalt\u0103 rezisten\u021b\u0103 la explozie\" loading=\"lazy\" role=\"img\"><\/a><\/figure><\/div>\n<\/div>\n\n\n\n<div class=\"wp-block-uagb-container uagb-block-4d3efde5\">\n<div class=\"wp-block-uagb-image uagb-block-c9e90797 wp-block-uagb-image--layout-default wp-block-uagb-image--effect-static wp-block-uagb-image--align-none\"><figure class=\"wp-block-uagb-image__figure\"><a class=\"\" href=\"https:\/\/led.amasly.com\/ro\/products\/\" target=\"\" rel=\"noopener\"><img decoding=\"async\" srcset=\"https:\/\/led.amasly.com\/wp-content\/uploads\/2024\/07\/LED-tri-proof-lights2.png ,https:\/\/led.amasly.com\/wp-content\/uploads\/2024\/07\/LED-tri-proof-lights2.png 780w, https:\/\/led.amasly.com\/wp-content\/uploads\/2024\/07\/LED-tri-proof-lights2.png 360w\" sizes=\"auto, (max-width: 480px) 150px\" src=\"https:\/\/led.amasly.com\/wp-content\/uploads\/2024\/07\/LED-tri-proof-lights2.png\" alt=\"\" class=\"uag-image-1132\" width=\"300\" height=\"300\" title=\"LED-tri-proof-lights2\" loading=\"lazy\" role=\"img\"><\/a><\/figure><\/div>\n<\/div>\n\n\n\n<div class=\"wp-block-uagb-container uagb-block-11c2578b\">\n<div class=\"wp-block-uagb-image uagb-block-6e8883aa wp-block-uagb-image--layout-default wp-block-uagb-image--effect-static wp-block-uagb-image--align-none\"><figure class=\"wp-block-uagb-image__figure\"><a class=\"\" href=\"https:\/\/led.amasly.com\/ro\/products\/\" target=\"\" rel=\"noopener\"><img decoding=\"async\" srcset=\"https:\/\/led.amasly.com\/wp-content\/uploads\/2024\/09\/LED-Explosion-Proof-Gas-Station-Light.png ,https:\/\/led.amasly.com\/wp-content\/uploads\/2024\/09\/LED-Explosion-Proof-Gas-Station-Light.png 780w, https:\/\/led.amasly.com\/wp-content\/uploads\/2024\/09\/LED-Explosion-Proof-Gas-Station-Light.png 360w\" sizes=\"auto, (max-width: 480px) 150px\" src=\"https:\/\/led.amasly.com\/wp-content\/uploads\/2024\/09\/LED-Explosion-Proof-Gas-Station-Light.png\" alt=\"\" class=\"uag-image-1501\" width=\"300\" height=\"300\" title=\"LED lumina sta\u021biei de benzin\u0103 cu dovada exploziei\" loading=\"lazy\" role=\"img\"><\/a><\/figure><\/div>\n<\/div>\n<\/div><\/div>\n\n\n\n<div class=\"wp-block-uagb-container uagb-block-548945b5 alignfull uagb-is-root-container\"><div class=\"uagb-container-inner-blocks-wrap\">\n<div class=\"wp-block-uagb-container uagb-block-967755d5\">\n<h4 class=\"wp-block-heading has-text-align-center\"><a href=\"https:\/\/led.amasly.com\/ro\/products\/\">Lumini LED antiexplozie<\/a><\/h4>\n<\/div>\n\n\n\n<div class=\"wp-block-uagb-container uagb-block-9bc52fc2\">\n<h4 class=\"wp-block-heading has-text-align-center\"><a href=\"https:\/\/led.amasly.com\/ro\/products\/\">Lumini LED Tri-Proof<\/a><\/h4>\n<\/div>\n\n\n\n<div class=\"wp-block-uagb-container uagb-block-8ffa0a23\">\n<h4 class=\"wp-block-heading has-text-align-center\"><a href=\"https:\/\/led.amasly.com\/ro\/products\/\">Lumini de sta\u021bie de benzin\u0103 antiexplozie<\/a><\/h4>\n<\/div>\n<\/div><\/div>\n\n\n\n<div class=\"wp-block-uagb-container uagb-block-29499fe0 alignfull uagb-is-root-container\"><div class=\"uagb-container-inner-blocks-wrap\">\n<div class=\"wp-block-uagb-container uagb-block-777ee1c7\">\n<div class=\"wp-block-uagb-image uagb-block-2e9a1851 wp-block-uagb-image--layout-default wp-block-uagb-image--effect-static wp-block-uagb-image--align-none\"><figure class=\"wp-block-uagb-image__figure\"><a class=\"\" href=\"https:\/\/led.amasly.com\/ro\/products\/\" target=\"\" rel=\"noopener\"><img decoding=\"async\" srcset=\"https:\/\/led.amasly.com\/wp-content\/uploads\/2024\/10\/50W-100W-150W-200W-300W-LED-Flood-Light.jpg ,https:\/\/led.amasly.com\/wp-content\/uploads\/2024\/10\/50W-100W-150W-200W-300W-LED-Flood-Light.jpg 780w, https:\/\/led.amasly.com\/wp-content\/uploads\/2024\/10\/50W-100W-150W-200W-300W-LED-Flood-Light.jpg 360w\" sizes=\"auto, (max-width: 480px) 150px\" src=\"https:\/\/led.amasly.com\/wp-content\/uploads\/2024\/10\/50W-100W-150W-200W-300W-LED-Flood-Light.jpg\" alt=\"\" class=\"uag-image-1526\" width=\"300\" height=\"300\" title=\"50W 100W 150W 200W 300W LED lumin\u0103 de inunda\u021bie\" loading=\"lazy\" role=\"img\"><\/a><\/figure><\/div>\n<\/div>\n\n\n\n<div class=\"wp-block-uagb-container uagb-block-af8c8683\">\n<div class=\"wp-block-uagb-image uagb-block-67947854 wp-block-uagb-image--layout-default wp-block-uagb-image--effect-static wp-block-uagb-image--align-none\"><figure class=\"wp-block-uagb-image__figure\"><a class=\"\" href=\"https:\/\/led.amasly.com\/ro\/products\/\" target=\"\" rel=\"noopener\"><img decoding=\"async\" srcset=\"https:\/\/led.amasly.com\/wp-content\/uploads\/2024\/07\/led-tri-proof-light.png ,https:\/\/led.amasly.com\/wp-content\/uploads\/2024\/07\/led-tri-proof-light.png 780w, https:\/\/led.amasly.com\/wp-content\/uploads\/2024\/07\/led-tri-proof-light.png 360w\" sizes=\"auto, (max-width: 480px) 150px\" src=\"https:\/\/led.amasly.com\/wp-content\/uploads\/2024\/07\/led-tri-proof-light.png\" alt=\"\" class=\"uag-image-1130\" width=\"300\" height=\"300\" title=\"led-tri-proof-light\" loading=\"lazy\" role=\"img\"><\/a><\/figure><\/div>\n<\/div>\n\n\n\n<div class=\"wp-block-uagb-container uagb-block-0fdfdd58\">\n<div class=\"wp-block-uagb-image uagb-block-1187d32d wp-block-uagb-image--layout-default wp-block-uagb-image--effect-static wp-block-uagb-image--align-none\"><figure class=\"wp-block-uagb-image__figure\"><a class=\"\" href=\"https:\/\/led.amasly.com\/ro\/products\/\" target=\"\" rel=\"noopener\"><img decoding=\"async\" srcset=\"https:\/\/led.amasly.com\/wp-content\/uploads\/2024\/07\/LED-street-light.jpg ,https:\/\/led.amasly.com\/wp-content\/uploads\/2024\/07\/LED-street-light.jpg 780w, https:\/\/led.amasly.com\/wp-content\/uploads\/2024\/07\/LED-street-light.jpg 360w\" sizes=\"auto, (max-width: 480px) 150px\" src=\"https:\/\/led.amasly.com\/wp-content\/uploads\/2024\/07\/LED-street-light.jpg\" alt=\"\" class=\"uag-image-1145\" width=\"300\" height=\"300\" title=\"LED-street-light\" loading=\"lazy\" role=\"img\"><\/a><\/figure><\/div>\n<\/div>\n<\/div><\/div>\n\n\n\n<div class=\"wp-block-uagb-container uagb-block-6a60882c alignfull uagb-is-root-container\"><div class=\"uagb-container-inner-blocks-wrap\">\n<div class=\"wp-block-uagb-container uagb-block-f1e91a35\">\n<h4 class=\"wp-block-heading has-text-align-center\"><a href=\"https:\/\/led.amasly.com\/ro\/products\/\">Lumini de inunda\u021bie cu LED<\/a><\/h4>\n<\/div>\n\n\n\n<div class=\"wp-block-uagb-container uagb-block-165bfa58\">\n<h4 class=\"wp-block-heading has-text-align-center\"><a href=\"https:\/\/led.amasly.com\/ro\/products\/\">Lumini LED Tri-Proof Tube<\/a><\/h4>\n<\/div>\n\n\n\n<div class=\"wp-block-uagb-container uagb-block-f6096e3b\">\n<h4 class=\"wp-block-heading has-text-align-center\"><a href=\"https:\/\/led.amasly.com\/ro\/products\/\">Lumini stradale cu LED<\/a><\/h4>\n<\/div>\n<\/div><\/div>\n\n\n\n<div class=\"wp-block-uagb-container uagb-block-99c0e0a5 alignfull uagb-is-root-container\"><div class=\"uagb-container-inner-blocks-wrap\"><\/div><\/div>\n\n\n\n<p><\/p>","protected":false},"excerpt":{"rendered":"<p>Industrial paint booth explosion\u00a0proof lamp lighting requirements Brief introduction An industrial spray booth is a building structure designed specifically for spraying operations, which provides a safe and efficient working environment and protects the health and safety of workers. This type of building is widely used in several fields. First, industrial paint booths are commonly used [&hellip;]<\/p>\n","protected":false},"author":1,"featured_media":0,"parent":2374,"menu_order":0,"comment_status":"closed","ping_status":"closed","template":"","meta":{"_uag_custom_page_level_css":"","site-sidebar-layout":"no-sidebar","site-content-layout":"","ast-site-content-layout":"default","site-content-style":"default","site-sidebar-style":"default","ast-global-header-display":"","ast-banner-title-visibility":"","ast-main-header-display":"","ast-hfb-above-header-display":"","ast-hfb-below-header-display":"","ast-hfb-mobile-header-display":"","site-post-title":"disabled","ast-breadcrumbs-content":"","ast-featured-img":"","footer-sml-layout":"","ast-disable-related-posts":"","theme-transparent-header-meta":"enabled","adv-header-id-meta":"","stick-header-meta":"","header-above-stick-meta":"","header-main-stick-meta":"","header-below-stick-meta":"","astra-migrate-meta-layouts":"set","ast-page-background-enabled":"default","ast-page-background-meta":{"desktop":{"background-color":"var(--ast-global-color-4)","background-image":"","background-repeat":"repeat","background-position":"center center","background-size":"auto","background-attachment":"scroll","background-type":"","background-media":"","overlay-type":"","overlay-color":"","overlay-opacity":"","overlay-gradient":""},"tablet":{"background-color":"","background-image":"","background-repeat":"repeat","background-position":"center center","background-size":"auto","background-attachment":"scroll","background-type":"","background-media":"","overlay-type":"","overlay-color":"","overlay-opacity":"","overlay-gradient":""},"mobile":{"background-color":"","background-image":"","background-repeat":"repeat","background-position":"center center","background-size":"auto","background-attachment":"scroll","background-type":"","background-media":"","overlay-type":"","overlay-color":"","overlay-opacity":"","overlay-gradient":""}},"ast-content-background-meta":{"desktop":{"background-color":"var(--ast-global-color-5)","background-image":"","background-repeat":"repeat","background-position":"center center","background-size":"auto","background-attachment":"scroll","background-type":"","background-media":"","overlay-type":"","overlay-color":"","overlay-opacity":"","overlay-gradient":""},"tablet":{"background-color":"var(--ast-global-color-5)","background-image":"","background-repeat":"repeat","background-position":"center center","background-size":"auto","background-attachment":"scroll","background-type":"","background-media":"","overlay-type":"","overlay-color":"","overlay-opacity":"","overlay-gradient":""},"mobile":{"background-color":"var(--ast-global-color-5)","background-image":"","background-repeat":"repeat","background-position":"center center","background-size":"auto","background-attachment":"scroll","background-type":"","background-media":"","overlay-type":"","overlay-color":"","overlay-opacity":"","overlay-gradient":""}},"footnotes":""},"class_list":["post-3161","page","type-page","status-publish","hentry"],"uagb_featured_image_src":{"full":false,"thumbnail":false,"medium":false,"medium_large":false,"large":false,"1536x1536":false,"2048x2048":false,"trp-custom-language-flag":false},"uagb_author_info":{"display_name":"Joe","author_link":"https:\/\/led.amasly.com\/ro\/author\/jacklin\/"},"uagb_comment_info":0,"uagb_excerpt":"Industrial paint booth explosion\u00a0proof lamp lighting requirements Brief introduction An industrial spray booth is a building structure designed specifically for spraying operations, which provides a safe and efficient working environment and protects the health and safety of workers. This type of building is widely used in several fields. First, industrial paint booths are commonly used&hellip;","_links":{"self":[{"href":"https:\/\/led.amasly.com\/ro\/wp-json\/wp\/v2\/pages\/3161","targetHints":{"allow":["GET"]}}],"collection":[{"href":"https:\/\/led.amasly.com\/ro\/wp-json\/wp\/v2\/pages"}],"about":[{"href":"https:\/\/led.amasly.com\/ro\/wp-json\/wp\/v2\/types\/page"}],"author":[{"embeddable":true,"href":"https:\/\/led.amasly.com\/ro\/wp-json\/wp\/v2\/users\/1"}],"replies":[{"embeddable":true,"href":"https:\/\/led.amasly.com\/ro\/wp-json\/wp\/v2\/comments?post=3161"}],"version-history":[{"count":1,"href":"https:\/\/led.amasly.com\/ro\/wp-json\/wp\/v2\/pages\/3161\/revisions"}],"predecessor-version":[{"id":3165,"href":"https:\/\/led.amasly.com\/ro\/wp-json\/wp\/v2\/pages\/3161\/revisions\/3165"}],"up":[{"embeddable":true,"href":"https:\/\/led.amasly.com\/ro\/wp-json\/wp\/v2\/pages\/2374"}],"wp:attachment":[{"href":"https:\/\/led.amasly.com\/ro\/wp-json\/wp\/v2\/media?parent=3161"}],"curies":[{"name":"wp","href":"https:\/\/api.w.org\/{rel}","templated":true}]}}