{"id":3087,"date":"2025-04-17T22:09:19","date_gmt":"2025-04-17T14:09:19","guid":{"rendered":"https:\/\/led.amasly.com\/?page_id=3087"},"modified":"2026-01-22T11:37:40","modified_gmt":"2026-01-22T03:37:40","slug":"garment-factories-intelligent-lighting-solutions","status":"publish","type":"page","link":"https:\/\/led.amasly.com\/ro\/solutions\/garment-factories-intelligent-lighting-solutions\/","title":{"rendered":"Fabricile de confec\u021bii Solu\u021bii inteligente de iluminat"},"content":{"rendered":"<div class=\"wp-block-uagb-container uagb-block-27bae773 alignfull uagb-is-root-container\"><div class=\"uagb-container-inner-blocks-wrap\"><\/div><\/div>\n\n\n\n<h1 class=\"wp-block-heading has-text-align-center\"><strong>Solu\u021bii inteligente de proiectare a iluminatului pentru fabricile de confec\u021bii: Integrarea inovatoare a eficien\u021bei energetice \u0219i a controlului inteligent<\/strong><\/h1>\n\n\n\n<h2 class=\"wp-block-heading\"><strong>Introducerea solu\u021biilor de iluminat inteligent pentru fabricile de confec\u021bii<\/strong><\/h2>\n\n\n\n<p>Pe m\u0103sur\u0103 ce industria confec\u021biilor de \u00eembr\u0103c\u0103minte acord\u0103 din ce \u00een ce mai mult\u0103 prioritate economisirii energiei \u0219i eficien\u021bei opera\u021bionale, sistemele de iluminat inteligente au ap\u0103rut ca o solu\u021bie critic\u0103 de modernizare. Acest articol prezint\u0103 un cadru adaptat de proiectare a iluminatului inteligent pentru fabricile de confec\u021bii, care combin\u0103 tehnologiile avansate cu aplica\u021biile practice. Solu\u021bia abordeaz\u0103 arhitectura sistemului, modurile de control adaptive, strategiile de economisire a energiei \u0219i \u00eentre\u021binerea bazat\u0103 pe IoT, permi\u021b\u00e2nd produc\u0103torilor s\u0103 realizeze opera\u021biuni durabile \u0219i reduceri de costuri.<\/p>\n\n\n\n<div class=\"wp-block-uagb-image uagb-block-40cb2a5c wp-block-uagb-image--layout-default wp-block-uagb-image--effect-static wp-block-uagb-image--align-none\"><figure class=\"wp-block-uagb-image__figure\"><img decoding=\"async\" srcset=\"https:\/\/led.amasly.com\/wp-content\/uploads\/2025\/04\/Garment-Factories-Intelligent-Lighting-Solutions.jpg ,https:\/\/led.amasly.com\/wp-content\/uploads\/2025\/04\/Garment-Factories-Intelligent-Lighting-Solutions.jpg 780w, https:\/\/led.amasly.com\/wp-content\/uploads\/2025\/04\/Garment-Factories-Intelligent-Lighting-Solutions.jpg 360w\" sizes=\"auto, (max-width: 480px) 150px\" src=\"https:\/\/led.amasly.com\/wp-content\/uploads\/2025\/04\/Garment-Factories-Intelligent-Lighting-Solutions.jpg\" alt=\"\" class=\"uag-image-3088\" width=\"1024\" height=\"682\" title=\"Portret de designer de moda african cu band\u0103 de m\u0103sur\u0103 \u00een fabric\u0103\" loading=\"lazy\" role=\"img\"><\/figure><\/div>\n\n\n\n<h2 class=\"wp-block-heading\"><strong>Proiectare detaliat\u0103 \u0219i analiz\u0103 cheie a solu\u021biilor de iluminat inteligent pentru fabricile de confec\u021bii<\/strong><\/h2>\n\n\n\n<h3 class=\"wp-block-heading\"><strong>1. Fabricile de confec\u021bii Solu\u021bii inteligente de iluminat<\/strong> <strong>Cerin\u021be \u0219i provoc\u0103ri \u00een materie de iluminat <\/strong><\/h3>\n\n\n\n<ul class=\"wp-block-list\">\n<li><strong>Utilizare redus\u0103 a luminii naturale<\/strong>: Sistemele de iluminat tradi\u021bionale nu au capacit\u0103\u021bi de auto-dimming, ceea ce duce la risipirea energiei \u00een timpul zilei (de exemplu, 530.000 kWh\/an consuma\u021bi \u00eentr-un atelier de 40.000 mp).<\/li>\n\n\n\n<li><strong>Control ineficient al zon\u0103rii<\/strong>: Sistemele de iluminat fixe nu reu\u0219esc s\u0103 se adapteze la liniile de produc\u021bie dinamice, provoc\u00e2nd pierderi de energie 40% \u00een zonele neutilizate.<\/li>\n\n\n\n<li><strong>Costuri de \u00eentre\u021binere ridicate<\/strong>: Repara\u021biile manuale frecvente pentru echipamentele \u00eenvechite perturb\u0103 fluxurile de lucru (de exemplu, 30% din 500 de echipamente dintr-o fabric\u0103 au r\u0103mas defecte).<\/li>\n<\/ul>\n\n\n\n<h3 class=\"wp-block-heading\"><strong>2. Arhitectura de baz\u0103 a <strong>Fabricile de confec\u021bii Solu\u021bii inteligente de iluminat<\/strong><\/strong><\/h3>\n\n\n\n<ul class=\"wp-block-list\">\n<li><strong>Tehnologia autobuzelor<\/strong>: Protocoalele ALIBUS sau KNX permit comunicarea \u00een timp real a dispozitivelor prin cabluri rentabile (de exemplu, ALIBUS permite transmiterea energiei \u0219i a datelor prin cabluri Ethernet standard).<\/li>\n\n\n\n<li><strong>Implementare modular\u0103<\/strong>: Instala\u021bi senzori de mi\u0219care, senzori de lumin\u0103 \u0219i panouri de control pe zone (atelier, depozit, birouri) pentru o gestionare independent\u0103 (de exemplu, modernizarea Bluetooth Mesh finalizat\u0103 \u00een 10 zile pentru o unitate de 40 000 mp).<\/li>\n\n\n\n<li><strong>Platform\u0103 centralizat\u0103<\/strong>: Monitoriza\u021bi consumul de energie, defec\u021biunile \u0219i set\u0103rile prestabilite prin intermediul aplica\u021biilor pentru PC\/mobile (de exemplu, platforma SaaS de iluminat comercial Tuya).<\/li>\n<\/ul>\n\n\n\n<h3 class=\"wp-block-heading\"><strong>3. Moduri de control inteligent \u0219i scenarii de aplica\u021bii<\/strong><\/h3>\n\n\n\n<ul class=\"wp-block-list\">\n<li><strong>Dimming dinamic<\/strong>: Senzorii de lumin\u0103 regleaz\u0103 luminozitatea LED-urilor \u00een func\u021bie de lumina ambiental\u0103, reduc\u00e2nd consumul de energie cu 30-65%.<\/li>\n\n\n\n<li><strong>Preset\u0103ri multi-scenariu<\/strong>: Activarea cu o singur\u0103 atingere a \u201cModului de produc\u021bie\u201d, \u201cModului de cur\u0103\u021bare\u201d sau \u201cModului de inspec\u021bie cu consum redus de energie\u201d (de exemplu, reducerea consumului zilnic de energie de la 800 kWh la 75 kWh \u00een fabricile din Hubei).<\/li>\n\n\n\n<li><strong>Suprascriere manual\u0103<\/strong>: Panourile de control tactil de la punctele de intrare permit ajust\u0103ri instantanee pentru modific\u0103ri urgente ale produc\u021biei.<\/li>\n<\/ul>\n\n\n\n<h3 class=\"wp-block-heading\"><strong>4. <strong>Fabricile de confec\u021bii Solu\u021bii inteligente de iluminat<\/strong><\/strong> <strong>Strategii de economisire a energiei<\/strong><\/h3>\n\n\n\n<ul class=\"wp-block-list\">\n<li><strong>Actualiz\u0103ri LED<\/strong>: LED-urile de 100 W \u00eenlocuiesc corpurile de iluminat tradi\u021bionale de 200 W, reduc\u00e2nd consumul de energie cu 50% (de exemplu, $15.000\/an economisi\u021bi \u00eentr-o instala\u021bie).<\/li>\n\n\n\n<li><strong>Gestionarea fusului orar<\/strong>: Opri\u021bi automat luminile din zonele inactive \u00een timpul orelor \u00een care nu exist\u0103 produc\u021bie (economisind 200.000 kWh\/an).<\/li>\n\n\n\n<li><strong>Autodiagnosticarea<\/strong>: Detectarea defec\u021biunilor \u00een timp real trimite alerte echipelor de \u00eentre\u021binere (timpi de r\u0103spuns mai rapizi 80%).<\/li>\n\n\n\n<li><strong>Ie\u0219ire termic\u0103 sc\u0103zut\u0103<\/strong>: LED-urile reduc sarcinile de r\u0103cire, economisind indirect 15-20% din costurile HVAC.<\/li>\n<\/ul>\n\n\n\n<div class=\"wp-block-uagb-image uagb-block-00137adc wp-block-uagb-image--layout-default wp-block-uagb-image--effect-static wp-block-uagb-image--align-none\"><figure class=\"wp-block-uagb-image__figure\"><img decoding=\"async\" srcset=\"https:\/\/led.amasly.com\/wp-content\/uploads\/2025\/04\/garment-factories-lighting-1024x682.jpg ,https:\/\/led.amasly.com\/wp-content\/uploads\/2025\/04\/garment-factories-lighting.jpg 780w, https:\/\/led.amasly.com\/wp-content\/uploads\/2025\/04\/garment-factories-lighting.jpg 360w\" sizes=\"auto, (max-width: 480px) 150px\" src=\"https:\/\/led.amasly.com\/wp-content\/uploads\/2025\/04\/garment-factories-lighting-1024x682.jpg\" alt=\"Garment Factories Intelligent Lighting Solutions\" class=\"uag-image-3089\" width=\"1024\" height=\"682\" title=\"Fabricile de confec\u021bii Solu\u021bii inteligente de iluminat\" loading=\"lazy\" role=\"img\"\/><\/figure><\/div>\n\n\n\n<h3 class=\"wp-block-heading\"><strong>5. Adaptabilitatea \u0219i siguran\u021ba mediului<\/strong><\/h3>\n\n\n\n<ul class=\"wp-block-list\">\n<li><strong>Corpuri de iluminat rezistente la praf \u0219i la explozii<\/strong>: LED-uri IP65 \u00een zonele de t\u0103iere \u0219i modele antideflagrante \u00een zonele de depozitare (de ex, <a href=\"https:\/\/www.haiyangwang.com\/\" rel=\"nofollow noopener\" target=\"_blank\">Ocean King<\/a> Seria BPC8720).<\/li>\n\n\n\n<li><strong>Integrarea senzorilor climatici<\/strong>: Declan\u0219eaz\u0103 sistemele de ventila\u021bie \u00een caz de temperatur\u0103\/umiditate anormal\u0103.<\/li>\n\n\n\n<li><strong>Iluminat de urgen\u021b\u0103<\/strong>: Sincronizare cu alarmele de incendiu pentru a activa iluminatul de evacuare.<\/li>\n<\/ul>\n\n\n\n<h3 class=\"wp-block-heading\"><strong>6. Avantajele re\u021belelor f\u0103r\u0103 fir<\/strong><\/h3>\n\n\n\n<ul class=\"wp-block-list\">\n<li><strong>Plas\u0103 Bluetooth<\/strong>: Elimin\u0103 costurile de cablare \u0219i suport\u0103 re\u021bele auto-reparabile (instalare mai rapid\u0103 30%).<\/li>\n\n\n\n<li><strong>Scalabilitate<\/strong>: Compatibilitate plug-and-play pentru modific\u0103ri de aspect (de exemplu, raza de 100 m a ZigBee).<\/li>\n\n\n\n<li><strong>Stabilitatea re\u021belei<\/strong>: E\u0219ecurile unui singur nod nu perturb\u0103 opera\u021biunile generale.<\/li>\n<\/ul>\n\n\n\n<h3 class=\"wp-block-heading\"><strong>7. \u00centre\u021binerea bazat\u0103 pe date<\/strong><\/h3>\n\n\n\n<ul class=\"wp-block-list\">\n<li><strong>Analiz\u0103 energetic\u0103<\/strong>: Generarea de rapoarte de utilizare \u0219i de m\u0103sur\u0103tori privind reducerea emisiilor de carbon (de exemplu, reducerea anual\u0103 cu 270 de tone de CO2).<\/li>\n\n\n\n<li><strong>\u00centre\u021binere predictiv\u0103<\/strong>: Planifica\u021bi \u00eenlocuirile pe baza duratei de via\u021b\u0103 de 20.000 de ore a LED-urilor.<\/li>\n\n\n\n<li><strong>Acces bazat pe roluri<\/strong>: Nivelurile Admin \u0219i Operator previn modific\u0103rile neautorizate.<\/li>\n<\/ul>\n\n\n\n<h3 class=\"wp-block-heading\"><strong>8. Studii de caz \u0219i validarea ROI<\/strong><\/h3>\n\n\n\n<ul class=\"wp-block-list\">\n<li><strong>Fabrica Hubei Fuxing<\/strong>: Modernizarea a 40.000 mp a economisit $15.000\/an cu o perioad\u0103 de amortizare de 12 luni.<\/li>\n\n\n\n<li><strong>Hangarul Aeroportului Changzhou<\/strong>: Proiectul de 25.000 mp a redus consumul de energie cu 65% \u00een 3 zile.<\/li>\n\n\n\n<li><strong>\u00cembun\u0103t\u0103\u021birea calit\u0103\u021bii<\/strong>: 15% reducerea defectelor datorit\u0103 vizibilit\u0103\u021bii optimizate a lucr\u0103torilor.<\/li>\n<\/ul>\n\n\n\n<h3 class=\"wp-block-heading\"><strong>9. Tendin\u021be viitoare: Solu\u021bii inteligente de iluminat pentru fabricile de confec\u021bii<\/strong>-<strong>Inteligen\u021ba artificial\u0103 \u0219i neutralitatea carbonului<\/strong><\/h3>\n\n\n\n<ul class=\"wp-block-list\">\n<li><strong>Optimizare bazat\u0103 pe inteligen\u021b\u0103 artificial\u0103<\/strong>: \u00cenv\u0103\u021barea automat\u0103 ajusteaz\u0103 iluminatul \u00een func\u021bie de viteza liniei de produc\u021bie.<\/li>\n\n\n\n<li><strong>Respectarea emisiilor de dioxid de carbon<\/strong>: Atingerea obiectivelor ESG \u0219i participarea la comercializarea carbonului.<\/li>\n\n\n\n<li><strong>Integrarea ecosistemului IoT<\/strong>: Sincronizare cu MES pentru controlul unificat al echipamentelor.<\/li>\n<\/ul>\n\n\n\n<h3 class=\"wp-block-heading\"><strong>10. <strong>Fabricile de confec\u021bii Solu\u021bii inteligente de iluminat<\/strong><\/strong> <strong>Orient\u0103ri privind punerea \u00een aplicare<\/strong><\/h3>\n\n\n\n<ul class=\"wp-block-list\">\n<li><strong>Evaluarea necesit\u0103\u021bilor<\/strong>: Corelarea cerin\u021belor de iluminare cu fluxurile de lucru (t\u0103iere, coasere, QC).<\/li>\n\n\n\n<li><strong>Moderniz\u0103ri etapizate<\/strong>: Prioritizarea zonelor cu utilizare ridicat\u0103 (de exemplu, depozite 24\/7).<\/li>\n\n\n\n<li><strong>Formare \u0219i asisten\u021b\u0103<\/strong>: Furnizarea de manuale \u0219i \u00eentre\u021binere pe toat\u0103 durata de via\u021b\u0103 (de exemplu, rapoarte lunare privind starea sistemului).<\/li>\n<\/ul>\n\n\n\n<h2 class=\"wp-block-heading\"><strong>\u00ceNTREB\u0102RI FRECVENTE<\/strong><\/h2>\n\n\n\n<h3 class=\"wp-block-heading\"><strong>Q1: C\u00e2t dureaz\u0103 o modernizare inteligent\u0103 a iluminatului?<\/strong><\/h3>\n\n\n\n<p>R: O instala\u021bie de 40.000 mp necesit\u0103 de obicei 10 zile, cu instalare \u00een etape pentru a evita \u00eentreruperile de produc\u021bie.<\/p>\n\n\n\n<h3 class=\"wp-block-heading\"><strong>Q2: De ce s\u0103 alege\u021bi LED-urile \u00een locul iluminatului tradi\u021bional?<\/strong><\/h3>\n\n\n\n<p>R: LED-urile utilizeaz\u0103 cu 50% mai pu\u021bin\u0103 energie, dureaz\u0103 20.000 de ore \u0219i reduc costurile de r\u0103cire datorit\u0103 emisiei sc\u0103zute de c\u0103ldur\u0103.<\/p>\n\n\n\n<h3 class=\"wp-block-heading\"><strong>Q3: Defec\u021biunile sistemului pot opri produc\u021bia?<\/strong><\/h3>\n\n\n\n<p>R: Nu. Designul modular izoleaz\u0103 defec\u021biunile, iar alertele \u00een timp real asigur\u0103 repara\u021bii 80% mai rapide.<\/p>\n\n\n\n<h3 class=\"wp-block-heading\"><strong>Q4: Cum este asigurat\u0103 securitatea datelor?<\/strong><\/h3>\n\n\n\n<p>R: Criptarea HTTPS \u0219i controalele de acces bazate pe roluri protejeaz\u0103 datele opera\u021bionale.<\/p>\n\n\n\n<h3 class=\"wp-block-heading\"><strong>\u00ce5: Care este perioada medie de ROI?<\/strong><\/h3>\n\n\n\n<p class=\"has-text-align-left\">R: Majoritatea proiectelor ob\u021bin un ROI complet \u00een termen de 12 luni prin economii de energie \u0219i \u00eentre\u021binere.<\/p>\n\n\n\n<p><strong><br>&nbsp;&nbsp;<\/strong><\/p>\n\n\n\n<div class=\"wp-block-uagb-container uagb-block-c7d898dd alignfull uagb-is-root-container\"><div class=\"uagb-container-inner-blocks-wrap\"><\/div><\/div>\n\n\n\n<h2 class=\"wp-block-heading\">Produse conexe<\/h2>\n\n\n\n<div class=\"wp-block-uagb-container uagb-block-66e4defc alignfull uagb-is-root-container\"><div class=\"uagb-container-inner-blocks-wrap\">\n<div class=\"wp-block-uagb-container uagb-block-a42945f9\">\n<div class=\"wp-block-uagb-image uagb-block-7296296b wp-block-uagb-image--layout-default wp-block-uagb-image--effect-static wp-block-uagb-image--align-none\"><figure class=\"wp-block-uagb-image__figure\"><a class=\"\" href=\"https:\/\/led.amasly.com\/ro\/products\/\" target=\"\" rel=\"noopener\"><img decoding=\"async\" srcset=\"https:\/\/led.amasly.com\/wp-content\/uploads\/2024\/09\/Explosion-proof-high-bay-lights.png ,https:\/\/led.amasly.com\/wp-content\/uploads\/2024\/09\/Explosion-proof-high-bay-lights.png 780w, https:\/\/led.amasly.com\/wp-content\/uploads\/2024\/09\/Explosion-proof-high-bay-lights.png 360w\" sizes=\"auto, (max-width: 480px) 150px\" src=\"https:\/\/led.amasly.com\/wp-content\/uploads\/2024\/09\/Explosion-proof-high-bay-lights.png\" alt=\"\" class=\"uag-image-1495\" width=\"300\" height=\"300\" title=\"Lumini de \u00eenalt\u0103 rezisten\u021b\u0103 la explozie\" loading=\"lazy\" role=\"img\"><\/a><\/figure><\/div>\n<\/div>\n\n\n\n<div class=\"wp-block-uagb-container uagb-block-4d3efde5\">\n<div class=\"wp-block-uagb-image uagb-block-c9e90797 wp-block-uagb-image--layout-default wp-block-uagb-image--effect-static wp-block-uagb-image--align-none\"><figure class=\"wp-block-uagb-image__figure\"><a class=\"\" href=\"https:\/\/led.amasly.com\/ro\/products\/\" target=\"\" rel=\"noopener\"><img decoding=\"async\" srcset=\"https:\/\/led.amasly.com\/wp-content\/uploads\/2024\/07\/LED-tri-proof-lights2.png ,https:\/\/led.amasly.com\/wp-content\/uploads\/2024\/07\/LED-tri-proof-lights2.png 780w, https:\/\/led.amasly.com\/wp-content\/uploads\/2024\/07\/LED-tri-proof-lights2.png 360w\" sizes=\"auto, (max-width: 480px) 150px\" src=\"https:\/\/led.amasly.com\/wp-content\/uploads\/2024\/07\/LED-tri-proof-lights2.png\" alt=\"\" class=\"uag-image-1132\" width=\"300\" height=\"300\" title=\"LED-tri-proof-lights2\" loading=\"lazy\" role=\"img\"><\/a><\/figure><\/div>\n<\/div>\n\n\n\n<div class=\"wp-block-uagb-container uagb-block-11c2578b\">\n<div class=\"wp-block-uagb-image uagb-block-6e8883aa wp-block-uagb-image--layout-default wp-block-uagb-image--effect-static wp-block-uagb-image--align-none\"><figure class=\"wp-block-uagb-image__figure\"><a class=\"\" href=\"https:\/\/led.amasly.com\/ro\/products\/\" target=\"\" rel=\"noopener\"><img decoding=\"async\" srcset=\"https:\/\/led.amasly.com\/wp-content\/uploads\/2024\/09\/LED-Explosion-Proof-Gas-Station-Light.png ,https:\/\/led.amasly.com\/wp-content\/uploads\/2024\/09\/LED-Explosion-Proof-Gas-Station-Light.png 780w, https:\/\/led.amasly.com\/wp-content\/uploads\/2024\/09\/LED-Explosion-Proof-Gas-Station-Light.png 360w\" sizes=\"auto, (max-width: 480px) 150px\" src=\"https:\/\/led.amasly.com\/wp-content\/uploads\/2024\/09\/LED-Explosion-Proof-Gas-Station-Light.png\" alt=\"\" class=\"uag-image-1501\" width=\"300\" height=\"300\" title=\"LED lumina sta\u021biei de benzin\u0103 cu dovada exploziei\" loading=\"lazy\" role=\"img\"><\/a><\/figure><\/div>\n<\/div>\n<\/div><\/div>\n\n\n\n<div class=\"wp-block-uagb-container uagb-block-548945b5 alignfull uagb-is-root-container\"><div class=\"uagb-container-inner-blocks-wrap\">\n<div class=\"wp-block-uagb-container uagb-block-967755d5\">\n<h4 class=\"wp-block-heading has-text-align-center\"><a href=\"https:\/\/led.amasly.com\/ro\/products\/\">Lumini LED antiexplozie<\/a><\/h4>\n<\/div>\n\n\n\n<div class=\"wp-block-uagb-container uagb-block-9bc52fc2\">\n<h4 class=\"wp-block-heading has-text-align-center\"><a href=\"https:\/\/led.amasly.com\/ro\/products\/\">Lumini LED Tri-Proof<\/a><\/h4>\n<\/div>\n\n\n\n<div class=\"wp-block-uagb-container uagb-block-8ffa0a23\">\n<h4 class=\"wp-block-heading has-text-align-center\"><a href=\"https:\/\/led.amasly.com\/ro\/products\/\">Lumini de sta\u021bie de benzin\u0103 antiexplozie<\/a><\/h4>\n<\/div>\n<\/div><\/div>\n\n\n\n<div class=\"wp-block-uagb-container uagb-block-29499fe0 alignfull uagb-is-root-container\"><div class=\"uagb-container-inner-blocks-wrap\">\n<div class=\"wp-block-uagb-container uagb-block-777ee1c7\">\n<div class=\"wp-block-uagb-image uagb-block-2e9a1851 wp-block-uagb-image--layout-default wp-block-uagb-image--effect-static wp-block-uagb-image--align-none\"><figure class=\"wp-block-uagb-image__figure\"><a class=\"\" href=\"https:\/\/led.amasly.com\/ro\/products\/\" target=\"\" rel=\"noopener\"><img decoding=\"async\" srcset=\"https:\/\/led.amasly.com\/wp-content\/uploads\/2024\/10\/50W-100W-150W-200W-300W-LED-Flood-Light.jpg ,https:\/\/led.amasly.com\/wp-content\/uploads\/2024\/10\/50W-100W-150W-200W-300W-LED-Flood-Light.jpg 780w, https:\/\/led.amasly.com\/wp-content\/uploads\/2024\/10\/50W-100W-150W-200W-300W-LED-Flood-Light.jpg 360w\" sizes=\"auto, (max-width: 480px) 150px\" src=\"https:\/\/led.amasly.com\/wp-content\/uploads\/2024\/10\/50W-100W-150W-200W-300W-LED-Flood-Light.jpg\" alt=\"\" class=\"uag-image-1526\" width=\"300\" height=\"300\" title=\"50W 100W 150W 200W 300W LED lumin\u0103 de inunda\u021bie\" loading=\"lazy\" role=\"img\"><\/a><\/figure><\/div>\n<\/div>\n\n\n\n<div class=\"wp-block-uagb-container uagb-block-af8c8683\">\n<div class=\"wp-block-uagb-image uagb-block-67947854 wp-block-uagb-image--layout-default wp-block-uagb-image--effect-static wp-block-uagb-image--align-none\"><figure class=\"wp-block-uagb-image__figure\"><a class=\"\" href=\"https:\/\/led.amasly.com\/ro\/products\/\" target=\"\" rel=\"noopener\"><img decoding=\"async\" srcset=\"https:\/\/led.amasly.com\/wp-content\/uploads\/2024\/07\/led-tri-proof-light.png ,https:\/\/led.amasly.com\/wp-content\/uploads\/2024\/07\/led-tri-proof-light.png 780w, https:\/\/led.amasly.com\/wp-content\/uploads\/2024\/07\/led-tri-proof-light.png 360w\" sizes=\"auto, (max-width: 480px) 150px\" src=\"https:\/\/led.amasly.com\/wp-content\/uploads\/2024\/07\/led-tri-proof-light.png\" alt=\"\" class=\"uag-image-1130\" width=\"300\" height=\"300\" title=\"led-tri-proof-light\" loading=\"lazy\" role=\"img\"><\/a><\/figure><\/div>\n<\/div>\n\n\n\n<div class=\"wp-block-uagb-container uagb-block-0fdfdd58\">\n<div class=\"wp-block-uagb-image uagb-block-1187d32d wp-block-uagb-image--layout-default wp-block-uagb-image--effect-static wp-block-uagb-image--align-none\"><figure class=\"wp-block-uagb-image__figure\"><a class=\"\" href=\"https:\/\/led.amasly.com\/ro\/products\/\" target=\"\" rel=\"noopener\"><img decoding=\"async\" srcset=\"https:\/\/led.amasly.com\/wp-content\/uploads\/2024\/07\/LED-street-light.jpg ,https:\/\/led.amasly.com\/wp-content\/uploads\/2024\/07\/LED-street-light.jpg 780w, https:\/\/led.amasly.com\/wp-content\/uploads\/2024\/07\/LED-street-light.jpg 360w\" sizes=\"auto, (max-width: 480px) 150px\" src=\"https:\/\/led.amasly.com\/wp-content\/uploads\/2024\/07\/LED-street-light.jpg\" alt=\"\" class=\"uag-image-1145\" width=\"300\" height=\"300\" title=\"LED-street-light\" loading=\"lazy\" role=\"img\"><\/a><\/figure><\/div>\n<\/div>\n<\/div><\/div>\n\n\n\n<div class=\"wp-block-uagb-container uagb-block-6a60882c alignfull uagb-is-root-container\"><div class=\"uagb-container-inner-blocks-wrap\">\n<div class=\"wp-block-uagb-container uagb-block-f1e91a35\">\n<h4 class=\"wp-block-heading has-text-align-center\"><a href=\"https:\/\/led.amasly.com\/ro\/products\/\">Lumini de inunda\u021bie cu LED<\/a><\/h4>\n<\/div>\n\n\n\n<div class=\"wp-block-uagb-container uagb-block-165bfa58\">\n<h4 class=\"wp-block-heading has-text-align-center\"><a href=\"https:\/\/led.amasly.com\/ro\/products\/\">Lumini LED Tri-Proof Tube<\/a><\/h4>\n<\/div>\n\n\n\n<div class=\"wp-block-uagb-container uagb-block-f6096e3b\">\n<h4 class=\"wp-block-heading has-text-align-center\"><a href=\"https:\/\/led.amasly.com\/ro\/products\/\">Lumini stradale cu LED<\/a><\/h4>\n<\/div>\n<\/div><\/div>\n\n\n\n<div class=\"wp-block-uagb-container uagb-block-99c0e0a5 alignfull uagb-is-root-container\"><div class=\"uagb-container-inner-blocks-wrap\"><\/div><\/div>","protected":false},"excerpt":{"rendered":"<p>Smart Lighting Design Solutions for Garment Factories: Innovative Integration of Energy Efficiency and Intelligent Control Garment Factories Intelligent Lighting Solutions Introduction As the garment manufacturing industry increasingly prioritizes energy savings and operational efficiency, smart lighting systems have emerged as a critical upgrade solution. This article presents a tailored smart lighting design framework for garment factories, [&hellip;]<\/p>\n","protected":false},"author":1,"featured_media":0,"parent":1808,"menu_order":0,"comment_status":"closed","ping_status":"closed","template":"","meta":{"_uag_custom_page_level_css":"","site-sidebar-layout":"no-sidebar","site-content-layout":"","ast-site-content-layout":"default","site-content-style":"default","site-sidebar-style":"default","ast-global-header-display":"","ast-banner-title-visibility":"","ast-main-header-display":"","ast-hfb-above-header-display":"","ast-hfb-below-header-display":"","ast-hfb-mobile-header-display":"","site-post-title":"disabled","ast-breadcrumbs-content":"","ast-featured-img":"","footer-sml-layout":"","ast-disable-related-posts":"","theme-transparent-header-meta":"enabled","adv-header-id-meta":"","stick-header-meta":"","header-above-stick-meta":"","header-main-stick-meta":"","header-below-stick-meta":"","astra-migrate-meta-layouts":"set","ast-page-background-enabled":"default","ast-page-background-meta":{"desktop":{"background-color":"var(--ast-global-color-4)","background-image":"","background-repeat":"repeat","background-position":"center center","background-size":"auto","background-attachment":"scroll","background-type":"","background-media":"","overlay-type":"","overlay-color":"","overlay-opacity":"","overlay-gradient":""},"tablet":{"background-color":"","background-image":"","background-repeat":"repeat","background-position":"center center","background-size":"auto","background-attachment":"scroll","background-type":"","background-media":"","overlay-type":"","overlay-color":"","overlay-opacity":"","overlay-gradient":""},"mobile":{"background-color":"","background-image":"","background-repeat":"repeat","background-position":"center center","background-size":"auto","background-attachment":"scroll","background-type":"","background-media":"","overlay-type":"","overlay-color":"","overlay-opacity":"","overlay-gradient":""}},"ast-content-background-meta":{"desktop":{"background-color":"var(--ast-global-color-5)","background-image":"","background-repeat":"repeat","background-position":"center center","background-size":"auto","background-attachment":"scroll","background-type":"","background-media":"","overlay-type":"","overlay-color":"","overlay-opacity":"","overlay-gradient":""},"tablet":{"background-color":"var(--ast-global-color-5)","background-image":"","background-repeat":"repeat","background-position":"center center","background-size":"auto","background-attachment":"scroll","background-type":"","background-media":"","overlay-type":"","overlay-color":"","overlay-opacity":"","overlay-gradient":""},"mobile":{"background-color":"var(--ast-global-color-5)","background-image":"","background-repeat":"repeat","background-position":"center center","background-size":"auto","background-attachment":"scroll","background-type":"","background-media":"","overlay-type":"","overlay-color":"","overlay-opacity":"","overlay-gradient":""}},"footnotes":""},"class_list":["post-3087","page","type-page","status-publish","hentry"],"uagb_featured_image_src":{"full":false,"thumbnail":false,"medium":false,"medium_large":false,"large":false,"1536x1536":false,"2048x2048":false,"trp-custom-language-flag":false},"uagb_author_info":{"display_name":"Joe","author_link":"https:\/\/led.amasly.com\/ro\/author\/jacklin\/"},"uagb_comment_info":0,"uagb_excerpt":"Smart Lighting Design Solutions for Garment Factories: Innovative Integration of Energy Efficiency and Intelligent Control Garment Factories Intelligent Lighting Solutions Introduction As the garment manufacturing industry increasingly prioritizes energy savings and operational efficiency, smart lighting systems have emerged as a critical upgrade solution. This article presents a tailored smart lighting design framework for garment factories,&hellip;","_links":{"self":[{"href":"https:\/\/led.amasly.com\/ro\/wp-json\/wp\/v2\/pages\/3087","targetHints":{"allow":["GET"]}}],"collection":[{"href":"https:\/\/led.amasly.com\/ro\/wp-json\/wp\/v2\/pages"}],"about":[{"href":"https:\/\/led.amasly.com\/ro\/wp-json\/wp\/v2\/types\/page"}],"author":[{"embeddable":true,"href":"https:\/\/led.amasly.com\/ro\/wp-json\/wp\/v2\/users\/1"}],"replies":[{"embeddable":true,"href":"https:\/\/led.amasly.com\/ro\/wp-json\/wp\/v2\/comments?post=3087"}],"version-history":[{"count":2,"href":"https:\/\/led.amasly.com\/ro\/wp-json\/wp\/v2\/pages\/3087\/revisions"}],"predecessor-version":[{"id":4564,"href":"https:\/\/led.amasly.com\/ro\/wp-json\/wp\/v2\/pages\/3087\/revisions\/4564"}],"up":[{"embeddable":true,"href":"https:\/\/led.amasly.com\/ro\/wp-json\/wp\/v2\/pages\/1808"}],"wp:attachment":[{"href":"https:\/\/led.amasly.com\/ro\/wp-json\/wp\/v2\/media?parent=3087"}],"curies":[{"name":"wp","href":"https:\/\/api.w.org\/{rel}","templated":true}]}}