{"id":3081,"date":"2025-04-16T22:42:08","date_gmt":"2025-04-16T14:42:08","guid":{"rendered":"https:\/\/led.amasly.com\/?page_id=3081"},"modified":"2025-04-22T20:55:37","modified_gmt":"2025-04-22T12:55:37","slug":"spray-paint-booth-explosion-proof-lights-lighting-specifications-industrial-spray-paint-booth-automotive-spray-paint-booth-with-what-explosion-proof-lights","status":"publish","type":"page","link":"https:\/\/led.amasly.com\/ro\/knowledge\/explosion-proof-products-knowledge\/spray-paint-booth-explosion-proof-lights-lighting-specifications-industrial-spray-paint-booth-automotive-spray-paint-booth-with-what-explosion-proof-lights\/","title":{"rendered":"Cabina de vopsire cu spray cu lumini antideflagrante specifica\u021bii de iluminat: cabin\u0103 de vopsire cu spray industrial\u0103, cabin\u0103 de vopsire cu spray auto cu ce lumini antideflagrante?"},"content":{"rendered":"<div class=\"wp-block-uagb-container uagb-block-27bae773 alignfull uagb-is-root-container\"><div class=\"uagb-container-inner-blocks-wrap\"><\/div><\/div>\n\n\n\n<h2 class=\"wp-block-heading\"><strong>Cabin\u0103 de vopsire prin pulverizare <\/strong><strong>rezistent la explozie<\/strong><strong>&nbsp;<\/strong><strong>lumini<\/strong><strong>&nbsp;specifica\u021bii de iluminat: cabin\u0103 de vopsire industrial\u0103, cabin\u0103 de vopsire auto cu ce <\/strong><strong>rezistent la explozie<\/strong><strong>&nbsp;<\/strong><strong>lumini<\/strong><strong>?<\/strong><strong><\/strong><\/h2>\n\n\n\n<div class=\"wp-block-uagb-image uagb-block-da1360b5 wp-block-uagb-image--layout-default wp-block-uagb-image--effect-static wp-block-uagb-image--align-none\"><figure class=\"wp-block-uagb-image__figure\"><a class=\"\" href=\"https:\/\/led.amasly.com\/ro\/products\/\" target=\"\" rel=\"noopener\"><img decoding=\"async\" srcset=\"https:\/\/led.amasly.com\/wp-content\/uploads\/2025\/01\/LED-explosion-proof-flood-lights.png ,https:\/\/led.amasly.com\/wp-content\/uploads\/2025\/01\/LED-explosion-proof-flood-lights.png 780w, https:\/\/led.amasly.com\/wp-content\/uploads\/2025\/01\/LED-explosion-proof-flood-lights.png 360w\" sizes=\"auto, (max-width: 480px) 150px\" src=\"https:\/\/led.amasly.com\/wp-content\/uploads\/2025\/01\/LED-explosion-proof-flood-lights.png\" alt=\"\" class=\"uag-image-1675\" width=\"1004\" height=\"308\" title=\"Lumini de inunda\u021bie cu LED-uri antiexplozie\" loading=\"lazy\" role=\"img\"><\/a><\/figure><\/div>\n\n\n\n<h2 class=\"wp-block-heading\"><strong>Standarde privind cerin\u021bele de iluminat pentru cabinele de vopsire<\/strong><strong><\/strong><\/h2>\n\n\n\n<p>Cabina de pulverizare a vopselei este un loc specializat pentru pulverizarea vopselei auto \u0219i pentru alte procese, iar iluminatul este una dintre condi\u021biile importante pentru a se asigura c\u0103 activitatea de pulverizare a vopselei se poate desf\u0103\u0219ura f\u0103r\u0103 probleme. \u00cen cele ce urmeaz\u0103 vor fi prezentate cerin\u021bele standard pentru iluminatul cabinei de vopsire, pentru a asigura un mediu de lucru sigur \u0219i eficient.<\/p>\n\n\n\n<h3 class=\"wp-block-heading\"><strong>\u00cen primul r\u00e2nd, intensitatea de iluminare a cabinei de pulverizare trebuie s\u0103 respecte standardele na\u021bionale relevante. <\/strong><strong><\/strong><\/h3>\n\n\n\n<p>\u00cen general, intensitatea de iluminare a cabinei de pulverizare trebuie s\u0103 fie \u00eentre 500 ~ 1000 lux pentru a se asigura c\u0103 personalul poate vedea clar zona de lucru \u0219i pentru a evita erorile de lucru sau accidentele cauzate de lumina insuficient\u0103.<\/p>\n\n\n\n<p><strong>\u00cen al doilea r\u00e2nd, echipamentul de iluminat al camerei de vopsire prin pulverizare ar trebui s\u0103 aib\u0103 anumite <\/strong><strong>rezistent la explozie<\/strong><strong>&nbsp;performan\u021b\u0103. <\/strong><strong><\/strong><\/p>\n\n\n\n<p>Datorit\u0103 prezen\u021bei materialelor de vopsire inflamabile \u0219i explozive \u00een cabina de pulverizare, echipamentul de iluminat trebuie s\u0103 fie l\u0103mpi \u0219i lanterne antiexplozive pentru a preveni incendiile sau exploziile cauzate de echipamentul de iluminat \u00een sine.<\/p>\n\n\n\n<h3 class=\"wp-block-heading\"><strong>\u00cen acela\u0219i timp, nivelul de protec\u021bie<\/strong><strong><\/strong><\/h3>\n\n\n\n<p>nivelul de protec\u021bie al echipamentului de iluminat ar trebui s\u0103 \u00eendeplineasc\u0103, de asemenea, cerin\u021bele mediului de lucru \u00een cabina de pulverizare pentru a preveni praful, gazele corozive \u0219i alte deterior\u0103ri ale luminilor.<\/p>\n\n\n\n<h3 class=\"wp-block-heading\"><strong>Din nou, echipamentul de iluminat al camerei de vopsire prin pulverizare ar trebui s\u0103 aib\u0103 un anumit grad de rezisten\u021b\u0103 la coroziune. <\/strong><strong><\/strong><\/h3>\n\n\n\n<p>Produsele chimice \u0219i solven\u021bii cabinei de vopsire vor provoca o anumit\u0103 coroziune a echipamentului de iluminat, prin urmare, echipamentul de iluminat ar trebui s\u0103 fie selectat cu o bun\u0103 rezisten\u021b\u0103 la coroziune a materialului de fabrica\u021bie \u0219i nevoia de inspec\u021bie \u0219i \u00eentre\u021binere regulat\u0103 pentru a asigura func\u021bionarea normal\u0103 \u0219i durata de via\u021b\u0103.<\/p>\n\n\n\n<h3 class=\"wp-block-heading\"><strong>\u00cen plus, echipamentul de iluminat al cabinei de vopsire ar trebui s\u0103 aib\u0103 o anumit\u0103 performan\u021b\u0103 antipraf. <\/strong><strong><\/strong><\/h3>\n\n\n\n<p>Procesul de pulverizare a vopselei va produce un num\u0103r mare de particule fine, \u00een cazul \u00een care echipamentul de iluminat \u00een interior, nu numai c\u0103 va afecta efectul de iluminare, poate provoca, de asemenea, defectarea echipamentului. Prin urmare, echipamentul de iluminat ar trebui s\u0103 aib\u0103 m\u0103suri eficiente de protec\u021bie \u00eempotriva prafului, cum ar fi designul de etan\u0219are, filtrele etc., pentru a reduce impactul particulelor externe asupra echipamentului.<\/p>\n\n\n\n<p>Pentru a rezuma, exist\u0103 anumite standarde pentru cerin\u021bele de iluminare a camerei de vopsire prin pulverizare. Intensitatea ilumin\u0103rii, performan\u021ba de protec\u021bie \u00eempotriva exploziilor, rezisten\u021ba la coroziune \u0219i performan\u021ba de protec\u021bie \u00eempotriva prafului sunt factori importan\u021bi care trebuie lua\u021bi \u00een considerare \u00een proiectarea ilumin\u0103rii cabinei de pulverizare.<\/p>\n\n\n\n<p>Numai prin \u00eendeplinirea acestor cerin\u021be putem asigura siguran\u021ba \u0219i eficien\u021ba lucr\u0103rilor de pulverizare a vopselei.<\/p>\n\n\n\n<p>Prin urmare, \u00een proiectarea de iluminat a cabinei de pulverizare a vopselei \u0219i \u00een selectarea echipamentelor, trebuie s\u0103 func\u021biona\u021bi \u00een strict\u0103 conformitate cu standardele relevante pentru a asigura condi\u021bii bune ale mediului de lucru \u0219i siguran\u021ba operatorilor.<\/p>\n\n\n\n<h2 class=\"wp-block-heading\"><strong>Ce <\/strong><strong>rezistent la explozie<\/strong><strong>&nbsp;<\/strong><strong>lumini<\/strong><strong>&nbsp;sunt utilizate \u00een camera de vopsire prin pulverizare a automobilelor?<\/strong><strong><\/strong><\/h2>\n\n\n\n<p>\u00cen ultimii ani, industria automobilelor electrice este foarte fierbinte, cum ar fi: <a href=\"http:\/\/www.mi.com\" rel=\"nofollow noopener\" target=\"_blank\">xiaomi Vehicul electric.<\/a><\/p>\n\n\n\n<p>Un client a trimis un mesaj pentru a \u00eentreba: \u201cCe tip de lumini antideflagrante sunt utilizate \u00een camera de pulverizare a vopselei specializat\u0103 \u00een automobile?\u201d<\/p>\n\n\n\n<p>&nbsp;&nbsp;&nbsp;&nbsp;Spray vopsea camer\u0103 aproximativ 10 metri \u00een lungime, \u00een\u0103l\u021bimea de aproximativ 4 metri \u00een\u0103l\u021bime, cea mai mare este de numai 5 metri, 30 de metri p\u0103tra\u021bi o camer\u0103.<\/p>\n\n\n\n<p>\u00centreab\u0103-m\u0103 c\u00e2\u021bi wa\u021bi de lumini antideflagrante instalate c\u00e2te? Acesta este un client vechi, de multe ori \u00een fabrica noastr\u0103 \u00eenainte de achizi\u021bionarea de iluminat rezistent la explozii pentru<\/p>\n\n\n\n<p>\u00cenainte de proiectoarele antideflagrante, iluminatul antideflagrant \u00een special, acestea sunt \u00een principal pentru unele rafin\u0103rii, proiectul de desulfurare a gazelor de ardere a cazanelor, centralele electrice de de\u0219euri, aceste locuri pentru a asigura iluminatul antideflagrant, nu m-am g\u00e2ndit c\u0103 acum angajat \u00een camera de vopsire cu spray le-a g\u0103sit, de asemenea.<\/p>\n\n\n\n<p>Am vorbit cu el \u00een conformitate cu cerin\u021bele, l-au potrivit cu 60W proiectoare antideflagrante, deoarece aceste lumini este mai mult \u00een conformitate cu cerin\u021bele de gaze cabina de vopsea antideflagrante, dar, de asemenea, mai mult \u00een conformitate cu cerin\u021bele de luminozitate de iluminat sale, clientul ar dori s\u0103 instaleze fiecare camer\u0103 2, doar 3 metri pentru a instala o lumin\u0103.<\/p>\n\n\n\n<h2 class=\"wp-block-heading\"><strong>Cabin\u0103 de vopsire industrial\u0103 privind utilizarea <\/strong><strong>rezistent la explozie<\/strong><strong>&nbsp;<\/strong><strong>lumini<\/strong><strong>&nbsp;\u0219i felinarele au \u00een general ce cerin\u021be?<\/strong><strong><\/strong><\/h2>\n\n\n\n<p>&nbsp;&nbsp;&nbsp;&nbsp;1, cabinele de pulverizare a vopselei industriale \u0219i atelierul uzinei chimice obi\u0219nuite nu sunt la fel, cerin\u021bele de luminozitate sunt foarte ridicate, deoarece exist\u0103 medii cu praf.<\/p>\n\n\n\n<p>A existat o cerere a clien\u021bilor Henan Jiaozuo c\u0103 vopseau iluminarea cabinei de pulverizare trebuie s\u0103 ajung\u0103 la 750LX \u0219i s\u0103 reziste la test.<\/p>\n\n\n\n<p>Teste.<\/p>\n\n\n\n<p>&nbsp;&nbsp;&nbsp;&nbsp;2, cerin\u021bele trebuie s\u0103 fie lumini \u0219i lanterne antiexplozive \u0219i pot atinge nivelul IIC, certificate antiexplozive EX \u0219i rapoarte de inspec\u021bie, sau altfel<\/p>\n\n\n\n<p>Ce lua\u021bi pentru a dovedi c\u0103 luminile dvs. dovada explozie ea, dreapta, luminile \u0219i lanternele noastre sunt, de asemenea, f\u0103cute praf dovada explozie, este \u00een conformitate cu cerin\u021bele de<\/p>\n\n\n\n<p>&nbsp;&nbsp;&nbsp;&nbsp;3, unele personal de proiectare de iluminat va lua \u00een considerare situa\u021bia angaja\u021bilor la locul de munc\u0103, cum ar fi lumina nu va fi prea dur, acest lucru<\/p>\n\n\n\n<p>De data aceasta va fi nevoie de luminile \u0219i felinarele din sticl\u0103 c\u0103lit\u0103 pentru sticl\u0103 anti-orbire, astfel \u00eenc\u00e2t oamenii s\u0103 se uite la lumin\u0103 nu se vor sim\u021bi foarte inconfortabil \u0219i se vor sim\u021bi mult mai relaxa\u021bi atunci c\u00e2nd lucreaz\u0103.<\/p>\n\n\n\n<p>De asemenea, munca va fi mult mai u\u0219oar\u0103.<\/p>\n\n\n\n<p>&nbsp;&nbsp;&nbsp;&nbsp;4, cerin\u021ba de a nu avea diferen\u021be de culoare, iar lungimea de und\u0103 a luminii solare este similar\u0103, astfel \u00eenc\u00e2t produsele pulverizate nu \u00ee\u0219i vor schimba culoarea, o mul\u021bime de management sunt<\/p>\n\n\n\n<p>Solicit\u0103 pictori pentru a regla culoarea \u00een primul r\u00e2nd \u00een aer liber, \u0219i apoi s\u0103-l ia pentru a pulveriza, spray general de iluminat camera de vopsea vopsea sunt utilizate de iluminat dovada explozie.<\/p>\n\n\n\n<p>Corpurile de iluminat sunt, \u00een general, corpuri de iluminat antideflagrante. Acestea, deoarece temperatura lor de culoare este \u00een general de aproximativ 6000k, produc lumin\u0103 alb\u0103 pozitiv\u0103.<\/p>\n\n\n\n<h2 class=\"wp-block-heading\"><strong>Mobilier cabin\u0103 de pulverizare corpuri de iluminat:<\/strong><strong><\/strong><\/h2>\n\n\n\n<p>Tipurile de lumini antideflagrante utilizate de obicei \u00een cabinele de pulverizare a mobilierului includ lumini antideflagrante cu LED \u0219i lumini de copt cu infraro\u0219u.<\/p>\n\n\n\n<h3 class=\"wp-block-heading\"><strong>LED <\/strong><strong>rezistent la explozie<\/strong><strong>&nbsp;<\/strong><strong>lumini<\/strong><strong><\/strong><\/h3>\n\n\n\n<p>Luminile LED antiexplozie sunt utilizate pe scar\u0103 larg\u0103 \u00een cabinele de vopsire a mobilierului datorit\u0103 eficien\u021bei ridicate, economiei de energie \u0219i duratei lungi de via\u021b\u0103. <\/p>\n\n\n\n<p>De exemplu, luminile LED antiexplozie de 100W produse de Amasly sunt fabricate din aliaj de aluminiu de \u00eenalt\u0103 calitate turnat sub presiune, cu o suprafa\u021b\u0103 rezistent\u0103 la temperaturi ridicate, care este potrivit\u0103 pentru medii cu temperaturi ridicate, cum ar fi cabinele de vopsire. <\/p>\n\n\n\n<p>Cu o structur\u0103 rezistent\u0103 la explozii de clas\u0103 IIC \u0219i un nivel de protec\u021bie IP66, luminile sunt potrivite pentru utilizarea iluminatului \u00een locuri cu pericol de explozie a gazelor sau a prafului.<\/p>\n\n\n\n<h3 class=\"wp-block-heading\"><strong>Coacere \u00een infraro\u0219u <\/strong><strong>lumini<\/strong><strong><\/strong><\/h3>\n\n\n\n<p>Luminile de coacere cu infraro\u0219u sunt utilizate \u00een principal pentru procesul de uscare \u0219i coacere a vopselei. Luminile infraro\u0219ii din fibr\u0103 de carbon \u00eenc\u0103lzite electric cu dou\u0103 tuburi \u0219i luminile cu halogen sunt alegeri comune. Aceste lumini furnizeaz\u0103 c\u0103ldur\u0103 eficient\u0103 pentru a ajuta la uscarea rapid\u0103 a vopselei \u0219i la cre\u0219terea eficien\u021bei.<\/p>\n\n\n\n<h2 class=\"wp-block-heading\"><strong>Explozia de la Amasly<\/strong><strong>&nbsp;<\/strong><strong>Op\u021biuni de iluminare a probelor<\/strong><strong><\/strong><\/h2>\n\n\n\n<p>Amasly ofer\u0103 l\u0103mpi rotunde antideflagrante (lumini high bay antideflagrante), l\u0103mpi p\u0103trate antideflagrante (lumini flood antideflagrante) \u0219i l\u0103mpi lungi antideflagrante (lumini liniare antideflagrante) pentru cabinele de vopsire, export\u00e2nd \u00een multe \u021b\u0103ri din Asia \u0219i Europa cu o calitate garantat\u0103.<\/p>\n\n\n\n<div class=\"wp-block-uagb-container uagb-block-c7d898dd alignfull uagb-is-root-container\"><div class=\"uagb-container-inner-blocks-wrap\"><\/div><\/div>\n\n\n\n<h2 class=\"wp-block-heading\">Produse conexe<\/h2>\n\n\n\n<div class=\"wp-block-uagb-container uagb-block-66e4defc alignfull uagb-is-root-container\"><div class=\"uagb-container-inner-blocks-wrap\">\n<div class=\"wp-block-uagb-container uagb-block-a42945f9\">\n<div class=\"wp-block-uagb-image uagb-block-7296296b wp-block-uagb-image--layout-default wp-block-uagb-image--effect-static wp-block-uagb-image--align-none\"><figure class=\"wp-block-uagb-image__figure\"><a class=\"\" href=\"https:\/\/led.amasly.com\/ro\/products\/\" target=\"\" rel=\"noopener\"><img decoding=\"async\" srcset=\"https:\/\/led.amasly.com\/wp-content\/uploads\/2024\/09\/Explosion-proof-high-bay-lights.png ,https:\/\/led.amasly.com\/wp-content\/uploads\/2024\/09\/Explosion-proof-high-bay-lights.png 780w, https:\/\/led.amasly.com\/wp-content\/uploads\/2024\/09\/Explosion-proof-high-bay-lights.png 360w\" sizes=\"auto, (max-width: 480px) 150px\" src=\"https:\/\/led.amasly.com\/wp-content\/uploads\/2024\/09\/Explosion-proof-high-bay-lights.png\" alt=\"\" class=\"uag-image-1495\" width=\"300\" height=\"300\" title=\"Lumini de \u00eenalt\u0103 rezisten\u021b\u0103 la explozie\" loading=\"lazy\" role=\"img\"><\/a><\/figure><\/div>\n<\/div>\n\n\n\n<div class=\"wp-block-uagb-container uagb-block-4d3efde5\">\n<div class=\"wp-block-uagb-image uagb-block-c9e90797 wp-block-uagb-image--layout-default wp-block-uagb-image--effect-static wp-block-uagb-image--align-none\"><figure class=\"wp-block-uagb-image__figure\"><a class=\"\" href=\"https:\/\/led.amasly.com\/ro\/products\/\" target=\"\" rel=\"noopener\"><img decoding=\"async\" srcset=\"https:\/\/led.amasly.com\/wp-content\/uploads\/2024\/07\/LED-tri-proof-lights2.png ,https:\/\/led.amasly.com\/wp-content\/uploads\/2024\/07\/LED-tri-proof-lights2.png 780w, https:\/\/led.amasly.com\/wp-content\/uploads\/2024\/07\/LED-tri-proof-lights2.png 360w\" sizes=\"auto, (max-width: 480px) 150px\" src=\"https:\/\/led.amasly.com\/wp-content\/uploads\/2024\/07\/LED-tri-proof-lights2.png\" alt=\"\" class=\"uag-image-1132\" width=\"300\" height=\"300\" title=\"LED-tri-proof-lights2\" loading=\"lazy\" role=\"img\"><\/a><\/figure><\/div>\n<\/div>\n\n\n\n<div class=\"wp-block-uagb-container uagb-block-11c2578b\">\n<div class=\"wp-block-uagb-image uagb-block-6e8883aa wp-block-uagb-image--layout-default wp-block-uagb-image--effect-static wp-block-uagb-image--align-none\"><figure class=\"wp-block-uagb-image__figure\"><a class=\"\" href=\"https:\/\/led.amasly.com\/ro\/products\/\" target=\"\" rel=\"noopener\"><img decoding=\"async\" srcset=\"https:\/\/led.amasly.com\/wp-content\/uploads\/2024\/09\/LED-Explosion-Proof-Gas-Station-Light.png ,https:\/\/led.amasly.com\/wp-content\/uploads\/2024\/09\/LED-Explosion-Proof-Gas-Station-Light.png 780w, https:\/\/led.amasly.com\/wp-content\/uploads\/2024\/09\/LED-Explosion-Proof-Gas-Station-Light.png 360w\" sizes=\"auto, (max-width: 480px) 150px\" src=\"https:\/\/led.amasly.com\/wp-content\/uploads\/2024\/09\/LED-Explosion-Proof-Gas-Station-Light.png\" alt=\"\" class=\"uag-image-1501\" width=\"300\" height=\"300\" title=\"LED lumina sta\u021biei de benzin\u0103 cu dovada exploziei\" loading=\"lazy\" role=\"img\"><\/a><\/figure><\/div>\n<\/div>\n<\/div><\/div>\n\n\n\n<div class=\"wp-block-uagb-container uagb-block-548945b5 alignfull uagb-is-root-container\"><div class=\"uagb-container-inner-blocks-wrap\">\n<div class=\"wp-block-uagb-container uagb-block-967755d5\">\n<h4 class=\"wp-block-heading has-text-align-center\"><a href=\"https:\/\/led.amasly.com\/ro\/products\/\">Lumini LED antiexplozie<\/a><\/h4>\n<\/div>\n\n\n\n<div class=\"wp-block-uagb-container uagb-block-9bc52fc2\">\n<h4 class=\"wp-block-heading has-text-align-center\"><a href=\"https:\/\/led.amasly.com\/ro\/products\/\">Lumini LED Tri-Proof<\/a><\/h4>\n<\/div>\n\n\n\n<div class=\"wp-block-uagb-container uagb-block-8ffa0a23\">\n<h4 class=\"wp-block-heading has-text-align-center\"><a href=\"https:\/\/led.amasly.com\/ro\/products\/\">Lumini de sta\u021bie de benzin\u0103 antiexplozie<\/a><\/h4>\n<\/div>\n<\/div><\/div>\n\n\n\n<div class=\"wp-block-uagb-container uagb-block-29499fe0 alignfull uagb-is-root-container\"><div class=\"uagb-container-inner-blocks-wrap\">\n<div class=\"wp-block-uagb-container uagb-block-777ee1c7\">\n<div class=\"wp-block-uagb-image uagb-block-2e9a1851 wp-block-uagb-image--layout-default wp-block-uagb-image--effect-static wp-block-uagb-image--align-none\"><figure class=\"wp-block-uagb-image__figure\"><a class=\"\" href=\"https:\/\/led.amasly.com\/ro\/products\/\" target=\"\" rel=\"noopener\"><img decoding=\"async\" srcset=\"https:\/\/led.amasly.com\/wp-content\/uploads\/2024\/10\/50W-100W-150W-200W-300W-LED-Flood-Light.jpg ,https:\/\/led.amasly.com\/wp-content\/uploads\/2024\/10\/50W-100W-150W-200W-300W-LED-Flood-Light.jpg 780w, https:\/\/led.amasly.com\/wp-content\/uploads\/2024\/10\/50W-100W-150W-200W-300W-LED-Flood-Light.jpg 360w\" sizes=\"auto, (max-width: 480px) 150px\" src=\"https:\/\/led.amasly.com\/wp-content\/uploads\/2024\/10\/50W-100W-150W-200W-300W-LED-Flood-Light.jpg\" alt=\"\" class=\"uag-image-1526\" width=\"300\" height=\"300\" title=\"50W 100W 150W 200W 300W LED lumin\u0103 de inunda\u021bie\" loading=\"lazy\" role=\"img\"><\/a><\/figure><\/div>\n<\/div>\n\n\n\n<div class=\"wp-block-uagb-container uagb-block-af8c8683\">\n<div class=\"wp-block-uagb-image uagb-block-67947854 wp-block-uagb-image--layout-default wp-block-uagb-image--effect-static wp-block-uagb-image--align-none\"><figure class=\"wp-block-uagb-image__figure\"><a class=\"\" href=\"https:\/\/led.amasly.com\/ro\/products\/\" target=\"\" rel=\"noopener\"><img decoding=\"async\" srcset=\"https:\/\/led.amasly.com\/wp-content\/uploads\/2024\/07\/led-tri-proof-light.png ,https:\/\/led.amasly.com\/wp-content\/uploads\/2024\/07\/led-tri-proof-light.png 780w, https:\/\/led.amasly.com\/wp-content\/uploads\/2024\/07\/led-tri-proof-light.png 360w\" sizes=\"auto, (max-width: 480px) 150px\" src=\"https:\/\/led.amasly.com\/wp-content\/uploads\/2024\/07\/led-tri-proof-light.png\" alt=\"\" class=\"uag-image-1130\" width=\"300\" height=\"300\" title=\"led-tri-proof-light\" loading=\"lazy\" role=\"img\"><\/a><\/figure><\/div>\n<\/div>\n\n\n\n<div class=\"wp-block-uagb-container uagb-block-0fdfdd58\">\n<div class=\"wp-block-uagb-image uagb-block-1187d32d wp-block-uagb-image--layout-default wp-block-uagb-image--effect-static wp-block-uagb-image--align-none\"><figure class=\"wp-block-uagb-image__figure\"><a class=\"\" href=\"https:\/\/led.amasly.com\/ro\/products\/\" target=\"\" rel=\"noopener\"><img decoding=\"async\" srcset=\"https:\/\/led.amasly.com\/wp-content\/uploads\/2024\/07\/LED-street-light.jpg ,https:\/\/led.amasly.com\/wp-content\/uploads\/2024\/07\/LED-street-light.jpg 780w, https:\/\/led.amasly.com\/wp-content\/uploads\/2024\/07\/LED-street-light.jpg 360w\" sizes=\"auto, (max-width: 480px) 150px\" src=\"https:\/\/led.amasly.com\/wp-content\/uploads\/2024\/07\/LED-street-light.jpg\" alt=\"\" class=\"uag-image-1145\" width=\"300\" height=\"300\" title=\"LED-street-light\" loading=\"lazy\" role=\"img\"><\/a><\/figure><\/div>\n<\/div>\n<\/div><\/div>\n\n\n\n<div class=\"wp-block-uagb-container uagb-block-6a60882c alignfull uagb-is-root-container\"><div class=\"uagb-container-inner-blocks-wrap\">\n<div class=\"wp-block-uagb-container uagb-block-f1e91a35\">\n<h4 class=\"wp-block-heading has-text-align-center\"><a href=\"https:\/\/led.amasly.com\/ro\/products\/\">Lumini de inunda\u021bie cu LED<\/a><\/h4>\n<\/div>\n\n\n\n<div class=\"wp-block-uagb-container uagb-block-165bfa58\">\n<h4 class=\"wp-block-heading has-text-align-center\"><a href=\"https:\/\/led.amasly.com\/ro\/products\/\">Lumini LED Tri-Proof Tube<\/a><\/h4>\n<\/div>\n\n\n\n<div class=\"wp-block-uagb-container uagb-block-f6096e3b\">\n<h4 class=\"wp-block-heading has-text-align-center\"><a href=\"https:\/\/led.amasly.com\/ro\/products\/\">Lumini stradale cu LED<\/a><\/h4>\n<\/div>\n<\/div><\/div>\n\n\n\n<div class=\"wp-block-uagb-container uagb-block-99c0e0a5 alignfull uagb-is-root-container\"><div class=\"uagb-container-inner-blocks-wrap\"><\/div><\/div>\n\n\n\n<p><\/p>","protected":false},"excerpt":{"rendered":"<p>Spray paint booth explosion proof&nbsp;lights&nbsp;lighting specifications: industrial spray paint booth, automotive spray paint booth with what explosion proof&nbsp;lights? Paint spray booth lighting requirements standards Paint spray booth is a specialized place for automotive paint spraying and other processes, and lighting is one of the important conditions to ensure that the paint spraying work can be [&hellip;]<\/p>\n","protected":false},"author":1,"featured_media":0,"parent":2374,"menu_order":0,"comment_status":"closed","ping_status":"closed","template":"","meta":{"_uag_custom_page_level_css":"","site-sidebar-layout":"no-sidebar","site-content-layout":"","ast-site-content-layout":"default","site-content-style":"default","site-sidebar-style":"default","ast-global-header-display":"","ast-banner-title-visibility":"","ast-main-header-display":"","ast-hfb-above-header-display":"","ast-hfb-below-header-display":"","ast-hfb-mobile-header-display":"","site-post-title":"disabled","ast-breadcrumbs-content":"","ast-featured-img":"","footer-sml-layout":"","ast-disable-related-posts":"","theme-transparent-header-meta":"enabled","adv-header-id-meta":"","stick-header-meta":"","header-above-stick-meta":"","header-main-stick-meta":"","header-below-stick-meta":"","astra-migrate-meta-layouts":"set","ast-page-background-enabled":"default","ast-page-background-meta":{"desktop":{"background-color":"var(--ast-global-color-4)","background-image":"","background-repeat":"repeat","background-position":"center center","background-size":"auto","background-attachment":"scroll","background-type":"","background-media":"","overlay-type":"","overlay-color":"","overlay-opacity":"","overlay-gradient":""},"tablet":{"background-color":"","background-image":"","background-repeat":"repeat","background-position":"center center","background-size":"auto","background-attachment":"scroll","background-type":"","background-media":"","overlay-type":"","overlay-color":"","overlay-opacity":"","overlay-gradient":""},"mobile":{"background-color":"","background-image":"","background-repeat":"repeat","background-position":"center center","background-size":"auto","background-attachment":"scroll","background-type":"","background-media":"","overlay-type":"","overlay-color":"","overlay-opacity":"","overlay-gradient":""}},"ast-content-background-meta":{"desktop":{"background-color":"var(--ast-global-color-5)","background-image":"","background-repeat":"repeat","background-position":"center center","background-size":"auto","background-attachment":"scroll","background-type":"","background-media":"","overlay-type":"","overlay-color":"","overlay-opacity":"","overlay-gradient":""},"tablet":{"background-color":"var(--ast-global-color-5)","background-image":"","background-repeat":"repeat","background-position":"center center","background-size":"auto","background-attachment":"scroll","background-type":"","background-media":"","overlay-type":"","overlay-color":"","overlay-opacity":"","overlay-gradient":""},"mobile":{"background-color":"var(--ast-global-color-5)","background-image":"","background-repeat":"repeat","background-position":"center center","background-size":"auto","background-attachment":"scroll","background-type":"","background-media":"","overlay-type":"","overlay-color":"","overlay-opacity":"","overlay-gradient":""}},"footnotes":""},"class_list":["post-3081","page","type-page","status-publish","hentry"],"uagb_featured_image_src":{"full":false,"thumbnail":false,"medium":false,"medium_large":false,"large":false,"1536x1536":false,"2048x2048":false,"trp-custom-language-flag":false},"uagb_author_info":{"display_name":"Joe","author_link":"https:\/\/led.amasly.com\/ro\/author\/jacklin\/"},"uagb_comment_info":0,"uagb_excerpt":"Spray paint booth explosion proof&nbsp;lights&nbsp;lighting specifications: industrial spray paint booth, automotive spray paint booth with what explosion proof&nbsp;lights? Paint spray booth lighting requirements standards Paint spray booth is a specialized place for automotive paint spraying and other processes, and lighting is one of the important conditions to ensure that the paint spraying work can be&hellip;","_links":{"self":[{"href":"https:\/\/led.amasly.com\/ro\/wp-json\/wp\/v2\/pages\/3081","targetHints":{"allow":["GET"]}}],"collection":[{"href":"https:\/\/led.amasly.com\/ro\/wp-json\/wp\/v2\/pages"}],"about":[{"href":"https:\/\/led.amasly.com\/ro\/wp-json\/wp\/v2\/types\/page"}],"author":[{"embeddable":true,"href":"https:\/\/led.amasly.com\/ro\/wp-json\/wp\/v2\/users\/1"}],"replies":[{"embeddable":true,"href":"https:\/\/led.amasly.com\/ro\/wp-json\/wp\/v2\/comments?post=3081"}],"version-history":[{"count":3,"href":"https:\/\/led.amasly.com\/ro\/wp-json\/wp\/v2\/pages\/3081\/revisions"}],"predecessor-version":[{"id":3166,"href":"https:\/\/led.amasly.com\/ro\/wp-json\/wp\/v2\/pages\/3081\/revisions\/3166"}],"up":[{"embeddable":true,"href":"https:\/\/led.amasly.com\/ro\/wp-json\/wp\/v2\/pages\/2374"}],"wp:attachment":[{"href":"https:\/\/led.amasly.com\/ro\/wp-json\/wp\/v2\/media?parent=3081"}],"curies":[{"name":"wp","href":"https:\/\/api.w.org\/{rel}","templated":true}]}}