{"id":3027,"date":"2025-04-10T20:50:59","date_gmt":"2025-04-10T12:50:59","guid":{"rendered":"https:\/\/led.amasly.com\/?page_id=3027"},"modified":"2025-04-10T20:51:03","modified_gmt":"2025-04-10T12:51:03","slug":"what-is-a-flame-proof-light-key-features-and-applications-in-hazardous-environments","status":"publish","type":"page","link":"https:\/\/led.amasly.com\/ro\/knowledge\/explosion-proof-products-knowledge\/what-is-a-flame-proof-light-key-features-and-applications-in-hazardous-environments\/","title":{"rendered":"Ce este o lamp\u0103 rezistent\u0103 la fl\u0103c\u0103ri? Caracteristici principale \u0219i aplica\u021bii \u00een medii periculoase"},"content":{"rendered":"<div class=\"wp-block-uagb-container uagb-block-27bae773 alignfull uagb-is-root-container\"><div class=\"uagb-container-inner-blocks-wrap\"><\/div><\/div>\n\n\n\n<h2 class=\"wp-block-heading has-text-align-left\"><strong>Ce este o lamp\u0103 rezistent\u0103 la fl\u0103c\u0103ri? Caracteristici principale \u0219i aplica\u021bii \u00een medii periculoase<\/strong><strong><\/strong><\/h2>\n\n\n\n<div class=\"wp-block-uagb-image uagb-block-da1360b5 wp-block-uagb-image--layout-default wp-block-uagb-image--effect-static wp-block-uagb-image--align-none\"><figure class=\"wp-block-uagb-image__figure\"><a class=\"\" href=\"https:\/\/led.amasly.com\/ro\/products\/\" target=\"\" rel=\"noopener\"><img decoding=\"async\" srcset=\"https:\/\/led.amasly.com\/wp-content\/uploads\/2025\/01\/LED-explosion-proof-flood-lights.png ,https:\/\/led.amasly.com\/wp-content\/uploads\/2025\/01\/LED-explosion-proof-flood-lights.png 780w, https:\/\/led.amasly.com\/wp-content\/uploads\/2025\/01\/LED-explosion-proof-flood-lights.png 360w\" sizes=\"auto, (max-width: 480px) 150px\" src=\"https:\/\/led.amasly.com\/wp-content\/uploads\/2025\/01\/LED-explosion-proof-flood-lights.png\" alt=\"\" class=\"uag-image-1675\" width=\"1004\" height=\"308\" title=\"Lumini de inunda\u021bie cu LED-uri antiexplozie\" loading=\"lazy\" role=\"img\"><\/a><\/figure><\/div>\n\n\n\n<p>L\u0103mpile ignifuge, cunoscute \u0219i sub denumirea de l\u0103mpi antideflagrante, sunt l\u0103mpi special concepute pentru a func\u021biona \u00een siguran\u021b\u0103 \u00een medii \u00een care pot fi prezente gaze combustibile, abur sau praf combustibil. Aceste l\u0103mpi previn aprinderea prin re\u021binerea poten\u021bialelor sc\u00e2ntei sau a c\u0103ldurii \u00eentr-o carcas\u0103 robust\u0103, ceea ce le face indispensabile \u00een industrii precum rafin\u0103riile de petrol, uzinele chimice, opera\u021biunile miniere \u0219i instala\u021biile de prelucrare a cerealelor. \u00cen continuare, vom analiza principiile de proiectare, aplica\u021biile \u0219i motivele pentru care sunt esen\u021biale pentru siguran\u021ba industrial\u0103.<\/p>\n\n\n\n<h2 class=\"wp-block-heading\"><strong>Cum func\u021bioneaz\u0103 iluminatul antifoc: Inginerie pentru siguran\u021b\u0103<\/strong><strong><\/strong><\/h2>\n\n\n\n<h3 class=\"wp-block-heading\"><strong>Izolarea surselor de aprindere<\/strong><strong><\/strong><\/h3>\n\n\n\n<p>L\u0103mpile ignifuge sunt proiectate cu carcase \u00eent\u0103rite (de obicei din aluminiu turnat sau o\u021bel inoxidabil) care rezist\u0103 exploziilor interne. Dac\u0103 se produce o sc\u00e2nteie din cauza unor defec\u021biuni electrice, carcasa \u00eempiedic\u0103 ie\u0219irea fl\u0103c\u0103rilor \u0219i aprinderea atmosferelor periculoase externe. Acest design ader\u0103 la standarde interna\u021bionale precum ATEX \u0219i IECEx, asigur\u00e2nd conformitatea cu reglement\u0103rile de siguran\u021b\u0103.<\/p>\n\n\n\n<h3 class=\"wp-block-heading\"><strong>Disiparea c\u0103ldurii \u0219i durabilitate<\/strong><strong><\/strong><\/h3>\n\n\n\n<p>Sistemele avansate de management termic, cum ar fi radiatoarele \u0219i straturile rezistente la coroziune, asigur\u0103 func\u021bionarea stabil\u0103 chiar \u0219i \u00een medii cu temperaturi ridicate sau agresive din punct de vedere chimic. De exemplu, l\u0103mpile industriale Waldmann au corpuri din aluminiu sigilate \u0219i sticl\u0103 din silicat de bor, capabile s\u0103 reziste la condi\u021bii extreme timp de peste 60.000 de ore.<\/p>\n\n\n\n<h2 class=\"wp-block-heading\"><strong>Aplica\u021bii cheie ale l\u0103mpilor de protec\u021bie \u00eempotriva fl\u0103c\u0103rilor<\/strong><strong><\/strong><\/h2>\n\n\n\n<h3 class=\"wp-block-heading\"><strong>1. Instala\u021bii petroliere \u0219i de gaze<\/strong><strong><\/strong><\/h3>\n\n\n\n<p>\u00cen rafin\u0103rii \u0219i platforme de foraj, aceste lumini ilumineaz\u0103 zonele predispuse la scurgeri de metan sau hidrocarburi. Designul lor etan\u0219 previne infiltrarea gazelor, reduc\u00e2nd riscurile de explozie \u00een timpul activit\u0103\u021bilor de \u00eentre\u021binere sau opera\u021bionale.<\/p>\n\n\n\n<h3 class=\"wp-block-heading\"><strong>2. Instala\u021bii de prelucrare chimic\u0103<\/strong><strong><\/strong><\/h3>\n\n\n\n<p>Materialele rezistente la coroziune (de exemplu, componentele acoperite cu epoxid) protejeaz\u0103 \u00eempotriva vaporilor acizi, \u00een timp ce structurile anti-vibra\u021bii asigur\u0103 fiabilitatea \u00een medii dinamice.<\/p>\n\n\n\n<h3 class=\"wp-block-heading\"><strong>3. Opera\u021biuni miniere \u0219i subterane<\/strong><strong><\/strong><\/h3>\n\n\n\n<p>Carcasele etan\u0219e la praf \u0219i clasific\u0103rile IP ridicate (IP66\/IP67) \u00eempiedic\u0103 p\u0103trunderea prafului de c\u0103rbune sau a particulelor, esen\u021biale pentru evitarea arderii \u00een spa\u021bii restr\u00e2nse.<\/p>\n\n\n\n<h3 class=\"wp-block-heading\"><strong>4. Produc\u021bia farmaceutic\u0103 \u0219i alimentar\u0103<\/strong><strong><\/strong><\/h3>\n\n\n\n<p>Carcasele din o\u021bel inoxidabil \u00eendeplinesc standardele de igien\u0103, iar optica sigilat\u0103 previne contaminarea \u00een medii sterile.<\/p>\n\n\n\n<h2 class=\"wp-block-heading\"><strong>Avantaje fa\u021b\u0103 de iluminatul industrial conven\u021bional<\/strong><strong><\/strong><\/h2>\n\n\n\n<h3 class=\"wp-block-heading\"><strong>Siguran\u021b\u0103 \u0219i conformitate \u00eembun\u0103t\u0103\u021bite<\/strong><strong><\/strong><\/h3>\n\n\n\n<p>L\u0103mpile ignifuge elimin\u0103 riscurile de aprindere, aliniindu-se cu OSHA \u0219i alte cadre de reglementare. De exemplu, variantele LED reduc consumul de energie cu 50-70% \u00een compara\u021bie cu l\u0103mpile HID tradi\u021bionale, minimiz\u00e2nd produc\u021bia de c\u0103ldur\u0103 - un factor critic \u00een zonele volatile.<\/p>\n\n\n\n<h3 class=\"wp-block-heading\"><strong>Eficien\u021ba costurilor pe termen lung<\/strong><strong><\/strong><\/h3>\n\n\n\n<p>Cu o durat\u0103 de via\u021b\u0103 de peste 50.000 de ore \u0219i nevoi minime de \u00eentre\u021binere, aceste lumini reduc costurile de \u00eenlocuire \u0219i timpii mor\u021bi. Comenzile inteligente optimizeaz\u0103 \u0219i mai mult consumul de energie prin ajustarea luminozit\u0103\u021bii \u00een func\u021bie de nivelurile de ocupare sau de lumin\u0103 natural\u0103.<\/p>\n\n\n\n<h3 class=\"wp-block-heading\"><strong>Adaptabilitate la condi\u021bii dificile<\/strong><strong><\/strong><\/h3>\n\n\n\n<p>De la medii marine cu expunere la ap\u0103 s\u0103rat\u0103 p\u00e2n\u0103 la podele de produc\u021bie cu vibra\u021bii ridicate, luminile rezistente la flac\u0103r\u0103 integreaz\u0103 materiale durabile, cum ar fi sticla c\u0103lit\u0103 \u0219i suporturile rezistente la \u0219ocuri.<\/p>\n\n\n\n<h2 class=\"wp-block-heading\"><strong>Alegerea luminii anti fl\u0103c\u0103ri potrivite<\/strong><strong><\/strong><\/h2>\n\n\n\n<h3 class=\"wp-block-heading\"><strong>Atunci c\u00e2nd selecta\u021bi corpurile de iluminat, lua\u021bi \u00een considerare:<\/strong><strong><\/strong><\/h3>\n\n\n\n<p>Certificare: Asigura\u021bi conformitatea cu ATEX,<a href=\"http:\/\/www.iecex-certs.com\/\" rel=\"nofollow noopener\" target=\"_blank\"> IECEx,<\/a> sau <a href=\"http:\/\/www.ul.com\" rel=\"nofollow noopener\" target=\"_blank\">UL<\/a> standarde.<\/p>\n\n\n\n<p>Calitatea materialului: Opta\u021bi pentru o\u021bel inoxidabil sau aliaje de aluminiu pentru rezisten\u021b\u0103 la coroziune.<\/p>\n\n\n\n<p>Tehnologie de iluminare: Op\u021biunile LED ofer\u0103 eficien\u021b\u0103 superioar\u0103, acurate\u021be a culorilor \u0219i capacit\u0103\u021bi de reglare.<\/p>\n\n\n\n<h2 class=\"wp-block-heading\"><strong>Concluzie: Prioritizarea siguran\u021bei cu solu\u021bii avansate de iluminat<\/strong><strong><\/strong><\/h2>\n\n\n\n<p class=\"has-text-align-left\">L\u0103mpile rezistente la fl\u0103c\u0103ri nu sunt doar instrumente de iluminare - ele sunt garan\u021bii vitale \u00een industriile cu risc ridicat. Prin combinarea ingineriei robuste cu tehnologiile eficiente din punct de vedere energetic, aceste corpuri de iluminat protejeaz\u0103 personalul, bunurile \u0219i continuitatea opera\u021bional\u0103. Pentru instala\u021biile care func\u021bioneaz\u0103 \u00een zone periculoase, investi\u021bia \u00een iluminatul certificat antideflagrant este un pas nenegociabil c\u0103tre conformitate \u0219i reducerea riscurilor.<\/p>\n\n\n\n<div class=\"wp-block-uagb-container uagb-block-c7d898dd alignfull uagb-is-root-container\"><div class=\"uagb-container-inner-blocks-wrap\"><\/div><\/div>\n\n\n\n<h2 class=\"wp-block-heading\">Produse conexe<\/h2>\n\n\n\n<div class=\"wp-block-uagb-container uagb-block-66e4defc alignfull uagb-is-root-container\"><div class=\"uagb-container-inner-blocks-wrap\">\n<div class=\"wp-block-uagb-container uagb-block-a42945f9\">\n<div class=\"wp-block-uagb-image uagb-block-7296296b wp-block-uagb-image--layout-default wp-block-uagb-image--effect-static wp-block-uagb-image--align-none\"><figure class=\"wp-block-uagb-image__figure\"><a class=\"\" href=\"https:\/\/led.amasly.com\/ro\/products\/\" target=\"\" rel=\"noopener\"><img decoding=\"async\" srcset=\"https:\/\/led.amasly.com\/wp-content\/uploads\/2024\/09\/Explosion-proof-high-bay-lights.png ,https:\/\/led.amasly.com\/wp-content\/uploads\/2024\/09\/Explosion-proof-high-bay-lights.png 780w, https:\/\/led.amasly.com\/wp-content\/uploads\/2024\/09\/Explosion-proof-high-bay-lights.png 360w\" sizes=\"auto, (max-width: 480px) 150px\" src=\"https:\/\/led.amasly.com\/wp-content\/uploads\/2024\/09\/Explosion-proof-high-bay-lights.png\" alt=\"\" class=\"uag-image-1495\" width=\"300\" height=\"300\" title=\"Lumini de \u00eenalt\u0103 rezisten\u021b\u0103 la explozie\" loading=\"lazy\" role=\"img\"><\/a><\/figure><\/div>\n<\/div>\n\n\n\n<div class=\"wp-block-uagb-container uagb-block-4d3efde5\">\n<div class=\"wp-block-uagb-image uagb-block-c9e90797 wp-block-uagb-image--layout-default wp-block-uagb-image--effect-static wp-block-uagb-image--align-none\"><figure class=\"wp-block-uagb-image__figure\"><a class=\"\" href=\"https:\/\/led.amasly.com\/ro\/products\/\" target=\"\" rel=\"noopener\"><img decoding=\"async\" srcset=\"https:\/\/led.amasly.com\/wp-content\/uploads\/2024\/07\/LED-tri-proof-lights2.png ,https:\/\/led.amasly.com\/wp-content\/uploads\/2024\/07\/LED-tri-proof-lights2.png 780w, https:\/\/led.amasly.com\/wp-content\/uploads\/2024\/07\/LED-tri-proof-lights2.png 360w\" sizes=\"auto, (max-width: 480px) 150px\" src=\"https:\/\/led.amasly.com\/wp-content\/uploads\/2024\/07\/LED-tri-proof-lights2.png\" alt=\"\" class=\"uag-image-1132\" width=\"300\" height=\"300\" title=\"LED-tri-proof-lights2\" loading=\"lazy\" role=\"img\"><\/a><\/figure><\/div>\n<\/div>\n\n\n\n<div class=\"wp-block-uagb-container uagb-block-11c2578b\">\n<div class=\"wp-block-uagb-image uagb-block-6e8883aa wp-block-uagb-image--layout-default wp-block-uagb-image--effect-static wp-block-uagb-image--align-none\"><figure class=\"wp-block-uagb-image__figure\"><a class=\"\" href=\"https:\/\/led.amasly.com\/ro\/products\/\" target=\"\" rel=\"noopener\"><img decoding=\"async\" srcset=\"https:\/\/led.amasly.com\/wp-content\/uploads\/2024\/09\/LED-Explosion-Proof-Gas-Station-Light.png ,https:\/\/led.amasly.com\/wp-content\/uploads\/2024\/09\/LED-Explosion-Proof-Gas-Station-Light.png 780w, https:\/\/led.amasly.com\/wp-content\/uploads\/2024\/09\/LED-Explosion-Proof-Gas-Station-Light.png 360w\" sizes=\"auto, (max-width: 480px) 150px\" src=\"https:\/\/led.amasly.com\/wp-content\/uploads\/2024\/09\/LED-Explosion-Proof-Gas-Station-Light.png\" alt=\"\" class=\"uag-image-1501\" width=\"300\" height=\"300\" title=\"LED lumina sta\u021biei de benzin\u0103 cu dovada exploziei\" loading=\"lazy\" role=\"img\"><\/a><\/figure><\/div>\n<\/div>\n<\/div><\/div>\n\n\n\n<div class=\"wp-block-uagb-container uagb-block-548945b5 alignfull uagb-is-root-container\"><div class=\"uagb-container-inner-blocks-wrap\">\n<div class=\"wp-block-uagb-container uagb-block-967755d5\">\n<h4 class=\"wp-block-heading has-text-align-center\"><a href=\"https:\/\/led.amasly.com\/ro\/products\/\">Lumini LED antiexplozie<\/a><\/h4>\n<\/div>\n\n\n\n<div class=\"wp-block-uagb-container uagb-block-9bc52fc2\">\n<h4 class=\"wp-block-heading has-text-align-center\"><a href=\"https:\/\/led.amasly.com\/ro\/products\/\">Lumini LED Tri-Proof<\/a><\/h4>\n<\/div>\n\n\n\n<div class=\"wp-block-uagb-container uagb-block-8ffa0a23\">\n<h4 class=\"wp-block-heading has-text-align-center\"><a href=\"https:\/\/led.amasly.com\/ro\/products\/\">Lumini de sta\u021bie de benzin\u0103 antiexplozie<\/a><\/h4>\n<\/div>\n<\/div><\/div>\n\n\n\n<div class=\"wp-block-uagb-container uagb-block-29499fe0 alignfull uagb-is-root-container\"><div class=\"uagb-container-inner-blocks-wrap\">\n<div class=\"wp-block-uagb-container uagb-block-777ee1c7\">\n<div class=\"wp-block-uagb-image uagb-block-2e9a1851 wp-block-uagb-image--layout-default wp-block-uagb-image--effect-static wp-block-uagb-image--align-none\"><figure class=\"wp-block-uagb-image__figure\"><a class=\"\" href=\"https:\/\/led.amasly.com\/ro\/products\/\" target=\"\" rel=\"noopener\"><img decoding=\"async\" srcset=\"https:\/\/led.amasly.com\/wp-content\/uploads\/2024\/10\/50W-100W-150W-200W-300W-LED-Flood-Light.jpg ,https:\/\/led.amasly.com\/wp-content\/uploads\/2024\/10\/50W-100W-150W-200W-300W-LED-Flood-Light.jpg 780w, https:\/\/led.amasly.com\/wp-content\/uploads\/2024\/10\/50W-100W-150W-200W-300W-LED-Flood-Light.jpg 360w\" sizes=\"auto, (max-width: 480px) 150px\" src=\"https:\/\/led.amasly.com\/wp-content\/uploads\/2024\/10\/50W-100W-150W-200W-300W-LED-Flood-Light.jpg\" alt=\"\" class=\"uag-image-1526\" width=\"300\" height=\"300\" title=\"50W 100W 150W 200W 300W LED lumin\u0103 de inunda\u021bie\" loading=\"lazy\" role=\"img\"><\/a><\/figure><\/div>\n<\/div>\n\n\n\n<div class=\"wp-block-uagb-container uagb-block-af8c8683\">\n<div class=\"wp-block-uagb-image uagb-block-67947854 wp-block-uagb-image--layout-default wp-block-uagb-image--effect-static wp-block-uagb-image--align-none\"><figure class=\"wp-block-uagb-image__figure\"><a class=\"\" href=\"https:\/\/led.amasly.com\/ro\/products\/\" target=\"\" rel=\"noopener\"><img decoding=\"async\" srcset=\"https:\/\/led.amasly.com\/wp-content\/uploads\/2024\/07\/led-tri-proof-light.png ,https:\/\/led.amasly.com\/wp-content\/uploads\/2024\/07\/led-tri-proof-light.png 780w, https:\/\/led.amasly.com\/wp-content\/uploads\/2024\/07\/led-tri-proof-light.png 360w\" sizes=\"auto, (max-width: 480px) 150px\" src=\"https:\/\/led.amasly.com\/wp-content\/uploads\/2024\/07\/led-tri-proof-light.png\" alt=\"\" class=\"uag-image-1130\" width=\"300\" height=\"300\" title=\"led-tri-proof-light\" loading=\"lazy\" role=\"img\"><\/a><\/figure><\/div>\n<\/div>\n\n\n\n<div class=\"wp-block-uagb-container uagb-block-0fdfdd58\">\n<div class=\"wp-block-uagb-image uagb-block-1187d32d wp-block-uagb-image--layout-default wp-block-uagb-image--effect-static wp-block-uagb-image--align-none\"><figure class=\"wp-block-uagb-image__figure\"><a class=\"\" href=\"https:\/\/led.amasly.com\/ro\/products\/\" target=\"\" rel=\"noopener\"><img decoding=\"async\" srcset=\"https:\/\/led.amasly.com\/wp-content\/uploads\/2024\/07\/LED-street-light.jpg ,https:\/\/led.amasly.com\/wp-content\/uploads\/2024\/07\/LED-street-light.jpg 780w, https:\/\/led.amasly.com\/wp-content\/uploads\/2024\/07\/LED-street-light.jpg 360w\" sizes=\"auto, (max-width: 480px) 150px\" src=\"https:\/\/led.amasly.com\/wp-content\/uploads\/2024\/07\/LED-street-light.jpg\" alt=\"\" class=\"uag-image-1145\" width=\"300\" height=\"300\" title=\"LED-street-light\" loading=\"lazy\" role=\"img\"><\/a><\/figure><\/div>\n<\/div>\n<\/div><\/div>\n\n\n\n<div class=\"wp-block-uagb-container uagb-block-6a60882c alignfull uagb-is-root-container\"><div class=\"uagb-container-inner-blocks-wrap\">\n<div class=\"wp-block-uagb-container uagb-block-f1e91a35\">\n<h4 class=\"wp-block-heading has-text-align-center\"><a href=\"https:\/\/led.amasly.com\/ro\/products\/\">Lumini de inunda\u021bie cu LED<\/a><\/h4>\n<\/div>\n\n\n\n<div class=\"wp-block-uagb-container uagb-block-165bfa58\">\n<h4 class=\"wp-block-heading has-text-align-center\"><a href=\"https:\/\/led.amasly.com\/ro\/products\/\">Lumini LED Tri-Proof Tube<\/a><\/h4>\n<\/div>\n\n\n\n<div class=\"wp-block-uagb-container uagb-block-f6096e3b\">\n<h4 class=\"wp-block-heading has-text-align-center\"><a href=\"https:\/\/led.amasly.com\/ro\/products\/\">Lumini stradale cu LED<\/a><\/h4>\n<\/div>\n<\/div><\/div>\n\n\n\n<div class=\"wp-block-uagb-container uagb-block-99c0e0a5 alignfull uagb-is-root-container\"><div class=\"uagb-container-inner-blocks-wrap\"><\/div><\/div>\n\n\n\n<p><\/p>","protected":false},"excerpt":{"rendered":"<p>What is a Flame Proof Light? Key Features and Applications in Hazardous Environments Flame Proof Light, also known as explosion-proof lamps, are lamps specifically designed to operate safely in environments where combustible gas, steam, or combustible dust may be present. These lamps prevent ignition by containing potential sparks or heat within a rugged housing, making [&hellip;]<\/p>\n","protected":false},"author":1,"featured_media":0,"parent":2374,"menu_order":0,"comment_status":"closed","ping_status":"closed","template":"","meta":{"_uag_custom_page_level_css":"","site-sidebar-layout":"no-sidebar","site-content-layout":"","ast-site-content-layout":"default","site-content-style":"default","site-sidebar-style":"default","ast-global-header-display":"","ast-banner-title-visibility":"","ast-main-header-display":"","ast-hfb-above-header-display":"","ast-hfb-below-header-display":"","ast-hfb-mobile-header-display":"","site-post-title":"disabled","ast-breadcrumbs-content":"","ast-featured-img":"","footer-sml-layout":"","ast-disable-related-posts":"","theme-transparent-header-meta":"enabled","adv-header-id-meta":"","stick-header-meta":"","header-above-stick-meta":"","header-main-stick-meta":"","header-below-stick-meta":"","astra-migrate-meta-layouts":"set","ast-page-background-enabled":"default","ast-page-background-meta":{"desktop":{"background-color":"var(--ast-global-color-4)","background-image":"","background-repeat":"repeat","background-position":"center center","background-size":"auto","background-attachment":"scroll","background-type":"","background-media":"","overlay-type":"","overlay-color":"","overlay-opacity":"","overlay-gradient":""},"tablet":{"background-color":"","background-image":"","background-repeat":"repeat","background-position":"center center","background-size":"auto","background-attachment":"scroll","background-type":"","background-media":"","overlay-type":"","overlay-color":"","overlay-opacity":"","overlay-gradient":""},"mobile":{"background-color":"","background-image":"","background-repeat":"repeat","background-position":"center center","background-size":"auto","background-attachment":"scroll","background-type":"","background-media":"","overlay-type":"","overlay-color":"","overlay-opacity":"","overlay-gradient":""}},"ast-content-background-meta":{"desktop":{"background-color":"var(--ast-global-color-5)","background-image":"","background-repeat":"repeat","background-position":"center center","background-size":"auto","background-attachment":"scroll","background-type":"","background-media":"","overlay-type":"","overlay-color":"","overlay-opacity":"","overlay-gradient":""},"tablet":{"background-color":"var(--ast-global-color-5)","background-image":"","background-repeat":"repeat","background-position":"center center","background-size":"auto","background-attachment":"scroll","background-type":"","background-media":"","overlay-type":"","overlay-color":"","overlay-opacity":"","overlay-gradient":""},"mobile":{"background-color":"var(--ast-global-color-5)","background-image":"","background-repeat":"repeat","background-position":"center center","background-size":"auto","background-attachment":"scroll","background-type":"","background-media":"","overlay-type":"","overlay-color":"","overlay-opacity":"","overlay-gradient":""}},"footnotes":""},"class_list":["post-3027","page","type-page","status-publish","hentry"],"uagb_featured_image_src":{"full":false,"thumbnail":false,"medium":false,"medium_large":false,"large":false,"1536x1536":false,"2048x2048":false,"trp-custom-language-flag":false},"uagb_author_info":{"display_name":"Joe","author_link":"https:\/\/led.amasly.com\/ro\/author\/jacklin\/"},"uagb_comment_info":0,"uagb_excerpt":"What is a Flame Proof Light? Key Features and Applications in Hazardous Environments Flame Proof Light, also known as explosion-proof lamps, are lamps specifically designed to operate safely in environments where combustible gas, steam, or combustible dust may be present. These lamps prevent ignition by containing potential sparks or heat within a rugged housing, making&hellip;","_links":{"self":[{"href":"https:\/\/led.amasly.com\/ro\/wp-json\/wp\/v2\/pages\/3027","targetHints":{"allow":["GET"]}}],"collection":[{"href":"https:\/\/led.amasly.com\/ro\/wp-json\/wp\/v2\/pages"}],"about":[{"href":"https:\/\/led.amasly.com\/ro\/wp-json\/wp\/v2\/types\/page"}],"author":[{"embeddable":true,"href":"https:\/\/led.amasly.com\/ro\/wp-json\/wp\/v2\/users\/1"}],"replies":[{"embeddable":true,"href":"https:\/\/led.amasly.com\/ro\/wp-json\/wp\/v2\/comments?post=3027"}],"version-history":[{"count":1,"href":"https:\/\/led.amasly.com\/ro\/wp-json\/wp\/v2\/pages\/3027\/revisions"}],"predecessor-version":[{"id":3028,"href":"https:\/\/led.amasly.com\/ro\/wp-json\/wp\/v2\/pages\/3027\/revisions\/3028"}],"up":[{"embeddable":true,"href":"https:\/\/led.amasly.com\/ro\/wp-json\/wp\/v2\/pages\/2374"}],"wp:attachment":[{"href":"https:\/\/led.amasly.com\/ro\/wp-json\/wp\/v2\/media?parent=3027"}],"curies":[{"name":"wp","href":"https:\/\/api.w.org\/{rel}","templated":true}]}}