{"id":3016,"date":"2025-04-09T21:00:56","date_gmt":"2025-04-09T13:00:56","guid":{"rendered":"https:\/\/led.amasly.com\/?page_id=3016"},"modified":"2025-04-09T21:01:02","modified_gmt":"2025-04-09T13:01:02","slug":"where-is-explosion-proof-lighting-required","status":"publish","type":"page","link":"https:\/\/led.amasly.com\/ro\/knowledge\/explosion-proof-products-knowledge\/where-is-explosion-proof-lighting-required\/","title":{"rendered":"Unde este necesar iluminatul antideflagrant?"},"content":{"rendered":"<div class=\"wp-block-uagb-container uagb-block-27bae773 alignfull uagb-is-root-container\"><div class=\"uagb-container-inner-blocks-wrap\"><\/div><\/div>\n\n\n\n<h2 class=\"wp-block-heading has-text-align-center\"><strong>Unde este necesar iluminatul antideflagrant?<\/strong><strong><\/strong><\/h2>\n\n\n\n<div class=\"wp-block-uagb-image uagb-block-da1360b5 wp-block-uagb-image--layout-default wp-block-uagb-image--effect-static wp-block-uagb-image--align-none\"><figure class=\"wp-block-uagb-image__figure\"><img decoding=\"async\" srcset=\"https:\/\/led.amasly.com\/wp-content\/uploads\/2025\/01\/LED-explosion-proof-flood-lights.png ,https:\/\/led.amasly.com\/wp-content\/uploads\/2025\/01\/LED-explosion-proof-flood-lights.png 780w, https:\/\/led.amasly.com\/wp-content\/uploads\/2025\/01\/LED-explosion-proof-flood-lights.png 360w\" sizes=\"auto, (max-width: 480px) 150px\" src=\"https:\/\/led.amasly.com\/wp-content\/uploads\/2025\/01\/LED-explosion-proof-flood-lights.png\" alt=\"\" class=\"uag-image-1675\" width=\"1004\" height=\"308\" title=\"Lumini de inunda\u021bie cu LED-uri antiexplozie\" loading=\"lazy\" role=\"img\"><\/figure><\/div>\n\n\n\n<p>L\u0103mpile antideflagrante \u0219i l\u0103mpile de urgen\u021b\u0103 antideflagrante sunt utilizate \u00een principal \u00een medii inflamabile \u0219i explozive pentru a asigura siguran\u021ba echipamentelor de iluminat \u00een medii speciale. Acestea sunt utilizate pe scar\u0103 larg\u0103 \u00een urm\u0103toarele medii:<\/p>\n\n\n\n<h2 class=\"wp-block-heading\"><strong>1. industria petrochimic\u0103:<\/strong><strong><\/strong><\/h2>\n\n\n\n<p>Benzin\u0103rii, c\u00e2mpuri de petrol \u0219i gaze, rafin\u0103rii de petrol, uzine de produc\u021bie chimic\u0103 etc.<\/p>\n\n\n\n<p>L\u0103mpile antideflagrante pot asigura c\u0103 nu vor ap\u0103rea sc\u00e2ntei sau supra\u00eenc\u0103lzire \u00een medii \u00een care sunt prezente scurgeri de ulei sau gaz sau alte gaze inflamabile, reduc\u00e2nd astfel riscul de incendiu sau explozie.<\/p>\n\n\n\n<h2 class=\"wp-block-heading\"><strong>2. Minerit:<\/strong><strong><\/strong><\/h2>\n\n\n\n<p>Mine de c\u0103rbune, mine de metale etc.<\/p>\n\n\n\n<p>Minele de c\u0103rbune \u0219i alte locuri sunt predispuse la acumularea de gaze inflamabile \u0219i praf, utilizarea luminilor antideflagrante \u0219i a luminilor de urgen\u021b\u0103 poate evita \u00een mod eficient accidentele cauzate de sc\u00e2ntei de la echipamentele electrice.<\/p>\n\n\n\n<h2 class=\"wp-block-heading\"><strong>3. nave \u0219i porturi:<\/strong><strong><\/strong><\/h2>\n\n\n\n<p>Cisterne, transportoare de produse chimice, etc..<\/p>\n\n\n\n<p>Navele \u0219i porturile au adesea substan\u021be inflamabile \u0219i explozive \u00een zona de operare, astfel \u00eenc\u00e2t este necesar s\u0103 se utilizeze echipamente de iluminat rezistente la explozii.<\/p>\n\n\n\n<h2 class=\"wp-block-heading\"><strong>4. Industria energiei electrice \u0219i energetice:<\/strong><strong><\/strong><\/h2>\n\n\n\n<p>Centrale electrice, substa\u021bii, atelier de \u00eentre\u021binere a echipamentelor energetice. Prezen\u021ba temperaturilor ridicate, a gazelor inflamabile \u0219i a substan\u021belor chimice face ca luminile rezistente la explozii s\u0103 devin\u0103 echipamente esen\u021biale.<\/p>\n\n\n\n<h2 class=\"wp-block-heading\"><strong>5. industria farmaceutic\u0103:<\/strong><strong><\/strong><\/h2>\n\n\n\n<p>Fabrici \u0219i laboratoare farmaceutice etc..<\/p>\n\n\n\n<p>Anumite substan\u021be chimice \u0219i gaze sunt inflamabile, l\u0103mpile rezistente la explozii pot asigura siguran\u021ba mediului de lucru.<\/p>\n\n\n\n<h2 class=\"wp-block-heading\"><strong>6. Depozitarea \u0219i transportul substan\u021belor chimice periculoase:<\/strong><strong><\/strong><\/h2>\n\n\n\n<p>Depozite chimice, centre de distribu\u021bie a materialelor periculoase, etc..<\/p>\n\n\n\n<p>\u00cen aceste locuri se depoziteaz\u0103 adesea substan\u021be chimice volatile sau gaze toxice, utilizarea echipamentelor antiexplozie este esen\u021bial\u0103.<\/p>\n\n\n\n<h2 class=\"wp-block-heading\"><strong>7. fabrici de prelucrare a alimentelor:<\/strong><strong><\/strong><\/h2>\n\n\n\n<p>\u00cen special prelucrarea alimentelor care implic\u0103 gr\u0103simi \u0219i uleiuri inflamabile.<\/p>\n\n\n\n<p>L\u0103mpile antideflagrante pot evita accidentele cauzate de echipamentele de iluminat.<\/p>\n\n\n\n<h2 class=\"wp-block-heading\"><strong>8. militare \u0219i aerospa\u021biale:<\/strong><strong><\/strong><\/h2>\n\n\n\n<p>Aceste site-uri implic\u0103 adesea materiale \u0219i gaze inflamabile \u0219i cu risc ridicat, l\u0103mpile rezistente la explozii pot asigura siguran\u021ba echipamentelor de iluminat.<\/p>\n\n\n\n<h2 class=\"wp-block-heading\"><strong>9. Instala\u021bii subterane urbane:<\/strong><strong><\/strong><\/h2>\n\n\n\n<p>Metrou, centre comerciale subterane, parc\u0103ri subterane \u0219i a\u0219a mai departe.<\/p>\n\n\n\n<p>\u00cen medii restr\u00e2nse, l\u0103mpile antideflagrante pot preveni eficient accidentele de incendiu.<\/p>\n\n\n\n<p class=\"has-text-align-left\">\u00cen aceste medii speciale, l\u0103mpile antideflagrante \u0219i luminile de urgen\u021b\u0103 antideflagrante sunt echipate cu standarde stricte de proiectare, inclusiv carcase antideflagrante, prevenirea incendiilor, impermeabilizarea \u0219i alte caracteristici pentru a se asigura c\u0103 echipamentul nu va provoca o explozie sau un incendiu \u00een condi\u021bii anormale.<\/p>\n\n\n\n<div class=\"wp-block-uagb-container uagb-block-c7d898dd alignfull uagb-is-root-container\"><div class=\"uagb-container-inner-blocks-wrap\"><\/div><\/div>\n\n\n\n<h2 class=\"wp-block-heading\">Produse conexe<\/h2>\n\n\n\n<div class=\"wp-block-uagb-container uagb-block-66e4defc alignfull uagb-is-root-container\"><div class=\"uagb-container-inner-blocks-wrap\">\n<div class=\"wp-block-uagb-container uagb-block-a42945f9\">\n<div class=\"wp-block-uagb-image uagb-block-7296296b wp-block-uagb-image--layout-default wp-block-uagb-image--effect-static wp-block-uagb-image--align-none\"><figure class=\"wp-block-uagb-image__figure\"><a class=\"\" href=\"https:\/\/led.amasly.com\/ro\/products\/\" target=\"\" rel=\"noopener\"><img decoding=\"async\" srcset=\"https:\/\/led.amasly.com\/wp-content\/uploads\/2024\/09\/Explosion-proof-high-bay-lights.png ,https:\/\/led.amasly.com\/wp-content\/uploads\/2024\/09\/Explosion-proof-high-bay-lights.png 780w, https:\/\/led.amasly.com\/wp-content\/uploads\/2024\/09\/Explosion-proof-high-bay-lights.png 360w\" sizes=\"auto, (max-width: 480px) 150px\" src=\"https:\/\/led.amasly.com\/wp-content\/uploads\/2024\/09\/Explosion-proof-high-bay-lights.png\" alt=\"\" class=\"uag-image-1495\" width=\"300\" height=\"300\" title=\"Lumini de \u00eenalt\u0103 rezisten\u021b\u0103 la explozie\" loading=\"lazy\" role=\"img\"><\/a><\/figure><\/div>\n<\/div>\n\n\n\n<div class=\"wp-block-uagb-container uagb-block-4d3efde5\">\n<div class=\"wp-block-uagb-image uagb-block-c9e90797 wp-block-uagb-image--layout-default wp-block-uagb-image--effect-static wp-block-uagb-image--align-none\"><figure class=\"wp-block-uagb-image__figure\"><a class=\"\" href=\"https:\/\/led.amasly.com\/ro\/products\/\" target=\"\" rel=\"noopener\"><img decoding=\"async\" srcset=\"https:\/\/led.amasly.com\/wp-content\/uploads\/2024\/07\/LED-tri-proof-lights2.png ,https:\/\/led.amasly.com\/wp-content\/uploads\/2024\/07\/LED-tri-proof-lights2.png 780w, https:\/\/led.amasly.com\/wp-content\/uploads\/2024\/07\/LED-tri-proof-lights2.png 360w\" sizes=\"auto, (max-width: 480px) 150px\" src=\"https:\/\/led.amasly.com\/wp-content\/uploads\/2024\/07\/LED-tri-proof-lights2.png\" alt=\"\" class=\"uag-image-1132\" width=\"300\" height=\"300\" title=\"LED-tri-proof-lights2\" loading=\"lazy\" role=\"img\"><\/a><\/figure><\/div>\n<\/div>\n\n\n\n<div class=\"wp-block-uagb-container uagb-block-11c2578b\">\n<div class=\"wp-block-uagb-image uagb-block-6e8883aa wp-block-uagb-image--layout-default wp-block-uagb-image--effect-static wp-block-uagb-image--align-none\"><figure class=\"wp-block-uagb-image__figure\"><a class=\"\" href=\"https:\/\/led.amasly.com\/ro\/products\/\" target=\"\" rel=\"noopener\"><img decoding=\"async\" srcset=\"https:\/\/led.amasly.com\/wp-content\/uploads\/2024\/09\/LED-Explosion-Proof-Gas-Station-Light.png ,https:\/\/led.amasly.com\/wp-content\/uploads\/2024\/09\/LED-Explosion-Proof-Gas-Station-Light.png 780w, https:\/\/led.amasly.com\/wp-content\/uploads\/2024\/09\/LED-Explosion-Proof-Gas-Station-Light.png 360w\" sizes=\"auto, (max-width: 480px) 150px\" src=\"https:\/\/led.amasly.com\/wp-content\/uploads\/2024\/09\/LED-Explosion-Proof-Gas-Station-Light.png\" alt=\"\" class=\"uag-image-1501\" width=\"300\" height=\"300\" title=\"LED lumina sta\u021biei de benzin\u0103 cu dovada exploziei\" loading=\"lazy\" role=\"img\"><\/a><\/figure><\/div>\n<\/div>\n<\/div><\/div>\n\n\n\n<div class=\"wp-block-uagb-container uagb-block-548945b5 alignfull uagb-is-root-container\"><div class=\"uagb-container-inner-blocks-wrap\">\n<div class=\"wp-block-uagb-container uagb-block-967755d5\">\n<h4 class=\"wp-block-heading has-text-align-center\"><a href=\"https:\/\/led.amasly.com\/ro\/products\/\">Lumini LED antiexplozie<\/a><\/h4>\n<\/div>\n\n\n\n<div class=\"wp-block-uagb-container uagb-block-9bc52fc2\">\n<h4 class=\"wp-block-heading has-text-align-center\"><a href=\"https:\/\/led.amasly.com\/ro\/products\/\">Lumini LED Tri-Proof<\/a><\/h4>\n<\/div>\n\n\n\n<div class=\"wp-block-uagb-container uagb-block-8ffa0a23\">\n<h4 class=\"wp-block-heading has-text-align-center\"><a href=\"https:\/\/led.amasly.com\/ro\/products\/\">Lumini de sta\u021bie de benzin\u0103 antiexplozie<\/a><\/h4>\n<\/div>\n<\/div><\/div>\n\n\n\n<div class=\"wp-block-uagb-container uagb-block-29499fe0 alignfull uagb-is-root-container\"><div class=\"uagb-container-inner-blocks-wrap\">\n<div class=\"wp-block-uagb-container uagb-block-777ee1c7\">\n<div class=\"wp-block-uagb-image uagb-block-2e9a1851 wp-block-uagb-image--layout-default wp-block-uagb-image--effect-static wp-block-uagb-image--align-none\"><figure class=\"wp-block-uagb-image__figure\"><a class=\"\" href=\"https:\/\/led.amasly.com\/ro\/products\/\" target=\"\" rel=\"noopener\"><img decoding=\"async\" srcset=\"https:\/\/led.amasly.com\/wp-content\/uploads\/2024\/10\/50W-100W-150W-200W-300W-LED-Flood-Light.jpg ,https:\/\/led.amasly.com\/wp-content\/uploads\/2024\/10\/50W-100W-150W-200W-300W-LED-Flood-Light.jpg 780w, https:\/\/led.amasly.com\/wp-content\/uploads\/2024\/10\/50W-100W-150W-200W-300W-LED-Flood-Light.jpg 360w\" sizes=\"auto, (max-width: 480px) 150px\" src=\"https:\/\/led.amasly.com\/wp-content\/uploads\/2024\/10\/50W-100W-150W-200W-300W-LED-Flood-Light.jpg\" alt=\"\" class=\"uag-image-1526\" width=\"300\" height=\"300\" title=\"50W 100W 150W 200W 300W LED lumin\u0103 de inunda\u021bie\" loading=\"lazy\" role=\"img\"><\/a><\/figure><\/div>\n<\/div>\n\n\n\n<div class=\"wp-block-uagb-container uagb-block-af8c8683\">\n<div class=\"wp-block-uagb-image uagb-block-67947854 wp-block-uagb-image--layout-default wp-block-uagb-image--effect-static wp-block-uagb-image--align-none\"><figure class=\"wp-block-uagb-image__figure\"><a class=\"\" href=\"https:\/\/led.amasly.com\/ro\/products\/\" target=\"\" rel=\"noopener\"><img decoding=\"async\" srcset=\"https:\/\/led.amasly.com\/wp-content\/uploads\/2024\/07\/led-tri-proof-light.png ,https:\/\/led.amasly.com\/wp-content\/uploads\/2024\/07\/led-tri-proof-light.png 780w, https:\/\/led.amasly.com\/wp-content\/uploads\/2024\/07\/led-tri-proof-light.png 360w\" sizes=\"auto, (max-width: 480px) 150px\" src=\"https:\/\/led.amasly.com\/wp-content\/uploads\/2024\/07\/led-tri-proof-light.png\" alt=\"\" class=\"uag-image-1130\" width=\"300\" height=\"300\" title=\"led-tri-proof-light\" loading=\"lazy\" role=\"img\"><\/a><\/figure><\/div>\n<\/div>\n\n\n\n<div class=\"wp-block-uagb-container uagb-block-0fdfdd58\">\n<div class=\"wp-block-uagb-image uagb-block-1187d32d wp-block-uagb-image--layout-default wp-block-uagb-image--effect-static wp-block-uagb-image--align-none\"><figure class=\"wp-block-uagb-image__figure\"><a class=\"\" href=\"https:\/\/led.amasly.com\/ro\/products\/\" target=\"\" rel=\"noopener\"><img decoding=\"async\" srcset=\"https:\/\/led.amasly.com\/wp-content\/uploads\/2024\/07\/LED-street-light.jpg ,https:\/\/led.amasly.com\/wp-content\/uploads\/2024\/07\/LED-street-light.jpg 780w, https:\/\/led.amasly.com\/wp-content\/uploads\/2024\/07\/LED-street-light.jpg 360w\" sizes=\"auto, (max-width: 480px) 150px\" src=\"https:\/\/led.amasly.com\/wp-content\/uploads\/2024\/07\/LED-street-light.jpg\" alt=\"\" class=\"uag-image-1145\" width=\"300\" height=\"300\" title=\"LED-street-light\" loading=\"lazy\" role=\"img\"><\/a><\/figure><\/div>\n<\/div>\n<\/div><\/div>\n\n\n\n<div class=\"wp-block-uagb-container uagb-block-6a60882c alignfull uagb-is-root-container\"><div class=\"uagb-container-inner-blocks-wrap\">\n<div class=\"wp-block-uagb-container uagb-block-f1e91a35\">\n<h4 class=\"wp-block-heading has-text-align-center\"><a href=\"https:\/\/led.amasly.com\/ro\/products\/\">Lumini de inunda\u021bie cu LED<\/a><\/h4>\n<\/div>\n\n\n\n<div class=\"wp-block-uagb-container uagb-block-165bfa58\">\n<h4 class=\"wp-block-heading has-text-align-center\"><a href=\"https:\/\/led.amasly.com\/ro\/products\/\">Lumini LED Tri-Proof Tube<\/a><\/h4>\n<\/div>\n\n\n\n<div class=\"wp-block-uagb-container uagb-block-f6096e3b\">\n<h4 class=\"wp-block-heading has-text-align-center\"><a href=\"https:\/\/led.amasly.com\/ro\/products\/\">Lumini stradale cu LED<\/a><\/h4>\n<\/div>\n<\/div><\/div>\n\n\n\n<div class=\"wp-block-uagb-container uagb-block-99c0e0a5 alignfull uagb-is-root-container\"><div class=\"uagb-container-inner-blocks-wrap\"><\/div><\/div>\n\n\n\n<p><\/p>","protected":false},"excerpt":{"rendered":"<p>Where is explosion proof lighting required? Explosion proof lamps and explosion proof emergency lamps are mainly used in flammable and explosive environments to ensure the safety of lighting equipment in special environments. They are widely used in the following environments: 1. petrochemical industry: Gas stations, oil and gas fields, oil refineries, chemical production plants and [&hellip;]<\/p>\n","protected":false},"author":1,"featured_media":0,"parent":2374,"menu_order":0,"comment_status":"closed","ping_status":"closed","template":"","meta":{"_uag_custom_page_level_css":"","site-sidebar-layout":"no-sidebar","site-content-layout":"","ast-site-content-layout":"default","site-content-style":"default","site-sidebar-style":"default","ast-global-header-display":"","ast-banner-title-visibility":"","ast-main-header-display":"","ast-hfb-above-header-display":"","ast-hfb-below-header-display":"","ast-hfb-mobile-header-display":"","site-post-title":"disabled","ast-breadcrumbs-content":"","ast-featured-img":"","footer-sml-layout":"","ast-disable-related-posts":"","theme-transparent-header-meta":"enabled","adv-header-id-meta":"","stick-header-meta":"","header-above-stick-meta":"","header-main-stick-meta":"","header-below-stick-meta":"","astra-migrate-meta-layouts":"set","ast-page-background-enabled":"default","ast-page-background-meta":{"desktop":{"background-color":"var(--ast-global-color-4)","background-image":"","background-repeat":"repeat","background-position":"center center","background-size":"auto","background-attachment":"scroll","background-type":"","background-media":"","overlay-type":"","overlay-color":"","overlay-opacity":"","overlay-gradient":""},"tablet":{"background-color":"","background-image":"","background-repeat":"repeat","background-position":"center center","background-size":"auto","background-attachment":"scroll","background-type":"","background-media":"","overlay-type":"","overlay-color":"","overlay-opacity":"","overlay-gradient":""},"mobile":{"background-color":"","background-image":"","background-repeat":"repeat","background-position":"center center","background-size":"auto","background-attachment":"scroll","background-type":"","background-media":"","overlay-type":"","overlay-color":"","overlay-opacity":"","overlay-gradient":""}},"ast-content-background-meta":{"desktop":{"background-color":"var(--ast-global-color-5)","background-image":"","background-repeat":"repeat","background-position":"center center","background-size":"auto","background-attachment":"scroll","background-type":"","background-media":"","overlay-type":"","overlay-color":"","overlay-opacity":"","overlay-gradient":""},"tablet":{"background-color":"var(--ast-global-color-5)","background-image":"","background-repeat":"repeat","background-position":"center center","background-size":"auto","background-attachment":"scroll","background-type":"","background-media":"","overlay-type":"","overlay-color":"","overlay-opacity":"","overlay-gradient":""},"mobile":{"background-color":"var(--ast-global-color-5)","background-image":"","background-repeat":"repeat","background-position":"center center","background-size":"auto","background-attachment":"scroll","background-type":"","background-media":"","overlay-type":"","overlay-color":"","overlay-opacity":"","overlay-gradient":""}},"footnotes":""},"class_list":["post-3016","page","type-page","status-publish","hentry"],"uagb_featured_image_src":{"full":false,"thumbnail":false,"medium":false,"medium_large":false,"large":false,"1536x1536":false,"2048x2048":false,"trp-custom-language-flag":false},"uagb_author_info":{"display_name":"Joe","author_link":"https:\/\/led.amasly.com\/ro\/author\/jacklin\/"},"uagb_comment_info":0,"uagb_excerpt":"Where is explosion proof lighting required? Explosion proof lamps and explosion proof emergency lamps are mainly used in flammable and explosive environments to ensure the safety of lighting equipment in special environments. They are widely used in the following environments: 1. petrochemical industry: Gas stations, oil and gas fields, oil refineries, chemical production plants and&hellip;","_links":{"self":[{"href":"https:\/\/led.amasly.com\/ro\/wp-json\/wp\/v2\/pages\/3016","targetHints":{"allow":["GET"]}}],"collection":[{"href":"https:\/\/led.amasly.com\/ro\/wp-json\/wp\/v2\/pages"}],"about":[{"href":"https:\/\/led.amasly.com\/ro\/wp-json\/wp\/v2\/types\/page"}],"author":[{"embeddable":true,"href":"https:\/\/led.amasly.com\/ro\/wp-json\/wp\/v2\/users\/1"}],"replies":[{"embeddable":true,"href":"https:\/\/led.amasly.com\/ro\/wp-json\/wp\/v2\/comments?post=3016"}],"version-history":[{"count":1,"href":"https:\/\/led.amasly.com\/ro\/wp-json\/wp\/v2\/pages\/3016\/revisions"}],"predecessor-version":[{"id":3017,"href":"https:\/\/led.amasly.com\/ro\/wp-json\/wp\/v2\/pages\/3016\/revisions\/3017"}],"up":[{"embeddable":true,"href":"https:\/\/led.amasly.com\/ro\/wp-json\/wp\/v2\/pages\/2374"}],"wp:attachment":[{"href":"https:\/\/led.amasly.com\/ro\/wp-json\/wp\/v2\/media?parent=3016"}],"curies":[{"name":"wp","href":"https:\/\/api.w.org\/{rel}","templated":true}]}}