{"id":3015,"date":"2025-04-09T21:06:00","date_gmt":"2025-04-09T13:06:00","guid":{"rendered":"https:\/\/led.amasly.com\/?page_id=3015"},"modified":"2025-04-09T21:06:05","modified_gmt":"2025-04-09T13:06:05","slug":"what-is-the-standard-for-explosion-proof","status":"publish","type":"page","link":"https:\/\/led.amasly.com\/ro\/knowledge\/explosion-proof-products-knowledge\/what-is-the-standard-for-explosion-proof\/","title":{"rendered":"Care este standardul pentru rezisten\u021ba la explozie?"},"content":{"rendered":"<div class=\"wp-block-uagb-container uagb-block-27bae773 alignfull uagb-is-root-container\"><div class=\"uagb-container-inner-blocks-wrap\"><\/div><\/div>\n\n\n\n<h2 class=\"wp-block-heading has-text-align-center\"><strong>Care este standardul pentru <\/strong><strong>rezistent la explozie<\/strong><strong>?<\/strong><strong><\/strong><\/h2>\n\n\n\n<div class=\"wp-block-uagb-image uagb-block-da1360b5 wp-block-uagb-image--layout-default wp-block-uagb-image--effect-static wp-block-uagb-image--align-none\"><figure class=\"wp-block-uagb-image__figure\"><a class=\"\" href=\"https:\/\/led.amasly.com\/ro\/\" target=\"\" rel=\"noopener\"><img decoding=\"async\" srcset=\"https:\/\/led.amasly.com\/wp-content\/uploads\/2025\/01\/LED-explosion-proof-flood-lights.png ,https:\/\/led.amasly.com\/wp-content\/uploads\/2025\/01\/LED-explosion-proof-flood-lights.png 780w, https:\/\/led.amasly.com\/wp-content\/uploads\/2025\/01\/LED-explosion-proof-flood-lights.png 360w\" sizes=\"auto, (max-width: 480px) 150px\" src=\"https:\/\/led.amasly.com\/wp-content\/uploads\/2025\/01\/LED-explosion-proof-flood-lights.png\" alt=\"\" class=\"uag-image-1675\" width=\"1004\" height=\"308\" title=\"Lumini de inunda\u021bie cu LED-uri antiexplozie\" loading=\"lazy\" role=\"img\"><\/a><\/figure><\/div>\n\n\n\n<p>Standardele interna\u021bionale de protec\u021bie \u00eempotriva exploziilor sunt utilizate pentru a asigura c\u0103 echipamentele utilizate \u00een medii periculoase, cum ar fi cele \u00een care sunt prezente gaze, pulberi sau vapori inflamabili, nu vor provoca o explozie. Aceste standarde sunt recunoscute la nivel mondial, diferite regiuni av\u00e2nd propriile sisteme, dar cu acela\u0219i obiectiv principal de reducere a riscului de explozie prin mijloace tehnice.<\/p>\n\n\n\n<p>Cerin\u021bele \u0219i standardele specifice pentru certificarea global\u0103 a corpurilor de iluminat \u00eempotriva exploziilor pot varia de la regiune la regiune \u0219i de la \u021bar\u0103 la \u021bar\u0103.Care este standardul pentru iluminatul \u00eempotriva exploziilor?<\/p>\n\n\n\n<p>Mai jos este prezentat\u0103 o prezentare general\u0103 a unora dintre cerin\u021bele \u0219i standardele globale comune pentru certificarea \u00eempotriva exploziilor:<\/p>\n\n\n\n<h2 class=\"wp-block-heading\"><strong>UE ATEX:<\/strong><strong><\/strong><\/h2>\n\n\n\n<p>ATEX este setul european de directive privind echipamentele antiexplozive. Numele s\u0103u provine din expresia francez\u0103 \u201cAppareils destin\u00e9s \u00e0 \u00eatre utilis\u00e9s en ATmosph\u00e8res EXplosibles\u201d, adic\u0103 \u201cEchipamente destinate utiliz\u0103rii \u00een atmosfere explozive\u201d. ATEX const\u0103 din dou\u0103 directive principale:<\/p>\n\n\n\n<p>ATEX 95 (ATEX 100a) - Directiva 2014\/34\/UE: se aplic\u0103 echipamentelor \u0219i sistemelor de protec\u021bie pentru utilizare \u00een atmosfere explozive. Directiva stabile\u0219te cerin\u021bele esen\u021biale de s\u0103n\u0103tate \u0219i siguran\u021b\u0103 care trebuie \u00eendeplinite de produc\u0103torii de echipamente, acoperind proiectarea, fabricarea \u0219i testarea.<\/p>\n\n\n\n<p>ATEX 137 - Directiva 1999\/92\/CE: se aplic\u0103 locurilor de munc\u0103 \u00een atmosfere explozive. Directiva stabile\u0219te m\u0103surile pe care angajatorii trebuie s\u0103 le ia pentru a asigura siguran\u021ba \u0219i s\u0103n\u0103tatea angaja\u021bilor lor, inclusiv evaluarea riscurilor, clasificarea zonelor \u0219i formarea adecvat\u0103 \u00een domeniul siguran\u021bei.<\/p>\n\n\n\n<p>Certificare ATEX (UE): ATEX (Atmosph\u00e8res Explosibles) este cerin\u021ba de certificare a Uniunii Europene pentru echipamentele utilizate \u00een medii cu poten\u021bial exploziv de gaze, vapori sau praf. Standardele sale principale includ EN 60079-0 \u0219i EN 60079-1.<\/p>\n\n\n\n<p>Certificarea ATEX se aplic\u0103 statelor membre ale UE, iar echipamentele trebuie s\u0103 fie conforme cu aceste directive pentru a putea fi v\u00e2ndute \u0219i utilizate pe pia\u021ba UE.<\/p>\n\n\n\n<h2 class=\"wp-block-heading\"><strong><a href=\"http:\/\/www.ul.com\" rel=\"nofollow noopener\" target=\"_blank\">UL America de Nord<\/a><\/strong><\/h2>\n\n\n\n<p>\u00cen America de Nord (de exemplu, SUA \u0219i Canada), substan\u021bele explozive sunt clasificate \u00een trei categorii principale, \u0219i anume clasa I (gaze explozive), clasa II (pulberi explozive) \u0219i clasa III (fibre explozive). Fiecare categorie este, de asemenea, subdivizat\u0103 \u00een diferite grupuri, cum ar fi clasa I este \u00eemp\u0103r\u021bit\u0103 \u00een grupul A (acetilen\u0103), grupul B (hidrogen) \u0219i a\u0219a mai departe.<\/p>\n\n\n\n<p>Sistemul nord-american va fi \u00eemp\u0103r\u021bit \u00een dou\u0103 niveluri de loca\u021bii cu pericol de explozie, \u0219i anume, Diviziunea 1 \u0219i Diviziunea 2. 1 (Diviziunea 1) c\u0103, \u00een condi\u021bii normale de func\u021bionare, pot exista \u00eentotdeauna sau uneori gaze, pulberi \u0219i flotilaje explozive; 2 (Diviziunea 2) c\u0103, \u00een condi\u021bii normale de func\u021bionare, este pu\u021bin probabil ca aceste substan\u021be s\u0103 fie prezente.<\/p>\n\n\n\n<p>Certificare UL (S.U.A.): UL (Underwriters Laboratories) este un organism de certificare din SUA care evalueaz\u0103 \u0219i certific\u0103 performan\u021ba l\u0103mpilor \u0219i corpurilor de iluminat rezistente la explozii. UL 844 este un standard utilizat \u00een mod obi\u0219nuit pentru l\u0103mpile \u0219i corpurile de iluminat rezistente la explozii.<\/p>\n\n\n\n<p>Certificare CSA (Canada): CSA (Canadian Standards Association) este organismul canadian de certificare, performan\u021bele l\u0103mpilor \u0219i lanternelor antiexplozie pentru evaluarea \u0219i certificarea CSA C22.2 nr. 137 este pentru l\u0103mpile \u0219i lanternele antiexplozie utilizate \u00een mod obi\u0219nuit.<\/p>\n\n\n\n<h2 class=\"wp-block-heading\"><strong>China GB<\/strong><strong><\/strong><\/h2>\n\n\n\n<p>China adopt\u0103 \u00een principal metoda de divizare a Comisiei Electrotehnice (CEI), care \u00eemparte substan\u021bele explozive \u00een trei categorii, \u0219i anume, metan minier (clasa I), amestecuri de gaze explozive (clasa II) \u0219i prafuri \u0219i fibre explozive (clasa III). Fiecare clas\u0103 este \u00een continuare subdivizat\u0103 \u00een cadrul fiec\u0103rei categorii, de exemplu, clasa II este \u00eemp\u0103r\u021bit\u0103 \u00een clasa B (etilen\u0103 etc.) \u0219i clasa A (propan etc.).<\/p>\n\n\n\n<p>Standard GB (China): Comitetul na\u021bional chinez de standardizare a emis o serie de standarde na\u021bionale privind iluminatul antiexploziv, cum ar fi GB 3836.1 \u0219i GB 3836.2. China va fi \u00eemp\u0103r\u021bit\u0103 \u00een trei zone cu pericol de explozie, \u0219i anume, Zona 0 (Zona 0), Zona 1 (Zona 1\/Zona 21), Zona 2 (Zona 2\/Zona 22). Aceste zone se bazeaz\u0103 pe probabilitatea prezen\u021bei gazelor, vaporilor sau prafurilor explozive \u00een condi\u021bii normale de func\u021bionare.<\/p>\n\n\n\n<h2 class=\"wp-block-heading\"><strong>Regiunea CSI<\/strong><strong><\/strong><\/h2>\n\n\n\n<p>Certificare CU-TR pentru regiunea CSI (de exemplu, Rusia, Belarus, etc.)<\/p>\n\n\n\n<p>Introducere: Certificarea CU-TR este o certificare a reglement\u0103rilor tehnice ale Uniunii Vamale (inclusiv Rusia, Belarus, Kazahstan, Armenia \u0219i K\u00e2rg\u00e2zstan).<\/p>\n\n\n\n<p>Caracteristici: Marca sa de certificare este EAC, iar procesul de certificare se bazeaz\u0103 pe standarde similare cu cele ale CEI.<\/p>\n\n\n\n<p>Domeniul de aplicare: Pentru produc\u0103torii de produse de protec\u021bie \u00eempotriva exploziilor care doresc s\u0103 intre pe pia\u021ba Uniunii Vamale.<\/p>\n\n\n\n<h2 class=\"wp-block-heading\"><strong><a href=\"http:\/\/www.iecex-certs.com\/\" rel=\"nofollow noopener\" target=\"_blank\">IECEx<\/a><\/strong><\/h2>\n\n\n\n<p>IECEx este Comisia Electrotehnic\u0103 Interna\u021bional\u0103 (IEC) a dezvoltat sistemul interna\u021bional de certificare pentru echipamentele antiexplozie, denumirea complet\u0103 \u201cSistemul IEC de certificare a standardelor referitoare la echipamentele utilizate \u00een atmosfere explozive\u201d. Sistemul este conceput pentru a oferi un program de certificare consecvent la nivel mondial pentru a asigura siguran\u021ba echipamentelor \u0219i serviciilor utilizate \u00een atmosfere explozive.<\/p>\n\n\n\n<p>Certificare IECEx (interna\u021bional\u0103): IECEx (International Electrotechnical Commission Scheme for Certification to Standards Relating to Equipment for Use in Explosive Atmospheres) este un sistem interna\u021bional de certificare a echipamentelor utilizate \u00een atmosfere explozive de gaze \u0219i praf. Standardele utilizate \u00een mod obi\u0219nuit includ IEC 60079-0 \u0219i IEC 60079-1.<\/p>\n\n\n\n<p>Certificarea IECEx este recunoscut\u0103 la nivel mondial \u0219i nu este aplicabil\u0103 numai \u00een Uniunea European\u0103, ci este utilizat\u0103 pe scar\u0103 larg\u0103 \u00een alte \u021b\u0103ri \u0219i regiuni, cum ar fi Australia, China \u0219i Orientul Mijlociu, printre multe altele.<\/p>\n\n\n\n<h2 class=\"wp-block-heading\"><strong>Certificarea protec\u021biei \u00eempotriva exploziilor \u00een alte \u021b\u0103ri \u0219i regiuni<\/strong><strong><\/strong><\/h2>\n\n\n\n<p>Japonia: TIIS (Japan Industrial Safety Technology Association) pentru organismele de certificare a echipamentelor electrice antiexplozie desemnate de Ministerul S\u0103n\u0103t\u0103\u021bii, Muncii \u0219i Protec\u021biei Sociale din Japonia.<\/p>\n\n\n\n<p>Coreea: Certificarea KC se aplic\u0103 pe pia\u021ba coreean\u0103, produc\u0103torii care au ob\u021binut deja certificatul IECEx, cu certificatul, raportul de testare \u0219i documentele tehnice pentru a aplica pentru certificatul KC coreean.<\/p>\n\n\n\n<p>EAU: ECASEx este o certificare obligatorie pentru echipamentele electrice utilizate \u00een atmosfere poten\u021bial explozive de c\u0103tre ESMA, Autoritatea Emiratelor pentru Standardizare \u0219i Metrologie.<\/p>\n\n\n\n<p>Brazilia: Marca INMETRO este o certificare obligatorie sub autoritatea Organiza\u021biei Na\u021bionale de Audit (INMETRO) din Brazilia.<\/p>\n\n\n\n<p class=\"has-text-align-center\">Australia \u0219i Noua Zeeland\u0103: Certificatele IECEx sunt recunoscute direct.<\/p>\n\n\n\n<div class=\"wp-block-uagb-container uagb-block-c7d898dd alignfull uagb-is-root-container\"><div class=\"uagb-container-inner-blocks-wrap\"><\/div><\/div>\n\n\n\n<h2 class=\"wp-block-heading\">Produse conexe<\/h2>\n\n\n\n<div class=\"wp-block-uagb-container uagb-block-66e4defc alignfull uagb-is-root-container\"><div class=\"uagb-container-inner-blocks-wrap\">\n<div class=\"wp-block-uagb-container uagb-block-a42945f9\">\n<div class=\"wp-block-uagb-image uagb-block-7296296b wp-block-uagb-image--layout-default wp-block-uagb-image--effect-static wp-block-uagb-image--align-none\"><figure class=\"wp-block-uagb-image__figure\"><a class=\"\" href=\"https:\/\/led.amasly.com\/ro\/products\/\" target=\"\" rel=\"noopener\"><img decoding=\"async\" srcset=\"https:\/\/led.amasly.com\/wp-content\/uploads\/2024\/09\/Explosion-proof-high-bay-lights.png ,https:\/\/led.amasly.com\/wp-content\/uploads\/2024\/09\/Explosion-proof-high-bay-lights.png 780w, https:\/\/led.amasly.com\/wp-content\/uploads\/2024\/09\/Explosion-proof-high-bay-lights.png 360w\" sizes=\"auto, (max-width: 480px) 150px\" src=\"https:\/\/led.amasly.com\/wp-content\/uploads\/2024\/09\/Explosion-proof-high-bay-lights.png\" alt=\"\" class=\"uag-image-1495\" width=\"300\" height=\"300\" title=\"Lumini de \u00eenalt\u0103 rezisten\u021b\u0103 la explozie\" loading=\"lazy\" role=\"img\"><\/a><\/figure><\/div>\n<\/div>\n\n\n\n<div class=\"wp-block-uagb-container uagb-block-4d3efde5\">\n<div class=\"wp-block-uagb-image uagb-block-c9e90797 wp-block-uagb-image--layout-default wp-block-uagb-image--effect-static wp-block-uagb-image--align-none\"><figure class=\"wp-block-uagb-image__figure\"><a class=\"\" href=\"https:\/\/led.amasly.com\/ro\/products\/\" target=\"\" rel=\"noopener\"><img decoding=\"async\" srcset=\"https:\/\/led.amasly.com\/wp-content\/uploads\/2024\/07\/LED-tri-proof-lights2.png ,https:\/\/led.amasly.com\/wp-content\/uploads\/2024\/07\/LED-tri-proof-lights2.png 780w, https:\/\/led.amasly.com\/wp-content\/uploads\/2024\/07\/LED-tri-proof-lights2.png 360w\" sizes=\"auto, (max-width: 480px) 150px\" src=\"https:\/\/led.amasly.com\/wp-content\/uploads\/2024\/07\/LED-tri-proof-lights2.png\" alt=\"\" class=\"uag-image-1132\" width=\"300\" height=\"300\" title=\"LED-tri-proof-lights2\" loading=\"lazy\" role=\"img\"><\/a><\/figure><\/div>\n<\/div>\n\n\n\n<div class=\"wp-block-uagb-container uagb-block-11c2578b\">\n<div class=\"wp-block-uagb-image uagb-block-6e8883aa wp-block-uagb-image--layout-default wp-block-uagb-image--effect-static wp-block-uagb-image--align-none\"><figure class=\"wp-block-uagb-image__figure\"><a class=\"\" href=\"https:\/\/led.amasly.com\/ro\/products\/\" target=\"\" rel=\"noopener\"><img decoding=\"async\" srcset=\"https:\/\/led.amasly.com\/wp-content\/uploads\/2024\/09\/LED-Explosion-Proof-Gas-Station-Light.png ,https:\/\/led.amasly.com\/wp-content\/uploads\/2024\/09\/LED-Explosion-Proof-Gas-Station-Light.png 780w, https:\/\/led.amasly.com\/wp-content\/uploads\/2024\/09\/LED-Explosion-Proof-Gas-Station-Light.png 360w\" sizes=\"auto, (max-width: 480px) 150px\" src=\"https:\/\/led.amasly.com\/wp-content\/uploads\/2024\/09\/LED-Explosion-Proof-Gas-Station-Light.png\" alt=\"\" class=\"uag-image-1501\" width=\"300\" height=\"300\" title=\"LED lumina sta\u021biei de benzin\u0103 cu dovada exploziei\" loading=\"lazy\" role=\"img\"><\/a><\/figure><\/div>\n<\/div>\n<\/div><\/div>\n\n\n\n<div class=\"wp-block-uagb-container uagb-block-548945b5 alignfull uagb-is-root-container\"><div class=\"uagb-container-inner-blocks-wrap\">\n<div class=\"wp-block-uagb-container uagb-block-967755d5\">\n<h4 class=\"wp-block-heading has-text-align-center\"><a href=\"https:\/\/led.amasly.com\/ro\/products\/\">Lumini LED antiexplozie<\/a><\/h4>\n<\/div>\n\n\n\n<div class=\"wp-block-uagb-container uagb-block-9bc52fc2\">\n<h4 class=\"wp-block-heading has-text-align-center\"><a href=\"https:\/\/led.amasly.com\/ro\/products\/\">Lumini LED Tri-Proof<\/a><\/h4>\n<\/div>\n\n\n\n<div class=\"wp-block-uagb-container uagb-block-8ffa0a23\">\n<h4 class=\"wp-block-heading has-text-align-center\"><a href=\"https:\/\/led.amasly.com\/ro\/products\/\">Lumini de sta\u021bie de benzin\u0103 antiexplozie<\/a><\/h4>\n<\/div>\n<\/div><\/div>\n\n\n\n<div class=\"wp-block-uagb-container uagb-block-29499fe0 alignfull uagb-is-root-container\"><div class=\"uagb-container-inner-blocks-wrap\">\n<div class=\"wp-block-uagb-container uagb-block-777ee1c7\">\n<div class=\"wp-block-uagb-image uagb-block-2e9a1851 wp-block-uagb-image--layout-default wp-block-uagb-image--effect-static wp-block-uagb-image--align-none\"><figure class=\"wp-block-uagb-image__figure\"><a class=\"\" href=\"https:\/\/led.amasly.com\/ro\/products\/\" target=\"\" rel=\"noopener\"><img decoding=\"async\" srcset=\"https:\/\/led.amasly.com\/wp-content\/uploads\/2024\/10\/50W-100W-150W-200W-300W-LED-Flood-Light.jpg ,https:\/\/led.amasly.com\/wp-content\/uploads\/2024\/10\/50W-100W-150W-200W-300W-LED-Flood-Light.jpg 780w, https:\/\/led.amasly.com\/wp-content\/uploads\/2024\/10\/50W-100W-150W-200W-300W-LED-Flood-Light.jpg 360w\" sizes=\"auto, (max-width: 480px) 150px\" src=\"https:\/\/led.amasly.com\/wp-content\/uploads\/2024\/10\/50W-100W-150W-200W-300W-LED-Flood-Light.jpg\" alt=\"\" class=\"uag-image-1526\" width=\"300\" height=\"300\" title=\"50W 100W 150W 200W 300W LED lumin\u0103 de inunda\u021bie\" loading=\"lazy\" role=\"img\"><\/a><\/figure><\/div>\n<\/div>\n\n\n\n<div class=\"wp-block-uagb-container uagb-block-af8c8683\">\n<div class=\"wp-block-uagb-image uagb-block-67947854 wp-block-uagb-image--layout-default wp-block-uagb-image--effect-static wp-block-uagb-image--align-none\"><figure class=\"wp-block-uagb-image__figure\"><a class=\"\" href=\"https:\/\/led.amasly.com\/ro\/products\/\" target=\"\" rel=\"noopener\"><img decoding=\"async\" srcset=\"https:\/\/led.amasly.com\/wp-content\/uploads\/2024\/07\/led-tri-proof-light.png ,https:\/\/led.amasly.com\/wp-content\/uploads\/2024\/07\/led-tri-proof-light.png 780w, https:\/\/led.amasly.com\/wp-content\/uploads\/2024\/07\/led-tri-proof-light.png 360w\" sizes=\"auto, (max-width: 480px) 150px\" src=\"https:\/\/led.amasly.com\/wp-content\/uploads\/2024\/07\/led-tri-proof-light.png\" alt=\"\" class=\"uag-image-1130\" width=\"300\" height=\"300\" title=\"led-tri-proof-light\" loading=\"lazy\" role=\"img\"><\/a><\/figure><\/div>\n<\/div>\n\n\n\n<div class=\"wp-block-uagb-container uagb-block-0fdfdd58\">\n<div class=\"wp-block-uagb-image uagb-block-1187d32d wp-block-uagb-image--layout-default wp-block-uagb-image--effect-static wp-block-uagb-image--align-none\"><figure class=\"wp-block-uagb-image__figure\"><a class=\"\" href=\"https:\/\/led.amasly.com\/ro\/products\/\" target=\"\" rel=\"noopener\"><img decoding=\"async\" srcset=\"https:\/\/led.amasly.com\/wp-content\/uploads\/2024\/07\/LED-street-light.jpg ,https:\/\/led.amasly.com\/wp-content\/uploads\/2024\/07\/LED-street-light.jpg 780w, https:\/\/led.amasly.com\/wp-content\/uploads\/2024\/07\/LED-street-light.jpg 360w\" sizes=\"auto, (max-width: 480px) 150px\" src=\"https:\/\/led.amasly.com\/wp-content\/uploads\/2024\/07\/LED-street-light.jpg\" alt=\"\" class=\"uag-image-1145\" width=\"300\" height=\"300\" title=\"LED-street-light\" loading=\"lazy\" role=\"img\"><\/a><\/figure><\/div>\n<\/div>\n<\/div><\/div>\n\n\n\n<div class=\"wp-block-uagb-container uagb-block-6a60882c alignfull uagb-is-root-container\"><div class=\"uagb-container-inner-blocks-wrap\">\n<div class=\"wp-block-uagb-container uagb-block-f1e91a35\">\n<h4 class=\"wp-block-heading has-text-align-center\"><a href=\"https:\/\/led.amasly.com\/ro\/products\/\">Lumini de inunda\u021bie cu LED<\/a><\/h4>\n<\/div>\n\n\n\n<div class=\"wp-block-uagb-container uagb-block-165bfa58\">\n<h4 class=\"wp-block-heading has-text-align-center\"><a href=\"https:\/\/led.amasly.com\/ro\/products\/\">Lumini LED Tri-Proof Tube<\/a><\/h4>\n<\/div>\n\n\n\n<div class=\"wp-block-uagb-container uagb-block-f6096e3b\">\n<h4 class=\"wp-block-heading has-text-align-center\"><a href=\"https:\/\/led.amasly.com\/ro\/products\/\">Lumini stradale cu LED<\/a><\/h4>\n<\/div>\n<\/div><\/div>\n\n\n\n<div class=\"wp-block-uagb-container uagb-block-99c0e0a5 alignfull uagb-is-root-container\"><div class=\"uagb-container-inner-blocks-wrap\"><\/div><\/div>\n\n\n\n<p><\/p>","protected":false},"excerpt":{"rendered":"<p>What is the standard for explosion proof? International explosion proof&nbsp;standards are used to ensure that equipment used in hazardous environments, such as those where flammable gases, dusts or vapors are present, will not cause an explosion. These standards are recognized globally, with different regions having their own systems, but with the same core objective of [&hellip;]<\/p>\n","protected":false},"author":1,"featured_media":0,"parent":2374,"menu_order":0,"comment_status":"closed","ping_status":"closed","template":"","meta":{"_uag_custom_page_level_css":"","site-sidebar-layout":"no-sidebar","site-content-layout":"","ast-site-content-layout":"default","site-content-style":"default","site-sidebar-style":"default","ast-global-header-display":"","ast-banner-title-visibility":"","ast-main-header-display":"","ast-hfb-above-header-display":"","ast-hfb-below-header-display":"","ast-hfb-mobile-header-display":"","site-post-title":"disabled","ast-breadcrumbs-content":"","ast-featured-img":"","footer-sml-layout":"","ast-disable-related-posts":"","theme-transparent-header-meta":"enabled","adv-header-id-meta":"","stick-header-meta":"","header-above-stick-meta":"","header-main-stick-meta":"","header-below-stick-meta":"","astra-migrate-meta-layouts":"set","ast-page-background-enabled":"default","ast-page-background-meta":{"desktop":{"background-color":"var(--ast-global-color-4)","background-image":"","background-repeat":"repeat","background-position":"center center","background-size":"auto","background-attachment":"scroll","background-type":"","background-media":"","overlay-type":"","overlay-color":"","overlay-opacity":"","overlay-gradient":""},"tablet":{"background-color":"","background-image":"","background-repeat":"repeat","background-position":"center center","background-size":"auto","background-attachment":"scroll","background-type":"","background-media":"","overlay-type":"","overlay-color":"","overlay-opacity":"","overlay-gradient":""},"mobile":{"background-color":"","background-image":"","background-repeat":"repeat","background-position":"center center","background-size":"auto","background-attachment":"scroll","background-type":"","background-media":"","overlay-type":"","overlay-color":"","overlay-opacity":"","overlay-gradient":""}},"ast-content-background-meta":{"desktop":{"background-color":"var(--ast-global-color-5)","background-image":"","background-repeat":"repeat","background-position":"center center","background-size":"auto","background-attachment":"scroll","background-type":"","background-media":"","overlay-type":"","overlay-color":"","overlay-opacity":"","overlay-gradient":""},"tablet":{"background-color":"var(--ast-global-color-5)","background-image":"","background-repeat":"repeat","background-position":"center center","background-size":"auto","background-attachment":"scroll","background-type":"","background-media":"","overlay-type":"","overlay-color":"","overlay-opacity":"","overlay-gradient":""},"mobile":{"background-color":"var(--ast-global-color-5)","background-image":"","background-repeat":"repeat","background-position":"center center","background-size":"auto","background-attachment":"scroll","background-type":"","background-media":"","overlay-type":"","overlay-color":"","overlay-opacity":"","overlay-gradient":""}},"footnotes":""},"class_list":["post-3015","page","type-page","status-publish","hentry"],"uagb_featured_image_src":{"full":false,"thumbnail":false,"medium":false,"medium_large":false,"large":false,"1536x1536":false,"2048x2048":false,"trp-custom-language-flag":false},"uagb_author_info":{"display_name":"Joe","author_link":"https:\/\/led.amasly.com\/ro\/author\/jacklin\/"},"uagb_comment_info":0,"uagb_excerpt":"What is the standard for explosion proof? International explosion proof&nbsp;standards are used to ensure that equipment used in hazardous environments, such as those where flammable gases, dusts or vapors are present, will not cause an explosion. These standards are recognized globally, with different regions having their own systems, but with the same core objective of&hellip;","_links":{"self":[{"href":"https:\/\/led.amasly.com\/ro\/wp-json\/wp\/v2\/pages\/3015","targetHints":{"allow":["GET"]}}],"collection":[{"href":"https:\/\/led.amasly.com\/ro\/wp-json\/wp\/v2\/pages"}],"about":[{"href":"https:\/\/led.amasly.com\/ro\/wp-json\/wp\/v2\/types\/page"}],"author":[{"embeddable":true,"href":"https:\/\/led.amasly.com\/ro\/wp-json\/wp\/v2\/users\/1"}],"replies":[{"embeddable":true,"href":"https:\/\/led.amasly.com\/ro\/wp-json\/wp\/v2\/comments?post=3015"}],"version-history":[{"count":1,"href":"https:\/\/led.amasly.com\/ro\/wp-json\/wp\/v2\/pages\/3015\/revisions"}],"predecessor-version":[{"id":3018,"href":"https:\/\/led.amasly.com\/ro\/wp-json\/wp\/v2\/pages\/3015\/revisions\/3018"}],"up":[{"embeddable":true,"href":"https:\/\/led.amasly.com\/ro\/wp-json\/wp\/v2\/pages\/2374"}],"wp:attachment":[{"href":"https:\/\/led.amasly.com\/ro\/wp-json\/wp\/v2\/media?parent=3015"}],"curies":[{"name":"wp","href":"https:\/\/api.w.org\/{rel}","templated":true}]}}