{"id":2981,"date":"2025-04-08T21:10:14","date_gmt":"2025-04-08T13:10:14","guid":{"rendered":"https:\/\/led.amasly.com\/?page_id=2981"},"modified":"2025-04-08T22:38:21","modified_gmt":"2025-04-08T14:38:21","slug":"can-led-lights-be-used-in-an-explosion-proof-area-%ef%bc%9f","status":"publish","type":"page","link":"https:\/\/led.amasly.com\/ro\/knowledge\/explosion-proof-products-knowledge\/can-led-lights-be-used-in-an-explosion-proof-area-%ef%bc%9f\/","title":{"rendered":"Luminile cu led pot fi utilizate \u00eentr-o zon\u0103 rezistent\u0103 la explozii?"},"content":{"rendered":"<div class=\"wp-block-uagb-container uagb-block-27bae773 alignfull uagb-is-root-container\"><div class=\"uagb-container-inner-blocks-wrap\"><\/div><\/div>\n\n\n\n<h2 class=\"wp-block-heading has-text-align-left\"><strong>Luminile cu led pot fi utilizate \u00eentr-o zon\u0103 rezistent\u0103 la explozii?<\/strong><strong><\/strong><\/h2>\n\n\n\n<div class=\"wp-block-uagb-image uagb-block-da1360b5 wp-block-uagb-image--layout-default wp-block-uagb-image--effect-static wp-block-uagb-image--align-none\"><figure class=\"wp-block-uagb-image__figure\"><img decoding=\"async\" srcset=\"https:\/\/led.amasly.com\/wp-content\/uploads\/2025\/01\/LED-explosion-proof-flood-lights.png ,https:\/\/led.amasly.com\/wp-content\/uploads\/2025\/01\/LED-explosion-proof-flood-lights.png 780w, https:\/\/led.amasly.com\/wp-content\/uploads\/2025\/01\/LED-explosion-proof-flood-lights.png 360w\" sizes=\"auto, (max-width: 480px) 150px\" src=\"https:\/\/led.amasly.com\/wp-content\/uploads\/2025\/01\/LED-explosion-proof-flood-lights.png\" alt=\"\" class=\"uag-image-1675\" width=\"1004\" height=\"308\" title=\"Lumini de inunda\u021bie cu LED-uri antiexplozie\" loading=\"lazy\" role=\"img\"><\/figure><\/div>\n\n\n\n<p>\u00centreb\u0103ri precum \u201c\u00cen ce zon\u0103 se afl\u0103 iluminatul antideflagrant?\u201d sunt adesea adresate.<\/p>\n\n\n\n<p>Numai luminile antideflagrante pot fi utilizate \u00eentr-o zon\u0103 antideflagrant\u0103, l\u0103mpile \u0219i lanternele obi\u0219nuite nu pot fi utilizate \u00eentr-o zon\u0103 antideflagrant\u0103. L\u0103mpile obi\u0219nuite sunt utilizate \u00een locuri \u00een care exist\u0103 gaze \u0219i prafuri incombustibile.<\/p>\n\n\n\n<h2 class=\"wp-block-heading\"><strong>Ce este o zon\u0103 protejat\u0103 \u00eempotriva exploziilor, o zon\u0103 periculoas\u0103?<\/strong><strong><\/strong><\/h2>\n\n\n\n<p>\u00cen conformitate cu clasificarea zonelor periculoase a Comisiei Electrotehnice Interna\u021bionale (CEI)\/Comisiei Electrotehnice Europene (ENEC), dup\u0103 cum urmeaz\u0103:<\/p>\n\n\n\n<h3 class=\"wp-block-heading\"><strong>Zona 0 (Zona 0): <\/strong><strong><\/strong><\/h3>\n\n\n\n<p>se refer\u0103 la zona \u00een care gazele explozive sunt prezente permanent sau pentru o perioad\u0103 lung\u0103 de timp \u0219i \u00een care pericolul este mai mare de 1000 ore\/an.<\/p>\n\n\n\n<p>O zon\u0103 \u00een care amestecurile de gaze explozive sunt prezente continuu sau pentru perioade lungi de timp \u00een timpul func\u021bion\u0103rii normale.<\/p>\n\n\n\n<p>De exemplu, interiorul rezervoarelor de depozitare din unele rafin\u0103rii de petrol, unde gazele volatile inflamabile sunt prezente \u00een permanen\u021b\u0103 \u00een interiorul rezervoarelor din cauza depozit\u0103rii uleiurilor inflamabile \u0219i explozive, este un mediu din zona 0. Posibilitatea unei explozii \u00een aceast\u0103 zon\u0103 este extrem de ridicat\u0103, iar cerin\u021bele de protec\u021bie \u00eempotriva exploziilor pentru echipamentele electrice etc. sunt cele mai stricte.<\/p>\n\n\n\n<h3 class=\"wp-block-heading\"><strong>Zona 1 (Zona 1): <\/strong><strong><\/strong><\/h3>\n\n\n\n<p>se refer\u0103 la o zon\u0103 \u00een care pot fi prezente gaze inflamabile \u00een timpul func\u021bion\u0103rii normale la un risc de 10 p\u00e2n\u0103 la 1000 de ore\/an.<\/p>\n\n\n\n<p>Func\u021bionarea normal\u0103 se refer\u0103 la func\u021bionarea de rutin\u0103 a echipamentului \u00een cadrul parametrilor s\u0103i de proiectare.<\/p>\n\n\n\n<p>De exemplu, \u00een instala\u021bia de produc\u021bie chimic\u0103, unele dintre interfa\u021ba conductei pentru a transporta gaze combustibile, de\u0219i m\u0103surile de etan\u0219are, dar \u00een func\u021bionarea normal\u0103 a procesului poate fi \u00eenc\u0103 o cantitate mic\u0103 de scurgeri de gaze combustibile, rezult\u00e2nd \u00een formarea de amestecuri de gaze explozive, acest tip de zon\u0103 va fi \u00eemp\u0103r\u021bit \u00een Zona 1. Zona 1 de explozie a posibilit\u0103\u021bii unui grad relativ ridicat de explozie, performan\u021bele de protec\u021bie \u00eempotriva exploziilor ale cerin\u021belor echipamentelor sunt, de asemenea, foarte stricte.<\/p>\n\n\n\n<h3 class=\"wp-block-heading\"><strong>Zona 2 (Zona 2): <\/strong><strong><\/strong><\/h3>\n\n\n\n<p>se refer\u0103 la absen\u021ba gazelor inflamabile \u00een condi\u021bii normale, chiar dac\u0103 ocazional, existen\u021ba unei perioade foarte scurte de timp, starea de accident a riscului de 0,1 p\u00e2n\u0103 la 10 ore \/ an.<\/p>\n\n\n\n<p>\u00cen unele instala\u021bii industriale bine ventilate, de\u0219i exist\u0103 o cantitate mic\u0103 de echipamente care pot avea scurgeri de gaze inflamabile, sistemul de ventila\u021bie poate dilua gazele scurse \u0219i le poate evacua \u00een timp util, ceea ce face pu\u021bin probabil\u0103 existen\u021ba unor amestecuri de gaze explozive pentru o perioad\u0103 lung\u0103 de timp, iar acest tip de zon\u0103 este clasificat ca zon\u0103 2. \u00cen compara\u021bie cu zonele 0 \u0219i 1, zona 2 are o probabilitate mai mic\u0103 de explozie, dar necesit\u0103 totu\u0219i m\u0103suri adecvate de protec\u021bie \u00eempotriva exploziilor.<\/p>\n\n\n\n<h2 class=\"wp-block-heading\"><strong>Pentru medii cu praf, ATEX are o clasificare similar\u0103: <\/strong><strong><\/strong><\/h2>\n\n\n\n<h3 class=\"wp-block-heading\"><strong>Zona 20: <\/strong><strong><\/strong><\/h3>\n\n\n\n<p>Locuri \u0219i interiorul containerelor \u00een care praful combustibil este prezent \u00een mod continuu sau suficient de frecvent pentru a forma amestecuri combustibile praf-aer \u0219i\/sau \u00een care este probabil s\u0103 se formeze un strat necontrolat \u0219i extrem de gros de praf \u00een cursul func\u021bion\u0103rii normale.<\/p>\n\n\n\n<p>De exemplu, instala\u021bia de m\u0103cinare a anumitor mori de f\u0103in\u0103, \u00een care sunt generate cantit\u0103\u021bi mari de praf de f\u0103in\u0103 \u00een timpul procesului de produc\u021bie, cu concentra\u021bii ridicate \u0219i persistente de praf, ar intra \u00een zona 20.<\/p>\n\n\n\n<h3 class=\"wp-block-heading\"><strong>Zona 21: <\/strong><strong><\/strong><\/h3>\n\n\n\n<p>Loca\u021bii \u00een care praful poate fi prezent \u00een cantit\u0103\u021bi suficiente pentru a forma un amestec de praf \u0219i aer combustibil \u00een timpul func\u021bion\u0103rii normale, dar care nu sunt clasificate ca zon\u0103 20.<\/p>\n\n\n\n<p>Include, de obicei, zonele adiacente surselor de emisii de praf (de exemplu, bunc\u0103re, containere etc.), unde pot exista scurgeri intermitente de praf, rezult\u00e2nd formarea de amestecuri combustibile de praf \u0219i aer \u00een zone localizate, cum ar fi unele dintre zonele de manipulare a materialelor pot intra \u00een zona 21.<\/p>\n\n\n\n<h3 class=\"wp-block-heading\"><strong>Zona 22: <\/strong><strong><\/strong><\/h3>\n\n\n\n<p>Locuri \u00een care praful combustibil apare ocazional \u0219i doar pentru perioade scurte de timp, \u00een condi\u021bii neobi\u0219nuite, sau \u00een care praful combustibil se acumuleaz\u0103 ocazional sau poate fi stratificat \u0219i genereaz\u0103 un amestec de praf combustibil \u00een aer.<\/p>\n\n\n\n<p class=\"has-text-align-left\">De exemplu, \u00een unele ateliere care produc praf, dar care sunt bine ventilate \u0219i bine gestionate, o cantitate mic\u0103 de praf se poate acumula numai \u00een condi\u021bii anormale, cum ar fi defectarea echipamentelor, iar astfel de zone sunt clasificate ca Zona 22.<\/p>\n\n\n\n<p>Acum \u0219tii: <strong>Luminile cu led pot fi utilizate \u00eentr-o zon\u0103 rezistent\u0103 la explozii?<\/strong><\/p>\n\n\n\n<div class=\"wp-block-uagb-container uagb-block-c7d898dd alignfull uagb-is-root-container\"><div class=\"uagb-container-inner-blocks-wrap\"><\/div><\/div>\n\n\n\n<h2 class=\"wp-block-heading\">Produse conexe<\/h2>\n\n\n\n<div class=\"wp-block-uagb-container uagb-block-66e4defc alignfull uagb-is-root-container\"><div class=\"uagb-container-inner-blocks-wrap\">\n<div class=\"wp-block-uagb-container uagb-block-a42945f9\">\n<div class=\"wp-block-uagb-image uagb-block-7296296b wp-block-uagb-image--layout-default wp-block-uagb-image--effect-static wp-block-uagb-image--align-none\"><figure class=\"wp-block-uagb-image__figure\"><a class=\"\" href=\"https:\/\/led.amasly.com\/ro\/products\/\" target=\"\" rel=\"noopener\"><img decoding=\"async\" srcset=\"https:\/\/led.amasly.com\/wp-content\/uploads\/2024\/09\/Explosion-proof-high-bay-lights.png ,https:\/\/led.amasly.com\/wp-content\/uploads\/2024\/09\/Explosion-proof-high-bay-lights.png 780w, https:\/\/led.amasly.com\/wp-content\/uploads\/2024\/09\/Explosion-proof-high-bay-lights.png 360w\" sizes=\"auto, (max-width: 480px) 150px\" src=\"https:\/\/led.amasly.com\/wp-content\/uploads\/2024\/09\/Explosion-proof-high-bay-lights.png\" alt=\"\" class=\"uag-image-1495\" width=\"300\" height=\"300\" title=\"Lumini de \u00eenalt\u0103 rezisten\u021b\u0103 la explozie\" loading=\"lazy\" role=\"img\"><\/a><\/figure><\/div>\n<\/div>\n\n\n\n<div class=\"wp-block-uagb-container uagb-block-4d3efde5\">\n<div class=\"wp-block-uagb-image uagb-block-c9e90797 wp-block-uagb-image--layout-default wp-block-uagb-image--effect-static wp-block-uagb-image--align-none\"><figure class=\"wp-block-uagb-image__figure\"><a class=\"\" href=\"https:\/\/led.amasly.com\/ro\/products\/\" target=\"\" rel=\"noopener\"><img decoding=\"async\" srcset=\"https:\/\/led.amasly.com\/wp-content\/uploads\/2024\/07\/LED-tri-proof-lights2.png ,https:\/\/led.amasly.com\/wp-content\/uploads\/2024\/07\/LED-tri-proof-lights2.png 780w, https:\/\/led.amasly.com\/wp-content\/uploads\/2024\/07\/LED-tri-proof-lights2.png 360w\" sizes=\"auto, (max-width: 480px) 150px\" src=\"https:\/\/led.amasly.com\/wp-content\/uploads\/2024\/07\/LED-tri-proof-lights2.png\" alt=\"\" class=\"uag-image-1132\" width=\"300\" height=\"300\" title=\"LED-tri-proof-lights2\" loading=\"lazy\" role=\"img\"><\/a><\/figure><\/div>\n<\/div>\n\n\n\n<div class=\"wp-block-uagb-container uagb-block-11c2578b\">\n<div class=\"wp-block-uagb-image uagb-block-6e8883aa wp-block-uagb-image--layout-default wp-block-uagb-image--effect-static wp-block-uagb-image--align-none\"><figure class=\"wp-block-uagb-image__figure\"><a class=\"\" href=\"https:\/\/led.amasly.com\/ro\/products\/\" target=\"\" rel=\"noopener\"><img decoding=\"async\" srcset=\"https:\/\/led.amasly.com\/wp-content\/uploads\/2024\/09\/LED-Explosion-Proof-Gas-Station-Light.png ,https:\/\/led.amasly.com\/wp-content\/uploads\/2024\/09\/LED-Explosion-Proof-Gas-Station-Light.png 780w, https:\/\/led.amasly.com\/wp-content\/uploads\/2024\/09\/LED-Explosion-Proof-Gas-Station-Light.png 360w\" sizes=\"auto, (max-width: 480px) 150px\" src=\"https:\/\/led.amasly.com\/wp-content\/uploads\/2024\/09\/LED-Explosion-Proof-Gas-Station-Light.png\" alt=\"\" class=\"uag-image-1501\" width=\"300\" height=\"300\" title=\"LED lumina sta\u021biei de benzin\u0103 cu dovada exploziei\" loading=\"lazy\" role=\"img\"><\/a><\/figure><\/div>\n<\/div>\n<\/div><\/div>\n\n\n\n<div class=\"wp-block-uagb-container uagb-block-548945b5 alignfull uagb-is-root-container\"><div class=\"uagb-container-inner-blocks-wrap\">\n<div class=\"wp-block-uagb-container uagb-block-967755d5\">\n<h4 class=\"wp-block-heading has-text-align-center\"><a href=\"https:\/\/led.amasly.com\/ro\/products\/\">Lumini LED antiexplozie<\/a><\/h4>\n<\/div>\n\n\n\n<div class=\"wp-block-uagb-container uagb-block-9bc52fc2\">\n<h4 class=\"wp-block-heading has-text-align-center\"><a href=\"https:\/\/led.amasly.com\/ro\/products\/\">Lumini LED Tri-Proof<\/a><\/h4>\n<\/div>\n\n\n\n<div class=\"wp-block-uagb-container uagb-block-8ffa0a23\">\n<h4 class=\"wp-block-heading has-text-align-center\"><a href=\"https:\/\/led.amasly.com\/ro\/products\/\">Lumini de sta\u021bie de benzin\u0103 antiexplozie<\/a><\/h4>\n<\/div>\n<\/div><\/div>\n\n\n\n<div class=\"wp-block-uagb-container uagb-block-29499fe0 alignfull uagb-is-root-container\"><div class=\"uagb-container-inner-blocks-wrap\">\n<div class=\"wp-block-uagb-container uagb-block-777ee1c7\">\n<div class=\"wp-block-uagb-image uagb-block-2e9a1851 wp-block-uagb-image--layout-default wp-block-uagb-image--effect-static wp-block-uagb-image--align-none\"><figure class=\"wp-block-uagb-image__figure\"><a class=\"\" href=\"https:\/\/led.amasly.com\/ro\/products\/\" target=\"\" rel=\"noopener\"><img decoding=\"async\" srcset=\"https:\/\/led.amasly.com\/wp-content\/uploads\/2024\/10\/50W-100W-150W-200W-300W-LED-Flood-Light.jpg ,https:\/\/led.amasly.com\/wp-content\/uploads\/2024\/10\/50W-100W-150W-200W-300W-LED-Flood-Light.jpg 780w, https:\/\/led.amasly.com\/wp-content\/uploads\/2024\/10\/50W-100W-150W-200W-300W-LED-Flood-Light.jpg 360w\" sizes=\"auto, (max-width: 480px) 150px\" src=\"https:\/\/led.amasly.com\/wp-content\/uploads\/2024\/10\/50W-100W-150W-200W-300W-LED-Flood-Light.jpg\" alt=\"\" class=\"uag-image-1526\" width=\"300\" height=\"300\" title=\"50W 100W 150W 200W 300W LED lumin\u0103 de inunda\u021bie\" loading=\"lazy\" role=\"img\"><\/a><\/figure><\/div>\n<\/div>\n\n\n\n<div class=\"wp-block-uagb-container uagb-block-af8c8683\">\n<div class=\"wp-block-uagb-image uagb-block-67947854 wp-block-uagb-image--layout-default wp-block-uagb-image--effect-static wp-block-uagb-image--align-none\"><figure class=\"wp-block-uagb-image__figure\"><a class=\"\" href=\"https:\/\/led.amasly.com\/ro\/products\/\" target=\"\" rel=\"noopener\"><img decoding=\"async\" srcset=\"https:\/\/led.amasly.com\/wp-content\/uploads\/2024\/07\/led-tri-proof-light.png ,https:\/\/led.amasly.com\/wp-content\/uploads\/2024\/07\/led-tri-proof-light.png 780w, https:\/\/led.amasly.com\/wp-content\/uploads\/2024\/07\/led-tri-proof-light.png 360w\" sizes=\"auto, (max-width: 480px) 150px\" src=\"https:\/\/led.amasly.com\/wp-content\/uploads\/2024\/07\/led-tri-proof-light.png\" alt=\"\" class=\"uag-image-1130\" width=\"300\" height=\"300\" title=\"led-tri-proof-light\" loading=\"lazy\" role=\"img\"><\/a><\/figure><\/div>\n<\/div>\n\n\n\n<div class=\"wp-block-uagb-container uagb-block-0fdfdd58\">\n<div class=\"wp-block-uagb-image uagb-block-1187d32d wp-block-uagb-image--layout-default wp-block-uagb-image--effect-static wp-block-uagb-image--align-none\"><figure class=\"wp-block-uagb-image__figure\"><a class=\"\" href=\"https:\/\/led.amasly.com\/ro\/products\/\" target=\"\" rel=\"noopener\"><img decoding=\"async\" srcset=\"https:\/\/led.amasly.com\/wp-content\/uploads\/2024\/07\/LED-street-light.jpg ,https:\/\/led.amasly.com\/wp-content\/uploads\/2024\/07\/LED-street-light.jpg 780w, https:\/\/led.amasly.com\/wp-content\/uploads\/2024\/07\/LED-street-light.jpg 360w\" sizes=\"auto, (max-width: 480px) 150px\" src=\"https:\/\/led.amasly.com\/wp-content\/uploads\/2024\/07\/LED-street-light.jpg\" alt=\"\" class=\"uag-image-1145\" width=\"300\" height=\"300\" title=\"LED-street-light\" loading=\"lazy\" role=\"img\"><\/a><\/figure><\/div>\n<\/div>\n<\/div><\/div>\n\n\n\n<div class=\"wp-block-uagb-container uagb-block-6a60882c alignfull uagb-is-root-container\"><div class=\"uagb-container-inner-blocks-wrap\">\n<div class=\"wp-block-uagb-container uagb-block-f1e91a35\">\n<h4 class=\"wp-block-heading has-text-align-center\"><a href=\"https:\/\/led.amasly.com\/ro\/products\/\">Lumini de inunda\u021bie cu LED<\/a><\/h4>\n<\/div>\n\n\n\n<div class=\"wp-block-uagb-container uagb-block-165bfa58\">\n<h4 class=\"wp-block-heading has-text-align-center\"><a href=\"https:\/\/led.amasly.com\/ro\/products\/\">Lumini LED Tri-Proof Tube<\/a><\/h4>\n<\/div>\n\n\n\n<div class=\"wp-block-uagb-container uagb-block-f6096e3b\">\n<h4 class=\"wp-block-heading has-text-align-center\"><a href=\"https:\/\/led.amasly.com\/ro\/products\/\">Lumini stradale cu LED<\/a><\/h4>\n<\/div>\n<\/div><\/div>\n\n\n\n<div class=\"wp-block-uagb-container uagb-block-99c0e0a5 alignfull uagb-is-root-container\"><div class=\"uagb-container-inner-blocks-wrap\"><\/div><\/div>\n\n\n\n<p><\/p>","protected":false},"excerpt":{"rendered":"<p>Can led lights be used in an explosion proof area? Questions such as \u201cWhat zone is explosion-proof lighting in?\u201d are often asked. Only explosion-proof lights can be used in an explosion-proof area, ordinary lamps and lanterns can not be used in an explosion-proof area. Ordinary lamps are used in places where non-combustible gases and dusts [&hellip;]<\/p>\n","protected":false},"author":1,"featured_media":0,"parent":2374,"menu_order":0,"comment_status":"closed","ping_status":"closed","template":"","meta":{"_uag_custom_page_level_css":"","site-sidebar-layout":"no-sidebar","site-content-layout":"","ast-site-content-layout":"default","site-content-style":"default","site-sidebar-style":"default","ast-global-header-display":"","ast-banner-title-visibility":"","ast-main-header-display":"","ast-hfb-above-header-display":"","ast-hfb-below-header-display":"","ast-hfb-mobile-header-display":"","site-post-title":"disabled","ast-breadcrumbs-content":"","ast-featured-img":"","footer-sml-layout":"","ast-disable-related-posts":"","theme-transparent-header-meta":"enabled","adv-header-id-meta":"","stick-header-meta":"","header-above-stick-meta":"","header-main-stick-meta":"","header-below-stick-meta":"","astra-migrate-meta-layouts":"set","ast-page-background-enabled":"default","ast-page-background-meta":{"desktop":{"background-color":"var(--ast-global-color-4)","background-image":"","background-repeat":"repeat","background-position":"center center","background-size":"auto","background-attachment":"scroll","background-type":"","background-media":"","overlay-type":"","overlay-color":"","overlay-opacity":"","overlay-gradient":""},"tablet":{"background-color":"","background-image":"","background-repeat":"repeat","background-position":"center center","background-size":"auto","background-attachment":"scroll","background-type":"","background-media":"","overlay-type":"","overlay-color":"","overlay-opacity":"","overlay-gradient":""},"mobile":{"background-color":"","background-image":"","background-repeat":"repeat","background-position":"center center","background-size":"auto","background-attachment":"scroll","background-type":"","background-media":"","overlay-type":"","overlay-color":"","overlay-opacity":"","overlay-gradient":""}},"ast-content-background-meta":{"desktop":{"background-color":"var(--ast-global-color-5)","background-image":"","background-repeat":"repeat","background-position":"center center","background-size":"auto","background-attachment":"scroll","background-type":"","background-media":"","overlay-type":"","overlay-color":"","overlay-opacity":"","overlay-gradient":""},"tablet":{"background-color":"var(--ast-global-color-5)","background-image":"","background-repeat":"repeat","background-position":"center center","background-size":"auto","background-attachment":"scroll","background-type":"","background-media":"","overlay-type":"","overlay-color":"","overlay-opacity":"","overlay-gradient":""},"mobile":{"background-color":"var(--ast-global-color-5)","background-image":"","background-repeat":"repeat","background-position":"center center","background-size":"auto","background-attachment":"scroll","background-type":"","background-media":"","overlay-type":"","overlay-color":"","overlay-opacity":"","overlay-gradient":""}},"footnotes":""},"class_list":["post-2981","page","type-page","status-publish","hentry"],"uagb_featured_image_src":{"full":false,"thumbnail":false,"medium":false,"medium_large":false,"large":false,"1536x1536":false,"2048x2048":false,"trp-custom-language-flag":false},"uagb_author_info":{"display_name":"Joe","author_link":"https:\/\/led.amasly.com\/ro\/author\/jacklin\/"},"uagb_comment_info":0,"uagb_excerpt":"Can led lights be used in an explosion proof area? Questions such as \u201cWhat zone is explosion-proof lighting in?\u201d are often asked. Only explosion-proof lights can be used in an explosion-proof area, ordinary lamps and lanterns can not be used in an explosion-proof area. Ordinary lamps are used in places where non-combustible gases and dusts&hellip;","_links":{"self":[{"href":"https:\/\/led.amasly.com\/ro\/wp-json\/wp\/v2\/pages\/2981","targetHints":{"allow":["GET"]}}],"collection":[{"href":"https:\/\/led.amasly.com\/ro\/wp-json\/wp\/v2\/pages"}],"about":[{"href":"https:\/\/led.amasly.com\/ro\/wp-json\/wp\/v2\/types\/page"}],"author":[{"embeddable":true,"href":"https:\/\/led.amasly.com\/ro\/wp-json\/wp\/v2\/users\/1"}],"replies":[{"embeddable":true,"href":"https:\/\/led.amasly.com\/ro\/wp-json\/wp\/v2\/comments?post=2981"}],"version-history":[{"count":3,"href":"https:\/\/led.amasly.com\/ro\/wp-json\/wp\/v2\/pages\/2981\/revisions"}],"predecessor-version":[{"id":3002,"href":"https:\/\/led.amasly.com\/ro\/wp-json\/wp\/v2\/pages\/2981\/revisions\/3002"}],"up":[{"embeddable":true,"href":"https:\/\/led.amasly.com\/ro\/wp-json\/wp\/v2\/pages\/2374"}],"wp:attachment":[{"href":"https:\/\/led.amasly.com\/ro\/wp-json\/wp\/v2\/media?parent=2981"}],"curies":[{"name":"wp","href":"https:\/\/api.w.org\/{rel}","templated":true}]}}