{"id":2974,"date":"2025-04-07T21:56:34","date_gmt":"2025-04-07T13:56:34","guid":{"rendered":"https:\/\/led.amasly.com\/?page_id=2974"},"modified":"2026-01-18T14:27:47","modified_gmt":"2026-01-18T06:27:47","slug":"flood-lights-price-list","status":"publish","type":"page","link":"https:\/\/led.amasly.com\/ro\/light-price\/flood-lights-price-list\/","title":{"rendered":"Lista de pre\u021buri pentru luminile de inunda\u021bie"},"content":{"rendered":"<div class=\"wp-block-uagb-container uagb-block-27bae773 alignfull uagb-is-root-container\"><div class=\"uagb-container-inner-blocks-wrap\"><\/div><\/div>\n\n\n\n<h1 class=\"wp-block-heading has-text-align-center\"><strong>Amasly <\/strong><strong>Inunda\u021bie<\/strong><strong>&nbsp;L<\/strong><strong>ights<\/strong><strong>&nbsp;Lista de pre\u021buri<\/strong><strong><\/strong><\/h1>\n\n\n\n<p><strong>Inunda\u021bie<\/strong><strong>&nbsp;<\/strong><strong>lumini cunoscute \u0219i sub denumirea de spoturi LED, proiectoare LED<\/strong><strong><\/strong><\/p>\n\n\n\n<h2 class=\"wp-block-heading\"><strong>Motive pentru diferen\u021ba de lumini de inunda\u021bie cu LED <strong>pre\u021b<\/strong>:<\/strong><\/h2>\n\n\n\n<p>1. Marca \u0219i produc\u0103torul: Diferitele m\u0103rci de lumini LED au diferen\u021be \u00een ceea ce prive\u0219te calitatea, tehnologia, materialele \u0219i alte aspecte, astfel \u00eenc\u00e2t pre\u021bul va fi diferit. M\u0103rcile bine cunoscute au de obicei o reputa\u021bie \u0219i o cot\u0103 de pia\u021b\u0103 mai mare, iar pre\u021bul produsului este relativ ridicat.<\/p>\n\n\n\n<p>2. Model \u0219i putere: Lumini LED cu diferite modele \u0219i puteri, aplicabile la diferite scene \u0219i nevoi, rezult\u00e2nd diferen\u021be de pre\u021b. De exemplu, unele lumini de inunda\u021bii de mare putere sunt potrivite pentru iluminarea locurilor mari, pre\u021bul este relativ ridicat.<\/p>\n\n\n\n<p>3. Performan\u021b\u0103 \u0219i tehnologie: Performan\u021ba tehnic\u0103 a proiectoarelor LED este, de asemenea, un factor important care afecteaz\u0103 pre\u021bul. Cum ar fi luminozitatea sursei de lumin\u0103, reproducerea culorilor, durata de via\u021b\u0103, performan\u021ba de disipare a c\u0103ldurii etc. Performan\u021ba de nivel \u00eenalt este de obicei \u00eenso\u021bit\u0103 de un pre\u021b mai mare.<\/p>\n\n\n\n<h2 class=\"wp-block-heading\"><strong>Al\u021bi factori care afecteaz\u0103 pre\u021bul LED flood<\/strong><strong>&nbsp;<\/strong><strong>lumini:<\/strong><strong><\/strong><\/h2>\n\n\n\n<p>1. Cererea \u0219i oferta de pe pia\u021b\u0103: cererea \u0219i oferta de pe pia\u021b\u0103 de lumini LED vor afecta, de asemenea, pre\u021bul. \u00cen cazul \u00een care cererea este mai mare dec\u00e2t oferta, pre\u021bul poate cre\u0219te; dimpotriv\u0103, acesta poate sc\u0103dea.<\/p>\n\n\n\n<p>2. Cantitatea \u0219i canalul de achizi\u021bie: Cantitatea \u0219i canalul de achizi\u021bie a luminilor LED pentru inunda\u021bii vor avea, de asemenea, un impact asupra pre\u021bului final. \u00cen general, achizi\u021bia \u00een vrac poate beneficia de anumite reduceri, \u00een timp ce diferite canale de v\u00e2nzare pot avea, de asemenea, strategii de stabilire a pre\u021burilor diferite.<\/p>\n\n\n\n<p>Pe scurt, pre\u021bul proiectoarelor LED variaz\u0103 \u00een func\u021bie de o serie de factori. Dac\u0103 ave\u021bi nevoie s\u0103 cump\u0103ra\u021bi, este recomandat s\u0103 alege\u021bi lumina de inunda\u021bie LED potrivit\u0103 \u00een func\u021bie de nevoile dvs. reale, de buget \u0219i de situa\u021bia pie\u021bei. \u00cen acela\u0219i timp, \u00een plus fa\u021b\u0103 de factorul pre\u021b, ar trebui s\u0103 lua\u021bi \u00een considerare \u0219i calitatea produsului, performan\u021ba \u0219i serviciile post-v\u00e2nzare \u0219i al\u021bi factori atunci c\u00e2nd cump\u0103ra\u021bi.<\/p>\n\n\n\n<h2 class=\"wp-block-heading\"><strong>Locurile de aplicare a inunda\u021biilor<\/strong><strong>&nbsp;<\/strong><strong>luminile includ \u00een principal:<\/strong><strong><\/strong><\/h2>\n\n\n\n<p>1. iluminarea aspectului cl\u0103dirii: luminile de inunda\u021bie pot eviden\u021bia aspectul cl\u0103dirii, pot eviden\u021bia diferite p\u0103r\u021bi ale cl\u0103dirii \u0219i o pot face mai atr\u0103g\u0103toare.<\/p>\n\n\n\n<p>2. Iluminat peisagistic: proiectoarele sunt potrivite pentru iluminatul peisagistic \u00een pie\u021be de ora\u0219, parcuri, parcuri de distrac\u021bii, gr\u0103dini zoologice, gr\u0103dini, piscine, f\u00e2nt\u00e2ni \u0219i s\u0103li de expozi\u021bie.<\/p>\n\n\n\n<p>3. Iluminatul interior al cl\u0103dirilor: proiectoarele nu sunt utilizate numai pentru iluminatul exterior, ci sunt potrivite \u0219i pentru iluminatul interior. De exemplu, \u00een s\u0103li de expozi\u021bie, muzee \u0219i centre de art\u0103.<\/p>\n\n\n\n<p>4. Iluminarea scenei: proiectoarele joac\u0103 un rol important pe scen\u0103.<\/p>\n\n\n\n<p>5. iluminatul s\u0103lilor de sport: proiectoarele joac\u0103 un rol esen\u021bial \u00een s\u0103lile de sport, cum ar fi stadioanele de fotbal, terenurile de baschet, terenurile de tenis \u0219i stadioanele de atletism.<\/p>\n\n\n\n<p>Pre\u021bul proiectoarelor LED variaz\u0103 \u00een func\u021bie de factori precum marca, modelul, puterea \u0219i performan\u021ba. \u00cen general, pre\u021bul variaz\u0103, de obicei, de la zeci de dolari la sute de dolari. Pre\u021bul specific trebuie, de asemenea, s\u0103 fie stabilit \u00een func\u021bie de num\u0103rul de achizi\u021bii, de canalele de aprovizionare \u0219i de oferta \u0219i cererea de pe pia\u021b\u0103 \u0219i de al\u021bi factori.<\/p>\n\n\n\n<h2 class=\"wp-block-heading\"><strong>Amasly<\/strong><strong>&nbsp;<\/strong><strong>Introducere<\/strong><strong><\/strong><\/h2>\n\n\n\n<p>Amasly este o companie profesional\u0103 de iluminat, produsele noastre se concentreaz\u0103 pe iluminatul industrial \u0219i iluminatul exterior. Principalele produse sunt lumini led antiexplozie, aparate electrice antiexplozie, lumini led high bay, lumini led flood, lumini stradale led, lumini led tri-proof \u0219i lumini solare led.<\/p>\n\n\n\n<p>Produsele noastre au fost exportate \u00een 68 de \u021b\u0103ri din \u00eentreaga lume, cum ar fi Europa \u0219i Statele Unite, \u0219i a c\u00e2\u0219tigat recunoa\u0219terea celor mai importan\u021bi furnizori de produse de iluminat din lume cu produsele sale de \u00eenalt\u0103 calitate.<\/p>\n\n\n\n<p>Amasly ofer\u0103 o gam\u0103 larg\u0103 de diferite tipuri de lumini de inunda\u021bii, lumini de stadion \u0219i la pre\u021buri foarte competitive.<\/p>\n\n\n\n<h2 class=\"wp-block-heading\"><strong>Amasly LED Flood Light Lista de pre\u021buri<\/strong><strong><\/strong><\/h2>\n\n\n\n<div class=\"wp-block-uagb-image uagb-block-782176ad wp-block-uagb-image--layout-default wp-block-uagb-image--effect-static wp-block-uagb-image--align-none\"><figure class=\"wp-block-uagb-image__figure\"><img decoding=\"async\" srcset=\"https:\/\/led.amasly.com\/wp-content\/uploads\/2025\/04\/LED-Flood-Light.png ,https:\/\/led.amasly.com\/wp-content\/uploads\/2025\/04\/LED-Flood-Light.png 780w, https:\/\/led.amasly.com\/wp-content\/uploads\/2025\/04\/LED-Flood-Light.png 360w\" sizes=\"auto, (max-width: 480px) 150px\" src=\"https:\/\/led.amasly.com\/wp-content\/uploads\/2025\/04\/LED-Flood-Light.png\" alt=\"flood\u00a0lights price\" class=\"uag-image-2975\" width=\"850\" height=\"732\" title=\"LED lumin\u0103 de inunda\u021bie\" loading=\"lazy\" role=\"img\"\/><\/figure><\/div>\n\n\n\n<figure class=\"wp-block-table\"><table class=\"has-fixed-layout\"><tbody><tr><td>TG03-50<\/td><td>50W<\/td><td>$6.09<\/td><\/tr><tr><td>TG03-100<\/td><td>100W<\/td><td>$9.80<\/td><\/tr><tr><td>TG03-150<\/td><td>150w<\/td><td>$14.11<\/td><\/tr><tr><td>TG03-200<\/td><td>200W<\/td><td>$15.41<\/td><\/tr><tr><td>TG03-300<\/td><td>300W<\/td><td>$23.60<\/td><\/tr><\/tbody><\/table><\/figure>\n\n\n\n<div class=\"wp-block-uagb-image uagb-block-f2e6a796 wp-block-uagb-image--layout-default wp-block-uagb-image--effect-static wp-block-uagb-image--align-none\"><figure class=\"wp-block-uagb-image__figure\"><img decoding=\"async\" srcset=\"https:\/\/led.amasly.com\/wp-content\/uploads\/2025\/04\/Stadium-Light-1024x697.png ,https:\/\/led.amasly.com\/wp-content\/uploads\/2025\/04\/Stadium-Light.png 780w, https:\/\/led.amasly.com\/wp-content\/uploads\/2025\/04\/Stadium-Light.png 360w\" sizes=\"auto, (max-width: 480px) 150px\" src=\"https:\/\/led.amasly.com\/wp-content\/uploads\/2025\/04\/Stadium-Light-1024x697.png\" alt=\"\" class=\"uag-image-2976\" width=\"2329\" height=\"1586\" title=\"Lumina stadionului\" loading=\"lazy\" role=\"img\"><\/figure><\/div>\n\n\n\n<figure class=\"wp-block-table\"><table class=\"has-fixed-layout\"><tbody><tr><td>TG01-300<\/td><td>300<\/td><td>$39.00<\/td><\/tr><tr><td>TG01-400<\/td><td>400<\/td><td>$51.07<\/td><\/tr><tr><td>TG01-500<\/td><td>500<\/td><td>$66.49<\/td><\/tr><\/tbody><\/table><\/figure>\n\n\n\n<p class=\"has-text-align-center has-medium-font-size\"><strong>Contacta\u021bi Amasly pentru mai multe informa\u021bii despre produs \u0219i pre\u021b \u0219i fi\u0219a tehnic\u0103.                                                                                                             E-mail: sales01@amasly.com, Whatsapp\/wechat:0086-13732643699<\/strong><\/p>\n\n\n\n<h2 class=\"wp-block-heading\"><strong>Amasly Light FAQ<\/strong><\/h2>\n\n\n\n<p><strong>Q1.Can I have a sample order for led light?<\/strong><strong><\/strong><\/p>\n\n\n\n<p>R: Da, accept\u0103m comanda de probe pentru a testa \u0219i a verifica calitatea. Probele mixte sunt acceptabile.<\/p>\n\n\n\n<p><strong>Q2.Ce se \u00eent\u00e2mpl\u0103 cu timpul de livrare?<\/strong><strong><\/strong><\/p>\n\n\n\n<p>R: Proba necesit\u0103 3-5 zile, timpul de produc\u021bie \u00een mas\u0103 necesit\u0103 1-2 s\u0103pt\u0103m\u00e2ni.<\/p>\n\n\n\n<p><strong>Q3.Ave\u021bi vreo limit\u0103 MOQ pentru comanda de lumin\u0103 led?<\/strong><strong><\/strong><\/p>\n\n\n\n<p>R: MOQ sc\u0103zut 1pc pentru verificarea e\u0219antionului este disponibil.<\/p>\n\n\n\n<p><strong>Q4. Cum expedia\u021bi bunurile \u0219i c\u00e2t dureaz\u0103 p\u00e2n\u0103 ajung la destina\u021bie?<\/strong><strong><\/strong><\/p>\n\n\n\n<p>R: De obicei expediem prin <a href=\"https:\/\/www.dhl.com\" rel=\"nofollow noopener\" target=\"_blank\">DHL<\/a>, UPS, FedEx sau TNT. De obicei, este nevoie de 3-5 zile pentru a ajunge. Linia aerian\u0103 \u0219i transportul maritim, de asemenea, op\u021bional.<\/p>\n\n\n\n<p><strong>Q5. Cum se efectueaz\u0103 o comand\u0103 pentru lumina cu led?<\/strong><strong><\/strong><\/p>\n\n\n\n<p>A:<\/p>\n\n\n\n<p>\u00cen primul r\u00e2nd, comunica\u021bi-ne cerin\u021bele sau aplica\u021bia dumneavoastr\u0103.<\/p>\n\n\n\n<p>\u00cen al doilea r\u00e2nd, cotiz\u0103m \u00een func\u021bie de cerin\u021bele dvs. sau de sugestiile noastre.<\/p>\n\n\n\n<p>\u00cen al treilea r\u00e2nd, clientul confirm\u0103 probele \u0219i plaseaz\u0103 depozitul pentru comanda oficial\u0103.<\/p>\n\n\n\n<p>\u00cen al patrulea r\u00e2nd, organiz\u0103m produc\u021bia.<\/p>\n\n\n\n<p><strong>Q6.Este \u00een regul\u0103 s\u0103 \u00eemi tip\u0103resc <\/strong><strong>LOGO<\/strong><strong>&nbsp;pe produs de lumin\u0103 cu led ?<\/strong><strong><\/strong><\/p>\n\n\n\n<p>R: Da.V\u0103 rug\u0103m s\u0103 ne informa\u021bi oficial \u00eenainte de produc\u021bia noastr\u0103 \u0219i s\u0103 confirma\u021bi designul \u00een primul r\u00e2nd pe baza e\u0219antionului nostru.<\/p>\n\n\n\n<p><strong>Q7: Oferi\u021bi garan\u021bie pentru produse?<\/strong><strong><\/strong><\/p>\n\n\n\n<p>R: Da, oferim o garan\u021bie de 2-5 ani pentru produsele noastre.<\/p>\n\n\n\n<p><strong>\u00ce8: Cum s\u0103 proceda\u021bi cu defectele?<\/strong><strong><\/strong><\/p>\n\n\n\n<p>A:<\/p>\n\n\n\n<p>\u00cen primul r\u00e2nd, produsele noastre sunt produse dinstrict sistem de control al calit\u0103\u021bii \u0219i rata defectuoas\u0103 va fi mai mic\u0103 de 0.2%<\/p>\n\n\n\n<p>\u00cen al doilea r\u00e2nd, \u00een timpul perioadei de garan\u021bie, vom furniza piese pentru a \u00eenlocui piesa defect\u0103.. Pentru comenzile \u00een vrac, vom furniza piese vulnerabile \u00een avans sau putem discuta solu\u021bii, inclusiv rechem\u0103ri, pe baza situa\u021biei reale.<\/p>\n\n\n\n<p><strong>Q9: Putem produce l\u0103mpi antideflagrante de joas\u0103 tensiune cu tensiuni AC\/DC de 12V, 24V, 36V sau 48V? <\/strong><\/p>\n\n\n\n<p>Amasly poate fi utilizat at\u00e2t ca lumini antiexplozive de joas\u0103 tensiune, c\u00e2t \u0219i de \u00eenalt\u0103 tensiune - AC\/DC 12V, 24V, 36V, 48V, AC 85-265V, AC 380V. <\/p>\n\n\n\n<p><strong>Q10: Pot fi ad\u0103ugate baterii de urgen\u021b\u0103 Explosion Poof Lights? <\/strong><\/p>\n\n\n\n<p>Lampa Amasly antideflagrant\u0103 poate fi echipat\u0103 cu baterii de urgen\u021b\u0103 cu litiu. Durata de urgen\u021b\u0103 este de 90 de minute, 120 de minute sau 180 de minute. <\/p>\n\n\n\n<p><strong>Q11: Lampa Amasly rezistent\u0103 la explozii poate fi personalizat\u0103 ca produs OEM? <\/strong><\/p>\n\n\n\n<p>L\u0103mpile Amasly antideflagrante pot fi personalizate \u00een func\u021bie de cerin\u021bele clientului, at\u00e2t pentru l\u0103mpi, c\u00e2t \u0219i pentru ambalajele din carton.<\/p>\n\n\n\n<div class=\"wp-block-uagb-container uagb-block-c7d898dd alignfull uagb-is-root-container\"><div class=\"uagb-container-inner-blocks-wrap\"><\/div><\/div>\n\n\n\n<h2 class=\"wp-block-heading\">Produse conexe<\/h2>\n\n\n\n<div class=\"wp-block-uagb-container uagb-block-66e4defc alignfull uagb-is-root-container\"><div class=\"uagb-container-inner-blocks-wrap\">\n<div class=\"wp-block-uagb-container uagb-block-a42945f9\">\n<div class=\"wp-block-uagb-image uagb-block-7296296b wp-block-uagb-image--layout-default wp-block-uagb-image--effect-static wp-block-uagb-image--align-none\"><figure class=\"wp-block-uagb-image__figure\"><a class=\"\" href=\"https:\/\/led.amasly.com\/ro\/products\/\" target=\"\" rel=\"noopener\"><img decoding=\"async\" srcset=\"https:\/\/led.amasly.com\/wp-content\/uploads\/2024\/09\/Explosion-proof-high-bay-lights.png ,https:\/\/led.amasly.com\/wp-content\/uploads\/2024\/09\/Explosion-proof-high-bay-lights.png 780w, https:\/\/led.amasly.com\/wp-content\/uploads\/2024\/09\/Explosion-proof-high-bay-lights.png 360w\" sizes=\"auto, (max-width: 480px) 150px\" src=\"https:\/\/led.amasly.com\/wp-content\/uploads\/2024\/09\/Explosion-proof-high-bay-lights.png\" alt=\"\" class=\"uag-image-1495\" width=\"300\" height=\"300\" title=\"Lumini de \u00eenalt\u0103 rezisten\u021b\u0103 la explozie\" loading=\"lazy\" role=\"img\"><\/a><\/figure><\/div>\n<\/div>\n\n\n\n<div class=\"wp-block-uagb-container uagb-block-4d3efde5\">\n<div class=\"wp-block-uagb-image uagb-block-c9e90797 wp-block-uagb-image--layout-default wp-block-uagb-image--effect-static wp-block-uagb-image--align-none\"><figure class=\"wp-block-uagb-image__figure\"><a class=\"\" href=\"https:\/\/led.amasly.com\/ro\/products\/\" target=\"\" rel=\"noopener\"><img decoding=\"async\" srcset=\"https:\/\/led.amasly.com\/wp-content\/uploads\/2024\/07\/LED-tri-proof-lights2.png ,https:\/\/led.amasly.com\/wp-content\/uploads\/2024\/07\/LED-tri-proof-lights2.png 780w, https:\/\/led.amasly.com\/wp-content\/uploads\/2024\/07\/LED-tri-proof-lights2.png 360w\" sizes=\"auto, (max-width: 480px) 150px\" src=\"https:\/\/led.amasly.com\/wp-content\/uploads\/2024\/07\/LED-tri-proof-lights2.png\" alt=\"\" class=\"uag-image-1132\" width=\"300\" height=\"300\" title=\"LED-tri-proof-lights2\" loading=\"lazy\" role=\"img\"><\/a><\/figure><\/div>\n<\/div>\n\n\n\n<div class=\"wp-block-uagb-container uagb-block-11c2578b\">\n<div class=\"wp-block-uagb-image uagb-block-6e8883aa wp-block-uagb-image--layout-default wp-block-uagb-image--effect-static wp-block-uagb-image--align-none\"><figure class=\"wp-block-uagb-image__figure\"><a class=\"\" href=\"https:\/\/led.amasly.com\/ro\/products\/\" target=\"\" rel=\"noopener\"><img decoding=\"async\" srcset=\"https:\/\/led.amasly.com\/wp-content\/uploads\/2024\/09\/LED-Explosion-Proof-Gas-Station-Light.png ,https:\/\/led.amasly.com\/wp-content\/uploads\/2024\/09\/LED-Explosion-Proof-Gas-Station-Light.png 780w, https:\/\/led.amasly.com\/wp-content\/uploads\/2024\/09\/LED-Explosion-Proof-Gas-Station-Light.png 360w\" sizes=\"auto, (max-width: 480px) 150px\" src=\"https:\/\/led.amasly.com\/wp-content\/uploads\/2024\/09\/LED-Explosion-Proof-Gas-Station-Light.png\" alt=\"\" class=\"uag-image-1501\" width=\"300\" height=\"300\" title=\"LED lumina sta\u021biei de benzin\u0103 cu dovada exploziei\" loading=\"lazy\" role=\"img\"><\/a><\/figure><\/div>\n<\/div>\n<\/div><\/div>\n\n\n\n<div class=\"wp-block-uagb-container uagb-block-548945b5 alignfull uagb-is-root-container\"><div class=\"uagb-container-inner-blocks-wrap\">\n<div class=\"wp-block-uagb-container uagb-block-967755d5\">\n<h4 class=\"wp-block-heading has-text-align-center\"><a href=\"https:\/\/led.amasly.com\/ro\/products\/\">Lumini LED antiexplozie<\/a><\/h4>\n<\/div>\n\n\n\n<div class=\"wp-block-uagb-container uagb-block-9bc52fc2\">\n<h4 class=\"wp-block-heading has-text-align-center\"><a href=\"https:\/\/led.amasly.com\/ro\/products\/\">Lumini LED Tri-Proof<\/a><\/h4>\n<\/div>\n\n\n\n<div class=\"wp-block-uagb-container uagb-block-8ffa0a23\">\n<h4 class=\"wp-block-heading has-text-align-center\"><a href=\"https:\/\/led.amasly.com\/ro\/products\/\">Lumini de sta\u021bie de benzin\u0103 antiexplozie<\/a><\/h4>\n<\/div>\n<\/div><\/div>\n\n\n\n<div class=\"wp-block-uagb-container uagb-block-29499fe0 alignfull uagb-is-root-container\"><div class=\"uagb-container-inner-blocks-wrap\">\n<div class=\"wp-block-uagb-container uagb-block-777ee1c7\">\n<div class=\"wp-block-uagb-image uagb-block-2e9a1851 wp-block-uagb-image--layout-default wp-block-uagb-image--effect-static wp-block-uagb-image--align-none\"><figure class=\"wp-block-uagb-image__figure\"><a class=\"\" href=\"https:\/\/led.amasly.com\/ro\/products\/\" target=\"\" rel=\"noopener\"><img decoding=\"async\" srcset=\"https:\/\/led.amasly.com\/wp-content\/uploads\/2024\/10\/50W-100W-150W-200W-300W-LED-Flood-Light.jpg ,https:\/\/led.amasly.com\/wp-content\/uploads\/2024\/10\/50W-100W-150W-200W-300W-LED-Flood-Light.jpg 780w, https:\/\/led.amasly.com\/wp-content\/uploads\/2024\/10\/50W-100W-150W-200W-300W-LED-Flood-Light.jpg 360w\" sizes=\"auto, (max-width: 480px) 150px\" src=\"https:\/\/led.amasly.com\/wp-content\/uploads\/2024\/10\/50W-100W-150W-200W-300W-LED-Flood-Light.jpg\" alt=\"\" class=\"uag-image-1526\" width=\"300\" height=\"300\" title=\"50W 100W 150W 200W 300W LED lumin\u0103 de inunda\u021bie\" loading=\"lazy\" role=\"img\"><\/a><\/figure><\/div>\n<\/div>\n\n\n\n<div class=\"wp-block-uagb-container uagb-block-af8c8683\">\n<div class=\"wp-block-uagb-image uagb-block-67947854 wp-block-uagb-image--layout-default wp-block-uagb-image--effect-static wp-block-uagb-image--align-none\"><figure class=\"wp-block-uagb-image__figure\"><a class=\"\" href=\"https:\/\/led.amasly.com\/ro\/products\/\" target=\"\" rel=\"noopener\"><img decoding=\"async\" srcset=\"https:\/\/led.amasly.com\/wp-content\/uploads\/2024\/07\/led-tri-proof-light.png ,https:\/\/led.amasly.com\/wp-content\/uploads\/2024\/07\/led-tri-proof-light.png 780w, https:\/\/led.amasly.com\/wp-content\/uploads\/2024\/07\/led-tri-proof-light.png 360w\" sizes=\"auto, (max-width: 480px) 150px\" src=\"https:\/\/led.amasly.com\/wp-content\/uploads\/2024\/07\/led-tri-proof-light.png\" alt=\"\" class=\"uag-image-1130\" width=\"300\" height=\"300\" title=\"led-tri-proof-light\" loading=\"lazy\" role=\"img\"><\/a><\/figure><\/div>\n<\/div>\n\n\n\n<div class=\"wp-block-uagb-container uagb-block-0fdfdd58\">\n<div class=\"wp-block-uagb-image uagb-block-1187d32d wp-block-uagb-image--layout-default wp-block-uagb-image--effect-static wp-block-uagb-image--align-none\"><figure class=\"wp-block-uagb-image__figure\"><a class=\"\" href=\"https:\/\/led.amasly.com\/ro\/products\/\" target=\"\" rel=\"noopener\"><img decoding=\"async\" srcset=\"https:\/\/led.amasly.com\/wp-content\/uploads\/2024\/07\/LED-street-light.jpg ,https:\/\/led.amasly.com\/wp-content\/uploads\/2024\/07\/LED-street-light.jpg 780w, https:\/\/led.amasly.com\/wp-content\/uploads\/2024\/07\/LED-street-light.jpg 360w\" sizes=\"auto, (max-width: 480px) 150px\" src=\"https:\/\/led.amasly.com\/wp-content\/uploads\/2024\/07\/LED-street-light.jpg\" alt=\"\" class=\"uag-image-1145\" width=\"300\" height=\"300\" title=\"LED-street-light\" loading=\"lazy\" role=\"img\"><\/a><\/figure><\/div>\n<\/div>\n<\/div><\/div>\n\n\n\n<div class=\"wp-block-uagb-container uagb-block-6a60882c alignfull uagb-is-root-container\"><div class=\"uagb-container-inner-blocks-wrap\">\n<div class=\"wp-block-uagb-container uagb-block-f1e91a35\">\n<h4 class=\"wp-block-heading has-text-align-center\"><a href=\"https:\/\/led.amasly.com\/ro\/products\/\">Lumini de inunda\u021bie cu LED<\/a><\/h4>\n<\/div>\n\n\n\n<div class=\"wp-block-uagb-container uagb-block-165bfa58\">\n<h4 class=\"wp-block-heading has-text-align-center\"><a href=\"https:\/\/led.amasly.com\/ro\/products\/\">Lumini LED Tri-Proof Tube<\/a><\/h4>\n<\/div>\n\n\n\n<div class=\"wp-block-uagb-container uagb-block-f6096e3b\">\n<h4 class=\"wp-block-heading has-text-align-center\"><a href=\"https:\/\/led.amasly.com\/ro\/products\/\">Lumini stradale cu LED<\/a><\/h4>\n<\/div>\n<\/div><\/div>\n\n\n\n<div class=\"wp-block-uagb-container uagb-block-99c0e0a5 alignfull uagb-is-root-container\"><div class=\"uagb-container-inner-blocks-wrap\"><\/div><\/div>\n\n\n\n<p><\/p>","protected":false},"excerpt":{"rendered":"<p>Amasly Flood&nbsp;Lights&nbsp;Price List Flood&nbsp;lights also known as LED spotlights, LED projector lights Reasons for the difference of LED flood\u00a0lights price: 1. Brand and manufacturer: Different brands of LED flood lights&nbsp;have differences in quality, technology, materials and other aspects, so the price will be different. Well-known brands usually have a higher reputation and market share, and [&hellip;]<\/p>\n","protected":false},"author":1,"featured_media":0,"parent":2869,"menu_order":0,"comment_status":"closed","ping_status":"closed","template":"","meta":{"_uag_custom_page_level_css":"","site-sidebar-layout":"no-sidebar","site-content-layout":"","ast-site-content-layout":"default","site-content-style":"default","site-sidebar-style":"default","ast-global-header-display":"","ast-banner-title-visibility":"","ast-main-header-display":"","ast-hfb-above-header-display":"","ast-hfb-below-header-display":"","ast-hfb-mobile-header-display":"","site-post-title":"disabled","ast-breadcrumbs-content":"","ast-featured-img":"","footer-sml-layout":"","ast-disable-related-posts":"","theme-transparent-header-meta":"enabled","adv-header-id-meta":"","stick-header-meta":"","header-above-stick-meta":"","header-main-stick-meta":"","header-below-stick-meta":"","astra-migrate-meta-layouts":"set","ast-page-background-enabled":"default","ast-page-background-meta":{"desktop":{"background-color":"var(--ast-global-color-4)","background-image":"","background-repeat":"repeat","background-position":"center center","background-size":"auto","background-attachment":"scroll","background-type":"","background-media":"","overlay-type":"","overlay-color":"","overlay-opacity":"","overlay-gradient":""},"tablet":{"background-color":"","background-image":"","background-repeat":"repeat","background-position":"center center","background-size":"auto","background-attachment":"scroll","background-type":"","background-media":"","overlay-type":"","overlay-color":"","overlay-opacity":"","overlay-gradient":""},"mobile":{"background-color":"","background-image":"","background-repeat":"repeat","background-position":"center center","background-size":"auto","background-attachment":"scroll","background-type":"","background-media":"","overlay-type":"","overlay-color":"","overlay-opacity":"","overlay-gradient":""}},"ast-content-background-meta":{"desktop":{"background-color":"var(--ast-global-color-5)","background-image":"","background-repeat":"repeat","background-position":"center center","background-size":"auto","background-attachment":"scroll","background-type":"","background-media":"","overlay-type":"","overlay-color":"","overlay-opacity":"","overlay-gradient":""},"tablet":{"background-color":"var(--ast-global-color-5)","background-image":"","background-repeat":"repeat","background-position":"center center","background-size":"auto","background-attachment":"scroll","background-type":"","background-media":"","overlay-type":"","overlay-color":"","overlay-opacity":"","overlay-gradient":""},"mobile":{"background-color":"var(--ast-global-color-5)","background-image":"","background-repeat":"repeat","background-position":"center center","background-size":"auto","background-attachment":"scroll","background-type":"","background-media":"","overlay-type":"","overlay-color":"","overlay-opacity":"","overlay-gradient":""}},"footnotes":""},"class_list":["post-2974","page","type-page","status-publish","hentry"],"uagb_featured_image_src":{"full":false,"thumbnail":false,"medium":false,"medium_large":false,"large":false,"1536x1536":false,"2048x2048":false,"trp-custom-language-flag":false},"uagb_author_info":{"display_name":"Joe","author_link":"https:\/\/led.amasly.com\/ro\/author\/jacklin\/"},"uagb_comment_info":0,"uagb_excerpt":"Amasly Flood&nbsp;Lights&nbsp;Price List Flood&nbsp;lights also known as LED spotlights, LED projector lights Reasons for the difference of LED flood\u00a0lights price: 1. Brand and manufacturer: Different brands of LED flood lights&nbsp;have differences in quality, technology, materials and other aspects, so the price will be different. Well-known brands usually have a higher reputation and market share, and&hellip;","_links":{"self":[{"href":"https:\/\/led.amasly.com\/ro\/wp-json\/wp\/v2\/pages\/2974","targetHints":{"allow":["GET"]}}],"collection":[{"href":"https:\/\/led.amasly.com\/ro\/wp-json\/wp\/v2\/pages"}],"about":[{"href":"https:\/\/led.amasly.com\/ro\/wp-json\/wp\/v2\/types\/page"}],"author":[{"embeddable":true,"href":"https:\/\/led.amasly.com\/ro\/wp-json\/wp\/v2\/users\/1"}],"replies":[{"embeddable":true,"href":"https:\/\/led.amasly.com\/ro\/wp-json\/wp\/v2\/comments?post=2974"}],"version-history":[{"count":2,"href":"https:\/\/led.amasly.com\/ro\/wp-json\/wp\/v2\/pages\/2974\/revisions"}],"predecessor-version":[{"id":4495,"href":"https:\/\/led.amasly.com\/ro\/wp-json\/wp\/v2\/pages\/2974\/revisions\/4495"}],"up":[{"embeddable":true,"href":"https:\/\/led.amasly.com\/ro\/wp-json\/wp\/v2\/pages\/2869"}],"wp:attachment":[{"href":"https:\/\/led.amasly.com\/ro\/wp-json\/wp\/v2\/media?parent=2974"}],"curies":[{"name":"wp","href":"https:\/\/api.w.org\/{rel}","templated":true}]}}