{"id":2966,"date":"2025-04-08T20:53:14","date_gmt":"2025-04-08T12:53:14","guid":{"rendered":"https:\/\/led.amasly.com\/?page_id=2966"},"modified":"2025-04-08T20:53:20","modified_gmt":"2025-04-08T12:53:20","slug":"what-materials-are-explosion-proof","status":"publish","type":"page","link":"https:\/\/led.amasly.com\/ro\/knowledge\/explosion-proof-products-knowledge\/what-materials-are-explosion-proof\/","title":{"rendered":"Ce materiale sunt rezistente la explozii?"},"content":{"rendered":"<div class=\"wp-block-uagb-container uagb-block-27bae773 alignfull uagb-is-root-container\"><div class=\"uagb-container-inner-blocks-wrap\"><\/div><\/div>\n\n\n\n<h2 class=\"wp-block-heading has-text-align-center\"><strong>Ce materiale sunt rezistente la explozii?<\/strong><strong><\/strong><\/h2>\n\n\n\n<div class=\"wp-block-uagb-image uagb-block-da1360b5 wp-block-uagb-image--layout-default wp-block-uagb-image--effect-static wp-block-uagb-image--align-none\"><figure class=\"wp-block-uagb-image__figure\"><a class=\"\" href=\"https:\/\/led.amasly.com\/ro\/\" target=\"\" rel=\"noopener\"><img decoding=\"async\" srcset=\"https:\/\/led.amasly.com\/wp-content\/uploads\/2025\/01\/LED-explosion-proof-flood-lights.png ,https:\/\/led.amasly.com\/wp-content\/uploads\/2025\/01\/LED-explosion-proof-flood-lights.png 780w, https:\/\/led.amasly.com\/wp-content\/uploads\/2025\/01\/LED-explosion-proof-flood-lights.png 360w\" sizes=\"auto, (max-width: 480px) 150px\" src=\"https:\/\/led.amasly.com\/wp-content\/uploads\/2025\/01\/LED-explosion-proof-flood-lights.png\" alt=\"\" class=\"uag-image-1675\" width=\"1004\" height=\"308\" title=\"Lumini de inunda\u021bie cu LED-uri antiexplozie\" loading=\"lazy\" role=\"img\"><\/a><\/figure><\/div>\n\n\n\n<p>Materialele rezistente la explozii sunt o clas\u0103 de materiale specializate capabile s\u0103 reziste la impactul exploziv \u0219i la flac\u0103r\u0103. Acestea sunt utilizate pe scar\u0103 larg\u0103 \u00een petrochimie, minerit, construc\u021bii \u0219i alte domenii, concepute pentru a proteja siguran\u021ba personalului \u0219i a echipamentelor.<\/p>\n\n\n\n<p>Diferitele tipuri de materiale antideflagrante au caracteristici \u0219i scenarii de aplicare diferite, astfel \u00eenc\u00e2t alegerea materialelor antideflagrante trebuie s\u0103 fie luat\u0103 \u00een considerare \u00een func\u021bie de utilizarea specific\u0103 a mediului \u0219i a nevoilor.<\/p>\n\n\n\n<h2 class=\"wp-block-heading\"><strong>Materialele comune antideflagrante sunt: <\/strong><strong><\/strong><\/h2>\n\n\n\n<p>1.Materiale metalice: cum ar fi pl\u0103ci de o\u021bel, pl\u0103ci de aluminiu etc. Aceste materiale au o rezisten\u021b\u0103 ridicat\u0103 \u0219i o tenacitate bun\u0103 \u0219i pot rezista eficient la impactul \u0219i flac\u0103ra generate de explozie. \u00centr-un mediu exploziv, ele pot proteja structurile \u0219i personalul de daune \u0219i r\u0103niri.<\/p>\n\n\n\n<p>\u00cen plus, anumite materiale metalice speciale pot fi utilizate pentru fabricarea componentelor cheie ale echipamentelor \u0219i dispozitivelor antideflagrante.<\/p>\n\n\n\n<p>2.Compozite polimerice: Acestea sunt materiale speciale antideflagrante care sunt rezistente la explozii, ignifuge \u0219i rezistente la abraziune.<\/p>\n\n\n\n<p>Aceste materiale sunt capabile s\u0103 absoarb\u0103 cantit\u0103\u021bi mari de energie \u0219i s\u0103 disipeze rapid c\u0103ldura atunci c\u00e2nd sunt lovite, reduc\u00e2nd astfel daunele cauzate de explozie mediului \u00eenconjur\u0103tor. Utilizate pe scar\u0103 larg\u0103 \u00een petrochimie, minerit \u0219i alte domenii.<\/p>\n\n\n\n<p>3. Materiale ceramice: materialele ceramice au stabilitate la temperaturi ridicate \u0219i propriet\u0103\u021bi bune de izolare, capabile s\u0103 reziste la temperatura ridicat\u0103 \u0219i la presiunea ridicat\u0103 generate de explozie. Prin urmare, materialele ceramice sunt, de asemenea, utilizate pe scar\u0103 larg\u0103 \u00een fabricarea echipamentelor \u0219i dispozitivelor rezistente la explozii. \u00cen plus, materialele ceramice sunt stabile din punct de vedere chimic \u0219i pot rezista la diverse coroziuni chimice.<\/p>\n\n\n\n<p>4. Acoperiri speciale \u0219i materiale ignifuge: aceste materiale includ \u00een principal vopsea antideflagrant\u0103, vopsea ignifug\u0103 etc., care au performan\u021be bune de ignifugare \u0219i antideflagrante.<\/p>\n\n\n\n<p>Acestea pot fi aplicate pe suprafa\u021ba echipamentelor \u0219i a cl\u0103dirilor pentru a oferi un strat suplimentar de protec\u021bie \u00eempotriva deterior\u0103rii ulterioare cauzate de incendii \u0219i explozii.<\/p>\n\n\n\n<h2 class=\"wp-block-heading\"><strong>Care sunt materialele utilizate pentru carcasele produselor antideflagrante?<\/strong><strong><\/strong><\/h2>\n\n\n\n<p>Exist\u0103 patru materiale comune utilizate \u00een carcasele antideflagrante: o\u021bel inoxidabil, o\u021bel carbon, aliaj de aluminiu, materiale plastice tehnice. Materiale diferite pentru scopuri diferite, aspectul diferen\u021bei este, de asemenea, mare.<\/p>\n\n\n\n<h3 class=\"wp-block-heading\"><strong>1<\/strong><strong>.<\/strong><strong>&nbsp;material din aliaj de aluminiu <\/strong><strong><\/strong><\/h3>\n\n\n\n<p>caz fabricat din aliaj de aluminiu de \u00eenalt\u0103 calitate, aliaj de aluminiu este un material structural din metal neferos cu o gam\u0103 larg\u0103 de aplica\u021bii \u00een industrie, cu rezisten\u021b\u0103 ridicat\u0103, densitate sc\u0103zut\u0103, duritate bun\u0103, plasticitate bun\u0103, conductivitate electric\u0103 bun\u0103 \u0219i conductivitate termic\u0103 a materialului.<\/p>\n\n\n\n<h3 class=\"wp-block-heading\">2.&nbsp;<strong>Material din o\u021bel inoxidabil 304 <\/strong><strong><\/strong><\/h3>\n\n\n\n<p>numit \u0219i o\u021bel inoxidabil 18\/8, este un material obi\u0219nuit din o\u021bel inoxidabil. Cu acest material are o duritate ridicat\u0103, caracteristici bune de protec\u021bie \u00eempotriva exploziilor.<\/p>\n\n\n\n<h3 class=\"wp-block-heading\"><strong>3<\/strong><strong>.<\/strong><strong>&nbsp;material din o\u021bel carbon <\/strong><strong><\/strong><\/h3>\n\n\n\n<p>numit \u0219i o\u021bel carbon, compozi\u021bia con\u021bine siliciu, mangan, sulf, fosfor, dar cantitatea este mic\u0103. O\u021belul carbon este foarte dur, \u00een general cu c\u00e2t con\u021binutul de carbon este mai mare, cu at\u00e2t duritatea \u0219i rezisten\u021ba sunt mai mari. Acest material are o bun\u0103 rezisten\u021b\u0103 la impact.<\/p>\n\n\n\n<h3 class=\"wp-block-heading\"><strong>4<\/strong><strong>.<\/strong><strong>&nbsp;materiale plastice tehnice <\/strong><strong><\/strong><\/h3>\n\n\n\n<p class=\"has-text-align-left\">Acest plastic este diferit de materialele plastice obi\u0219nuite, este fabricat din materiale de inginerie \u0219i alte materiale fabricate din materiale plastice, performan\u021be generale mai bune, rigiditate ridicat\u0103, rezisten\u021b\u0103 ridicat\u0103 \u0219i, \u00een acela\u0219i timp, are o bun\u0103 rezisten\u021b\u0103 la c\u0103ldur\u0103 \u0219i izolare electric\u0103, potrivite pentru utilizare \u00een medii chimice sau fizice dure.<\/p>\n\n\n\n<div class=\"wp-block-uagb-container uagb-block-c7d898dd alignfull uagb-is-root-container\"><div class=\"uagb-container-inner-blocks-wrap\"><\/div><\/div>\n\n\n\n<h2 class=\"wp-block-heading\">Produse conexe<\/h2>\n\n\n\n<div class=\"wp-block-uagb-container uagb-block-66e4defc alignfull uagb-is-root-container\"><div class=\"uagb-container-inner-blocks-wrap\">\n<div class=\"wp-block-uagb-container uagb-block-a42945f9\">\n<div class=\"wp-block-uagb-image uagb-block-7296296b wp-block-uagb-image--layout-default wp-block-uagb-image--effect-static wp-block-uagb-image--align-none\"><figure class=\"wp-block-uagb-image__figure\"><a class=\"\" href=\"https:\/\/led.amasly.com\/ro\/products\/\" target=\"\" rel=\"noopener\"><img decoding=\"async\" srcset=\"https:\/\/led.amasly.com\/wp-content\/uploads\/2024\/09\/Explosion-proof-high-bay-lights.png ,https:\/\/led.amasly.com\/wp-content\/uploads\/2024\/09\/Explosion-proof-high-bay-lights.png 780w, https:\/\/led.amasly.com\/wp-content\/uploads\/2024\/09\/Explosion-proof-high-bay-lights.png 360w\" sizes=\"auto, (max-width: 480px) 150px\" src=\"https:\/\/led.amasly.com\/wp-content\/uploads\/2024\/09\/Explosion-proof-high-bay-lights.png\" alt=\"\" class=\"uag-image-1495\" width=\"300\" height=\"300\" title=\"Lumini de \u00eenalt\u0103 rezisten\u021b\u0103 la explozie\" loading=\"lazy\" role=\"img\"><\/a><\/figure><\/div>\n<\/div>\n\n\n\n<div class=\"wp-block-uagb-container uagb-block-4d3efde5\">\n<div class=\"wp-block-uagb-image uagb-block-c9e90797 wp-block-uagb-image--layout-default wp-block-uagb-image--effect-static wp-block-uagb-image--align-none\"><figure class=\"wp-block-uagb-image__figure\"><a class=\"\" href=\"https:\/\/led.amasly.com\/ro\/products\/\" target=\"\" rel=\"noopener\"><img decoding=\"async\" srcset=\"https:\/\/led.amasly.com\/wp-content\/uploads\/2024\/07\/LED-tri-proof-lights2.png ,https:\/\/led.amasly.com\/wp-content\/uploads\/2024\/07\/LED-tri-proof-lights2.png 780w, https:\/\/led.amasly.com\/wp-content\/uploads\/2024\/07\/LED-tri-proof-lights2.png 360w\" sizes=\"auto, (max-width: 480px) 150px\" src=\"https:\/\/led.amasly.com\/wp-content\/uploads\/2024\/07\/LED-tri-proof-lights2.png\" alt=\"\" class=\"uag-image-1132\" width=\"300\" height=\"300\" title=\"LED-tri-proof-lights2\" loading=\"lazy\" role=\"img\"><\/a><\/figure><\/div>\n<\/div>\n\n\n\n<div class=\"wp-block-uagb-container uagb-block-11c2578b\">\n<div class=\"wp-block-uagb-image uagb-block-6e8883aa wp-block-uagb-image--layout-default wp-block-uagb-image--effect-static wp-block-uagb-image--align-none\"><figure class=\"wp-block-uagb-image__figure\"><a class=\"\" href=\"https:\/\/led.amasly.com\/ro\/products\/\" target=\"\" rel=\"noopener\"><img decoding=\"async\" srcset=\"https:\/\/led.amasly.com\/wp-content\/uploads\/2024\/09\/LED-Explosion-Proof-Gas-Station-Light.png ,https:\/\/led.amasly.com\/wp-content\/uploads\/2024\/09\/LED-Explosion-Proof-Gas-Station-Light.png 780w, https:\/\/led.amasly.com\/wp-content\/uploads\/2024\/09\/LED-Explosion-Proof-Gas-Station-Light.png 360w\" sizes=\"auto, (max-width: 480px) 150px\" src=\"https:\/\/led.amasly.com\/wp-content\/uploads\/2024\/09\/LED-Explosion-Proof-Gas-Station-Light.png\" alt=\"\" class=\"uag-image-1501\" width=\"300\" height=\"300\" title=\"LED lumina sta\u021biei de benzin\u0103 cu dovada exploziei\" loading=\"lazy\" role=\"img\"><\/a><\/figure><\/div>\n<\/div>\n<\/div><\/div>\n\n\n\n<div class=\"wp-block-uagb-container uagb-block-548945b5 alignfull uagb-is-root-container\"><div class=\"uagb-container-inner-blocks-wrap\">\n<div class=\"wp-block-uagb-container uagb-block-967755d5\">\n<h4 class=\"wp-block-heading has-text-align-center\"><a href=\"https:\/\/led.amasly.com\/ro\/products\/\">Lumini LED antiexplozie<\/a><\/h4>\n<\/div>\n\n\n\n<div class=\"wp-block-uagb-container uagb-block-9bc52fc2\">\n<h4 class=\"wp-block-heading has-text-align-center\"><a href=\"https:\/\/led.amasly.com\/ro\/products\/\">Lumini LED Tri-Proof<\/a><\/h4>\n<\/div>\n\n\n\n<div class=\"wp-block-uagb-container uagb-block-8ffa0a23\">\n<h4 class=\"wp-block-heading has-text-align-center\"><a href=\"https:\/\/led.amasly.com\/ro\/products\/\">Lumini de sta\u021bie de benzin\u0103 antiexplozie<\/a><\/h4>\n<\/div>\n<\/div><\/div>\n\n\n\n<div class=\"wp-block-uagb-container uagb-block-29499fe0 alignfull uagb-is-root-container\"><div class=\"uagb-container-inner-blocks-wrap\">\n<div class=\"wp-block-uagb-container uagb-block-777ee1c7\">\n<div class=\"wp-block-uagb-image uagb-block-2e9a1851 wp-block-uagb-image--layout-default wp-block-uagb-image--effect-static wp-block-uagb-image--align-none\"><figure class=\"wp-block-uagb-image__figure\"><a class=\"\" href=\"https:\/\/led.amasly.com\/ro\/products\/\" target=\"\" rel=\"noopener\"><img decoding=\"async\" srcset=\"https:\/\/led.amasly.com\/wp-content\/uploads\/2024\/10\/50W-100W-150W-200W-300W-LED-Flood-Light.jpg ,https:\/\/led.amasly.com\/wp-content\/uploads\/2024\/10\/50W-100W-150W-200W-300W-LED-Flood-Light.jpg 780w, https:\/\/led.amasly.com\/wp-content\/uploads\/2024\/10\/50W-100W-150W-200W-300W-LED-Flood-Light.jpg 360w\" sizes=\"auto, (max-width: 480px) 150px\" src=\"https:\/\/led.amasly.com\/wp-content\/uploads\/2024\/10\/50W-100W-150W-200W-300W-LED-Flood-Light.jpg\" alt=\"\" class=\"uag-image-1526\" width=\"300\" height=\"300\" title=\"50W 100W 150W 200W 300W LED lumin\u0103 de inunda\u021bie\" loading=\"lazy\" role=\"img\"><\/a><\/figure><\/div>\n<\/div>\n\n\n\n<div class=\"wp-block-uagb-container uagb-block-af8c8683\">\n<div class=\"wp-block-uagb-image uagb-block-67947854 wp-block-uagb-image--layout-default wp-block-uagb-image--effect-static wp-block-uagb-image--align-none\"><figure class=\"wp-block-uagb-image__figure\"><a class=\"\" href=\"https:\/\/led.amasly.com\/ro\/products\/\" target=\"\" rel=\"noopener\"><img decoding=\"async\" srcset=\"https:\/\/led.amasly.com\/wp-content\/uploads\/2024\/07\/led-tri-proof-light.png ,https:\/\/led.amasly.com\/wp-content\/uploads\/2024\/07\/led-tri-proof-light.png 780w, https:\/\/led.amasly.com\/wp-content\/uploads\/2024\/07\/led-tri-proof-light.png 360w\" sizes=\"auto, (max-width: 480px) 150px\" src=\"https:\/\/led.amasly.com\/wp-content\/uploads\/2024\/07\/led-tri-proof-light.png\" alt=\"\" class=\"uag-image-1130\" width=\"300\" height=\"300\" title=\"led-tri-proof-light\" loading=\"lazy\" role=\"img\"><\/a><\/figure><\/div>\n<\/div>\n\n\n\n<div class=\"wp-block-uagb-container uagb-block-0fdfdd58\">\n<div class=\"wp-block-uagb-image uagb-block-1187d32d wp-block-uagb-image--layout-default wp-block-uagb-image--effect-static wp-block-uagb-image--align-none\"><figure class=\"wp-block-uagb-image__figure\"><a class=\"\" href=\"https:\/\/led.amasly.com\/ro\/products\/\" target=\"\" rel=\"noopener\"><img decoding=\"async\" srcset=\"https:\/\/led.amasly.com\/wp-content\/uploads\/2024\/07\/LED-street-light.jpg ,https:\/\/led.amasly.com\/wp-content\/uploads\/2024\/07\/LED-street-light.jpg 780w, https:\/\/led.amasly.com\/wp-content\/uploads\/2024\/07\/LED-street-light.jpg 360w\" sizes=\"auto, (max-width: 480px) 150px\" src=\"https:\/\/led.amasly.com\/wp-content\/uploads\/2024\/07\/LED-street-light.jpg\" alt=\"\" class=\"uag-image-1145\" width=\"300\" height=\"300\" title=\"LED-street-light\" loading=\"lazy\" role=\"img\"><\/a><\/figure><\/div>\n<\/div>\n<\/div><\/div>\n\n\n\n<div class=\"wp-block-uagb-container uagb-block-6a60882c alignfull uagb-is-root-container\"><div class=\"uagb-container-inner-blocks-wrap\">\n<div class=\"wp-block-uagb-container uagb-block-f1e91a35\">\n<h4 class=\"wp-block-heading has-text-align-center\"><a href=\"https:\/\/led.amasly.com\/ro\/products\/\">Lumini de inunda\u021bie cu LED<\/a><\/h4>\n<\/div>\n\n\n\n<div class=\"wp-block-uagb-container uagb-block-165bfa58\">\n<h4 class=\"wp-block-heading has-text-align-center\"><a href=\"https:\/\/led.amasly.com\/ro\/products\/\">Lumini LED Tri-Proof Tube<\/a><\/h4>\n<\/div>\n\n\n\n<div class=\"wp-block-uagb-container uagb-block-f6096e3b\">\n<h4 class=\"wp-block-heading has-text-align-center\"><a href=\"https:\/\/led.amasly.com\/ro\/products\/\">Lumini stradale cu LED<\/a><\/h4>\n<\/div>\n<\/div><\/div>\n\n\n\n<div class=\"wp-block-uagb-container uagb-block-99c0e0a5 alignfull uagb-is-root-container\"><div class=\"uagb-container-inner-blocks-wrap\"><\/div><\/div>\n\n\n\n<p><\/p>","protected":false},"excerpt":{"rendered":"<p>What materials are explosion proof? Explosion-proof materials are a class of specialized materials capable of resisting explosive impact and flame. They are widely used in petrochemical, mining, construction and other fields, designed to protect the safety of personnel and equipment. Different types of explosion-proof materials have different characteristics and application scenarios, so the choice of [&hellip;]<\/p>\n","protected":false},"author":1,"featured_media":0,"parent":2374,"menu_order":0,"comment_status":"closed","ping_status":"closed","template":"","meta":{"_uag_custom_page_level_css":"","site-sidebar-layout":"no-sidebar","site-content-layout":"","ast-site-content-layout":"default","site-content-style":"default","site-sidebar-style":"default","ast-global-header-display":"","ast-banner-title-visibility":"","ast-main-header-display":"","ast-hfb-above-header-display":"","ast-hfb-below-header-display":"","ast-hfb-mobile-header-display":"","site-post-title":"disabled","ast-breadcrumbs-content":"","ast-featured-img":"","footer-sml-layout":"","ast-disable-related-posts":"","theme-transparent-header-meta":"enabled","adv-header-id-meta":"","stick-header-meta":"","header-above-stick-meta":"","header-main-stick-meta":"","header-below-stick-meta":"","astra-migrate-meta-layouts":"set","ast-page-background-enabled":"default","ast-page-background-meta":{"desktop":{"background-color":"var(--ast-global-color-4)","background-image":"","background-repeat":"repeat","background-position":"center center","background-size":"auto","background-attachment":"scroll","background-type":"","background-media":"","overlay-type":"","overlay-color":"","overlay-opacity":"","overlay-gradient":""},"tablet":{"background-color":"","background-image":"","background-repeat":"repeat","background-position":"center center","background-size":"auto","background-attachment":"scroll","background-type":"","background-media":"","overlay-type":"","overlay-color":"","overlay-opacity":"","overlay-gradient":""},"mobile":{"background-color":"","background-image":"","background-repeat":"repeat","background-position":"center center","background-size":"auto","background-attachment":"scroll","background-type":"","background-media":"","overlay-type":"","overlay-color":"","overlay-opacity":"","overlay-gradient":""}},"ast-content-background-meta":{"desktop":{"background-color":"var(--ast-global-color-5)","background-image":"","background-repeat":"repeat","background-position":"center center","background-size":"auto","background-attachment":"scroll","background-type":"","background-media":"","overlay-type":"","overlay-color":"","overlay-opacity":"","overlay-gradient":""},"tablet":{"background-color":"var(--ast-global-color-5)","background-image":"","background-repeat":"repeat","background-position":"center center","background-size":"auto","background-attachment":"scroll","background-type":"","background-media":"","overlay-type":"","overlay-color":"","overlay-opacity":"","overlay-gradient":""},"mobile":{"background-color":"var(--ast-global-color-5)","background-image":"","background-repeat":"repeat","background-position":"center center","background-size":"auto","background-attachment":"scroll","background-type":"","background-media":"","overlay-type":"","overlay-color":"","overlay-opacity":"","overlay-gradient":""}},"footnotes":""},"class_list":["post-2966","page","type-page","status-publish","hentry"],"uagb_featured_image_src":{"full":false,"thumbnail":false,"medium":false,"medium_large":false,"large":false,"1536x1536":false,"2048x2048":false,"trp-custom-language-flag":false},"uagb_author_info":{"display_name":"Joe","author_link":"https:\/\/led.amasly.com\/ro\/author\/jacklin\/"},"uagb_comment_info":0,"uagb_excerpt":"What materials are explosion proof? Explosion-proof materials are a class of specialized materials capable of resisting explosive impact and flame. They are widely used in petrochemical, mining, construction and other fields, designed to protect the safety of personnel and equipment. Different types of explosion-proof materials have different characteristics and application scenarios, so the choice of&hellip;","_links":{"self":[{"href":"https:\/\/led.amasly.com\/ro\/wp-json\/wp\/v2\/pages\/2966","targetHints":{"allow":["GET"]}}],"collection":[{"href":"https:\/\/led.amasly.com\/ro\/wp-json\/wp\/v2\/pages"}],"about":[{"href":"https:\/\/led.amasly.com\/ro\/wp-json\/wp\/v2\/types\/page"}],"author":[{"embeddable":true,"href":"https:\/\/led.amasly.com\/ro\/wp-json\/wp\/v2\/users\/1"}],"replies":[{"embeddable":true,"href":"https:\/\/led.amasly.com\/ro\/wp-json\/wp\/v2\/comments?post=2966"}],"version-history":[{"count":1,"href":"https:\/\/led.amasly.com\/ro\/wp-json\/wp\/v2\/pages\/2966\/revisions"}],"predecessor-version":[{"id":2980,"href":"https:\/\/led.amasly.com\/ro\/wp-json\/wp\/v2\/pages\/2966\/revisions\/2980"}],"up":[{"embeddable":true,"href":"https:\/\/led.amasly.com\/ro\/wp-json\/wp\/v2\/pages\/2374"}],"wp:attachment":[{"href":"https:\/\/led.amasly.com\/ro\/wp-json\/wp\/v2\/media?parent=2966"}],"curies":[{"name":"wp","href":"https:\/\/api.w.org\/{rel}","templated":true}]}}