{"id":2869,"date":"2025-03-30T20:26:15","date_gmt":"2025-03-30T12:26:15","guid":{"rendered":"https:\/\/led.amasly.com\/?page_id=2869"},"modified":"2026-01-18T10:38:27","modified_gmt":"2026-01-18T02:38:27","slug":"light-price","status":"publish","type":"page","link":"https:\/\/led.amasly.com\/ro\/light-price\/","title":{"rendered":"Pre\u021b u\u0219or"},"content":{"rendered":"<div class=\"wp-block-uagb-container uagb-block-27bae773 alignfull uagb-is-root-container\"><div class=\"uagb-container-inner-blocks-wrap\">\n<div class=\"wp-block-uagb-info-box uagb-block-b537abb1 uagb-infobox__content-wrap  uagb-infobox-icon-above-title uagb-infobox-image-valign-top wp-block-uagb-info-box--has-margin\"><div class=\"uagb-infobox-margin-wrapper\"><div class=\"uagb-ifb-content\"><div class=\"uagb-ifb-title-wrap\"><\/div><\/div><\/div><\/div>\n<\/div><\/div>\n\n\n\n<p>Amasly Light Pret includ: explozie dovada lumini pret, mare bay lumina pret, inunda\u021bii lumina pret, strada lumina pret, lumina solara pirce \u0219i explozie dovada aparate electrice Pret<\/p>\n\n\n\n<p><\/p>\n\n\n\n<h1 class=\"wp-block-heading\">Pre\u021b u\u0219or<\/h1>\n\n\n\n<p><\/p>\n\n\n\n<div class=\"wp-block-uagb-container uagb-block-78cb55ea alignfull uagb-is-root-container\"><div class=\"uagb-container-inner-blocks-wrap\">\n<div class=\"wp-block-uagb-container uagb-block-ae01babb\">\n<h2 class=\"wp-block-heading\"><a href=\"https:\/\/led.amasly.com\/ro\/light-price\/explosion-proof-lights-price\/\">Luminile de protec\u021bie \u00eempotriva exploziilor Pre\u021b<\/a><\/h2>\n<\/div>\n\n\n\n<div class=\"wp-block-uagb-container uagb-block-aaa439af\">\n<div class=\"wp-block-uagb-image uagb-block-31219426 wp-block-uagb-image--layout-default wp-block-uagb-image--effect-static wp-block-uagb-image--align-none\"><figure class=\"wp-block-uagb-image__figure\"><a class=\"\" href=\"https:\/\/led.amasly.com\/ro\/light-price\/explosion-proof-lights-price\/\" target=\"\" rel=\"noopener\"><img decoding=\"async\" srcset=\"https:\/\/led.amasly.com\/wp-content\/uploads\/2025\/03\/2fca32c318e6523070fbc173de32411a_sunset-6226244_1280-1-1024x686.jpg ,https:\/\/led.amasly.com\/wp-content\/uploads\/2025\/03\/2fca32c318e6523070fbc173de32411a_sunset-6226244_1280-1.jpg 780w, https:\/\/led.amasly.com\/wp-content\/uploads\/2025\/03\/2fca32c318e6523070fbc173de32411a_sunset-6226244_1280-1.jpg 360w\" sizes=\"auto, (max-width: 480px) 150px\" src=\"https:\/\/led.amasly.com\/wp-content\/uploads\/2025\/03\/2fca32c318e6523070fbc173de32411a_sunset-6226244_1280-1-1024x686.jpg\" alt=\"\" class=\"uag-image-2371\" width=\"1024\" height=\"529\" title=\"2fca32c318e6523070fbc173de32411a_sunset-6226244_1280\" loading=\"lazy\" role=\"img\"><\/a><\/figure><\/div>\n<\/div>\n<\/div><\/div>\n\n\n\n<div class=\"wp-block-uagb-container uagb-block-e9d680de alignfull uagb-is-root-container\"><div class=\"uagb-container-inner-blocks-wrap\">\n<div class=\"wp-block-uagb-container uagb-block-3a490d67\">\n<h2 class=\"wp-block-heading\">High Bay Light Pre\u021b<\/h2>\n<\/div>\n\n\n\n<div class=\"wp-block-uagb-container uagb-block-1f1f7c80\">\n<div class=\"wp-block-uagb-image uagb-block-8fef6678 wp-block-uagb-image--layout-default wp-block-uagb-image--effect-static wp-block-uagb-image--align-none\"><figure class=\"wp-block-uagb-image__figure\"><img decoding=\"async\" srcset=\"https:\/\/led.amasly.com\/wp-content\/uploads\/2025\/02\/Warehouses-Intelligent-Lighting-Solutions-2-1024x576.jpg ,https:\/\/led.amasly.com\/wp-content\/uploads\/2025\/02\/Warehouses-Intelligent-Lighting-Solutions-2.jpg 780w, https:\/\/led.amasly.com\/wp-content\/uploads\/2025\/02\/Warehouses-Intelligent-Lighting-Solutions-2.jpg 360w\" sizes=\"auto, (max-width: 480px) 150px\" src=\"https:\/\/led.amasly.com\/wp-content\/uploads\/2025\/02\/Warehouses-Intelligent-Lighting-Solutions-2-1024x576.jpg\" alt=\"\" class=\"uag-image-2054\" width=\"1024\" height=\"529\" title=\"Depozite Solu\u021bii inteligente de iluminat (2)\" loading=\"lazy\" role=\"img\"><\/figure><\/div>\n<\/div>\n<\/div><\/div>\n\n\n\n<div class=\"wp-block-uagb-container uagb-block-f75c59aa alignfull uagb-is-root-container\"><div class=\"uagb-container-inner-blocks-wrap\">\n<div class=\"wp-block-uagb-container uagb-block-5104502a\">\n<h2 class=\"wp-block-heading\">Lumin\u0103 \u00een aer liber Pirce<\/h2>\n<\/div>\n\n\n\n<div class=\"wp-block-uagb-container uagb-block-a958d921\">\n<div class=\"wp-block-uagb-image uagb-block-d25905fa wp-block-uagb-image--layout-default wp-block-uagb-image--effect-static wp-block-uagb-image--align-none\"><figure class=\"wp-block-uagb-image__figure\"><img decoding=\"async\" srcset=\"https:\/\/led.amasly.com\/wp-content\/uploads\/2025\/02\/stadium-lighting-4-1024x682.jpg ,https:\/\/led.amasly.com\/wp-content\/uploads\/2025\/02\/stadium-lighting-4.jpg 780w, https:\/\/led.amasly.com\/wp-content\/uploads\/2025\/02\/stadium-lighting-4.jpg 360w\" sizes=\"auto, (max-width: 480px) 150px\" src=\"https:\/\/led.amasly.com\/wp-content\/uploads\/2025\/02\/stadium-lighting-4-1024x682.jpg\" alt=\"\" class=\"uag-image-1948\" width=\"1024\" height=\"529\" title=\"iluminat stadion (4)\" loading=\"lazy\" role=\"img\"><\/figure><\/div>\n<\/div>\n<\/div><\/div>\n\n\n\n<h2 class=\"wp-block-heading\"><strong>Amasly Light FAQ<\/strong><\/h2>\n\n\n\n<p><strong>Q1.Can I have a sample order for led light?<\/strong><strong><\/strong><\/p>\n\n\n\n<p>R: Da, accept\u0103m comanda de probe pentru a testa \u0219i a verifica calitatea. Probele mixte sunt acceptabile.<\/p>\n\n\n\n<p><strong>Q2.Ce se \u00eent\u00e2mpl\u0103 cu timpul de livrare?<\/strong><strong><\/strong><\/p>\n\n\n\n<p>R: Proba necesit\u0103 3-5 zile, timpul de produc\u021bie \u00een mas\u0103 necesit\u0103 1-2 s\u0103pt\u0103m\u00e2ni.<\/p>\n\n\n\n<p><strong>Q3.Ave\u021bi vreo limit\u0103 MOQ pentru comanda de lumin\u0103 led?<\/strong><strong><\/strong><\/p>\n\n\n\n<p>R: MOQ sc\u0103zut 1pc pentru verificarea e\u0219antionului este disponibil.<\/p>\n\n\n\n<p><strong>Q4. Cum expedia\u021bi bunurile \u0219i c\u00e2t dureaz\u0103 p\u00e2n\u0103 ajung la destina\u021bie?<\/strong><strong><\/strong><\/p>\n\n\n\n<p>R: De obicei expediem prin <a href=\"https:\/\/www.dhl.com\" rel=\"nofollow noopener\" target=\"_blank\">DHL<\/a>, UPS, FedEx sau TNT. De obicei, este nevoie de 3-5 zile pentru a ajunge. Linia aerian\u0103 \u0219i transportul maritim, de asemenea, op\u021bional.<\/p>\n\n\n\n<p><strong>Q5. Cum se efectueaz\u0103 o comand\u0103 pentru lumina cu led?<\/strong><strong><\/strong><\/p>\n\n\n\n<p>A:<\/p>\n\n\n\n<p>\u00cen primul r\u00e2nd, comunica\u021bi-ne cerin\u021bele sau aplica\u021bia dumneavoastr\u0103.<\/p>\n\n\n\n<p>\u00cen al doilea r\u00e2nd, cotiz\u0103m \u00een func\u021bie de cerin\u021bele dvs. sau de sugestiile noastre.<\/p>\n\n\n\n<p>\u00cen al treilea r\u00e2nd, clientul confirm\u0103 probele \u0219i plaseaz\u0103 depozitul pentru comanda oficial\u0103.<\/p>\n\n\n\n<p>\u00cen al patrulea r\u00e2nd, organiz\u0103m produc\u021bia.<\/p>\n\n\n\n<p><strong>Q6.Este \u00een regul\u0103 s\u0103 \u00eemi tip\u0103resc <\/strong><strong>LOGO<\/strong><strong>&nbsp;pe produs de lumin\u0103 cu led ?<\/strong><strong><\/strong><\/p>\n\n\n\n<p>R: Da.V\u0103 rug\u0103m s\u0103 ne informa\u021bi oficial \u00eenainte de produc\u021bia noastr\u0103 \u0219i s\u0103 confirma\u021bi designul \u00een primul r\u00e2nd pe baza e\u0219antionului nostru.<\/p>\n\n\n\n<p><strong>Q7: Oferi\u021bi garan\u021bie pentru produse?<\/strong><strong><\/strong><\/p>\n\n\n\n<p>R: Da, oferim o garan\u021bie de 2-5 ani pentru produsele noastre.<\/p>\n\n\n\n<p><strong>\u00ce8: Cum s\u0103 proceda\u021bi cu defectele?<\/strong><strong><\/strong><\/p>\n\n\n\n<p>A:<\/p>\n\n\n\n<p>\u00cen primul r\u00e2nd, produsele noastre sunt produse dinstrict sistem de control al calit\u0103\u021bii \u0219i rata defectuoas\u0103 va fi mai mic\u0103 de 0.2%<\/p>\n\n\n\n<p>\u00cen al doilea r\u00e2nd, \u00een timpul perioadei de garan\u021bie, vom furniza piese pentru a \u00eenlocui piesa defect\u0103.. Pentru comenzile \u00een vrac, vom furniza piese vulnerabile \u00een avans sau putem discuta solu\u021bii, inclusiv rechem\u0103ri, pe baza situa\u021biei reale.<\/p>\n\n\n\n<p><strong>Q9: Putem produce l\u0103mpi antideflagrante de joas\u0103 tensiune cu tensiuni AC\/DC de 12V, 24V, 36V sau 48V? <\/strong><\/p>\n\n\n\n<p>Amasly poate fi utilizat at\u00e2t ca lumini antiexplozive de joas\u0103 tensiune, c\u00e2t \u0219i de \u00eenalt\u0103 tensiune - AC\/DC 12V, 24V, 36V, 48V, AC 85-265V, AC 380V. <\/p>\n\n\n\n<p><strong>Q10: Pot fi ad\u0103ugate baterii de urgen\u021b\u0103 Explosion Poof Lights? <\/strong><\/p>\n\n\n\n<p>Lampa Amasly antideflagrant\u0103 poate fi echipat\u0103 cu baterii de urgen\u021b\u0103 cu litiu. Durata de urgen\u021b\u0103 este de 90 de minute, 120 de minute sau 180 de minute. <\/p>\n\n\n\n<p><strong>Q11: Lampa Amasly rezistent\u0103 la explozii poate fi personalizat\u0103 ca produs OEM? <\/strong><\/p>\n\n\n\n<p>L\u0103mpile Amasly antideflagrante pot fi personalizate \u00een func\u021bie de cerin\u021bele clientului, at\u00e2t pentru l\u0103mpi, c\u00e2t \u0219i pentru ambalajele din carton.<\/p>\n\n\n\n<div class=\"wp-block-uagb-container uagb-block-2f7a90f6 alignfull uagb-is-root-container\"><div class=\"uagb-container-inner-blocks-wrap\">\n<div class=\"wp-block-uagb-info-box uagb-block-8b5cd174 uagb-infobox__content-wrap  uagb-infobox-icon-above-title uagb-infobox-image-valign-top wp-block-uagb-info-box--has-margin\"><div class=\"uagb-infobox-margin-wrapper\"><div class=\"uagb-ifb-content\"><div class=\"uagb-ifb-title-wrap\"><\/div><\/div><\/div><\/div>\n<\/div><\/div>\n\n\n\n<h2 class=\"wp-block-heading\">Produse conexe<\/h2>\n\n\n\n<div class=\"wp-block-uagb-container uagb-block-492a12c6 alignfull uagb-is-root-container\"><div class=\"uagb-container-inner-blocks-wrap\">\n<div class=\"wp-block-uagb-container uagb-block-489233b8\">\n<div class=\"wp-block-uagb-image uagb-block-f86481bd wp-block-uagb-image--layout-default wp-block-uagb-image--effect-static wp-block-uagb-image--align-none\"><figure class=\"wp-block-uagb-image__figure\"><a class=\"\" href=\"https:\/\/led.amasly.com\/ro\/products\/\" target=\"\" rel=\"noopener\"><img decoding=\"async\" srcset=\"https:\/\/led.amasly.com\/wp-content\/uploads\/2024\/09\/Explosion-proof-high-bay-lights.png ,https:\/\/led.amasly.com\/wp-content\/uploads\/2024\/09\/Explosion-proof-high-bay-lights.png 780w, https:\/\/led.amasly.com\/wp-content\/uploads\/2024\/09\/Explosion-proof-high-bay-lights.png 360w\" sizes=\"auto, (max-width: 480px) 150px\" src=\"https:\/\/led.amasly.com\/wp-content\/uploads\/2024\/09\/Explosion-proof-high-bay-lights.png\" alt=\"\" class=\"uag-image-1495\" width=\"300\" height=\"300\" title=\"Lumini de \u00eenalt\u0103 rezisten\u021b\u0103 la explozie\" loading=\"lazy\" role=\"img\"><\/a><\/figure><\/div>\n<\/div>\n\n\n\n<div class=\"wp-block-uagb-container uagb-block-41faa083\">\n<div class=\"wp-block-uagb-image uagb-block-f71a09a9 wp-block-uagb-image--layout-default wp-block-uagb-image--effect-static wp-block-uagb-image--align-none\"><figure class=\"wp-block-uagb-image__figure\"><a class=\"\" href=\"https:\/\/led.amasly.com\/ro\/products\/\" target=\"\" rel=\"noopener\"><img decoding=\"async\" srcset=\"https:\/\/led.amasly.com\/wp-content\/uploads\/2024\/08\/Explosion-proof-flood-light.png ,https:\/\/led.amasly.com\/wp-content\/uploads\/2024\/08\/Explosion-proof-flood-light.png 780w, https:\/\/led.amasly.com\/wp-content\/uploads\/2024\/08\/Explosion-proof-flood-light.png 360w\" sizes=\"auto, (max-width: 480px) 150px\" src=\"https:\/\/led.amasly.com\/wp-content\/uploads\/2024\/08\/Explosion-proof-flood-light.png\" alt=\"\" class=\"uag-image-1482\" width=\"300\" height=\"300\" title=\"Lumin\u0103 de inunda\u021bie rezistent\u0103 la explozie\" loading=\"lazy\" role=\"img\"><\/a><\/figure><\/div>\n<\/div>\n\n\n\n<div class=\"wp-block-uagb-container uagb-block-85cfaedc\">\n<div class=\"wp-block-uagb-image uagb-block-21b5cff7 wp-block-uagb-image--layout-default wp-block-uagb-image--effect-static wp-block-uagb-image--align-none\"><figure class=\"wp-block-uagb-image__figure\"><a class=\"\" href=\"https:\/\/led.amasly.com\/ro\/products\/\" target=\"\" rel=\"noopener\"><img decoding=\"async\" srcset=\"https:\/\/led.amasly.com\/wp-content\/uploads\/2025\/01\/1.jpg ,https:\/\/led.amasly.com\/wp-content\/uploads\/2025\/01\/1.jpg 780w, https:\/\/led.amasly.com\/wp-content\/uploads\/2025\/01\/1.jpg 360w\" sizes=\"auto, (max-width: 480px) 150px\" src=\"https:\/\/led.amasly.com\/wp-content\/uploads\/2025\/01\/1.jpg\" alt=\"\" class=\"uag-image-1686\" width=\"800\" height=\"800\" title=\"1\" loading=\"lazy\" role=\"img\"><\/a><\/figure><\/div>\n<\/div>\n\n\n\n<div class=\"wp-block-uagb-container uagb-block-26ed2c96\">\n<div class=\"wp-block-uagb-image uagb-block-74690288 wp-block-uagb-image--layout-default wp-block-uagb-image--effect-static wp-block-uagb-image--align-none\"><figure class=\"wp-block-uagb-image__figure\"><a class=\"\" href=\"https:\/\/led.amasly.com\/ro\/products\/\" target=\"\" rel=\"noopener\"><img decoding=\"async\" srcset=\"https:\/\/led.amasly.com\/wp-content\/uploads\/2024\/09\/LED-Explosion-Proof-Gas-Station-Light.png ,https:\/\/led.amasly.com\/wp-content\/uploads\/2024\/09\/LED-Explosion-Proof-Gas-Station-Light.png 780w, https:\/\/led.amasly.com\/wp-content\/uploads\/2024\/09\/LED-Explosion-Proof-Gas-Station-Light.png 360w\" sizes=\"auto, (max-width: 480px) 150px\" src=\"https:\/\/led.amasly.com\/wp-content\/uploads\/2024\/09\/LED-Explosion-Proof-Gas-Station-Light.png\" alt=\"\" class=\"uag-image-1501\" width=\"300\" height=\"300\" title=\"LED lumina sta\u021biei de benzin\u0103 cu dovada exploziei\" loading=\"lazy\" role=\"img\"><\/a><\/figure><\/div>\n<\/div>\n<\/div><\/div>\n\n\n\n<div class=\"wp-block-uagb-container uagb-block-7c7b1c72 alignfull uagb-is-root-container\"><div class=\"uagb-container-inner-blocks-wrap\">\n<div class=\"wp-block-uagb-container uagb-block-de40c4b5\">\n<h5 class=\"wp-block-heading has-text-align-center\"><a href=\"https:\/\/led.amasly.com\/ro\/products\/\">Lumin\u0103 de mare capacitate rezistent\u0103 la explozie<\/a><\/h5>\n<\/div>\n\n\n\n<div class=\"wp-block-uagb-container uagb-block-f38acbf0\">\n<h5 class=\"wp-block-heading has-text-align-center\"><a href=\"https:\/\/led.amasly.com\/ro\/products\/\">Lumin\u0103 de inunda\u021bie rezistent\u0103 la explozie<\/a><\/h5>\n<\/div>\n\n\n\n<div class=\"wp-block-uagb-container uagb-block-2cdde923\">\n<h5 class=\"wp-block-heading has-text-align-center\"><a href=\"https:\/\/led.amasly.com\/ro\/products\/\">Lumin\u0103 liniar\u0103 rezistent\u0103 la explozie<\/a><\/h5>\n<\/div>\n\n\n\n<div class=\"wp-block-uagb-container uagb-block-4786d708\">\n<h5 class=\"wp-block-heading has-text-align-center\"><a href=\"https:\/\/led.amasly.com\/ro\/products\/\">Lumina sta\u021biei de benzin\u0103 rezistent\u0103 la explozie<\/a><\/h5>\n<\/div>\n<\/div><\/div>\n\n\n\n<div class=\"wp-block-uagb-container uagb-block-cb024e0e alignfull uagb-is-root-container\"><div class=\"uagb-container-inner-blocks-wrap\">\n<div class=\"wp-block-uagb-container uagb-block-af459a34\">\n<div class=\"wp-block-uagb-image uagb-block-b2e8e1b3 wp-block-uagb-image--layout-default wp-block-uagb-image--effect-static wp-block-uagb-image--align-none\"><figure class=\"wp-block-uagb-image__figure\"><a class=\"\" href=\"https:\/\/led.amasly.com\/ro\/products\/\" target=\"\" rel=\"noopener\"><img decoding=\"async\" srcset=\"https:\/\/led.amasly.com\/wp-content\/uploads\/2024\/10\/50W-100W-150W-200W-300W-LED-Flood-Light.jpg ,https:\/\/led.amasly.com\/wp-content\/uploads\/2024\/10\/50W-100W-150W-200W-300W-LED-Flood-Light.jpg 780w, https:\/\/led.amasly.com\/wp-content\/uploads\/2024\/10\/50W-100W-150W-200W-300W-LED-Flood-Light.jpg 360w\" sizes=\"auto, (max-width: 480px) 150px\" src=\"https:\/\/led.amasly.com\/wp-content\/uploads\/2024\/10\/50W-100W-150W-200W-300W-LED-Flood-Light.jpg\" alt=\"\" class=\"uag-image-1526\" width=\"300\" height=\"300\" title=\"50W 100W 150W 200W 300W LED lumin\u0103 de inunda\u021bie\" loading=\"lazy\" role=\"img\"><\/a><\/figure><\/div>\n<\/div>\n\n\n\n<div class=\"wp-block-uagb-container uagb-block-4b67c5ea\">\n<div class=\"wp-block-uagb-image uagb-block-9e04f065 wp-block-uagb-image--layout-default wp-block-uagb-image--effect-static wp-block-uagb-image--align-none\"><figure class=\"wp-block-uagb-image__figure\"><a class=\"\" href=\"https:\/\/led.amasly.com\/ro\/products\/\" target=\"\" rel=\"noopener\"><img decoding=\"async\" srcset=\"https:\/\/led.amasly.com\/wp-content\/uploads\/2024\/08\/2000W-LED-Stadium-Light.jpg ,https:\/\/led.amasly.com\/wp-content\/uploads\/2024\/08\/2000W-LED-Stadium-Light.jpg 780w, https:\/\/led.amasly.com\/wp-content\/uploads\/2024\/08\/2000W-LED-Stadium-Light.jpg 360w\" sizes=\"auto, (max-width: 480px) 150px\" src=\"https:\/\/led.amasly.com\/wp-content\/uploads\/2024\/08\/2000W-LED-Stadium-Light.jpg\" alt=\"\" class=\"uag-image-1473\" width=\"300\" height=\"300\" title=\"2000W LED Stadium Light\" loading=\"lazy\" role=\"img\"><\/a><\/figure><\/div>\n<\/div>\n\n\n\n<div class=\"wp-block-uagb-container uagb-block-51e4eb1c\">\n<div class=\"wp-block-uagb-image uagb-block-6fd8bb55 wp-block-uagb-image--layout-default wp-block-uagb-image--effect-static wp-block-uagb-image--align-none\"><figure class=\"wp-block-uagb-image__figure\"><a class=\"\" href=\"https:\/\/led.amasly.com\/ro\/products\/\" target=\"\" rel=\"noopener\"><img decoding=\"async\" srcset=\"https:\/\/led.amasly.com\/wp-content\/uploads\/2024\/07\/high-bay-light.jpg ,https:\/\/led.amasly.com\/wp-content\/uploads\/2024\/07\/high-bay-light.jpg 780w, https:\/\/led.amasly.com\/wp-content\/uploads\/2024\/07\/high-bay-light.jpg 360w\" sizes=\"auto, (max-width: 480px) 150px\" src=\"https:\/\/led.amasly.com\/wp-content\/uploads\/2024\/07\/high-bay-light.jpg\" alt=\"\" class=\"uag-image-1134\" width=\"800\" height=\"800\" title=\"high-bay-light\" loading=\"lazy\" role=\"img\"><\/a><\/figure><\/div>\n<\/div>\n\n\n\n<div class=\"wp-block-uagb-container uagb-block-d8b9b3c2\">\n<div class=\"wp-block-uagb-image uagb-block-b794b600 wp-block-uagb-image--layout-default wp-block-uagb-image--effect-static wp-block-uagb-image--align-none\"><figure class=\"wp-block-uagb-image__figure\"><a class=\"\" href=\"https:\/\/led.amasly.com\/ro\/products\/\" target=\"\" rel=\"noopener\"><img decoding=\"async\" srcset=\"https:\/\/led.amasly.com\/wp-content\/uploads\/2024\/07\/LED-street-light.jpg ,https:\/\/led.amasly.com\/wp-content\/uploads\/2024\/07\/LED-street-light.jpg 780w, https:\/\/led.amasly.com\/wp-content\/uploads\/2024\/07\/LED-street-light.jpg 360w\" sizes=\"auto, (max-width: 480px) 150px\" src=\"https:\/\/led.amasly.com\/wp-content\/uploads\/2024\/07\/LED-street-light.jpg\" alt=\"\" class=\"uag-image-1145\" width=\"300\" height=\"300\" title=\"LED-street-light\" loading=\"lazy\" role=\"img\"><\/a><\/figure><\/div>\n<\/div>\n<\/div><\/div>\n\n\n\n<div class=\"wp-block-uagb-container uagb-block-b852371c alignfull uagb-is-root-container\"><div class=\"uagb-container-inner-blocks-wrap\">\n<div class=\"wp-block-uagb-container uagb-block-27e46e5d\">\n<h5 class=\"wp-block-heading has-text-align-center\"><a href=\"https:\/\/led.amasly.com\/ro\/products\/\">LED lumin\u0103 de inunda\u021bie<\/a><\/h5>\n<\/div>\n\n\n\n<div class=\"wp-block-uagb-container uagb-block-347094b5\">\n<h5 class=\"wp-block-heading has-text-align-center\"><a href=\"https:\/\/led.amasly.com\/ro\/products\/\">Lumin\u0103 LED pentru stadion<\/a><\/h5>\n<\/div>\n\n\n\n<div class=\"wp-block-uagb-container uagb-block-bbddcbbe\">\n<h5 class=\"wp-block-heading has-text-align-center\"><a href=\"https:\/\/led.amasly.com\/ro\/products\/\">LED High Bay Light<\/a><\/h5>\n<\/div>\n\n\n\n<div class=\"wp-block-uagb-container uagb-block-5eb607f2\">\n<h5 class=\"wp-block-heading has-text-align-center\"><a href=\"https:\/\/led.amasly.com\/ro\/products\/\">LED iluminat stradal<\/a><\/h5>\n<\/div>\n<\/div><\/div>\n\n\n\n<div class=\"wp-block-uagb-container uagb-block-69eeacf9 alignfull uagb-is-root-container\"><div class=\"uagb-container-inner-blocks-wrap\">\n<div class=\"wp-block-uagb-info-box uagb-block-2763a303 uagb-infobox__content-wrap  uagb-infobox-icon-above-title uagb-infobox-image-valign-top wp-block-uagb-info-box--has-margin\"><div class=\"uagb-infobox-margin-wrapper\"><div class=\"uagb-ifb-content\"><div class=\"uagb-ifb-title-wrap\"><\/div><\/div><\/div><\/div>\n<\/div><\/div>","protected":false},"excerpt":{"rendered":"<p>Amasly Light Price include: explosion proof lights price, high bay light price, flood light price, street light price, solar light pirce and explosion proof electrical appliances Price Light Price Explosion Proof Lights Price High Bay Light Price Outdoor Light Pirce Related Products Explosion Proof High Bay Light Explosion Proof Flood Light Explosion Proof Linear Light [&hellip;]<\/p>\n","protected":false},"author":1,"featured_media":0,"parent":0,"menu_order":0,"comment_status":"closed","ping_status":"closed","template":"","meta":{"_uag_custom_page_level_css":"","site-sidebar-layout":"no-sidebar","site-content-layout":"","ast-site-content-layout":"default","site-content-style":"default","site-sidebar-style":"default","ast-global-header-display":"","ast-banner-title-visibility":"","ast-main-header-display":"","ast-hfb-above-header-display":"","ast-hfb-below-header-display":"","ast-hfb-mobile-header-display":"","site-post-title":"disabled","ast-breadcrumbs-content":"","ast-featured-img":"","footer-sml-layout":"","ast-disable-related-posts":"","theme-transparent-header-meta":"enabled","adv-header-id-meta":"","stick-header-meta":"","header-above-stick-meta":"","header-main-stick-meta":"","header-below-stick-meta":"","astra-migrate-meta-layouts":"set","ast-page-background-enabled":"default","ast-page-background-meta":{"desktop":{"background-color":"var(--ast-global-color-4)","background-image":"","background-repeat":"repeat","background-position":"center center","background-size":"auto","background-attachment":"scroll","background-type":"","background-media":"","overlay-type":"","overlay-color":"","overlay-opacity":"","overlay-gradient":""},"tablet":{"background-color":"","background-image":"","background-repeat":"repeat","background-position":"center center","background-size":"auto","background-attachment":"scroll","background-type":"","background-media":"","overlay-type":"","overlay-color":"","overlay-opacity":"","overlay-gradient":""},"mobile":{"background-color":"","background-image":"","background-repeat":"repeat","background-position":"center center","background-size":"auto","background-attachment":"scroll","background-type":"","background-media":"","overlay-type":"","overlay-color":"","overlay-opacity":"","overlay-gradient":""}},"ast-content-background-meta":{"desktop":{"background-color":"var(--ast-global-color-5)","background-image":"","background-repeat":"repeat","background-position":"center center","background-size":"auto","background-attachment":"scroll","background-type":"","background-media":"","overlay-type":"","overlay-color":"","overlay-opacity":"","overlay-gradient":""},"tablet":{"background-color":"var(--ast-global-color-5)","background-image":"","background-repeat":"repeat","background-position":"center center","background-size":"auto","background-attachment":"scroll","background-type":"","background-media":"","overlay-type":"","overlay-color":"","overlay-opacity":"","overlay-gradient":""},"mobile":{"background-color":"var(--ast-global-color-5)","background-image":"","background-repeat":"repeat","background-position":"center center","background-size":"auto","background-attachment":"scroll","background-type":"","background-media":"","overlay-type":"","overlay-color":"","overlay-opacity":"","overlay-gradient":""}},"footnotes":""},"class_list":["post-2869","page","type-page","status-publish","hentry"],"uagb_featured_image_src":{"full":false,"thumbnail":false,"medium":false,"medium_large":false,"large":false,"1536x1536":false,"2048x2048":false,"trp-custom-language-flag":false},"uagb_author_info":{"display_name":"Joe","author_link":"https:\/\/led.amasly.com\/ro\/author\/jacklin\/"},"uagb_comment_info":0,"uagb_excerpt":"Amasly Light Price include: explosion proof lights price, high bay light price, flood light price, street light price, solar light pirce and explosion proof electrical appliances Price Light Price Explosion Proof Lights Price High Bay Light Price Outdoor Light Pirce Related Products Explosion Proof High Bay Light Explosion Proof Flood Light Explosion Proof Linear Light&hellip;","_links":{"self":[{"href":"https:\/\/led.amasly.com\/ro\/wp-json\/wp\/v2\/pages\/2869","targetHints":{"allow":["GET"]}}],"collection":[{"href":"https:\/\/led.amasly.com\/ro\/wp-json\/wp\/v2\/pages"}],"about":[{"href":"https:\/\/led.amasly.com\/ro\/wp-json\/wp\/v2\/types\/page"}],"author":[{"embeddable":true,"href":"https:\/\/led.amasly.com\/ro\/wp-json\/wp\/v2\/users\/1"}],"replies":[{"embeddable":true,"href":"https:\/\/led.amasly.com\/ro\/wp-json\/wp\/v2\/comments?post=2869"}],"version-history":[{"count":3,"href":"https:\/\/led.amasly.com\/ro\/wp-json\/wp\/v2\/pages\/2869\/revisions"}],"predecessor-version":[{"id":4479,"href":"https:\/\/led.amasly.com\/ro\/wp-json\/wp\/v2\/pages\/2869\/revisions\/4479"}],"wp:attachment":[{"href":"https:\/\/led.amasly.com\/ro\/wp-json\/wp\/v2\/media?parent=2869"}],"curies":[{"name":"wp","href":"https:\/\/api.w.org\/{rel}","templated":true}]}}