{"id":1699,"date":"2025-01-16T20:58:33","date_gmt":"2025-01-16T12:58:33","guid":{"rendered":"https:\/\/led.amasly.com\/?page_id=1699"},"modified":"2026-01-24T19:41:57","modified_gmt":"2026-01-24T11:41:57","slug":"bjy","status":"publish","type":"page","link":"https:\/\/led.amasly.com\/ro\/produse\/lumini-rezistente-la-explozie\/bjy\/","title":{"rendered":"BJY LED lumini tub dovada explozie"},"content":{"rendered":"<h2 class=\"wp-block-heading\"><\/h2>\n\n\n\n<p><\/p>\n\n\n\n<h2 class=\"wp-block-heading\"><\/h2>\n\n\n\n<h2 class=\"wp-block-heading\"><\/h2>\n\n\n\n<p><\/p>\n\n\n\n<div class=\"wp-block-uagb-container uagb-block-e407eb08 alignfull uagb-is-root-container\"><div class=\"uagb-container-inner-blocks-wrap\">\n<div class=\"wp-block-uagb-info-box uagb-block-7c0a134c uagb-infobox__content-wrap  uagb-infobox-icon-above-title uagb-infobox-image-valign-top wp-block-uagb-info-box--has-margin\"><div class=\"uagb-infobox-margin-wrapper\"><div class=\"uagb-ifb-content\"><div class=\"uagb-ifb-title-wrap\"><\/div><\/div><\/div><\/div>\n<\/div><\/div>\n\n\n\n<p><\/p>\n\n\n\n<p><\/p>\n\n\n\n<h2 class=\"wp-block-heading\"><\/h2>\n\n\n\n<h1 class=\"wp-block-heading has-text-align-center\">Lumini LED pentru tuburi antiexplozie\/ Lumini fluorescente antiexplozie<\/h1>\n\n\n\n<div class=\"wp-block-uagb-container uagb-block-5d28ec94 default uagb-is-root-container\">\n<div class=\"wp-block-uagb-container uagb-block-462981e6\">\n<div class=\"wp-block-uagb-container uagb-block-6f08c8e4 alignfull uagb-is-root-container\"><div class=\"uagb-container-inner-blocks-wrap\">\n<div class=\"wp-block-uagb-container uagb-block-b229cb92\">\n<h3 class=\"wp-block-heading\">Con\u021binut<\/h3>\n\n\n\n<div class=\"wp-block-buttons is-layout-flex wp-container-core-buttons-is-layout-45b20515 wp-block-buttons-is-layout-flex\">\n<div class=\"wp-block-button\"><a class=\"wp-block-button__link wp-element-button\" href=\"https:\/\/led.amasly.com\/ro\/produse\/lumini-rezistente-la-explozie\/\">Lumini antiexplozie<\/a><\/div>\n\n\n\n<div class=\"wp-block-button is-style-fill\"><a class=\"wp-block-button__link wp-element-button\" href=\"https:\/\/led.amasly.com\/ro\/produse\/aparat-electric-ex-proof\/\">Aparat electric protejat \u00eempotriva exploziilor<\/a><\/div>\n\n\n\n<div class=\"wp-block-button\"><a class=\"wp-block-button__link wp-element-button\" href=\"https:\/\/led.amasly.com\/ro\/produse\/led-tri-proof-light-2\/\">LED lumina Trip-proof<\/a><\/div>\n\n\n\n<div class=\"wp-block-button\"><a class=\"wp-block-button__link wp-element-button\" href=\"https:\/\/led.amasly.com\/ro\/produse\/a-condus-lumina-bay-mare\/\">LED High Bay Light<\/a><\/div>\n\n\n\n<div class=\"wp-block-button\"><a class=\"wp-block-button__link wp-element-button\" href=\"https:\/\/led.amasly.com\/ro\/produse\/lumini-de-inundatii-cu-led\/\">LED lumin\u0103 de inunda\u021bie<\/a><\/div>\n\n\n\n<div class=\"wp-block-button\"><a class=\"wp-block-button__link wp-element-button\" href=\"https:\/\/led.amasly.com\/ro\/produse\/lumini-stradale-cu-led\/\">LED iluminat stradal<\/a><\/div>\n\n\n\n<div class=\"wp-block-button\"><a class=\"wp-block-button__link wp-element-button\" href=\"https:\/\/led.amasly.com\/ro\/produse\/lumini-solare\/\">Lumin\u0103 solar\u0103 LED<\/a><\/div>\n<\/div>\n\n\n\n<h4 class=\"wp-block-heading\"><\/h4>\n\n\n\n<h4 class=\"wp-block-heading\">Persoan\u0103 de contact<\/h4>\n\n\n\n<ul class=\"wp-block-list\">\n<li>E-mail: sales01@amasly.com<strong> <\/strong>      <\/li>\n\n\n\n<li>Mobil:<strong> <\/strong>+86 13732643699                   <\/li>\n<\/ul>\n<\/div>\n\n\n\n<div class=\"wp-block-columns is-layout-flex wp-container-core-columns-is-layout-28f84493 wp-block-columns-is-layout-flex\">\n<div class=\"wp-block-column is-layout-flow wp-block-column-is-layout-flow\" style=\"flex-basis:100%\">\n<div class=\"wp-block-uagb-container uagb-block-064256a4\">\n<div class=\"wp-block-columns is-layout-flex wp-container-core-columns-is-layout-28f84493 wp-block-columns-is-layout-flex\">\n<div class=\"wp-block-column is-layout-flow wp-block-column-is-layout-flow\" style=\"flex-basis:100%\">\n<div class=\"wp-block-columns is-layout-flex wp-container-core-columns-is-layout-28f84493 wp-block-columns-is-layout-flex\">\n<div class=\"wp-block-column is-layout-flow wp-block-column-is-layout-flow\">\n<div class=\"wp-block-uagb-image uagb-block-f7623661 wp-block-uagb-image--layout-default wp-block-uagb-image--effect-static wp-block-uagb-image--align-none\"><figure class=\"wp-block-uagb-image__figure\"><img decoding=\"async\" srcset=\"https:\/\/led.amasly.com\/wp-content\/uploads\/2024\/09\/Explosion-proof-linear-light.png ,https:\/\/led.amasly.com\/wp-content\/uploads\/2024\/09\/Explosion-proof-linear-light.png 780w, https:\/\/led.amasly.com\/wp-content\/uploads\/2024\/09\/Explosion-proof-linear-light.png 360w\" sizes=\"auto, (max-width: 480px) 150px\" src=\"https:\/\/led.amasly.com\/wp-content\/uploads\/2024\/09\/Explosion-proof-linear-light.png\" alt=\"Lumini LED pentru tuburi antiexplozie\" class=\"uag-image-1497\" width=\"300\" height=\"300\" title=\"Lumin\u0103 liniar\u0103 rezistent\u0103 la explozie\" loading=\"lazy\" role=\"img\"\/><\/figure><\/div>\n<\/div>\n\n\n\n<div class=\"wp-block-column is-layout-flow wp-block-column-is-layout-flow\">\n<p>Lumini LED cu tub de protec\u021bie \u00eempotriva exploziilor Domeniu de aplicare<\/p>\n\n\n\n<p>1. utilizate pe scar\u0103 larg\u0103 \u00een minerit, rafinarea petrolului, chimice, militare \u0219i alte locuri de mediu periculoase ale fabricii \u0219i iluminat rutier<\/p>\n\n\n\n<p>2. potrivit pentru mediul de coast\u0103, r\u00e2u \u0219i alte medii de presiune a v\u00e2ntului, viteza v\u00e2ntului;<\/p>\n\n\n\n<p>3. adecvat pentru mii de medii cu gaze explozive din zona 1, zona 2;<\/p>\n\n\n\n<p>4. potrivit pentru mii de locuri cu praf combustibil din zona 21, 22;<\/p>\n\n\n\n<p>5. Potrivit pentru mediul cu gaz exploziv IIA, IIB, IIC. Clasa I, diviziunea 2, grupele A, B, C, D.<\/p>\n<\/div>\n<\/div>\n<\/div>\n<\/div>\n\n\n\n<div class=\"wp-block-uagb-container uagb-block-201e76d4\">\n<figure class=\"wp-block-table\"><table><tbody><tr><td>Moel<\/td><td>Putere<\/td><td>Marca Ex<\/td><td>Rata IP<\/td><td>Eficien\u021ba luminii<\/td><td>Tensiune<\/td><td>CCT<\/td><td>PF<\/td><\/tr><tr><td>BAIA<\/td><td>1*18W 2*18W 2*26W<\/td><td>Ex d IIC T6<\/td><td>IP66<\/td><td>120lm\/w<\/td><td>Ac85-265V<\/td><td>3000K-6500K<\/td><td>&gt;0.97<\/td><\/tr><\/tbody><\/table><\/figure>\n\n\n\n<h2 class=\"wp-block-heading\">LED Lumini tub dovada explozie Dimensiuni:<\/h2>\n\n\n\n<div class=\"wp-block-uagb-image uagb-block-0867b09d wp-block-uagb-image--layout-default wp-block-uagb-image--effect-static wp-block-uagb-image--align-none\"><figure class=\"wp-block-uagb-image__figure\"><img decoding=\"async\" srcset=\"https:\/\/led.amasly.com\/wp-content\/uploads\/2025\/01\/LED-Explosion-Proof-Clean-Fluorescent-Light.png ,https:\/\/led.amasly.com\/wp-content\/uploads\/2025\/01\/LED-Explosion-Proof-Clean-Fluorescent-Light.png 780w, https:\/\/led.amasly.com\/wp-content\/uploads\/2025\/01\/LED-Explosion-Proof-Clean-Fluorescent-Light.png 360w\" sizes=\"auto, (max-width: 480px) 150px\" src=\"https:\/\/led.amasly.com\/wp-content\/uploads\/2025\/01\/LED-Explosion-Proof-Clean-Fluorescent-Light.png\" alt=\"\" class=\"uag-image-1700\" width=\"300\" height=\"300\" title=\"LED lumina fluorescent\u0103 curat\u0103 rezistent\u0103 la explozie\" loading=\"lazy\" role=\"img\"><\/figure><\/div>\n<\/div>\n<\/div>\n<\/div>\n<\/div>\n<\/div><\/div>\n<\/div>\n<\/div>\n\n\n\n<h2 class=\"wp-block-heading\"><strong>Amasly Light FAQ<\/strong><\/h2>\n\n\n\n<p><strong>Q1.Can I have a sample order for led light?<\/strong><strong><\/strong><\/p>\n\n\n\n<p>R: Da, accept\u0103m comanda de probe pentru a testa \u0219i a verifica calitatea. Probele mixte sunt acceptabile.<\/p>\n\n\n\n<p><strong>Q2.Ce se \u00eent\u00e2mpl\u0103 cu timpul de livrare?<\/strong><strong><\/strong><\/p>\n\n\n\n<p>R: Proba necesit\u0103 3-5 zile, timpul de produc\u021bie \u00een mas\u0103 necesit\u0103 1-2 s\u0103pt\u0103m\u00e2ni.<\/p>\n\n\n\n<p><strong>Q3.Ave\u021bi vreo limit\u0103 MOQ pentru comanda de lumin\u0103 led?<\/strong><strong><\/strong><\/p>\n\n\n\n<p>R: MOQ sc\u0103zut 1pc pentru verificarea e\u0219antionului este disponibil.<\/p>\n\n\n\n<p><strong>Q4. Cum expedia\u021bi bunurile \u0219i c\u00e2t dureaz\u0103 p\u00e2n\u0103 ajung la destina\u021bie?<\/strong><strong><\/strong><\/p>\n\n\n\n<p>R: De obicei expediem prin <a href=\"https:\/\/www.dhl.com\" rel=\"nofollow noopener\" target=\"_blank\">DHL<\/a>, UPS, FedEx sau TNT. De obicei, este nevoie de 3-5 zile pentru a ajunge. Linia aerian\u0103 \u0219i transportul maritim, de asemenea, op\u021bional.<\/p>\n\n\n\n<p><strong>Q5. Cum se efectueaz\u0103 o comand\u0103 pentru lumina cu led?<\/strong><strong><\/strong><\/p>\n\n\n\n<p>A:<\/p>\n\n\n\n<p>\u00cen primul r\u00e2nd, comunica\u021bi-ne cerin\u021bele sau aplica\u021bia dumneavoastr\u0103.<\/p>\n\n\n\n<p>\u00cen al doilea r\u00e2nd, cotiz\u0103m \u00een func\u021bie de cerin\u021bele dvs. sau de sugestiile noastre.<\/p>\n\n\n\n<p>\u00cen al treilea r\u00e2nd, clientul confirm\u0103 probele \u0219i plaseaz\u0103 depozitul pentru comanda oficial\u0103.<\/p>\n\n\n\n<p>\u00cen al patrulea r\u00e2nd, organiz\u0103m produc\u021bia.<\/p>\n\n\n\n<p><strong>Q6.Este \u00een regul\u0103 s\u0103 \u00eemi tip\u0103resc <\/strong><strong>LOGO<\/strong><strong>&nbsp;pe produs de lumin\u0103 cu led ?<\/strong><strong><\/strong><\/p>\n\n\n\n<p>R: Da.V\u0103 rug\u0103m s\u0103 ne informa\u021bi oficial \u00eenainte de produc\u021bia noastr\u0103 \u0219i s\u0103 confirma\u021bi designul \u00een primul r\u00e2nd pe baza e\u0219antionului nostru.<\/p>\n\n\n\n<p><strong>Q7: Oferi\u021bi garan\u021bie pentru produse?<\/strong><strong><\/strong><\/p>\n\n\n\n<p>R: Da, oferim o garan\u021bie de 2-5 ani pentru produsele noastre.<\/p>\n\n\n\n<p><strong>\u00ce8: Cum s\u0103 proceda\u021bi cu defectele?<\/strong><strong><\/strong><\/p>\n\n\n\n<p>A:<\/p>\n\n\n\n<p>\u00cen primul r\u00e2nd, produsele noastre sunt produse dinstrict sistem de control al calit\u0103\u021bii \u0219i rata defectuoas\u0103 va fi mai mic\u0103 de 0.2%<\/p>\n\n\n\n<p>\u00cen al doilea r\u00e2nd, \u00een timpul perioadei de garan\u021bie, vom furniza piese pentru a \u00eenlocui piesa defect\u0103.. Pentru comenzile \u00een vrac, vom furniza piese vulnerabile \u00een avans sau putem discuta solu\u021bii, inclusiv rechem\u0103ri, pe baza situa\u021biei reale.<\/p>\n\n\n\n<p><strong>Q9: Putem produce l\u0103mpi antideflagrante de joas\u0103 tensiune cu tensiuni AC\/DC de 12V, 24V, 36V sau 48V? <\/strong><\/p>\n\n\n\n<p>Amasly poate fi utilizat at\u00e2t ca lumini antiexplozive de joas\u0103 tensiune, c\u00e2t \u0219i de \u00eenalt\u0103 tensiune - AC\/DC 12V, 24V, 36V, 48V, AC 85-265V, AC 380V. <\/p>\n\n\n\n<p><strong>Q10: Pot fi ad\u0103ugate baterii de urgen\u021b\u0103 Explosion Poof Lights? <\/strong><\/p>\n\n\n\n<p>Lampa Amasly antideflagrant\u0103 poate fi echipat\u0103 cu baterii de urgen\u021b\u0103 cu litiu. Durata de urgen\u021b\u0103 este de 90 de minute, 120 de minute sau 180 de minute. <\/p>\n\n\n\n<p><strong>Q11: Lampa Amasly rezistent\u0103 la explozii poate fi personalizat\u0103 ca produs OEM? <\/strong><\/p>\n\n\n\n<p>L\u0103mpile Amasly antideflagrante pot fi personalizate \u00een func\u021bie de cerin\u021bele clientului, at\u00e2t pentru l\u0103mpi, c\u00e2t \u0219i pentru ambalajele din carton.<\/p>\n\n\n\n<h2 class=\"wp-block-heading\">Produse conexe<\/h2>\n\n\n\n<div class=\"wp-block-uagb-container uagb-block-66e4defc alignfull uagb-is-root-container\"><div class=\"uagb-container-inner-blocks-wrap\">\n<div class=\"wp-block-uagb-container uagb-block-a42945f9\">\n<div class=\"wp-block-uagb-image uagb-block-7296296b wp-block-uagb-image--layout-default wp-block-uagb-image--effect-static wp-block-uagb-image--align-none\"><figure class=\"wp-block-uagb-image__figure\"><a class=\"\" href=\"https:\/\/led.amasly.com\/ro\/produse\/lumini-rezistente-la-explozie\/\" target=\"\" rel=\"noopener\"><img decoding=\"async\" srcset=\"https:\/\/led.amasly.com\/wp-content\/uploads\/2024\/09\/Explosion-proof-high-bay-lights.png ,https:\/\/led.amasly.com\/wp-content\/uploads\/2024\/09\/Explosion-proof-high-bay-lights.png 780w, https:\/\/led.amasly.com\/wp-content\/uploads\/2024\/09\/Explosion-proof-high-bay-lights.png 360w\" sizes=\"auto, (max-width: 480px) 150px\" src=\"https:\/\/led.amasly.com\/wp-content\/uploads\/2024\/09\/Explosion-proof-high-bay-lights.png\" alt=\"\" class=\"uag-image-1495\" width=\"300\" height=\"300\" title=\"Lumini de \u00eenalt\u0103 rezisten\u021b\u0103 la explozie\" loading=\"lazy\" role=\"img\"><\/a><\/figure><\/div>\n<\/div>\n\n\n\n<div class=\"wp-block-uagb-container uagb-block-4d3efde5\">\n<div class=\"wp-block-uagb-image uagb-block-c9e90797 wp-block-uagb-image--layout-default wp-block-uagb-image--effect-static wp-block-uagb-image--align-none\"><figure class=\"wp-block-uagb-image__figure\"><a class=\"\" href=\"https:\/\/led.amasly.com\/ro\/produse\/aparat-electric-ex-proof\/\" target=\"\" rel=\"noopener\"><img decoding=\"async\" srcset=\"https:\/\/led.amasly.com\/wp-content\/uploads\/2025\/01\/Explosion-proof-axial-flow-fan.jpg ,https:\/\/led.amasly.com\/wp-content\/uploads\/2025\/01\/Explosion-proof-axial-flow-fan.jpg 780w, https:\/\/led.amasly.com\/wp-content\/uploads\/2025\/01\/Explosion-proof-axial-flow-fan.jpg 360w\" sizes=\"auto, (max-width: 480px) 150px\" src=\"https:\/\/led.amasly.com\/wp-content\/uploads\/2025\/01\/Explosion-proof-axial-flow-fan.jpg\" alt=\"Aparatur\u0103 electric\u0103 Ex-Proof\" class=\"uag-image-1767\" width=\"300\" height=\"300\" title=\"Ventilator cu debit axial rezistent la explozii\" loading=\"lazy\" role=\"img\"\/><\/a><\/figure><\/div>\n<\/div>\n\n\n\n<div class=\"wp-block-uagb-container uagb-block-11c2578b\">\n<div class=\"wp-block-uagb-image uagb-block-6e8883aa wp-block-uagb-image--layout-default wp-block-uagb-image--effect-static wp-block-uagb-image--align-none\"><figure class=\"wp-block-uagb-image__figure\"><a class=\"\" href=\"https:\/\/led.amasly.com\/ro\/produse\/lumini-rezistente-la-explozie\/\" target=\"\" rel=\"noopener\"><img decoding=\"async\" srcset=\"https:\/\/led.amasly.com\/wp-content\/uploads\/2024\/09\/LED-Explosion-Proof-Gas-Station-Light.png ,https:\/\/led.amasly.com\/wp-content\/uploads\/2024\/09\/LED-Explosion-Proof-Gas-Station-Light.png 780w, https:\/\/led.amasly.com\/wp-content\/uploads\/2024\/09\/LED-Explosion-Proof-Gas-Station-Light.png 360w\" sizes=\"auto, (max-width: 480px) 150px\" src=\"https:\/\/led.amasly.com\/wp-content\/uploads\/2024\/09\/LED-Explosion-Proof-Gas-Station-Light.png\" alt=\"\" class=\"uag-image-1501\" width=\"300\" height=\"300\" title=\"LED lumina sta\u021biei de benzin\u0103 cu dovada exploziei\" loading=\"lazy\" role=\"img\"><\/a><\/figure><\/div>\n<\/div>\n<\/div><\/div>\n\n\n\n<div class=\"wp-block-uagb-container uagb-block-548945b5 alignfull uagb-is-root-container\"><div class=\"uagb-container-inner-blocks-wrap\">\n<div class=\"wp-block-uagb-container uagb-block-967755d5\">\n<h4 class=\"wp-block-heading has-text-align-center\"><a href=\"https:\/\/led.amasly.com\/ro\/produse\/lumini-rezistente-la-explozie\/\">Lumini LED antiexplozie<\/a><\/h4>\n<\/div>\n\n\n\n<div class=\"wp-block-uagb-container uagb-block-9bc52fc2\">\n<h4 class=\"wp-block-heading has-text-align-center\"><a href=\"https:\/\/led.amasly.com\/ro\/produse\/aparat-electric-ex-proof\/\">Aparatur\u0103 electric\u0103 Ex-Proof<\/a><\/h4>\n<\/div>\n\n\n\n<div class=\"wp-block-uagb-container uagb-block-8ffa0a23\">\n<h4 class=\"wp-block-heading has-text-align-center\"><a href=\"https:\/\/led.amasly.com\/ro\/produse\/lumini-rezistente-la-explozie\/\">Lumini de sta\u021bie de benzin\u0103 antiexplozie<\/a><\/h4>\n<\/div>\n<\/div><\/div>\n\n\n\n<div class=\"wp-block-uagb-container uagb-block-29499fe0 alignfull uagb-is-root-container\"><div class=\"uagb-container-inner-blocks-wrap\">\n<div class=\"wp-block-uagb-container uagb-block-777ee1c7\">\n<div class=\"wp-block-uagb-image uagb-block-2e9a1851 wp-block-uagb-image--layout-default wp-block-uagb-image--effect-static wp-block-uagb-image--align-none\"><figure class=\"wp-block-uagb-image__figure\"><a class=\"\" href=\"https:\/\/led.amasly.com\/ro\/produse\/lumini-de-inundatii-cu-led\/\" target=\"\" rel=\"noopener\"><img decoding=\"async\" srcset=\"https:\/\/led.amasly.com\/wp-content\/uploads\/2024\/10\/50W-100W-150W-200W-300W-LED-Flood-Light.jpg ,https:\/\/led.amasly.com\/wp-content\/uploads\/2024\/10\/50W-100W-150W-200W-300W-LED-Flood-Light.jpg 780w, https:\/\/led.amasly.com\/wp-content\/uploads\/2024\/10\/50W-100W-150W-200W-300W-LED-Flood-Light.jpg 360w\" sizes=\"auto, (max-width: 480px) 150px\" src=\"https:\/\/led.amasly.com\/wp-content\/uploads\/2024\/10\/50W-100W-150W-200W-300W-LED-Flood-Light.jpg\" alt=\"\" class=\"uag-image-1526\" width=\"300\" height=\"300\" title=\"50W 100W 150W 200W 300W LED lumin\u0103 de inunda\u021bie\" loading=\"lazy\" role=\"img\"><\/a><\/figure><\/div>\n<\/div>\n\n\n\n<div class=\"wp-block-uagb-container uagb-block-af8c8683\">\n<div class=\"wp-block-uagb-image uagb-block-67947854 wp-block-uagb-image--layout-default wp-block-uagb-image--effect-static wp-block-uagb-image--align-none\"><figure class=\"wp-block-uagb-image__figure\"><a class=\"\" href=\"https:\/\/led.amasly.com\/ro\/produse\/a-condus-lumina-bay-mare\/\" target=\"\" rel=\"noopener\"><img decoding=\"async\" srcset=\"https:\/\/led.amasly.com\/wp-content\/uploads\/2025\/05\/high-bay-light.webp ,https:\/\/led.amasly.com\/wp-content\/uploads\/2025\/05\/high-bay-light.webp 780w, https:\/\/led.amasly.com\/wp-content\/uploads\/2025\/05\/high-bay-light.webp 360w\" sizes=\"auto, (max-width: 480px) 150px\" src=\"https:\/\/led.amasly.com\/wp-content\/uploads\/2025\/05\/high-bay-light.webp\" alt=\"\" class=\"uag-image-3954\" width=\"300\" height=\"300\" title=\"lumina mare bay\" loading=\"lazy\" role=\"img\"><\/a><\/figure><\/div>\n<\/div>\n\n\n\n<div class=\"wp-block-uagb-container uagb-block-0fdfdd58\">\n<div class=\"wp-block-uagb-image uagb-block-1187d32d wp-block-uagb-image--layout-default wp-block-uagb-image--effect-static wp-block-uagb-image--align-none\"><figure class=\"wp-block-uagb-image__figure\"><a class=\"\" href=\"https:\/\/led.amasly.com\/ro\/produse\/\" target=\"\" rel=\"noopener\"><img decoding=\"async\" srcset=\"https:\/\/led.amasly.com\/wp-content\/uploads\/2024\/07\/LED-street-light.jpg ,https:\/\/led.amasly.com\/wp-content\/uploads\/2024\/07\/LED-street-light.jpg 780w, https:\/\/led.amasly.com\/wp-content\/uploads\/2024\/07\/LED-street-light.jpg 360w\" sizes=\"auto, (max-width: 480px) 150px\" src=\"https:\/\/led.amasly.com\/wp-content\/uploads\/2024\/07\/LED-street-light.jpg\" alt=\"\" class=\"uag-image-1145\" width=\"300\" height=\"300\" title=\"LED-street-light\" loading=\"lazy\" role=\"img\"><\/a><\/figure><\/div>\n<\/div>\n<\/div><\/div>\n\n\n\n<div class=\"wp-block-uagb-container uagb-block-6a60882c alignfull uagb-is-root-container\"><div class=\"uagb-container-inner-blocks-wrap\">\n<div class=\"wp-block-uagb-container uagb-block-f1e91a35\">\n<h4 class=\"wp-block-heading has-text-align-center\"><a href=\"https:\/\/led.amasly.com\/ro\/produse\/lumini-de-inundatii-cu-led\/\">Lumini de inunda\u021bie cu LED<\/a><\/h4>\n<\/div>\n\n\n\n<div class=\"wp-block-uagb-container uagb-block-165bfa58\">\n<h4 class=\"wp-block-heading has-text-align-center\"><a href=\"https:\/\/led.amasly.com\/ro\/produse\/a-condus-lumina-bay-mare\/\">Lumini LED High Bay<\/a><\/h4>\n<\/div>\n\n\n\n<div class=\"wp-block-uagb-container uagb-block-f6096e3b\">\n<h4 class=\"wp-block-heading has-text-align-center\"><a href=\"https:\/\/led.amasly.com\/ro\/produse\/https%3a\/\/led.amasly.com\/produse\/lumini-stradale-cu-led\/\">Lumini stradale cu LED<\/a><\/h4>\n<\/div>\n<\/div><\/div>\n\n\n\n<div class=\"wp-block-uagb-container uagb-block-99c0e0a5 alignfull uagb-is-root-container\"><div class=\"uagb-container-inner-blocks-wrap\"><\/div><\/div>","protected":false},"excerpt":{"rendered":"<p>LED Explosion Proof Tube Lights\/Explosion Proof Fluorescent Lights Content Contact LED Explosion Proof Tube Lights Scope of application 1. widely used in oil mining, oil refining, chemical, military and other dangerous environmental places of the factory and road lighting 2. suitable for coastal, river and other wind pressure, wind speed environment; 3. suitable for thousands [&hellip;]<\/p>\n","protected":false},"author":1,"featured_media":0,"parent":1156,"menu_order":3,"comment_status":"closed","ping_status":"closed","template":"","meta":{"_uag_custom_page_level_css":"","site-sidebar-layout":"no-sidebar","site-content-layout":"","ast-site-content-layout":"default","site-content-style":"default","site-sidebar-style":"default","ast-global-header-display":"","ast-banner-title-visibility":"","ast-main-header-display":"","ast-hfb-above-header-display":"","ast-hfb-below-header-display":"","ast-hfb-mobile-header-display":"","site-post-title":"disabled","ast-breadcrumbs-content":"","ast-featured-img":"","footer-sml-layout":"","ast-disable-related-posts":"","theme-transparent-header-meta":"enabled","adv-header-id-meta":"","stick-header-meta":"","header-above-stick-meta":"","header-main-stick-meta":"","header-below-stick-meta":"","astra-migrate-meta-layouts":"set","ast-page-background-enabled":"default","ast-page-background-meta":{"desktop":{"background-color":"var(--ast-global-color-4)","background-image":"","background-repeat":"repeat","background-position":"center center","background-size":"auto","background-attachment":"scroll","background-type":"","background-media":"","overlay-type":"","overlay-color":"","overlay-opacity":"","overlay-gradient":""},"tablet":{"background-color":"","background-image":"","background-repeat":"repeat","background-position":"center center","background-size":"auto","background-attachment":"scroll","background-type":"","background-media":"","overlay-type":"","overlay-color":"","overlay-opacity":"","overlay-gradient":""},"mobile":{"background-color":"","background-image":"","background-repeat":"repeat","background-position":"center center","background-size":"auto","background-attachment":"scroll","background-type":"","background-media":"","overlay-type":"","overlay-color":"","overlay-opacity":"","overlay-gradient":""}},"ast-content-background-meta":{"desktop":{"background-color":"var(--ast-global-color-5)","background-image":"","background-repeat":"repeat","background-position":"center center","background-size":"auto","background-attachment":"scroll","background-type":"","background-media":"","overlay-type":"","overlay-color":"","overlay-opacity":"","overlay-gradient":""},"tablet":{"background-color":"var(--ast-global-color-5)","background-image":"","background-repeat":"repeat","background-position":"center center","background-size":"auto","background-attachment":"scroll","background-type":"","background-media":"","overlay-type":"","overlay-color":"","overlay-opacity":"","overlay-gradient":""},"mobile":{"background-color":"var(--ast-global-color-5)","background-image":"","background-repeat":"repeat","background-position":"center center","background-size":"auto","background-attachment":"scroll","background-type":"","background-media":"","overlay-type":"","overlay-color":"","overlay-opacity":"","overlay-gradient":""}},"footnotes":"[]"},"class_list":["post-1699","page","type-page","status-publish","hentry"],"uagb_featured_image_src":{"full":false,"thumbnail":false,"medium":false,"medium_large":false,"large":false,"1536x1536":false,"2048x2048":false,"trp-custom-language-flag":false},"uagb_author_info":{"display_name":"Joe","author_link":"https:\/\/led.amasly.com\/ro\/author\/jacklin\/"},"uagb_comment_info":0,"uagb_excerpt":"LED Explosion Proof Tube Lights\/Explosion Proof Fluorescent Lights Content Contact LED Explosion Proof Tube Lights Scope of application 1. widely used in oil mining, oil refining, chemical, military and other dangerous environmental places of the factory and road lighting 2. suitable for coastal, river and other wind pressure, wind speed environment; 3. suitable for thousands&hellip;","_links":{"self":[{"href":"https:\/\/led.amasly.com\/ro\/wp-json\/wp\/v2\/pages\/1699","targetHints":{"allow":["GET"]}}],"collection":[{"href":"https:\/\/led.amasly.com\/ro\/wp-json\/wp\/v2\/pages"}],"about":[{"href":"https:\/\/led.amasly.com\/ro\/wp-json\/wp\/v2\/types\/page"}],"author":[{"embeddable":true,"href":"https:\/\/led.amasly.com\/ro\/wp-json\/wp\/v2\/users\/1"}],"replies":[{"embeddable":true,"href":"https:\/\/led.amasly.com\/ro\/wp-json\/wp\/v2\/comments?post=1699"}],"version-history":[{"count":3,"href":"https:\/\/led.amasly.com\/ro\/wp-json\/wp\/v2\/pages\/1699\/revisions"}],"predecessor-version":[{"id":4691,"href":"https:\/\/led.amasly.com\/ro\/wp-json\/wp\/v2\/pages\/1699\/revisions\/4691"}],"up":[{"embeddable":true,"href":"https:\/\/led.amasly.com\/ro\/wp-json\/wp\/v2\/pages\/1156"}],"wp:attachment":[{"href":"https:\/\/led.amasly.com\/ro\/wp-json\/wp\/v2\/media?parent=1699"}],"curies":[{"name":"wp","href":"https:\/\/api.w.org\/{rel}","templated":true}]}}