{"id":1696,"date":"2025-01-16T20:50:42","date_gmt":"2025-01-16T12:50:42","guid":{"rendered":"https:\/\/led.amasly.com\/?page_id=1696"},"modified":"2026-01-18T19:25:33","modified_gmt":"2026-01-18T11:25:33","slug":"bam","status":"publish","type":"page","link":"https:\/\/led.amasly.com\/ro\/products\/explosion-proof-lights\/bam\/","title":{"rendered":"BAM LED Lumini de panou antiexplozie"},"content":{"rendered":"<h2 class=\"wp-block-heading\"><\/h2>\n\n\n\n<p><\/p>\n\n\n\n<h2 class=\"wp-block-heading\"><\/h2>\n\n\n\n<h2 class=\"wp-block-heading\"><\/h2>\n\n\n\n<p><\/p>\n\n\n\n<div class=\"wp-block-uagb-container uagb-block-e407eb08 alignfull uagb-is-root-container\"><div class=\"uagb-container-inner-blocks-wrap\">\n<div class=\"wp-block-uagb-info-box uagb-block-7c0a134c uagb-infobox__content-wrap  uagb-infobox-icon-above-title uagb-infobox-image-valign-top wp-block-uagb-info-box--has-margin\"><div class=\"uagb-infobox-margin-wrapper\"><div class=\"uagb-ifb-content\"><div class=\"uagb-ifb-title-wrap\"><\/div><\/div><\/div><\/div>\n<\/div><\/div>\n\n\n\n<p><\/p>\n\n\n\n<p><\/p>\n\n\n\n<h2 class=\"wp-block-heading\"><\/h2>\n\n\n\n<h1 class=\"wp-block-heading has-text-align-center\">Lumini de panou cu LED-uri antiexplozie<\/h1>\n\n\n\n<div class=\"wp-block-uagb-container uagb-block-5d28ec94 default uagb-is-root-container\">\n<div class=\"wp-block-uagb-container uagb-block-462981e6\">\n<div class=\"wp-block-uagb-container uagb-block-6f08c8e4 alignfull uagb-is-root-container\"><div class=\"uagb-container-inner-blocks-wrap\">\n<div class=\"wp-block-uagb-container uagb-block-b229cb92\">\n<h3 class=\"wp-block-heading\">Con\u021binut<\/h3>\n\n\n\n<div class=\"wp-block-buttons is-layout-flex wp-container-core-buttons-is-layout-45b20515 wp-block-buttons-is-layout-flex\">\n<div class=\"wp-block-button\"><a class=\"wp-block-button__link wp-element-button\" href=\"https:\/\/led.amasly.com\/ro\/products\/explosion-proof-lights\/\">Lumini antiexplozie<\/a><\/div>\n\n\n\n<div class=\"wp-block-button is-style-fill\"><a class=\"wp-block-button__link wp-element-button\" href=\"https:\/\/led.amasly.com\/ro\/products\/ex-proof-electrical-appliance\/\">Aparat electric protejat \u00eempotriva exploziilor<\/a><\/div>\n\n\n\n<div class=\"wp-block-button\"><a class=\"wp-block-button__link wp-element-button\" href=\"https:\/\/led.amasly.com\/ro\/products\/led-tri-proof-light-2\/\">LED lumina Trip-proof<\/a><\/div>\n\n\n\n<div class=\"wp-block-button\"><a class=\"wp-block-button__link wp-element-button\" href=\"https:\/\/led.amasly.com\/ro\/products\/led-high-bay-light\/\">LED High Bay Light<\/a><\/div>\n\n\n\n<div class=\"wp-block-button\"><a class=\"wp-block-button__link wp-element-button\" href=\"https:\/\/led.amasly.com\/ro\/products\/led-flood-lights\/\">LED lumin\u0103 de inunda\u021bie<\/a><\/div>\n\n\n\n<div class=\"wp-block-button\"><a class=\"wp-block-button__link wp-element-button\" href=\"https:\/\/led.amasly.com\/ro\/products\/led-street-lights\/\">LED iluminat stradal<\/a><\/div>\n\n\n\n<div class=\"wp-block-button\"><a class=\"wp-block-button__link wp-element-button\" href=\"https:\/\/led.amasly.com\/ro\/products\/solar-lights\/\">Lumin\u0103 solar\u0103 LED<\/a><\/div>\n<\/div>\n\n\n\n<h4 class=\"wp-block-heading\"><\/h4>\n\n\n\n<h4 class=\"wp-block-heading\">Persoan\u0103 de contact<\/h4>\n\n\n\n<ul class=\"wp-block-list\">\n<li>E-mail: sales01@amasly.com<strong> <\/strong>      <\/li>\n\n\n\n<li>Mobil: +86 13732643699                   <\/li>\n<\/ul>\n<\/div>\n\n\n\n<div class=\"wp-block-columns is-layout-flex wp-container-core-columns-is-layout-28f84493 wp-block-columns-is-layout-flex\">\n<div class=\"wp-block-column is-layout-flow wp-block-column-is-layout-flow\" style=\"flex-basis:100%\">\n<div class=\"wp-block-uagb-container uagb-block-064256a4\">\n<div class=\"wp-block-columns is-layout-flex wp-container-core-columns-is-layout-28f84493 wp-block-columns-is-layout-flex\">\n<div class=\"wp-block-column is-layout-flow wp-block-column-is-layout-flow\" style=\"flex-basis:100%\">\n<div class=\"wp-block-columns is-layout-flex wp-container-core-columns-is-layout-28f84493 wp-block-columns-is-layout-flex\">\n<div class=\"wp-block-column is-layout-flow wp-block-column-is-layout-flow\">\n<div class=\"wp-block-uagb-image uagb-block-f7623661 wp-block-uagb-image--layout-default wp-block-uagb-image--effect-static wp-block-uagb-image--align-none\"><figure class=\"wp-block-uagb-image__figure\"><img decoding=\"async\" srcset=\"https:\/\/led.amasly.com\/wp-content\/uploads\/2024\/07\/Explosion-proof-panel-light.jpg ,https:\/\/led.amasly.com\/wp-content\/uploads\/2024\/07\/Explosion-proof-panel-light.jpg 780w, https:\/\/led.amasly.com\/wp-content\/uploads\/2024\/07\/Explosion-proof-panel-light.jpg 360w\" sizes=\"auto, (max-width: 480px) 150px\" src=\"https:\/\/led.amasly.com\/wp-content\/uploads\/2024\/07\/Explosion-proof-panel-light.jpg\" alt=\"Explosion Proof Panel Lights\" class=\"uag-image-1242\" width=\"300\" height=\"300\" title=\"Panou de lumin\u0103 rezistent la explozii\" loading=\"lazy\" role=\"img\"\/><\/figure><\/div>\n<\/div>\n\n\n\n<div class=\"wp-block-column is-layout-flow wp-block-column-is-layout-flow\">\n<p>Domeniul de aplicare<\/p>\n\n\n\n<p>1. utilizate pe scar\u0103 larg\u0103 \u00een minerit, rafinarea petrolului, chimice, militare \u0219i alte locuri de mediu periculoase ale fabricii \u0219i iluminat rutier<\/p>\n\n\n\n<p>2. potrivit pentru mediul de coast\u0103, r\u00e2u \u0219i alte medii de presiune a v\u00e2ntului, viteza v\u00e2ntului;<\/p>\n\n\n\n<p>3. adecvat pentru mii de medii cu gaze explozive din zona 1, zona 2;<\/p>\n\n\n\n<p>4. potrivit pentru mii de locuri cu praf combustibil din zona 21, 22;<\/p>\n\n\n\n<p>5. Potrivit pentru mediul cu gaz exploziv IIA, IIB, IIC. Clasa I, diviziunea 2, grupele A, B, C, D.<\/p>\n<\/div>\n<\/div>\n<\/div>\n<\/div>\n\n\n\n<div class=\"wp-block-uagb-container uagb-block-201e76d4\">\n<figure class=\"wp-block-table\"><table><tbody><tr><td>Moel<\/td><td class=\"has-text-align-center\" data-align=\"center\">Putere<\/td><td>Marca Ex<\/td><td>Rata IP<\/td><td>Eficien\u021ba luminii<\/td><td>Tensiune<\/td><td>CCT<\/td><td>PF<\/td><\/tr><tr><td>BAM<\/td><td class=\"has-text-align-center\" data-align=\"center\">12W-24W-36W-48W<\/td><td>Ex d IIC T6<\/td><td>IP66<\/td><td>100lm\/w<\/td><td>Ac85-265V<\/td><td>3000K-6500K<\/td><td>&gt;0.97<\/td><\/tr><\/tbody><\/table><\/figure>\n\n\n\n<h3 class=\"wp-block-heading\">BAM LED Lumini de panou antiexplozie Certificat:<\/h3>\n\n\n\n<p><a href=\"http:\/\/www.iecex-certs.com\/\" rel=\"nofollow noopener\" target=\"_blank\">Certificat ATEX<\/a><\/p>\n\n\n\n<h3 class=\"wp-block-heading\">BAM LED Lumini de panou antiexplozie Caracteristici:<\/h3>\n\n\n\n<p>\u00centreaga lamp\u0103 adopt\u0103 o structur\u0103 de etan\u0219are adeziv\u0103, nivelul de protec\u021bie este de p\u00e2n\u0103 la IP66, \u00een acela\u0219i timp, este potrivit pentru camera curat\u0103 cu presiune pozitiv\u0103 cu cerin\u021be antiexplozive;<\/p>\n\n\n\n<p>Cadrul Shell este fabricat din aliaj de aluminiu extrudat, suprafa\u021ba adopt\u0103 margini curate, f\u0103r\u0103 col\u021b mort de acumulare a prafului, iar suprafa\u021ba este tratat\u0103 cu pulverizare electrostatic\u0103 de \u00eenalt\u0103 presiune;<\/p>\n\n\n\n<p>Placa de difuzie adopt\u0103 material PC de \u00eenalt\u0103 calitate, anti-ultraviolet, rezisten\u021b\u0103 la impact; placa de ghidare a luminii adopt\u0103 material acrilic PMMA cu transmisie ridicat\u0103 folosind punctarea cu laser, eficien\u021b\u0103 reflexiv\u0103 ridicat\u0103, lumina pentru utilizarea complet\u0103 \u0219i eficient\u0103 a intervalului de iradiere a uniformit\u0103\u021bii ilumin\u0103rii, eficacitate luminoas\u0103 ridicat\u0103;<\/p>\n\n\n\n<p>Adopta\u021bi sursa de lumin\u0103 LED de marc\u0103 interna\u021bional\u0103, consumul de energie este de numai 50% din lampa fluorescent\u0103;<\/p>\n\n\n\n<p>Sursa de lumin\u0103 \u0219i sursa de alimentare sunt proiectate separat, put\u00e2nd fi instalate \u0219i \u00eenlocuite rapid la fa\u021ba locului, f\u0103r\u0103 sudur\u0103;<\/p>\n\n\n\n<p>Adoptarea suportului cu cataram\u0103 reglabil\u0103 sau a suportului de tavan, intervalul de grosime a plafonului aplicabil ajunge la 10 ~ 60 mm;<\/p>\n\n\n\n<p>Componentele cheie ale sursei de alimentare adopt\u0103 toate marca de renume mondial, eficien\u021b\u0103 ridicat\u0103, stabilitate \u0219i durat\u0103 lung\u0103 de via\u021b\u0103.<\/p>\n\n\n\n<p>Se aplic\u0103 mediului de gaz exploziv al medicamentului original, chimicale fine, electronice, microelectronice de produc\u021bie de plante curate, laboratoare, s\u0103li de opera\u021bie;<\/p>\n\n\n\n<h2 class=\"wp-block-heading\">BAM LED Lumini de panou antiexplozie Instalare:<\/h2>\n\n\n\n<div class=\"wp-block-uagb-image uagb-block-0867b09d wp-block-uagb-image--layout-default wp-block-uagb-image--effect-static wp-block-uagb-image--align-none\"><figure class=\"wp-block-uagb-image__figure\"><img decoding=\"async\" srcset=\"https:\/\/led.amasly.com\/wp-content\/uploads\/2025\/01\/LED-Explosion-Proof-Panel-Light.png ,https:\/\/led.amasly.com\/wp-content\/uploads\/2025\/01\/LED-Explosion-Proof-Panel-Light.png 780w, https:\/\/led.amasly.com\/wp-content\/uploads\/2025\/01\/LED-Explosion-Proof-Panel-Light.png 360w\" sizes=\"auto, (max-width: 480px) 150px\" src=\"https:\/\/led.amasly.com\/wp-content\/uploads\/2025\/01\/LED-Explosion-Proof-Panel-Light.png\" alt=\"\" class=\"uag-image-1697\" width=\"300\" height=\"300\" title=\"LED cu panou de lumin\u0103 rezistent la explozii\" loading=\"lazy\" role=\"img\"><\/figure><\/div>\n<\/div>\n<\/div>\n<\/div>\n<\/div>\n<\/div><\/div>\n<\/div>\n<\/div>\n\n\n\n<h2 class=\"wp-block-heading\"><strong>Amasly LED Light <\/strong><strong>\u00ceNTREB\u0102RI FRECVENTE<\/strong><strong><\/strong><\/h2>\n\n\n\n<p><strong>Q1.Can I have a sample order for led light?<\/strong><strong><\/strong><\/p>\n\n\n\n<p>R: Da, accept\u0103m comanda de probe pentru a testa \u0219i a verifica calitatea. Probele mixte sunt acceptabile.<\/p>\n\n\n\n<p><strong>Q2.Ce se \u00eent\u00e2mpl\u0103 cu timpul de livrare?<\/strong><strong><\/strong><\/p>\n\n\n\n<p>R: Proba necesit\u0103 3-5 zile, timpul de produc\u021bie \u00een mas\u0103 necesit\u0103 1-2 s\u0103pt\u0103m\u00e2ni.<\/p>\n\n\n\n<p><strong>Q3.Ave\u021bi vreo limit\u0103 MOQ pentru comanda de lumin\u0103 led?<\/strong><strong><\/strong><\/p>\n\n\n\n<p>R: MOQ sc\u0103zut 1pc pentru verificarea e\u0219antionului este disponibil.<\/p>\n\n\n\n<p><strong>Q4. Cum expedia\u021bi bunurile \u0219i c\u00e2t dureaz\u0103 p\u00e2n\u0103 ajung la destina\u021bie?<\/strong><strong><\/strong><\/p>\n\n\n\n<p>R: De obicei expediem prin DHL, UPS, FedEx sau TNT. De obicei, este nevoie de 3-5 zile pentru a ajunge. Linia aerian\u0103 \u0219i transportul maritim, de asemenea, op\u021bional.<\/p>\n\n\n\n<p><strong>Q5. Cum se efectueaz\u0103 o comand\u0103 pentru lumina cu led?<\/strong><strong><\/strong><\/p>\n\n\n\n<p>A:<\/p>\n\n\n\n<p>\u00cen primul r\u00e2nd, comunica\u021bi-ne cerin\u021bele sau aplica\u021bia dumneavoastr\u0103.<\/p>\n\n\n\n<p>\u00cen al doilea r\u00e2nd, cotiz\u0103m \u00een func\u021bie de cerin\u021bele dvs. sau de sugestiile noastre.<\/p>\n\n\n\n<p>\u00cen al treilea r\u00e2nd, clientul confirm\u0103 probele \u0219i plaseaz\u0103 depozitul pentru comanda oficial\u0103.<\/p>\n\n\n\n<p>\u00cen al patrulea r\u00e2nd, organiz\u0103m produc\u021bia.<\/p>\n\n\n\n<p><strong>Q6.Este \u00een regul\u0103 s\u0103 \u00eemi tip\u0103resc <\/strong><strong>LOGO<\/strong><strong>&nbsp;pe produs de lumin\u0103 cu led ?<\/strong><strong><\/strong><\/p>\n\n\n\n<p>R: Da.V\u0103 rug\u0103m s\u0103 ne informa\u021bi oficial \u00eenainte de produc\u021bia noastr\u0103 \u0219i s\u0103 confirma\u021bi designul \u00een primul r\u00e2nd pe baza e\u0219antionului nostru.<\/p>\n\n\n\n<p><strong>Q7: Oferi\u021bi garan\u021bie pentru produse?<\/strong><strong><\/strong><\/p>\n\n\n\n<p>R: Da, oferim o garan\u021bie de 2-5 ani pentru produsele noastre.<\/p>\n\n\n\n<p><strong>\u00ce8: Cum s\u0103 proceda\u021bi cu defectele?<\/strong><strong><\/strong><\/p>\n\n\n\n<p>A:<\/p>\n\n\n\n<p>\u00cen primul r\u00e2nd, produsele noastre sunt produse dinstrict sistem de control al calit\u0103\u021bii \u0219i rata defectuoas\u0103 va fi mai mic\u0103 de 0.2%<\/p>\n\n\n\n<p>\u00cen al doilea r\u00e2nd, \u00een timpul perioadei de garan\u021bie, vom furniza piese pentru a \u00eenlocui piesa defect\u0103.. Pentru comenzile \u00een vrac, vom furniza piese vulnerabile \u00een avans sau putem discuta solu\u021bii, inclusiv rechem\u0103ri, pe baza situa\u021biei reale.<\/p>\n\n\n\n<h2 class=\"wp-block-heading\">Produse conexe<\/h2>\n\n\n\n<div class=\"wp-block-uagb-container uagb-block-66e4defc alignfull uagb-is-root-container\"><div class=\"uagb-container-inner-blocks-wrap\">\n<div class=\"wp-block-uagb-container uagb-block-a42945f9\">\n<div class=\"wp-block-uagb-image uagb-block-7296296b wp-block-uagb-image--layout-default wp-block-uagb-image--effect-static wp-block-uagb-image--align-none\"><figure class=\"wp-block-uagb-image__figure\"><a class=\"\" href=\"https:\/\/led.amasly.com\/ro\/products\/explosion-proof-lights\/\" target=\"\" rel=\"noopener\"><img decoding=\"async\" srcset=\"https:\/\/led.amasly.com\/wp-content\/uploads\/2024\/09\/Explosion-proof-high-bay-lights.png ,https:\/\/led.amasly.com\/wp-content\/uploads\/2024\/09\/Explosion-proof-high-bay-lights.png 780w, https:\/\/led.amasly.com\/wp-content\/uploads\/2024\/09\/Explosion-proof-high-bay-lights.png 360w\" sizes=\"auto, (max-width: 480px) 150px\" src=\"https:\/\/led.amasly.com\/wp-content\/uploads\/2024\/09\/Explosion-proof-high-bay-lights.png\" alt=\"\" class=\"uag-image-1495\" width=\"300\" height=\"300\" title=\"Lumini de \u00eenalt\u0103 rezisten\u021b\u0103 la explozie\" loading=\"lazy\" role=\"img\"><\/a><\/figure><\/div>\n<\/div>\n\n\n\n<div class=\"wp-block-uagb-container uagb-block-4d3efde5\">\n<div class=\"wp-block-uagb-image uagb-block-c9e90797 wp-block-uagb-image--layout-default wp-block-uagb-image--effect-static wp-block-uagb-image--align-none\"><figure class=\"wp-block-uagb-image__figure\"><a class=\"\" href=\"https:\/\/led.amasly.com\/ro\/products\/ex-proof-electrical-appliance\/\" target=\"\" rel=\"noopener\"><img decoding=\"async\" srcset=\"https:\/\/led.amasly.com\/wp-content\/uploads\/2025\/01\/Explosion-proof-axial-flow-fan.jpg ,https:\/\/led.amasly.com\/wp-content\/uploads\/2025\/01\/Explosion-proof-axial-flow-fan.jpg 780w, https:\/\/led.amasly.com\/wp-content\/uploads\/2025\/01\/Explosion-proof-axial-flow-fan.jpg 360w\" sizes=\"auto, (max-width: 480px) 150px\" src=\"https:\/\/led.amasly.com\/wp-content\/uploads\/2025\/01\/Explosion-proof-axial-flow-fan.jpg\" alt=\"Ex-Proof Electrical Appliance\" class=\"uag-image-1767\" width=\"300\" height=\"300\" title=\"Ventilator cu debit axial rezistent la explozii\" loading=\"lazy\" role=\"img\"\/><\/a><\/figure><\/div>\n<\/div>\n\n\n\n<div class=\"wp-block-uagb-container uagb-block-11c2578b\">\n<div class=\"wp-block-uagb-image uagb-block-6e8883aa wp-block-uagb-image--layout-default wp-block-uagb-image--effect-static wp-block-uagb-image--align-none\"><figure class=\"wp-block-uagb-image__figure\"><a class=\"\" href=\"https:\/\/led.amasly.com\/ro\/products\/explosion-proof-lights\/\" target=\"\" rel=\"noopener\"><img decoding=\"async\" srcset=\"https:\/\/led.amasly.com\/wp-content\/uploads\/2024\/09\/LED-Explosion-Proof-Gas-Station-Light.png ,https:\/\/led.amasly.com\/wp-content\/uploads\/2024\/09\/LED-Explosion-Proof-Gas-Station-Light.png 780w, https:\/\/led.amasly.com\/wp-content\/uploads\/2024\/09\/LED-Explosion-Proof-Gas-Station-Light.png 360w\" sizes=\"auto, (max-width: 480px) 150px\" src=\"https:\/\/led.amasly.com\/wp-content\/uploads\/2024\/09\/LED-Explosion-Proof-Gas-Station-Light.png\" alt=\"\" class=\"uag-image-1501\" width=\"300\" height=\"300\" title=\"LED lumina sta\u021biei de benzin\u0103 cu dovada exploziei\" loading=\"lazy\" role=\"img\"><\/a><\/figure><\/div>\n<\/div>\n<\/div><\/div>\n\n\n\n<div class=\"wp-block-uagb-container uagb-block-548945b5 alignfull uagb-is-root-container\"><div class=\"uagb-container-inner-blocks-wrap\">\n<div class=\"wp-block-uagb-container uagb-block-967755d5\">\n<h4 class=\"wp-block-heading has-text-align-center\"><a href=\"https:\/\/led.amasly.com\/ro\/products\/explosion-proof-lights\/\">Lumini LED antiexplozie<\/a><\/h4>\n<\/div>\n\n\n\n<div class=\"wp-block-uagb-container uagb-block-9bc52fc2\">\n<h4 class=\"wp-block-heading has-text-align-center\"><a href=\"https:\/\/led.amasly.com\/ro\/products\/ex-proof-electrical-appliance\/\">Aparatur\u0103 electric\u0103 Ex-Proof<\/a><\/h4>\n<\/div>\n\n\n\n<div class=\"wp-block-uagb-container uagb-block-8ffa0a23\">\n<h4 class=\"wp-block-heading has-text-align-center\"><a href=\"https:\/\/led.amasly.com\/ro\/products\/explosion-proof-lights\/\">Lumini de sta\u021bie de benzin\u0103 antiexplozie<\/a><\/h4>\n<\/div>\n<\/div><\/div>\n\n\n\n<div class=\"wp-block-uagb-container uagb-block-29499fe0 alignfull uagb-is-root-container\"><div class=\"uagb-container-inner-blocks-wrap\">\n<div class=\"wp-block-uagb-container uagb-block-777ee1c7\">\n<div class=\"wp-block-uagb-image uagb-block-2e9a1851 wp-block-uagb-image--layout-default wp-block-uagb-image--effect-static wp-block-uagb-image--align-none\"><figure class=\"wp-block-uagb-image__figure\"><a class=\"\" href=\"https:\/\/led.amasly.com\/ro\/products\/led-flood-lights\/\" target=\"\" rel=\"noopener\"><img decoding=\"async\" srcset=\"https:\/\/led.amasly.com\/wp-content\/uploads\/2024\/10\/50W-100W-150W-200W-300W-LED-Flood-Light.jpg ,https:\/\/led.amasly.com\/wp-content\/uploads\/2024\/10\/50W-100W-150W-200W-300W-LED-Flood-Light.jpg 780w, https:\/\/led.amasly.com\/wp-content\/uploads\/2024\/10\/50W-100W-150W-200W-300W-LED-Flood-Light.jpg 360w\" sizes=\"auto, (max-width: 480px) 150px\" src=\"https:\/\/led.amasly.com\/wp-content\/uploads\/2024\/10\/50W-100W-150W-200W-300W-LED-Flood-Light.jpg\" alt=\"\" class=\"uag-image-1526\" width=\"300\" height=\"300\" title=\"50W 100W 150W 200W 300W LED lumin\u0103 de inunda\u021bie\" loading=\"lazy\" role=\"img\"><\/a><\/figure><\/div>\n<\/div>\n\n\n\n<div class=\"wp-block-uagb-container uagb-block-af8c8683\">\n<div class=\"wp-block-uagb-image uagb-block-67947854 wp-block-uagb-image--layout-default wp-block-uagb-image--effect-static wp-block-uagb-image--align-none\"><figure class=\"wp-block-uagb-image__figure\"><a class=\"\" href=\"https:\/\/led.amasly.com\/ro\/products\/led-high-bay-light\/\" target=\"\" rel=\"noopener\"><img decoding=\"async\" srcset=\"https:\/\/led.amasly.com\/wp-content\/uploads\/2025\/05\/high-bay-light.webp ,https:\/\/led.amasly.com\/wp-content\/uploads\/2025\/05\/high-bay-light.webp 780w, https:\/\/led.amasly.com\/wp-content\/uploads\/2025\/05\/high-bay-light.webp 360w\" sizes=\"auto, (max-width: 480px) 150px\" src=\"https:\/\/led.amasly.com\/wp-content\/uploads\/2025\/05\/high-bay-light.webp\" alt=\"\" class=\"uag-image-3954\" width=\"300\" height=\"300\" title=\"lumina mare bay\" loading=\"lazy\" role=\"img\"><\/a><\/figure><\/div>\n<\/div>\n\n\n\n<div class=\"wp-block-uagb-container uagb-block-0fdfdd58\">\n<div class=\"wp-block-uagb-image uagb-block-1187d32d wp-block-uagb-image--layout-default wp-block-uagb-image--effect-static wp-block-uagb-image--align-none\"><figure class=\"wp-block-uagb-image__figure\"><a class=\"\" href=\"https:\/\/led.amasly.com\/ro\/products\/\" target=\"\" rel=\"noopener\"><img decoding=\"async\" srcset=\"https:\/\/led.amasly.com\/wp-content\/uploads\/2024\/07\/LED-street-light.jpg ,https:\/\/led.amasly.com\/wp-content\/uploads\/2024\/07\/LED-street-light.jpg 780w, https:\/\/led.amasly.com\/wp-content\/uploads\/2024\/07\/LED-street-light.jpg 360w\" sizes=\"auto, (max-width: 480px) 150px\" src=\"https:\/\/led.amasly.com\/wp-content\/uploads\/2024\/07\/LED-street-light.jpg\" alt=\"\" class=\"uag-image-1145\" width=\"300\" height=\"300\" title=\"LED-street-light\" loading=\"lazy\" role=\"img\"><\/a><\/figure><\/div>\n<\/div>\n<\/div><\/div>\n\n\n\n<div class=\"wp-block-uagb-container uagb-block-6a60882c alignfull uagb-is-root-container\"><div class=\"uagb-container-inner-blocks-wrap\">\n<div class=\"wp-block-uagb-container uagb-block-f1e91a35\">\n<h4 class=\"wp-block-heading has-text-align-center\"><a href=\"https:\/\/led.amasly.com\/ro\/products\/led-flood-lights\/\">Lumini de inunda\u021bie cu LED<\/a><\/h4>\n<\/div>\n\n\n\n<div class=\"wp-block-uagb-container uagb-block-165bfa58\">\n<h4 class=\"wp-block-heading has-text-align-center\"><a href=\"https:\/\/led.amasly.com\/ro\/products\/led-high-bay-light\/\">Lumini LED High Bay<\/a><\/h4>\n<\/div>\n\n\n\n<div class=\"wp-block-uagb-container uagb-block-f6096e3b\">\n<h4 class=\"wp-block-heading has-text-align-center\"><a href=\"https:\/\/led.amasly.com\/ro\/products\/https:\/\/led.amasly.com\/products\/led-street-lights\/\">Lumini stradale cu LED<\/a><\/h4>\n<\/div>\n<\/div><\/div>\n\n\n\n<div class=\"wp-block-uagb-container uagb-block-99c0e0a5 alignfull uagb-is-root-container\"><div class=\"uagb-container-inner-blocks-wrap\"><\/div><\/div>","protected":false},"excerpt":{"rendered":"<p>LED Explosion Proof Panel Lights Content Contact Scope of application 1. widely used in oil mining, oil refining, chemical, military and other dangerous environmental places of the factory and road lighting 2. suitable for coastal, river and other wind pressure, wind speed environment; 3. suitable for thousands of explosive gas environment of zone 1, zone [&hellip;]<\/p>\n","protected":false},"author":1,"featured_media":0,"parent":1156,"menu_order":2,"comment_status":"closed","ping_status":"closed","template":"","meta":{"_uag_custom_page_level_css":"","site-sidebar-layout":"no-sidebar","site-content-layout":"","ast-site-content-layout":"default","site-content-style":"default","site-sidebar-style":"default","ast-global-header-display":"","ast-banner-title-visibility":"","ast-main-header-display":"","ast-hfb-above-header-display":"","ast-hfb-below-header-display":"","ast-hfb-mobile-header-display":"","site-post-title":"disabled","ast-breadcrumbs-content":"","ast-featured-img":"","footer-sml-layout":"","ast-disable-related-posts":"","theme-transparent-header-meta":"enabled","adv-header-id-meta":"","stick-header-meta":"","header-above-stick-meta":"","header-main-stick-meta":"","header-below-stick-meta":"","astra-migrate-meta-layouts":"set","ast-page-background-enabled":"default","ast-page-background-meta":{"desktop":{"background-color":"var(--ast-global-color-4)","background-image":"","background-repeat":"repeat","background-position":"center center","background-size":"auto","background-attachment":"scroll","background-type":"","background-media":"","overlay-type":"","overlay-color":"","overlay-opacity":"","overlay-gradient":""},"tablet":{"background-color":"","background-image":"","background-repeat":"repeat","background-position":"center center","background-size":"auto","background-attachment":"scroll","background-type":"","background-media":"","overlay-type":"","overlay-color":"","overlay-opacity":"","overlay-gradient":""},"mobile":{"background-color":"","background-image":"","background-repeat":"repeat","background-position":"center center","background-size":"auto","background-attachment":"scroll","background-type":"","background-media":"","overlay-type":"","overlay-color":"","overlay-opacity":"","overlay-gradient":""}},"ast-content-background-meta":{"desktop":{"background-color":"var(--ast-global-color-5)","background-image":"","background-repeat":"repeat","background-position":"center center","background-size":"auto","background-attachment":"scroll","background-type":"","background-media":"","overlay-type":"","overlay-color":"","overlay-opacity":"","overlay-gradient":""},"tablet":{"background-color":"var(--ast-global-color-5)","background-image":"","background-repeat":"repeat","background-position":"center center","background-size":"auto","background-attachment":"scroll","background-type":"","background-media":"","overlay-type":"","overlay-color":"","overlay-opacity":"","overlay-gradient":""},"mobile":{"background-color":"var(--ast-global-color-5)","background-image":"","background-repeat":"repeat","background-position":"center center","background-size":"auto","background-attachment":"scroll","background-type":"","background-media":"","overlay-type":"","overlay-color":"","overlay-opacity":"","overlay-gradient":""}},"footnotes":"[]"},"class_list":["post-1696","page","type-page","status-publish","hentry"],"uagb_featured_image_src":{"full":false,"thumbnail":false,"medium":false,"medium_large":false,"large":false,"1536x1536":false,"2048x2048":false,"trp-custom-language-flag":false},"uagb_author_info":{"display_name":"Joe","author_link":"https:\/\/led.amasly.com\/ro\/author\/jacklin\/"},"uagb_comment_info":0,"uagb_excerpt":"LED Explosion Proof Panel Lights Content Contact Scope of application 1. widely used in oil mining, oil refining, chemical, military and other dangerous environmental places of the factory and road lighting 2. suitable for coastal, river and other wind pressure, wind speed environment; 3. suitable for thousands of explosive gas environment of zone 1, zone&hellip;","_links":{"self":[{"href":"https:\/\/led.amasly.com\/ro\/wp-json\/wp\/v2\/pages\/1696","targetHints":{"allow":["GET"]}}],"collection":[{"href":"https:\/\/led.amasly.com\/ro\/wp-json\/wp\/v2\/pages"}],"about":[{"href":"https:\/\/led.amasly.com\/ro\/wp-json\/wp\/v2\/types\/page"}],"author":[{"embeddable":true,"href":"https:\/\/led.amasly.com\/ro\/wp-json\/wp\/v2\/users\/1"}],"replies":[{"embeddable":true,"href":"https:\/\/led.amasly.com\/ro\/wp-json\/wp\/v2\/comments?post=1696"}],"version-history":[{"count":8,"href":"https:\/\/led.amasly.com\/ro\/wp-json\/wp\/v2\/pages\/1696\/revisions"}],"predecessor-version":[{"id":4519,"href":"https:\/\/led.amasly.com\/ro\/wp-json\/wp\/v2\/pages\/1696\/revisions\/4519"}],"up":[{"embeddable":true,"href":"https:\/\/led.amasly.com\/ro\/wp-json\/wp\/v2\/pages\/1156"}],"wp:attachment":[{"href":"https:\/\/led.amasly.com\/ro\/wp-json\/wp\/v2\/media?parent=1696"}],"curies":[{"name":"wp","href":"https:\/\/api.w.org\/{rel}","templated":true}]}}