{"id":4421,"date":"2026-01-15T20:32:07","date_gmt":"2026-01-15T12:32:07","guid":{"rendered":"https:\/\/led.amasly.com\/?page_id=4421"},"modified":"2026-01-24T20:27:42","modified_gmt":"2026-01-24T12:27:42","slug":"dont-underestimate-construction-site-street-lights-choose-right-use-right-and-speed-up-your-project","status":"publish","type":"page","link":"https:\/\/led.amasly.com\/pt\/knowledge\/outdoor-light-knowledge\/dont-underestimate-construction-site-street-lights-choose-right-use-right-and-speed-up-your-project\/","title":{"rendered":"N\u00e3o subestime as luzes de rua do local de constru\u00e7\u00e3o! Escolha bem, utilize bem e acelere o seu projeto"},"content":{"rendered":"<div class=\"wp-block-uagb-container uagb-block-27bae773 alignfull uagb-is-root-container\"><div class=\"uagb-container-inner-blocks-wrap\"><\/div><\/div>\n\n\n\n<h1 class=\"wp-block-heading has-text-align-center\"><strong>N\u00e3o subestime a constru\u00e7\u00e3o <\/strong><strong>Rua do s\u00edtio <\/strong><strong>Luz<\/strong><strong>s<\/strong><strong>! Escolher bem, utilizar bem e acelerar o seu projeto<\/strong><strong><\/strong><\/h1>\n\n\n\n<p>Em v\u00e1rios projectos de constru\u00e7\u00e3o - desde a renova\u00e7\u00e3o de estradas urbanas \u00e0 constru\u00e7\u00e3o de f\u00e1bricas suburbanas - a ilumina\u00e7\u00e3o continua a ser um fator cr\u00edtico que afecta o progresso do projeto. Devido \u00e0s horas de trabalho diurnas limitadas e aos prazos apertados, a constru\u00e7\u00e3o nocturna tornou-se rotina em muitos projectos. Como \u201cequipamento de ilumina\u00e7\u00e3o essencial\u201d em ambientes de constru\u00e7\u00e3o, os postes de ilumina\u00e7\u00e3o p\u00fablica n\u00e3o s\u00f3 proporcionam uma visibilidade clara para as opera\u00e7\u00f5es, como tamb\u00e9m salvaguardam a seguran\u00e7a e a efici\u00eancia da constru\u00e7\u00e3o.<\/p>\n\n\n\n<figure class=\"wp-block-image aligncenter size-full\"><img decoding=\"async\" width=\"300\" height=\"300\" src=\"https:\/\/led.amasly.com\/wp-content\/uploads\/2026\/01\/LED-street-light.jpg\" alt=\"Street Lights\" class=\"wp-image-4422\" title=\"\" srcset=\"https:\/\/led.amasly.com\/wp-content\/uploads\/2026\/01\/LED-street-light.jpg 300w, https:\/\/led.amasly.com\/wp-content\/uploads\/2026\/01\/LED-street-light-150x150.jpg 150w, https:\/\/led.amasly.com\/wp-content\/uploads\/2026\/01\/LED-street-light-12x12.jpg 12w\" sizes=\"(max-width: 300px) 100vw, 300px\" \/><\/figure>\n\n\n\n<h2 class=\"wp-block-heading\"><strong>I. Valor pr\u00e1tico da constru\u00e7\u00e3o <\/strong><strong>Rua do s\u00edtio <\/strong><strong>Luz<\/strong><strong>s<\/strong><strong>&nbsp;em Ambientes do site<\/strong><strong><\/strong><\/h2>\n\n\n\n<h3 class=\"wp-block-heading\"><strong>Adaptabilidade a diversos contextos de constru\u00e7\u00e3o<\/strong><strong><\/strong><\/h3>\n\n\n\n<p>Quer se trate da repara\u00e7\u00e3o de condutas subterr\u00e2neas em vielas estreitas ou da montagem de estruturas de a\u00e7o em campos abertos, os candeeiros de rua especializados em constru\u00e7\u00e3o podem iluminar com precis\u00e3o zonas de trabalho cr\u00edticas - como a amarra\u00e7\u00e3o de vergalh\u00f5es ou a montagem de equipamento - ajustando os \u00e2ngulos da cabe\u00e7a e as alturas de montagem. Uma ilumina\u00e7\u00e3o adequada minimiza os erros em tarefas de precis\u00e3o, reduz as taxas de retrabalho e garante a qualidade da constru\u00e7\u00e3o.<\/p>\n\n\n\n<h3 class=\"wp-block-heading\"><strong>Mobilidade elevada<\/strong><strong><\/strong><\/h3>\n\n\n\n<p>A maioria dos candeeiros de rua para constru\u00e7\u00e3o tem rodas ou pegas de transporte, eliminando a necessidade de instala\u00e7\u00f5es pr\u00e9-cabladas. Os trabalhadores podem desloc\u00e1-los de forma flex\u00edvel para \u00e1reas como po\u00e7os de escava\u00e7\u00e3o ou rotas de transfer\u00eancia de material, conforme necess\u00e1rio, adaptando-se a zonas de trabalho que mudam frequentemente e contornando os inc\u00f3modos processos de instala\u00e7\u00e3o e desmontagem de cablagem.<\/p>\n\n\n\n<h3 class=\"wp-block-heading\"><strong>Durabilidade para ambientes de constru\u00e7\u00e3o<\/strong><strong><\/strong><\/h3>\n\n\n\n<p>Concebidas para locais com muita poeira e vibra\u00e7\u00e3o, estas luzes apresentam caixas de pl\u00e1stico de engenharia robustas e designs selados contra poeira para resistir a condi\u00e7\u00f5es adversas. Tamb\u00e9m oferecem um tempo de funcionamento alargado, mantendo uma luminosidade consistente durante mais de dez horas de funcionamento cont\u00ednuo, evitando atrasos no hor\u00e1rio devido a trocas ou recargas frequentes da bateria.<\/p>\n\n\n\n<h2 class=\"wp-block-heading\"><strong>II. Considera\u00e7\u00f5es fundamentais para a constru\u00e7\u00e3o <\/strong><strong>Rua do s\u00edtio <\/strong><strong>Luz<\/strong><strong>s<\/strong><strong><\/strong><\/h2>\n\n\n\n<h3 class=\"wp-block-heading\"><strong>Evitar zonas perigosas durante a instala\u00e7\u00e3o<\/strong><strong><\/strong><\/h3>\n\n\n\n<p>Antes da instala\u00e7\u00e3o, consulte o mapa de disposi\u00e7\u00e3o dos servi\u00e7os p\u00fablicos do local para posicionar as luzes longe de cabos subterr\u00e2neos, canos de \u00e1gua e outras infra-estruturas para evitar danos durante a instala\u00e7\u00e3o. Al\u00e9m disso, evite o raio de a\u00e7\u00e3o de m\u00e1quinas de grande porte, como gruas e escavadoras, para evitar colis\u00f5es que possam danificar as luzes ou causar acidentes.<\/p>\n\n\n\n<h3 class=\"wp-block-heading\"><strong>Implementar medidas de prote\u00e7\u00e3o no exterior<\/strong><strong><\/strong><\/h3>\n\n\n\n<p>Para instala\u00e7\u00f5es no exterior, inspecionar as veda\u00e7\u00f5es \u00e0 prova de \u00e1gua e a integridade da cablagem antes da chuva para evitar curto-circuitos induzidos pela humidade. Ap\u00f3s a interrup\u00e7\u00e3o dos trabalhos noturnos, guarde as luzes port\u00e1teis em abrigos contra a chuva ou coloque cones de aviso e fita reflectora \u00e0 sua volta para evitar o contacto acidental de pessoas ou ve\u00edculos.<\/p>\n\n\n\n<h3 class=\"wp-block-heading\"><strong>Selecionar modelos de luz adequados com base nos requisitos<\/strong><strong><\/strong><\/h3>\n\n\n\n<p>Evitar a procura cega de uma luminosidade elevada. Escolha com base nos cen\u00e1rios de constru\u00e7\u00e3o: Para tarefas detalhadas, como reboco de paredes ou soldadura de tubos, utilize projectores de luz suave para evitar que o brilho afecte as opera\u00e7\u00f5es. Para cen\u00e1rios de grande escala, como a ilumina\u00e7\u00e3o geral do local ou opera\u00e7\u00f5es com equipamento pesado, os projectores de alto brilho s\u00e3o essenciais para garantir uma cobertura abrangente sem pontos escuros.<\/p>\n\n\n\n<h2 class=\"wp-block-heading\"><strong>Resumo das luzes de rua<\/strong><\/h2>\n\n\n\n<p>Para as empresas de constru\u00e7\u00e3o, uma luz altamente adapt\u00e1vel e duradoura serve como \u201cescudo protetor\u201d para a seguran\u00e7a dos trabalhadores e como \u201cimpulsionador\u201d para acelerar o progresso do projeto. Os nossos projectores espec\u00edficos para constru\u00e7\u00e3o apresentam grandes rod\u00edzios bloque\u00e1veis e passam nos testes de queda de 1,5 metros com certifica\u00e7\u00e3o IP65 de resist\u00eancia ao p\u00f3 e \u00e0 \u00e1gua, tornando-os adequados para diversos locais, incluindo estradas urbanas, condutas municipais e f\u00e1bricas suburbanas. Se estiver a enfrentar desafios de ilumina\u00e7\u00e3o na constru\u00e7\u00e3o, explore as nossas solu\u00e7\u00f5es para melhorar a seguran\u00e7a e a efici\u00eancia dos seus projectos.<\/p>\n\n\n\n<p class=\"has-text-align-left\">A Amasly Lighting, uma empresa profissional de marcas de ilumina\u00e7\u00e3o industrial, com s\u00edtios Web oficiais em led.amasly.com e amasly.com, \u00e9 especializada na I&amp;D, produ\u00e7\u00e3o e venda integradas de dispositivos de ilumina\u00e7\u00e3o industrial. A empresa concentra-se nos mercados do Sudeste Asi\u00e1tico e do M\u00e9dio Oriente, com produtos vendidos para mais de 100 pa\u00edses e regi\u00f5es em todo o mundo. Todos os produtos \u00e0 prova de explos\u00e3o cumprem os requisitos de certifica\u00e7\u00e3o ATEX. As principais linhas de produtos incluem: luzes \u00e0 prova de explos\u00e3o, equipamento el\u00e9trico \u00e0 prova de explos\u00e3o, luzes de alto brilho, luzes de inunda\u00e7\u00e3o, luzes de rua, lumin\u00e1rias solares e muito mais.<\/p>\n\n\n\n<p>Padr\u00e3o: <a href=\"http:\/\/www.iec.com\" rel=\"nofollow noopener\" target=\"_blank\">IEC60598<\/a><\/p>\n\n\n\n<div class=\"wp-block-uagb-container uagb-block-c7d898dd alignfull uagb-is-root-container\"><div class=\"uagb-container-inner-blocks-wrap\"><\/div><\/div>\n\n\n\n<h2 class=\"wp-block-heading\">Produtos relacionados<\/h2>\n\n\n\n<div class=\"wp-block-uagb-container uagb-block-66e4defc alignfull uagb-is-root-container\"><div class=\"uagb-container-inner-blocks-wrap\">\n<div class=\"wp-block-uagb-container uagb-block-a42945f9\">\n<div class=\"wp-block-uagb-image uagb-block-7296296b wp-block-uagb-image--layout-default wp-block-uagb-image--effect-static wp-block-uagb-image--align-none\"><figure class=\"wp-block-uagb-image__figure\"><a class=\"\" href=\"https:\/\/led.amasly.com\/pt\/products\/\" target=\"\" rel=\"noopener\"><img decoding=\"async\" srcset=\"https:\/\/led.amasly.com\/wp-content\/uploads\/2024\/09\/Explosion-proof-high-bay-lights.png ,https:\/\/led.amasly.com\/wp-content\/uploads\/2024\/09\/Explosion-proof-high-bay-lights.png 780w, https:\/\/led.amasly.com\/wp-content\/uploads\/2024\/09\/Explosion-proof-high-bay-lights.png 360w\" sizes=\"auto, (max-width: 480px) 150px\" src=\"https:\/\/led.amasly.com\/wp-content\/uploads\/2024\/09\/Explosion-proof-high-bay-lights.png\" alt=\"\" class=\"uag-image-1495\" width=\"300\" height=\"300\" title=\"Luzes de ba\u00eda alta \u00e0 prova de explos\u00e3o\" loading=\"lazy\" role=\"img\"><\/a><\/figure><\/div>\n<\/div>\n\n\n\n<div class=\"wp-block-uagb-container uagb-block-4d3efde5\">\n<div class=\"wp-block-uagb-image uagb-block-c9e90797 wp-block-uagb-image--layout-default wp-block-uagb-image--effect-static wp-block-uagb-image--align-none\"><figure class=\"wp-block-uagb-image__figure\"><a class=\"\" href=\"https:\/\/led.amasly.com\/pt\/products\/\" target=\"\" rel=\"noopener\"><img decoding=\"async\" srcset=\"https:\/\/led.amasly.com\/wp-content\/uploads\/2024\/07\/LED-tri-proof-lights2.png ,https:\/\/led.amasly.com\/wp-content\/uploads\/2024\/07\/LED-tri-proof-lights2.png 780w, https:\/\/led.amasly.com\/wp-content\/uploads\/2024\/07\/LED-tri-proof-lights2.png 360w\" sizes=\"auto, (max-width: 480px) 150px\" src=\"https:\/\/led.amasly.com\/wp-content\/uploads\/2024\/07\/LED-tri-proof-lights2.png\" alt=\"\" class=\"uag-image-1132\" width=\"300\" height=\"300\" title=\"Luzes LED \u00e0 prova de tripla prote\u00e7\u00e3o2\" loading=\"lazy\" role=\"img\"><\/a><\/figure><\/div>\n<\/div>\n\n\n\n<div class=\"wp-block-uagb-container uagb-block-11c2578b\">\n<div class=\"wp-block-uagb-image uagb-block-6e8883aa wp-block-uagb-image--layout-default wp-block-uagb-image--effect-static wp-block-uagb-image--align-none\"><figure class=\"wp-block-uagb-image__figure\"><a class=\"\" href=\"https:\/\/led.amasly.com\/pt\/products\/\" target=\"\" rel=\"noopener\"><img decoding=\"async\" srcset=\"https:\/\/led.amasly.com\/wp-content\/uploads\/2024\/09\/LED-Explosion-Proof-Gas-Station-Light.png ,https:\/\/led.amasly.com\/wp-content\/uploads\/2024\/09\/LED-Explosion-Proof-Gas-Station-Light.png 780w, https:\/\/led.amasly.com\/wp-content\/uploads\/2024\/09\/LED-Explosion-Proof-Gas-Station-Light.png 360w\" sizes=\"auto, (max-width: 480px) 150px\" src=\"https:\/\/led.amasly.com\/wp-content\/uploads\/2024\/09\/LED-Explosion-Proof-Gas-Station-Light.png\" alt=\"\" class=\"uag-image-1501\" width=\"300\" height=\"300\" title=\"Luz LED para esta\u00e7\u00e3o de servi\u00e7o \u00e0 prova de explos\u00e3o\" loading=\"lazy\" role=\"img\"><\/a><\/figure><\/div>\n<\/div>\n<\/div><\/div>\n\n\n\n<div class=\"wp-block-uagb-container uagb-block-548945b5 alignfull uagb-is-root-container\"><div class=\"uagb-container-inner-blocks-wrap\">\n<div class=\"wp-block-uagb-container uagb-block-967755d5\">\n<h4 class=\"wp-block-heading has-text-align-center\"><a href=\"https:\/\/led.amasly.com\/pt\/products\/\">Luzes LED \u00e0 prova de explos\u00e3o<\/a><\/h4>\n<\/div>\n\n\n\n<div class=\"wp-block-uagb-container uagb-block-9bc52fc2\">\n<h4 class=\"wp-block-heading has-text-align-center\"><a href=\"https:\/\/led.amasly.com\/pt\/products\/\">Luzes LED Tri-Proof<\/a><\/h4>\n<\/div>\n\n\n\n<div class=\"wp-block-uagb-container uagb-block-8ffa0a23\">\n<h4 class=\"wp-block-heading has-text-align-center\"><a href=\"https:\/\/led.amasly.com\/pt\/products\/\">Luzes para postos de gasolina \u00e0 prova de explos\u00e3o<\/a><\/h4>\n<\/div>\n<\/div><\/div>\n\n\n\n<div class=\"wp-block-uagb-container uagb-block-29499fe0 alignfull uagb-is-root-container\"><div class=\"uagb-container-inner-blocks-wrap\">\n<div class=\"wp-block-uagb-container uagb-block-777ee1c7\">\n<div class=\"wp-block-uagb-image uagb-block-2e9a1851 wp-block-uagb-image--layout-default wp-block-uagb-image--effect-static wp-block-uagb-image--align-none\"><figure class=\"wp-block-uagb-image__figure\"><a class=\"\" href=\"https:\/\/led.amasly.com\/pt\/products\/\" target=\"\" rel=\"noopener\"><img decoding=\"async\" srcset=\"https:\/\/led.amasly.com\/wp-content\/uploads\/2024\/10\/50W-100W-150W-200W-300W-LED-Flood-Light.jpg ,https:\/\/led.amasly.com\/wp-content\/uploads\/2024\/10\/50W-100W-150W-200W-300W-LED-Flood-Light.jpg 780w, https:\/\/led.amasly.com\/wp-content\/uploads\/2024\/10\/50W-100W-150W-200W-300W-LED-Flood-Light.jpg 360w\" sizes=\"auto, (max-width: 480px) 150px\" src=\"https:\/\/led.amasly.com\/wp-content\/uploads\/2024\/10\/50W-100W-150W-200W-300W-LED-Flood-Light.jpg\" alt=\"\" class=\"uag-image-1526\" width=\"300\" height=\"300\" title=\"Holofote LED 50W 100W 150W 200W 300W\" loading=\"lazy\" role=\"img\"><\/a><\/figure><\/div>\n<\/div>\n\n\n\n<div class=\"wp-block-uagb-container uagb-block-af8c8683\">\n<div class=\"wp-block-uagb-image uagb-block-67947854 wp-block-uagb-image--layout-default wp-block-uagb-image--effect-static wp-block-uagb-image--align-none\"><figure class=\"wp-block-uagb-image__figure\"><a class=\"\" href=\"https:\/\/led.amasly.com\/pt\/products\/\" target=\"\" rel=\"noopener\"><img decoding=\"async\" srcset=\"https:\/\/led.amasly.com\/wp-content\/uploads\/2024\/07\/led-tri-proof-light.png ,https:\/\/led.amasly.com\/wp-content\/uploads\/2024\/07\/led-tri-proof-light.png 780w, https:\/\/led.amasly.com\/wp-content\/uploads\/2024\/07\/led-tri-proof-light.png 360w\" sizes=\"auto, (max-width: 480px) 150px\" src=\"https:\/\/led.amasly.com\/wp-content\/uploads\/2024\/07\/led-tri-proof-light.png\" alt=\"\" class=\"uag-image-1130\" width=\"300\" height=\"300\" title=\"luz led-tri-proof\" loading=\"lazy\" role=\"img\"><\/a><\/figure><\/div>\n<\/div>\n\n\n\n<div class=\"wp-block-uagb-container uagb-block-0fdfdd58\">\n<div class=\"wp-block-uagb-image uagb-block-1187d32d wp-block-uagb-image--layout-default wp-block-uagb-image--effect-static wp-block-uagb-image--align-none\"><figure class=\"wp-block-uagb-image__figure\"><a class=\"\" href=\"https:\/\/led.amasly.com\/pt\/products\/\" target=\"\" rel=\"noopener\"><img decoding=\"async\" srcset=\"https:\/\/led.amasly.com\/wp-content\/uploads\/2024\/07\/LED-street-light.jpg ,https:\/\/led.amasly.com\/wp-content\/uploads\/2024\/07\/LED-street-light.jpg 780w, https:\/\/led.amasly.com\/wp-content\/uploads\/2024\/07\/LED-street-light.jpg 360w\" sizes=\"auto, (max-width: 480px) 150px\" src=\"https:\/\/led.amasly.com\/wp-content\/uploads\/2024\/07\/LED-street-light.jpg\" alt=\"\" class=\"uag-image-1145\" width=\"300\" height=\"300\" title=\"Luz de rua LED\" loading=\"lazy\" role=\"img\"><\/a><\/figure><\/div>\n<\/div>\n<\/div><\/div>\n\n\n\n<div class=\"wp-block-uagb-container uagb-block-6a60882c alignfull uagb-is-root-container\"><div class=\"uagb-container-inner-blocks-wrap\">\n<div class=\"wp-block-uagb-container uagb-block-f1e91a35\">\n<h4 class=\"wp-block-heading has-text-align-center\"><a href=\"https:\/\/led.amasly.com\/pt\/products\/\">Luzes de inunda\u00e7\u00e3o LED<\/a><\/h4>\n<\/div>\n\n\n\n<div class=\"wp-block-uagb-container uagb-block-165bfa58\">\n<h4 class=\"wp-block-heading has-text-align-center\"><a href=\"https:\/\/led.amasly.com\/pt\/products\/\">Tubos de luz LED \u00e0 prova de tripla prote\u00e7\u00e3o<\/a><\/h4>\n<\/div>\n\n\n\n<div class=\"wp-block-uagb-container uagb-block-f6096e3b\">\n<h4 class=\"wp-block-heading has-text-align-center\"><a href=\"https:\/\/led.amasly.com\/pt\/products\/\">Luzes de rua LED<\/a><\/h4>\n<\/div>\n<\/div><\/div>\n\n\n\n<div class=\"wp-block-uagb-container uagb-block-99c0e0a5 alignfull uagb-is-root-container\"><div class=\"uagb-container-inner-blocks-wrap\"><\/div><\/div>\n\n\n\n<p><\/p>","protected":false},"excerpt":{"rendered":"<p>Don&#8217;t Underestimate Construction Site Street Lights! Choose Right, Use Right, and Speed Up Your Project In various construction projects\u2014from urban road renovations to suburban factory construction\u2014lighting remains a critical factor affecting project progress. Due to limited daytime working hours and tight schedules, nighttime construction has become routine for many projects. As the \u201ckey lighting equipment\u201d [&hellip;]<\/p>\n","protected":false},"author":1,"featured_media":0,"parent":4122,"menu_order":0,"comment_status":"closed","ping_status":"closed","template":"","meta":{"_uag_custom_page_level_css":"","site-sidebar-layout":"no-sidebar","site-content-layout":"","ast-site-content-layout":"default","site-content-style":"default","site-sidebar-style":"default","ast-global-header-display":"","ast-banner-title-visibility":"","ast-main-header-display":"","ast-hfb-above-header-display":"","ast-hfb-below-header-display":"","ast-hfb-mobile-header-display":"","site-post-title":"disabled","ast-breadcrumbs-content":"","ast-featured-img":"","footer-sml-layout":"","ast-disable-related-posts":"","theme-transparent-header-meta":"enabled","adv-header-id-meta":"","stick-header-meta":"","header-above-stick-meta":"","header-main-stick-meta":"","header-below-stick-meta":"","astra-migrate-meta-layouts":"set","ast-page-background-enabled":"default","ast-page-background-meta":{"desktop":{"background-color":"var(--ast-global-color-4)","background-image":"","background-repeat":"repeat","background-position":"center center","background-size":"auto","background-attachment":"scroll","background-type":"","background-media":"","overlay-type":"","overlay-color":"","overlay-opacity":"","overlay-gradient":""},"tablet":{"background-color":"","background-image":"","background-repeat":"repeat","background-position":"center center","background-size":"auto","background-attachment":"scroll","background-type":"","background-media":"","overlay-type":"","overlay-color":"","overlay-opacity":"","overlay-gradient":""},"mobile":{"background-color":"","background-image":"","background-repeat":"repeat","background-position":"center center","background-size":"auto","background-attachment":"scroll","background-type":"","background-media":"","overlay-type":"","overlay-color":"","overlay-opacity":"","overlay-gradient":""}},"ast-content-background-meta":{"desktop":{"background-color":"var(--ast-global-color-5)","background-image":"","background-repeat":"repeat","background-position":"center center","background-size":"auto","background-attachment":"scroll","background-type":"","background-media":"","overlay-type":"","overlay-color":"","overlay-opacity":"","overlay-gradient":""},"tablet":{"background-color":"var(--ast-global-color-5)","background-image":"","background-repeat":"repeat","background-position":"center center","background-size":"auto","background-attachment":"scroll","background-type":"","background-media":"","overlay-type":"","overlay-color":"","overlay-opacity":"","overlay-gradient":""},"mobile":{"background-color":"var(--ast-global-color-5)","background-image":"","background-repeat":"repeat","background-position":"center center","background-size":"auto","background-attachment":"scroll","background-type":"","background-media":"","overlay-type":"","overlay-color":"","overlay-opacity":"","overlay-gradient":""}},"footnotes":""},"class_list":["post-4421","page","type-page","status-publish","hentry"],"uagb_featured_image_src":{"full":false,"thumbnail":false,"medium":false,"medium_large":false,"large":false,"1536x1536":false,"2048x2048":false,"trp-custom-language-flag":false},"uagb_author_info":{"display_name":"Joe","author_link":"https:\/\/led.amasly.com\/pt\/author\/jacklin\/"},"uagb_comment_info":0,"uagb_excerpt":"Don&#8217;t Underestimate Construction Site Street Lights! Choose Right, Use Right, and Speed Up Your Project In various construction projects\u2014from urban road renovations to suburban factory construction\u2014lighting remains a critical factor affecting project progress. Due to limited daytime working hours and tight schedules, nighttime construction has become routine for many projects. As the \u201ckey lighting equipment\u201d&hellip;","_links":{"self":[{"href":"https:\/\/led.amasly.com\/pt\/wp-json\/wp\/v2\/pages\/4421","targetHints":{"allow":["GET"]}}],"collection":[{"href":"https:\/\/led.amasly.com\/pt\/wp-json\/wp\/v2\/pages"}],"about":[{"href":"https:\/\/led.amasly.com\/pt\/wp-json\/wp\/v2\/types\/page"}],"author":[{"embeddable":true,"href":"https:\/\/led.amasly.com\/pt\/wp-json\/wp\/v2\/users\/1"}],"replies":[{"embeddable":true,"href":"https:\/\/led.amasly.com\/pt\/wp-json\/wp\/v2\/comments?post=4421"}],"version-history":[{"count":2,"href":"https:\/\/led.amasly.com\/pt\/wp-json\/wp\/v2\/pages\/4421\/revisions"}],"predecessor-version":[{"id":4705,"href":"https:\/\/led.amasly.com\/pt\/wp-json\/wp\/v2\/pages\/4421\/revisions\/4705"}],"up":[{"embeddable":true,"href":"https:\/\/led.amasly.com\/pt\/wp-json\/wp\/v2\/pages\/4122"}],"wp:attachment":[{"href":"https:\/\/led.amasly.com\/pt\/wp-json\/wp\/v2\/media?parent=4421"}],"curies":[{"name":"wp","href":"https:\/\/api.w.org\/{rel}","templated":true}]}}