{"id":4388,"date":"2025-12-21T13:21:32","date_gmt":"2025-12-21T05:21:32","guid":{"rendered":"https:\/\/led.amasly.com\/?page_id=4388"},"modified":"2026-01-24T21:33:11","modified_gmt":"2026-01-24T13:33:11","slug":"why-are-floodlights-the-top-choice-for-nighttime-lighting","status":"publish","type":"page","link":"https:\/\/led.amasly.com\/pt\/knowledge\/outdoor-light-knowledge\/why-are-floodlights-the-top-choice-for-nighttime-lighting\/","title":{"rendered":"Porque \u00e9 que os projectores s\u00e3o a melhor escolha para ilumina\u00e7\u00e3o nocturna?"},"content":{"rendered":"<div class=\"wp-block-uagb-container uagb-block-27bae773 alignfull uagb-is-root-container\"><div class=\"uagb-container-inner-blocks-wrap\"><\/div><\/div>\n\n\n\n<h1 class=\"wp-block-heading has-text-align-center\"><strong>Porque \u00e9 que os projectores s\u00e3o a melhor escolha para ilumina\u00e7\u00e3o nocturna? Proporcionam um brilho amplo, s\u00e3o dur\u00e1veis e f\u00e1ceis de instalar - satisfazendo as necessidades de tr\u00eas cen\u00e1rios principais.<\/strong><strong><\/strong><\/h1>\n\n\n\n<h2 class=\"wp-block-heading\">Projectores Instroduce<\/h2>\n\n\n\n<p>Na vida quotidiana e no trabalho, muitas pessoas enfrentam desafios com a ilumina\u00e7\u00e3o nocturna: dificuldade em ver claramente enquanto arrumam a desarruma\u00e7\u00e3o no quintal \u00e0 noite, redu\u00e7\u00e3o do tr\u00e1fego pedonal nas montras das lojas devido \u00e0 fraca ilumina\u00e7\u00e3o ou problemas de efici\u00eancia e seguran\u00e7a durante projectos de constru\u00e7\u00e3o noturnos causados por ilumina\u00e7\u00e3o inadequada. De facto, um projetor bem adaptado pode fazer uma diferen\u00e7a significativa na resolu\u00e7\u00e3o destes problemas. Sendo a principal escolha atual para ilumina\u00e7\u00e3o nocturna, que vantagens oferecem os projectores que os tornam a op\u00e7\u00e3o preferida para tantos cen\u00e1rios? Hoje, vamos aprofundar os detalhes para o ajudar a compreender porque \u00e9 que os projectores se tornaram a \u201cprincipal for\u00e7a na ilumina\u00e7\u00e3o nocturna\u201d.\u201d<\/p>\n\n\n\n<figure class=\"wp-block-image aligncenter size-full\"><img decoding=\"async\" width=\"300\" height=\"300\" src=\"https:\/\/led.amasly.com\/wp-content\/uploads\/2025\/12\/LED-flood-ight.jpg\" alt=\"floodlights\" class=\"wp-image-4383\" title=\"\" srcset=\"https:\/\/led.amasly.com\/wp-content\/uploads\/2025\/12\/LED-flood-ight.jpg 300w, https:\/\/led.amasly.com\/wp-content\/uploads\/2025\/12\/LED-flood-ight-150x150.jpg 150w, https:\/\/led.amasly.com\/wp-content\/uploads\/2025\/12\/LED-flood-ight-12x12.jpg 12w\" sizes=\"(max-width: 300px) 100vw, 300px\" \/><\/figure>\n\n\n\n<p>Em termos de desempenho de ilumina\u00e7\u00e3o, os projectores oferecem vantagens distintas em termos de brilho e cobertura. Ao contr\u00e1rio das l\u00e2mpadas comuns que apenas iluminam pequenas \u00e1reas, os projectores concentram os feixes de luz para cobrir espa\u00e7os muito mais amplos. Para uso residencial, um projetor com apenas algumas dezenas de watts pode facilmente iluminar um pequeno p\u00e1tio inteiro, permitindo uma visibilidade clara para regar plantas ou pendurar roupa \u00e0 noite. Para necessidades de ilumina\u00e7\u00e3o em grande escala, como estaleiros de constru\u00e7\u00e3o ou pra\u00e7as, os projectores de alta pot\u00eancia destacam-se ainda mais. Centenas de watts podem atingir uma luminosidade pr\u00f3xima da luz do dia, permitindo opera\u00e7\u00f5es e actividades suaves em ambientes de escurid\u00e3o total e eliminando a necessidade de \u201ctrabalhar no escuro\u201d.\u201d<\/p>\n\n\n\n<p>Em termos de durabilidade, os projectores tamb\u00e9m satisfazem as exig\u00eancias de ambientes exteriores complexos. Uma vez que os projectores s\u00e3o normalmente instalados no exterior, suportando uma exposi\u00e7\u00e3o prolongada ao vento, \u00e0 chuva e \u00e0 luz solar, a durabilidade \u00e9 fundamental. Os projectores de alta qualidade apresentam designs profissionais \u00e0 prova de \u00e1gua, garantindo que os componentes internos permanecem protegidos mesmo durante chuva intensa ou ventos fortes. As suas caixas s\u00e3o frequentemente constru\u00eddas com materiais resistentes a impactos e a riscos, minimizando os danos provocados por choques acidentais ou fric\u00e7\u00e3o durante a utiliza\u00e7\u00e3o di\u00e1ria. Muitos utilizadores referem que um projetor bem fabricado pode funcionar de forma fi\u00e1vel durante tr\u00eas a cinco anos sem avarias, eliminando a necessidade de substitui\u00e7\u00f5es frequentes - poupando trabalho e dinheiro.<\/p>\n\n\n\n<p>Al\u00e9m disso, a facilidade de instala\u00e7\u00e3o e funcionamento reduz a barreira do utilizador. Quer seja montado em paredes ou postes, ou colocado temporariamente no ch\u00e3o, a configura\u00e7\u00e3o requer apenas alguns passos simples. N\u00e3o \u00e9 necess\u00e1ria uma instala\u00e7\u00e3o profissional - os utilizadores podem faz\u00ea-lo sozinhos. Com os avan\u00e7os tecnol\u00f3gicos, muitos projectores incorporam agora carater\u00edsticas pr\u00e1ticas como controlo remoto e temporizadores. Pode ligar ou desligar as luzes a partir de casa com um controlo remoto, eliminando a necessidade de sair \u00e0 noite. Preocupado por se esquecer de desligar as luzes e desperdi\u00e7ar eletricidade? Basta definir um temporizador com anteced\u00eancia e as luzes desligar-se-\u00e3o automaticamente \u00e0 hora marcada, aumentando ainda mais a comodidade.<\/p>\n\n\n\n<p class=\"has-text-align-left\">Em geral, quer se trate de ilumina\u00e7\u00e3o residencial, ilumina\u00e7\u00e3o comercial ou necessidades de estaleiros de constru\u00e7\u00e3o, os projectores resolvem eficazmente os desafios de ilumina\u00e7\u00e3o nocturna com o seu elevado brilho, durabilidade e funcionamento f\u00e1cil de utilizar. Os nossos produtos de projectores v\u00e3o desde modelos dom\u00e9sticos de baixa pot\u00eancia a solu\u00e7\u00f5es de engenharia de alta pot\u00eancia, satisfazendo diversos cen\u00e1rios de ilumina\u00e7\u00e3o e oferecendo servi\u00e7os de instala\u00e7\u00e3o no local. Para quaisquer quest\u00f5es relativas \u00e0 sele\u00e7\u00e3o ou utiliza\u00e7\u00e3o de projectores, n\u00e3o hesite em consultar-nos em qualquer altura - deixe que a ilumina\u00e7\u00e3o nocturna deixe de ser uma preocupa\u00e7\u00e3o.<\/p>\n\n\n\n<p class=\"has-text-align-left\">Padr\u00e3o: <a href=\"http:\/\/www.iec.com\" rel=\"nofollow noopener\" target=\"_blank\">IEC60598<\/a><\/p>\n\n\n\n<div class=\"wp-block-uagb-container uagb-block-c7d898dd alignfull uagb-is-root-container\"><div class=\"uagb-container-inner-blocks-wrap\"><\/div><\/div>\n\n\n\n<h2 class=\"wp-block-heading\">Produtos relacionados<\/h2>\n\n\n\n<div class=\"wp-block-uagb-container uagb-block-66e4defc alignfull uagb-is-root-container\"><div class=\"uagb-container-inner-blocks-wrap\">\n<div class=\"wp-block-uagb-container uagb-block-a42945f9\">\n<div class=\"wp-block-uagb-image uagb-block-7296296b wp-block-uagb-image--layout-default wp-block-uagb-image--effect-static wp-block-uagb-image--align-none\"><figure class=\"wp-block-uagb-image__figure\"><a class=\"\" href=\"https:\/\/led.amasly.com\/pt\/products\/\" target=\"\" rel=\"noopener\"><img decoding=\"async\" srcset=\"https:\/\/led.amasly.com\/wp-content\/uploads\/2024\/09\/Explosion-proof-high-bay-lights.png ,https:\/\/led.amasly.com\/wp-content\/uploads\/2024\/09\/Explosion-proof-high-bay-lights.png 780w, https:\/\/led.amasly.com\/wp-content\/uploads\/2024\/09\/Explosion-proof-high-bay-lights.png 360w\" sizes=\"auto, (max-width: 480px) 150px\" src=\"https:\/\/led.amasly.com\/wp-content\/uploads\/2024\/09\/Explosion-proof-high-bay-lights.png\" alt=\"\" class=\"uag-image-1495\" width=\"300\" height=\"300\" title=\"Luzes de ba\u00eda alta \u00e0 prova de explos\u00e3o\" loading=\"lazy\" role=\"img\"><\/a><\/figure><\/div>\n<\/div>\n\n\n\n<div class=\"wp-block-uagb-container uagb-block-4d3efde5\">\n<div class=\"wp-block-uagb-image uagb-block-c9e90797 wp-block-uagb-image--layout-default wp-block-uagb-image--effect-static wp-block-uagb-image--align-none\"><figure class=\"wp-block-uagb-image__figure\"><a class=\"\" href=\"https:\/\/led.amasly.com\/pt\/products\/\" target=\"\" rel=\"noopener\"><img decoding=\"async\" srcset=\"https:\/\/led.amasly.com\/wp-content\/uploads\/2024\/07\/LED-tri-proof-lights2.png ,https:\/\/led.amasly.com\/wp-content\/uploads\/2024\/07\/LED-tri-proof-lights2.png 780w, https:\/\/led.amasly.com\/wp-content\/uploads\/2024\/07\/LED-tri-proof-lights2.png 360w\" sizes=\"auto, (max-width: 480px) 150px\" src=\"https:\/\/led.amasly.com\/wp-content\/uploads\/2024\/07\/LED-tri-proof-lights2.png\" alt=\"\" class=\"uag-image-1132\" width=\"300\" height=\"300\" title=\"Luzes LED \u00e0 prova de tripla prote\u00e7\u00e3o2\" loading=\"lazy\" role=\"img\"><\/a><\/figure><\/div>\n<\/div>\n\n\n\n<div class=\"wp-block-uagb-container uagb-block-11c2578b\">\n<div class=\"wp-block-uagb-image uagb-block-6e8883aa wp-block-uagb-image--layout-default wp-block-uagb-image--effect-static wp-block-uagb-image--align-none\"><figure class=\"wp-block-uagb-image__figure\"><a class=\"\" href=\"https:\/\/led.amasly.com\/pt\/products\/\" target=\"\" rel=\"noopener\"><img decoding=\"async\" srcset=\"https:\/\/led.amasly.com\/wp-content\/uploads\/2024\/09\/LED-Explosion-Proof-Gas-Station-Light.png ,https:\/\/led.amasly.com\/wp-content\/uploads\/2024\/09\/LED-Explosion-Proof-Gas-Station-Light.png 780w, https:\/\/led.amasly.com\/wp-content\/uploads\/2024\/09\/LED-Explosion-Proof-Gas-Station-Light.png 360w\" sizes=\"auto, (max-width: 480px) 150px\" src=\"https:\/\/led.amasly.com\/wp-content\/uploads\/2024\/09\/LED-Explosion-Proof-Gas-Station-Light.png\" alt=\"\" class=\"uag-image-1501\" width=\"300\" height=\"300\" title=\"Luz LED para esta\u00e7\u00e3o de servi\u00e7o \u00e0 prova de explos\u00e3o\" loading=\"lazy\" role=\"img\"><\/a><\/figure><\/div>\n<\/div>\n<\/div><\/div>\n\n\n\n<div class=\"wp-block-uagb-container uagb-block-548945b5 alignfull uagb-is-root-container\"><div class=\"uagb-container-inner-blocks-wrap\">\n<div class=\"wp-block-uagb-container uagb-block-967755d5\">\n<h4 class=\"wp-block-heading has-text-align-center\"><a href=\"https:\/\/led.amasly.com\/pt\/products\/\">Luzes LED \u00e0 prova de explos\u00e3o<\/a><\/h4>\n<\/div>\n\n\n\n<div class=\"wp-block-uagb-container uagb-block-9bc52fc2\">\n<h4 class=\"wp-block-heading has-text-align-center\"><a href=\"https:\/\/led.amasly.com\/pt\/products\/\">Luzes LED Tri-Proof<\/a><\/h4>\n<\/div>\n\n\n\n<div class=\"wp-block-uagb-container uagb-block-8ffa0a23\">\n<h4 class=\"wp-block-heading has-text-align-center\"><a href=\"https:\/\/led.amasly.com\/pt\/products\/\">Luzes para postos de gasolina \u00e0 prova de explos\u00e3o<\/a><\/h4>\n<\/div>\n<\/div><\/div>\n\n\n\n<div class=\"wp-block-uagb-container uagb-block-29499fe0 alignfull uagb-is-root-container\"><div class=\"uagb-container-inner-blocks-wrap\">\n<div class=\"wp-block-uagb-container uagb-block-777ee1c7\">\n<div class=\"wp-block-uagb-image uagb-block-2e9a1851 wp-block-uagb-image--layout-default wp-block-uagb-image--effect-static wp-block-uagb-image--align-none\"><figure class=\"wp-block-uagb-image__figure\"><a class=\"\" href=\"https:\/\/led.amasly.com\/pt\/products\/\" target=\"\" rel=\"noopener\"><img decoding=\"async\" srcset=\"https:\/\/led.amasly.com\/wp-content\/uploads\/2024\/10\/50W-100W-150W-200W-300W-LED-Flood-Light.jpg ,https:\/\/led.amasly.com\/wp-content\/uploads\/2024\/10\/50W-100W-150W-200W-300W-LED-Flood-Light.jpg 780w, https:\/\/led.amasly.com\/wp-content\/uploads\/2024\/10\/50W-100W-150W-200W-300W-LED-Flood-Light.jpg 360w\" sizes=\"auto, (max-width: 480px) 150px\" src=\"https:\/\/led.amasly.com\/wp-content\/uploads\/2024\/10\/50W-100W-150W-200W-300W-LED-Flood-Light.jpg\" alt=\"\" class=\"uag-image-1526\" width=\"300\" height=\"300\" title=\"Holofote LED 50W 100W 150W 200W 300W\" loading=\"lazy\" role=\"img\"><\/a><\/figure><\/div>\n<\/div>\n\n\n\n<div class=\"wp-block-uagb-container uagb-block-af8c8683\">\n<div class=\"wp-block-uagb-image uagb-block-67947854 wp-block-uagb-image--layout-default wp-block-uagb-image--effect-static wp-block-uagb-image--align-none\"><figure class=\"wp-block-uagb-image__figure\"><a class=\"\" href=\"https:\/\/led.amasly.com\/pt\/products\/\" target=\"\" rel=\"noopener\"><img decoding=\"async\" srcset=\"https:\/\/led.amasly.com\/wp-content\/uploads\/2024\/07\/led-tri-proof-light.png ,https:\/\/led.amasly.com\/wp-content\/uploads\/2024\/07\/led-tri-proof-light.png 780w, https:\/\/led.amasly.com\/wp-content\/uploads\/2024\/07\/led-tri-proof-light.png 360w\" sizes=\"auto, (max-width: 480px) 150px\" src=\"https:\/\/led.amasly.com\/wp-content\/uploads\/2024\/07\/led-tri-proof-light.png\" alt=\"\" class=\"uag-image-1130\" width=\"300\" height=\"300\" title=\"luz led-tri-proof\" loading=\"lazy\" role=\"img\"><\/a><\/figure><\/div>\n<\/div>\n\n\n\n<div class=\"wp-block-uagb-container uagb-block-0fdfdd58\">\n<div class=\"wp-block-uagb-image uagb-block-1187d32d wp-block-uagb-image--layout-default wp-block-uagb-image--effect-static wp-block-uagb-image--align-none\"><figure class=\"wp-block-uagb-image__figure\"><a class=\"\" href=\"https:\/\/led.amasly.com\/pt\/products\/\" target=\"\" rel=\"noopener\"><img decoding=\"async\" srcset=\"https:\/\/led.amasly.com\/wp-content\/uploads\/2024\/07\/LED-street-light.jpg ,https:\/\/led.amasly.com\/wp-content\/uploads\/2024\/07\/LED-street-light.jpg 780w, https:\/\/led.amasly.com\/wp-content\/uploads\/2024\/07\/LED-street-light.jpg 360w\" sizes=\"auto, (max-width: 480px) 150px\" src=\"https:\/\/led.amasly.com\/wp-content\/uploads\/2024\/07\/LED-street-light.jpg\" alt=\"\" class=\"uag-image-1145\" width=\"300\" height=\"300\" title=\"Luz de rua LED\" loading=\"lazy\" role=\"img\"><\/a><\/figure><\/div>\n<\/div>\n<\/div><\/div>\n\n\n\n<div class=\"wp-block-uagb-container uagb-block-6a60882c alignfull uagb-is-root-container\"><div class=\"uagb-container-inner-blocks-wrap\">\n<div class=\"wp-block-uagb-container uagb-block-f1e91a35\">\n<h4 class=\"wp-block-heading has-text-align-center\"><a href=\"https:\/\/led.amasly.com\/pt\/products\/\">Luzes de inunda\u00e7\u00e3o LED<\/a><\/h4>\n<\/div>\n\n\n\n<div class=\"wp-block-uagb-container uagb-block-165bfa58\">\n<h4 class=\"wp-block-heading has-text-align-center\"><a href=\"https:\/\/led.amasly.com\/pt\/products\/\">Tubos de luz LED \u00e0 prova de tripla prote\u00e7\u00e3o<\/a><\/h4>\n<\/div>\n\n\n\n<div class=\"wp-block-uagb-container uagb-block-f6096e3b\">\n<h4 class=\"wp-block-heading has-text-align-center\"><a href=\"https:\/\/led.amasly.com\/pt\/products\/\">Luzes de rua LED<\/a><\/h4>\n<\/div>\n<\/div><\/div>\n\n\n\n<div class=\"wp-block-uagb-container uagb-block-99c0e0a5 alignfull uagb-is-root-container\"><div class=\"uagb-container-inner-blocks-wrap\"><\/div><\/div>\n\n\n\n<p><\/p>","protected":false},"excerpt":{"rendered":"<p>Why are floodlights the top choice for nighttime lighting? They deliver ample brightness, are durable, and easy to install\u2014meeting the needs of three key scenarios. Floodlights Instroduce In daily life and work, many people face challenges with nighttime lighting: struggling to see clearly while tidying up clutter in their backyard at night, experiencing reduced foot [&hellip;]<\/p>\n","protected":false},"author":1,"featured_media":0,"parent":4122,"menu_order":0,"comment_status":"closed","ping_status":"closed","template":"","meta":{"_uag_custom_page_level_css":"","site-sidebar-layout":"no-sidebar","site-content-layout":"","ast-site-content-layout":"default","site-content-style":"default","site-sidebar-style":"default","ast-global-header-display":"","ast-banner-title-visibility":"","ast-main-header-display":"","ast-hfb-above-header-display":"","ast-hfb-below-header-display":"","ast-hfb-mobile-header-display":"","site-post-title":"disabled","ast-breadcrumbs-content":"","ast-featured-img":"","footer-sml-layout":"","ast-disable-related-posts":"","theme-transparent-header-meta":"enabled","adv-header-id-meta":"","stick-header-meta":"","header-above-stick-meta":"","header-main-stick-meta":"","header-below-stick-meta":"","astra-migrate-meta-layouts":"set","ast-page-background-enabled":"default","ast-page-background-meta":{"desktop":{"background-color":"var(--ast-global-color-4)","background-image":"","background-repeat":"repeat","background-position":"center center","background-size":"auto","background-attachment":"scroll","background-type":"","background-media":"","overlay-type":"","overlay-color":"","overlay-opacity":"","overlay-gradient":""},"tablet":{"background-color":"","background-image":"","background-repeat":"repeat","background-position":"center center","background-size":"auto","background-attachment":"scroll","background-type":"","background-media":"","overlay-type":"","overlay-color":"","overlay-opacity":"","overlay-gradient":""},"mobile":{"background-color":"","background-image":"","background-repeat":"repeat","background-position":"center center","background-size":"auto","background-attachment":"scroll","background-type":"","background-media":"","overlay-type":"","overlay-color":"","overlay-opacity":"","overlay-gradient":""}},"ast-content-background-meta":{"desktop":{"background-color":"var(--ast-global-color-5)","background-image":"","background-repeat":"repeat","background-position":"center center","background-size":"auto","background-attachment":"scroll","background-type":"","background-media":"","overlay-type":"","overlay-color":"","overlay-opacity":"","overlay-gradient":""},"tablet":{"background-color":"var(--ast-global-color-5)","background-image":"","background-repeat":"repeat","background-position":"center center","background-size":"auto","background-attachment":"scroll","background-type":"","background-media":"","overlay-type":"","overlay-color":"","overlay-opacity":"","overlay-gradient":""},"mobile":{"background-color":"var(--ast-global-color-5)","background-image":"","background-repeat":"repeat","background-position":"center center","background-size":"auto","background-attachment":"scroll","background-type":"","background-media":"","overlay-type":"","overlay-color":"","overlay-opacity":"","overlay-gradient":""}},"footnotes":""},"class_list":["post-4388","page","type-page","status-publish","hentry"],"uagb_featured_image_src":{"full":false,"thumbnail":false,"medium":false,"medium_large":false,"large":false,"1536x1536":false,"2048x2048":false,"trp-custom-language-flag":false},"uagb_author_info":{"display_name":"Joe","author_link":"https:\/\/led.amasly.com\/pt\/author\/jacklin\/"},"uagb_comment_info":0,"uagb_excerpt":"Why are floodlights the top choice for nighttime lighting? They deliver ample brightness, are durable, and easy to install\u2014meeting the needs of three key scenarios. Floodlights Instroduce In daily life and work, many people face challenges with nighttime lighting: struggling to see clearly while tidying up clutter in their backyard at night, experiencing reduced foot&hellip;","_links":{"self":[{"href":"https:\/\/led.amasly.com\/pt\/wp-json\/wp\/v2\/pages\/4388","targetHints":{"allow":["GET"]}}],"collection":[{"href":"https:\/\/led.amasly.com\/pt\/wp-json\/wp\/v2\/pages"}],"about":[{"href":"https:\/\/led.amasly.com\/pt\/wp-json\/wp\/v2\/types\/page"}],"author":[{"embeddable":true,"href":"https:\/\/led.amasly.com\/pt\/wp-json\/wp\/v2\/users\/1"}],"replies":[{"embeddable":true,"href":"https:\/\/led.amasly.com\/pt\/wp-json\/wp\/v2\/comments?post=4388"}],"version-history":[{"count":2,"href":"https:\/\/led.amasly.com\/pt\/wp-json\/wp\/v2\/pages\/4388\/revisions"}],"predecessor-version":[{"id":4719,"href":"https:\/\/led.amasly.com\/pt\/wp-json\/wp\/v2\/pages\/4388\/revisions\/4719"}],"up":[{"embeddable":true,"href":"https:\/\/led.amasly.com\/pt\/wp-json\/wp\/v2\/pages\/4122"}],"wp:attachment":[{"href":"https:\/\/led.amasly.com\/pt\/wp-json\/wp\/v2\/media?parent=4388"}],"curies":[{"name":"wp","href":"https:\/\/api.w.org\/{rel}","templated":true}]}}