{"id":4115,"date":"2025-07-05T18:05:39","date_gmt":"2025-07-05T10:05:39","guid":{"rendered":"https:\/\/led.amasly.com\/?page_id=4115"},"modified":"2026-01-22T14:17:14","modified_gmt":"2026-01-22T06:17:14","slug":"60-watt-vs-100-watt-lamps-whats-the-difference-and-which-is-better","status":"publish","type":"page","link":"https:\/\/led.amasly.com\/pt\/knowledge\/led-light-knowledge\/60-watt-vs-100-watt-lamps-whats-the-difference-and-which-is-better\/","title":{"rendered":"L\u00e2mpadas de 60 watts vs. 100 watts: qual \u00e9 a diferen\u00e7a e qual \u00e9 a melhor?"},"content":{"rendered":"<div class=\"wp-block-uagb-container uagb-block-27bae773 alignfull uagb-is-root-container\"><div class=\"uagb-container-inner-blocks-wrap\"><\/div><\/div>\n\n\n\n<h1 class=\"wp-block-heading has-text-align-center\"><strong>60<\/strong><strong>&nbsp;<\/strong><strong>watt vs. 100<\/strong><strong>&nbsp;<\/strong><strong>l\u00e2mpadas de watt: qual \u00e9 a diferen\u00e7a e qual \u00e9 a melhor?<\/strong><strong><\/strong><\/h1>\n\n\n\n<div class=\"wp-block-uagb-image uagb-block-da1360b5 wp-block-uagb-image--layout-default wp-block-uagb-image--effect-static wp-block-uagb-image--align-none\"><figure class=\"wp-block-uagb-image__figure\"><img decoding=\"async\" srcset=\"https:\/\/led.amasly.com\/wp-content\/uploads\/2025\/04\/UFO-high-bay-light.png ,https:\/\/led.amasly.com\/wp-content\/uploads\/2025\/04\/UFO-high-bay-light.png 780w, https:\/\/led.amasly.com\/wp-content\/uploads\/2025\/04\/UFO-high-bay-light.png 360w\" sizes=\"auto, (max-width: 480px) 150px\" src=\"https:\/\/led.amasly.com\/wp-content\/uploads\/2025\/04\/UFO-high-bay-light.png\" alt=\"High Bay\u00a0light price, 100 Watt Lamps\" class=\"uag-image-2947\" width=\"600\" height=\"348\" title=\"Luz de alto brilho OVNI\" loading=\"lazy\" role=\"img\"\/><\/figure><\/div>\n\n\n\n<p>Est\u00e1 a planear substituir as suas antigas l\u00e2mpadas de 60 watts por l\u00e2mpadas de 100 watts? Se est\u00e1 a planear substituir as suas antigas l\u00e2mpadas HID (como as fluorescentes, halog\u00e9neas, etc.) por LEDs equivalentes a 100 watts, ou se pretende simplesmente mudar para uma l\u00e2mpada de maior pot\u00eancia, deve ler este artigo.<\/p>\n\n\n\n<p>Neste artigo, vamos comparar as l\u00e2mpadas de 60 watts e de 100 watts para ver qual \u00e9 a melhor. Al\u00e9m disso, vamos dizer-lhe se \u00e9 vi\u00e1vel utilizar uma l\u00e2mpada de 100 watts numa lumin\u00e1ria de 60 watts. Continue a ler!<\/p>\n\n\n\n<figure class=\"wp-block-image aligncenter size-full\"><img decoding=\"async\" src=\"https:\/\/led.amasly.com\/wp-content\/uploads\/2025\/05\/high-bay-light.webp\" alt=\"\" class=\"wp-image-3954\" title=\"\"><\/figure>\n\n\n\n<h2 class=\"wp-block-heading\"><strong>L\u00e2mpadas de 60 vs. 100 watts: qual \u00e9 a diferen\u00e7a e qual \u00e9 a melhor?<\/strong><\/h2>\n\n\n\n<h3 class=\"wp-block-heading\"><strong>tamanhos<\/strong><strong><\/strong><\/h3>\n\n\n\n<p>Uma l\u00e2mpada de 60 watts \u00e9 mais pequena do que uma l\u00e2mpada de 100 watts. As l\u00e2mpadas de maior pot\u00eancia s\u00e3o normalmente maiores para dissipar o calor de forma mais eficiente. As l\u00e2mpadas que utilizamos no nosso quotidiano t\u00eam normalmente um modelo de casquilho uniforme para que sejam f\u00e1ceis de substituir.<\/p>\n\n\n\n<p>Por conseguinte, quanto mais potente for a l\u00e2mpada, maior ser\u00e1 normalmente o seu tamanho. Naturalmente, outros tipos de l\u00e2mpadas podem ser personalizados em termos de tamanho para satisfazer requisitos de aplica\u00e7\u00e3o espec\u00edficos ou prefer\u00eancias do cliente.<br><strong>&nbsp;Brilho<\/strong><strong><\/strong><\/p>\n\n\n\n<p>Antes de comparar o brilho de uma l\u00e2mpada de 60 watts e de uma l\u00e2mpada de 100 watts, temos de determinar primeiro se as duas l\u00e2mpadas s\u00e3o do mesmo tipo. Se forem do mesmo tipo, ent\u00e3o a l\u00e2mpada de 100 watts ser\u00e1 definitivamente mais brilhante do que a l\u00e2mpada de 60 watts.<\/p>\n\n\n\n<p>Se n\u00e3o forem o mesmo tipo de l\u00e2mpada, n\u00e3o podemos simplesmente dizer que quanto maior for a pot\u00eancia, mais brilhante ser\u00e1 a l\u00e2mpada. Isto porque, neste caso, n\u00e3o podemos medir o brilho apenas pela pot\u00eancia, mas sim pelo valor do l\u00famen, que representa o brilho da l\u00e2mpada tal como \u00e9 observado pelo olho humano. As l\u00e2mpadas de alta pot\u00eancia, mas ineficientes, apenas convertem parte da energia el\u00e9ctrica em energia luminosa, pelo que emitem valores de l\u00famen baixos.<\/p>\n\n\n\n<p>Assim, uma l\u00e2mpada de 60 watts pode ser mais brilhante do que uma l\u00e2mpada de 100 watts para diferentes tipos de l\u00e2mpadas. Por exemplo, uma l\u00e2mpada LED de 60 watts \u00e9 mais brilhante do que uma l\u00e2mpada de halog\u00e9neo de 100 watts porque as l\u00e2mpadas LED s\u00e3o 2-3 vezes mais eficientes do que as l\u00e2mpadas de halog\u00e9neo.<\/p>\n\n\n\n<figure class=\"wp-block-image aligncenter size-full\"><img decoding=\"async\" width=\"300\" height=\"300\" src=\"https:\/\/led.amasly.com\/wp-content\/uploads\/2025\/05\/Explosion-proof-high-bay-lights.png\" alt=\"\" class=\"wp-image-3948\" title=\"\" srcset=\"https:\/\/led.amasly.com\/wp-content\/uploads\/2025\/05\/Explosion-proof-high-bay-lights.png 300w, https:\/\/led.amasly.com\/wp-content\/uploads\/2025\/05\/Explosion-proof-high-bay-lights-150x150.png 150w, https:\/\/led.amasly.com\/wp-content\/uploads\/2025\/05\/Explosion-proof-high-bay-lights-12x12.png 12w\" sizes=\"(max-width: 300px) 100vw, 300px\" \/><\/figure>\n\n\n\n<h3 class=\"wp-block-heading\"><strong>resistivo<\/strong><strong><\/strong><\/h3>\n\n\n\n<p>Uma l\u00e2mpada de 60 watts \u00e9 mais fraca, o que significa que passa menos corrente atrav\u00e9s da l\u00e2mpada. Com a tens\u00e3o mantida constante, a corrente diminui \u00e0 medida que a resist\u00eancia aumenta. Portanto, a l\u00e2mpada de 60 watts tem uma resist\u00eancia maior. Podemos tamb\u00e9m analisar a sua resist\u00eancia com base na f\u00f3rmula R=V\u00b2\/P. Com a mesma tens\u00e3o, a l\u00e2mpada de 60 watts tem uma resist\u00eancia maior do que a l\u00e2mpada de 100 watts porque a resist\u00eancia aumenta com a diminui\u00e7\u00e3o da pot\u00eancia.<\/p>\n\n\n\n<h3 class=\"wp-block-heading\"><strong>desperd\u00edcio de energia<\/strong><strong><\/strong><\/h3>\n\n\n\n<p>As l\u00e2mpadas de maior pot\u00eancia consomem mais energia num determinado momento. Uma l\u00e2mpada de 60 watts consome 0,06 kWh de energia por hora, enquanto uma l\u00e2mpada de 100 watts consome 0,1 kWh de energia por hora.<\/p>\n\n\n\n<h3 class=\"wp-block-heading\"><strong>poder calor\u00edfico<\/strong><strong><\/strong><\/h3>\n\n\n\n<p>Uma l\u00e2mpada de 100 watts consome mais energia do que uma l\u00e2mpada de 60 watts, pelo que gera mais calor. Ao escolher uma l\u00e2mpada, deve considerar se a sua pot\u00eancia \u00e9 suficiente para o brilho de que necessita. N\u00e3o escolha l\u00e2mpadas com demasiada pot\u00eancia, pois estas tamb\u00e9m produzem demasiado calor.<\/p>\n\n\n\n<h2 class=\"wp-block-heading\"><strong>cen\u00e1rio de aplica\u00e7\u00e3o<\/strong><strong><\/strong><\/h2>\n\n\n\n<p>Diferentes tipos e pot\u00eancias de l\u00e2mpadas t\u00eam diferentes cen\u00e1rios de aplica\u00e7\u00e3o. Pode consultar o seguinte sobre cen\u00e1rios de aplica\u00e7\u00e3o de l\u00e2mpadas incandescentes, fluorescentes e LED de 60 watts e 100 watts.<\/p>\n\n\n\n<p>Luzes LED: 60 watts para \u00e1reas exteriores, como p\u00e1tios; l\u00e2mpadas de 100 watts para ilumina\u00e7\u00e3o p\u00fablica<br>\u00a0Incandescentes: 60 watts para divis\u00f5es pequenas, como quartos; l\u00e2mpadas de 100 watts para divis\u00f5es grandes, como salas de estar<br>\u00a0Fluorescente: 60 watts para espa\u00e7os interiores maiores, como \u00e1trios de escrit\u00f3rios; 100 watts para ilumina\u00e7\u00e3o comercial, como centros comerciais<\/p>\n\n\n\n<figure class=\"wp-block-image aligncenter size-full\"><img decoding=\"async\" width=\"675\" height=\"661\" src=\"https:\/\/led.amasly.com\/wp-content\/uploads\/2025\/07\/LED-bulbs.png\" alt=\"\" class=\"wp-image-4089\" title=\"\" srcset=\"https:\/\/led.amasly.com\/wp-content\/uploads\/2025\/07\/LED-bulbs.png 675w, https:\/\/led.amasly.com\/wp-content\/uploads\/2025\/07\/LED-bulbs-300x294.png 300w, https:\/\/led.amasly.com\/wp-content\/uploads\/2025\/07\/LED-bulbs-12x12.png 12w\" sizes=\"(max-width: 675px) 100vw, 675px\" \/><\/figure>\n\n\n\n<h2 class=\"wp-block-heading\"><strong>Substituir a l\u00e2mpada de 60 watts por uma l\u00e2mpada de 100 watts do mesmo tipo:<\/strong><strong><\/strong><\/h2>\n\n\n\n<p>A utiliza\u00e7\u00e3o de uma l\u00e2mpada de 100 watts num casquilho de 60 watts pode provocar curto-circuitos, quebras, queimaduras ou inc\u00eandios. A conce\u00e7\u00e3o t\u00e9rmica de uma l\u00e2mpada de 60 watts s\u00f3 garante o funcionamento correto de uma l\u00e2mpada de 60 watts. Se a pot\u00eancia for de 100 watts, uma corrente de funcionamento excessiva pode provocar a queima do fus\u00edvel (se existir) e o sobreaquecimento dos fios.<\/p>\n\n\n\n<p>Al\u00e9m disso, se substituir a l\u00e2mpada, tamb\u00e9m perde a garantia da l\u00e2mpada. Al\u00e9m disso, algumas l\u00e2mpadas de 100 watts s\u00e3o maiores do que as l\u00e2mpadas de 60 watts, pelo que a l\u00e2mpada e o casquilho podem n\u00e3o corresponder. Por este motivo, n\u00e3o se recomenda a utiliza\u00e7\u00e3o de uma l\u00e2mpada de 100 watts numa lumin\u00e1ria de 60 watts.<\/p>\n\n\n\n<h2 class=\"wp-block-heading\"><strong>Substituir as l\u00e2mpadas incandescentes, fluorescentes, de halog\u00e9neo, etc. de 60 watts existentes por l\u00e2mpadas LED de 100 watts equivalentes:<\/strong><strong><\/strong><\/h2>\n\n\n\n<p>Se pretender utilizar uma l\u00e2mpada LED equivalente a uma incandescente\/fluorescente\/halog\u00e9nio de 100 watts, esta ser\u00e1 bem inferior a 60 watts devido \u00e0 elevada efici\u00eancia das l\u00e2mpadas LED. Por exemplo, uma l\u00e2mpada LED equivalente a uma incandescente de 100 watts pode ter apenas 10 a 15 watts. Deve ent\u00e3o considerar se as especifica\u00e7\u00f5es da l\u00e2mpada s\u00e3o compat\u00edveis.<\/p>\n\n\n\n<p>Algumas l\u00e2mpadas LED t\u00eam casquilhos especialmente concebidos para maximizar a dissipa\u00e7\u00e3o de calor. Se a dissipa\u00e7\u00e3o de calor for deficiente, a vida \u00fatil da l\u00e2mpada pode ser reduzida. Se n\u00e3o se importar com isso e quiser apenas uma luz mais brilhante, pode considerar substituir a sua l\u00e2mpada original de 60 watts por uma l\u00e2mpada LED equivalente a 100 watts.<\/p>\n\n\n\n<p>Se funcionarem, estas l\u00e2mpadas LED equivalentes a 100 watts n\u00e3o causar\u00e3o muitos danos porque produzem menos calor do que as l\u00e2mpadas tradicionais.<\/p>\n\n\n\n<h2 class=\"wp-block-heading\"><strong>Resumo<\/strong><strong><\/strong><\/h2>\n\n\n\n<p class=\"has-text-align-left\">As l\u00e2mpadas de 60 watts e 100 watts diferem em termos de tamanho, brilho, resist\u00eancia, consumo de energia, produ\u00e7\u00e3o de calor e cen\u00e1rios de aplica\u00e7\u00e3o. Deve escolher a l\u00e2mpada correta de acordo com as suas necessidades reais. A substitui\u00e7\u00e3o de uma l\u00e2mpada de 60 watts por uma l\u00e2mpada de 100 watts do mesmo tipo n\u00e3o \u00e9 recomendada devido ao risco de combust\u00e3o. Em condi\u00e7\u00f5es adequadas, pode substituir a l\u00e2mpada convencional original de 60 watts por uma l\u00e2mpada LED equivalente de 100 watts.<\/p>\n\n\n\n<p>Padr\u00e3o: <a href=\"http:\/\/www.iec.com\" rel=\"nofollow noopener\" target=\"_blank\">IEC 60598<\/a><\/p>\n\n\n\n<div class=\"wp-block-uagb-container uagb-block-c7d898dd alignfull uagb-is-root-container\"><div class=\"uagb-container-inner-blocks-wrap\"><\/div><\/div>\n\n\n\n<h2 class=\"wp-block-heading\">Produtos relacionados<\/h2>\n\n\n\n<div class=\"wp-block-uagb-container uagb-block-66e4defc alignfull uagb-is-root-container\"><div class=\"uagb-container-inner-blocks-wrap\">\n<div class=\"wp-block-uagb-container uagb-block-a42945f9\">\n<div class=\"wp-block-uagb-image uagb-block-7296296b wp-block-uagb-image--layout-default wp-block-uagb-image--effect-static wp-block-uagb-image--align-none\"><figure class=\"wp-block-uagb-image__figure\"><a class=\"\" href=\"https:\/\/led.amasly.com\/pt\/products\/\" target=\"\" rel=\"noopener\"><img decoding=\"async\" srcset=\"https:\/\/led.amasly.com\/wp-content\/uploads\/2024\/09\/Explosion-proof-high-bay-lights.png ,https:\/\/led.amasly.com\/wp-content\/uploads\/2024\/09\/Explosion-proof-high-bay-lights.png 780w, https:\/\/led.amasly.com\/wp-content\/uploads\/2024\/09\/Explosion-proof-high-bay-lights.png 360w\" sizes=\"auto, (max-width: 480px) 150px\" src=\"https:\/\/led.amasly.com\/wp-content\/uploads\/2024\/09\/Explosion-proof-high-bay-lights.png\" alt=\"\" class=\"uag-image-1495\" width=\"300\" height=\"300\" title=\"Luzes de ba\u00eda alta \u00e0 prova de explos\u00e3o\" loading=\"lazy\" role=\"img\"><\/a><\/figure><\/div>\n<\/div>\n\n\n\n<div class=\"wp-block-uagb-container uagb-block-4d3efde5\">\n<div class=\"wp-block-uagb-image uagb-block-c9e90797 wp-block-uagb-image--layout-default wp-block-uagb-image--effect-static wp-block-uagb-image--align-none\"><figure class=\"wp-block-uagb-image__figure\"><a class=\"\" href=\"https:\/\/led.amasly.com\/pt\/products\/\" target=\"\" rel=\"noopener\"><img decoding=\"async\" srcset=\"https:\/\/led.amasly.com\/wp-content\/uploads\/2024\/07\/LED-tri-proof-lights2.png ,https:\/\/led.amasly.com\/wp-content\/uploads\/2024\/07\/LED-tri-proof-lights2.png 780w, https:\/\/led.amasly.com\/wp-content\/uploads\/2024\/07\/LED-tri-proof-lights2.png 360w\" sizes=\"auto, (max-width: 480px) 150px\" src=\"https:\/\/led.amasly.com\/wp-content\/uploads\/2024\/07\/LED-tri-proof-lights2.png\" alt=\"\" class=\"uag-image-1132\" width=\"300\" height=\"300\" title=\"Luzes LED \u00e0 prova de tripla prote\u00e7\u00e3o2\" loading=\"lazy\" role=\"img\"><\/a><\/figure><\/div>\n<\/div>\n\n\n\n<div class=\"wp-block-uagb-container uagb-block-11c2578b\">\n<div class=\"wp-block-uagb-image uagb-block-6e8883aa wp-block-uagb-image--layout-default wp-block-uagb-image--effect-static wp-block-uagb-image--align-none\"><figure class=\"wp-block-uagb-image__figure\"><a class=\"\" href=\"https:\/\/led.amasly.com\/pt\/products\/\" target=\"\" rel=\"noopener\"><img decoding=\"async\" srcset=\"https:\/\/led.amasly.com\/wp-content\/uploads\/2024\/09\/LED-Explosion-Proof-Gas-Station-Light.png ,https:\/\/led.amasly.com\/wp-content\/uploads\/2024\/09\/LED-Explosion-Proof-Gas-Station-Light.png 780w, https:\/\/led.amasly.com\/wp-content\/uploads\/2024\/09\/LED-Explosion-Proof-Gas-Station-Light.png 360w\" sizes=\"auto, (max-width: 480px) 150px\" src=\"https:\/\/led.amasly.com\/wp-content\/uploads\/2024\/09\/LED-Explosion-Proof-Gas-Station-Light.png\" alt=\"\" class=\"uag-image-1501\" width=\"300\" height=\"300\" title=\"Luz LED para esta\u00e7\u00e3o de servi\u00e7o \u00e0 prova de explos\u00e3o\" loading=\"lazy\" role=\"img\"><\/a><\/figure><\/div>\n<\/div>\n<\/div><\/div>\n\n\n\n<div class=\"wp-block-uagb-container uagb-block-548945b5 alignfull uagb-is-root-container\"><div class=\"uagb-container-inner-blocks-wrap\">\n<div class=\"wp-block-uagb-container uagb-block-967755d5\">\n<h4 class=\"wp-block-heading has-text-align-center\"><a href=\"https:\/\/led.amasly.com\/pt\/products\/\">Luzes LED \u00e0 prova de explos\u00e3o<\/a><\/h4>\n<\/div>\n\n\n\n<div class=\"wp-block-uagb-container uagb-block-9bc52fc2\">\n<h4 class=\"wp-block-heading has-text-align-center\"><a href=\"https:\/\/led.amasly.com\/pt\/products\/\">Luzes LED Tri-Proof<\/a><\/h4>\n<\/div>\n\n\n\n<div class=\"wp-block-uagb-container uagb-block-8ffa0a23\">\n<h4 class=\"wp-block-heading has-text-align-center\"><a href=\"https:\/\/led.amasly.com\/pt\/products\/\">Luzes para postos de gasolina \u00e0 prova de explos\u00e3o<\/a><\/h4>\n<\/div>\n<\/div><\/div>\n\n\n\n<div class=\"wp-block-uagb-container uagb-block-29499fe0 alignfull uagb-is-root-container\"><div class=\"uagb-container-inner-blocks-wrap\">\n<div class=\"wp-block-uagb-container uagb-block-777ee1c7\">\n<div class=\"wp-block-uagb-image uagb-block-2e9a1851 wp-block-uagb-image--layout-default wp-block-uagb-image--effect-static wp-block-uagb-image--align-none\"><figure class=\"wp-block-uagb-image__figure\"><a class=\"\" href=\"https:\/\/led.amasly.com\/pt\/products\/\" target=\"\" rel=\"noopener\"><img decoding=\"async\" srcset=\"https:\/\/led.amasly.com\/wp-content\/uploads\/2024\/10\/50W-100W-150W-200W-300W-LED-Flood-Light.jpg ,https:\/\/led.amasly.com\/wp-content\/uploads\/2024\/10\/50W-100W-150W-200W-300W-LED-Flood-Light.jpg 780w, https:\/\/led.amasly.com\/wp-content\/uploads\/2024\/10\/50W-100W-150W-200W-300W-LED-Flood-Light.jpg 360w\" sizes=\"auto, (max-width: 480px) 150px\" src=\"https:\/\/led.amasly.com\/wp-content\/uploads\/2024\/10\/50W-100W-150W-200W-300W-LED-Flood-Light.jpg\" alt=\"\" class=\"uag-image-1526\" width=\"300\" height=\"300\" title=\"Holofote LED 50W 100W 150W 200W 300W\" loading=\"lazy\" role=\"img\"><\/a><\/figure><\/div>\n<\/div>\n\n\n\n<div class=\"wp-block-uagb-container uagb-block-af8c8683\">\n<div class=\"wp-block-uagb-image uagb-block-67947854 wp-block-uagb-image--layout-default wp-block-uagb-image--effect-static wp-block-uagb-image--align-none\"><figure class=\"wp-block-uagb-image__figure\"><a class=\"\" href=\"https:\/\/led.amasly.com\/pt\/products\/\" target=\"\" rel=\"noopener\"><img decoding=\"async\" srcset=\"https:\/\/led.amasly.com\/wp-content\/uploads\/2024\/07\/led-tri-proof-light.png ,https:\/\/led.amasly.com\/wp-content\/uploads\/2024\/07\/led-tri-proof-light.png 780w, https:\/\/led.amasly.com\/wp-content\/uploads\/2024\/07\/led-tri-proof-light.png 360w\" sizes=\"auto, (max-width: 480px) 150px\" src=\"https:\/\/led.amasly.com\/wp-content\/uploads\/2024\/07\/led-tri-proof-light.png\" alt=\"\" class=\"uag-image-1130\" width=\"300\" height=\"300\" title=\"luz led-tri-proof\" loading=\"lazy\" role=\"img\"><\/a><\/figure><\/div>\n<\/div>\n\n\n\n<div class=\"wp-block-uagb-container uagb-block-0fdfdd58\">\n<div class=\"wp-block-uagb-image uagb-block-1187d32d wp-block-uagb-image--layout-default wp-block-uagb-image--effect-static wp-block-uagb-image--align-none\"><figure class=\"wp-block-uagb-image__figure\"><a class=\"\" href=\"https:\/\/led.amasly.com\/pt\/products\/\" target=\"\" rel=\"noopener\"><img decoding=\"async\" srcset=\"https:\/\/led.amasly.com\/wp-content\/uploads\/2024\/07\/LED-street-light.jpg ,https:\/\/led.amasly.com\/wp-content\/uploads\/2024\/07\/LED-street-light.jpg 780w, https:\/\/led.amasly.com\/wp-content\/uploads\/2024\/07\/LED-street-light.jpg 360w\" sizes=\"auto, (max-width: 480px) 150px\" src=\"https:\/\/led.amasly.com\/wp-content\/uploads\/2024\/07\/LED-street-light.jpg\" alt=\"\" class=\"uag-image-1145\" width=\"300\" height=\"300\" title=\"Luz de rua LED\" loading=\"lazy\" role=\"img\"><\/a><\/figure><\/div>\n<\/div>\n<\/div><\/div>\n\n\n\n<div class=\"wp-block-uagb-container uagb-block-6a60882c alignfull uagb-is-root-container\"><div class=\"uagb-container-inner-blocks-wrap\">\n<div class=\"wp-block-uagb-container uagb-block-f1e91a35\">\n<h4 class=\"wp-block-heading has-text-align-center\"><a href=\"https:\/\/led.amasly.com\/pt\/products\/\">Luzes de inunda\u00e7\u00e3o LED<\/a><\/h4>\n<\/div>\n\n\n\n<div class=\"wp-block-uagb-container uagb-block-165bfa58\">\n<h4 class=\"wp-block-heading has-text-align-center\"><a href=\"https:\/\/led.amasly.com\/pt\/products\/\">Tubos de luz LED \u00e0 prova de tripla prote\u00e7\u00e3o<\/a><\/h4>\n<\/div>\n\n\n\n<div class=\"wp-block-uagb-container uagb-block-f6096e3b\">\n<h4 class=\"wp-block-heading has-text-align-center\"><a href=\"https:\/\/led.amasly.com\/pt\/products\/\">Luzes de rua LED<\/a><\/h4>\n<\/div>\n<\/div><\/div>\n\n\n\n<div class=\"wp-block-uagb-container uagb-block-99c0e0a5 alignfull uagb-is-root-container\"><div class=\"uagb-container-inner-blocks-wrap\"><\/div><\/div>\n\n\n\n<p><\/p>","protected":false},"excerpt":{"rendered":"<p>60&nbsp;watt vs. 100&nbsp;watt lamps: what&#8217;s the difference and which is better? Are you planning to replace your old 60-watt bulbs with 100 Watt Lamps? Whether you&#8217;re planning to replace your old HID lights (such as fluorescents, halogens, etc.) with 100-watt equivalent LEDs, or you simply want to switch to a higher wattage bulb, you should [&hellip;]<\/p>\n","protected":false},"author":1,"featured_media":0,"parent":2984,"menu_order":0,"comment_status":"closed","ping_status":"closed","template":"","meta":{"_uag_custom_page_level_css":"","site-sidebar-layout":"no-sidebar","site-content-layout":"","ast-site-content-layout":"default","site-content-style":"default","site-sidebar-style":"default","ast-global-header-display":"","ast-banner-title-visibility":"","ast-main-header-display":"","ast-hfb-above-header-display":"","ast-hfb-below-header-display":"","ast-hfb-mobile-header-display":"","site-post-title":"disabled","ast-breadcrumbs-content":"","ast-featured-img":"","footer-sml-layout":"","ast-disable-related-posts":"","theme-transparent-header-meta":"enabled","adv-header-id-meta":"","stick-header-meta":"","header-above-stick-meta":"","header-main-stick-meta":"","header-below-stick-meta":"","astra-migrate-meta-layouts":"set","ast-page-background-enabled":"default","ast-page-background-meta":{"desktop":{"background-color":"var(--ast-global-color-4)","background-image":"","background-repeat":"repeat","background-position":"center center","background-size":"auto","background-attachment":"scroll","background-type":"","background-media":"","overlay-type":"","overlay-color":"","overlay-opacity":"","overlay-gradient":""},"tablet":{"background-color":"","background-image":"","background-repeat":"repeat","background-position":"center center","background-size":"auto","background-attachment":"scroll","background-type":"","background-media":"","overlay-type":"","overlay-color":"","overlay-opacity":"","overlay-gradient":""},"mobile":{"background-color":"","background-image":"","background-repeat":"repeat","background-position":"center center","background-size":"auto","background-attachment":"scroll","background-type":"","background-media":"","overlay-type":"","overlay-color":"","overlay-opacity":"","overlay-gradient":""}},"ast-content-background-meta":{"desktop":{"background-color":"var(--ast-global-color-5)","background-image":"","background-repeat":"repeat","background-position":"center center","background-size":"auto","background-attachment":"scroll","background-type":"","background-media":"","overlay-type":"","overlay-color":"","overlay-opacity":"","overlay-gradient":""},"tablet":{"background-color":"var(--ast-global-color-5)","background-image":"","background-repeat":"repeat","background-position":"center center","background-size":"auto","background-attachment":"scroll","background-type":"","background-media":"","overlay-type":"","overlay-color":"","overlay-opacity":"","overlay-gradient":""},"mobile":{"background-color":"var(--ast-global-color-5)","background-image":"","background-repeat":"repeat","background-position":"center center","background-size":"auto","background-attachment":"scroll","background-type":"","background-media":"","overlay-type":"","overlay-color":"","overlay-opacity":"","overlay-gradient":""}},"footnotes":""},"class_list":["post-4115","page","type-page","status-publish","hentry"],"uagb_featured_image_src":{"full":false,"thumbnail":false,"medium":false,"medium_large":false,"large":false,"1536x1536":false,"2048x2048":false,"trp-custom-language-flag":false},"uagb_author_info":{"display_name":"Joe","author_link":"https:\/\/led.amasly.com\/pt\/author\/jacklin\/"},"uagb_comment_info":0,"uagb_excerpt":"60&nbsp;watt vs. 100&nbsp;watt lamps: what&#8217;s the difference and which is better? Are you planning to replace your old 60-watt bulbs with 100 Watt Lamps? Whether you&#8217;re planning to replace your old HID lights (such as fluorescents, halogens, etc.) with 100-watt equivalent LEDs, or you simply want to switch to a higher wattage bulb, you should&hellip;","_links":{"self":[{"href":"https:\/\/led.amasly.com\/pt\/wp-json\/wp\/v2\/pages\/4115","targetHints":{"allow":["GET"]}}],"collection":[{"href":"https:\/\/led.amasly.com\/pt\/wp-json\/wp\/v2\/pages"}],"about":[{"href":"https:\/\/led.amasly.com\/pt\/wp-json\/wp\/v2\/types\/page"}],"author":[{"embeddable":true,"href":"https:\/\/led.amasly.com\/pt\/wp-json\/wp\/v2\/users\/1"}],"replies":[{"embeddable":true,"href":"https:\/\/led.amasly.com\/pt\/wp-json\/wp\/v2\/comments?post=4115"}],"version-history":[{"count":2,"href":"https:\/\/led.amasly.com\/pt\/wp-json\/wp\/v2\/pages\/4115\/revisions"}],"predecessor-version":[{"id":4603,"href":"https:\/\/led.amasly.com\/pt\/wp-json\/wp\/v2\/pages\/4115\/revisions\/4603"}],"up":[{"embeddable":true,"href":"https:\/\/led.amasly.com\/pt\/wp-json\/wp\/v2\/pages\/2984"}],"wp:attachment":[{"href":"https:\/\/led.amasly.com\/pt\/wp-json\/wp\/v2\/media?parent=4115"}],"curies":[{"name":"wp","href":"https:\/\/api.w.org\/{rel}","templated":true}]}}