{"id":4078,"date":"2025-07-05T15:17:40","date_gmt":"2025-07-05T07:17:40","guid":{"rendered":"https:\/\/led.amasly.com\/?page_id=4078"},"modified":"2025-07-05T15:17:51","modified_gmt":"2025-07-05T07:17:51","slug":"the-critical-role-of-lighting-in-healthcare-organizationsis","status":"publish","type":"page","link":"https:\/\/led.amasly.com\/pt\/knowledge\/led-light-knowledge\/the-critical-role-of-lighting-in-healthcare-organizationsis\/","title":{"rendered":"O papel cr\u00edtico da ilumina\u00e7\u00e3o nas organiza\u00e7\u00f5es de sa\u00fade\u00c9"},"content":{"rendered":"<div class=\"wp-block-uagb-container uagb-block-27bae773 alignfull uagb-is-root-container\"><div class=\"uagb-container-inner-blocks-wrap\"><\/div><\/div>\n\n\n\n<h1 class=\"wp-block-heading has-text-align-center\"><strong>O papel cr\u00edtico da ilumina\u00e7\u00e3o nas organiza\u00e7\u00f5es de cuidados de sa\u00fade<\/strong><strong><\/strong><\/h1>\n\n\n\n<figure class=\"wp-block-image aligncenter size-full\"><img decoding=\"async\" width=\"876\" height=\"470\" src=\"https:\/\/led.amasly.com\/wp-content\/uploads\/2025\/07\/Healthcare-Organizations.png\" alt=\"\" class=\"wp-image-4079\" title=\"\" srcset=\"https:\/\/led.amasly.com\/wp-content\/uploads\/2025\/07\/Healthcare-Organizations.png 876w, https:\/\/led.amasly.com\/wp-content\/uploads\/2025\/07\/Healthcare-Organizations-300x161.png 300w, https:\/\/led.amasly.com\/wp-content\/uploads\/2025\/07\/Healthcare-Organizations-768x412.png 768w, https:\/\/led.amasly.com\/wp-content\/uploads\/2025\/07\/Healthcare-Organizations-18x10.png 18w\" sizes=\"(max-width: 876px) 100vw, 876px\" \/><\/figure>\n\n\n\n<p>A ilumina\u00e7\u00e3o para cuidados de sa\u00fade incorpora a integra\u00e7\u00e3o da forma e da fun\u00e7\u00e3o. Para al\u00e9m de complementar o design geral, as solu\u00e7\u00f5es de ilumina\u00e7\u00e3o para cuidados de sa\u00fade devem oferecer uma vasta gama de op\u00e7\u00f5es de distribui\u00e7\u00e3o de luz precisas para criar ambientes de luz com v\u00e1rias camadas que promovam a sincroniza\u00e7\u00e3o dos ritmos circadianos sem a distra\u00e7\u00e3o do encandeamento, sendo ao mesmo tempo f\u00e1ceis de manter e capazes de suportar os rigores dos processos de limpeza.<\/p>\n\n\n\n<p>Com a crescente consciencializa\u00e7\u00e3o dos efeitos da luz na biologia humana e a crescente import\u00e2ncia da luz na cria\u00e7\u00e3o de ambientes agrad\u00e1veis e n\u00e3o institucionalizados, existe um desejo crescente de flexibilidade na sa\u00edda espetral e no controlo dos sistemas de ilumina\u00e7\u00e3o hospitalar.<\/p>\n\n\n\n<p>Com o foco no bem-estar dos pacientes e dos profissionais de sa\u00fade, a ind\u00fastria de Arquitetura, Engenharia e Constru\u00e7\u00e3o (AEC) e os executivos das instala\u00e7\u00f5es de sa\u00fade procuram solu\u00e7\u00f5es de ilumina\u00e7\u00e3o bem configuradas que promovam a cura, equilibrando as necessidades da vis\u00e3o com as exig\u00eancias dos ritmos circadianos.<\/p>\n\n\n\n<h2 class=\"wp-block-heading\"><strong>forma do edif\u00edcio<\/strong><strong><\/strong><\/h2>\n\n\n\n<p>Centenas de estudos examinaram o impacto da conce\u00e7\u00e3o dos hospitais nos resultados cl\u00ednicos. As evid\u00eancias sugerem que o design desempenha um papel importante: ambientes de qualidade podem ser uma ferramenta importante para aumentar a seguran\u00e7a, promover a reabilita\u00e7\u00e3o e melhorar o conforto no trabalho em hospitais. Por esta raz\u00e3o, os sistemas de ilumina\u00e7\u00e3o institucionalizados do passado foram substitu\u00eddos por lumin\u00e1rias que combinam forma e fun\u00e7\u00e3o, tais como <strong>Lumin\u00e1rias LED integradas na arquitetura e que proporcionam uma luz suave e indireta.<\/strong><strong><\/strong><\/p>\n\n\n\n<figure class=\"wp-block-image size-full\"><img decoding=\"async\" width=\"876\" height=\"507\" src=\"https:\/\/led.amasly.com\/wp-content\/uploads\/2025\/07\/Healthcare-Organizations-lighting.png\" alt=\"\" class=\"wp-image-4080\" title=\"\" srcset=\"https:\/\/led.amasly.com\/wp-content\/uploads\/2025\/07\/Healthcare-Organizations-lighting.png 876w, https:\/\/led.amasly.com\/wp-content\/uploads\/2025\/07\/Healthcare-Organizations-lighting-300x174.png 300w, https:\/\/led.amasly.com\/wp-content\/uploads\/2025\/07\/Healthcare-Organizations-lighting-768x444.png 768w, https:\/\/led.amasly.com\/wp-content\/uploads\/2025\/07\/Healthcare-Organizations-lighting-18x10.png 18w\" sizes=\"(max-width: 876px) 100vw, 876px\" \/><\/figure>\n\n\n\n<h2 class=\"wp-block-heading\"><strong>&nbsp;<\/strong><\/h2>\n\n\n\n<h2 class=\"wp-block-heading\"><strong>Ritmos circadianos e melhores resultados na reabilita\u00e7\u00e3o de doentes<\/strong><strong><\/strong><\/h2>\n\n\n\n<p>A investiga\u00e7\u00e3o sobre os ritmos circadianos humanos, a sua rela\u00e7\u00e3o com a sa\u00fade em geral e a forma como a luz afecta os ritmos circadianos tem informado a conce\u00e7\u00e3o da ilumina\u00e7\u00e3o dos cuidados de sa\u00fade. Infelizmente, muitos hospitais n\u00e3o s\u00e3o suficientemente luminosos durante o dia e suficientemente escuros \u00e0 noite para seguir o padr\u00e3o circadiano natural do corpo. Existem v\u00e1rias formas de o conseguir, incluindo <strong>ilumina\u00e7\u00e3o com temperatura de cor ajust\u00e1vel, tecnologia espetral biodin\u00e2mica ou utiliza\u00e7\u00e3o de apenas uma fonte de luz com temperatura de cor correlacionada (CCT) de intensidade ajust\u00e1vel.<\/strong><\/p>\n\n\n\n<p><strong>Estudos demonstraram que um certo n\u00edvel de exposi\u00e7\u00e3o ao espetro da luz azul altera a produ\u00e7\u00e3o de <\/strong>melatonina<strong>.<\/strong>&nbsp;Limitar a exposi\u00e7\u00e3o \u00e0 luz azul \u00e0 noite, em particular, pode aumentar a secre\u00e7\u00e3o de melatonina, promovendo assim o sono. Uma configura\u00e7\u00e3o cuidadosa da ilumina\u00e7\u00e3o dos quartos dos doentes que equilibre as necessidades visuais com as necessidades circadianas pode ajudar a melhorar a recupera\u00e7\u00e3o. A ilumina\u00e7\u00e3o circadiana n\u00e3o se refere apenas a lumin\u00e1rias individuais ou \u00e1reas separadas, mas a todo o ambiente de ilumina\u00e7\u00e3o como um todo.<\/p>\n\n\n\n<h2 class=\"wp-block-heading\"><strong>Reduzir os erros dos profissionais de sa\u00fade<\/strong><strong><\/strong><\/h2>\n\n\n\n<p>Os enfermeiros e os m\u00e9dicos nos hospitais trabalham frequentemente em ambientes stressantes, onde lhes \u00e9 exigido o cumprimento de um conjunto complexo de deveres e tarefas cr\u00edticas de cuidados aos doentes. A ilumina\u00e7\u00e3o nos postos de trabalho dos enfermeiros deve aumentar a produtividade e n\u00e3o criar um obst\u00e1culo. Estudos demonstram que uma ilumina\u00e7\u00e3o adequada nas \u00e1reas de distribui\u00e7\u00e3o \u00e9 uma das solu\u00e7\u00f5es ambientais mais importantes para evitar erros, <strong>os m\u00e9todos e tecnologias de ilumina\u00e7\u00e3o inovadores devem ser uma considera\u00e7\u00e3o importante aquando da constru\u00e7\u00e3o ou remodela\u00e7\u00e3o de hospitais.<\/strong><strong><\/strong><\/p>\n\n\n\n<figure class=\"wp-block-image size-full\"><img decoding=\"async\" width=\"876\" height=\"470\" src=\"https:\/\/led.amasly.com\/wp-content\/uploads\/2025\/07\/Healthcare-Organizations-1.png\" alt=\"\" class=\"wp-image-4081\" title=\"\" srcset=\"https:\/\/led.amasly.com\/wp-content\/uploads\/2025\/07\/Healthcare-Organizations-1.png 876w, https:\/\/led.amasly.com\/wp-content\/uploads\/2025\/07\/Healthcare-Organizations-1-300x161.png 300w, https:\/\/led.amasly.com\/wp-content\/uploads\/2025\/07\/Healthcare-Organizations-1-768x412.png 768w, https:\/\/led.amasly.com\/wp-content\/uploads\/2025\/07\/Healthcare-Organizations-1-18x10.png 18w\" sizes=\"(max-width: 876px) 100vw, 876px\" \/><\/figure>\n\n\n\n<p><br><strong>Controlo de infec\u00e7\u00f5es e f\u00e1cil manuten\u00e7\u00e3o<\/strong><strong><\/strong><\/p>\n\n\n\n<p><strong>Em ambientes de cuidados de sa\u00fade, as lumin\u00e1rias devem cumprir as normas rigorosas de controlo de infec\u00e7\u00f5es e ser de f\u00e1cil manuten\u00e7\u00e3o.<\/strong>&nbsp;De acordo com os Centros de Controlo e Preven\u00e7\u00e3o de Doen\u00e7as dos EUA, cerca de 1 em cada 25 doentes hospitalizados contrai um germe num estabelecimento de sa\u00fade.<\/p>\n\n\n\n<p class=\"has-text-align-left\">Uma forma de reduzir estas infec\u00e7\u00f5es associadas aos cuidados de sa\u00fade \u00e9 garantir que os agentes patog\u00e9nicos n\u00e3o conseguem entrar nessas lumin\u00e1rias de dif\u00edcil acesso. A instala\u00e7\u00e3o de lumin\u00e1rias concebidas com materiais e acabamentos, tais como revestimentos antimicrobianos, concebidos para resistir aos processos de limpeza hospitalar, limita a entrada de agentes patog\u00e9nicos nas lumin\u00e1rias, assegura que as lumin\u00e1rias n\u00e3o s\u00e3o danificadas durante a limpeza e reduz a capacidade de os agentes patog\u00e9nicos crescerem nas lumin\u00e1rias, mesmo que n\u00e3o sejam limpas atempadamente.<\/p>\n\n\n\n<div class=\"wp-block-uagb-container uagb-block-c7d898dd alignfull uagb-is-root-container\"><div class=\"uagb-container-inner-blocks-wrap\"><\/div><\/div>\n\n\n\n<h2 class=\"wp-block-heading\">Produtos relacionados<\/h2>\n\n\n\n<div class=\"wp-block-uagb-container uagb-block-66e4defc alignfull uagb-is-root-container\"><div class=\"uagb-container-inner-blocks-wrap\">\n<div class=\"wp-block-uagb-container uagb-block-a42945f9\">\n<div class=\"wp-block-uagb-image uagb-block-7296296b wp-block-uagb-image--layout-default wp-block-uagb-image--effect-static wp-block-uagb-image--align-none\"><figure class=\"wp-block-uagb-image__figure\"><a class=\"\" href=\"https:\/\/led.amasly.com\/pt\/products\/\" target=\"\" rel=\"noopener\"><img decoding=\"async\" srcset=\"https:\/\/led.amasly.com\/wp-content\/uploads\/2024\/09\/Explosion-proof-high-bay-lights.png ,https:\/\/led.amasly.com\/wp-content\/uploads\/2024\/09\/Explosion-proof-high-bay-lights.png 780w, https:\/\/led.amasly.com\/wp-content\/uploads\/2024\/09\/Explosion-proof-high-bay-lights.png 360w\" sizes=\"auto, (max-width: 480px) 150px\" src=\"https:\/\/led.amasly.com\/wp-content\/uploads\/2024\/09\/Explosion-proof-high-bay-lights.png\" alt=\"\" class=\"uag-image-1495\" width=\"300\" height=\"300\" title=\"Luzes de ba\u00eda alta \u00e0 prova de explos\u00e3o\" loading=\"lazy\" role=\"img\"><\/a><\/figure><\/div>\n<\/div>\n\n\n\n<div class=\"wp-block-uagb-container uagb-block-4d3efde5\">\n<div class=\"wp-block-uagb-image uagb-block-c9e90797 wp-block-uagb-image--layout-default wp-block-uagb-image--effect-static wp-block-uagb-image--align-none\"><figure class=\"wp-block-uagb-image__figure\"><a class=\"\" href=\"https:\/\/led.amasly.com\/pt\/products\/\" target=\"\" rel=\"noopener\"><img decoding=\"async\" srcset=\"https:\/\/led.amasly.com\/wp-content\/uploads\/2024\/07\/LED-tri-proof-lights2.png ,https:\/\/led.amasly.com\/wp-content\/uploads\/2024\/07\/LED-tri-proof-lights2.png 780w, https:\/\/led.amasly.com\/wp-content\/uploads\/2024\/07\/LED-tri-proof-lights2.png 360w\" sizes=\"auto, (max-width: 480px) 150px\" src=\"https:\/\/led.amasly.com\/wp-content\/uploads\/2024\/07\/LED-tri-proof-lights2.png\" alt=\"\" class=\"uag-image-1132\" width=\"300\" height=\"300\" title=\"Luzes LED \u00e0 prova de tripla prote\u00e7\u00e3o2\" loading=\"lazy\" role=\"img\"><\/a><\/figure><\/div>\n<\/div>\n\n\n\n<div class=\"wp-block-uagb-container uagb-block-11c2578b\">\n<div class=\"wp-block-uagb-image uagb-block-6e8883aa wp-block-uagb-image--layout-default wp-block-uagb-image--effect-static wp-block-uagb-image--align-none\"><figure class=\"wp-block-uagb-image__figure\"><a class=\"\" href=\"https:\/\/led.amasly.com\/pt\/products\/\" target=\"\" rel=\"noopener\"><img decoding=\"async\" srcset=\"https:\/\/led.amasly.com\/wp-content\/uploads\/2024\/09\/LED-Explosion-Proof-Gas-Station-Light.png ,https:\/\/led.amasly.com\/wp-content\/uploads\/2024\/09\/LED-Explosion-Proof-Gas-Station-Light.png 780w, https:\/\/led.amasly.com\/wp-content\/uploads\/2024\/09\/LED-Explosion-Proof-Gas-Station-Light.png 360w\" sizes=\"auto, (max-width: 480px) 150px\" src=\"https:\/\/led.amasly.com\/wp-content\/uploads\/2024\/09\/LED-Explosion-Proof-Gas-Station-Light.png\" alt=\"\" class=\"uag-image-1501\" width=\"300\" height=\"300\" title=\"Luz LED para esta\u00e7\u00e3o de servi\u00e7o \u00e0 prova de explos\u00e3o\" loading=\"lazy\" role=\"img\"><\/a><\/figure><\/div>\n<\/div>\n<\/div><\/div>\n\n\n\n<div class=\"wp-block-uagb-container uagb-block-548945b5 alignfull uagb-is-root-container\"><div class=\"uagb-container-inner-blocks-wrap\">\n<div class=\"wp-block-uagb-container uagb-block-967755d5\">\n<h4 class=\"wp-block-heading has-text-align-center\"><a href=\"https:\/\/led.amasly.com\/pt\/products\/\">Luzes LED \u00e0 prova de explos\u00e3o<\/a><\/h4>\n<\/div>\n\n\n\n<div class=\"wp-block-uagb-container uagb-block-9bc52fc2\">\n<h4 class=\"wp-block-heading has-text-align-center\"><a href=\"https:\/\/led.amasly.com\/pt\/products\/\">Luzes LED Tri-Proof<\/a><\/h4>\n<\/div>\n\n\n\n<div class=\"wp-block-uagb-container uagb-block-8ffa0a23\">\n<h4 class=\"wp-block-heading has-text-align-center\"><a href=\"https:\/\/led.amasly.com\/pt\/products\/\">Luzes para postos de gasolina \u00e0 prova de explos\u00e3o<\/a><\/h4>\n<\/div>\n<\/div><\/div>\n\n\n\n<div class=\"wp-block-uagb-container uagb-block-29499fe0 alignfull uagb-is-root-container\"><div class=\"uagb-container-inner-blocks-wrap\">\n<div class=\"wp-block-uagb-container uagb-block-777ee1c7\">\n<div class=\"wp-block-uagb-image uagb-block-2e9a1851 wp-block-uagb-image--layout-default wp-block-uagb-image--effect-static wp-block-uagb-image--align-none\"><figure class=\"wp-block-uagb-image__figure\"><a class=\"\" href=\"https:\/\/led.amasly.com\/pt\/products\/\" target=\"\" rel=\"noopener\"><img decoding=\"async\" srcset=\"https:\/\/led.amasly.com\/wp-content\/uploads\/2024\/10\/50W-100W-150W-200W-300W-LED-Flood-Light.jpg ,https:\/\/led.amasly.com\/wp-content\/uploads\/2024\/10\/50W-100W-150W-200W-300W-LED-Flood-Light.jpg 780w, https:\/\/led.amasly.com\/wp-content\/uploads\/2024\/10\/50W-100W-150W-200W-300W-LED-Flood-Light.jpg 360w\" sizes=\"auto, (max-width: 480px) 150px\" src=\"https:\/\/led.amasly.com\/wp-content\/uploads\/2024\/10\/50W-100W-150W-200W-300W-LED-Flood-Light.jpg\" alt=\"\" class=\"uag-image-1526\" width=\"300\" height=\"300\" title=\"Holofote LED 50W 100W 150W 200W 300W\" loading=\"lazy\" role=\"img\"><\/a><\/figure><\/div>\n<\/div>\n\n\n\n<div class=\"wp-block-uagb-container uagb-block-af8c8683\">\n<div class=\"wp-block-uagb-image uagb-block-67947854 wp-block-uagb-image--layout-default wp-block-uagb-image--effect-static wp-block-uagb-image--align-none\"><figure class=\"wp-block-uagb-image__figure\"><a class=\"\" href=\"https:\/\/led.amasly.com\/pt\/products\/\" target=\"\" rel=\"noopener\"><img decoding=\"async\" srcset=\"https:\/\/led.amasly.com\/wp-content\/uploads\/2024\/07\/led-tri-proof-light.png ,https:\/\/led.amasly.com\/wp-content\/uploads\/2024\/07\/led-tri-proof-light.png 780w, https:\/\/led.amasly.com\/wp-content\/uploads\/2024\/07\/led-tri-proof-light.png 360w\" sizes=\"auto, (max-width: 480px) 150px\" src=\"https:\/\/led.amasly.com\/wp-content\/uploads\/2024\/07\/led-tri-proof-light.png\" alt=\"\" class=\"uag-image-1130\" width=\"300\" height=\"300\" title=\"luz led-tri-proof\" loading=\"lazy\" role=\"img\"><\/a><\/figure><\/div>\n<\/div>\n\n\n\n<div class=\"wp-block-uagb-container uagb-block-0fdfdd58\">\n<div class=\"wp-block-uagb-image uagb-block-1187d32d wp-block-uagb-image--layout-default wp-block-uagb-image--effect-static wp-block-uagb-image--align-none\"><figure class=\"wp-block-uagb-image__figure\"><a class=\"\" href=\"https:\/\/led.amasly.com\/pt\/products\/\" target=\"\" rel=\"noopener\"><img decoding=\"async\" srcset=\"https:\/\/led.amasly.com\/wp-content\/uploads\/2024\/07\/LED-street-light.jpg ,https:\/\/led.amasly.com\/wp-content\/uploads\/2024\/07\/LED-street-light.jpg 780w, https:\/\/led.amasly.com\/wp-content\/uploads\/2024\/07\/LED-street-light.jpg 360w\" sizes=\"auto, (max-width: 480px) 150px\" src=\"https:\/\/led.amasly.com\/wp-content\/uploads\/2024\/07\/LED-street-light.jpg\" alt=\"\" class=\"uag-image-1145\" width=\"300\" height=\"300\" title=\"Luz de rua LED\" loading=\"lazy\" role=\"img\"><\/a><\/figure><\/div>\n<\/div>\n<\/div><\/div>\n\n\n\n<div class=\"wp-block-uagb-container uagb-block-6a60882c alignfull uagb-is-root-container\"><div class=\"uagb-container-inner-blocks-wrap\">\n<div class=\"wp-block-uagb-container uagb-block-f1e91a35\">\n<h4 class=\"wp-block-heading has-text-align-center\"><a href=\"https:\/\/led.amasly.com\/pt\/products\/\">Luzes de inunda\u00e7\u00e3o LED<\/a><\/h4>\n<\/div>\n\n\n\n<div class=\"wp-block-uagb-container uagb-block-165bfa58\">\n<h4 class=\"wp-block-heading has-text-align-center\"><a href=\"https:\/\/led.amasly.com\/pt\/products\/\">Tubos de luz LED \u00e0 prova de tripla prote\u00e7\u00e3o<\/a><\/h4>\n<\/div>\n\n\n\n<div class=\"wp-block-uagb-container uagb-block-f6096e3b\">\n<h4 class=\"wp-block-heading has-text-align-center\"><a href=\"https:\/\/led.amasly.com\/pt\/products\/\">Luzes de rua LED<\/a><\/h4>\n<\/div>\n<\/div><\/div>\n\n\n\n<div class=\"wp-block-uagb-container uagb-block-99c0e0a5 alignfull uagb-is-root-container\"><div class=\"uagb-container-inner-blocks-wrap\"><\/div><\/div>\n\n\n\n<p><\/p>","protected":false},"excerpt":{"rendered":"<p>The Critical Role of Lighting in Healthcare Organizations Healthcare lighting embodies the integration of form and function. In addition to complementing the overall design, healthcare lighting solutions should offer a wide range of precise light distribution options to create multi-layered light environments that promote synchronization of circadian rhythms without the distraction of glare, while being [&hellip;]<\/p>\n","protected":false},"author":1,"featured_media":0,"parent":2984,"menu_order":0,"comment_status":"closed","ping_status":"closed","template":"","meta":{"_uag_custom_page_level_css":"","site-sidebar-layout":"no-sidebar","site-content-layout":"","ast-site-content-layout":"default","site-content-style":"default","site-sidebar-style":"default","ast-global-header-display":"","ast-banner-title-visibility":"","ast-main-header-display":"","ast-hfb-above-header-display":"","ast-hfb-below-header-display":"","ast-hfb-mobile-header-display":"","site-post-title":"disabled","ast-breadcrumbs-content":"","ast-featured-img":"","footer-sml-layout":"","ast-disable-related-posts":"","theme-transparent-header-meta":"enabled","adv-header-id-meta":"","stick-header-meta":"","header-above-stick-meta":"","header-main-stick-meta":"","header-below-stick-meta":"","astra-migrate-meta-layouts":"set","ast-page-background-enabled":"default","ast-page-background-meta":{"desktop":{"background-color":"var(--ast-global-color-4)","background-image":"","background-repeat":"repeat","background-position":"center center","background-size":"auto","background-attachment":"scroll","background-type":"","background-media":"","overlay-type":"","overlay-color":"","overlay-opacity":"","overlay-gradient":""},"tablet":{"background-color":"","background-image":"","background-repeat":"repeat","background-position":"center center","background-size":"auto","background-attachment":"scroll","background-type":"","background-media":"","overlay-type":"","overlay-color":"","overlay-opacity":"","overlay-gradient":""},"mobile":{"background-color":"","background-image":"","background-repeat":"repeat","background-position":"center center","background-size":"auto","background-attachment":"scroll","background-type":"","background-media":"","overlay-type":"","overlay-color":"","overlay-opacity":"","overlay-gradient":""}},"ast-content-background-meta":{"desktop":{"background-color":"var(--ast-global-color-5)","background-image":"","background-repeat":"repeat","background-position":"center center","background-size":"auto","background-attachment":"scroll","background-type":"","background-media":"","overlay-type":"","overlay-color":"","overlay-opacity":"","overlay-gradient":""},"tablet":{"background-color":"var(--ast-global-color-5)","background-image":"","background-repeat":"repeat","background-position":"center center","background-size":"auto","background-attachment":"scroll","background-type":"","background-media":"","overlay-type":"","overlay-color":"","overlay-opacity":"","overlay-gradient":""},"mobile":{"background-color":"var(--ast-global-color-5)","background-image":"","background-repeat":"repeat","background-position":"center center","background-size":"auto","background-attachment":"scroll","background-type":"","background-media":"","overlay-type":"","overlay-color":"","overlay-opacity":"","overlay-gradient":""}},"footnotes":""},"class_list":["post-4078","page","type-page","status-publish","hentry"],"uagb_featured_image_src":{"full":false,"thumbnail":false,"medium":false,"medium_large":false,"large":false,"1536x1536":false,"2048x2048":false,"trp-custom-language-flag":false},"uagb_author_info":{"display_name":"Joe","author_link":"https:\/\/led.amasly.com\/pt\/author\/jacklin\/"},"uagb_comment_info":0,"uagb_excerpt":"The Critical Role of Lighting in Healthcare Organizations Healthcare lighting embodies the integration of form and function. In addition to complementing the overall design, healthcare lighting solutions should offer a wide range of precise light distribution options to create multi-layered light environments that promote synchronization of circadian rhythms without the distraction of glare, while being&hellip;","_links":{"self":[{"href":"https:\/\/led.amasly.com\/pt\/wp-json\/wp\/v2\/pages\/4078","targetHints":{"allow":["GET"]}}],"collection":[{"href":"https:\/\/led.amasly.com\/pt\/wp-json\/wp\/v2\/pages"}],"about":[{"href":"https:\/\/led.amasly.com\/pt\/wp-json\/wp\/v2\/types\/page"}],"author":[{"embeddable":true,"href":"https:\/\/led.amasly.com\/pt\/wp-json\/wp\/v2\/users\/1"}],"replies":[{"embeddable":true,"href":"https:\/\/led.amasly.com\/pt\/wp-json\/wp\/v2\/comments?post=4078"}],"version-history":[{"count":1,"href":"https:\/\/led.amasly.com\/pt\/wp-json\/wp\/v2\/pages\/4078\/revisions"}],"predecessor-version":[{"id":4082,"href":"https:\/\/led.amasly.com\/pt\/wp-json\/wp\/v2\/pages\/4078\/revisions\/4082"}],"up":[{"embeddable":true,"href":"https:\/\/led.amasly.com\/pt\/wp-json\/wp\/v2\/pages\/2984"}],"wp:attachment":[{"href":"https:\/\/led.amasly.com\/pt\/wp-json\/wp\/v2\/media?parent=4078"}],"curies":[{"name":"wp","href":"https:\/\/api.w.org\/{rel}","templated":true}]}}