{"id":4077,"date":"2025-07-05T15:35:18","date_gmt":"2025-07-05T07:35:18","guid":{"rendered":"https:\/\/led.amasly.com\/?page_id=4077"},"modified":"2025-07-05T15:35:26","modified_gmt":"2025-07-05T07:35:26","slug":"which-color-led-light-is-best-for-sleeping","status":"publish","type":"page","link":"https:\/\/led.amasly.com\/pt\/knowledge\/led-light-knowledge\/which-color-led-light-is-best-for-sleeping\/","title":{"rendered":"Que cor de luz LED \u00e9 melhor para dormir?"},"content":{"rendered":"<div class=\"wp-block-uagb-container uagb-block-27bae773 alignfull uagb-is-root-container\"><div class=\"uagb-container-inner-blocks-wrap\"><\/div><\/div>\n\n\n\n<h1 class=\"wp-block-heading has-text-align-center\"><strong>Que cor de luz LED \u00e9 melhor para dormir?<\/strong><strong><br><\/strong><strong><\/strong><\/h1>\n\n\n\n<figure class=\"wp-block-image size-full\"><img decoding=\"async\" width=\"855\" height=\"864\" src=\"https:\/\/led.amasly.com\/wp-content\/uploads\/2025\/07\/sleeping-LED-light.png\" alt=\"\" class=\"wp-image-4083\" title=\"\" srcset=\"https:\/\/led.amasly.com\/wp-content\/uploads\/2025\/07\/sleeping-LED-light.png 855w, https:\/\/led.amasly.com\/wp-content\/uploads\/2025\/07\/sleeping-LED-light-297x300.png 297w, https:\/\/led.amasly.com\/wp-content\/uploads\/2025\/07\/sleeping-LED-light-768x776.png 768w, https:\/\/led.amasly.com\/wp-content\/uploads\/2025\/07\/sleeping-LED-light-12x12.png 12w\" sizes=\"(max-width: 855px) 100vw, 855px\" \/><\/figure>\n\n\n\n<p>\u00c9 frequente vermos conselhos que nos lembram que devemos manter-nos afastados das cores brilhantes perto da hora de dormir. A verdade \u00e9 que certas cores de luz ajudam de facto a dormir. Isto acontece porque a hormona melatonina desempenha um papel crucial no ciclo de sono do nosso corpo. Ent\u00e3o, como \u00e9 que a luz afecta exatamente o nosso sono? E que cores de luzes LED o ajudam a dormir?<\/p>\n\n\n\n<figure class=\"wp-block-image size-full\"><img decoding=\"async\" width=\"800\" height=\"533\" src=\"https:\/\/led.amasly.com\/wp-content\/uploads\/2025\/07\/sleeping-lighting.png\" alt=\"\" class=\"wp-image-4084\" title=\"\" srcset=\"https:\/\/led.amasly.com\/wp-content\/uploads\/2025\/07\/sleeping-lighting.png 800w, https:\/\/led.amasly.com\/wp-content\/uploads\/2025\/07\/sleeping-lighting-300x200.png 300w, https:\/\/led.amasly.com\/wp-content\/uploads\/2025\/07\/sleeping-lighting-768x512.png 768w, https:\/\/led.amasly.com\/wp-content\/uploads\/2025\/07\/sleeping-lighting-18x12.png 18w\" sizes=\"(max-width: 800px) 100vw, 800px\" \/><\/figure>\n\n\n\n<h2 class=\"wp-block-heading\"><strong>Como \u00e9 que a luz afecta o sono?<\/strong><strong><\/strong><\/h2>\n\n\n\n<p>A luz afecta grandemente o nosso ritmo circadiano, que \u00e9 o rel\u00f3gio biol\u00f3gico que controla a altura em que temos de dormir. Este rel\u00f3gio biol\u00f3gico funciona num ciclo de 24 horas. Quando est\u00e1 claro l\u00e1 fora, o corpo sabe que est\u00e1 na altura de se levantar; quando est\u00e1 escuro, o corpo prepara-se para dormir.<\/p>\n\n\n\n<p>O corpo recebe sinais de vig\u00edlia e de sono atrav\u00e9s do ritmo do nascer e do p\u00f4r do sol. Especificamente, a luz quente do sol poente pode sugerir que \u00e9 altura de ir para a cama. No entanto, as pessoas utilizam frequentemente fontes de luz artificial ap\u00f3s o p\u00f4r do sol, o que pode perturbar os ritmos circadianos e levar a ins\u00f3nias e outras perturba\u00e7\u00f5es do sono.<\/p>\n\n\n\n<p>A hormona natural melatonina, que promove o sono, tamb\u00e9m \u00e9 afetada pela luz. Em ambientes escuros, a gl\u00e2ndula pineal do c\u00e9rebro segrega melatonina. No entanto, certas formas de luz, como a luz azul, inibem a produ\u00e7\u00e3o de melatonina.<\/p>\n\n\n\n<h2 class=\"wp-block-heading\"><strong>Que cor de luz LED \u00e9 m\u00e1 para o sono?<\/strong><strong><\/strong><\/h2>\n\n\n\n<p>As cores frias da luz LED podem dificultar o adormecimento do corpo, em compara\u00e7\u00e3o com as cores mais quentes que podem ajudar a dormir. Uma luz mais fria pode mant\u00ea-lo acordado \u00e0 noite porque promove a concentra\u00e7\u00e3o e o foco.<\/p>\n\n\n\n<p><strong>LUZ AZUL: <\/strong>As luzes nocturnas de luz azul s\u00e3o m\u00e1s para o sono porque t\u00eam um efeito espec\u00edfico nos ritmos circadianos e podem atuar nos fotorreceptores dos olhos. Para al\u00e9m de suprimir a melatonina, a luz azul ajuda o corpo a manter-se acordado. A exposi\u00e7\u00e3o frequente \u00e0 luz azul durante a noite pode induzir o corpo a pensar que ainda \u00e9 dia, o que pode perturbar os ritmos circadianos e reduzir a qualidade do sono.<\/p>\n\n\n\n<p><strong>Luz verde: <\/strong>\u00c0 semelhan\u00e7a da luz azul, a luz verde reduz a sonol\u00eancia ao diminuir a produ\u00e7\u00e3o de melatonina. Embora a luz azul reduza os n\u00edveis de melatonina duas vezes mais do que a luz verde, \u00e9 melhor evitar a exposi\u00e7\u00e3o \u00e0 luz verde antes de deitar.<\/p>\n\n\n\n<figure class=\"wp-block-image size-full\"><img decoding=\"async\" width=\"800\" height=\"498\" src=\"https:\/\/led.amasly.com\/wp-content\/uploads\/2025\/07\/color-lights.png\" alt=\"\" class=\"wp-image-4085\" title=\"\" srcset=\"https:\/\/led.amasly.com\/wp-content\/uploads\/2025\/07\/color-lights.png 800w, https:\/\/led.amasly.com\/wp-content\/uploads\/2025\/07\/color-lights-300x187.png 300w, https:\/\/led.amasly.com\/wp-content\/uploads\/2025\/07\/color-lights-768x478.png 768w, https:\/\/led.amasly.com\/wp-content\/uploads\/2025\/07\/color-lights-18x12.png 18w\" sizes=\"(max-width: 800px) 100vw, 800px\" \/><\/figure>\n\n\n\n<h2 class=\"wp-block-heading\"><strong>Que cores de luzes s\u00e3o melhores para dormir?<\/strong><strong><\/strong><\/h2>\n\n\n\n<p>O vermelho e o \u00e2mbar s\u00e3o as cores ideais para a luz nocturna, pois s\u00e3o tons calmantes e agrad\u00e1veis que ajudam a promover um sono reparador. Acredita-se que as cores pr\u00f3ximas do vermelho no espetro promovem a s\u00edntese da melatonina. A luz vermelha \u00e9 a cor mais desej\u00e1vel para o sono porque tem uma temperatura de cor mais baixa do que a luz solar normal. Com a sua temperatura de cor mais baixa e o facto de os nossos c\u00e9rebros n\u00e3o responderem t\u00e3o fortemente ao seu comprimento de onda, a luz vermelha \u00e9 ideal para a transi\u00e7\u00e3o do dia para a noite sem perturbar o ciclo do sono.<\/p>\n\n\n\n<p><strong>LUZ \u00c2MBAR: <\/strong>A luz \u00e2mbar promove a produ\u00e7\u00e3o de melatonina e faz-nos sentir mais relaxados. A utiliza\u00e7\u00e3o de ilumina\u00e7\u00e3o LED \u00e2mbar nas nossas casas protege os nossos olhos da luz azul nociva e permite-nos adormecer facilmente. A luz \u00e2mbar \u00e9 semelhante ao comprimento de onda \u00e2mbar da luz das velas e \u00e9 uma cor muito relaxante que pode ajudar a adormecer rapidamente.<\/p>\n\n\n\n<p><strong>LUZ VERMELHA: <\/strong>A luz vermelha \u00e9 tamb\u00e9m uma cor ideal para ajudar a dormir, devido \u00e0 sua temperatura de cor mais baixa e \u00e0 sua resposta mais fraca aos comprimentos de onda do c\u00e9rebro, tornando-a ideal para a transi\u00e7\u00e3o do dia para a noite e ajudando a manter um bom ciclo de sono.<\/p>\n\n\n\n<figure class=\"wp-block-image size-full\"><img decoding=\"async\" width=\"800\" height=\"534\" src=\"https:\/\/led.amasly.com\/wp-content\/uploads\/2025\/07\/RED-LIGHT.png\" alt=\"\" class=\"wp-image-4086\" title=\"\" srcset=\"https:\/\/led.amasly.com\/wp-content\/uploads\/2025\/07\/RED-LIGHT.png 800w, https:\/\/led.amasly.com\/wp-content\/uploads\/2025\/07\/RED-LIGHT-300x200.png 300w, https:\/\/led.amasly.com\/wp-content\/uploads\/2025\/07\/RED-LIGHT-768x513.png 768w, https:\/\/led.amasly.com\/wp-content\/uploads\/2025\/07\/RED-LIGHT-18x12.png 18w\" sizes=\"(max-width: 800px) 100vw, 800px\" \/><\/figure>\n\n\n\n<p>De longe <strong>a cor de luz LED mais \u00fatil para um sono relaxante \u00e9 o vermelho.<\/strong>&nbsp;A escolha de uma luz LED vermelha como luz de dormir garante que esta n\u00e3o perturbar\u00e1 o seu ritmo circadiano. Por conseguinte, a utiliza\u00e7\u00e3o da luz vermelha algumas horas antes de se deitar facilitar\u00e1, sem d\u00favida, o adormecimento. Al\u00e9m disso, se acordar durante a noite, a luz vermelha \u00e9 mais \u00fatil para o ajudar a voltar a adormecer do que a luz azul ou verde.<\/p>\n\n\n\n<p>Ent\u00e3o, porque \u00e9 que a luz vermelha \u00e9 a melhor cor de luz LED para dormir? Devido ao seu comprimento de onda mais longo (cerca de 620-750 nan\u00f3metros), a luz vermelha tem um efeito inibidor mais fraco na secre\u00e7\u00e3o de melatonina. Enquanto a luz azul e verde, com comprimentos de onda entre 450-495 nan\u00f3metros e 495-570 nan\u00f3metros, afecta negativamente os n\u00edveis de melatonina, perturbando assim os padr\u00f5es de sono. Estudos cient\u00edficos demonstraram que os nossos olhos s\u00e3o mais sens\u00edveis \u00e0 luz azul, o que faz deste comprimento de onda o fator mais poderoso na perturba\u00e7\u00e3o dos processos fisiol\u00f3gicos do nosso corpo durante a noite.<\/p>\n\n\n\n<h2 class=\"wp-block-heading\"><strong>Ent\u00e3o, qual \u00e9 a temperatura de cor ideal para o LED para dormir?<\/strong><strong><\/strong><\/h2>\n\n\n\n<p>Para al\u00e9m de escolher l\u00e2mpadas LED numa variedade de cores, pode melhorar o seu ambiente de ilumina\u00e7\u00e3o interior utilizando l\u00e2mpadas LED brancas com temperaturas de cor que variam entre tons quentes e frios.<strong>&nbsp;Para ambientes de dormir, as luzes LED de tonalidade amarela quente com temperaturas de cor entre 2700K e 3500K funcionam melhor.<\/strong>&nbsp;Estas luzes LED t\u00eam uma menor emiss\u00e3o de luz azul, o que reduz a probabilidade de perturbar os ritmos circadianos.<\/p>\n\n\n\n<p>A seguir, s\u00e3o apresentadas informa\u00e7\u00f5es sobre os n\u00edveis ideais de temperatura da cor do LED para diferentes ambientes relacionados com o sono:<\/p>\n\n\n\n<p>2700K - 3500K, zona de relaxamento na hora de dormir, 9\/10 (mais prop\u00edcio ao sono)<\/p>\n\n\n\n<p>2700K - 3500K, ilumina\u00e7\u00e3o do n\u00facleo do quarto, 10\/10<\/p>\n\n\n\n<p>4000K - 5000K, regi\u00e3o de vig\u00edlia, 5\/10 (pode atrasar a contagem de melatonina)<\/p>\n\n\n\n<figure class=\"wp-block-image size-full\"><img decoding=\"async\" width=\"800\" height=\"600\" src=\"https:\/\/led.amasly.com\/wp-content\/uploads\/2025\/07\/sleep-LED-color-temperature.png\" alt=\"\" class=\"wp-image-4087\" title=\"\" srcset=\"https:\/\/led.amasly.com\/wp-content\/uploads\/2025\/07\/sleep-LED-color-temperature.png 800w, https:\/\/led.amasly.com\/wp-content\/uploads\/2025\/07\/sleep-LED-color-temperature-300x225.png 300w, https:\/\/led.amasly.com\/wp-content\/uploads\/2025\/07\/sleep-LED-color-temperature-768x576.png 768w, https:\/\/led.amasly.com\/wp-content\/uploads\/2025\/07\/sleep-LED-color-temperature-16x12.png 16w\" sizes=\"(max-width: 800px) 100vw, 800px\" \/><\/figure>\n\n\n\n<h2 class=\"wp-block-heading\"><strong>Escolher a cor de luz LED correta para diferentes espa\u00e7os<\/strong><strong><\/strong><\/h2>\n\n\n\n<p><strong>QUARTO: <\/strong>As luzes LED vermelhas ou \u00e2mbar s\u00e3o as melhores luzes LED para ajudar a dormir. Enquadram-se no ciclo de sono inerente ao corpo e criam um ambiente tranquilo que o ajuda a dormir.<\/p>\n\n\n\n<p><strong>Escrit\u00f3rio e sala de estar: <\/strong>Embora estes dois locais n\u00e3o sejam ideais para dormir, a utiliza\u00e7\u00e3o de ilumina\u00e7\u00e3o com temperaturas de cor ajust\u00e1veis pode ajudar na transi\u00e7\u00e3o de um estado ativo para um estado relaxado. A utiliza\u00e7\u00e3o de ilumina\u00e7\u00e3o \u00e2mbar \u00e0 noite pode ajudar a preparar o corpo para o sono.<\/p>\n\n\n\n<p><strong>Salas para beb\u00e9s e crian\u00e7as pequenas: <\/strong>As luzes de presen\u00e7a vermelhas, \u00e2mbar ou cor-de-rosa suaves s\u00e3o recomendadas para beb\u00e9s e crian\u00e7as, uma vez que estas cores promovem o relaxamento sem perturbar o ciclo sono-despertar.<\/p>\n\n\n\n<p><strong>Despertar: <\/strong>As luzes mais brilhantes, como as brancas ou azuis brilhantes, podem ser utilizadas de manh\u00e3 para aumentar o estado de alerta e informar o corpo de que est\u00e1 na altura de se levantar.<\/p>\n\n\n\n<p>Para adaptar a ilumina\u00e7\u00e3o LED a diferentes ocasi\u00f5es, as luzes LED RGB s\u00e3o excelentes op\u00e7\u00f5es. Estas l\u00e2mpadas\/tiras que mudam de cor apresentam uma vasta gama de cores atrav\u00e9s de uma combina\u00e7\u00e3o de cores prim\u00e1rias vermelhas, verdes e azuis. A melhor ilumina\u00e7\u00e3o para ajudar a dormir s\u00e3o as luzes LED com temperatura de cor ajust\u00e1vel, que permitem controlar o espetro da luz branca para corresponder a diferentes necessidades de atividade.<\/p>\n\n\n\n<h2 class=\"wp-block-heading\"><strong>Perguntas mais frequentes<\/strong><strong><\/strong><\/h2>\n\n\n\n<p><strong>P: A luz azul das l\u00e2mpadas LED \u00e9 m\u00e1 para os meus olhos?<\/strong><\/p>\n\n\n\n<p><strong>A: <\/strong>Quando expostas a luz azul de alta intensidade, as pessoas sofrem de anomalias na vis\u00e3o das cores e tamb\u00e9m t\u00eam problemas de encandeamento. No entanto, a intensidade da luz azul emitida pelas l\u00e2mpadas LED utilizadas em casa n\u00e3o atinge geralmente n\u00edveis prejudiciais para os olhos.<\/p>\n\n\n\n<p><strong>P: Qual \u00e9 a cor da luz LED mais brilhante?<\/strong><br><strong>&nbsp;A: <\/strong>O olho humano \u00e9 mais sens\u00edvel a cores de comprimento de onda curto (como o azul) com o mesmo n\u00edvel de brilho. Por conseguinte, as luzes de cores mais frias tendem a parecer um pouco mais brilhantes.<\/p>\n\n\n\n<p><strong>P: Onde \u00e9 que a luz quente e a luz fria se aplicam?<\/strong><br><strong>&nbsp;A: <\/strong>Nas \u00e1reas residenciais, a luz branca quente \u00e9 preferida para criar um ambiente relaxante. Em locais onde \u00e9 necess\u00e1rio estar alerta e ter clareza visual, como locais de trabalho e esta\u00e7\u00f5es, a utiliza\u00e7\u00e3o de luz fria \u00e9 essencial.<\/p>\n\n\n\n<h2 class=\"wp-block-heading\"><strong>Resumo<\/strong><\/h2>\n\n\n\n<p class=\"has-text-align-left\">\u00c9 fundamental compreender a rela\u00e7\u00e3o entre a luz e o sono e criar um ambiente que o ajude a dormir. A escolha da cor correta das luzes LED, como as l\u00e2mpadas vermelhas para os son\u00edferos, pode melhorar muito a qualidade do seu sono.<\/p>\n\n\n\n<div class=\"wp-block-uagb-container uagb-block-c7d898dd alignfull uagb-is-root-container\"><div class=\"uagb-container-inner-blocks-wrap\"><\/div><\/div>\n\n\n\n<h2 class=\"wp-block-heading\">Produtos relacionados<\/h2>\n\n\n\n<div class=\"wp-block-uagb-container uagb-block-66e4defc alignfull uagb-is-root-container\"><div class=\"uagb-container-inner-blocks-wrap\">\n<div class=\"wp-block-uagb-container uagb-block-a42945f9\">\n<div class=\"wp-block-uagb-image uagb-block-7296296b wp-block-uagb-image--layout-default wp-block-uagb-image--effect-static wp-block-uagb-image--align-none\"><figure class=\"wp-block-uagb-image__figure\"><a class=\"\" href=\"https:\/\/led.amasly.com\/pt\/products\/\" target=\"\" rel=\"noopener\"><img decoding=\"async\" srcset=\"https:\/\/led.amasly.com\/wp-content\/uploads\/2024\/09\/Explosion-proof-high-bay-lights.png ,https:\/\/led.amasly.com\/wp-content\/uploads\/2024\/09\/Explosion-proof-high-bay-lights.png 780w, https:\/\/led.amasly.com\/wp-content\/uploads\/2024\/09\/Explosion-proof-high-bay-lights.png 360w\" sizes=\"auto, (max-width: 480px) 150px\" src=\"https:\/\/led.amasly.com\/wp-content\/uploads\/2024\/09\/Explosion-proof-high-bay-lights.png\" alt=\"\" class=\"uag-image-1495\" width=\"300\" height=\"300\" title=\"Luzes de ba\u00eda alta \u00e0 prova de explos\u00e3o\" loading=\"lazy\" role=\"img\"><\/a><\/figure><\/div>\n<\/div>\n\n\n\n<div class=\"wp-block-uagb-container uagb-block-4d3efde5\">\n<div class=\"wp-block-uagb-image uagb-block-c9e90797 wp-block-uagb-image--layout-default wp-block-uagb-image--effect-static wp-block-uagb-image--align-none\"><figure class=\"wp-block-uagb-image__figure\"><a class=\"\" href=\"https:\/\/led.amasly.com\/pt\/products\/\" target=\"\" rel=\"noopener\"><img decoding=\"async\" srcset=\"https:\/\/led.amasly.com\/wp-content\/uploads\/2024\/07\/LED-tri-proof-lights2.png ,https:\/\/led.amasly.com\/wp-content\/uploads\/2024\/07\/LED-tri-proof-lights2.png 780w, https:\/\/led.amasly.com\/wp-content\/uploads\/2024\/07\/LED-tri-proof-lights2.png 360w\" sizes=\"auto, (max-width: 480px) 150px\" src=\"https:\/\/led.amasly.com\/wp-content\/uploads\/2024\/07\/LED-tri-proof-lights2.png\" alt=\"\" class=\"uag-image-1132\" width=\"300\" height=\"300\" title=\"Luzes LED \u00e0 prova de tripla prote\u00e7\u00e3o2\" loading=\"lazy\" role=\"img\"><\/a><\/figure><\/div>\n<\/div>\n\n\n\n<div class=\"wp-block-uagb-container uagb-block-11c2578b\">\n<div class=\"wp-block-uagb-image uagb-block-6e8883aa wp-block-uagb-image--layout-default wp-block-uagb-image--effect-static wp-block-uagb-image--align-none\"><figure class=\"wp-block-uagb-image__figure\"><a class=\"\" href=\"https:\/\/led.amasly.com\/pt\/products\/\" target=\"\" rel=\"noopener\"><img decoding=\"async\" srcset=\"https:\/\/led.amasly.com\/wp-content\/uploads\/2024\/09\/LED-Explosion-Proof-Gas-Station-Light.png ,https:\/\/led.amasly.com\/wp-content\/uploads\/2024\/09\/LED-Explosion-Proof-Gas-Station-Light.png 780w, https:\/\/led.amasly.com\/wp-content\/uploads\/2024\/09\/LED-Explosion-Proof-Gas-Station-Light.png 360w\" sizes=\"auto, (max-width: 480px) 150px\" src=\"https:\/\/led.amasly.com\/wp-content\/uploads\/2024\/09\/LED-Explosion-Proof-Gas-Station-Light.png\" alt=\"\" class=\"uag-image-1501\" width=\"300\" height=\"300\" title=\"Luz LED para esta\u00e7\u00e3o de servi\u00e7o \u00e0 prova de explos\u00e3o\" loading=\"lazy\" role=\"img\"><\/a><\/figure><\/div>\n<\/div>\n<\/div><\/div>\n\n\n\n<div class=\"wp-block-uagb-container uagb-block-548945b5 alignfull uagb-is-root-container\"><div class=\"uagb-container-inner-blocks-wrap\">\n<div class=\"wp-block-uagb-container uagb-block-967755d5\">\n<h4 class=\"wp-block-heading has-text-align-center\"><a href=\"https:\/\/led.amasly.com\/pt\/products\/\">Luzes LED \u00e0 prova de explos\u00e3o<\/a><\/h4>\n<\/div>\n\n\n\n<div class=\"wp-block-uagb-container uagb-block-9bc52fc2\">\n<h4 class=\"wp-block-heading has-text-align-center\"><a href=\"https:\/\/led.amasly.com\/pt\/products\/\">Luzes LED Tri-Proof<\/a><\/h4>\n<\/div>\n\n\n\n<div class=\"wp-block-uagb-container uagb-block-8ffa0a23\">\n<h4 class=\"wp-block-heading has-text-align-center\"><a href=\"https:\/\/led.amasly.com\/pt\/products\/\">Luzes para postos de gasolina \u00e0 prova de explos\u00e3o<\/a><\/h4>\n<\/div>\n<\/div><\/div>\n\n\n\n<div class=\"wp-block-uagb-container uagb-block-29499fe0 alignfull uagb-is-root-container\"><div class=\"uagb-container-inner-blocks-wrap\">\n<div class=\"wp-block-uagb-container uagb-block-777ee1c7\">\n<div class=\"wp-block-uagb-image uagb-block-2e9a1851 wp-block-uagb-image--layout-default wp-block-uagb-image--effect-static wp-block-uagb-image--align-none\"><figure class=\"wp-block-uagb-image__figure\"><a class=\"\" href=\"https:\/\/led.amasly.com\/pt\/products\/\" target=\"\" rel=\"noopener\"><img decoding=\"async\" srcset=\"https:\/\/led.amasly.com\/wp-content\/uploads\/2024\/10\/50W-100W-150W-200W-300W-LED-Flood-Light.jpg ,https:\/\/led.amasly.com\/wp-content\/uploads\/2024\/10\/50W-100W-150W-200W-300W-LED-Flood-Light.jpg 780w, https:\/\/led.amasly.com\/wp-content\/uploads\/2024\/10\/50W-100W-150W-200W-300W-LED-Flood-Light.jpg 360w\" sizes=\"auto, (max-width: 480px) 150px\" src=\"https:\/\/led.amasly.com\/wp-content\/uploads\/2024\/10\/50W-100W-150W-200W-300W-LED-Flood-Light.jpg\" alt=\"\" class=\"uag-image-1526\" width=\"300\" height=\"300\" title=\"Holofote LED 50W 100W 150W 200W 300W\" loading=\"lazy\" role=\"img\"><\/a><\/figure><\/div>\n<\/div>\n\n\n\n<div class=\"wp-block-uagb-container uagb-block-af8c8683\">\n<div class=\"wp-block-uagb-image uagb-block-67947854 wp-block-uagb-image--layout-default wp-block-uagb-image--effect-static wp-block-uagb-image--align-none\"><figure class=\"wp-block-uagb-image__figure\"><a class=\"\" href=\"https:\/\/led.amasly.com\/pt\/products\/\" target=\"\" rel=\"noopener\"><img decoding=\"async\" srcset=\"https:\/\/led.amasly.com\/wp-content\/uploads\/2024\/07\/led-tri-proof-light.png ,https:\/\/led.amasly.com\/wp-content\/uploads\/2024\/07\/led-tri-proof-light.png 780w, https:\/\/led.amasly.com\/wp-content\/uploads\/2024\/07\/led-tri-proof-light.png 360w\" sizes=\"auto, (max-width: 480px) 150px\" src=\"https:\/\/led.amasly.com\/wp-content\/uploads\/2024\/07\/led-tri-proof-light.png\" alt=\"\" class=\"uag-image-1130\" width=\"300\" height=\"300\" title=\"luz led-tri-proof\" loading=\"lazy\" role=\"img\"><\/a><\/figure><\/div>\n<\/div>\n\n\n\n<div class=\"wp-block-uagb-container uagb-block-0fdfdd58\">\n<div class=\"wp-block-uagb-image uagb-block-1187d32d wp-block-uagb-image--layout-default wp-block-uagb-image--effect-static wp-block-uagb-image--align-none\"><figure class=\"wp-block-uagb-image__figure\"><a class=\"\" href=\"https:\/\/led.amasly.com\/pt\/products\/\" target=\"\" rel=\"noopener\"><img decoding=\"async\" srcset=\"https:\/\/led.amasly.com\/wp-content\/uploads\/2024\/07\/LED-street-light.jpg ,https:\/\/led.amasly.com\/wp-content\/uploads\/2024\/07\/LED-street-light.jpg 780w, https:\/\/led.amasly.com\/wp-content\/uploads\/2024\/07\/LED-street-light.jpg 360w\" sizes=\"auto, (max-width: 480px) 150px\" src=\"https:\/\/led.amasly.com\/wp-content\/uploads\/2024\/07\/LED-street-light.jpg\" alt=\"\" class=\"uag-image-1145\" width=\"300\" height=\"300\" title=\"Luz de rua LED\" loading=\"lazy\" role=\"img\"><\/a><\/figure><\/div>\n<\/div>\n<\/div><\/div>\n\n\n\n<div class=\"wp-block-uagb-container uagb-block-6a60882c alignfull uagb-is-root-container\"><div class=\"uagb-container-inner-blocks-wrap\">\n<div class=\"wp-block-uagb-container uagb-block-f1e91a35\">\n<h4 class=\"wp-block-heading has-text-align-center\"><a href=\"https:\/\/led.amasly.com\/pt\/products\/\">Luzes de inunda\u00e7\u00e3o LED<\/a><\/h4>\n<\/div>\n\n\n\n<div class=\"wp-block-uagb-container uagb-block-165bfa58\">\n<h4 class=\"wp-block-heading has-text-align-center\"><a href=\"https:\/\/led.amasly.com\/pt\/products\/\">Tubos de luz LED \u00e0 prova de tripla prote\u00e7\u00e3o<\/a><\/h4>\n<\/div>\n\n\n\n<div class=\"wp-block-uagb-container uagb-block-f6096e3b\">\n<h4 class=\"wp-block-heading has-text-align-center\"><a href=\"https:\/\/led.amasly.com\/pt\/products\/\">Luzes de rua LED<\/a><\/h4>\n<\/div>\n<\/div><\/div>\n\n\n\n<div class=\"wp-block-uagb-container uagb-block-99c0e0a5 alignfull uagb-is-root-container\"><div class=\"uagb-container-inner-blocks-wrap\"><\/div><\/div>\n\n\n\n<p><\/p>","protected":false},"excerpt":{"rendered":"<p>Which color LED light is best for sleeping? We often see advice that reminds us to stay away from bright colors near bedtime. The truth is that certain colors of light do help with sleep. This is because the hormone melatonin plays a crucial role in our body&#8217;s sleep cycle. So how exactly does light [&hellip;]<\/p>\n","protected":false},"author":1,"featured_media":0,"parent":2984,"menu_order":0,"comment_status":"closed","ping_status":"closed","template":"","meta":{"_uag_custom_page_level_css":"","site-sidebar-layout":"no-sidebar","site-content-layout":"","ast-site-content-layout":"default","site-content-style":"default","site-sidebar-style":"default","ast-global-header-display":"","ast-banner-title-visibility":"","ast-main-header-display":"","ast-hfb-above-header-display":"","ast-hfb-below-header-display":"","ast-hfb-mobile-header-display":"","site-post-title":"disabled","ast-breadcrumbs-content":"","ast-featured-img":"","footer-sml-layout":"","ast-disable-related-posts":"","theme-transparent-header-meta":"enabled","adv-header-id-meta":"","stick-header-meta":"","header-above-stick-meta":"","header-main-stick-meta":"","header-below-stick-meta":"","astra-migrate-meta-layouts":"set","ast-page-background-enabled":"default","ast-page-background-meta":{"desktop":{"background-color":"var(--ast-global-color-4)","background-image":"","background-repeat":"repeat","background-position":"center center","background-size":"auto","background-attachment":"scroll","background-type":"","background-media":"","overlay-type":"","overlay-color":"","overlay-opacity":"","overlay-gradient":""},"tablet":{"background-color":"","background-image":"","background-repeat":"repeat","background-position":"center center","background-size":"auto","background-attachment":"scroll","background-type":"","background-media":"","overlay-type":"","overlay-color":"","overlay-opacity":"","overlay-gradient":""},"mobile":{"background-color":"","background-image":"","background-repeat":"repeat","background-position":"center center","background-size":"auto","background-attachment":"scroll","background-type":"","background-media":"","overlay-type":"","overlay-color":"","overlay-opacity":"","overlay-gradient":""}},"ast-content-background-meta":{"desktop":{"background-color":"var(--ast-global-color-5)","background-image":"","background-repeat":"repeat","background-position":"center center","background-size":"auto","background-attachment":"scroll","background-type":"","background-media":"","overlay-type":"","overlay-color":"","overlay-opacity":"","overlay-gradient":""},"tablet":{"background-color":"var(--ast-global-color-5)","background-image":"","background-repeat":"repeat","background-position":"center center","background-size":"auto","background-attachment":"scroll","background-type":"","background-media":"","overlay-type":"","overlay-color":"","overlay-opacity":"","overlay-gradient":""},"mobile":{"background-color":"var(--ast-global-color-5)","background-image":"","background-repeat":"repeat","background-position":"center center","background-size":"auto","background-attachment":"scroll","background-type":"","background-media":"","overlay-type":"","overlay-color":"","overlay-opacity":"","overlay-gradient":""}},"footnotes":""},"class_list":["post-4077","page","type-page","status-publish","hentry"],"uagb_featured_image_src":{"full":false,"thumbnail":false,"medium":false,"medium_large":false,"large":false,"1536x1536":false,"2048x2048":false,"trp-custom-language-flag":false},"uagb_author_info":{"display_name":"Joe","author_link":"https:\/\/led.amasly.com\/pt\/author\/jacklin\/"},"uagb_comment_info":0,"uagb_excerpt":"Which color LED light is best for sleeping? We often see advice that reminds us to stay away from bright colors near bedtime. The truth is that certain colors of light do help with sleep. This is because the hormone melatonin plays a crucial role in our body&#8217;s sleep cycle. So how exactly does light&hellip;","_links":{"self":[{"href":"https:\/\/led.amasly.com\/pt\/wp-json\/wp\/v2\/pages\/4077","targetHints":{"allow":["GET"]}}],"collection":[{"href":"https:\/\/led.amasly.com\/pt\/wp-json\/wp\/v2\/pages"}],"about":[{"href":"https:\/\/led.amasly.com\/pt\/wp-json\/wp\/v2\/types\/page"}],"author":[{"embeddable":true,"href":"https:\/\/led.amasly.com\/pt\/wp-json\/wp\/v2\/users\/1"}],"replies":[{"embeddable":true,"href":"https:\/\/led.amasly.com\/pt\/wp-json\/wp\/v2\/comments?post=4077"}],"version-history":[{"count":1,"href":"https:\/\/led.amasly.com\/pt\/wp-json\/wp\/v2\/pages\/4077\/revisions"}],"predecessor-version":[{"id":4088,"href":"https:\/\/led.amasly.com\/pt\/wp-json\/wp\/v2\/pages\/4077\/revisions\/4088"}],"up":[{"embeddable":true,"href":"https:\/\/led.amasly.com\/pt\/wp-json\/wp\/v2\/pages\/2984"}],"wp:attachment":[{"href":"https:\/\/led.amasly.com\/pt\/wp-json\/wp\/v2\/media?parent=4077"}],"curies":[{"name":"wp","href":"https:\/\/api.w.org\/{rel}","templated":true}]}}