{"id":4007,"date":"2025-05-29T21:00:00","date_gmt":"2025-05-29T13:00:00","guid":{"rendered":"https:\/\/led.amasly.com\/?page_id=4007"},"modified":"2026-01-22T13:44:50","modified_gmt":"2026-01-22T05:44:50","slug":"underground-comprehensive-tube-corridor-led-explosion-proof-lighting-solutions","status":"publish","type":"page","link":"https:\/\/led.amasly.com\/pt\/solutions\/underground-comprehensive-tube-corridor-led-explosion-proof-lighting-solutions\/","title":{"rendered":"Solu\u00e7\u00f5es de ilumina\u00e7\u00e3o LED \u00e0 prova de explos\u00e3o para corredores tubulares subterr\u00e2neos"},"content":{"rendered":"<div class=\"wp-block-uagb-container uagb-block-27bae773 alignfull uagb-is-root-container\"><div class=\"uagb-container-inner-blocks-wrap\"><\/div><\/div>\n\n\n\n<h1 class=\"wp-block-heading has-text-align-center\">Solu\u00e7\u00e3o de ilumina\u00e7\u00e3o LED \u00e0 prova de explos\u00e3o para corredores tubulares subterr\u00e2neos<\/h1>\n\n\n\n<h2 class=\"wp-block-heading\"><strong>Solu\u00e7\u00e3o de ilumina\u00e7\u00e3o \u00e0 prova de explos\u00e3o: Estado da ilumina\u00e7\u00e3o do corredor de tubos subterr\u00e2neo:<\/strong><\/h2>\n\n\n\n<figure class=\"wp-block-image aligncenter size-full\"><img decoding=\"async\" width=\"710\" height=\"710\" src=\"https:\/\/led.amasly.com\/wp-content\/uploads\/2025\/12\/Explosion-proof-linear-lights.jpg\" alt=\"explosion proof lighting solutions\" class=\"wp-image-4397\" title=\"\" srcset=\"https:\/\/led.amasly.com\/wp-content\/uploads\/2025\/12\/Explosion-proof-linear-lights.jpg 710w, https:\/\/led.amasly.com\/wp-content\/uploads\/2025\/12\/Explosion-proof-linear-lights-300x300.jpg 300w, https:\/\/led.amasly.com\/wp-content\/uploads\/2025\/12\/Explosion-proof-linear-lights-150x150.jpg 150w, https:\/\/led.amasly.com\/wp-content\/uploads\/2025\/12\/Explosion-proof-linear-lights-12x12.jpg 12w\" sizes=\"(max-width: 710px) 100vw, 710px\" \/><\/figure>\n\n\n\n<p>\u00a0\u00a0\u00a0\u00a0\u00a0\u00a0Corredor de tubagem subterr\u00e2neo abrangente, refere-se a uma variedade de natureza p\u00fablica do alojamento centralizado da tubagem num s\u00f3, e vazio para os funcion\u00e1rios do trabalho de manuten\u00e7\u00e3o que andam na estrutura de constru\u00e7\u00e3o de engenharia do t\u00fanel.<\/p>\n\n\n\n<p><br> Este conceito de design n\u00e3o s\u00f3 poupa espa\u00e7o interior no solo, como a centraliza\u00e7\u00e3o da tubagem tamb\u00e9m \u00e9 f\u00e1cil de gerir e manter.<br> O desenvolvimento econ\u00f3mico, o desenvolvimento social e os benef\u00edcios ecol\u00f3gicos do corredor de tubos subterr\u00e2neo podem satisfazer as necessidades de ilumina\u00e7\u00e3o do corredor de tubos subterr\u00e2neo.<br> Pode permitir que o pessoal do corredor de tubos subterr\u00e2neo manipule a situa\u00e7\u00e3o de an\u00e1lise global da vista panor\u00e2mica do corredor de tubos subterr\u00e2neo, o que \u00e9 ben\u00e9fico para a manuten\u00e7\u00e3o e a reconstru\u00e7\u00e3o.<\/p>\n\n\n\n<p><br>A constru\u00e7\u00e3o de engenharia de corredor de tubagem subterr\u00e2nea abrangente e a constru\u00e7\u00e3o de engenharia de solo n\u00e3o s\u00e3o a mesma coisa. Tendo em conta os factores objectivos do ambiente circundante sofreram restri\u00e7\u00f5es, o solo est\u00e1 molhado, nenhum equipamento de ilumina\u00e7\u00e3o n\u00e3o pode engenharia de constru\u00e7\u00e3o, equipamento de ilumina\u00e7\u00e3o tempor\u00e1ria tamb\u00e9m \u00e9 muito importante.<br> Brilho do equipamento de ilumina\u00e7\u00e3o do estaleiro de constru\u00e7\u00e3o, consumo de energia de seguran\u00e7a da constru\u00e7\u00e3o de engenharia merecidamente.<\/p>\n\n\n\n<h2 class=\"wp-block-heading\"><strong>Solu\u00e7\u00e3o de ilumina\u00e7\u00e3o \u00e0 prova de explos\u00e3o: A ilumina\u00e7\u00e3o tradicional do estaleiro de constru\u00e7\u00e3o com equipamento el\u00e9trico, como l\u00e2mpadas e tubos de luz LED, apresenta os seguintes problemas<\/strong>\u3000<\/h2>\n\n\n\n<p>1, a instala\u00e7\u00e3o do pavimento tempor\u00e1rio da conduta \u00e9 f\u00e1cil de ser utilizada pelos trabalhadores da constru\u00e7\u00e3o como eletricidade tempor\u00e1ria para a constru\u00e7\u00e3o, resultando em potenciais riscos de seguran\u00e7a.<\/p>\n\n\n\n<p>2, a instala\u00e7\u00e3o pode ser l\u00e2mpadas led, l\u00e2mpadas e outros equipamentos de ilumina\u00e7\u00e3o e tubagens, na instala\u00e7\u00e3o de equipamentos de ilumina\u00e7\u00e3o, os custos de m\u00e3o de obra comuns e os benef\u00edcios marginais s\u00e3o demasiado elevados.<\/p>\n\n\n\n<p>3 \u3001 O equipamento de ilumina\u00e7\u00e3o \u00e9 f\u00e1cil de ser danificado por fatores humanos, e ap\u00f3s o uso do transporte, danos e outros fatores dif\u00edceis de realizar a reutiliza\u00e7\u00e3o.<\/p>\n\n\n\n<p>4, no corredor de tubos subterr\u00e2neo abrangente na humidade relativa, o equipamento de ilumina\u00e7\u00e3o tradicional \u00e9 f\u00e1cil de enferrujar, levar\u00e1 a problemas de falha de curto-circuito, resultando em toda a estrada atrav\u00e9s dos problemas comuns de falha.<\/p>\n\n\n\n<p>5, longas dist\u00e2ncias entre t\u00faneis combinadas com cabos antigos ou com n\u00facleo de alum\u00ednio causam uma queda de tens\u00e3o excessiva. Isto resulta numa ilumina\u00e7\u00e3o fraca, no desgaste prematuro dos aparelhos e na interrup\u00e7\u00e3o da constru\u00e7\u00e3o.<\/p>\n\n\n\n<p>&nbsp;&nbsp;&nbsp;&nbsp;&nbsp;&nbsp;&nbsp;&nbsp;Por conseguinte, um conjunto de programas eficazes, simples e claros de ilumina\u00e7\u00e3o de corredores de condutas subterr\u00e2neas \u00e9 tamb\u00e9m particularmente importante.<\/p>\n\n\n\n<p>A utiliza\u00e7\u00e3o de uma fonte de luz s\u00f3lida LED, sem derretimento, envelhecimento do n\u00edvel el\u00e9trico e outros problemas, a esperan\u00e7a m\u00e9dia de vida de mais de 50.000 horas, \u00e9 a vida \u00fatil atual da longevidade da fonte de luz sem repara\u00e7\u00e3o e manuten\u00e7\u00e3o.<\/p>\n\n\n\n<p>&nbsp;&nbsp;&nbsp;&nbsp;&nbsp;&nbsp;&nbsp;&nbsp;A mesma ilumina\u00e7\u00e3o em compara\u00e7\u00e3o com a fonte de luz tradicional verde 50 ~ 70%, com pot\u00eancia relativamente pequena, em vez das tradicionais lumin\u00e1rias de alta pot\u00eancia, para cumprir os regulamentos de prote\u00e7\u00e3o ambiental e poupan\u00e7a de energia, lumin\u00e1rias suaves e dur\u00e1veis. <\/p>\n\n\n\n<p>       Pode tamb\u00e9m proporcionar uma disposi\u00e7\u00e3o razo\u00e1vel da ilumina\u00e7\u00e3o, cromaticidade, medi\u00e7\u00e3o da ilumina\u00e7\u00e3o, uma sele\u00e7\u00e3o mais abrangente de v\u00e1rias l\u00e2mpadas e lanternas.<\/p>\n\n\n\n<p>&nbsp;&nbsp;&nbsp;&nbsp;&nbsp;&nbsp;&nbsp;&nbsp;&nbsp;Por conseguinte, o nascimento de um corredor subterr\u00e2neo integrado com ilumina\u00e7\u00e3o LED \u00e0 prova de explos\u00e3o, muito bom tratamento do corredor subterr\u00e2neo integrado devido \u00e0 humidade e ao frio, \u00e0 corros\u00e3o e a problemas fortes, muito boa ilumina\u00e7\u00e3o.<\/p>\n\n\n\n<p>Padr\u00e3o: <a href=\"http:\/\/www.iec.com\" rel=\"nofollow noopener\" target=\"_blank\">IEC 60598 IEC60079<\/a><\/p>\n\n\n\n<h2 class=\"wp-block-heading\"><strong>FAQ da Luz Amasly<\/strong><\/h2>\n\n\n\n<p><strong>Q1. posso ter uma ordem da amostra para a luz do diodo emissor de luz?<\/strong><strong><\/strong><\/p>\n\n\n\n<p>R: Sim, aceitamos a encomenda de amostras para testar e verificar a qualidade. Amostras mistas s\u00e3o aceit\u00e1veis.<\/p>\n\n\n\n<p><strong>Q2: E quanto ao prazo de entrega?<\/strong><strong><\/strong><\/p>\n\n\n\n<p>R: A amostra precisa de 3-5 dias, o tempo de produ\u00e7\u00e3o em massa precisa de 1-2 semanas.<\/p>\n\n\n\n<p><strong>Q3.Do voc\u00ea tem algum limite MOQ para ordem de luz led?<\/strong><strong><\/strong><\/p>\n\n\n\n<p>A: Baixo MOQ 1pc para verifica\u00e7\u00e3o de amostra est\u00e1 dispon\u00edvel.<\/p>\n\n\n\n<p><strong>Q4. Como \u00e9 que enviam a mercadoria e quanto tempo demora a chegar?<\/strong><strong><\/strong><\/p>\n\n\n\n<p>R: Normalmente, enviamos por <a href=\"https:\/\/www.dhl.com\" rel=\"nofollow noopener\" target=\"_blank\">DHL<\/a>, UPS, FedEx ou TNT. Normalmente demora 3-5 dias a chegar. O transporte a\u00e9reo e mar\u00edtimo tamb\u00e9m \u00e9 opcional.<\/p>\n\n\n\n<p><strong>Q5. Como proceder a uma encomenda de luz led?<\/strong><strong><\/strong><\/p>\n\n\n\n<p>A:<\/p>\n\n\n\n<p>Em primeiro lugar, informe-nos das suas necessidades ou da sua aplica\u00e7\u00e3o.<\/p>\n\n\n\n<p>Em segundo lugar, fazemos or\u00e7amentos de acordo com as suas necessidades ou as nossas sugest\u00f5es.<\/p>\n\n\n\n<p>Em terceiro lugar, o cliente confirma as amostras e efectua o dep\u00f3sito para a encomenda formal.<\/p>\n\n\n\n<p>Em quarto lugar, organizamos a produ\u00e7\u00e3o.<\/p>\n\n\n\n<p><strong>Q6: \u00c9 poss\u00edvel imprimir o meu <\/strong><strong>LOGO<\/strong><strong>&nbsp;sobre o produto luz led ?<\/strong><strong><\/strong><\/p>\n\n\n\n<p>A: Sim. Por favor, informe-nos formalmente antes da nossa produ\u00e7\u00e3o e confirme o design primeiro com base na nossa amostra.<\/p>\n\n\n\n<p><strong>Q7: Oferecem garantia para os produtos?<\/strong><strong><\/strong><\/p>\n\n\n\n<p>R: Sim, oferecemos 2-5 anos de garantia para os nossos produtos.<\/p>\n\n\n\n<p><strong>Q8: Como lidar com os defeitos?<\/strong><strong><\/strong><\/p>\n\n\n\n<p>A:<\/p>\n\n\n\n<p>Em primeiro lugar, os nossos produtos s\u00e3o produzidos pelo sistema de controlo de qualidade dinstrict e a taxa de defeito ser\u00e1 inferior a 0.2%<\/p>\n\n\n\n<p>Em segundo lugar, durante o per\u00edodo de garantia, forneceremos pe\u00e7as para substituir a pe\u00e7a defeituosa. Para encomendas a granel, forneceremos antecipadamente pe\u00e7as vulner\u00e1veis ou podemos discutir solu\u00e7\u00f5es, incluindo recolhas, com base na situa\u00e7\u00e3o atual.<\/p>\n\n\n\n<p><strong>Q9: Podemos fabricar l\u00e2mpadas de baixa tens\u00e3o \u00e0 prova de explos\u00e3o com tens\u00f5es AC\/DC de 12V, 24V, 36V ou 48V? <\/strong><\/p>\n\n\n\n<p>Amasly pode ser utilizado como luzes \u00e0 prova de explos\u00e3o de baixa e alta tens\u00e3o - AC\/DC 12V, 24V, 36V, 48V, AC 85-265V, AC 380V. <\/p>\n\n\n\n<p><strong>Q10: As baterias de emerg\u00eancia do Explosion Poof Lights podem ser adicionadas? <\/strong><\/p>\n\n\n\n<p>A l\u00e2mpada \u00e0 prova de explos\u00e3o Amasly pode ser equipada com baterias de l\u00edtio de emerg\u00eancia. A dura\u00e7\u00e3o da emerg\u00eancia \u00e9 de 90 minutos, 120 minutos ou 180 minutos. <\/p>\n\n\n\n<p><strong>Q11: A l\u00e2mpada \u00e0 prova de explos\u00e3o Amasly pode ser personalizada como um produto OEM? <\/strong><\/p>\n\n\n\n<p>As l\u00e2mpadas \u00e0 prova de explos\u00e3o Amasly podem ser personalizadas de acordo com os requisitos do cliente, tanto para as l\u00e2mpadas como para as caixas de embalagem.<\/p>\n\n\n\n<div class=\"wp-block-uagb-container uagb-block-c7d898dd alignfull uagb-is-root-container\"><div class=\"uagb-container-inner-blocks-wrap\"><\/div><\/div>\n\n\n\n<h2 class=\"wp-block-heading\">Produtos relacionados<\/h2>\n\n\n\n<div class=\"wp-block-uagb-container uagb-block-66e4defc alignfull uagb-is-root-container\"><div class=\"uagb-container-inner-blocks-wrap\">\n<div class=\"wp-block-uagb-container uagb-block-a42945f9\">\n<div class=\"wp-block-uagb-image uagb-block-7296296b wp-block-uagb-image--layout-default wp-block-uagb-image--effect-static wp-block-uagb-image--align-none\"><figure class=\"wp-block-uagb-image__figure\"><a class=\"\" href=\"https:\/\/led.amasly.com\/pt\/products\/\" target=\"\" rel=\"noopener\"><img decoding=\"async\" srcset=\"https:\/\/led.amasly.com\/wp-content\/uploads\/2024\/09\/Explosion-proof-high-bay-lights.png ,https:\/\/led.amasly.com\/wp-content\/uploads\/2024\/09\/Explosion-proof-high-bay-lights.png 780w, https:\/\/led.amasly.com\/wp-content\/uploads\/2024\/09\/Explosion-proof-high-bay-lights.png 360w\" sizes=\"auto, (max-width: 480px) 150px\" src=\"https:\/\/led.amasly.com\/wp-content\/uploads\/2024\/09\/Explosion-proof-high-bay-lights.png\" alt=\"\" class=\"uag-image-1495\" width=\"300\" height=\"300\" title=\"Luzes de ba\u00eda alta \u00e0 prova de explos\u00e3o\" loading=\"lazy\" role=\"img\"><\/a><\/figure><\/div>\n<\/div>\n\n\n\n<div class=\"wp-block-uagb-container uagb-block-4d3efde5\">\n<div class=\"wp-block-uagb-image uagb-block-c9e90797 wp-block-uagb-image--layout-default wp-block-uagb-image--effect-static wp-block-uagb-image--align-none\"><figure class=\"wp-block-uagb-image__figure\"><a class=\"\" href=\"https:\/\/led.amasly.com\/pt\/products\/\" target=\"\" rel=\"noopener\"><img decoding=\"async\" srcset=\"https:\/\/led.amasly.com\/wp-content\/uploads\/2024\/07\/LED-tri-proof-lights2.png ,https:\/\/led.amasly.com\/wp-content\/uploads\/2024\/07\/LED-tri-proof-lights2.png 780w, https:\/\/led.amasly.com\/wp-content\/uploads\/2024\/07\/LED-tri-proof-lights2.png 360w\" sizes=\"auto, (max-width: 480px) 150px\" src=\"https:\/\/led.amasly.com\/wp-content\/uploads\/2024\/07\/LED-tri-proof-lights2.png\" alt=\"\" class=\"uag-image-1132\" width=\"300\" height=\"300\" title=\"Luzes LED \u00e0 prova de tripla prote\u00e7\u00e3o2\" loading=\"lazy\" role=\"img\"><\/a><\/figure><\/div>\n<\/div>\n\n\n\n<div class=\"wp-block-uagb-container uagb-block-11c2578b\">\n<div class=\"wp-block-uagb-image uagb-block-6e8883aa wp-block-uagb-image--layout-default wp-block-uagb-image--effect-static wp-block-uagb-image--align-none\"><figure class=\"wp-block-uagb-image__figure\"><a class=\"\" href=\"https:\/\/led.amasly.com\/pt\/products\/\" target=\"\" rel=\"noopener\"><img decoding=\"async\" srcset=\"https:\/\/led.amasly.com\/wp-content\/uploads\/2024\/09\/LED-Explosion-Proof-Gas-Station-Light.png ,https:\/\/led.amasly.com\/wp-content\/uploads\/2024\/09\/LED-Explosion-Proof-Gas-Station-Light.png 780w, https:\/\/led.amasly.com\/wp-content\/uploads\/2024\/09\/LED-Explosion-Proof-Gas-Station-Light.png 360w\" sizes=\"auto, (max-width: 480px) 150px\" src=\"https:\/\/led.amasly.com\/wp-content\/uploads\/2024\/09\/LED-Explosion-Proof-Gas-Station-Light.png\" alt=\"\" class=\"uag-image-1501\" width=\"300\" height=\"300\" title=\"Luz LED para esta\u00e7\u00e3o de servi\u00e7o \u00e0 prova de explos\u00e3o\" loading=\"lazy\" role=\"img\"><\/a><\/figure><\/div>\n<\/div>\n<\/div><\/div>\n\n\n\n<div class=\"wp-block-uagb-container uagb-block-548945b5 alignfull uagb-is-root-container\"><div class=\"uagb-container-inner-blocks-wrap\">\n<div class=\"wp-block-uagb-container uagb-block-967755d5\">\n<h4 class=\"wp-block-heading has-text-align-center\"><a href=\"https:\/\/led.amasly.com\/pt\/products\/\">Luzes LED \u00e0 prova de explos\u00e3o<\/a><\/h4>\n<\/div>\n\n\n\n<div class=\"wp-block-uagb-container uagb-block-9bc52fc2\">\n<h4 class=\"wp-block-heading has-text-align-center\"><a href=\"https:\/\/led.amasly.com\/pt\/products\/\">Luzes LED Tri-Proof<\/a><\/h4>\n<\/div>\n\n\n\n<div class=\"wp-block-uagb-container uagb-block-8ffa0a23\">\n<h4 class=\"wp-block-heading has-text-align-center\"><a href=\"https:\/\/led.amasly.com\/pt\/products\/\">Luzes para postos de gasolina \u00e0 prova de explos\u00e3o<\/a><\/h4>\n<\/div>\n<\/div><\/div>\n\n\n\n<div class=\"wp-block-uagb-container uagb-block-29499fe0 alignfull uagb-is-root-container\"><div class=\"uagb-container-inner-blocks-wrap\">\n<div class=\"wp-block-uagb-container uagb-block-777ee1c7\">\n<div class=\"wp-block-uagb-image uagb-block-2e9a1851 wp-block-uagb-image--layout-default wp-block-uagb-image--effect-static wp-block-uagb-image--align-none\"><figure class=\"wp-block-uagb-image__figure\"><a class=\"\" href=\"https:\/\/led.amasly.com\/pt\/products\/\" target=\"\" rel=\"noopener\"><img decoding=\"async\" srcset=\"https:\/\/led.amasly.com\/wp-content\/uploads\/2024\/10\/50W-100W-150W-200W-300W-LED-Flood-Light.jpg ,https:\/\/led.amasly.com\/wp-content\/uploads\/2024\/10\/50W-100W-150W-200W-300W-LED-Flood-Light.jpg 780w, https:\/\/led.amasly.com\/wp-content\/uploads\/2024\/10\/50W-100W-150W-200W-300W-LED-Flood-Light.jpg 360w\" sizes=\"auto, (max-width: 480px) 150px\" src=\"https:\/\/led.amasly.com\/wp-content\/uploads\/2024\/10\/50W-100W-150W-200W-300W-LED-Flood-Light.jpg\" alt=\"\" class=\"uag-image-1526\" width=\"300\" height=\"300\" title=\"Holofote LED 50W 100W 150W 200W 300W\" loading=\"lazy\" role=\"img\"><\/a><\/figure><\/div>\n<\/div>\n\n\n\n<div class=\"wp-block-uagb-container uagb-block-af8c8683\">\n<div class=\"wp-block-uagb-image uagb-block-67947854 wp-block-uagb-image--layout-default wp-block-uagb-image--effect-static wp-block-uagb-image--align-none\"><figure class=\"wp-block-uagb-image__figure\"><a class=\"\" href=\"https:\/\/led.amasly.com\/pt\/products\/\" target=\"\" rel=\"noopener\"><img decoding=\"async\" srcset=\"https:\/\/led.amasly.com\/wp-content\/uploads\/2024\/07\/led-tri-proof-light.png ,https:\/\/led.amasly.com\/wp-content\/uploads\/2024\/07\/led-tri-proof-light.png 780w, https:\/\/led.amasly.com\/wp-content\/uploads\/2024\/07\/led-tri-proof-light.png 360w\" sizes=\"auto, (max-width: 480px) 150px\" src=\"https:\/\/led.amasly.com\/wp-content\/uploads\/2024\/07\/led-tri-proof-light.png\" alt=\"\" class=\"uag-image-1130\" width=\"300\" height=\"300\" title=\"luz led-tri-proof\" loading=\"lazy\" role=\"img\"><\/a><\/figure><\/div>\n<\/div>\n\n\n\n<div class=\"wp-block-uagb-container uagb-block-0fdfdd58\">\n<div class=\"wp-block-uagb-image uagb-block-1187d32d wp-block-uagb-image--layout-default wp-block-uagb-image--effect-static wp-block-uagb-image--align-none\"><figure class=\"wp-block-uagb-image__figure\"><a class=\"\" href=\"https:\/\/led.amasly.com\/pt\/products\/\" target=\"\" rel=\"noopener\"><img decoding=\"async\" srcset=\"https:\/\/led.amasly.com\/wp-content\/uploads\/2024\/07\/LED-street-light.jpg ,https:\/\/led.amasly.com\/wp-content\/uploads\/2024\/07\/LED-street-light.jpg 780w, https:\/\/led.amasly.com\/wp-content\/uploads\/2024\/07\/LED-street-light.jpg 360w\" sizes=\"auto, (max-width: 480px) 150px\" src=\"https:\/\/led.amasly.com\/wp-content\/uploads\/2024\/07\/LED-street-light.jpg\" alt=\"\" class=\"uag-image-1145\" width=\"300\" height=\"300\" title=\"Luz de rua LED\" loading=\"lazy\" role=\"img\"><\/a><\/figure><\/div>\n<\/div>\n<\/div><\/div>\n\n\n\n<div class=\"wp-block-uagb-container uagb-block-6a60882c alignfull uagb-is-root-container\"><div class=\"uagb-container-inner-blocks-wrap\">\n<div class=\"wp-block-uagb-container uagb-block-f1e91a35\">\n<h4 class=\"wp-block-heading has-text-align-center\"><a href=\"https:\/\/led.amasly.com\/pt\/products\/\">Luzes de inunda\u00e7\u00e3o LED<\/a><\/h4>\n<\/div>\n\n\n\n<div class=\"wp-block-uagb-container uagb-block-165bfa58\">\n<h4 class=\"wp-block-heading has-text-align-center\"><a href=\"https:\/\/led.amasly.com\/pt\/products\/\">Tubos de luz LED \u00e0 prova de tripla prote\u00e7\u00e3o<\/a><\/h4>\n<\/div>\n\n\n\n<div class=\"wp-block-uagb-container uagb-block-f6096e3b\">\n<h4 class=\"wp-block-heading has-text-align-center\"><a href=\"https:\/\/led.amasly.com\/pt\/products\/\">Luzes de rua LED<\/a><\/h4>\n<\/div>\n<\/div><\/div>\n\n\n\n<div class=\"wp-block-uagb-container uagb-block-99c0e0a5 alignfull uagb-is-root-container\"><div class=\"uagb-container-inner-blocks-wrap\"><\/div><\/div>\n\n\n\n<p><\/p>","protected":false},"excerpt":{"rendered":"<p>Underground comprehensive tube corridor LED explosion proof lighting solution Explosion proof lighting solution: Underground comprehensive tube corridor lighting status: \u00a0\u00a0\u00a0\u00a0\u00a0\u00a0UnderUnderground comprehensive pipe corridor, refers to a variety of public nature of the pipeline centralized accommodation in one, and empty for maintenance work employees walking tunnel engineering construction structure. This design concept not only saves ground [&hellip;]<\/p>\n","protected":false},"author":1,"featured_media":0,"parent":1808,"menu_order":0,"comment_status":"closed","ping_status":"closed","template":"","meta":{"_uag_custom_page_level_css":"","site-sidebar-layout":"no-sidebar","site-content-layout":"","ast-site-content-layout":"default","site-content-style":"default","site-sidebar-style":"default","ast-global-header-display":"","ast-banner-title-visibility":"","ast-main-header-display":"","ast-hfb-above-header-display":"","ast-hfb-below-header-display":"","ast-hfb-mobile-header-display":"","site-post-title":"disabled","ast-breadcrumbs-content":"","ast-featured-img":"","footer-sml-layout":"","ast-disable-related-posts":"","theme-transparent-header-meta":"enabled","adv-header-id-meta":"","stick-header-meta":"","header-above-stick-meta":"","header-main-stick-meta":"","header-below-stick-meta":"","astra-migrate-meta-layouts":"set","ast-page-background-enabled":"default","ast-page-background-meta":{"desktop":{"background-color":"var(--ast-global-color-4)","background-image":"","background-repeat":"repeat","background-position":"center center","background-size":"auto","background-attachment":"scroll","background-type":"","background-media":"","overlay-type":"","overlay-color":"","overlay-opacity":"","overlay-gradient":""},"tablet":{"background-color":"","background-image":"","background-repeat":"repeat","background-position":"center center","background-size":"auto","background-attachment":"scroll","background-type":"","background-media":"","overlay-type":"","overlay-color":"","overlay-opacity":"","overlay-gradient":""},"mobile":{"background-color":"","background-image":"","background-repeat":"repeat","background-position":"center center","background-size":"auto","background-attachment":"scroll","background-type":"","background-media":"","overlay-type":"","overlay-color":"","overlay-opacity":"","overlay-gradient":""}},"ast-content-background-meta":{"desktop":{"background-color":"var(--ast-global-color-5)","background-image":"","background-repeat":"repeat","background-position":"center center","background-size":"auto","background-attachment":"scroll","background-type":"","background-media":"","overlay-type":"","overlay-color":"","overlay-opacity":"","overlay-gradient":""},"tablet":{"background-color":"var(--ast-global-color-5)","background-image":"","background-repeat":"repeat","background-position":"center center","background-size":"auto","background-attachment":"scroll","background-type":"","background-media":"","overlay-type":"","overlay-color":"","overlay-opacity":"","overlay-gradient":""},"mobile":{"background-color":"var(--ast-global-color-5)","background-image":"","background-repeat":"repeat","background-position":"center center","background-size":"auto","background-attachment":"scroll","background-type":"","background-media":"","overlay-type":"","overlay-color":"","overlay-opacity":"","overlay-gradient":""}},"footnotes":""},"class_list":["post-4007","page","type-page","status-publish","hentry"],"uagb_featured_image_src":{"full":false,"thumbnail":false,"medium":false,"medium_large":false,"large":false,"1536x1536":false,"2048x2048":false,"trp-custom-language-flag":false},"uagb_author_info":{"display_name":"Joe","author_link":"https:\/\/led.amasly.com\/pt\/author\/jacklin\/"},"uagb_comment_info":0,"uagb_excerpt":"Underground comprehensive tube corridor LED explosion proof lighting solution Explosion proof lighting solution: Underground comprehensive tube corridor lighting status: \u00a0\u00a0\u00a0\u00a0\u00a0\u00a0UnderUnderground comprehensive pipe corridor, refers to a variety of public nature of the pipeline centralized accommodation in one, and empty for maintenance work employees walking tunnel engineering construction structure. This design concept not only saves ground&hellip;","_links":{"self":[{"href":"https:\/\/led.amasly.com\/pt\/wp-json\/wp\/v2\/pages\/4007","targetHints":{"allow":["GET"]}}],"collection":[{"href":"https:\/\/led.amasly.com\/pt\/wp-json\/wp\/v2\/pages"}],"about":[{"href":"https:\/\/led.amasly.com\/pt\/wp-json\/wp\/v2\/types\/page"}],"author":[{"embeddable":true,"href":"https:\/\/led.amasly.com\/pt\/wp-json\/wp\/v2\/users\/1"}],"replies":[{"embeddable":true,"href":"https:\/\/led.amasly.com\/pt\/wp-json\/wp\/v2\/comments?post=4007"}],"version-history":[{"count":2,"href":"https:\/\/led.amasly.com\/pt\/wp-json\/wp\/v2\/pages\/4007\/revisions"}],"predecessor-version":[{"id":4592,"href":"https:\/\/led.amasly.com\/pt\/wp-json\/wp\/v2\/pages\/4007\/revisions\/4592"}],"up":[{"embeddable":true,"href":"https:\/\/led.amasly.com\/pt\/wp-json\/wp\/v2\/pages\/1808"}],"wp:attachment":[{"href":"https:\/\/led.amasly.com\/pt\/wp-json\/wp\/v2\/media?parent=4007"}],"curies":[{"name":"wp","href":"https:\/\/api.w.org\/{rel}","templated":true}]}}