{"id":4002,"date":"2025-05-28T22:02:21","date_gmt":"2025-05-28T14:02:21","guid":{"rendered":"https:\/\/led.amasly.com\/?page_id=4002"},"modified":"2026-01-18T13:35:45","modified_gmt":"2026-01-18T05:35:45","slug":"explosion-proof-fluorescent-lights-price","status":"publish","type":"page","link":"https:\/\/led.amasly.com\/pt\/light-price\/explosion-proof-fluorescent-lights-price\/","title":{"rendered":"Pre\u00e7o das luzes fluorescentes \u00e0 prova de explos\u00e3o"},"content":{"rendered":"<div class=\"wp-block-uagb-container uagb-block-27bae773 alignfull uagb-is-root-container\"><div class=\"uagb-container-inner-blocks-wrap\"><\/div><\/div>\n\n\n\n<h1 class=\"wp-block-heading has-text-align-center\"><strong>Pre\u00e7o das luzes fluorescentes \u00e0 prova de explos\u00e3o<\/strong><\/h1>\n\n\n\n<h2 class=\"wp-block-heading\">Luzes fluorescentes \u00e0 prova de explos\u00e3o Amasly Carater\u00edsticas<\/h2>\n\n\n\n<p>Concha de moldagem por inje\u00e7\u00e3o de material de liga de policarbonato, forte resist\u00eancia ao impacto, resist\u00eancia a altas temperaturas, resist\u00eancia ao frio, forte anti-corros\u00e3o e outras carater\u00edsticas;<\/p>\n\n\n\n<p><br>Abajur de moldagem por inje\u00e7\u00e3o de material de policarbonato, alta transmit\u00e2ncia de luz, e pode suportar um forte impacto, design com nervuras, pode efetivamente evitar o brilho.<br>Design de software \u00f3tico profissional do sistema de distribui\u00e7\u00e3o de luz, distribui\u00e7\u00e3o de feixe \u00e9 razo\u00e1vel, ilumina\u00e7\u00e3o uniforme, efici\u00eancia de reflex\u00e3o, alta efici\u00eancia de utiliza\u00e7\u00e3o.<\/p>\n\n\n\n<p><br>Configura\u00e7\u00e3o de marcas internacionais, como a fonte de luz LED Corey, disposi\u00e7\u00e3o razo\u00e1vel, luz unidirecional, uniformidade da luz e suavidade, elevada efic\u00e1cia luminosa, <\/p>\n\n\n\n<p>efic\u00e1cia luminosa &gt; 140lm \/ W, elevada restitui\u00e7\u00e3o de cor, Ra&gt; 80, longa dura\u00e7\u00e3o, n\u00e3o inferior a 100.000 horas, fonte de luz.<\/p>\n\n\n\n<p><br>N\u00e3o menos de 100000 horas, a fonte de luz na utiliza\u00e7\u00e3o de 5 anos ap\u00f3s o fluxo luminoso n\u00e3o \u00e9 inferior a 70% do valor inicial;<\/p>\n\n\n\n<p><br>Fonte de alimenta\u00e7\u00e3o de condu\u00e7\u00e3o com entrada de tens\u00e3o larga, sa\u00edda de pot\u00eancia constante, com corrente constante, circuito aberto, curto-circuito e outras fun\u00e7\u00f5es de prote\u00e7\u00e3o, fonte de alimenta\u00e7\u00e3o de condu\u00e7\u00e3o para a marca Maoshuo.<\/p>\n\n\n\n<p><br>De acordo com os requisitos do utilizador, podem ser equipados com dispositivos de emerg\u00eancia, quando a fonte de alimenta\u00e7\u00e3o falha, as l\u00e2mpadas e lanternas s\u00e3o automaticamente comutadas para o estado de ilumina\u00e7\u00e3o de emerg\u00eancia.<\/p>\n\n\n\n<p><br>Combina\u00e7\u00e3o de pe\u00e7as com liga\u00e7\u00e3o estreita e fi\u00e1vel, com boa resist\u00eancia ao choque, para garantir que o produto funciona de forma fi\u00e1vel sob vibra\u00e7\u00e3o de alta frequ\u00eancia.<\/p>\n\n\n\n<p><br>Configura\u00e7\u00e3o de tubos fluorescentes LED especiais \u00e0 prova de explos\u00e3o, alta efici\u00eancia, poupan\u00e7a de energia, prote\u00e7\u00e3o ambiental, longa vida \u00fatil.<\/p>\n\n\n\n<p><br>O corpo da l\u00e2mpada fluorescente e a cobertura transparente adoptam o modo de encurvadura multiponto, que assegura uma for\u00e7a uniforme de fecho da cobertura, uma veda\u00e7\u00e3o fi\u00e1vel e uma manuten\u00e7\u00e3o f\u00e1cil.<\/p>\n\n\n\n<p><br>Concha com um dispositivo de respira\u00e7\u00e3o bem concebido, equilibrando a diferen\u00e7a de press\u00e3o entre o interior e o exterior, eliminando completamente o fen\u00f3meno de condensa\u00e7\u00e3o<\/p>\n\n\n\n<p><br>Veda\u00e7\u00e3o especializada de tiras de veda\u00e7\u00e3o, resist\u00eancia ao envelhecimento, estrutura de veda\u00e7\u00e3o curva bem concebida, elevado n\u00edvel de prote\u00e7\u00e3o.<\/p>\n\n\n\n<p>Estrutura de dobradi\u00e7a oculta, for\u00e7a mais uniforme, abertura conveniente, manuten\u00e7\u00e3o f\u00e1cil<\/p>\n\n\n\n<h2 class=\"wp-block-heading\">Luzes fluorescentes \u00e0 prova de explos\u00e3o Amasly \u00c2mbito de aplica\u00e7\u00e3o<\/h2>\n\n\n\n<p>Amplamente utilizado na extra\u00e7\u00e3o de petr\u00f3leo, na refina\u00e7\u00e3o de petr\u00f3leo, na ind\u00fastria qu\u00edmica, na ind\u00fastria militar e noutros ambientes perigosos para ilumina\u00e7\u00e3o de trabalho e de cenas.<br>Amplamente utilizado na extra\u00e7\u00e3o de petr\u00f3leo, na refina\u00e7\u00e3o de petr\u00f3leo, na ind\u00fastria qu\u00edmica, na ind\u00fastria militar e noutros ambientes perigosos para ilumina\u00e7\u00e3o de trabalho e de cenas.<br>Adequado para projectos de renova\u00e7\u00e3o com poupan\u00e7a de energia e locais onde a manuten\u00e7\u00e3o e a substitui\u00e7\u00e3o s\u00e3o dif\u00edceis.<br>\u00c9 adequado para locais com elevados requisitos de prote\u00e7\u00e3o, humidade e gases corrosivos.<br>\u00c9 adequado para locais com elevados requisitos de prote\u00e7\u00e3o, humidade e gases corrosivos.<br>Adequado para ambientes de g\u00e1s explosivo na Zona 1 e na Zona 2; e<br>Adequado para ambientes com poeiras combust\u00edveis na Zona 21 e na Zona 22.<br>Adequado para ambientes de g\u00e1s explosivo \u2161A, IIB, IIC.<br>Adequado para o grupo de temperatura T1-T6.<\/p>\n\n\n\n<h2 class=\"wp-block-heading\">Introdu\u00e7\u00e3o \u00e0 Amasly<\/h2>\n\n\n\n<p>Amasly como um fornecedor de ilumina\u00e7\u00e3o \u00e0 prova de explos\u00e3o na China, os produtos de ilumina\u00e7\u00e3o \u00e0 prova de explos\u00e3o incluem: luzes redondas \u00e0 prova de explos\u00e3o (luzes de ba\u00eda alta \u00e0 prova de explos\u00e3o), luzes quadradas \u00e0 prova de explos\u00e3o (luzes de inunda\u00e7\u00e3o \u00e0 prova de explos\u00e3o), luzes lineares \u00e0 prova de explos\u00e3o, luzes de tubo \u00e0 prova de explos\u00e3o, luzes indicadoras \u00e0 prova de explos\u00e3o, luzes de emerg\u00eancia \u00e0 prova de explos\u00e3o, todas as nossas luzes \u00e0 prova de explos\u00e3o s\u00e3o com ATEX aprovado e oferecido a um pre\u00e7o muito competitivo.<\/p>\n\n\n\n<p>A Amasly Lighting \u00e9 uma empresa l\u00edder em ilumina\u00e7\u00e3o profissional dedicada a iluminar espa\u00e7os com criatividade, inova\u00e7\u00e3o e sustentabilidade. Com foco na qualidade, efici\u00eancia e satisfa\u00e7\u00e3o do cliente, oferecemos uma gama abrangente de solu\u00e7\u00f5es de ilumina\u00e7\u00e3o de ponta, adaptadas para atender \u00e0s diversas necessidades de nossos clientes.<\/p>\n\n\n\n<p>Os nossos produtos foram exportados para 68 pa\u00edses em todo o mundo, como a Europa e os Estados Unidos, e ganharam o reconhecimento dos principais fornecedores de produtos de ilumina\u00e7\u00e3o do mundo com os seus produtos de alta qualidade.<\/p>\n\n\n\n<h2 class=\"wp-block-heading\">Certificado de luzes fluorescentes \u00e0 prova de explos\u00e3o Amasly<\/h2>\n\n\n\n<p>De um modo geral, todas as luzes \u00e0 prova de explos\u00e3o s\u00e3o <a href=\"http:\/\/www.iecex-certs.com\/\" rel=\"nofollow noopener\" target=\"_blank\">ATEX<\/a> aprovado e oferecido a um pre\u00e7o muito competitivo de luzes fluorescentes \u00e0 prova de explos\u00e3o.<\/p>\n\n\n\n<h2 class=\"wp-block-heading\">Luzes fluorescentes \u00e0 prova de explos\u00e3o Amasly Pre\u00e7o<\/h2>\n\n\n\n<div class=\"wp-block-uagb-image uagb-block-b5e91b46 wp-block-uagb-image--layout-default wp-block-uagb-image--effect-static wp-block-uagb-image--align-none\"><figure class=\"wp-block-uagb-image__figure\"><img decoding=\"async\" srcset=\"https:\/\/led.amasly.com\/wp-content\/uploads\/2024\/07\/Explosion-proof-linear-fluorescence-lights.png ,https:\/\/led.amasly.com\/wp-content\/uploads\/2024\/07\/Explosion-proof-linear-fluorescence-lights.png 780w, https:\/\/led.amasly.com\/wp-content\/uploads\/2024\/07\/Explosion-proof-linear-fluorescence-lights.png 360w\" sizes=\"auto, (max-width: 480px) 150px\" src=\"https:\/\/led.amasly.com\/wp-content\/uploads\/2024\/07\/Explosion-proof-linear-fluorescence-lights.png\" alt=\"Explosion proof fluorescence lamps, Explosion Proof fluorescent Lights Price\" class=\"uag-image-1122\" width=\"617\" height=\"453\" title=\"L\u00e2mpadas de fluoresc\u00eancia \u00e0 prova de explos\u00e3o\" loading=\"lazy\" role=\"img\"\/><\/figure><\/div>\n\n\n\n<figure class=\"wp-block-table\"><table class=\"has-fixed-layout\"><tbody><tr><td>BA\u00cdA<\/td><td>2*18W<\/td><td>$32.43<\/td><\/tr><\/tbody><\/table><\/figure>\n\n\n\n<h2 class=\"wp-block-heading\"><strong>FAQ da Luz Amasly<\/strong><\/h2>\n\n\n\n<p><strong>Q1. posso ter uma ordem da amostra para a luz do diodo emissor de luz?<\/strong><strong><\/strong><\/p>\n\n\n\n<p>R: Sim, aceitamos a encomenda de amostras para testar e verificar a qualidade. Amostras mistas s\u00e3o aceit\u00e1veis.<\/p>\n\n\n\n<p><strong>Q2: E quanto ao prazo de entrega?<\/strong><strong><\/strong><\/p>\n\n\n\n<p>R: A amostra precisa de 3-5 dias, o tempo de produ\u00e7\u00e3o em massa precisa de 1-2 semanas.<\/p>\n\n\n\n<p><strong>Q3.Do voc\u00ea tem algum limite MOQ para ordem de luz led?<\/strong><strong><\/strong><\/p>\n\n\n\n<p>A: Baixo MOQ 1pc para verifica\u00e7\u00e3o de amostra est\u00e1 dispon\u00edvel.<\/p>\n\n\n\n<p><strong>Q4. Como \u00e9 que enviam a mercadoria e quanto tempo demora a chegar?<\/strong><strong><\/strong><\/p>\n\n\n\n<p>R: Normalmente, enviamos por <a href=\"https:\/\/www.dhl.com\" rel=\"nofollow noopener\" target=\"_blank\">DHL<\/a>, UPS, FedEx ou TNT. Normalmente demora 3-5 dias a chegar. O transporte a\u00e9reo e mar\u00edtimo tamb\u00e9m \u00e9 opcional.<\/p>\n\n\n\n<p><strong>Q5. Como proceder a uma encomenda de luz led?<\/strong><strong><\/strong><\/p>\n\n\n\n<p>A:<\/p>\n\n\n\n<p>Em primeiro lugar, informe-nos das suas necessidades ou da sua aplica\u00e7\u00e3o.<\/p>\n\n\n\n<p>Em segundo lugar, fazemos or\u00e7amentos de acordo com as suas necessidades ou as nossas sugest\u00f5es.<\/p>\n\n\n\n<p>Em terceiro lugar, o cliente confirma as amostras e efectua o dep\u00f3sito para a encomenda formal.<\/p>\n\n\n\n<p>Em quarto lugar, organizamos a produ\u00e7\u00e3o.<\/p>\n\n\n\n<p><strong>Q6: \u00c9 poss\u00edvel imprimir o meu <\/strong><strong>LOGO<\/strong><strong>&nbsp;sobre o produto luz led ?<\/strong><strong><\/strong><\/p>\n\n\n\n<p>A: Sim. Por favor, informe-nos formalmente antes da nossa produ\u00e7\u00e3o e confirme o design primeiro com base na nossa amostra.<\/p>\n\n\n\n<p><strong>Q7: Oferecem garantia para os produtos?<\/strong><strong><\/strong><\/p>\n\n\n\n<p>R: Sim, oferecemos 2-5 anos de garantia para os nossos produtos.<\/p>\n\n\n\n<p><strong>Q8: Como lidar com os defeitos?<\/strong><strong><\/strong><\/p>\n\n\n\n<p>A:<\/p>\n\n\n\n<p>Em primeiro lugar, os nossos produtos s\u00e3o produzidos pelo sistema de controlo de qualidade dinstrict e a taxa de defeito ser\u00e1 inferior a 0.2%<\/p>\n\n\n\n<p>Em segundo lugar, durante o per\u00edodo de garantia, forneceremos pe\u00e7as para substituir a pe\u00e7a defeituosa. Para encomendas a granel, forneceremos antecipadamente pe\u00e7as vulner\u00e1veis ou podemos discutir solu\u00e7\u00f5es, incluindo recolhas, com base na situa\u00e7\u00e3o atual.<\/p>\n\n\n\n<p><strong>Q9: Podemos fabricar l\u00e2mpadas de baixa tens\u00e3o \u00e0 prova de explos\u00e3o com tens\u00f5es AC\/DC de 12V, 24V, 36V ou 48V? <\/strong><\/p>\n\n\n\n<p>Amasly pode ser utilizado como luzes \u00e0 prova de explos\u00e3o de baixa e alta tens\u00e3o - AC\/DC 12V, 24V, 36V, 48V, AC 85-265V, AC 380V. <\/p>\n\n\n\n<p><strong>Q10: As baterias de emerg\u00eancia do Explosion Poof Lights podem ser adicionadas? <\/strong><\/p>\n\n\n\n<p>A l\u00e2mpada \u00e0 prova de explos\u00e3o Amasly pode ser equipada com baterias de l\u00edtio de emerg\u00eancia. A dura\u00e7\u00e3o da emerg\u00eancia \u00e9 de 90 minutos, 120 minutos ou 180 minutos. <\/p>\n\n\n\n<p><strong>Q11: A l\u00e2mpada \u00e0 prova de explos\u00e3o Amasly pode ser personalizada como um produto OEM? <\/strong><\/p>\n\n\n\n<p>As l\u00e2mpadas \u00e0 prova de explos\u00e3o Amasly podem ser personalizadas de acordo com os requisitos do cliente, tanto para as l\u00e2mpadas como para as caixas de embalagem.<\/p>\n\n\n\n<div class=\"wp-block-uagb-container uagb-block-c7d898dd alignfull uagb-is-root-container\"><div class=\"uagb-container-inner-blocks-wrap\"><\/div><\/div>\n\n\n\n<h2 class=\"wp-block-heading\">Produtos relacionados<\/h2>\n\n\n\n<div class=\"wp-block-uagb-container uagb-block-66e4defc alignfull uagb-is-root-container\"><div class=\"uagb-container-inner-blocks-wrap\">\n<div class=\"wp-block-uagb-container uagb-block-a42945f9\">\n<div class=\"wp-block-uagb-image uagb-block-7296296b wp-block-uagb-image--layout-default wp-block-uagb-image--effect-static wp-block-uagb-image--align-none\"><figure class=\"wp-block-uagb-image__figure\"><a class=\"\" href=\"https:\/\/led.amasly.com\/pt\/products\/\" target=\"\" rel=\"noopener\"><img decoding=\"async\" srcset=\"https:\/\/led.amasly.com\/wp-content\/uploads\/2024\/09\/Explosion-proof-high-bay-lights.png ,https:\/\/led.amasly.com\/wp-content\/uploads\/2024\/09\/Explosion-proof-high-bay-lights.png 780w, https:\/\/led.amasly.com\/wp-content\/uploads\/2024\/09\/Explosion-proof-high-bay-lights.png 360w\" sizes=\"auto, (max-width: 480px) 150px\" src=\"https:\/\/led.amasly.com\/wp-content\/uploads\/2024\/09\/Explosion-proof-high-bay-lights.png\" alt=\"\" class=\"uag-image-1495\" width=\"300\" height=\"300\" title=\"Luzes de ba\u00eda alta \u00e0 prova de explos\u00e3o\" loading=\"lazy\" role=\"img\"><\/a><\/figure><\/div>\n<\/div>\n\n\n\n<div class=\"wp-block-uagb-container uagb-block-4d3efde5\">\n<div class=\"wp-block-uagb-image uagb-block-c9e90797 wp-block-uagb-image--layout-default wp-block-uagb-image--effect-static wp-block-uagb-image--align-none\"><figure class=\"wp-block-uagb-image__figure\"><a class=\"\" href=\"https:\/\/led.amasly.com\/pt\/products\/\" target=\"\" rel=\"noopener\"><img decoding=\"async\" srcset=\"https:\/\/led.amasly.com\/wp-content\/uploads\/2024\/07\/LED-tri-proof-lights2.png ,https:\/\/led.amasly.com\/wp-content\/uploads\/2024\/07\/LED-tri-proof-lights2.png 780w, https:\/\/led.amasly.com\/wp-content\/uploads\/2024\/07\/LED-tri-proof-lights2.png 360w\" sizes=\"auto, (max-width: 480px) 150px\" src=\"https:\/\/led.amasly.com\/wp-content\/uploads\/2024\/07\/LED-tri-proof-lights2.png\" alt=\"\" class=\"uag-image-1132\" width=\"300\" height=\"300\" title=\"Luzes LED \u00e0 prova de tripla prote\u00e7\u00e3o2\" loading=\"lazy\" role=\"img\"><\/a><\/figure><\/div>\n<\/div>\n\n\n\n<div class=\"wp-block-uagb-container uagb-block-11c2578b\">\n<div class=\"wp-block-uagb-image uagb-block-6e8883aa wp-block-uagb-image--layout-default wp-block-uagb-image--effect-static wp-block-uagb-image--align-none\"><figure class=\"wp-block-uagb-image__figure\"><a class=\"\" href=\"https:\/\/led.amasly.com\/pt\/products\/\" target=\"\" rel=\"noopener\"><img decoding=\"async\" srcset=\"https:\/\/led.amasly.com\/wp-content\/uploads\/2024\/09\/LED-Explosion-Proof-Gas-Station-Light.png ,https:\/\/led.amasly.com\/wp-content\/uploads\/2024\/09\/LED-Explosion-Proof-Gas-Station-Light.png 780w, https:\/\/led.amasly.com\/wp-content\/uploads\/2024\/09\/LED-Explosion-Proof-Gas-Station-Light.png 360w\" sizes=\"auto, (max-width: 480px) 150px\" src=\"https:\/\/led.amasly.com\/wp-content\/uploads\/2024\/09\/LED-Explosion-Proof-Gas-Station-Light.png\" alt=\"\" class=\"uag-image-1501\" width=\"300\" height=\"300\" title=\"Luz LED para esta\u00e7\u00e3o de servi\u00e7o \u00e0 prova de explos\u00e3o\" loading=\"lazy\" role=\"img\"><\/a><\/figure><\/div>\n<\/div>\n<\/div><\/div>\n\n\n\n<div class=\"wp-block-uagb-container uagb-block-548945b5 alignfull uagb-is-root-container\"><div class=\"uagb-container-inner-blocks-wrap\">\n<div class=\"wp-block-uagb-container uagb-block-967755d5\">\n<h4 class=\"wp-block-heading has-text-align-center\"><a href=\"https:\/\/led.amasly.com\/pt\/products\/\">Luzes LED \u00e0 prova de explos\u00e3o<\/a><\/h4>\n<\/div>\n\n\n\n<div class=\"wp-block-uagb-container uagb-block-9bc52fc2\">\n<h4 class=\"wp-block-heading has-text-align-center\"><a href=\"https:\/\/led.amasly.com\/pt\/products\/\">Luzes LED Tri-Proof<\/a><\/h4>\n<\/div>\n\n\n\n<div class=\"wp-block-uagb-container uagb-block-8ffa0a23\">\n<h4 class=\"wp-block-heading has-text-align-center\"><a href=\"https:\/\/led.amasly.com\/pt\/products\/\">Luzes para postos de gasolina \u00e0 prova de explos\u00e3o<\/a><\/h4>\n<\/div>\n<\/div><\/div>\n\n\n\n<div class=\"wp-block-uagb-container uagb-block-29499fe0 alignfull uagb-is-root-container\"><div class=\"uagb-container-inner-blocks-wrap\">\n<div class=\"wp-block-uagb-container uagb-block-777ee1c7\">\n<div class=\"wp-block-uagb-image uagb-block-2e9a1851 wp-block-uagb-image--layout-default wp-block-uagb-image--effect-static wp-block-uagb-image--align-none\"><figure class=\"wp-block-uagb-image__figure\"><a class=\"\" href=\"https:\/\/led.amasly.com\/pt\/products\/\" target=\"\" rel=\"noopener\"><img decoding=\"async\" srcset=\"https:\/\/led.amasly.com\/wp-content\/uploads\/2024\/10\/50W-100W-150W-200W-300W-LED-Flood-Light.jpg ,https:\/\/led.amasly.com\/wp-content\/uploads\/2024\/10\/50W-100W-150W-200W-300W-LED-Flood-Light.jpg 780w, https:\/\/led.amasly.com\/wp-content\/uploads\/2024\/10\/50W-100W-150W-200W-300W-LED-Flood-Light.jpg 360w\" sizes=\"auto, (max-width: 480px) 150px\" src=\"https:\/\/led.amasly.com\/wp-content\/uploads\/2024\/10\/50W-100W-150W-200W-300W-LED-Flood-Light.jpg\" alt=\"\" class=\"uag-image-1526\" width=\"300\" height=\"300\" title=\"Holofote LED 50W 100W 150W 200W 300W\" loading=\"lazy\" role=\"img\"><\/a><\/figure><\/div>\n<\/div>\n\n\n\n<div class=\"wp-block-uagb-container uagb-block-af8c8683\">\n<div class=\"wp-block-uagb-image uagb-block-67947854 wp-block-uagb-image--layout-default wp-block-uagb-image--effect-static wp-block-uagb-image--align-none\"><figure class=\"wp-block-uagb-image__figure\"><a class=\"\" href=\"https:\/\/led.amasly.com\/pt\/products\/\" target=\"\" rel=\"noopener\"><img decoding=\"async\" srcset=\"https:\/\/led.amasly.com\/wp-content\/uploads\/2024\/07\/led-tri-proof-light.png ,https:\/\/led.amasly.com\/wp-content\/uploads\/2024\/07\/led-tri-proof-light.png 780w, https:\/\/led.amasly.com\/wp-content\/uploads\/2024\/07\/led-tri-proof-light.png 360w\" sizes=\"auto, (max-width: 480px) 150px\" src=\"https:\/\/led.amasly.com\/wp-content\/uploads\/2024\/07\/led-tri-proof-light.png\" alt=\"\" class=\"uag-image-1130\" width=\"300\" height=\"300\" title=\"luz led-tri-proof\" loading=\"lazy\" role=\"img\"><\/a><\/figure><\/div>\n<\/div>\n\n\n\n<div class=\"wp-block-uagb-container uagb-block-0fdfdd58\">\n<div class=\"wp-block-uagb-image uagb-block-1187d32d wp-block-uagb-image--layout-default wp-block-uagb-image--effect-static wp-block-uagb-image--align-none\"><figure class=\"wp-block-uagb-image__figure\"><a class=\"\" href=\"https:\/\/led.amasly.com\/pt\/products\/\" target=\"\" rel=\"noopener\"><img decoding=\"async\" srcset=\"https:\/\/led.amasly.com\/wp-content\/uploads\/2024\/07\/LED-street-light.jpg ,https:\/\/led.amasly.com\/wp-content\/uploads\/2024\/07\/LED-street-light.jpg 780w, https:\/\/led.amasly.com\/wp-content\/uploads\/2024\/07\/LED-street-light.jpg 360w\" sizes=\"auto, (max-width: 480px) 150px\" src=\"https:\/\/led.amasly.com\/wp-content\/uploads\/2024\/07\/LED-street-light.jpg\" alt=\"\" class=\"uag-image-1145\" width=\"300\" height=\"300\" title=\"Luz de rua LED\" loading=\"lazy\" role=\"img\"><\/a><\/figure><\/div>\n<\/div>\n<\/div><\/div>\n\n\n\n<div class=\"wp-block-uagb-container uagb-block-6a60882c alignfull uagb-is-root-container\"><div class=\"uagb-container-inner-blocks-wrap\">\n<div class=\"wp-block-uagb-container uagb-block-f1e91a35\">\n<h4 class=\"wp-block-heading has-text-align-center\"><a href=\"https:\/\/led.amasly.com\/pt\/products\/\">Luzes de inunda\u00e7\u00e3o LED<\/a><\/h4>\n<\/div>\n\n\n\n<div class=\"wp-block-uagb-container uagb-block-165bfa58\">\n<h4 class=\"wp-block-heading has-text-align-center\"><a href=\"https:\/\/led.amasly.com\/pt\/products\/\">Tubos de luz LED \u00e0 prova de tripla prote\u00e7\u00e3o<\/a><\/h4>\n<\/div>\n\n\n\n<div class=\"wp-block-uagb-container uagb-block-f6096e3b\">\n<h4 class=\"wp-block-heading has-text-align-center\"><a href=\"https:\/\/led.amasly.com\/pt\/products\/\">Luzes de rua LED<\/a><\/h4>\n<\/div>\n<\/div><\/div>\n\n\n\n<div class=\"wp-block-uagb-container uagb-block-99c0e0a5 alignfull uagb-is-root-container\"><div class=\"uagb-container-inner-blocks-wrap\"><\/div><\/div>\n\n\n\n<p><\/p>","protected":false},"excerpt":{"rendered":"<p>Explosion Proof fluorescent Lights Price Amasly Explosion Proof fluorescent Lights Features Polycarbonate alloy material injection molding shell, strong impact resistance, high temperature resistance, cold resistance, strong anti-corrosion and other characteristics; Polycarbonate material injection molding lampshade, high light transmittance, and can withstand strong impact, strip-ribbed design, can effectively prevent glare.Professional optical software design of the light [&hellip;]<\/p>\n","protected":false},"author":1,"featured_media":0,"parent":2869,"menu_order":0,"comment_status":"closed","ping_status":"closed","template":"","meta":{"_uag_custom_page_level_css":"","site-sidebar-layout":"no-sidebar","site-content-layout":"","ast-site-content-layout":"default","site-content-style":"default","site-sidebar-style":"default","ast-global-header-display":"","ast-banner-title-visibility":"","ast-main-header-display":"","ast-hfb-above-header-display":"","ast-hfb-below-header-display":"","ast-hfb-mobile-header-display":"","site-post-title":"disabled","ast-breadcrumbs-content":"","ast-featured-img":"","footer-sml-layout":"","ast-disable-related-posts":"","theme-transparent-header-meta":"enabled","adv-header-id-meta":"","stick-header-meta":"","header-above-stick-meta":"","header-main-stick-meta":"","header-below-stick-meta":"","astra-migrate-meta-layouts":"set","ast-page-background-enabled":"default","ast-page-background-meta":{"desktop":{"background-color":"var(--ast-global-color-4)","background-image":"","background-repeat":"repeat","background-position":"center center","background-size":"auto","background-attachment":"scroll","background-type":"","background-media":"","overlay-type":"","overlay-color":"","overlay-opacity":"","overlay-gradient":""},"tablet":{"background-color":"","background-image":"","background-repeat":"repeat","background-position":"center center","background-size":"auto","background-attachment":"scroll","background-type":"","background-media":"","overlay-type":"","overlay-color":"","overlay-opacity":"","overlay-gradient":""},"mobile":{"background-color":"","background-image":"","background-repeat":"repeat","background-position":"center center","background-size":"auto","background-attachment":"scroll","background-type":"","background-media":"","overlay-type":"","overlay-color":"","overlay-opacity":"","overlay-gradient":""}},"ast-content-background-meta":{"desktop":{"background-color":"var(--ast-global-color-5)","background-image":"","background-repeat":"repeat","background-position":"center center","background-size":"auto","background-attachment":"scroll","background-type":"","background-media":"","overlay-type":"","overlay-color":"","overlay-opacity":"","overlay-gradient":""},"tablet":{"background-color":"var(--ast-global-color-5)","background-image":"","background-repeat":"repeat","background-position":"center center","background-size":"auto","background-attachment":"scroll","background-type":"","background-media":"","overlay-type":"","overlay-color":"","overlay-opacity":"","overlay-gradient":""},"mobile":{"background-color":"var(--ast-global-color-5)","background-image":"","background-repeat":"repeat","background-position":"center center","background-size":"auto","background-attachment":"scroll","background-type":"","background-media":"","overlay-type":"","overlay-color":"","overlay-opacity":"","overlay-gradient":""}},"footnotes":""},"class_list":["post-4002","page","type-page","status-publish","hentry"],"uagb_featured_image_src":{"full":false,"thumbnail":false,"medium":false,"medium_large":false,"large":false,"1536x1536":false,"2048x2048":false,"trp-custom-language-flag":false},"uagb_author_info":{"display_name":"Joe","author_link":"https:\/\/led.amasly.com\/pt\/author\/jacklin\/"},"uagb_comment_info":0,"uagb_excerpt":"Explosion Proof fluorescent Lights Price Amasly Explosion Proof fluorescent Lights Features Polycarbonate alloy material injection molding shell, strong impact resistance, high temperature resistance, cold resistance, strong anti-corrosion and other characteristics; Polycarbonate material injection molding lampshade, high light transmittance, and can withstand strong impact, strip-ribbed design, can effectively prevent glare.Professional optical software design of the light&hellip;","_links":{"self":[{"href":"https:\/\/led.amasly.com\/pt\/wp-json\/wp\/v2\/pages\/4002","targetHints":{"allow":["GET"]}}],"collection":[{"href":"https:\/\/led.amasly.com\/pt\/wp-json\/wp\/v2\/pages"}],"about":[{"href":"https:\/\/led.amasly.com\/pt\/wp-json\/wp\/v2\/types\/page"}],"author":[{"embeddable":true,"href":"https:\/\/led.amasly.com\/pt\/wp-json\/wp\/v2\/users\/1"}],"replies":[{"embeddable":true,"href":"https:\/\/led.amasly.com\/pt\/wp-json\/wp\/v2\/comments?post=4002"}],"version-history":[{"count":2,"href":"https:\/\/led.amasly.com\/pt\/wp-json\/wp\/v2\/pages\/4002\/revisions"}],"predecessor-version":[{"id":4485,"href":"https:\/\/led.amasly.com\/pt\/wp-json\/wp\/v2\/pages\/4002\/revisions\/4485"}],"up":[{"embeddable":true,"href":"https:\/\/led.amasly.com\/pt\/wp-json\/wp\/v2\/pages\/2869"}],"wp:attachment":[{"href":"https:\/\/led.amasly.com\/pt\/wp-json\/wp\/v2\/media?parent=4002"}],"curies":[{"name":"wp","href":"https:\/\/api.w.org\/{rel}","templated":true}]}}