{"id":3231,"date":"2025-05-09T22:26:03","date_gmt":"2025-05-09T14:26:03","guid":{"rendered":"https:\/\/led.amasly.com\/?page_id=3231"},"modified":"2025-05-09T22:26:09","modified_gmt":"2025-05-09T14:26:09","slug":"como-as-fabricas-de-produtos-quimicos-podem-evitar-explosoes-5-medidas-criticas-a-implementar","status":"publish","type":"page","link":"https:\/\/led.amasly.com\/pt\/conhecimento\/conhecimento-de-produtos-a-prova-de-explosao\/como-as-fabricas-de-produtos-quimicos-podem-evitar-explosoes-5-medidas-criticas-a-implementar\/","title":{"rendered":"Como \u00e9 que as f\u00e1bricas de produtos qu\u00edmicos podem evitar explos\u00f5es? 5 medidas cr\u00edticas a implementar!"},"content":{"rendered":"<div class=\"wp-block-uagb-container uagb-block-27bae773 alignfull uagb-is-root-container\"><div class=\"uagb-container-inner-blocks-wrap\"><\/div><\/div>\n\n\n\n<h1 class=\"wp-block-heading has-text-align-center\"><strong>Como \u00e9 que as f\u00e1bricas de produtos qu\u00edmicos podem evitar explos\u00f5es? 5 medidas cr\u00edticas a implementar!<\/strong><\/h1>\n\n\n\n<div class=\"wp-block-uagb-image uagb-block-da1360b5 wp-block-uagb-image--layout-default wp-block-uagb-image--effect-static wp-block-uagb-image--align-none\"><figure class=\"wp-block-uagb-image__figure\"><a class=\"\" href=\"https:\/\/led.amasly.com\/pt\/\" target=\"\" rel=\"noopener\"><img decoding=\"async\" srcset=\"https:\/\/led.amasly.com\/wp-content\/uploads\/2025\/05\/Explosion-proof-of-chemical-plants.jpg ,https:\/\/led.amasly.com\/wp-content\/uploads\/2025\/05\/Explosion-proof-of-chemical-plants.jpg 780w, https:\/\/led.amasly.com\/wp-content\/uploads\/2025\/05\/Explosion-proof-of-chemical-plants.jpg 360w\" sizes=\"auto, (max-width: 480px) 150px\" src=\"https:\/\/led.amasly.com\/wp-content\/uploads\/2025\/05\/Explosion-proof-of-chemical-plants.jpg\" alt=\"\" class=\"uag-image-3232\" width=\"1004\" height=\"308\" title=\"Prote\u00e7\u00e3o contra a explos\u00e3o de instala\u00e7\u00f5es qu\u00edmicas\" loading=\"lazy\" role=\"img\"><\/a><\/figure><\/div>\n\n\n\n<p>Nos \u00faltimos anos, as frequentes explos\u00f5es em f\u00e1bricas de produtos qu\u00edmicos t\u00eam suscitado a preocupa\u00e7\u00e3o do p\u00fablico: Porque \u00e9 que estas instala\u00e7\u00f5es representam uma amea\u00e7a t\u00e3o persistente para a seguran\u00e7a p\u00fablica? Como \u00e9 que as explos\u00f5es podem ser evitadas na sua origem? Abaixo est\u00e3o cinco estrat\u00e9gias essenciais para as empresas qu\u00edmicas mitigarem os riscos de explos\u00e3o.<\/p>\n\n\n\n<hr class=\"wp-block-separator has-alpha-channel-opacity\"\/>\n\n\n\n<h2 class=\"wp-block-heading\"><strong>1. Prote\u00e7\u00e3o contra a explos\u00e3o das instala\u00e7\u00f5es qu\u00edmicas<\/strong>: <strong>Controlar e eliminar as fontes de igni\u00e7\u00e3o<\/strong><\/h2>\n\n\n\n<h4 class=\"wp-block-heading\"><strong>(1) Chamas abertas<\/strong><\/h4>\n\n\n\n<p>As chamas abertas em ambientes industriais incluem principalmente aquecimento, manuten\u00e7\u00e3o e outras fontes de inc\u00eandio operacionais.<\/p>\n\n\n\n<ul class=\"wp-block-list\">\n<li>Utilizar vapor ou outros meios de transfer\u00eancia de calor em vez de chamas abertas para aquecer materiais inflam\u00e1veis. Se as chamas forem inevit\u00e1veis, assegurar que o equipamento est\u00e1 hermeticamente fechado e que as c\u00e2maras de combust\u00e3o est\u00e3o isoladas das unidades de processamento.<\/li>\n\n\n\n<li>Minimizar a soldadura em \u00e1reas propensas a inc\u00eandios ou explos\u00f5es. Manter uma dist\u00e2ncia segura entre os locais de soldadura e o equipamento inflam\u00e1vel. Para trabalhos a quente (por exemplo, soldadura) em equipamento ou condutas que contenham materiais inflam\u00e1veis, siga rigorosamente os protocolos, tais como isolamento, purga, limpeza e teste de g\u00e1s.<\/li>\n\n\n\n<li>Evite as fa\u00edscas provenientes de chamin\u00e9s ou de escapes de ve\u00edculos, assegurando uma combust\u00e3o correta da fornalha, uma altura adequada da chamin\u00e9 e instalando p\u00e1ra-fa\u00edscas nos tubos de escape.<\/li>\n<\/ul>\n\n\n\n<h4 class=\"wp-block-heading\"><strong>(2) Atrito e impacto<\/strong><\/h4>\n\n\n\n<p>As fa\u00edscas resultantes da fric\u00e7\u00e3o de m\u00e1quinas, colis\u00f5es de metais ou ferramentas que batem no bet\u00e3o podem inflamar materiais inflam\u00e1veis. As medidas de mitiga\u00e7\u00e3o incluem:<\/p>\n\n\n\n<ul class=\"wp-block-list\">\n<li>Lubrificar regularmente os rolamentos para reduzir o atrito e remover os res\u00edduos combust\u00edveis.<\/li>\n\n\n\n<li>Utilizar materiais que n\u00e3o produzam fa\u00edscas (por exemplo, ligas de cobre) para pe\u00e7as rotativas em \u00e1reas perigosas. Instalar separadores magn\u00e9ticos para remover os res\u00edduos met\u00e1licos das mat\u00e9rias-primas.<\/li>\n\n\n\n<li>Manusear com cuidado as garrafas de g\u00e1s ou os contentores de l\u00edquidos inflam\u00e1veis. Proibir o uso de cal\u00e7ado com pontas em zonas de alto risco e utilizar pavimentos resistentes a fa\u00edscas.<\/li>\n<\/ul>\n\n\n\n<div class=\"wp-block-uagb-image uagb-block-104b9dbc wp-block-uagb-image--layout-default wp-block-uagb-image--effect-static wp-block-uagb-image--align-none\"><figure class=\"wp-block-uagb-image__figure\"><img decoding=\"async\" srcset=\"https:\/\/led.amasly.com\/wp-content\/uploads\/2025\/05\/Chemical-plant-1024x1024.jpg ,https:\/\/led.amasly.com\/wp-content\/uploads\/2025\/05\/Chemical-plant.jpg 780w, https:\/\/led.amasly.com\/wp-content\/uploads\/2025\/05\/Chemical-plant.jpg 360w\" sizes=\"auto, (max-width: 480px) 150px\" src=\"https:\/\/led.amasly.com\/wp-content\/uploads\/2025\/05\/Chemical-plant-1024x1024.jpg\" alt=\"\" class=\"uag-image-3233\" width=\"1080\" height=\"1080\" title=\"F\u00e1brica de produtos qu\u00edmicos\" loading=\"lazy\" role=\"img\"><\/figure><\/div>\n\n\n\n<h4 class=\"wp-block-heading\"><strong>(3) Fa\u00edscas el\u00e9ctricas<\/strong><\/h4>\n\n\n\n<p>As fa\u00edscas el\u00e9ctricas s\u00e3o uma das principais causas de explos\u00f5es. Implementar sistemas el\u00e9ctricos \u00e0 prova de explos\u00e3o, selados ou isolados em \u00e1reas perigosas com base em classifica\u00e7\u00f5es de risco e propriedades do material.<\/p>\n\n\n\n<p>A sele\u00e7\u00e3o do material el\u00e9trico \u00e0 prova de explos\u00e3o e outros aspectos devem ser efectuados em conformidade com <a href=\"http:\/\/www.iecex-certs.com\/\" rel=\"nofollow noopener\" target=\"_blank\">normas relevantes EN60079.<\/a><\/p>\n\n\n\n<h4 class=\"wp-block-heading\"><strong>(4) Outras fontes de igni\u00e7\u00e3o<\/strong><\/h4>\n\n\n\n<p>Abordar as descargas electrost\u00e1ticas, as descargas atmosf\u00e9ricas e o contacto entre materiais inflam\u00e1veis e superf\u00edcies quentes. Isolar o equipamento e as condutas de alta temperatura.<\/p>\n\n\n\n<hr class=\"wp-block-separator has-alpha-channel-opacity\"\/>\n\n\n\n<h3 class=\"wp-block-heading\"><strong>2. Manuseamento seguro de materiais perigosos<\/strong><\/h3>\n\n\n\n<ul class=\"wp-block-list\">\n<li>Substituir materiais altamente perigosos por alternativas mais seguras, sempre que poss\u00edvel.<\/li>\n\n\n\n<li>Isolar ou estabilizar subst\u00e2ncias auto-inflam\u00e1veis (por exemplo, \u00f3leos, produtos qu\u00edmicos reactivos \u00e0 \u00e1gua). Evitar a mistura de materiais incompat\u00edveis (por exemplo, oxidantes com inflam\u00e1veis).<\/li>\n\n\n\n<li>Armazenar materiais inst\u00e1veis com estabilizadores (por exemplo, \u00e1cido sulf\u00farico para cianeto de hidrog\u00e9nio, hidroquinona para acrilonitrilo).<\/li>\n\n\n\n<li>Utilizar recipientes de vidro escuro ou de metal para l\u00edquidos sens\u00edveis \u00e0 luz (por exemplo, \u00e9teres) para evitar a forma\u00e7\u00e3o de per\u00f3xido.<\/li>\n\n\n\n<li>Ter em conta os riscos de derrame de l\u00edquidos atrav\u00e9s da conce\u00e7\u00e3o de sistemas de conten\u00e7\u00e3o.<\/li>\n<\/ul>\n\n\n\n<hr class=\"wp-block-separator has-alpha-channel-opacity\"\/>\n\n\n\n<h3 class=\"wp-block-heading\"><strong>3. Prote\u00e7\u00e3o contra a explos\u00e3o das instala\u00e7\u00f5es qu\u00edmicas<\/strong>: <strong>Par\u00e2metros do processo Controlos de seguran\u00e7a<\/strong><\/h3>\n\n\n\n<h4 class=\"wp-block-heading\"><strong>(1) Controlo da temperatura<\/strong><\/h4>\n\n\n\n<p>Manter temperaturas de rea\u00e7\u00e3o ideais para evitar reac\u00e7\u00f5es de fuga ou decomposi\u00e7\u00e3o.<\/p>\n\n\n\n<h4 class=\"wp-block-heading\"><strong>(2) Controlo da press\u00e3o<\/strong><\/h4>\n\n\n\n<p>Monitorizar as flutua\u00e7\u00f5es de press\u00e3o e instalar dispositivos de seguran\u00e7a fi\u00e1veis (por exemplo, v\u00e1lvulas de al\u00edvio). Evitar a contamina\u00e7\u00e3o cruzada de g\u00e1s entre sistemas.<\/p>\n\n\n\n<h4 class=\"wp-block-heading\"><strong>(3) Alimenta\u00e7\u00e3o de material<\/strong><\/h4>\n\n\n\n<ul class=\"wp-block-list\">\n<li>Regular as velocidades de alimenta\u00e7\u00e3o para evitar a fuga t\u00e9rmica.<\/li>\n\n\n\n<li>Controlar rigorosamente os r\u00e1cios dos reagentes e as sequ\u00eancias de alimenta\u00e7\u00e3o (por exemplo, hidrog\u00e9nio antes do cloro na s\u00edntese de HCl). Implementar v\u00e1lvulas interligadas para evitar erros.<\/li>\n\n\n\n<li>Assegurar a pureza da mat\u00e9ria-prima para evitar reac\u00e7\u00f5es secund\u00e1rias perigosas.<\/li>\n<\/ul>\n\n\n\n<h4 class=\"wp-block-heading\"><strong>(4) Preven\u00e7\u00e3o de fugas<\/strong><\/h4>\n\n\n\n<p>Resolver fugas internas\/externas atrav\u00e9s da manuten\u00e7\u00e3o de v\u00e1lvulas, sistemas de v\u00e1lvulas duplas e rotulagem clara. Evitar o enchimento excessivo e o funcionamento incorreto.<\/p>\n\n\n\n<h4 class=\"wp-block-heading\"><strong>(5) Protocolos de paragem de emerg\u00eancia<\/strong><\/h4>\n\n\n\n<p>Formar o pessoal para lidar com falhas de energia\/utilidade. Realizar simulacros e preparar planos de emerg\u00eancia.<\/p>\n\n\n\n<hr class=\"wp-block-separator has-alpha-channel-opacity\"\/>\n\n\n\n<h3 class=\"wp-block-heading\"><strong>4. Veda\u00e7\u00e3o e inertiza\u00e7\u00e3o do sistema<\/strong><\/h3>\n\n\n\n<h4 class=\"wp-block-heading\"><strong>(1) Veda\u00e7\u00e3o<\/strong><\/h4>\n\n\n\n<p>Minimize as fugas utilizando juntas soldadas sobre flanges e tubos sem costura. Para sistemas de v\u00e1cuo, evitar a entrada de ar com purga de g\u00e1s inerte.<\/p>\n\n\n\n<h4 class=\"wp-block-heading\"><strong>(2) Inertiza\u00e7\u00e3o<\/strong><\/h4>\n\n\n\n<p>Substituir o oxig\u00e9nio por gases inertes (por exemplo, azoto) para suprimir a combust\u00e3o. Monitorizar o fluxo de g\u00e1s, a press\u00e3o e os n\u00edveis de oxig\u00e9nio.<\/p>\n\n\n\n<hr class=\"wp-block-separator has-alpha-channel-opacity\"\/>\n\n\n\n<h3 class=\"wp-block-heading\"><strong>5. Ventila\u00e7\u00e3o<\/strong><\/h3>\n\n\n\n<ul class=\"wp-block-list\">\n<li>Evitar a recircula\u00e7\u00e3o de ar que contenha gases inflam\u00e1veis. Separar os sistemas de exaust\u00e3o e de aspira\u00e7\u00e3o.<\/li>\n\n\n\n<li>Utilizar ventiladores e condutas resistentes a fa\u00edscas. Evitar a passagem de tubos de ventila\u00e7\u00e3o atrav\u00e9s de paredes corta-fogo.<\/li>\n<\/ul>\n\n\n\n<hr class=\"wp-block-separator has-alpha-channel-opacity\"\/>\n\n\n\n<p class=\"has-text-align-left\">Atrav\u00e9s da aplica\u00e7\u00e3o rigorosa destas medidas - controlo das fontes de igni\u00e7\u00e3o, gest\u00e3o de materiais perigosos, otimiza\u00e7\u00e3o dos par\u00e2metros do processo, garantia da integridade do sistema e manuten\u00e7\u00e3o de uma ventila\u00e7\u00e3o adequada - as instala\u00e7\u00f5es qu\u00edmicas podem reduzir significativamente os riscos de explos\u00e3o e proteger os trabalhadores e as comunidades.<\/p>\n\n\n\n<div class=\"wp-block-uagb-container uagb-block-c7d898dd alignfull uagb-is-root-container\"><div class=\"uagb-container-inner-blocks-wrap\"><\/div><\/div>\n\n\n\n<h2 class=\"wp-block-heading\">Produtos relacionados<\/h2>\n\n\n\n<div class=\"wp-block-uagb-container uagb-block-66e4defc alignfull uagb-is-root-container\"><div class=\"uagb-container-inner-blocks-wrap\">\n<div class=\"wp-block-uagb-container uagb-block-a42945f9\">\n<div class=\"wp-block-uagb-image uagb-block-7296296b wp-block-uagb-image--layout-default wp-block-uagb-image--effect-static wp-block-uagb-image--align-none\"><figure class=\"wp-block-uagb-image__figure\"><a class=\"\" href=\"https:\/\/led.amasly.com\/pt\/produtos\/\" target=\"\" rel=\"noopener\"><img decoding=\"async\" srcset=\"https:\/\/led.amasly.com\/wp-content\/uploads\/2024\/09\/Explosion-proof-high-bay-lights.png ,https:\/\/led.amasly.com\/wp-content\/uploads\/2024\/09\/Explosion-proof-high-bay-lights.png 780w, https:\/\/led.amasly.com\/wp-content\/uploads\/2024\/09\/Explosion-proof-high-bay-lights.png 360w\" sizes=\"auto, (max-width: 480px) 150px\" src=\"https:\/\/led.amasly.com\/wp-content\/uploads\/2024\/09\/Explosion-proof-high-bay-lights.png\" alt=\"\" class=\"uag-image-1495\" width=\"300\" height=\"300\" title=\"Luzes de ba\u00eda alta \u00e0 prova de explos\u00e3o\" loading=\"lazy\" role=\"img\"><\/a><\/figure><\/div>\n<\/div>\n\n\n\n<div class=\"wp-block-uagb-container uagb-block-4d3efde5\">\n<div class=\"wp-block-uagb-image uagb-block-c9e90797 wp-block-uagb-image--layout-default wp-block-uagb-image--effect-static wp-block-uagb-image--align-none\"><figure class=\"wp-block-uagb-image__figure\"><a class=\"\" href=\"https:\/\/led.amasly.com\/pt\/produtos\/\" target=\"\" rel=\"noopener\"><img decoding=\"async\" srcset=\"https:\/\/led.amasly.com\/wp-content\/uploads\/2024\/07\/LED-tri-proof-lights2.png ,https:\/\/led.amasly.com\/wp-content\/uploads\/2024\/07\/LED-tri-proof-lights2.png 780w, https:\/\/led.amasly.com\/wp-content\/uploads\/2024\/07\/LED-tri-proof-lights2.png 360w\" sizes=\"auto, (max-width: 480px) 150px\" src=\"https:\/\/led.amasly.com\/wp-content\/uploads\/2024\/07\/LED-tri-proof-lights2.png\" alt=\"\" class=\"uag-image-1132\" width=\"300\" height=\"300\" title=\"Luzes LED \u00e0 prova de tripla prote\u00e7\u00e3o2\" loading=\"lazy\" role=\"img\"><\/a><\/figure><\/div>\n<\/div>\n\n\n\n<div class=\"wp-block-uagb-container uagb-block-11c2578b\">\n<div class=\"wp-block-uagb-image uagb-block-6e8883aa wp-block-uagb-image--layout-default wp-block-uagb-image--effect-static wp-block-uagb-image--align-none\"><figure class=\"wp-block-uagb-image__figure\"><a class=\"\" href=\"https:\/\/led.amasly.com\/pt\/produtos\/\" target=\"\" rel=\"noopener\"><img decoding=\"async\" srcset=\"https:\/\/led.amasly.com\/wp-content\/uploads\/2024\/09\/LED-Explosion-Proof-Gas-Station-Light.png ,https:\/\/led.amasly.com\/wp-content\/uploads\/2024\/09\/LED-Explosion-Proof-Gas-Station-Light.png 780w, https:\/\/led.amasly.com\/wp-content\/uploads\/2024\/09\/LED-Explosion-Proof-Gas-Station-Light.png 360w\" sizes=\"auto, (max-width: 480px) 150px\" src=\"https:\/\/led.amasly.com\/wp-content\/uploads\/2024\/09\/LED-Explosion-Proof-Gas-Station-Light.png\" alt=\"\" class=\"uag-image-1501\" width=\"300\" height=\"300\" title=\"Luz LED para esta\u00e7\u00e3o de servi\u00e7o \u00e0 prova de explos\u00e3o\" loading=\"lazy\" role=\"img\"><\/a><\/figure><\/div>\n<\/div>\n<\/div><\/div>\n\n\n\n<div class=\"wp-block-uagb-container uagb-block-548945b5 alignfull uagb-is-root-container\"><div class=\"uagb-container-inner-blocks-wrap\">\n<div class=\"wp-block-uagb-container uagb-block-967755d5\">\n<h4 class=\"wp-block-heading has-text-align-center\"><a href=\"https:\/\/led.amasly.com\/pt\/produtos\/\">Luzes LED \u00e0 prova de explos\u00e3o<\/a><\/h4>\n<\/div>\n\n\n\n<div class=\"wp-block-uagb-container uagb-block-9bc52fc2\">\n<h4 class=\"wp-block-heading has-text-align-center\"><a href=\"https:\/\/led.amasly.com\/pt\/produtos\/\">Luzes LED Tri-Proof<\/a><\/h4>\n<\/div>\n\n\n\n<div class=\"wp-block-uagb-container uagb-block-8ffa0a23\">\n<h4 class=\"wp-block-heading has-text-align-center\"><a href=\"https:\/\/led.amasly.com\/pt\/produtos\/\">Luzes para postos de gasolina \u00e0 prova de explos\u00e3o<\/a><\/h4>\n<\/div>\n<\/div><\/div>\n\n\n\n<div class=\"wp-block-uagb-container uagb-block-29499fe0 alignfull uagb-is-root-container\"><div class=\"uagb-container-inner-blocks-wrap\">\n<div class=\"wp-block-uagb-container uagb-block-777ee1c7\">\n<div class=\"wp-block-uagb-image uagb-block-2e9a1851 wp-block-uagb-image--layout-default wp-block-uagb-image--effect-static wp-block-uagb-image--align-none\"><figure class=\"wp-block-uagb-image__figure\"><a class=\"\" href=\"https:\/\/led.amasly.com\/pt\/produtos\/\" target=\"\" rel=\"noopener\"><img decoding=\"async\" srcset=\"https:\/\/led.amasly.com\/wp-content\/uploads\/2024\/10\/50W-100W-150W-200W-300W-LED-Flood-Light.jpg ,https:\/\/led.amasly.com\/wp-content\/uploads\/2024\/10\/50W-100W-150W-200W-300W-LED-Flood-Light.jpg 780w, https:\/\/led.amasly.com\/wp-content\/uploads\/2024\/10\/50W-100W-150W-200W-300W-LED-Flood-Light.jpg 360w\" sizes=\"auto, (max-width: 480px) 150px\" src=\"https:\/\/led.amasly.com\/wp-content\/uploads\/2024\/10\/50W-100W-150W-200W-300W-LED-Flood-Light.jpg\" alt=\"\" class=\"uag-image-1526\" width=\"300\" height=\"300\" title=\"Holofote LED 50W 100W 150W 200W 300W\" loading=\"lazy\" role=\"img\"><\/a><\/figure><\/div>\n<\/div>\n\n\n\n<div class=\"wp-block-uagb-container uagb-block-af8c8683\">\n<div class=\"wp-block-uagb-image uagb-block-67947854 wp-block-uagb-image--layout-default wp-block-uagb-image--effect-static wp-block-uagb-image--align-none\"><figure class=\"wp-block-uagb-image__figure\"><a class=\"\" href=\"https:\/\/led.amasly.com\/pt\/produtos\/\" target=\"\" rel=\"noopener\"><img decoding=\"async\" srcset=\"https:\/\/led.amasly.com\/wp-content\/uploads\/2024\/07\/led-tri-proof-light.png ,https:\/\/led.amasly.com\/wp-content\/uploads\/2024\/07\/led-tri-proof-light.png 780w, https:\/\/led.amasly.com\/wp-content\/uploads\/2024\/07\/led-tri-proof-light.png 360w\" sizes=\"auto, (max-width: 480px) 150px\" src=\"https:\/\/led.amasly.com\/wp-content\/uploads\/2024\/07\/led-tri-proof-light.png\" alt=\"\" class=\"uag-image-1130\" width=\"300\" height=\"300\" title=\"luz led-tri-proof\" loading=\"lazy\" role=\"img\"><\/a><\/figure><\/div>\n<\/div>\n\n\n\n<div class=\"wp-block-uagb-container uagb-block-0fdfdd58\">\n<div class=\"wp-block-uagb-image uagb-block-1187d32d wp-block-uagb-image--layout-default wp-block-uagb-image--effect-static wp-block-uagb-image--align-none\"><figure class=\"wp-block-uagb-image__figure\"><a class=\"\" href=\"https:\/\/led.amasly.com\/pt\/produtos\/\" target=\"\" rel=\"noopener\"><img decoding=\"async\" srcset=\"https:\/\/led.amasly.com\/wp-content\/uploads\/2024\/07\/LED-street-light.jpg ,https:\/\/led.amasly.com\/wp-content\/uploads\/2024\/07\/LED-street-light.jpg 780w, https:\/\/led.amasly.com\/wp-content\/uploads\/2024\/07\/LED-street-light.jpg 360w\" sizes=\"auto, (max-width: 480px) 150px\" src=\"https:\/\/led.amasly.com\/wp-content\/uploads\/2024\/07\/LED-street-light.jpg\" alt=\"\" class=\"uag-image-1145\" width=\"300\" height=\"300\" title=\"Luz de rua LED\" loading=\"lazy\" role=\"img\"><\/a><\/figure><\/div>\n<\/div>\n<\/div><\/div>\n\n\n\n<div class=\"wp-block-uagb-container uagb-block-6a60882c alignfull uagb-is-root-container\"><div class=\"uagb-container-inner-blocks-wrap\">\n<div class=\"wp-block-uagb-container uagb-block-f1e91a35\">\n<h4 class=\"wp-block-heading has-text-align-center\"><a href=\"https:\/\/led.amasly.com\/pt\/produtos\/\">Luzes de inunda\u00e7\u00e3o LED<\/a><\/h4>\n<\/div>\n\n\n\n<div class=\"wp-block-uagb-container uagb-block-165bfa58\">\n<h4 class=\"wp-block-heading has-text-align-center\"><a href=\"https:\/\/led.amasly.com\/pt\/produtos\/\">Tubos de luz LED \u00e0 prova de tripla prote\u00e7\u00e3o<\/a><\/h4>\n<\/div>\n\n\n\n<div class=\"wp-block-uagb-container uagb-block-f6096e3b\">\n<h4 class=\"wp-block-heading has-text-align-center\"><a href=\"https:\/\/led.amasly.com\/pt\/produtos\/\">Luzes de rua LED<\/a><\/h4>\n<\/div>\n<\/div><\/div>\n\n\n\n<div class=\"wp-block-uagb-container uagb-block-99c0e0a5 alignfull uagb-is-root-container\"><div class=\"uagb-container-inner-blocks-wrap\"><\/div><\/div>\n\n\n\n<p><\/p>","protected":false},"excerpt":{"rendered":"<p>How Chemical Plants Can Prevent Explosions? 5 Critical Measures to Implement! In recent years, frequent explosions at chemical plants have raised public concerns: Why do these facilities pose such a persistent threat to public safety? How can explosions be prevented at their root? Below are five essential strategies for chemical enterprises to mitigate explosion risks. [&hellip;]<\/p>\n","protected":false},"author":1,"featured_media":0,"parent":2374,"menu_order":0,"comment_status":"closed","ping_status":"closed","template":"","meta":{"_uag_custom_page_level_css":"","site-sidebar-layout":"no-sidebar","site-content-layout":"","ast-site-content-layout":"default","site-content-style":"default","site-sidebar-style":"default","ast-global-header-display":"","ast-banner-title-visibility":"","ast-main-header-display":"","ast-hfb-above-header-display":"","ast-hfb-below-header-display":"","ast-hfb-mobile-header-display":"","site-post-title":"disabled","ast-breadcrumbs-content":"","ast-featured-img":"","footer-sml-layout":"","ast-disable-related-posts":"","theme-transparent-header-meta":"enabled","adv-header-id-meta":"","stick-header-meta":"","header-above-stick-meta":"","header-main-stick-meta":"","header-below-stick-meta":"","astra-migrate-meta-layouts":"set","ast-page-background-enabled":"default","ast-page-background-meta":{"desktop":{"background-color":"var(--ast-global-color-4)","background-image":"","background-repeat":"repeat","background-position":"center center","background-size":"auto","background-attachment":"scroll","background-type":"","background-media":"","overlay-type":"","overlay-color":"","overlay-opacity":"","overlay-gradient":""},"tablet":{"background-color":"","background-image":"","background-repeat":"repeat","background-position":"center center","background-size":"auto","background-attachment":"scroll","background-type":"","background-media":"","overlay-type":"","overlay-color":"","overlay-opacity":"","overlay-gradient":""},"mobile":{"background-color":"","background-image":"","background-repeat":"repeat","background-position":"center center","background-size":"auto","background-attachment":"scroll","background-type":"","background-media":"","overlay-type":"","overlay-color":"","overlay-opacity":"","overlay-gradient":""}},"ast-content-background-meta":{"desktop":{"background-color":"var(--ast-global-color-5)","background-image":"","background-repeat":"repeat","background-position":"center center","background-size":"auto","background-attachment":"scroll","background-type":"","background-media":"","overlay-type":"","overlay-color":"","overlay-opacity":"","overlay-gradient":""},"tablet":{"background-color":"var(--ast-global-color-5)","background-image":"","background-repeat":"repeat","background-position":"center center","background-size":"auto","background-attachment":"scroll","background-type":"","background-media":"","overlay-type":"","overlay-color":"","overlay-opacity":"","overlay-gradient":""},"mobile":{"background-color":"var(--ast-global-color-5)","background-image":"","background-repeat":"repeat","background-position":"center center","background-size":"auto","background-attachment":"scroll","background-type":"","background-media":"","overlay-type":"","overlay-color":"","overlay-opacity":"","overlay-gradient":""}},"footnotes":""},"class_list":["post-3231","page","type-page","status-publish","hentry"],"uagb_featured_image_src":{"full":false,"thumbnail":false,"medium":false,"medium_large":false,"large":false,"1536x1536":false,"2048x2048":false,"trp-custom-language-flag":false},"uagb_author_info":{"display_name":"Joe","author_link":"https:\/\/led.amasly.com\/pt\/author\/jacklin\/"},"uagb_comment_info":0,"uagb_excerpt":"How Chemical Plants Can Prevent Explosions? 5 Critical Measures to Implement! In recent years, frequent explosions at chemical plants have raised public concerns: Why do these facilities pose such a persistent threat to public safety? How can explosions be prevented at their root? Below are five essential strategies for chemical enterprises to mitigate explosion risks.&hellip;","_links":{"self":[{"href":"https:\/\/led.amasly.com\/pt\/wp-json\/wp\/v2\/pages\/3231","targetHints":{"allow":["GET"]}}],"collection":[{"href":"https:\/\/led.amasly.com\/pt\/wp-json\/wp\/v2\/pages"}],"about":[{"href":"https:\/\/led.amasly.com\/pt\/wp-json\/wp\/v2\/types\/page"}],"author":[{"embeddable":true,"href":"https:\/\/led.amasly.com\/pt\/wp-json\/wp\/v2\/users\/1"}],"replies":[{"embeddable":true,"href":"https:\/\/led.amasly.com\/pt\/wp-json\/wp\/v2\/comments?post=3231"}],"version-history":[{"count":1,"href":"https:\/\/led.amasly.com\/pt\/wp-json\/wp\/v2\/pages\/3231\/revisions"}],"predecessor-version":[{"id":3234,"href":"https:\/\/led.amasly.com\/pt\/wp-json\/wp\/v2\/pages\/3231\/revisions\/3234"}],"up":[{"embeddable":true,"href":"https:\/\/led.amasly.com\/pt\/wp-json\/wp\/v2\/pages\/2374"}],"wp:attachment":[{"href":"https:\/\/led.amasly.com\/pt\/wp-json\/wp\/v2\/media?parent=3231"}],"curies":[{"name":"wp","href":"https:\/\/api.w.org\/{rel}","templated":true}]}}