{"id":3039,"date":"2025-04-11T20:47:37","date_gmt":"2025-04-11T12:47:37","guid":{"rendered":"https:\/\/led.amasly.com\/?page_id=3039"},"modified":"2025-04-11T20:47:43","modified_gmt":"2025-04-11T12:47:43","slug":"certificacao-a-prova-de-explosao-e-atex-diferencas-fundamentais-para-ambientes-perigosos","status":"publish","type":"page","link":"https:\/\/led.amasly.com\/pt\/conhecimento\/conhecimento-de-produtos-a-prova-de-explosao\/certificacao-a-prova-de-explosao-e-atex-diferencas-fundamentais-para-ambientes-perigosos\/","title":{"rendered":"Certifica\u00e7\u00e3o \u00e0 prova de explos\u00e3o e ATEX: Principais diferen\u00e7as para ambientes perigosos"},"content":{"rendered":"<div class=\"wp-block-uagb-container uagb-block-27bae773 alignfull uagb-is-root-container\"><div class=\"uagb-container-inner-blocks-wrap\"><\/div><\/div>\n\n\n\n<h2 class=\"wp-block-heading has-text-align-left\"><strong>Certifica\u00e7\u00e3o \u00e0 prova de explos\u00e3o e ATEX: Principais diferen\u00e7as para ambientes perigosos<\/strong><\/h2>\n\n\n\n<div class=\"wp-block-uagb-image uagb-block-da1360b5 wp-block-uagb-image--layout-default wp-block-uagb-image--effect-static wp-block-uagb-image--align-none\"><figure class=\"wp-block-uagb-image__figure\"><a class=\"\" href=\"https:\/\/led.amasly.com\/pt\/produtos\/luzes-a-prova-de-explosao\/\" target=\"\" rel=\"noopener\"><img decoding=\"async\" srcset=\"https:\/\/led.amasly.com\/wp-content\/uploads\/2025\/01\/LED-explosion-proof-flood-lights.png ,https:\/\/led.amasly.com\/wp-content\/uploads\/2025\/01\/LED-explosion-proof-flood-lights.png 780w, https:\/\/led.amasly.com\/wp-content\/uploads\/2025\/01\/LED-explosion-proof-flood-lights.png 360w\" sizes=\"auto, (max-width: 480px) 150px\" src=\"https:\/\/led.amasly.com\/wp-content\/uploads\/2025\/01\/LED-explosion-proof-flood-lights.png\" alt=\"\" class=\"uag-image-1675\" width=\"1004\" height=\"308\" title=\"Projectores LED \u00e0 prova de explos\u00e3o\" loading=\"lazy\" role=\"img\"><\/a><\/figure><\/div>\n\n\n\n<p>Em ambientes industriais onde os gases, vapores ou poeiras inflam\u00e1veis representam riscos de explos\u00e3o, o equipamento especializado, como os sistemas de ilumina\u00e7\u00e3o, tem de cumprir normas de seguran\u00e7a rigorosas. Dois termos frequentemente confundidos neste contexto s\u00e3o&nbsp;<strong>\"\u00e0 prova de explos\u00e3o\"<\/strong>&nbsp;e&nbsp;<strong>\"Certifica\u00e7\u00e3o ATEX\"<\/strong>. Embora ambos estejam relacionados com a seguran\u00e7a em \u00e1reas perigosas, diferem significativamente em termos de \u00e2mbito, regulamenta\u00e7\u00e3o e aplica\u00e7\u00e3o. Este artigo clarifica as suas distin\u00e7\u00f5es para ajudar as empresas a escolher o caminho de conformidade correto para as suas necessidades.<\/p>\n\n\n\n<h2 class=\"wp-block-heading\"><strong>O que significa \"\u00e0 prova de explos\u00e3o\"?<\/strong><strong><\/strong><\/h2>\n\n\n\n<p>\"\u00c0 prova de explos\u00e3o\" \u00e9 um termo abrangente que descreve o equipamento concebido para conter explos\u00f5es internas e evitar a igni\u00e7\u00e3o de atmosferas perigosas externas. Estes dispositivos s\u00e3o concebidos com inv\u00f3lucros refor\u00e7ados, caminhos de chama e materiais que suportam press\u00f5es e temperaturas extremas. As principais carater\u00edsticas incluem:<\/p>\n\n\n\n<p><strong>Aplicabilidade global<\/strong>: As normas variam consoante a regi\u00e3o (por exemplo, NEC na Am\u00e9rica do Norte, IECEx a n\u00edvel internacional).<\/p>\n\n\n\n<p><strong>M\u00faltiplos m\u00e9todos de prote\u00e7\u00e3o<\/strong>: Inclui inv\u00f3lucros anti-deflagrantes (Ex d), seguran\u00e7a intr\u00ednseca (Ex i) e sistemas pressurizados (Ex p).<\/p>\n\n\n\n<p><strong>Conformidade flex\u00edvel<\/strong>: Os fabricantes podem visar certifica\u00e7\u00f5es regionais espec\u00edficas (por exemplo, UL para os EUA, IECEx para mercados globais).<\/p>\n\n\n\n<p>Este termo n\u00e3o est\u00e1 ligado a uma \u00fanica certifica\u00e7\u00e3o, mas representa uma filosofia geral de seguran\u00e7a para ambientes perigosos.<\/p>\n\n\n\n<h2 class=\"wp-block-heading\"><strong>Compreender a certifica\u00e7\u00e3o ATEX<\/strong><strong><\/strong><\/h2>\n\n\n\n<p>ATEX (derivado de Atmosph\u00e8res Explosibles) \u00e9 uma&nbsp;<strong>certifica\u00e7\u00e3o obrigat\u00f3ria por lei<\/strong>&nbsp;ao abrigo da Diretiva da UE 2014\/34\/UE. Garante que o equipamento utilizado em atmosferas explosivas cumpre os rigorosos requisitos de seguran\u00e7a da UE. As principais carater\u00edsticas incluem:<\/p>\n\n\n\n<p><strong>Conformidade centrada na UE<\/strong>: Obrigat\u00f3rio para os produtos vendidos no Espa\u00e7o Econ\u00f3mico Europeu (EEE).<\/p>\n\n\n\n<p><strong>Classifica\u00e7\u00e3o por zonas de risco<\/strong>: Os dispositivos s\u00e3o classificados em grupos (I para minas, II para n\u00e3o minas) e categorias (1-3 para zonas de g\u00e1s\/p\u00f3).<\/p>\n\n\n\n<p><strong>Normas unificadas<\/strong>: Alinha-se com a s\u00e9rie IEC 60079, mas acrescenta documenta\u00e7\u00e3o e avalia\u00e7\u00f5es de conformidade espec\u00edficas para a UE<\/p>\n\n\n\n<p>Os produtos com certifica\u00e7\u00e3o ATEX apresentam um log\u00f3tipo hexagonal com os c\u00f3digos Ex, grupo, categoria e ambiente (por exemplo, II 2G para ambientes com g\u00e1s da Zona 1).<\/p>\n\n\n\n<h2 class=\"wp-block-heading\"><strong>Principais diferen\u00e7as entre a prote\u00e7\u00e3o contra explos\u00f5es e a ATEX<\/strong><strong><\/strong><\/h2>\n\n\n\n<h3 class=\"wp-block-heading\"><strong>1.&nbsp;<\/strong><strong>\u00c2mbito de aplica\u00e7\u00e3o e requisitos legais<\/strong><strong><\/strong><\/h3>\n\n\n\n<p><strong>\u00c0 prova de explos\u00e3o<\/strong>: Um conceito de design universal sem vincula\u00e7\u00e3o legal. A conformidade depende das certifica\u00e7\u00f5es regionais (por exemplo, IECEx, UL).<\/p>\n\n\n\n<p><strong>ATEX<\/strong>: Legalmente exigido para a entrada no mercado da UE. O incumprimento pode resultar na retirada de produtos do mercado ou em san\u00e7\u00f5es.<\/p>\n\n\n\n<h3 class=\"wp-block-heading\"><strong>2.&nbsp;<\/strong><strong>Aplicabilidade geogr\u00e1fica<\/strong><strong><\/strong><\/h3>\n\n\n\n<p><strong>\u00c0 prova de explos\u00e3o<\/strong>: Adapta-se \u00e0s normas mundiais. Por exemplo, a IECEx \u00e9 aceite em mais de 24 pa\u00edses, enquanto a UL se adapta \u00e0 Am\u00e9rica do Norte.<\/p>\n\n\n\n<p><strong>ATEX<\/strong>: Exclusivo para a UE. Mesmo os produtos com certifica\u00e7\u00e3o IECEx necessitam de ATEX para serem vendidos na UE.<\/p>\n\n\n\n<h3 class=\"wp-block-heading\"><strong>3.&nbsp;<\/strong><strong>Processo de certifica\u00e7\u00e3o<\/strong><strong><\/strong><\/h3>\n\n\n\n<p><strong>\u00c0 prova de explos\u00e3o<\/strong>: Varia consoante a norma. O IECEx centra-se nos ensaios por terceiros e nas auditorias \u00e0s f\u00e1bricas.<\/p>\n\n\n\n<p><strong>ATEX<\/strong>: Requer autodeclara\u00e7\u00e3o (para a categoria 3) ou envolvimento do organismo notificado (categorias 1-2). A documenta\u00e7\u00e3o inclui avalia\u00e7\u00f5es de risco e ficheiros t\u00e9cnicos.<\/p>\n\n\n\n<h3 class=\"wp-block-heading\"><strong>4.&nbsp;<\/strong><strong>Normas t\u00e9cnicas<\/strong><strong><\/strong><\/h3>\n\n\n\n<p><strong>\u00c0 prova de explos\u00e3o<\/strong>: Segue diversas normas como a IEC 60079 (internacional) ou a NEC 505 (Am\u00e9rica do Norte).<\/p>\n\n\n\n<p><strong>ATEX<\/strong>: Obriga \u00e0 conformidade com a norma EN 60079, mas acrescenta diretivas espec\u00edficas da UE, como o alinhamento da classe de temperatura (T1-T6).<\/p>\n\n\n\n<h2 class=\"wp-block-heading\"><strong>Escolher a certifica\u00e7\u00e3o correta para a ilumina\u00e7\u00e3o industrial<\/strong><strong><\/strong><\/h2>\n\n\n\n<h3 class=\"wp-block-heading\"><strong>Para os mercados da UE:<\/strong><strong><\/strong><\/h3>\n\n\n\n<p><strong>Dar prioridade \u00e0 ATEX<\/strong>: Essencial para a conformidade legal. Assegurar que os sistemas de ilumina\u00e7\u00e3o cumprem os requisitos espec\u00edficos de cada zona (por exemplo, Zona 1 para ambientes com g\u00e1s).<\/p>\n\n\n\n<h3 class=\"wp-block-heading\"><strong>Para os mercados globais:<\/strong><strong><\/strong><\/h3>\n\n\n\n<p><strong>Combinar ATEX e IECEx<\/strong>: <a href=\"http:\/\/www.iecex-certs.com\/\" rel=\"nofollow noopener\" target=\"_blank\">IECEx<\/a> simplifica as aprova\u00e7\u00f5es na Austr\u00e1lia, Singapura e noutros pa\u00edses membros da IEC<\/p>\n\n\n\n<p><strong>Considerar suplementos regionais<\/strong>: <a href=\"http:\/\/www.ul.com\" rel=\"nofollow noopener\" target=\"_blank\">UL<\/a> ou FM podem ser necess\u00e1rias para a Am\u00e9rica do Norte.<\/p>\n\n\n\n<h3 class=\"wp-block-heading\"><strong>Considera\u00e7\u00f5es sobre custos e tempo:<\/strong><strong><\/strong><\/h3>\n\n\n\n<p>A auto-certifica\u00e7\u00e3o ATEX (Categoria 3) reduz os custos mas limita o \u00e2mbito do mercado.<\/p>\n\n\n\n<p>A certifica\u00e7\u00e3o dupla ATEX\/IECEx completa maximiza o acesso ao mercado, mas exige prazos mais longos.<\/p>\n\n\n\n<h2 class=\"wp-block-heading\"><strong>Conclus\u00e3o<\/strong><strong><\/strong><\/h2>\n\n\n\n<p>Enquanto \"\u00e0 prova de explos\u00e3o\" define a capacidade de seguran\u00e7a de um produto,&nbsp;<strong>Certifica\u00e7\u00e3o ATEX<\/strong>&nbsp;\u00e9 uma porta de entrada legal para o mercado da UE. Os fabricantes de ilumina\u00e7\u00e3o industrial devem alinhar as suas estrat\u00e9gias com as regi\u00f5es-alvo:<\/p>\n\n\n\n<p>Utiliza\u00e7\u00e3o&nbsp;<strong>ATEX<\/strong>&nbsp;para os produtos destinados \u00e0 UE.<\/p>\n\n\n\n<p>Alavancagem&nbsp;<strong>IECEx<\/strong>&nbsp;ou normas regionais (por exemplo, UL) para uma escalabilidade global.<\/p>\n\n\n\n<p class=\"has-text-align-left\">Ao compreender estas distin\u00e7\u00f5es, as empresas podem otimizar os esfor\u00e7os de conformidade, reduzir os riscos e penetrar nos mercados de forma eficaz.<\/p>\n\n\n\n<div class=\"wp-block-uagb-container uagb-block-c7d898dd alignfull uagb-is-root-container\"><div class=\"uagb-container-inner-blocks-wrap\"><\/div><\/div>\n\n\n\n<h2 class=\"wp-block-heading\">Produtos relacionados<\/h2>\n\n\n\n<div class=\"wp-block-uagb-container uagb-block-66e4defc alignfull uagb-is-root-container\"><div class=\"uagb-container-inner-blocks-wrap\">\n<div class=\"wp-block-uagb-container uagb-block-a42945f9\">\n<div class=\"wp-block-uagb-image uagb-block-7296296b wp-block-uagb-image--layout-default wp-block-uagb-image--effect-static wp-block-uagb-image--align-none\"><figure class=\"wp-block-uagb-image__figure\"><a class=\"\" href=\"https:\/\/led.amasly.com\/pt\/produtos\/\" target=\"\" rel=\"noopener\"><img decoding=\"async\" srcset=\"https:\/\/led.amasly.com\/wp-content\/uploads\/2024\/09\/Explosion-proof-high-bay-lights.png ,https:\/\/led.amasly.com\/wp-content\/uploads\/2024\/09\/Explosion-proof-high-bay-lights.png 780w, https:\/\/led.amasly.com\/wp-content\/uploads\/2024\/09\/Explosion-proof-high-bay-lights.png 360w\" sizes=\"auto, (max-width: 480px) 150px\" src=\"https:\/\/led.amasly.com\/wp-content\/uploads\/2024\/09\/Explosion-proof-high-bay-lights.png\" alt=\"\" class=\"uag-image-1495\" width=\"300\" height=\"300\" title=\"Luzes de ba\u00eda alta \u00e0 prova de explos\u00e3o\" loading=\"lazy\" role=\"img\"><\/a><\/figure><\/div>\n<\/div>\n\n\n\n<div class=\"wp-block-uagb-container uagb-block-4d3efde5\">\n<div class=\"wp-block-uagb-image uagb-block-c9e90797 wp-block-uagb-image--layout-default wp-block-uagb-image--effect-static wp-block-uagb-image--align-none\"><figure class=\"wp-block-uagb-image__figure\"><a class=\"\" href=\"https:\/\/led.amasly.com\/pt\/produtos\/\" target=\"\" rel=\"noopener\"><img decoding=\"async\" srcset=\"https:\/\/led.amasly.com\/wp-content\/uploads\/2024\/07\/LED-tri-proof-lights2.png ,https:\/\/led.amasly.com\/wp-content\/uploads\/2024\/07\/LED-tri-proof-lights2.png 780w, https:\/\/led.amasly.com\/wp-content\/uploads\/2024\/07\/LED-tri-proof-lights2.png 360w\" sizes=\"auto, (max-width: 480px) 150px\" src=\"https:\/\/led.amasly.com\/wp-content\/uploads\/2024\/07\/LED-tri-proof-lights2.png\" alt=\"\" class=\"uag-image-1132\" width=\"300\" height=\"300\" title=\"Luzes LED \u00e0 prova de tripla prote\u00e7\u00e3o2\" loading=\"lazy\" role=\"img\"><\/a><\/figure><\/div>\n<\/div>\n\n\n\n<div class=\"wp-block-uagb-container uagb-block-11c2578b\">\n<div class=\"wp-block-uagb-image uagb-block-6e8883aa wp-block-uagb-image--layout-default wp-block-uagb-image--effect-static wp-block-uagb-image--align-none\"><figure class=\"wp-block-uagb-image__figure\"><a class=\"\" href=\"https:\/\/led.amasly.com\/pt\/produtos\/\" target=\"\" rel=\"noopener\"><img decoding=\"async\" srcset=\"https:\/\/led.amasly.com\/wp-content\/uploads\/2024\/09\/LED-Explosion-Proof-Gas-Station-Light.png ,https:\/\/led.amasly.com\/wp-content\/uploads\/2024\/09\/LED-Explosion-Proof-Gas-Station-Light.png 780w, https:\/\/led.amasly.com\/wp-content\/uploads\/2024\/09\/LED-Explosion-Proof-Gas-Station-Light.png 360w\" sizes=\"auto, (max-width: 480px) 150px\" src=\"https:\/\/led.amasly.com\/wp-content\/uploads\/2024\/09\/LED-Explosion-Proof-Gas-Station-Light.png\" alt=\"\" class=\"uag-image-1501\" width=\"300\" height=\"300\" title=\"Luz LED para esta\u00e7\u00e3o de servi\u00e7o \u00e0 prova de explos\u00e3o\" loading=\"lazy\" role=\"img\"><\/a><\/figure><\/div>\n<\/div>\n<\/div><\/div>\n\n\n\n<div class=\"wp-block-uagb-container uagb-block-548945b5 alignfull uagb-is-root-container\"><div class=\"uagb-container-inner-blocks-wrap\">\n<div class=\"wp-block-uagb-container uagb-block-967755d5\">\n<h4 class=\"wp-block-heading has-text-align-center\"><a href=\"https:\/\/led.amasly.com\/pt\/produtos\/\">Luzes LED \u00e0 prova de explos\u00e3o<\/a><\/h4>\n<\/div>\n\n\n\n<div class=\"wp-block-uagb-container uagb-block-9bc52fc2\">\n<h4 class=\"wp-block-heading has-text-align-center\"><a href=\"https:\/\/led.amasly.com\/pt\/produtos\/\">Luzes LED Tri-Proof<\/a><\/h4>\n<\/div>\n\n\n\n<div class=\"wp-block-uagb-container uagb-block-8ffa0a23\">\n<h4 class=\"wp-block-heading has-text-align-center\"><a href=\"https:\/\/led.amasly.com\/pt\/produtos\/\">Luzes para postos de gasolina \u00e0 prova de explos\u00e3o<\/a><\/h4>\n<\/div>\n<\/div><\/div>\n\n\n\n<div class=\"wp-block-uagb-container uagb-block-29499fe0 alignfull uagb-is-root-container\"><div class=\"uagb-container-inner-blocks-wrap\">\n<div class=\"wp-block-uagb-container uagb-block-777ee1c7\">\n<div class=\"wp-block-uagb-image uagb-block-2e9a1851 wp-block-uagb-image--layout-default wp-block-uagb-image--effect-static wp-block-uagb-image--align-none\"><figure class=\"wp-block-uagb-image__figure\"><a class=\"\" href=\"https:\/\/led.amasly.com\/pt\/produtos\/\" target=\"\" rel=\"noopener\"><img decoding=\"async\" srcset=\"https:\/\/led.amasly.com\/wp-content\/uploads\/2024\/10\/50W-100W-150W-200W-300W-LED-Flood-Light.jpg ,https:\/\/led.amasly.com\/wp-content\/uploads\/2024\/10\/50W-100W-150W-200W-300W-LED-Flood-Light.jpg 780w, https:\/\/led.amasly.com\/wp-content\/uploads\/2024\/10\/50W-100W-150W-200W-300W-LED-Flood-Light.jpg 360w\" sizes=\"auto, (max-width: 480px) 150px\" src=\"https:\/\/led.amasly.com\/wp-content\/uploads\/2024\/10\/50W-100W-150W-200W-300W-LED-Flood-Light.jpg\" alt=\"\" class=\"uag-image-1526\" width=\"300\" height=\"300\" title=\"Holofote LED 50W 100W 150W 200W 300W\" loading=\"lazy\" role=\"img\"><\/a><\/figure><\/div>\n<\/div>\n\n\n\n<div class=\"wp-block-uagb-container uagb-block-af8c8683\">\n<div class=\"wp-block-uagb-image uagb-block-67947854 wp-block-uagb-image--layout-default wp-block-uagb-image--effect-static wp-block-uagb-image--align-none\"><figure class=\"wp-block-uagb-image__figure\"><a class=\"\" href=\"https:\/\/led.amasly.com\/pt\/produtos\/\" target=\"\" rel=\"noopener\"><img decoding=\"async\" srcset=\"https:\/\/led.amasly.com\/wp-content\/uploads\/2024\/07\/led-tri-proof-light.png ,https:\/\/led.amasly.com\/wp-content\/uploads\/2024\/07\/led-tri-proof-light.png 780w, https:\/\/led.amasly.com\/wp-content\/uploads\/2024\/07\/led-tri-proof-light.png 360w\" sizes=\"auto, (max-width: 480px) 150px\" src=\"https:\/\/led.amasly.com\/wp-content\/uploads\/2024\/07\/led-tri-proof-light.png\" alt=\"\" class=\"uag-image-1130\" width=\"300\" height=\"300\" title=\"luz led-tri-proof\" loading=\"lazy\" role=\"img\"><\/a><\/figure><\/div>\n<\/div>\n\n\n\n<div class=\"wp-block-uagb-container uagb-block-0fdfdd58\">\n<div class=\"wp-block-uagb-image uagb-block-1187d32d wp-block-uagb-image--layout-default wp-block-uagb-image--effect-static wp-block-uagb-image--align-none\"><figure class=\"wp-block-uagb-image__figure\"><a class=\"\" href=\"https:\/\/led.amasly.com\/pt\/produtos\/\" target=\"\" rel=\"noopener\"><img decoding=\"async\" srcset=\"https:\/\/led.amasly.com\/wp-content\/uploads\/2024\/07\/LED-street-light.jpg ,https:\/\/led.amasly.com\/wp-content\/uploads\/2024\/07\/LED-street-light.jpg 780w, https:\/\/led.amasly.com\/wp-content\/uploads\/2024\/07\/LED-street-light.jpg 360w\" sizes=\"auto, (max-width: 480px) 150px\" src=\"https:\/\/led.amasly.com\/wp-content\/uploads\/2024\/07\/LED-street-light.jpg\" alt=\"\" class=\"uag-image-1145\" width=\"300\" height=\"300\" title=\"Luz de rua LED\" loading=\"lazy\" role=\"img\"><\/a><\/figure><\/div>\n<\/div>\n<\/div><\/div>\n\n\n\n<div class=\"wp-block-uagb-container uagb-block-6a60882c alignfull uagb-is-root-container\"><div class=\"uagb-container-inner-blocks-wrap\">\n<div class=\"wp-block-uagb-container uagb-block-f1e91a35\">\n<h4 class=\"wp-block-heading has-text-align-center\"><a href=\"https:\/\/led.amasly.com\/pt\/produtos\/\">Luzes de inunda\u00e7\u00e3o LED<\/a><\/h4>\n<\/div>\n\n\n\n<div class=\"wp-block-uagb-container uagb-block-165bfa58\">\n<h4 class=\"wp-block-heading has-text-align-center\"><a href=\"https:\/\/led.amasly.com\/pt\/produtos\/\">Tubos de luz LED \u00e0 prova de tripla prote\u00e7\u00e3o<\/a><\/h4>\n<\/div>\n\n\n\n<div class=\"wp-block-uagb-container uagb-block-f6096e3b\">\n<h4 class=\"wp-block-heading has-text-align-center\"><a href=\"https:\/\/led.amasly.com\/pt\/produtos\/\">Luzes de rua LED<\/a><\/h4>\n<\/div>\n<\/div><\/div>\n\n\n\n<div class=\"wp-block-uagb-container uagb-block-99c0e0a5 alignfull uagb-is-root-container\"><div class=\"uagb-container-inner-blocks-wrap\"><\/div><\/div>\n\n\n\n<p><\/p>","protected":false},"excerpt":{"rendered":"<p>Explosion-Proof and ATEX Certification: Key Differences for Hazardous Environments In industrial settings where flammable gases, vapors, or dust pose explosion risks, specialized equipment like lighting systems must adhere to rigorous safety standards. Two terms often confused in this context are&nbsp;&#8220;explosion-proof&#8221;&nbsp;and&nbsp;&#8220;ATEX certification&#8221;. While both relate to safety in hazardous areas, they differ significantly in scope, regulation, [&hellip;]<\/p>\n","protected":false},"author":1,"featured_media":0,"parent":2374,"menu_order":0,"comment_status":"closed","ping_status":"closed","template":"","meta":{"_uag_custom_page_level_css":"","site-sidebar-layout":"no-sidebar","site-content-layout":"","ast-site-content-layout":"default","site-content-style":"default","site-sidebar-style":"default","ast-global-header-display":"","ast-banner-title-visibility":"","ast-main-header-display":"","ast-hfb-above-header-display":"","ast-hfb-below-header-display":"","ast-hfb-mobile-header-display":"","site-post-title":"disabled","ast-breadcrumbs-content":"","ast-featured-img":"","footer-sml-layout":"","ast-disable-related-posts":"","theme-transparent-header-meta":"enabled","adv-header-id-meta":"","stick-header-meta":"","header-above-stick-meta":"","header-main-stick-meta":"","header-below-stick-meta":"","astra-migrate-meta-layouts":"set","ast-page-background-enabled":"default","ast-page-background-meta":{"desktop":{"background-color":"var(--ast-global-color-4)","background-image":"","background-repeat":"repeat","background-position":"center center","background-size":"auto","background-attachment":"scroll","background-type":"","background-media":"","overlay-type":"","overlay-color":"","overlay-opacity":"","overlay-gradient":""},"tablet":{"background-color":"","background-image":"","background-repeat":"repeat","background-position":"center center","background-size":"auto","background-attachment":"scroll","background-type":"","background-media":"","overlay-type":"","overlay-color":"","overlay-opacity":"","overlay-gradient":""},"mobile":{"background-color":"","background-image":"","background-repeat":"repeat","background-position":"center center","background-size":"auto","background-attachment":"scroll","background-type":"","background-media":"","overlay-type":"","overlay-color":"","overlay-opacity":"","overlay-gradient":""}},"ast-content-background-meta":{"desktop":{"background-color":"var(--ast-global-color-5)","background-image":"","background-repeat":"repeat","background-position":"center center","background-size":"auto","background-attachment":"scroll","background-type":"","background-media":"","overlay-type":"","overlay-color":"","overlay-opacity":"","overlay-gradient":""},"tablet":{"background-color":"var(--ast-global-color-5)","background-image":"","background-repeat":"repeat","background-position":"center center","background-size":"auto","background-attachment":"scroll","background-type":"","background-media":"","overlay-type":"","overlay-color":"","overlay-opacity":"","overlay-gradient":""},"mobile":{"background-color":"var(--ast-global-color-5)","background-image":"","background-repeat":"repeat","background-position":"center center","background-size":"auto","background-attachment":"scroll","background-type":"","background-media":"","overlay-type":"","overlay-color":"","overlay-opacity":"","overlay-gradient":""}},"footnotes":""},"class_list":["post-3039","page","type-page","status-publish","hentry"],"uagb_featured_image_src":{"full":false,"thumbnail":false,"medium":false,"medium_large":false,"large":false,"1536x1536":false,"2048x2048":false,"trp-custom-language-flag":false},"uagb_author_info":{"display_name":"Joe","author_link":"https:\/\/led.amasly.com\/pt\/author\/jacklin\/"},"uagb_comment_info":0,"uagb_excerpt":"Explosion-Proof and ATEX Certification: Key Differences for Hazardous Environments In industrial settings where flammable gases, vapors, or dust pose explosion risks, specialized equipment like lighting systems must adhere to rigorous safety standards. Two terms often confused in this context are&nbsp;&#8220;explosion-proof&#8221;&nbsp;and&nbsp;&#8220;ATEX certification&#8221;. While both relate to safety in hazardous areas, they differ significantly in scope, regulation,&hellip;","_links":{"self":[{"href":"https:\/\/led.amasly.com\/pt\/wp-json\/wp\/v2\/pages\/3039","targetHints":{"allow":["GET"]}}],"collection":[{"href":"https:\/\/led.amasly.com\/pt\/wp-json\/wp\/v2\/pages"}],"about":[{"href":"https:\/\/led.amasly.com\/pt\/wp-json\/wp\/v2\/types\/page"}],"author":[{"embeddable":true,"href":"https:\/\/led.amasly.com\/pt\/wp-json\/wp\/v2\/users\/1"}],"replies":[{"embeddable":true,"href":"https:\/\/led.amasly.com\/pt\/wp-json\/wp\/v2\/comments?post=3039"}],"version-history":[{"count":1,"href":"https:\/\/led.amasly.com\/pt\/wp-json\/wp\/v2\/pages\/3039\/revisions"}],"predecessor-version":[{"id":3047,"href":"https:\/\/led.amasly.com\/pt\/wp-json\/wp\/v2\/pages\/3039\/revisions\/3047"}],"up":[{"embeddable":true,"href":"https:\/\/led.amasly.com\/pt\/wp-json\/wp\/v2\/pages\/2374"}],"wp:attachment":[{"href":"https:\/\/led.amasly.com\/pt\/wp-json\/wp\/v2\/media?parent=3039"}],"curies":[{"name":"wp","href":"https:\/\/api.w.org\/{rel}","templated":true}]}}