{"id":2981,"date":"2025-04-08T21:10:14","date_gmt":"2025-04-08T13:10:14","guid":{"rendered":"https:\/\/led.amasly.com\/?page_id=2981"},"modified":"2025-04-08T22:38:21","modified_gmt":"2025-04-08T14:38:21","slug":"can-led-lights-be-used-in-an-explosion-proof-area-%ef%bc%9f","status":"publish","type":"page","link":"https:\/\/led.amasly.com\/pt\/knowledge\/explosion-proof-products-knowledge\/can-led-lights-be-used-in-an-explosion-proof-area-%ef%bc%9f\/","title":{"rendered":"As luzes LED podem ser utilizadas numa \u00e1rea \u00e0 prova de explos\u00e3o?"},"content":{"rendered":"<div class=\"wp-block-uagb-container uagb-block-27bae773 alignfull uagb-is-root-container\"><div class=\"uagb-container-inner-blocks-wrap\"><\/div><\/div>\n\n\n\n<h2 class=\"wp-block-heading has-text-align-left\"><strong>As luzes LED podem ser utilizadas numa \u00e1rea \u00e0 prova de explos\u00e3o?<\/strong><strong><\/strong><\/h2>\n\n\n\n<div class=\"wp-block-uagb-image uagb-block-da1360b5 wp-block-uagb-image--layout-default wp-block-uagb-image--effect-static wp-block-uagb-image--align-none\"><figure class=\"wp-block-uagb-image__figure\"><img decoding=\"async\" srcset=\"https:\/\/led.amasly.com\/wp-content\/uploads\/2025\/01\/LED-explosion-proof-flood-lights.png ,https:\/\/led.amasly.com\/wp-content\/uploads\/2025\/01\/LED-explosion-proof-flood-lights.png 780w, https:\/\/led.amasly.com\/wp-content\/uploads\/2025\/01\/LED-explosion-proof-flood-lights.png 360w\" sizes=\"auto, (max-width: 480px) 150px\" src=\"https:\/\/led.amasly.com\/wp-content\/uploads\/2025\/01\/LED-explosion-proof-flood-lights.png\" alt=\"\" class=\"uag-image-1675\" width=\"1004\" height=\"308\" title=\"Projectores LED \u00e0 prova de explos\u00e3o\" loading=\"lazy\" role=\"img\"><\/figure><\/div>\n\n\n\n<p>Perguntas como \u201cEm que zona se encontra a ilumina\u00e7\u00e3o \u00e0 prova de explos\u00e3o?\u201d s\u00e3o frequentemente colocadas.<\/p>\n\n\n\n<p>Apenas as luzes \u00e0 prova de explos\u00e3o podem ser utilizadas numa \u00e1rea \u00e0 prova de explos\u00e3o, as l\u00e2mpadas e lanternas normais n\u00e3o podem ser utilizadas numa \u00e1rea \u00e0 prova de explos\u00e3o. As l\u00e2mpadas normais s\u00e3o utilizadas em locais onde existem gases e poeiras n\u00e3o combust\u00edveis.<\/p>\n\n\n\n<h2 class=\"wp-block-heading\"><strong>O que \u00e9 uma zona \u00e0 prova de explos\u00e3o, uma zona perigosa?<\/strong><strong><\/strong><\/h2>\n\n\n\n<p>De acordo com a classifica\u00e7\u00e3o de \u00e1reas perigosas da Comiss\u00e3o Eletrot\u00e9cnica Internacional (CEI)\/Comiss\u00e3o Eletrot\u00e9cnica Europeia (ENEC), a seguir indicada:<\/p>\n\n\n\n<h3 class=\"wp-block-heading\"><strong>Zona 0 (Zona 0): <\/strong><strong><\/strong><\/h3>\n\n\n\n<p>refere-se \u00e0 \u00e1rea onde os gases explosivos est\u00e3o sempre ou durante um longo per\u00edodo de tempo presentes e onde o perigo \u00e9 superior a 1000 horas\/ano.<\/p>\n\n\n\n<p>Uma \u00e1rea onde est\u00e3o presentes misturas de gases explosivos de forma cont\u00ednua ou durante longos per\u00edodos de tempo durante o funcionamento normal.<\/p>\n\n\n\n<p>Por exemplo, o interior dos tanques de armazenamento em algumas refinarias de petr\u00f3leo, onde gases vol\u00e1teis inflam\u00e1veis est\u00e3o continuamente presentes no interior dos tanques devido ao armazenamento de \u00f3leos inflam\u00e1veis e explosivos, \u00e9 um ambiente de Zona 0. A possibilidade de uma explos\u00e3o nesta \u00e1rea \u00e9 extremamente elevada e os requisitos \u00e0 prova de explos\u00e3o para equipamento el\u00e9trico, etc., s\u00e3o os mais rigorosos.<\/p>\n\n\n\n<h3 class=\"wp-block-heading\"><strong>Zona 1 (Zona 1): <\/strong><strong><\/strong><\/h3>\n\n\n\n<p>refere-se a uma \u00e1rea onde podem estar presentes gases inflam\u00e1veis durante o funcionamento normal com um risco de 10 a 1000 horas\/ano.<\/p>\n\n\n\n<p>O funcionamento normal refere-se ao funcionamento de rotina do equipamento dentro dos seus par\u00e2metros de conce\u00e7\u00e3o.<\/p>\n\n\n\n<p>Por exemplo, na f\u00e1brica de produ\u00e7\u00e3o qu\u00edmica, algumas das interfaces de tubula\u00e7\u00e3o para o transporte de gases combust\u00edveis, embora as medidas de veda\u00e7\u00e3o, mas no funcionamento normal do processo ainda pode ser uma pequena quantidade de vazamento de g\u00e1s combust\u00edvel, resultando na forma\u00e7\u00e3o de misturas de gases explosivos, este tipo de \u00e1rea ser\u00e1 dividido em Zona 1. 1 zona da explos\u00e3o da possibilidade de um grau relativamente elevado de explos\u00e3o, o desempenho \u00e0 prova de explos\u00e3o dos requisitos do equipamento tamb\u00e9m s\u00e3o muito rigorosos.<\/p>\n\n\n\n<h3 class=\"wp-block-heading\"><strong>Zona 2 (Zona 2): <\/strong><strong><\/strong><\/h3>\n\n\n\n<p>refere-se \u00e0 aus\u00eancia de gases inflam\u00e1veis em condi\u00e7\u00f5es normais, mesmo que ocasionalmente, a exist\u00eancia de um per\u00edodo de tempo muito curto, o estado de acidente do risco de 0,1 a 10 horas \/ ano.<\/p>\n\n\n\n<p>Nalgumas instala\u00e7\u00f5es industriais bem ventiladas, embora exista uma pequena quantidade de equipamento que pode libertar gases inflam\u00e1veis, o sistema de ventila\u00e7\u00e3o pode diluir os gases libertados e esgot\u00e1-los a tempo, tornando improv\u00e1vel a exist\u00eancia de misturas de gases explosivos durante um longo per\u00edodo de tempo, e este tipo de \u00e1rea \u00e9 classificado como Zona 2. Em compara\u00e7\u00e3o com as zonas 0 e 1, a zona 2 tem uma menor probabilidade de explos\u00e3o, mas continua a exigir medidas adequadas de prote\u00e7\u00e3o contra explos\u00f5es.<\/p>\n\n\n\n<h2 class=\"wp-block-heading\"><strong>Para ambientes com poeiras, a ATEX tem uma classifica\u00e7\u00e3o semelhante: <\/strong><strong><\/strong><\/h2>\n\n\n\n<h3 class=\"wp-block-heading\"><strong>Zona 20: <\/strong><strong><\/strong><\/h3>\n\n\n\n<p>Locais e interiores de contentores onde a poeira combust\u00edvel ocorre continuamente ou com frequ\u00eancia suficiente para formar misturas de poeira combust\u00edvel-ar e\/ou onde \u00e9 prov\u00e1vel a forma\u00e7\u00e3o de uma camada de poeira n\u00e3o controlada e extremamente espessa durante o funcionamento normal.<\/p>\n\n\n\n<p>Por exemplo, as instala\u00e7\u00f5es de moagem de certos moinhos de farinha, onde s\u00e3o geradas grandes quantidades de poeiras de farinha durante o processo de produ\u00e7\u00e3o, com concentra\u00e7\u00f5es elevadas e persistentes de poeiras, seriam abrangidas pela Zona 20.<\/p>\n\n\n\n<h3 class=\"wp-block-heading\"><strong>Zona 21: <\/strong><strong><\/strong><\/h3>\n\n\n\n<p>Locais onde podem estar presentes poeiras em quantidades suficientes para formar uma mistura combust\u00edvel de poeiras e ar durante o funcionamento normal, mas que n\u00e3o est\u00e3o classificados como Zona 20.<\/p>\n\n\n\n<p>Inclui normalmente \u00e1reas adjacentes a fontes de emiss\u00e3o de poeiras (por exemplo, tremonhas, contentores, etc.), onde pode haver fugas intermitentes de poeiras, resultando na forma\u00e7\u00e3o de poeiras combust\u00edveis e misturas de ar em \u00e1reas localizadas, tais como algumas das \u00e1reas de manuseamento de materiais podem cair na Zona 21.<\/p>\n\n\n\n<h3 class=\"wp-block-heading\"><strong>Zona 22: <\/strong><strong><\/strong><\/h3>\n\n\n\n<p>Locais onde a poeira combust\u00edvel ocorre ocasionalmente e apenas por curtos per\u00edodos de tempo em condi\u00e7\u00f5es invulgares, ou onde a poeira combust\u00edvel se acumula ocasionalmente ou pode ser colocada em camadas e gera uma mistura de poeira combust\u00edvel transportada pelo ar.<\/p>\n\n\n\n<p class=\"has-text-align-left\">Por exemplo, nalgumas oficinas produtoras de poeiras, mas bem ventiladas e bem geridas, uma pequena quantidade de acumula\u00e7\u00e3o de poeiras pode ocorrer apenas em condi\u00e7\u00f5es anormais, tais como falhas de equipamento, e essas \u00e1reas s\u00e3o classificadas como Zona 22.<\/p>\n\n\n\n<p>Agora j\u00e1 sabes: <strong>As luzes LED podem ser utilizadas numa \u00e1rea \u00e0 prova de explos\u00e3o?<\/strong><\/p>\n\n\n\n<div class=\"wp-block-uagb-container uagb-block-c7d898dd alignfull uagb-is-root-container\"><div class=\"uagb-container-inner-blocks-wrap\"><\/div><\/div>\n\n\n\n<h2 class=\"wp-block-heading\">Produtos relacionados<\/h2>\n\n\n\n<div class=\"wp-block-uagb-container uagb-block-66e4defc alignfull uagb-is-root-container\"><div class=\"uagb-container-inner-blocks-wrap\">\n<div class=\"wp-block-uagb-container uagb-block-a42945f9\">\n<div class=\"wp-block-uagb-image uagb-block-7296296b wp-block-uagb-image--layout-default wp-block-uagb-image--effect-static wp-block-uagb-image--align-none\"><figure class=\"wp-block-uagb-image__figure\"><a class=\"\" href=\"https:\/\/led.amasly.com\/pt\/products\/\" target=\"\" rel=\"noopener\"><img decoding=\"async\" srcset=\"https:\/\/led.amasly.com\/wp-content\/uploads\/2024\/09\/Explosion-proof-high-bay-lights.png ,https:\/\/led.amasly.com\/wp-content\/uploads\/2024\/09\/Explosion-proof-high-bay-lights.png 780w, https:\/\/led.amasly.com\/wp-content\/uploads\/2024\/09\/Explosion-proof-high-bay-lights.png 360w\" sizes=\"auto, (max-width: 480px) 150px\" src=\"https:\/\/led.amasly.com\/wp-content\/uploads\/2024\/09\/Explosion-proof-high-bay-lights.png\" alt=\"\" class=\"uag-image-1495\" width=\"300\" height=\"300\" title=\"Luzes de ba\u00eda alta \u00e0 prova de explos\u00e3o\" loading=\"lazy\" role=\"img\"><\/a><\/figure><\/div>\n<\/div>\n\n\n\n<div class=\"wp-block-uagb-container uagb-block-4d3efde5\">\n<div class=\"wp-block-uagb-image uagb-block-c9e90797 wp-block-uagb-image--layout-default wp-block-uagb-image--effect-static wp-block-uagb-image--align-none\"><figure class=\"wp-block-uagb-image__figure\"><a class=\"\" href=\"https:\/\/led.amasly.com\/pt\/products\/\" target=\"\" rel=\"noopener\"><img decoding=\"async\" srcset=\"https:\/\/led.amasly.com\/wp-content\/uploads\/2024\/07\/LED-tri-proof-lights2.png ,https:\/\/led.amasly.com\/wp-content\/uploads\/2024\/07\/LED-tri-proof-lights2.png 780w, https:\/\/led.amasly.com\/wp-content\/uploads\/2024\/07\/LED-tri-proof-lights2.png 360w\" sizes=\"auto, (max-width: 480px) 150px\" src=\"https:\/\/led.amasly.com\/wp-content\/uploads\/2024\/07\/LED-tri-proof-lights2.png\" alt=\"\" class=\"uag-image-1132\" width=\"300\" height=\"300\" title=\"Luzes LED \u00e0 prova de tripla prote\u00e7\u00e3o2\" loading=\"lazy\" role=\"img\"><\/a><\/figure><\/div>\n<\/div>\n\n\n\n<div class=\"wp-block-uagb-container uagb-block-11c2578b\">\n<div class=\"wp-block-uagb-image uagb-block-6e8883aa wp-block-uagb-image--layout-default wp-block-uagb-image--effect-static wp-block-uagb-image--align-none\"><figure class=\"wp-block-uagb-image__figure\"><a class=\"\" href=\"https:\/\/led.amasly.com\/pt\/products\/\" target=\"\" rel=\"noopener\"><img decoding=\"async\" srcset=\"https:\/\/led.amasly.com\/wp-content\/uploads\/2024\/09\/LED-Explosion-Proof-Gas-Station-Light.png ,https:\/\/led.amasly.com\/wp-content\/uploads\/2024\/09\/LED-Explosion-Proof-Gas-Station-Light.png 780w, https:\/\/led.amasly.com\/wp-content\/uploads\/2024\/09\/LED-Explosion-Proof-Gas-Station-Light.png 360w\" sizes=\"auto, (max-width: 480px) 150px\" src=\"https:\/\/led.amasly.com\/wp-content\/uploads\/2024\/09\/LED-Explosion-Proof-Gas-Station-Light.png\" alt=\"\" class=\"uag-image-1501\" width=\"300\" height=\"300\" title=\"Luz LED para esta\u00e7\u00e3o de servi\u00e7o \u00e0 prova de explos\u00e3o\" loading=\"lazy\" role=\"img\"><\/a><\/figure><\/div>\n<\/div>\n<\/div><\/div>\n\n\n\n<div class=\"wp-block-uagb-container uagb-block-548945b5 alignfull uagb-is-root-container\"><div class=\"uagb-container-inner-blocks-wrap\">\n<div class=\"wp-block-uagb-container uagb-block-967755d5\">\n<h4 class=\"wp-block-heading has-text-align-center\"><a href=\"https:\/\/led.amasly.com\/pt\/products\/\">Luzes LED \u00e0 prova de explos\u00e3o<\/a><\/h4>\n<\/div>\n\n\n\n<div class=\"wp-block-uagb-container uagb-block-9bc52fc2\">\n<h4 class=\"wp-block-heading has-text-align-center\"><a href=\"https:\/\/led.amasly.com\/pt\/products\/\">Luzes LED Tri-Proof<\/a><\/h4>\n<\/div>\n\n\n\n<div class=\"wp-block-uagb-container uagb-block-8ffa0a23\">\n<h4 class=\"wp-block-heading has-text-align-center\"><a href=\"https:\/\/led.amasly.com\/pt\/products\/\">Luzes para postos de gasolina \u00e0 prova de explos\u00e3o<\/a><\/h4>\n<\/div>\n<\/div><\/div>\n\n\n\n<div class=\"wp-block-uagb-container uagb-block-29499fe0 alignfull uagb-is-root-container\"><div class=\"uagb-container-inner-blocks-wrap\">\n<div class=\"wp-block-uagb-container uagb-block-777ee1c7\">\n<div class=\"wp-block-uagb-image uagb-block-2e9a1851 wp-block-uagb-image--layout-default wp-block-uagb-image--effect-static wp-block-uagb-image--align-none\"><figure class=\"wp-block-uagb-image__figure\"><a class=\"\" href=\"https:\/\/led.amasly.com\/pt\/products\/\" target=\"\" rel=\"noopener\"><img decoding=\"async\" srcset=\"https:\/\/led.amasly.com\/wp-content\/uploads\/2024\/10\/50W-100W-150W-200W-300W-LED-Flood-Light.jpg ,https:\/\/led.amasly.com\/wp-content\/uploads\/2024\/10\/50W-100W-150W-200W-300W-LED-Flood-Light.jpg 780w, https:\/\/led.amasly.com\/wp-content\/uploads\/2024\/10\/50W-100W-150W-200W-300W-LED-Flood-Light.jpg 360w\" sizes=\"auto, (max-width: 480px) 150px\" src=\"https:\/\/led.amasly.com\/wp-content\/uploads\/2024\/10\/50W-100W-150W-200W-300W-LED-Flood-Light.jpg\" alt=\"\" class=\"uag-image-1526\" width=\"300\" height=\"300\" title=\"Holofote LED 50W 100W 150W 200W 300W\" loading=\"lazy\" role=\"img\"><\/a><\/figure><\/div>\n<\/div>\n\n\n\n<div class=\"wp-block-uagb-container uagb-block-af8c8683\">\n<div class=\"wp-block-uagb-image uagb-block-67947854 wp-block-uagb-image--layout-default wp-block-uagb-image--effect-static wp-block-uagb-image--align-none\"><figure class=\"wp-block-uagb-image__figure\"><a class=\"\" href=\"https:\/\/led.amasly.com\/pt\/products\/\" target=\"\" rel=\"noopener\"><img decoding=\"async\" srcset=\"https:\/\/led.amasly.com\/wp-content\/uploads\/2024\/07\/led-tri-proof-light.png ,https:\/\/led.amasly.com\/wp-content\/uploads\/2024\/07\/led-tri-proof-light.png 780w, https:\/\/led.amasly.com\/wp-content\/uploads\/2024\/07\/led-tri-proof-light.png 360w\" sizes=\"auto, (max-width: 480px) 150px\" src=\"https:\/\/led.amasly.com\/wp-content\/uploads\/2024\/07\/led-tri-proof-light.png\" alt=\"\" class=\"uag-image-1130\" width=\"300\" height=\"300\" title=\"luz led-tri-proof\" loading=\"lazy\" role=\"img\"><\/a><\/figure><\/div>\n<\/div>\n\n\n\n<div class=\"wp-block-uagb-container uagb-block-0fdfdd58\">\n<div class=\"wp-block-uagb-image uagb-block-1187d32d wp-block-uagb-image--layout-default wp-block-uagb-image--effect-static wp-block-uagb-image--align-none\"><figure class=\"wp-block-uagb-image__figure\"><a class=\"\" href=\"https:\/\/led.amasly.com\/pt\/products\/\" target=\"\" rel=\"noopener\"><img decoding=\"async\" srcset=\"https:\/\/led.amasly.com\/wp-content\/uploads\/2024\/07\/LED-street-light.jpg ,https:\/\/led.amasly.com\/wp-content\/uploads\/2024\/07\/LED-street-light.jpg 780w, https:\/\/led.amasly.com\/wp-content\/uploads\/2024\/07\/LED-street-light.jpg 360w\" sizes=\"auto, (max-width: 480px) 150px\" src=\"https:\/\/led.amasly.com\/wp-content\/uploads\/2024\/07\/LED-street-light.jpg\" alt=\"\" class=\"uag-image-1145\" width=\"300\" height=\"300\" title=\"Luz de rua LED\" loading=\"lazy\" role=\"img\"><\/a><\/figure><\/div>\n<\/div>\n<\/div><\/div>\n\n\n\n<div class=\"wp-block-uagb-container uagb-block-6a60882c alignfull uagb-is-root-container\"><div class=\"uagb-container-inner-blocks-wrap\">\n<div class=\"wp-block-uagb-container uagb-block-f1e91a35\">\n<h4 class=\"wp-block-heading has-text-align-center\"><a href=\"https:\/\/led.amasly.com\/pt\/products\/\">Luzes de inunda\u00e7\u00e3o LED<\/a><\/h4>\n<\/div>\n\n\n\n<div class=\"wp-block-uagb-container uagb-block-165bfa58\">\n<h4 class=\"wp-block-heading has-text-align-center\"><a href=\"https:\/\/led.amasly.com\/pt\/products\/\">Tubos de luz LED \u00e0 prova de tripla prote\u00e7\u00e3o<\/a><\/h4>\n<\/div>\n\n\n\n<div class=\"wp-block-uagb-container uagb-block-f6096e3b\">\n<h4 class=\"wp-block-heading has-text-align-center\"><a href=\"https:\/\/led.amasly.com\/pt\/products\/\">Luzes de rua LED<\/a><\/h4>\n<\/div>\n<\/div><\/div>\n\n\n\n<div class=\"wp-block-uagb-container uagb-block-99c0e0a5 alignfull uagb-is-root-container\"><div class=\"uagb-container-inner-blocks-wrap\"><\/div><\/div>\n\n\n\n<p><\/p>","protected":false},"excerpt":{"rendered":"<p>Can led lights be used in an explosion proof area? Questions such as \u201cWhat zone is explosion-proof lighting in?\u201d are often asked. Only explosion-proof lights can be used in an explosion-proof area, ordinary lamps and lanterns can not be used in an explosion-proof area. Ordinary lamps are used in places where non-combustible gases and dusts [&hellip;]<\/p>\n","protected":false},"author":1,"featured_media":0,"parent":2374,"menu_order":0,"comment_status":"closed","ping_status":"closed","template":"","meta":{"_uag_custom_page_level_css":"","site-sidebar-layout":"no-sidebar","site-content-layout":"","ast-site-content-layout":"default","site-content-style":"default","site-sidebar-style":"default","ast-global-header-display":"","ast-banner-title-visibility":"","ast-main-header-display":"","ast-hfb-above-header-display":"","ast-hfb-below-header-display":"","ast-hfb-mobile-header-display":"","site-post-title":"disabled","ast-breadcrumbs-content":"","ast-featured-img":"","footer-sml-layout":"","ast-disable-related-posts":"","theme-transparent-header-meta":"enabled","adv-header-id-meta":"","stick-header-meta":"","header-above-stick-meta":"","header-main-stick-meta":"","header-below-stick-meta":"","astra-migrate-meta-layouts":"set","ast-page-background-enabled":"default","ast-page-background-meta":{"desktop":{"background-color":"var(--ast-global-color-4)","background-image":"","background-repeat":"repeat","background-position":"center center","background-size":"auto","background-attachment":"scroll","background-type":"","background-media":"","overlay-type":"","overlay-color":"","overlay-opacity":"","overlay-gradient":""},"tablet":{"background-color":"","background-image":"","background-repeat":"repeat","background-position":"center center","background-size":"auto","background-attachment":"scroll","background-type":"","background-media":"","overlay-type":"","overlay-color":"","overlay-opacity":"","overlay-gradient":""},"mobile":{"background-color":"","background-image":"","background-repeat":"repeat","background-position":"center center","background-size":"auto","background-attachment":"scroll","background-type":"","background-media":"","overlay-type":"","overlay-color":"","overlay-opacity":"","overlay-gradient":""}},"ast-content-background-meta":{"desktop":{"background-color":"var(--ast-global-color-5)","background-image":"","background-repeat":"repeat","background-position":"center center","background-size":"auto","background-attachment":"scroll","background-type":"","background-media":"","overlay-type":"","overlay-color":"","overlay-opacity":"","overlay-gradient":""},"tablet":{"background-color":"var(--ast-global-color-5)","background-image":"","background-repeat":"repeat","background-position":"center center","background-size":"auto","background-attachment":"scroll","background-type":"","background-media":"","overlay-type":"","overlay-color":"","overlay-opacity":"","overlay-gradient":""},"mobile":{"background-color":"var(--ast-global-color-5)","background-image":"","background-repeat":"repeat","background-position":"center center","background-size":"auto","background-attachment":"scroll","background-type":"","background-media":"","overlay-type":"","overlay-color":"","overlay-opacity":"","overlay-gradient":""}},"footnotes":""},"class_list":["post-2981","page","type-page","status-publish","hentry"],"uagb_featured_image_src":{"full":false,"thumbnail":false,"medium":false,"medium_large":false,"large":false,"1536x1536":false,"2048x2048":false,"trp-custom-language-flag":false},"uagb_author_info":{"display_name":"Joe","author_link":"https:\/\/led.amasly.com\/pt\/author\/jacklin\/"},"uagb_comment_info":0,"uagb_excerpt":"Can led lights be used in an explosion proof area? Questions such as \u201cWhat zone is explosion-proof lighting in?\u201d are often asked. Only explosion-proof lights can be used in an explosion-proof area, ordinary lamps and lanterns can not be used in an explosion-proof area. Ordinary lamps are used in places where non-combustible gases and dusts&hellip;","_links":{"self":[{"href":"https:\/\/led.amasly.com\/pt\/wp-json\/wp\/v2\/pages\/2981","targetHints":{"allow":["GET"]}}],"collection":[{"href":"https:\/\/led.amasly.com\/pt\/wp-json\/wp\/v2\/pages"}],"about":[{"href":"https:\/\/led.amasly.com\/pt\/wp-json\/wp\/v2\/types\/page"}],"author":[{"embeddable":true,"href":"https:\/\/led.amasly.com\/pt\/wp-json\/wp\/v2\/users\/1"}],"replies":[{"embeddable":true,"href":"https:\/\/led.amasly.com\/pt\/wp-json\/wp\/v2\/comments?post=2981"}],"version-history":[{"count":3,"href":"https:\/\/led.amasly.com\/pt\/wp-json\/wp\/v2\/pages\/2981\/revisions"}],"predecessor-version":[{"id":3002,"href":"https:\/\/led.amasly.com\/pt\/wp-json\/wp\/v2\/pages\/2981\/revisions\/3002"}],"up":[{"embeddable":true,"href":"https:\/\/led.amasly.com\/pt\/wp-json\/wp\/v2\/pages\/2374"}],"wp:attachment":[{"href":"https:\/\/led.amasly.com\/pt\/wp-json\/wp\/v2\/media?parent=2981"}],"curies":[{"name":"wp","href":"https:\/\/api.w.org\/{rel}","templated":true}]}}