{"id":2966,"date":"2025-04-08T20:53:14","date_gmt":"2025-04-08T12:53:14","guid":{"rendered":"https:\/\/led.amasly.com\/?page_id=2966"},"modified":"2025-04-08T20:53:20","modified_gmt":"2025-04-08T12:53:20","slug":"what-materials-are-explosion-proof","status":"publish","type":"page","link":"https:\/\/led.amasly.com\/pt\/knowledge\/explosion-proof-products-knowledge\/what-materials-are-explosion-proof\/","title":{"rendered":"Que materiais s\u00e3o \u00e0 prova de explos\u00e3o?"},"content":{"rendered":"<div class=\"wp-block-uagb-container uagb-block-27bae773 alignfull uagb-is-root-container\"><div class=\"uagb-container-inner-blocks-wrap\"><\/div><\/div>\n\n\n\n<h2 class=\"wp-block-heading has-text-align-center\"><strong>Que materiais s\u00e3o \u00e0 prova de explos\u00e3o?<\/strong><strong><\/strong><\/h2>\n\n\n\n<div class=\"wp-block-uagb-image uagb-block-da1360b5 wp-block-uagb-image--layout-default wp-block-uagb-image--effect-static wp-block-uagb-image--align-none\"><figure class=\"wp-block-uagb-image__figure\"><a class=\"\" href=\"https:\/\/led.amasly.com\/pt\/\" target=\"\" rel=\"noopener\"><img decoding=\"async\" srcset=\"https:\/\/led.amasly.com\/wp-content\/uploads\/2025\/01\/LED-explosion-proof-flood-lights.png ,https:\/\/led.amasly.com\/wp-content\/uploads\/2025\/01\/LED-explosion-proof-flood-lights.png 780w, https:\/\/led.amasly.com\/wp-content\/uploads\/2025\/01\/LED-explosion-proof-flood-lights.png 360w\" sizes=\"auto, (max-width: 480px) 150px\" src=\"https:\/\/led.amasly.com\/wp-content\/uploads\/2025\/01\/LED-explosion-proof-flood-lights.png\" alt=\"\" class=\"uag-image-1675\" width=\"1004\" height=\"308\" title=\"Projectores LED \u00e0 prova de explos\u00e3o\" loading=\"lazy\" role=\"img\"><\/a><\/figure><\/div>\n\n\n\n<p>Os materiais \u00e0 prova de explos\u00e3o s\u00e3o uma classe de materiais especializados capazes de resistir a impactos explosivos e a chamas. S\u00e3o amplamente utilizados nos sectores petroqu\u00edmico, mineiro, da constru\u00e7\u00e3o e outros, concebidos para proteger a seguran\u00e7a do pessoal e do equipamento.<\/p>\n\n\n\n<p>Os diferentes tipos de materiais \u00e0 prova de explos\u00e3o t\u00eam carater\u00edsticas e cen\u00e1rios de aplica\u00e7\u00e3o diferentes, pelo que a escolha dos materiais \u00e0 prova de explos\u00e3o deve ser considerada em fun\u00e7\u00e3o da utiliza\u00e7\u00e3o espec\u00edfica do ambiente e das necessidades.<\/p>\n\n\n\n<h2 class=\"wp-block-heading\"><strong>Os materiais comuns \u00e0 prova de explos\u00e3o s\u00e3o: <\/strong><strong><\/strong><\/h2>\n\n\n\n<p>1. materiais met\u00e1licos: tais como chapas de a\u00e7o, chapas de alum\u00ednio, etc. Estes materiais t\u00eam elevada resist\u00eancia e boa tenacidade e podem resistir eficazmente ao impacto e \u00e0s chamas geradas pela explos\u00e3o. Num ambiente explosivo, podem proteger as estruturas e o pessoal de danos e ferimentos.<\/p>\n\n\n\n<p>Al\u00e9m disso, certos materiais met\u00e1licos especiais podem ser utilizados para fabricar componentes-chave de equipamentos e dispositivos \u00e0 prova de explos\u00e3o.<\/p>\n\n\n\n<p>2. comp\u00f3sitos de pol\u00edmeros: Trata-se de materiais especiais \u00e0 prova de explos\u00e3o, retardadores de chama e resistentes \u00e0 abras\u00e3o.<\/p>\n\n\n\n<p>Estes materiais s\u00e3o capazes de absorver grandes quantidades de energia e dissipar rapidamente o calor quando atingidos, reduzindo assim os danos causados pela explos\u00e3o no ambiente circundante. Amplamente utilizados nos sectores petroqu\u00edmico, mineiro e outros.<\/p>\n\n\n\n<p>3. Materiais cer\u00e2micos: os materiais cer\u00e2micos t\u00eam estabilidade a altas temperaturas e boas propriedades isolantes, capazes de suportar a alta temperatura e a alta press\u00e3o geradas pela explos\u00e3o. Por conseguinte, as cer\u00e2micas s\u00e3o tamb\u00e9m amplamente utilizadas no fabrico de equipamentos e dispositivos \u00e0 prova de explos\u00e3o. Para al\u00e9m disso, os materiais cer\u00e2micos s\u00e3o quimicamente est\u00e1veis e podem resistir a v\u00e1rios tipos de corros\u00e3o qu\u00edmica.<\/p>\n\n\n\n<p>4. Revestimentos especiais e materiais \u00e0 prova de fogo: estes materiais incluem principalmente tinta \u00e0 prova de explos\u00e3o, tinta \u00e0 prova de fogo, etc., que t\u00eam um bom desempenho \u00e0 prova de fogo e \u00e0 prova de explos\u00e3o.<\/p>\n\n\n\n<p>Podem ser aplicados \u00e0 superf\u00edcie de equipamentos e edif\u00edcios para proporcionar uma camada adicional de prote\u00e7\u00e3o contra danos adicionais causados por inc\u00eandios e explos\u00f5es.<\/p>\n\n\n\n<h2 class=\"wp-block-heading\"><strong>Quais s\u00e3o os materiais utilizados nas caixas de produtos \u00e0 prova de explos\u00e3o?<\/strong><strong><\/strong><\/h2>\n\n\n\n<p>Existem quatro materiais comuns utilizados nos inv\u00f3lucros \u00e0 prova de explos\u00e3o: a\u00e7o inoxid\u00e1vel, a\u00e7o carbono, liga de alum\u00ednio e pl\u00e1sticos de engenharia. Diferentes materiais para diferentes fins, a apar\u00eancia da diferen\u00e7a tamb\u00e9m \u00e9 grande.<\/p>\n\n\n\n<h3 class=\"wp-block-heading\"><strong>1<\/strong><strong>.<\/strong><strong>&nbsp;material em liga de alum\u00ednio <\/strong><strong><\/strong><\/h3>\n\n\n\n<p>A liga de alum\u00ednio \u00e9 um material estrutural de metal n\u00e3o ferroso com uma vasta gama de aplica\u00e7\u00f5es na ind\u00fastria, com elevada resist\u00eancia, baixa densidade, boa dureza, boa plasticidade, boa condutividade el\u00e9ctrica e condutividade t\u00e9rmica do material.<\/p>\n\n\n\n<h3 class=\"wp-block-heading\">2.&nbsp;<strong>Material em a\u00e7o inoxid\u00e1vel 304 <\/strong><strong><\/strong><\/h3>\n\n\n\n<p>tamb\u00e9m designado por a\u00e7o inoxid\u00e1vel 18\/8, \u00e9 um material comum de a\u00e7o inoxid\u00e1vel. Este material tem uma elevada tenacidade e boas carater\u00edsticas \u00e0 prova de explos\u00e3o.<\/p>\n\n\n\n<h3 class=\"wp-block-heading\"><strong>3<\/strong><strong>.<\/strong><strong>&nbsp;material em a\u00e7o-carbono <\/strong><strong><\/strong><\/h3>\n\n\n\n<p>tamb\u00e9m chamado a\u00e7o-carbono, a composi\u00e7\u00e3o cont\u00e9m sil\u00edcio, mangan\u00eas, enxofre, f\u00f3sforo, mas a quantidade \u00e9 pequena. O a\u00e7o-carbono \u00e9 muito duro, geralmente quanto maior for o teor de carbono, maior ser\u00e1 a dureza e a resist\u00eancia. Este material tem uma boa resist\u00eancia ao impacto.<\/p>\n\n\n\n<h3 class=\"wp-block-heading\"><strong>4<\/strong><strong>.<\/strong><strong>&nbsp;pl\u00e1sticos de engenharia <\/strong><strong><\/strong><\/h3>\n\n\n\n<p class=\"has-text-align-left\">Este pl\u00e1stico \u00e9 diferente dos pl\u00e1sticos comuns, \u00e9 feito de materiais de engenharia e outros materiais feitos de pl\u00e1sticos, tem um melhor desempenho geral, elevada rigidez, elevada resist\u00eancia e, ao mesmo tempo, tem boa resist\u00eancia ao calor e isolamento el\u00e9trico, adequado para utiliza\u00e7\u00e3o em ambientes qu\u00edmicos ou f\u00edsicos agressivos.<\/p>\n\n\n\n<div class=\"wp-block-uagb-container uagb-block-c7d898dd alignfull uagb-is-root-container\"><div class=\"uagb-container-inner-blocks-wrap\"><\/div><\/div>\n\n\n\n<h2 class=\"wp-block-heading\">Produtos relacionados<\/h2>\n\n\n\n<div class=\"wp-block-uagb-container uagb-block-66e4defc alignfull uagb-is-root-container\"><div class=\"uagb-container-inner-blocks-wrap\">\n<div class=\"wp-block-uagb-container uagb-block-a42945f9\">\n<div class=\"wp-block-uagb-image uagb-block-7296296b wp-block-uagb-image--layout-default wp-block-uagb-image--effect-static wp-block-uagb-image--align-none\"><figure class=\"wp-block-uagb-image__figure\"><a class=\"\" href=\"https:\/\/led.amasly.com\/pt\/products\/\" target=\"\" rel=\"noopener\"><img decoding=\"async\" srcset=\"https:\/\/led.amasly.com\/wp-content\/uploads\/2024\/09\/Explosion-proof-high-bay-lights.png ,https:\/\/led.amasly.com\/wp-content\/uploads\/2024\/09\/Explosion-proof-high-bay-lights.png 780w, https:\/\/led.amasly.com\/wp-content\/uploads\/2024\/09\/Explosion-proof-high-bay-lights.png 360w\" sizes=\"auto, (max-width: 480px) 150px\" src=\"https:\/\/led.amasly.com\/wp-content\/uploads\/2024\/09\/Explosion-proof-high-bay-lights.png\" alt=\"\" class=\"uag-image-1495\" width=\"300\" height=\"300\" title=\"Luzes de ba\u00eda alta \u00e0 prova de explos\u00e3o\" loading=\"lazy\" role=\"img\"><\/a><\/figure><\/div>\n<\/div>\n\n\n\n<div class=\"wp-block-uagb-container uagb-block-4d3efde5\">\n<div class=\"wp-block-uagb-image uagb-block-c9e90797 wp-block-uagb-image--layout-default wp-block-uagb-image--effect-static wp-block-uagb-image--align-none\"><figure class=\"wp-block-uagb-image__figure\"><a class=\"\" href=\"https:\/\/led.amasly.com\/pt\/products\/\" target=\"\" rel=\"noopener\"><img decoding=\"async\" srcset=\"https:\/\/led.amasly.com\/wp-content\/uploads\/2024\/07\/LED-tri-proof-lights2.png ,https:\/\/led.amasly.com\/wp-content\/uploads\/2024\/07\/LED-tri-proof-lights2.png 780w, https:\/\/led.amasly.com\/wp-content\/uploads\/2024\/07\/LED-tri-proof-lights2.png 360w\" sizes=\"auto, (max-width: 480px) 150px\" src=\"https:\/\/led.amasly.com\/wp-content\/uploads\/2024\/07\/LED-tri-proof-lights2.png\" alt=\"\" class=\"uag-image-1132\" width=\"300\" height=\"300\" title=\"Luzes LED \u00e0 prova de tripla prote\u00e7\u00e3o2\" loading=\"lazy\" role=\"img\"><\/a><\/figure><\/div>\n<\/div>\n\n\n\n<div class=\"wp-block-uagb-container uagb-block-11c2578b\">\n<div class=\"wp-block-uagb-image uagb-block-6e8883aa wp-block-uagb-image--layout-default wp-block-uagb-image--effect-static wp-block-uagb-image--align-none\"><figure class=\"wp-block-uagb-image__figure\"><a class=\"\" href=\"https:\/\/led.amasly.com\/pt\/products\/\" target=\"\" rel=\"noopener\"><img decoding=\"async\" srcset=\"https:\/\/led.amasly.com\/wp-content\/uploads\/2024\/09\/LED-Explosion-Proof-Gas-Station-Light.png ,https:\/\/led.amasly.com\/wp-content\/uploads\/2024\/09\/LED-Explosion-Proof-Gas-Station-Light.png 780w, https:\/\/led.amasly.com\/wp-content\/uploads\/2024\/09\/LED-Explosion-Proof-Gas-Station-Light.png 360w\" sizes=\"auto, (max-width: 480px) 150px\" src=\"https:\/\/led.amasly.com\/wp-content\/uploads\/2024\/09\/LED-Explosion-Proof-Gas-Station-Light.png\" alt=\"\" class=\"uag-image-1501\" width=\"300\" height=\"300\" title=\"Luz LED para esta\u00e7\u00e3o de servi\u00e7o \u00e0 prova de explos\u00e3o\" loading=\"lazy\" role=\"img\"><\/a><\/figure><\/div>\n<\/div>\n<\/div><\/div>\n\n\n\n<div class=\"wp-block-uagb-container uagb-block-548945b5 alignfull uagb-is-root-container\"><div class=\"uagb-container-inner-blocks-wrap\">\n<div class=\"wp-block-uagb-container uagb-block-967755d5\">\n<h4 class=\"wp-block-heading has-text-align-center\"><a href=\"https:\/\/led.amasly.com\/pt\/products\/\">Luzes LED \u00e0 prova de explos\u00e3o<\/a><\/h4>\n<\/div>\n\n\n\n<div class=\"wp-block-uagb-container uagb-block-9bc52fc2\">\n<h4 class=\"wp-block-heading has-text-align-center\"><a href=\"https:\/\/led.amasly.com\/pt\/products\/\">Luzes LED Tri-Proof<\/a><\/h4>\n<\/div>\n\n\n\n<div class=\"wp-block-uagb-container uagb-block-8ffa0a23\">\n<h4 class=\"wp-block-heading has-text-align-center\"><a href=\"https:\/\/led.amasly.com\/pt\/products\/\">Luzes para postos de gasolina \u00e0 prova de explos\u00e3o<\/a><\/h4>\n<\/div>\n<\/div><\/div>\n\n\n\n<div class=\"wp-block-uagb-container uagb-block-29499fe0 alignfull uagb-is-root-container\"><div class=\"uagb-container-inner-blocks-wrap\">\n<div class=\"wp-block-uagb-container uagb-block-777ee1c7\">\n<div class=\"wp-block-uagb-image uagb-block-2e9a1851 wp-block-uagb-image--layout-default wp-block-uagb-image--effect-static wp-block-uagb-image--align-none\"><figure class=\"wp-block-uagb-image__figure\"><a class=\"\" href=\"https:\/\/led.amasly.com\/pt\/products\/\" target=\"\" rel=\"noopener\"><img decoding=\"async\" srcset=\"https:\/\/led.amasly.com\/wp-content\/uploads\/2024\/10\/50W-100W-150W-200W-300W-LED-Flood-Light.jpg ,https:\/\/led.amasly.com\/wp-content\/uploads\/2024\/10\/50W-100W-150W-200W-300W-LED-Flood-Light.jpg 780w, https:\/\/led.amasly.com\/wp-content\/uploads\/2024\/10\/50W-100W-150W-200W-300W-LED-Flood-Light.jpg 360w\" sizes=\"auto, (max-width: 480px) 150px\" src=\"https:\/\/led.amasly.com\/wp-content\/uploads\/2024\/10\/50W-100W-150W-200W-300W-LED-Flood-Light.jpg\" alt=\"\" class=\"uag-image-1526\" width=\"300\" height=\"300\" title=\"Holofote LED 50W 100W 150W 200W 300W\" loading=\"lazy\" role=\"img\"><\/a><\/figure><\/div>\n<\/div>\n\n\n\n<div class=\"wp-block-uagb-container uagb-block-af8c8683\">\n<div class=\"wp-block-uagb-image uagb-block-67947854 wp-block-uagb-image--layout-default wp-block-uagb-image--effect-static wp-block-uagb-image--align-none\"><figure class=\"wp-block-uagb-image__figure\"><a class=\"\" href=\"https:\/\/led.amasly.com\/pt\/products\/\" target=\"\" rel=\"noopener\"><img decoding=\"async\" srcset=\"https:\/\/led.amasly.com\/wp-content\/uploads\/2024\/07\/led-tri-proof-light.png ,https:\/\/led.amasly.com\/wp-content\/uploads\/2024\/07\/led-tri-proof-light.png 780w, https:\/\/led.amasly.com\/wp-content\/uploads\/2024\/07\/led-tri-proof-light.png 360w\" sizes=\"auto, (max-width: 480px) 150px\" src=\"https:\/\/led.amasly.com\/wp-content\/uploads\/2024\/07\/led-tri-proof-light.png\" alt=\"\" class=\"uag-image-1130\" width=\"300\" height=\"300\" title=\"luz led-tri-proof\" loading=\"lazy\" role=\"img\"><\/a><\/figure><\/div>\n<\/div>\n\n\n\n<div class=\"wp-block-uagb-container uagb-block-0fdfdd58\">\n<div class=\"wp-block-uagb-image uagb-block-1187d32d wp-block-uagb-image--layout-default wp-block-uagb-image--effect-static wp-block-uagb-image--align-none\"><figure class=\"wp-block-uagb-image__figure\"><a class=\"\" href=\"https:\/\/led.amasly.com\/pt\/products\/\" target=\"\" rel=\"noopener\"><img decoding=\"async\" srcset=\"https:\/\/led.amasly.com\/wp-content\/uploads\/2024\/07\/LED-street-light.jpg ,https:\/\/led.amasly.com\/wp-content\/uploads\/2024\/07\/LED-street-light.jpg 780w, https:\/\/led.amasly.com\/wp-content\/uploads\/2024\/07\/LED-street-light.jpg 360w\" sizes=\"auto, (max-width: 480px) 150px\" src=\"https:\/\/led.amasly.com\/wp-content\/uploads\/2024\/07\/LED-street-light.jpg\" alt=\"\" class=\"uag-image-1145\" width=\"300\" height=\"300\" title=\"Luz de rua LED\" loading=\"lazy\" role=\"img\"><\/a><\/figure><\/div>\n<\/div>\n<\/div><\/div>\n\n\n\n<div class=\"wp-block-uagb-container uagb-block-6a60882c alignfull uagb-is-root-container\"><div class=\"uagb-container-inner-blocks-wrap\">\n<div class=\"wp-block-uagb-container uagb-block-f1e91a35\">\n<h4 class=\"wp-block-heading has-text-align-center\"><a href=\"https:\/\/led.amasly.com\/pt\/products\/\">Luzes de inunda\u00e7\u00e3o LED<\/a><\/h4>\n<\/div>\n\n\n\n<div class=\"wp-block-uagb-container uagb-block-165bfa58\">\n<h4 class=\"wp-block-heading has-text-align-center\"><a href=\"https:\/\/led.amasly.com\/pt\/products\/\">Tubos de luz LED \u00e0 prova de tripla prote\u00e7\u00e3o<\/a><\/h4>\n<\/div>\n\n\n\n<div class=\"wp-block-uagb-container uagb-block-f6096e3b\">\n<h4 class=\"wp-block-heading has-text-align-center\"><a href=\"https:\/\/led.amasly.com\/pt\/products\/\">Luzes de rua LED<\/a><\/h4>\n<\/div>\n<\/div><\/div>\n\n\n\n<div class=\"wp-block-uagb-container uagb-block-99c0e0a5 alignfull uagb-is-root-container\"><div class=\"uagb-container-inner-blocks-wrap\"><\/div><\/div>\n\n\n\n<p><\/p>","protected":false},"excerpt":{"rendered":"<p>What materials are explosion proof? Explosion-proof materials are a class of specialized materials capable of resisting explosive impact and flame. They are widely used in petrochemical, mining, construction and other fields, designed to protect the safety of personnel and equipment. Different types of explosion-proof materials have different characteristics and application scenarios, so the choice of [&hellip;]<\/p>\n","protected":false},"author":1,"featured_media":0,"parent":2374,"menu_order":0,"comment_status":"closed","ping_status":"closed","template":"","meta":{"_uag_custom_page_level_css":"","site-sidebar-layout":"no-sidebar","site-content-layout":"","ast-site-content-layout":"default","site-content-style":"default","site-sidebar-style":"default","ast-global-header-display":"","ast-banner-title-visibility":"","ast-main-header-display":"","ast-hfb-above-header-display":"","ast-hfb-below-header-display":"","ast-hfb-mobile-header-display":"","site-post-title":"disabled","ast-breadcrumbs-content":"","ast-featured-img":"","footer-sml-layout":"","ast-disable-related-posts":"","theme-transparent-header-meta":"enabled","adv-header-id-meta":"","stick-header-meta":"","header-above-stick-meta":"","header-main-stick-meta":"","header-below-stick-meta":"","astra-migrate-meta-layouts":"set","ast-page-background-enabled":"default","ast-page-background-meta":{"desktop":{"background-color":"var(--ast-global-color-4)","background-image":"","background-repeat":"repeat","background-position":"center center","background-size":"auto","background-attachment":"scroll","background-type":"","background-media":"","overlay-type":"","overlay-color":"","overlay-opacity":"","overlay-gradient":""},"tablet":{"background-color":"","background-image":"","background-repeat":"repeat","background-position":"center center","background-size":"auto","background-attachment":"scroll","background-type":"","background-media":"","overlay-type":"","overlay-color":"","overlay-opacity":"","overlay-gradient":""},"mobile":{"background-color":"","background-image":"","background-repeat":"repeat","background-position":"center center","background-size":"auto","background-attachment":"scroll","background-type":"","background-media":"","overlay-type":"","overlay-color":"","overlay-opacity":"","overlay-gradient":""}},"ast-content-background-meta":{"desktop":{"background-color":"var(--ast-global-color-5)","background-image":"","background-repeat":"repeat","background-position":"center center","background-size":"auto","background-attachment":"scroll","background-type":"","background-media":"","overlay-type":"","overlay-color":"","overlay-opacity":"","overlay-gradient":""},"tablet":{"background-color":"var(--ast-global-color-5)","background-image":"","background-repeat":"repeat","background-position":"center center","background-size":"auto","background-attachment":"scroll","background-type":"","background-media":"","overlay-type":"","overlay-color":"","overlay-opacity":"","overlay-gradient":""},"mobile":{"background-color":"var(--ast-global-color-5)","background-image":"","background-repeat":"repeat","background-position":"center center","background-size":"auto","background-attachment":"scroll","background-type":"","background-media":"","overlay-type":"","overlay-color":"","overlay-opacity":"","overlay-gradient":""}},"footnotes":""},"class_list":["post-2966","page","type-page","status-publish","hentry"],"uagb_featured_image_src":{"full":false,"thumbnail":false,"medium":false,"medium_large":false,"large":false,"1536x1536":false,"2048x2048":false,"trp-custom-language-flag":false},"uagb_author_info":{"display_name":"Joe","author_link":"https:\/\/led.amasly.com\/pt\/author\/jacklin\/"},"uagb_comment_info":0,"uagb_excerpt":"What materials are explosion proof? Explosion-proof materials are a class of specialized materials capable of resisting explosive impact and flame. They are widely used in petrochemical, mining, construction and other fields, designed to protect the safety of personnel and equipment. Different types of explosion-proof materials have different characteristics and application scenarios, so the choice of&hellip;","_links":{"self":[{"href":"https:\/\/led.amasly.com\/pt\/wp-json\/wp\/v2\/pages\/2966","targetHints":{"allow":["GET"]}}],"collection":[{"href":"https:\/\/led.amasly.com\/pt\/wp-json\/wp\/v2\/pages"}],"about":[{"href":"https:\/\/led.amasly.com\/pt\/wp-json\/wp\/v2\/types\/page"}],"author":[{"embeddable":true,"href":"https:\/\/led.amasly.com\/pt\/wp-json\/wp\/v2\/users\/1"}],"replies":[{"embeddable":true,"href":"https:\/\/led.amasly.com\/pt\/wp-json\/wp\/v2\/comments?post=2966"}],"version-history":[{"count":1,"href":"https:\/\/led.amasly.com\/pt\/wp-json\/wp\/v2\/pages\/2966\/revisions"}],"predecessor-version":[{"id":2980,"href":"https:\/\/led.amasly.com\/pt\/wp-json\/wp\/v2\/pages\/2966\/revisions\/2980"}],"up":[{"embeddable":true,"href":"https:\/\/led.amasly.com\/pt\/wp-json\/wp\/v2\/pages\/2374"}],"wp:attachment":[{"href":"https:\/\/led.amasly.com\/pt\/wp-json\/wp\/v2\/media?parent=2966"}],"curies":[{"name":"wp","href":"https:\/\/api.w.org\/{rel}","templated":true}]}}