{"id":2665,"date":"2025-03-22T23:18:08","date_gmt":"2025-03-22T15:18:08","guid":{"rendered":"https:\/\/led.amasly.com\/?page_id=2665"},"modified":"2025-03-22T23:18:14","modified_gmt":"2025-03-22T15:18:14","slug":"explosion-proof-wall-lights-to-protect-the-battery-factory-safety-production-of-intelligent-lighting-to-handle-the-program","status":"publish","type":"page","link":"https:\/\/led.amasly.com\/pt\/knowledge\/explosion-proof-products-knowledge\/explosion-proof-wall-lights-to-protect-the-battery-factory-safety-production-of-intelligent-lighting-to-handle-the-program\/","title":{"rendered":"Candeeiros de parede \u00e0 prova de explos\u00e3o: para proteger a produ\u00e7\u00e3o de seguran\u00e7a da f\u00e1brica de baterias de ilumina\u00e7\u00e3o inteligente para lidar com o programa"},"content":{"rendered":"\n<div class=\"wp-block-uagb-container uagb-block-27bae773 alignfull uagb-is-root-container\"><div class=\"uagb-container-inner-blocks-wrap\"><\/div><\/div>\n\n\n\n<h2 class=\"wp-block-heading has-text-align-left\"><strong>Explosion proof wall lights<\/strong><strong>: to protect the battery factory safety production of intelligent lighting to handle the program<\/strong><strong><\/strong><\/h2>\n\n\n\n<div class=\"wp-block-uagb-image uagb-block-da1360b5 wp-block-uagb-image--layout-default wp-block-uagb-image--effect-static wp-block-uagb-image--align-none\"><figure class=\"wp-block-uagb-image__figure\"><img decoding=\"async\" srcset=\"https:\/\/led.amasly.com\/wp-content\/uploads\/2025\/01\/LED-explosion-proof-flood-lights.png ,https:\/\/led.amasly.com\/wp-content\/uploads\/2025\/01\/LED-explosion-proof-flood-lights.png 780w, https:\/\/led.amasly.com\/wp-content\/uploads\/2025\/01\/LED-explosion-proof-flood-lights.png 360w\" sizes=\"auto, (max-width: 480px) 150px\" src=\"https:\/\/led.amasly.com\/wp-content\/uploads\/2025\/01\/LED-explosion-proof-flood-lights.png\" alt=\"\" class=\"uag-image-1675\" width=\"1004\" height=\"308\" title=\"LED explosion proof flood lights\" loading=\"lazy\" role=\"img\"><\/figure><\/div>\n\n\n\n<h2 class=\"wp-block-heading\"><strong>First, why the battery factory must choose <\/strong><strong>Explosion proof wall lights<\/strong><strong>?<\/strong><strong><\/strong><\/h2>\n\n\n\n<p>In the lithium-ion battery production workshop, the electrolyte volatile combustible gas concentration can reach the explosion limit of 30% -50%, ordinary lighting equipment to produce sparks probably cause serious accidents.<\/p>\n\n\n\n<p>Explosion proof wall lights&nbsp;approved intrinsically safe design, the light source, power supply and other components are completely sealed in the impact-resistant alloy shell [often made of ADC12 die-cast aluminum], combined with the explosion-proof surface gap control technology [guideline gap \u2264 0.15mm], the success of the internal arc will probably be generated with the external physical isolation of the hazardous environment.<\/p>\n\n\n\n<p>According to the requirements of ATEX 94\/9\/EC directive, it is suitable for II 2G Ex db IIC T6 Gb grade Explosion proof wall lights, which can work continuously under the ambient temperature from -40\u2103 to +55\u2103.<\/p>\n\n\n\n<p>A power battery leading enterprises measured data show that the electrolyte subassembly workshop after the installation of Explosion proof wall lights, the lighting system triggered a reduction of 97% of the potential safety hazards, the equipment failure rate fell 63% year-on-year.<\/p>\n\n\n\n<h2 class=\"wp-block-heading\"><strong>Second, <\/strong><strong>Explosion proof wall lights<\/strong><strong>&nbsp;three major technological breakthroughs<\/strong><strong><\/strong><\/h2>\n\n\n\n<h3 class=\"wp-block-heading\"><strong>1. Intelligent constant current drive technology<\/strong><strong><\/strong><\/h3>\n\n\n\n<p>The use of PWM dimming chip [such as TILM3409HV] with temperature compensation circuit to ensure that the voltage fluctuations of \u00b1 20% can still be stable output.<\/p>\n\n\n\n<p>A model Explosion proof wall lights&nbsp;test shows that in the input voltage range of 180-265VAC, luminous flux fluctuation control within \u00b1 3%, effectively avoiding strobe phenomenon.<\/p>\n\n\n\n<h3 class=\"wp-block-heading\"><strong>2. Composite heat dissipation structure<\/strong><strong><\/strong><\/h3>\n\n\n\n<p>Innovative use of finned heat sink + thermally conductive silicone filling program, so that the LED junction temperature is always below 85 \u2103. Laboratory data shows that the LED junction temperature is always below 85\u2103 compared with traditional structure.<\/p>\n\n\n\n<p>Laboratory data show that, compared with the traditional structure, the new explosion-proof wall light decay rate of 5% from 3000 hours to 1.8%, extending the service life to 50,000 hours.<\/p>\n\n\n\n<h3 class=\"wp-block-heading\"><strong>3. Modular high-speed maintenance<\/strong><strong><\/strong><\/h3>\n\n\n\n<p>The unique snap-on lens design shortens the maintenance time to 15 minutes, which is 80% more efficient than the traditional bolt fixing method.<\/p>\n\n\n\n<p>A customer case shows that 2,000 Explosion proof wall lights&nbsp;to reduce annual maintenance costs of 420,000 yuan.<\/p>\n\n\n\n<h2 class=\"wp-block-heading\"><strong>Third, the battery factory typical scene <\/strong><strong>Explosion proof wall lights<\/strong><strong>&nbsp;configuration program<\/strong><strong><\/strong><\/h2>\n\n\n\n<figure class=\"wp-block-table\"><table class=\"has-fixed-layout\"><tbody><tr><td>Area Name<\/td><td>Illumination Requirement(lx)<\/td><td>Mounting Height(m)<\/td><td>Protection Class<\/td><td>Explosion-proof Class<\/td><td>Recommended Power<\/td><\/tr><tr><td>Electrolyte preparation room &nbsp;&nbsp;&nbsp;<\/td><td>300<\/td><td>3.5-4.0<\/td><td>IP66<\/td><td>Ex d IIC T6<\/td><td>60W<\/td><\/tr><tr><td>Chemistry workshop<\/td><td>500<\/td><td>5.0-6.0<\/td><td>IP67<\/td><td>Ex de IIC T4<\/td><td>100W<\/td><\/tr><tr><td>Raw material warehouse<\/td><td>200<\/td><td>6.0-8.0<\/td><td>IP65<\/td><td>Ex tb IIIC T135\u2103<\/td><td>40W<\/td><\/tr><tr><td>pack assembly line<\/td><td>750<\/td><td>3.0-3.5<\/td><td>IP68<\/td><td>Ex d e IIC T6 Gb<\/td><td>80W<\/td><\/tr><\/tbody><\/table><\/figure>\n\n\n\n<p>Note: According to <a href=\"http:\/\/www.iecex-certs.com\/\" rel=\"nofollow noopener\" target=\"_blank\">EN 60079-10-1<\/a> guidelines, hazardous area classification and equipment selection needs to be certified by professional organizations.<\/p>\n\n\n\n<h2 class=\"wp-block-heading\"><strong>Fourth, <\/strong><strong>Explosion proof wall lights<\/strong><strong>&nbsp;selection of 5 major gold standard<\/strong><strong><\/strong><\/h2>\n\n\n\n<p>1. Certification compliance: must obtain IECEx, ATEX and local explosion-proof certificates [such as China PCEC], the certificate number should be able to verify the official website in real-time<\/p>\n\n\n\n<p>2. Optical performance matching: the bat-wing light distribution curve [half-peak angle 110 \u00b0], to ensure that the uniformity of illumination on the work surface \u2265 0.7<\/p>\n\n\n\n<p>3. Emergency function integration: Configuration of dual-channel power supply + lithium battery pack [endurance of 90 minutes], switching time \u2264 0.3 seconds Intelligent control system: support DALI2.0 protocol, the implementation of the group dimming [10% -100% stepless adjustment] and energy consumption monitoring<\/p>\n\n\n\n<p>4. Expandable design: reserved dust sensor interface to meet the needs of future upgrades to the smart factory.<\/p>\n\n\n\n<h2 class=\"wp-block-heading\"><strong>Fifth.<\/strong><strong>&nbsp;Full life cycle cost analysis<\/strong><strong><\/strong><\/h2>\n\n\n\n<p>An annual output of 10GWh battery factory as an example:<\/p>\n\n\n\n<p>Traditional explosion-proof lamp program: the initial investment of 1.8 million yuan, the annual power consumption of 680,000 yuan, 5-year maintenance cost of 950,000 yuan<\/p>\n\n\n\n<p>Intelligent Explosion proof wall lights&nbsp;program: the initial investment of 2.3 million yuan, the annual power consumption of 320,000 yuan [energy saving 53%], 5 years of maintenance costs 380,000 yuan<\/p>\n\n\n\n<p>ROI analysis: although the initial investment is 28% higher, but the total cost of 5 years to reduce 36%, the payback period of only 2.3 years!<\/p>\n\n\n\n<h2 class=\"wp-block-heading\"><strong>Sixth, the industry&#8217;s development momentum forward<\/strong><strong><\/strong><\/h2>\n\n\n\n<p>1. digital twin technology applications: approval of 3D modeling to implement Explosion proof wall lights&nbsp;layout simulation, improved program design performance by 40%.<\/p>\n\n\n\n<p>2. Predictive maintenance system: built-in vibration sensor + temperature monitoring module, failure warning accuracy of 92%.<\/p>\n\n\n\n<p>3. New energy integration and innovation: R &amp; D photovoltaic + super capacitor power supply off-grid Explosion proof wall lights, has been implemented in the pilot project 72 hours of battery life<\/p>\n\n\n\n<p>A head battery manufacturer application data show that the deployment of intelligent explosion-proof wall light system:<\/p>\n\n\n\n<p>Lighting-related safety accidents to zero production line illuminance pass rate increased from 78% to 99% annual integrated energy consumption by 1.2 million kWh equipment inspection efficiency increased by 65%.<\/p>\n\n\n\n<p class=\"has-text-align-left\">Please visit Amasly Lighting or call +86 13732643699, our engineers will provide you with professional selection proposition within 24 hours.<\/p>\n\n\n\n<div class=\"wp-block-uagb-container uagb-block-c7d898dd alignfull uagb-is-root-container\"><div class=\"uagb-container-inner-blocks-wrap\"><\/div><\/div>\n\n\n\n<h2 class=\"wp-block-heading\">Related Products<\/h2>\n\n\n\n<div class=\"wp-block-uagb-container uagb-block-66e4defc alignfull uagb-is-root-container\"><div class=\"uagb-container-inner-blocks-wrap\">\n<div class=\"wp-block-uagb-container uagb-block-a42945f9\">\n<div class=\"wp-block-uagb-image uagb-block-7296296b wp-block-uagb-image--layout-default wp-block-uagb-image--effect-static wp-block-uagb-image--align-none\"><figure class=\"wp-block-uagb-image__figure\"><a class=\"\" href=\"https:\/\/led.amasly.com\/products\/\" target=\"\" rel=\"noopener\"><img decoding=\"async\" srcset=\"https:\/\/led.amasly.com\/wp-content\/uploads\/2024\/09\/Explosion-proof-high-bay-lights.png ,https:\/\/led.amasly.com\/wp-content\/uploads\/2024\/09\/Explosion-proof-high-bay-lights.png 780w, https:\/\/led.amasly.com\/wp-content\/uploads\/2024\/09\/Explosion-proof-high-bay-lights.png 360w\" sizes=\"auto, (max-width: 480px) 150px\" src=\"https:\/\/led.amasly.com\/wp-content\/uploads\/2024\/09\/Explosion-proof-high-bay-lights.png\" alt=\"\" class=\"uag-image-1495\" width=\"300\" height=\"300\" title=\"Explosion proof high bay lights\" loading=\"lazy\" role=\"img\"><\/a><\/figure><\/div>\n<\/div>\n\n\n\n<div class=\"wp-block-uagb-container uagb-block-4d3efde5\">\n<div class=\"wp-block-uagb-image uagb-block-c9e90797 wp-block-uagb-image--layout-default wp-block-uagb-image--effect-static wp-block-uagb-image--align-none\"><figure class=\"wp-block-uagb-image__figure\"><a class=\"\" href=\"https:\/\/led.amasly.com\/products\/\" target=\"\" rel=\"noopener\"><img decoding=\"async\" srcset=\"https:\/\/led.amasly.com\/wp-content\/uploads\/2024\/07\/LED-tri-proof-lights2.png ,https:\/\/led.amasly.com\/wp-content\/uploads\/2024\/07\/LED-tri-proof-lights2.png 780w, https:\/\/led.amasly.com\/wp-content\/uploads\/2024\/07\/LED-tri-proof-lights2.png 360w\" sizes=\"auto, (max-width: 480px) 150px\" src=\"https:\/\/led.amasly.com\/wp-content\/uploads\/2024\/07\/LED-tri-proof-lights2.png\" alt=\"\" class=\"uag-image-1132\" width=\"300\" height=\"300\" title=\"LED-tri-proof-lights2\" loading=\"lazy\" role=\"img\"><\/a><\/figure><\/div>\n<\/div>\n\n\n\n<div class=\"wp-block-uagb-container uagb-block-11c2578b\">\n<div class=\"wp-block-uagb-image uagb-block-6e8883aa wp-block-uagb-image--layout-default wp-block-uagb-image--effect-static wp-block-uagb-image--align-none\"><figure class=\"wp-block-uagb-image__figure\"><a class=\"\" href=\"https:\/\/led.amasly.com\/products\/\" target=\"\" rel=\"noopener\"><img decoding=\"async\" srcset=\"https:\/\/led.amasly.com\/wp-content\/uploads\/2024\/09\/LED-Explosion-Proof-Gas-Station-Light.png ,https:\/\/led.amasly.com\/wp-content\/uploads\/2024\/09\/LED-Explosion-Proof-Gas-Station-Light.png 780w, https:\/\/led.amasly.com\/wp-content\/uploads\/2024\/09\/LED-Explosion-Proof-Gas-Station-Light.png 360w\" sizes=\"auto, (max-width: 480px) 150px\" src=\"https:\/\/led.amasly.com\/wp-content\/uploads\/2024\/09\/LED-Explosion-Proof-Gas-Station-Light.png\" alt=\"\" class=\"uag-image-1501\" width=\"300\" height=\"300\" title=\"LED Explosion Proof Gas Station Light\" loading=\"lazy\" role=\"img\"><\/a><\/figure><\/div>\n<\/div>\n<\/div><\/div>\n\n\n\n<div class=\"wp-block-uagb-container uagb-block-548945b5 alignfull uagb-is-root-container\"><div class=\"uagb-container-inner-blocks-wrap\">\n<div class=\"wp-block-uagb-container uagb-block-967755d5\">\n<h4 class=\"wp-block-heading has-text-align-center\"><a href=\"https:\/\/led.amasly.com\/products\/\">LED Explosion Proof Lights<\/a><\/h4>\n<\/div>\n\n\n\n<div class=\"wp-block-uagb-container uagb-block-9bc52fc2\">\n<h4 class=\"wp-block-heading has-text-align-center\"><a href=\"https:\/\/led.amasly.com\/products\/\">LED Tri-Proof Lights<\/a><\/h4>\n<\/div>\n\n\n\n<div class=\"wp-block-uagb-container uagb-block-8ffa0a23\">\n<h4 class=\"wp-block-heading has-text-align-center\"><a href=\"https:\/\/led.amasly.com\/products\/\">Explosion Proof Gas Station Lights<\/a><\/h4>\n<\/div>\n<\/div><\/div>\n\n\n\n<div class=\"wp-block-uagb-container uagb-block-29499fe0 alignfull uagb-is-root-container\"><div class=\"uagb-container-inner-blocks-wrap\">\n<div class=\"wp-block-uagb-container uagb-block-777ee1c7\">\n<div class=\"wp-block-uagb-image uagb-block-2e9a1851 wp-block-uagb-image--layout-default wp-block-uagb-image--effect-static wp-block-uagb-image--align-none\"><figure class=\"wp-block-uagb-image__figure\"><a class=\"\" href=\"https:\/\/led.amasly.com\/products\/\" target=\"\" rel=\"noopener\"><img decoding=\"async\" srcset=\"https:\/\/led.amasly.com\/wp-content\/uploads\/2024\/10\/50W-100W-150W-200W-300W-LED-Flood-Light.jpg ,https:\/\/led.amasly.com\/wp-content\/uploads\/2024\/10\/50W-100W-150W-200W-300W-LED-Flood-Light.jpg 780w, https:\/\/led.amasly.com\/wp-content\/uploads\/2024\/10\/50W-100W-150W-200W-300W-LED-Flood-Light.jpg 360w\" sizes=\"auto, (max-width: 480px) 150px\" src=\"https:\/\/led.amasly.com\/wp-content\/uploads\/2024\/10\/50W-100W-150W-200W-300W-LED-Flood-Light.jpg\" alt=\"\" class=\"uag-image-1526\" width=\"300\" height=\"300\" title=\"50W 100W 150W 200W 300W LED Flood Light\" loading=\"lazy\" role=\"img\"><\/a><\/figure><\/div>\n<\/div>\n\n\n\n<div class=\"wp-block-uagb-container uagb-block-af8c8683\">\n<div class=\"wp-block-uagb-image uagb-block-67947854 wp-block-uagb-image--layout-default wp-block-uagb-image--effect-static wp-block-uagb-image--align-none\"><figure class=\"wp-block-uagb-image__figure\"><a class=\"\" href=\"https:\/\/led.amasly.com\/products\/\" target=\"\" rel=\"noopener\"><img decoding=\"async\" srcset=\"https:\/\/led.amasly.com\/wp-content\/uploads\/2024\/07\/led-tri-proof-light.png ,https:\/\/led.amasly.com\/wp-content\/uploads\/2024\/07\/led-tri-proof-light.png 780w, https:\/\/led.amasly.com\/wp-content\/uploads\/2024\/07\/led-tri-proof-light.png 360w\" sizes=\"auto, (max-width: 480px) 150px\" src=\"https:\/\/led.amasly.com\/wp-content\/uploads\/2024\/07\/led-tri-proof-light.png\" alt=\"\" class=\"uag-image-1130\" width=\"300\" height=\"300\" title=\"led-tri-proof-light\" loading=\"lazy\" role=\"img\"><\/a><\/figure><\/div>\n<\/div>\n\n\n\n<div class=\"wp-block-uagb-container uagb-block-0fdfdd58\">\n<div class=\"wp-block-uagb-image uagb-block-1187d32d wp-block-uagb-image--layout-default wp-block-uagb-image--effect-static wp-block-uagb-image--align-none\"><figure class=\"wp-block-uagb-image__figure\"><a class=\"\" href=\"https:\/\/led.amasly.com\/products\/\" target=\"\" rel=\"noopener\"><img decoding=\"async\" srcset=\"https:\/\/led.amasly.com\/wp-content\/uploads\/2024\/07\/LED-street-light.jpg ,https:\/\/led.amasly.com\/wp-content\/uploads\/2024\/07\/LED-street-light.jpg 780w, https:\/\/led.amasly.com\/wp-content\/uploads\/2024\/07\/LED-street-light.jpg 360w\" sizes=\"auto, (max-width: 480px) 150px\" src=\"https:\/\/led.amasly.com\/wp-content\/uploads\/2024\/07\/LED-street-light.jpg\" alt=\"\" class=\"uag-image-1145\" width=\"300\" height=\"300\" title=\"LED-street-light\" loading=\"lazy\" role=\"img\"><\/a><\/figure><\/div>\n<\/div>\n<\/div><\/div>\n\n\n\n<div class=\"wp-block-uagb-container uagb-block-6a60882c alignfull uagb-is-root-container\"><div class=\"uagb-container-inner-blocks-wrap\">\n<div class=\"wp-block-uagb-container uagb-block-f1e91a35\">\n<h4 class=\"wp-block-heading has-text-align-center\"><a href=\"https:\/\/led.amasly.com\/products\/\">LED Flood Lights<\/a><\/h4>\n<\/div>\n\n\n\n<div class=\"wp-block-uagb-container uagb-block-165bfa58\">\n<h4 class=\"wp-block-heading has-text-align-center\"><a href=\"https:\/\/led.amasly.com\/products\/\">LED Tri-Proof Tube Lights<\/a><\/h4>\n<\/div>\n\n\n\n<div class=\"wp-block-uagb-container uagb-block-f6096e3b\">\n<h4 class=\"wp-block-heading has-text-align-center\"><a href=\"https:\/\/led.amasly.com\/products\/\">LED Street Lights<\/a><\/h4>\n<\/div>\n<\/div><\/div>\n\n\n\n<div class=\"wp-block-uagb-container uagb-block-99c0e0a5 alignfull uagb-is-root-container\"><div class=\"uagb-container-inner-blocks-wrap\"><\/div><\/div>\n\n\n\n<p><\/p>\n","protected":false},"excerpt":{"rendered":"<p>Explosion proof wall lights: to protect the battery factory safety production of intelligent lighting to handle the program First, why the battery factory must choose Explosion proof wall lights? In the lithium-ion battery production workshop, the electrolyte volatile combustible gas concentration can reach the explosion limit of 30% -50%, ordinary lighting equipment to produce sparks [&hellip;]<\/p>\n","protected":false},"author":1,"featured_media":0,"parent":2374,"menu_order":0,"comment_status":"closed","ping_status":"closed","template":"","meta":{"_uag_custom_page_level_css":"","site-sidebar-layout":"no-sidebar","site-content-layout":"","ast-site-content-layout":"default","site-content-style":"default","site-sidebar-style":"default","ast-global-header-display":"","ast-banner-title-visibility":"","ast-main-header-display":"","ast-hfb-above-header-display":"","ast-hfb-below-header-display":"","ast-hfb-mobile-header-display":"","site-post-title":"disabled","ast-breadcrumbs-content":"","ast-featured-img":"","footer-sml-layout":"","ast-disable-related-posts":"","theme-transparent-header-meta":"enabled","adv-header-id-meta":"","stick-header-meta":"","header-above-stick-meta":"","header-main-stick-meta":"","header-below-stick-meta":"","astra-migrate-meta-layouts":"set","ast-page-background-enabled":"default","ast-page-background-meta":{"desktop":{"background-color":"var(--ast-global-color-4)","background-image":"","background-repeat":"repeat","background-position":"center center","background-size":"auto","background-attachment":"scroll","background-type":"","background-media":"","overlay-type":"","overlay-color":"","overlay-opacity":"","overlay-gradient":""},"tablet":{"background-color":"","background-image":"","background-repeat":"repeat","background-position":"center center","background-size":"auto","background-attachment":"scroll","background-type":"","background-media":"","overlay-type":"","overlay-color":"","overlay-opacity":"","overlay-gradient":""},"mobile":{"background-color":"","background-image":"","background-repeat":"repeat","background-position":"center center","background-size":"auto","background-attachment":"scroll","background-type":"","background-media":"","overlay-type":"","overlay-color":"","overlay-opacity":"","overlay-gradient":""}},"ast-content-background-meta":{"desktop":{"background-color":"var(--ast-global-color-5)","background-image":"","background-repeat":"repeat","background-position":"center center","background-size":"auto","background-attachment":"scroll","background-type":"","background-media":"","overlay-type":"","overlay-color":"","overlay-opacity":"","overlay-gradient":""},"tablet":{"background-color":"var(--ast-global-color-5)","background-image":"","background-repeat":"repeat","background-position":"center center","background-size":"auto","background-attachment":"scroll","background-type":"","background-media":"","overlay-type":"","overlay-color":"","overlay-opacity":"","overlay-gradient":""},"mobile":{"background-color":"var(--ast-global-color-5)","background-image":"","background-repeat":"repeat","background-position":"center center","background-size":"auto","background-attachment":"scroll","background-type":"","background-media":"","overlay-type":"","overlay-color":"","overlay-opacity":"","overlay-gradient":""}},"footnotes":""},"class_list":["post-2665","page","type-page","status-publish","hentry"],"uagb_featured_image_src":{"full":false,"thumbnail":false,"medium":false,"medium_large":false,"large":false,"1536x1536":false,"2048x2048":false,"trp-custom-language-flag":false},"uagb_author_info":{"display_name":"Joe","author_link":"https:\/\/led.amasly.com\/pt\/author\/jacklin\/"},"uagb_comment_info":0,"uagb_excerpt":"Explosion proof wall lights: to protect the battery factory safety production of intelligent lighting to handle the program First, why the battery factory must choose Explosion proof wall lights? In the lithium-ion battery production workshop, the electrolyte volatile combustible gas concentration can reach the explosion limit of 30% -50%, ordinary lighting equipment to produce sparks&hellip;","_links":{"self":[{"href":"https:\/\/led.amasly.com\/pt\/wp-json\/wp\/v2\/pages\/2665","targetHints":{"allow":["GET"]}}],"collection":[{"href":"https:\/\/led.amasly.com\/pt\/wp-json\/wp\/v2\/pages"}],"about":[{"href":"https:\/\/led.amasly.com\/pt\/wp-json\/wp\/v2\/types\/page"}],"author":[{"embeddable":true,"href":"https:\/\/led.amasly.com\/pt\/wp-json\/wp\/v2\/users\/1"}],"replies":[{"embeddable":true,"href":"https:\/\/led.amasly.com\/pt\/wp-json\/wp\/v2\/comments?post=2665"}],"version-history":[{"count":1,"href":"https:\/\/led.amasly.com\/pt\/wp-json\/wp\/v2\/pages\/2665\/revisions"}],"predecessor-version":[{"id":2669,"href":"https:\/\/led.amasly.com\/pt\/wp-json\/wp\/v2\/pages\/2665\/revisions\/2669"}],"up":[{"embeddable":true,"href":"https:\/\/led.amasly.com\/pt\/wp-json\/wp\/v2\/pages\/2374"}],"wp:attachment":[{"href":"https:\/\/led.amasly.com\/pt\/wp-json\/wp\/v2\/media?parent=2665"}],"curies":[{"name":"wp","href":"https:\/\/api.w.org\/{rel}","templated":true}]}}