{"id":2251,"date":"2025-03-05T22:08:19","date_gmt":"2025-03-05T14:08:19","guid":{"rendered":"https:\/\/led.amasly.com\/?page_id=2251"},"modified":"2026-01-22T13:15:51","modified_gmt":"2026-01-22T05:15:51","slug":"outdoor-emergency-lighting-solutions","status":"publish","type":"page","link":"https:\/\/led.amasly.com\/pt\/solutions\/outdoor-emergency-lighting-solutions\/","title":{"rendered":"Solu\u00e7\u00f5es de ilumina\u00e7\u00e3o de emerg\u00eancia para exteriores"},"content":{"rendered":"<div class=\"wp-block-uagb-container uagb-block-27bae773 alignfull uagb-is-root-container\"><div class=\"uagb-container-inner-blocks-wrap\"><\/div><\/div>\n\n\n\n<h1 class=\"wp-block-heading has-text-align-center\">Emerg\u00eancia no exterior<strong> Solu\u00e7\u00f5es de ilumina\u00e7\u00e3o<\/strong><\/h1>\n\n\n\n<h2 class=\"wp-block-heading\"><strong>Solu\u00e7\u00f5es de ilumina\u00e7\u00e3o de emerg\u00eancia para exteriores Introduzir:<\/strong> <\/h2>\n\n\n\n<p>O equipamento de ilumina\u00e7\u00e3o de emerg\u00eancia, enquanto equipamento essencial para a elimina\u00e7\u00e3o de emerg\u00eancias el\u00e9ctricas, desempenha um papel importante na conce\u00e7\u00e3o de programas de ilumina\u00e7\u00e3o de emerg\u00eancia, na forma\u00e7\u00e3o di\u00e1ria de compet\u00eancias em equipamento de ilumina\u00e7\u00e3o de emerg\u00eancia, na adapta\u00e7\u00e3o ao ambiente de investiga\u00e7\u00e3o e desenvolvimento de equipamento de ilumina\u00e7\u00e3o de emerg\u00eancia.<\/p>\n\n\n\n<div class=\"wp-block-uagb-image uagb-block-c351aead wp-block-uagb-image--layout-default wp-block-uagb-image--effect-static wp-block-uagb-image--align-none\"><figure class=\"wp-block-uagb-image__figure\"><a class=\"\" href=\"https:\/\/led.amasly.com\/pt\/products\/\" target=\"\" rel=\"noopener\"><img decoding=\"async\" srcset=\"https:\/\/led.amasly.com\/wp-content\/uploads\/2025\/03\/\u56fe\u72471-4.png 625w, https:\/\/led.amasly.com\/wp-content\/uploads\/2025\/03\/\u56fe\u72471-4-250x300.png 250w, https:\/\/led.amasly.com\/wp-content\/uploads\/2025\/03\/\u56fe\u72471-4-10x12.png 10w\" sizes=\"auto, (max-width: 480px) 150px\" src=\"https:\/\/led.amasly.com\/wp-content\/uploads\/2025\/03\/\u56fe\u72471-4.png\" alt=\"\" class=\"uag-image-2259\" width=\"625\" height=\"751\" title=\"\u56fe\u72471\" loading=\"lazy\" role=\"img\"><\/a><\/figure><\/div>\n\n\n\n<p>A tarefa mais importante ap\u00f3s a cat\u00e1strofe \u00e9 o salvamento r\u00e1pido, maximizando a seguran\u00e7a da vida, que n\u00e3o \u00e9 apenas a equipa de salvamento que deve assumir a responsabilidade, mais \u00e9 a miss\u00e3o dada pela comunidade. O salvamento o mais r\u00e1pido poss\u00edvel \u00e9 a primeira prioridade, pelo que \u00e9 inevit\u00e1vel que o salvamento seja efectuado durante o dia e, \u00e0 noite, se n\u00e3o houver uma ilumina\u00e7\u00e3o de emerg\u00eancia eficaz, a efic\u00e1cia do salvamento ser\u00e1 afetada.<\/p>\n\n\n\n<p>Em consequ\u00eancia das cat\u00e1strofes naturais provocadas pela paralisa\u00e7\u00e3o do sistema el\u00e9trico local, o socorro e a reinstala\u00e7\u00e3o das v\u00edtimas exigem simultaneamente o restabelecimento imediato dos danos locais no sistema el\u00e9trico, a ilumina\u00e7\u00e3o do local tem de ser de alta luminosidade, a \u00e1rea de irradia\u00e7\u00e3o \u00e9 vasta e, na aus\u00eancia de energia el\u00e9ctrica, \u00e9 necess\u00e1rio poder utilizar l\u00e2mpadas e lanternas alimentadas a si pr\u00f3prias para satisfazer as necessidades de repara\u00e7\u00e3o do local.<\/p>\n\n\n\n<div class=\"wp-block-uagb-image uagb-block-ae571b06 wp-block-uagb-image--layout-default wp-block-uagb-image--effect-static wp-block-uagb-image--align-none\"><figure class=\"wp-block-uagb-image__figure\"><img decoding=\"async\" srcset=\"https:\/\/led.amasly.com\/wp-content\/uploads\/2025\/03\/\u56fe\u72472-2.png ,https:\/\/led.amasly.com\/wp-content\/uploads\/2025\/03\/\u56fe\u72472-2.png 780w, https:\/\/led.amasly.com\/wp-content\/uploads\/2025\/03\/\u56fe\u72472-2.png 360w\" sizes=\"auto, (max-width: 480px) 150px\" src=\"https:\/\/led.amasly.com\/wp-content\/uploads\/2025\/03\/\u56fe\u72472-2.png\" alt=\"Outdoor Emergency Lighting Solutions: \" class=\"uag-image-2260\" width=\"759\" height=\"525\" title=\"Solu\u00e7\u00f5es de ilumina\u00e7\u00e3o de emerg\u00eancia para exteriores: \" loading=\"lazy\" role=\"img\"\/><\/figure><\/div>\n\n\n\n<h2 class=\"wp-block-heading\"><strong>Solu\u00e7\u00f5es de ilumina\u00e7\u00e3o de emerg\u00eancia para exteriores<\/strong>: <strong>Carater\u00edsticas de ilumina\u00e7\u00e3o para necessidades de emerg\u00eancia<\/strong><\/h2>\n\n\n\n<p>As nossas solu\u00e7\u00f5es de ilumina\u00e7\u00e3o podem acrescentar valor como um servi\u00e7o auxiliar no seu ambiente de resposta a emerg\u00eancias. Abaixo est\u00e3o algumas das diferentes necessidades de emerg\u00eancia, tais como al\u00edvio social, reassentamento, restaura\u00e7\u00e3o de energia e preserva\u00e7\u00e3o do poder pol\u00edtico. Segue-se uma descri\u00e7\u00e3o pormenorizada das solu\u00e7\u00f5es e vantagens do nosso equipamento de ilumina\u00e7\u00e3o.<\/p>\n\n\n\n<h3 class=\"wp-block-heading\"><strong>Solu\u00e7\u00f5es de ilumina\u00e7\u00e3o de emerg\u00eancia para exteriores<\/strong>: <strong>Resgate social<\/strong><\/h3>\n\n\n\n<p>Enfrentar as dificuldades e os perigos, ousar assumir a responsabilidade. A luz \u00e9 indispens\u00e1vel no salvamento noturno de emerg\u00eancia, \u00e9 dada a miss\u00e3o sagrada, por isso os requisitos de ilumina\u00e7\u00e3o de salvamento de emerg\u00eancia das nossas l\u00e2mpadas e lanternas de alto brilho, f\u00e1cil de transportar, uso cont\u00ednuo de um longo per\u00edodo de tempo para satisfazer as necessidades de diferentes ambientes do local de salvamento.<\/p>\n\n\n\n<h3 class=\"wp-block-heading\"><strong>Solu\u00e7\u00f5es de ilumina\u00e7\u00e3o de emerg\u00eancia para exteriores<\/strong>: <strong>Reinstala\u00e7\u00e3o das v\u00edtimas de cat\u00e1strofes<\/strong><\/h3>\n\n\n\n<p>No local de salvamento, o local de reinstala\u00e7\u00e3o de v\u00edtimas de cat\u00e1strofes deve proporcionar uma \u00e1rea concentrada para as v\u00edtimas viverem, descansarem e comerem, caracterizada por um grande n\u00famero de fluxos de pessoas, a necessidade de um ambiente tranquilo \u00e0 noite, as l\u00e2mpadas e lanternas devem ser brilhantes e alimentadas por bateria, de modo a reduzir os danos causados pelo ru\u00eddo.<\/p>\n\n\n\n<div class=\"wp-block-uagb-image uagb-block-a93357d5 wp-block-uagb-image--layout-default wp-block-uagb-image--effect-static wp-block-uagb-image--align-none\"><figure class=\"wp-block-uagb-image__figure\"><a class=\"\" href=\"https:\/\/led.amasly.com\/pt\/products\/\" target=\"\" rel=\"noopener\"><img decoding=\"async\" srcset=\"https:\/\/led.amasly.com\/wp-content\/uploads\/2025\/03\/\u56fe\u72473-2.png ,https:\/\/led.amasly.com\/wp-content\/uploads\/2025\/03\/\u56fe\u72473-2.png 780w, https:\/\/led.amasly.com\/wp-content\/uploads\/2025\/03\/\u56fe\u72473-2.png 360w\" sizes=\"auto, (max-width: 480px) 150px\" src=\"https:\/\/led.amasly.com\/wp-content\/uploads\/2025\/03\/\u56fe\u72473-2.png\" alt=\"\" class=\"uag-image-2261\" width=\"760\" height=\"462\" title=\"\u56fe\u72473\" loading=\"lazy\" role=\"img\"><\/a><\/figure><\/div>\n\n\n\n<h3 class=\"wp-block-heading\"><strong>Solu\u00e7\u00f5es de ilumina\u00e7\u00e3o de emerg\u00eancia para exteriores<\/strong>: <strong>Restabelecimento da alimenta\u00e7\u00e3o el\u00e9ctrica<\/strong><\/h3>\n\n\n\n<p>Devido \u00e0s cat\u00e1strofes naturais provocadas pela paralisa\u00e7\u00e3o do sistema el\u00e9trico local, no salvamento e reinstala\u00e7\u00e3o das v\u00edtimas, ao mesmo tempo, a necessidade de restaurar imediatamente os danos locais no sistema de energia, a ilumina\u00e7\u00e3o do local precisa de ser de alto brilho, \u00e1rea de irradia\u00e7\u00e3o, e na aus\u00eancia de energia el\u00e9ctrica precisa de ser capaz de usar forma auto-alimentada de l\u00e2mpadas e lanternas, para atender a cena das necessidades de repara\u00e7\u00e3o de emerg\u00eancia.<\/p>\n\n\n\n<h3 class=\"wp-block-heading\"><strong>Solu\u00e7\u00f5es de ilumina\u00e7\u00e3o de emerg\u00eancia para exteriores<\/strong>: <strong>Prote\u00e7\u00e3o de energia para grandes eventos<\/strong><\/h3>\n\n\n\n<p>O poder de eventos importantes refere-se a garantir que reuni\u00f5es importantes, eventos importantes, energia segura e est\u00e1vel, na cena nocturna, a ilumina\u00e7\u00e3o precisa de desempenhar um papel no contra-terrorismo, seguran\u00e7a, precisa de alto brilho, \u00e1rea de irradia\u00e7\u00e3o ampla, de modo a estabilizar a seguran\u00e7a da cena.<\/p>\n\n\n\n<p>Padr\u00e3o: <a href=\"http:\/\/www.iec.com\" rel=\"nofollow noopener\" target=\"_blank\">IEC 60598<\/a><\/p>\n\n\n\n<div class=\"wp-block-uagb-container uagb-block-c7d898dd alignfull uagb-is-root-container\"><div class=\"uagb-container-inner-blocks-wrap\"><\/div><\/div>\n\n\n\n<h2 class=\"wp-block-heading\">Produtos relacionados<\/h2>\n\n\n\n<div class=\"wp-block-uagb-container uagb-block-66e4defc alignfull uagb-is-root-container\"><div class=\"uagb-container-inner-blocks-wrap\">\n<div class=\"wp-block-uagb-container uagb-block-a42945f9\">\n<div class=\"wp-block-uagb-image uagb-block-7296296b wp-block-uagb-image--layout-default wp-block-uagb-image--effect-static wp-block-uagb-image--align-none\"><figure class=\"wp-block-uagb-image__figure\"><a class=\"\" href=\"https:\/\/led.amasly.com\/pt\/products\/\" target=\"\" rel=\"noopener\"><img decoding=\"async\" srcset=\"https:\/\/led.amasly.com\/wp-content\/uploads\/2024\/09\/Explosion-proof-high-bay-lights.png ,https:\/\/led.amasly.com\/wp-content\/uploads\/2024\/09\/Explosion-proof-high-bay-lights.png 780w, https:\/\/led.amasly.com\/wp-content\/uploads\/2024\/09\/Explosion-proof-high-bay-lights.png 360w\" sizes=\"auto, (max-width: 480px) 150px\" src=\"https:\/\/led.amasly.com\/wp-content\/uploads\/2024\/09\/Explosion-proof-high-bay-lights.png\" alt=\"\" class=\"uag-image-1495\" width=\"300\" height=\"300\" title=\"Luzes de ba\u00eda alta \u00e0 prova de explos\u00e3o\" loading=\"lazy\" role=\"img\"><\/a><\/figure><\/div>\n<\/div>\n\n\n\n<div class=\"wp-block-uagb-container uagb-block-4d3efde5\">\n<div class=\"wp-block-uagb-image uagb-block-c9e90797 wp-block-uagb-image--layout-default wp-block-uagb-image--effect-static wp-block-uagb-image--align-none\"><figure class=\"wp-block-uagb-image__figure\"><a class=\"\" href=\"https:\/\/led.amasly.com\/pt\/products\/\" target=\"\" rel=\"noopener\"><img decoding=\"async\" srcset=\"https:\/\/led.amasly.com\/wp-content\/uploads\/2024\/07\/LED-tri-proof-lights2.png ,https:\/\/led.amasly.com\/wp-content\/uploads\/2024\/07\/LED-tri-proof-lights2.png 780w, https:\/\/led.amasly.com\/wp-content\/uploads\/2024\/07\/LED-tri-proof-lights2.png 360w\" sizes=\"auto, (max-width: 480px) 150px\" src=\"https:\/\/led.amasly.com\/wp-content\/uploads\/2024\/07\/LED-tri-proof-lights2.png\" alt=\"\" class=\"uag-image-1132\" width=\"300\" height=\"300\" title=\"Luzes LED \u00e0 prova de tripla prote\u00e7\u00e3o2\" loading=\"lazy\" role=\"img\"><\/a><\/figure><\/div>\n<\/div>\n\n\n\n<div class=\"wp-block-uagb-container uagb-block-11c2578b\">\n<div class=\"wp-block-uagb-image uagb-block-6e8883aa wp-block-uagb-image--layout-default wp-block-uagb-image--effect-static wp-block-uagb-image--align-none\"><figure class=\"wp-block-uagb-image__figure\"><a class=\"\" href=\"https:\/\/led.amasly.com\/pt\/products\/\" target=\"\" rel=\"noopener\"><img decoding=\"async\" srcset=\"https:\/\/led.amasly.com\/wp-content\/uploads\/2024\/09\/LED-Explosion-Proof-Gas-Station-Light.png ,https:\/\/led.amasly.com\/wp-content\/uploads\/2024\/09\/LED-Explosion-Proof-Gas-Station-Light.png 780w, https:\/\/led.amasly.com\/wp-content\/uploads\/2024\/09\/LED-Explosion-Proof-Gas-Station-Light.png 360w\" sizes=\"auto, (max-width: 480px) 150px\" src=\"https:\/\/led.amasly.com\/wp-content\/uploads\/2024\/09\/LED-Explosion-Proof-Gas-Station-Light.png\" alt=\"\" class=\"uag-image-1501\" width=\"300\" height=\"300\" title=\"Luz LED para esta\u00e7\u00e3o de servi\u00e7o \u00e0 prova de explos\u00e3o\" loading=\"lazy\" role=\"img\"><\/a><\/figure><\/div>\n<\/div>\n<\/div><\/div>\n\n\n\n<div class=\"wp-block-uagb-container uagb-block-548945b5 alignfull uagb-is-root-container\"><div class=\"uagb-container-inner-blocks-wrap\">\n<div class=\"wp-block-uagb-container uagb-block-967755d5\">\n<h4 class=\"wp-block-heading has-text-align-center\"><a href=\"https:\/\/led.amasly.com\/pt\/products\/\">Luzes LED \u00e0 prova de explos\u00e3o<\/a><\/h4>\n<\/div>\n\n\n\n<div class=\"wp-block-uagb-container uagb-block-9bc52fc2\">\n<h4 class=\"wp-block-heading has-text-align-center\"><a href=\"https:\/\/led.amasly.com\/pt\/products\/\">Luzes LED Tri-Proof<\/a><\/h4>\n<\/div>\n\n\n\n<div class=\"wp-block-uagb-container uagb-block-8ffa0a23\">\n<h4 class=\"wp-block-heading has-text-align-center\"><a href=\"https:\/\/led.amasly.com\/pt\/products\/\">Luzes para postos de gasolina \u00e0 prova de explos\u00e3o<\/a><\/h4>\n<\/div>\n<\/div><\/div>\n\n\n\n<div class=\"wp-block-uagb-container uagb-block-29499fe0 alignfull uagb-is-root-container\"><div class=\"uagb-container-inner-blocks-wrap\">\n<div class=\"wp-block-uagb-container uagb-block-777ee1c7\">\n<div class=\"wp-block-uagb-image uagb-block-2e9a1851 wp-block-uagb-image--layout-default wp-block-uagb-image--effect-static wp-block-uagb-image--align-none\"><figure class=\"wp-block-uagb-image__figure\"><a class=\"\" href=\"https:\/\/led.amasly.com\/pt\/products\/\" target=\"\" rel=\"noopener\"><img decoding=\"async\" srcset=\"https:\/\/led.amasly.com\/wp-content\/uploads\/2024\/10\/50W-100W-150W-200W-300W-LED-Flood-Light.jpg ,https:\/\/led.amasly.com\/wp-content\/uploads\/2024\/10\/50W-100W-150W-200W-300W-LED-Flood-Light.jpg 780w, https:\/\/led.amasly.com\/wp-content\/uploads\/2024\/10\/50W-100W-150W-200W-300W-LED-Flood-Light.jpg 360w\" sizes=\"auto, (max-width: 480px) 150px\" src=\"https:\/\/led.amasly.com\/wp-content\/uploads\/2024\/10\/50W-100W-150W-200W-300W-LED-Flood-Light.jpg\" alt=\"\" class=\"uag-image-1526\" width=\"300\" height=\"300\" title=\"Holofote LED 50W 100W 150W 200W 300W\" loading=\"lazy\" role=\"img\"><\/a><\/figure><\/div>\n<\/div>\n\n\n\n<div class=\"wp-block-uagb-container uagb-block-af8c8683\">\n<div class=\"wp-block-uagb-image uagb-block-67947854 wp-block-uagb-image--layout-default wp-block-uagb-image--effect-static wp-block-uagb-image--align-none\"><figure class=\"wp-block-uagb-image__figure\"><a class=\"\" href=\"https:\/\/led.amasly.com\/pt\/products\/\" target=\"\" rel=\"noopener\"><img decoding=\"async\" srcset=\"https:\/\/led.amasly.com\/wp-content\/uploads\/2024\/07\/led-tri-proof-light.png ,https:\/\/led.amasly.com\/wp-content\/uploads\/2024\/07\/led-tri-proof-light.png 780w, https:\/\/led.amasly.com\/wp-content\/uploads\/2024\/07\/led-tri-proof-light.png 360w\" sizes=\"auto, (max-width: 480px) 150px\" src=\"https:\/\/led.amasly.com\/wp-content\/uploads\/2024\/07\/led-tri-proof-light.png\" alt=\"\" class=\"uag-image-1130\" width=\"300\" height=\"300\" title=\"luz led-tri-proof\" loading=\"lazy\" role=\"img\"><\/a><\/figure><\/div>\n<\/div>\n\n\n\n<div class=\"wp-block-uagb-container uagb-block-0fdfdd58\">\n<div class=\"wp-block-uagb-image uagb-block-1187d32d wp-block-uagb-image--layout-default wp-block-uagb-image--effect-static wp-block-uagb-image--align-none\"><figure class=\"wp-block-uagb-image__figure\"><a class=\"\" href=\"https:\/\/led.amasly.com\/pt\/products\/\" target=\"\" rel=\"noopener\"><img decoding=\"async\" srcset=\"https:\/\/led.amasly.com\/wp-content\/uploads\/2024\/07\/LED-street-light.jpg ,https:\/\/led.amasly.com\/wp-content\/uploads\/2024\/07\/LED-street-light.jpg 780w, https:\/\/led.amasly.com\/wp-content\/uploads\/2024\/07\/LED-street-light.jpg 360w\" sizes=\"auto, (max-width: 480px) 150px\" src=\"https:\/\/led.amasly.com\/wp-content\/uploads\/2024\/07\/LED-street-light.jpg\" alt=\"\" class=\"uag-image-1145\" width=\"300\" height=\"300\" title=\"Luz de rua LED\" loading=\"lazy\" role=\"img\"><\/a><\/figure><\/div>\n<\/div>\n<\/div><\/div>\n\n\n\n<div class=\"wp-block-uagb-container uagb-block-6a60882c alignfull uagb-is-root-container\"><div class=\"uagb-container-inner-blocks-wrap\">\n<div class=\"wp-block-uagb-container uagb-block-f1e91a35\">\n<h4 class=\"wp-block-heading has-text-align-center\"><a href=\"https:\/\/led.amasly.com\/pt\/products\/\">Luzes de inunda\u00e7\u00e3o LED<\/a><\/h4>\n<\/div>\n\n\n\n<div class=\"wp-block-uagb-container uagb-block-165bfa58\">\n<h4 class=\"wp-block-heading has-text-align-center\"><a href=\"https:\/\/led.amasly.com\/pt\/products\/\">Tubos de luz LED \u00e0 prova de tripla prote\u00e7\u00e3o<\/a><\/h4>\n<\/div>\n\n\n\n<div class=\"wp-block-uagb-container uagb-block-f6096e3b\">\n<h4 class=\"wp-block-heading has-text-align-center\"><a href=\"https:\/\/led.amasly.com\/pt\/products\/\">Luzes de rua LED<\/a><\/h4>\n<\/div>\n<\/div><\/div>\n\n\n\n<div class=\"wp-block-uagb-container uagb-block-99c0e0a5 alignfull uagb-is-root-container\"><div class=\"uagb-container-inner-blocks-wrap\"><\/div><\/div>","protected":false},"excerpt":{"rendered":"<p>Outdoor Emergency Lighting Solutions Outdoor Emergency Lighting Solutions Introduce: Emergency lighting equipment as a power emergency disposal in an essential kind of equipment, the scene of emergency lighting program design, daily emergency lighting equipment skills training, adapt to the environment of emergency lighting equipment research and development are related to the emergency lighting equipment in [&hellip;]<\/p>\n","protected":false},"author":1,"featured_media":0,"parent":1808,"menu_order":0,"comment_status":"closed","ping_status":"closed","template":"","meta":{"_uag_custom_page_level_css":"","site-sidebar-layout":"no-sidebar","site-content-layout":"","ast-site-content-layout":"default","site-content-style":"default","site-sidebar-style":"default","ast-global-header-display":"","ast-banner-title-visibility":"","ast-main-header-display":"","ast-hfb-above-header-display":"","ast-hfb-below-header-display":"","ast-hfb-mobile-header-display":"","site-post-title":"disabled","ast-breadcrumbs-content":"","ast-featured-img":"","footer-sml-layout":"","ast-disable-related-posts":"","theme-transparent-header-meta":"enabled","adv-header-id-meta":"","stick-header-meta":"","header-above-stick-meta":"","header-main-stick-meta":"","header-below-stick-meta":"","astra-migrate-meta-layouts":"set","ast-page-background-enabled":"default","ast-page-background-meta":{"desktop":{"background-color":"var(--ast-global-color-4)","background-image":"","background-repeat":"repeat","background-position":"center center","background-size":"auto","background-attachment":"scroll","background-type":"","background-media":"","overlay-type":"","overlay-color":"","overlay-opacity":"","overlay-gradient":""},"tablet":{"background-color":"","background-image":"","background-repeat":"repeat","background-position":"center center","background-size":"auto","background-attachment":"scroll","background-type":"","background-media":"","overlay-type":"","overlay-color":"","overlay-opacity":"","overlay-gradient":""},"mobile":{"background-color":"","background-image":"","background-repeat":"repeat","background-position":"center center","background-size":"auto","background-attachment":"scroll","background-type":"","background-media":"","overlay-type":"","overlay-color":"","overlay-opacity":"","overlay-gradient":""}},"ast-content-background-meta":{"desktop":{"background-color":"var(--ast-global-color-5)","background-image":"","background-repeat":"repeat","background-position":"center center","background-size":"auto","background-attachment":"scroll","background-type":"","background-media":"","overlay-type":"","overlay-color":"","overlay-opacity":"","overlay-gradient":""},"tablet":{"background-color":"var(--ast-global-color-5)","background-image":"","background-repeat":"repeat","background-position":"center center","background-size":"auto","background-attachment":"scroll","background-type":"","background-media":"","overlay-type":"","overlay-color":"","overlay-opacity":"","overlay-gradient":""},"mobile":{"background-color":"var(--ast-global-color-5)","background-image":"","background-repeat":"repeat","background-position":"center center","background-size":"auto","background-attachment":"scroll","background-type":"","background-media":"","overlay-type":"","overlay-color":"","overlay-opacity":"","overlay-gradient":""}},"footnotes":""},"class_list":["post-2251","page","type-page","status-publish","hentry"],"uagb_featured_image_src":{"full":false,"thumbnail":false,"medium":false,"medium_large":false,"large":false,"1536x1536":false,"2048x2048":false,"trp-custom-language-flag":false},"uagb_author_info":{"display_name":"Joe","author_link":"https:\/\/led.amasly.com\/pt\/author\/jacklin\/"},"uagb_comment_info":0,"uagb_excerpt":"Outdoor Emergency Lighting Solutions Outdoor Emergency Lighting Solutions Introduce: Emergency lighting equipment as a power emergency disposal in an essential kind of equipment, the scene of emergency lighting program design, daily emergency lighting equipment skills training, adapt to the environment of emergency lighting equipment research and development are related to the emergency lighting equipment in&hellip;","_links":{"self":[{"href":"https:\/\/led.amasly.com\/pt\/wp-json\/wp\/v2\/pages\/2251","targetHints":{"allow":["GET"]}}],"collection":[{"href":"https:\/\/led.amasly.com\/pt\/wp-json\/wp\/v2\/pages"}],"about":[{"href":"https:\/\/led.amasly.com\/pt\/wp-json\/wp\/v2\/types\/page"}],"author":[{"embeddable":true,"href":"https:\/\/led.amasly.com\/pt\/wp-json\/wp\/v2\/users\/1"}],"replies":[{"embeddable":true,"href":"https:\/\/led.amasly.com\/pt\/wp-json\/wp\/v2\/comments?post=2251"}],"version-history":[{"count":2,"href":"https:\/\/led.amasly.com\/pt\/wp-json\/wp\/v2\/pages\/2251\/revisions"}],"predecessor-version":[{"id":4580,"href":"https:\/\/led.amasly.com\/pt\/wp-json\/wp\/v2\/pages\/2251\/revisions\/4580"}],"up":[{"embeddable":true,"href":"https:\/\/led.amasly.com\/pt\/wp-json\/wp\/v2\/pages\/1808"}],"wp:attachment":[{"href":"https:\/\/led.amasly.com\/pt\/wp-json\/wp\/v2\/media?parent=2251"}],"curies":[{"name":"wp","href":"https:\/\/api.w.org\/{rel}","templated":true}]}}