{"id":1992,"date":"2025-02-25T20:52:31","date_gmt":"2025-02-25T12:52:31","guid":{"rendered":"https:\/\/led.amasly.com\/?page_id=1992"},"modified":"2026-01-22T13:48:29","modified_gmt":"2026-01-22T05:48:29","slug":"underground-parking-lots-lighting-solution","status":"publish","type":"page","link":"https:\/\/led.amasly.com\/pt\/solutions\/underground-parking-lots-lighting-solution\/","title":{"rendered":"Solu\u00e7\u00e3o de ilumina\u00e7\u00e3o para parques de estacionamento subterr\u00e2neos"},"content":{"rendered":"<div class=\"wp-block-uagb-container uagb-block-27bae773 alignfull uagb-is-root-container\"><div class=\"uagb-container-inner-blocks-wrap\"><\/div><\/div>\n\n\n\n<h1 class=\"wp-block-heading has-text-align-center\">Solu\u00e7\u00e3o de ilumina\u00e7\u00e3o inteligente para parques de estacionamento subterr\u00e2neos<\/h1>\n\n\n\n<p class=\"has-medium-font-size\">No enorme espa\u00e7o de garagem subterr\u00e2neo, face \u00e0s necessidades de ilumina\u00e7\u00e3o de uma grande \u00e1rea durante 24 horas, a forma de assegurar que a garagem est\u00e1 bem iluminada, \u00e9 segura e energeticamente eficiente tornou-se um desafio importante.<\/p>\n\n\n\n<div class=\"wp-block-uagb-image uagb-block-8b506501 wp-block-uagb-image--layout-default wp-block-uagb-image--effect-static wp-block-uagb-image--align-none\"><figure class=\"wp-block-uagb-image__figure\"><img decoding=\"async\" srcset=\"https:\/\/led.amasly.com\/wp-content\/uploads\/2025\/02\/1-1024x631.jpg ,https:\/\/led.amasly.com\/wp-content\/uploads\/2025\/02\/1.jpg 780w, https:\/\/led.amasly.com\/wp-content\/uploads\/2025\/02\/1.jpg 360w\" sizes=\"auto, (max-width: 480px) 150px\" src=\"https:\/\/led.amasly.com\/wp-content\/uploads\/2025\/02\/1-1024x631.jpg\" alt=\"Underground Parking Lots Lighting Solution\" class=\"uag-image-1993\" width=\"1024\" height=\"631\" title=\"Solu\u00e7\u00e3o de ilumina\u00e7\u00e3o para parques de estacionamento subterr\u00e2neos\" loading=\"lazy\" role=\"img\"\/><\/figure><\/div>\n\n\n\n<p class=\"has-medium-font-size\">No mesmo dia, a ilumina\u00e7\u00e3o economizadora de energia, pr\u00f3xima da procura do mercado, concebeu e lan\u00e7ou cuidadosamente quatro solu\u00e7\u00f5es de ilumina\u00e7\u00e3o em s\u00e9rie para caves, concebidas para diferentes dimens\u00f5es e necessidades do ambiente de ilumina\u00e7\u00e3o ideal feito \u00e0 medida das caves, n\u00e3o s\u00f3 para melhorar a experi\u00eancia de estacionamento, mas tamb\u00e9m para conseguir uma dupla poupan\u00e7a de custos e energia.<\/p>\n\n\n\n<h2 class=\"wp-block-heading\">Primeiro, solu\u00e7\u00e3o de ilumina\u00e7\u00e3o para parques de estacionamento subterr\u00e2neos: o esquema de ilumina\u00e7\u00e3o eficiente a tempo inteiro: espa\u00e7o de estacionamento + faixa de rodagem com tubo de luz longo<\/h2>\n\n\n\n<p class=\"has-medium-font-size\">Para a cave que necessita de ilumina\u00e7\u00e3o de longa dura\u00e7\u00e3o e de alto brilho, a utiliza\u00e7\u00e3o de espa\u00e7o de estacionamento + faixa de rodagem de tubo luminoso longo de gama completa \u00e9 mais rent\u00e1vel, e a s\u00e9rie de caves de 5-6w - tubo luminoso longo de efici\u00eancia luminosa ultra-elevada corresponde \u00e0s l\u00e2mpadas economizadoras de energia comuns no mercado de 18w e superiores, que podem atingir um efeito de poupan\u00e7a de energia superior a 65%, assegurando simultaneamente a qualidade da ilumina\u00e7\u00e3o.<\/p>\n\n\n\n<p class=\"has-medium-font-size\">Este programa tem um baixo custo de investimento, f\u00e1cil manuten\u00e7\u00e3o e um ciclo de retorno do investimento de apenas cerca de 5-6 meses.<\/p>\n\n\n\n<h2 class=\"wp-block-heading\">Em segundo lugar, a solu\u00e7\u00e3o de ilumina\u00e7\u00e3o dos parques de estacionamento subterr\u00e2neos: controlo din\u00e2mico inteligente esquema de poupan\u00e7a de energia: espa\u00e7o de estacionamento + faixa de rodagem tubo de radar de gama completa<\/h2>\n\n\n\n<p class=\"has-medium-font-size\">Para a cave que necessita de ilumina\u00e7\u00e3o din\u00e2mica e ilumina\u00e7\u00e3o de acionamento, a utiliza\u00e7\u00e3o de luzes de radar globais de estacionamento + faixa de rodagem pode melhorar ainda mais a taxa de poupan\u00e7a de energia. S\u00e9rie de caves 2-6W - tubo de radar de efici\u00eancia luminosa ultra-elevada, equipado com tecnologia de radar de micro-ondas de indu\u00e7\u00e3o inteligente 5.8G, pode permitir que a luz seja ajustada dinamicamente com o ve\u00edculo, para conseguir que o carro ligue a luz, o carro se afaste da luz ilumina\u00e7\u00e3o inteligente escura, taxa de poupan\u00e7a de energia de at\u00e9 70%.<\/p>\n\n\n\n<div class=\"wp-block-uagb-image uagb-block-bae702f6 wp-block-uagb-image--layout-default wp-block-uagb-image--effect-static wp-block-uagb-image--align-none\"><figure class=\"wp-block-uagb-image__figure\"><a class=\"\" href=\"https:\/\/led.amasly.com\/pt\/\" target=\"\" rel=\"noopener\"><img decoding=\"async\" srcset=\"https:\/\/led.amasly.com\/wp-content\/uploads\/2025\/02\/4-1024x576.gif ,https:\/\/led.amasly.com\/wp-content\/uploads\/2025\/02\/4.gif 780w, https:\/\/led.amasly.com\/wp-content\/uploads\/2025\/02\/4.gif 360w\" sizes=\"auto, (max-width: 480px) 150px\" src=\"https:\/\/led.amasly.com\/wp-content\/uploads\/2025\/02\/4-1024x576.gif\" alt=\"\" class=\"uag-image-1994\" width=\"1280\" height=\"720\" title=\"4\" loading=\"lazy\" role=\"img\"><\/a><\/figure><\/div>\n\n\n\n<p class=\"has-medium-font-size\">Esta solu\u00e7\u00e3o n\u00e3o s\u00f3 equilibra as necessidades de ilumina\u00e7\u00e3o da cave, como tamb\u00e9m reduz muito o consumo de energia. Embora o investimento inicial seja ligeiramente superior, o ciclo de retorno do investimento de 6 a 9 meses demonstra a sua elevada efici\u00eancia.<\/p>\n\n\n\n<h2 class=\"wp-block-heading\">Terceiro, solu\u00e7\u00e3o de ilumina\u00e7\u00e3o para parques de estacionamento subterr\u00e2neos: Esquema de ilumina\u00e7\u00e3o inteligente com IA: espa\u00e7o de estacionamento + faixa de rodagem l\u00e2mpada inteligente com IA<\/h2>\n\n\n\n<p class=\"has-medium-font-size\">Para a cave, onde n\u00e3o \u00e9 necess\u00e1rio que o brilho global da ilumina\u00e7\u00e3o seja elevado e a taxa de acionamento seja relativamente baixa, a ilumina\u00e7\u00e3o inteligente da cave pode ser melhorada utilizando l\u00e2mpadas inteligentes AI para lugares de estacionamento + faixas. S\u00e9rie cave - L\u00e2mpada de IA de efici\u00eancia luminosa ultra-alta com gama de ajuste de brilho de 0-18W, a cave pode ser segmentada e com partilha de tempo para uma gest\u00e3o fina, para conseguir uma ilumina\u00e7\u00e3o a pedido, mostrando plenamente a sabedoria da ilumina\u00e7\u00e3o.<\/p>\n\n\n\n<div class=\"wp-block-uagb-image uagb-block-e809ecd8 wp-block-uagb-image--layout-default wp-block-uagb-image--effect-static wp-block-uagb-image--align-none\"><figure class=\"wp-block-uagb-image__figure\"><img decoding=\"async\" srcset=\"https:\/\/led.amasly.com\/wp-content\/uploads\/2025\/02\/2-1024x576.jpg ,https:\/\/led.amasly.com\/wp-content\/uploads\/2025\/02\/2.jpg 780w, https:\/\/led.amasly.com\/wp-content\/uploads\/2025\/02\/2.jpg 360w\" sizes=\"auto, (max-width: 480px) 150px\" src=\"https:\/\/led.amasly.com\/wp-content\/uploads\/2025\/02\/2-1024x576.jpg\" alt=\"\" class=\"uag-image-1995\" width=\"1440\" height=\"810\" title=\"2\" loading=\"lazy\" role=\"img\"><\/figure><\/div>\n\n\n\n<p class=\"has-medium-font-size\">A taxa de poupan\u00e7a de energia deste programa depende do n\u00edvel da taxa de ativa\u00e7\u00e3o, embora o investimento inicial seja elevado, mas a experi\u00eancia de ilumina\u00e7\u00e3o inteligente e o ciclo de retorno do investimento de 8-9 meses provam sem d\u00favida o seu valor de investimento a longo prazo.<\/p>\n\n\n\n<h2 class=\"wp-block-heading\">Quarto, ilumina\u00e7\u00e3o de parques de estacionamento subterr\u00e2neos Solu\u00e7\u00e3o: esquema de equil\u00edbrio do consumo de luz: tubo de radar de estacionamento + tubo luminoso longo da faixa de rodagem<\/h2>\n\n\n\n<p class=\"has-medium-font-size\">Para a cave com determinados requisitos de efici\u00eancia luminosa, poupan\u00e7a de energia e or\u00e7amento, a solu\u00e7\u00e3o de tubo de radar de espa\u00e7o de estacionamento + tubo luminoso longo de faixa de rodagem \u00e9 uma escolha sensata. Todos os lugares de estacionamento s\u00e3o instalados com a s\u00e9rie de caves - luzes de radar de efici\u00eancia luminosa ultra-alta, o carro abre o modo de brilho alto de 6w, o carro salta automaticamente para o modo de brilho baixo de 2w, ilumina\u00e7\u00e3o din\u00e2mica e poupan\u00e7a de energia. Todas as faixas de rodagem s\u00e3o instaladas com a s\u00e9rie de caves - tubos luminosos longos de efici\u00eancia luminosa ultra-alta, os tubos luminosos longos de 5-6w podem tornar as faixas de rodagem sempre luminosas, melhorar a seguran\u00e7a e a comodidade do estacionamento.<\/p>\n\n\n\n<div class=\"wp-block-uagb-image uagb-block-92918285 wp-block-uagb-image--layout-default wp-block-uagb-image--effect-static wp-block-uagb-image--align-none\"><figure class=\"wp-block-uagb-image__figure\"><img decoding=\"async\" srcset=\"https:\/\/led.amasly.com\/wp-content\/uploads\/2025\/02\/3.jpg ,https:\/\/led.amasly.com\/wp-content\/uploads\/2025\/02\/3.jpg 780w, https:\/\/led.amasly.com\/wp-content\/uploads\/2025\/02\/3.jpg 360w\" sizes=\"auto, (max-width: 480px) 150px\" src=\"https:\/\/led.amasly.com\/wp-content\/uploads\/2025\/02\/3.jpg\" alt=\"\" class=\"uag-image-1996\" width=\"660\" height=\"495\" title=\"3\" loading=\"lazy\" role=\"img\"><\/figure><\/div>\n\n\n\n<p class=\"has-medium-font-size\">Este programa \u00e9 rent\u00e1vel, de modo que a transforma\u00e7\u00e3o da ilumina\u00e7\u00e3o da cave \u201calto brilho + baixo consumo de energia + baixo investimento\u201d se torna uma realidade, a taxa de poupan\u00e7a de energia abrangente pode atingir cerca de 70%, o per\u00edodo de retorno do investimento \u00e9 controlado em 6-9 meses, adequado para todos os tipos de cenas de cave.<\/p>\n\n\n\n<p class=\"has-medium-font-size\">Embora a renova\u00e7\u00e3o da ilumina\u00e7\u00e3o economizadora de energia da cave exija um certo investimento inicial, a longo prazo, as quatro principais solu\u00e7\u00f5es de ilumina\u00e7\u00e3o economizadora de energia da cave no mesmo dia podem reduzir significativamente os custos operacionais, recuperar rapidamente o investimento e trazer prote\u00e7\u00e3o ambiental duradoura e benef\u00edcios econ\u00f3micos para a cave.<\/p>\n\n\n\n<p class=\"has-medium-font-size\">Escolha a s\u00e9rie de ilumina\u00e7\u00e3o economizadora de energia do mesmo dia, abra uma nova era de ilumina\u00e7\u00e3o inteligente, economizadora de energia e eficiente da cave e crie um futuro de desenvolvimento sustent\u00e1vel da gest\u00e3o de propriedades.<\/p>\n\n\n\n<p>Padr\u00e3o: <a href=\"http:\/\/www.iec.com\" rel=\"nofollow noopener\" target=\"_blank\">IEC 60598<\/a><\/p>\n\n\n\n<div class=\"wp-block-uagb-container uagb-block-c7d898dd alignfull uagb-is-root-container\"><div class=\"uagb-container-inner-blocks-wrap\"><\/div><\/div>\n\n\n\n<h2 class=\"wp-block-heading\">Produtos relacionados<\/h2>\n\n\n\n<div class=\"wp-block-uagb-container uagb-block-66e4defc alignfull uagb-is-root-container\"><div class=\"uagb-container-inner-blocks-wrap\">\n<div class=\"wp-block-uagb-container uagb-block-a42945f9\">\n<div class=\"wp-block-uagb-image uagb-block-7296296b wp-block-uagb-image--layout-default wp-block-uagb-image--effect-static wp-block-uagb-image--align-none\"><figure class=\"wp-block-uagb-image__figure\"><a class=\"\" href=\"https:\/\/led.amasly.com\/pt\/products\/\" target=\"\" rel=\"noopener\"><img decoding=\"async\" srcset=\"https:\/\/led.amasly.com\/wp-content\/uploads\/2024\/09\/Explosion-proof-high-bay-lights.png ,https:\/\/led.amasly.com\/wp-content\/uploads\/2024\/09\/Explosion-proof-high-bay-lights.png 780w, https:\/\/led.amasly.com\/wp-content\/uploads\/2024\/09\/Explosion-proof-high-bay-lights.png 360w\" sizes=\"auto, (max-width: 480px) 150px\" src=\"https:\/\/led.amasly.com\/wp-content\/uploads\/2024\/09\/Explosion-proof-high-bay-lights.png\" alt=\"\" class=\"uag-image-1495\" width=\"300\" height=\"300\" title=\"Luzes de ba\u00eda alta \u00e0 prova de explos\u00e3o\" loading=\"lazy\" role=\"img\"><\/a><\/figure><\/div>\n<\/div>\n\n\n\n<div class=\"wp-block-uagb-container uagb-block-4d3efde5\">\n<div class=\"wp-block-uagb-image uagb-block-c9e90797 wp-block-uagb-image--layout-default wp-block-uagb-image--effect-static wp-block-uagb-image--align-none\"><figure class=\"wp-block-uagb-image__figure\"><a class=\"\" href=\"https:\/\/led.amasly.com\/pt\/products\/\" target=\"\" rel=\"noopener\"><img decoding=\"async\" srcset=\"https:\/\/led.amasly.com\/wp-content\/uploads\/2024\/07\/LED-tri-proof-lights2.png ,https:\/\/led.amasly.com\/wp-content\/uploads\/2024\/07\/LED-tri-proof-lights2.png 780w, https:\/\/led.amasly.com\/wp-content\/uploads\/2024\/07\/LED-tri-proof-lights2.png 360w\" sizes=\"auto, (max-width: 480px) 150px\" src=\"https:\/\/led.amasly.com\/wp-content\/uploads\/2024\/07\/LED-tri-proof-lights2.png\" alt=\"\" class=\"uag-image-1132\" width=\"300\" height=\"300\" title=\"Luzes LED \u00e0 prova de tripla prote\u00e7\u00e3o2\" loading=\"lazy\" role=\"img\"><\/a><\/figure><\/div>\n<\/div>\n\n\n\n<div class=\"wp-block-uagb-container uagb-block-11c2578b\">\n<div class=\"wp-block-uagb-image uagb-block-6e8883aa wp-block-uagb-image--layout-default wp-block-uagb-image--effect-static wp-block-uagb-image--align-none\"><figure class=\"wp-block-uagb-image__figure\"><a class=\"\" href=\"https:\/\/led.amasly.com\/pt\/products\/\" target=\"\" rel=\"noopener\"><img decoding=\"async\" srcset=\"https:\/\/led.amasly.com\/wp-content\/uploads\/2024\/09\/LED-Explosion-Proof-Gas-Station-Light.png ,https:\/\/led.amasly.com\/wp-content\/uploads\/2024\/09\/LED-Explosion-Proof-Gas-Station-Light.png 780w, https:\/\/led.amasly.com\/wp-content\/uploads\/2024\/09\/LED-Explosion-Proof-Gas-Station-Light.png 360w\" sizes=\"auto, (max-width: 480px) 150px\" src=\"https:\/\/led.amasly.com\/wp-content\/uploads\/2024\/09\/LED-Explosion-Proof-Gas-Station-Light.png\" alt=\"\" class=\"uag-image-1501\" width=\"300\" height=\"300\" title=\"Luz LED para esta\u00e7\u00e3o de servi\u00e7o \u00e0 prova de explos\u00e3o\" loading=\"lazy\" role=\"img\"><\/a><\/figure><\/div>\n<\/div>\n<\/div><\/div>\n\n\n\n<div class=\"wp-block-uagb-container uagb-block-548945b5 alignfull uagb-is-root-container\"><div class=\"uagb-container-inner-blocks-wrap\">\n<div class=\"wp-block-uagb-container uagb-block-967755d5\">\n<h4 class=\"wp-block-heading has-text-align-center\"><a href=\"https:\/\/led.amasly.com\/pt\/products\/\">Luzes LED \u00e0 prova de explos\u00e3o<\/a><\/h4>\n<\/div>\n\n\n\n<div class=\"wp-block-uagb-container uagb-block-9bc52fc2\">\n<h4 class=\"wp-block-heading has-text-align-center\"><a href=\"https:\/\/led.amasly.com\/pt\/products\/\">Luzes LED Tri-Proof<\/a><\/h4>\n<\/div>\n\n\n\n<div class=\"wp-block-uagb-container uagb-block-8ffa0a23\">\n<h4 class=\"wp-block-heading has-text-align-center\"><a href=\"https:\/\/led.amasly.com\/pt\/products\/\">Luzes para postos de gasolina \u00e0 prova de explos\u00e3o<\/a><\/h4>\n<\/div>\n<\/div><\/div>\n\n\n\n<div class=\"wp-block-uagb-container uagb-block-29499fe0 alignfull uagb-is-root-container\"><div class=\"uagb-container-inner-blocks-wrap\">\n<div class=\"wp-block-uagb-container uagb-block-777ee1c7\">\n<div class=\"wp-block-uagb-image uagb-block-2e9a1851 wp-block-uagb-image--layout-default wp-block-uagb-image--effect-static wp-block-uagb-image--align-none\"><figure class=\"wp-block-uagb-image__figure\"><a class=\"\" href=\"https:\/\/led.amasly.com\/pt\/products\/\" target=\"\" rel=\"noopener\"><img decoding=\"async\" srcset=\"https:\/\/led.amasly.com\/wp-content\/uploads\/2024\/10\/50W-100W-150W-200W-300W-LED-Flood-Light.jpg ,https:\/\/led.amasly.com\/wp-content\/uploads\/2024\/10\/50W-100W-150W-200W-300W-LED-Flood-Light.jpg 780w, https:\/\/led.amasly.com\/wp-content\/uploads\/2024\/10\/50W-100W-150W-200W-300W-LED-Flood-Light.jpg 360w\" sizes=\"auto, (max-width: 480px) 150px\" src=\"https:\/\/led.amasly.com\/wp-content\/uploads\/2024\/10\/50W-100W-150W-200W-300W-LED-Flood-Light.jpg\" alt=\"\" class=\"uag-image-1526\" width=\"300\" height=\"300\" title=\"Holofote LED 50W 100W 150W 200W 300W\" loading=\"lazy\" role=\"img\"><\/a><\/figure><\/div>\n<\/div>\n\n\n\n<div class=\"wp-block-uagb-container uagb-block-af8c8683\">\n<div class=\"wp-block-uagb-image uagb-block-67947854 wp-block-uagb-image--layout-default wp-block-uagb-image--effect-static wp-block-uagb-image--align-none\"><figure class=\"wp-block-uagb-image__figure\"><a class=\"\" href=\"https:\/\/led.amasly.com\/pt\/products\/\" target=\"\" rel=\"noopener\"><img decoding=\"async\" srcset=\"https:\/\/led.amasly.com\/wp-content\/uploads\/2024\/07\/led-tri-proof-light.png ,https:\/\/led.amasly.com\/wp-content\/uploads\/2024\/07\/led-tri-proof-light.png 780w, https:\/\/led.amasly.com\/wp-content\/uploads\/2024\/07\/led-tri-proof-light.png 360w\" sizes=\"auto, (max-width: 480px) 150px\" src=\"https:\/\/led.amasly.com\/wp-content\/uploads\/2024\/07\/led-tri-proof-light.png\" alt=\"\" class=\"uag-image-1130\" width=\"300\" height=\"300\" title=\"luz led-tri-proof\" loading=\"lazy\" role=\"img\"><\/a><\/figure><\/div>\n<\/div>\n\n\n\n<div class=\"wp-block-uagb-container uagb-block-0fdfdd58\">\n<div class=\"wp-block-uagb-image uagb-block-1187d32d wp-block-uagb-image--layout-default wp-block-uagb-image--effect-static wp-block-uagb-image--align-none\"><figure class=\"wp-block-uagb-image__figure\"><a class=\"\" href=\"https:\/\/led.amasly.com\/pt\/products\/\" target=\"\" rel=\"noopener\"><img decoding=\"async\" srcset=\"https:\/\/led.amasly.com\/wp-content\/uploads\/2024\/07\/LED-street-light.jpg ,https:\/\/led.amasly.com\/wp-content\/uploads\/2024\/07\/LED-street-light.jpg 780w, https:\/\/led.amasly.com\/wp-content\/uploads\/2024\/07\/LED-street-light.jpg 360w\" sizes=\"auto, (max-width: 480px) 150px\" src=\"https:\/\/led.amasly.com\/wp-content\/uploads\/2024\/07\/LED-street-light.jpg\" alt=\"\" class=\"uag-image-1145\" width=\"300\" height=\"300\" title=\"Luz de rua LED\" loading=\"lazy\" role=\"img\"><\/a><\/figure><\/div>\n<\/div>\n<\/div><\/div>\n\n\n\n<div class=\"wp-block-uagb-container uagb-block-6a60882c alignfull uagb-is-root-container\"><div class=\"uagb-container-inner-blocks-wrap\">\n<div class=\"wp-block-uagb-container uagb-block-f1e91a35\">\n<h4 class=\"wp-block-heading has-text-align-center\"><a href=\"https:\/\/led.amasly.com\/pt\/products\/\">Luzes de inunda\u00e7\u00e3o LED<\/a><\/h4>\n<\/div>\n\n\n\n<div class=\"wp-block-uagb-container uagb-block-165bfa58\">\n<h4 class=\"wp-block-heading has-text-align-center\"><a href=\"https:\/\/led.amasly.com\/pt\/products\/\">Tubos de luz LED \u00e0 prova de tripla prote\u00e7\u00e3o<\/a><\/h4>\n<\/div>\n\n\n\n<div class=\"wp-block-uagb-container uagb-block-f6096e3b\">\n<h4 class=\"wp-block-heading has-text-align-center\"><a href=\"https:\/\/led.amasly.com\/pt\/products\/\">Luzes de rua LED<\/a><\/h4>\n<\/div>\n<\/div><\/div>\n\n\n\n<div class=\"wp-block-uagb-container uagb-block-99c0e0a5 alignfull uagb-is-root-container\"><div class=\"uagb-container-inner-blocks-wrap\"><\/div><\/div>\n\n\n\n<p><\/p>","protected":false},"excerpt":{"rendered":"<p>Intelligent Underground Parking Lots Lighting Solution In the huge underground garage space, facing the lighting needs of a large area of 24 hours, how to ensure that the garage is well-lit, safe and energy-efficient at the same time has become an important challenge. The same day energy-saving lighting close to the market demand, carefully designed [&hellip;]<\/p>\n","protected":false},"author":1,"featured_media":0,"parent":1808,"menu_order":0,"comment_status":"closed","ping_status":"closed","template":"","meta":{"_uag_custom_page_level_css":"","site-sidebar-layout":"no-sidebar","site-content-layout":"","ast-site-content-layout":"default","site-content-style":"default","site-sidebar-style":"default","ast-global-header-display":"","ast-banner-title-visibility":"","ast-main-header-display":"","ast-hfb-above-header-display":"","ast-hfb-below-header-display":"","ast-hfb-mobile-header-display":"","site-post-title":"disabled","ast-breadcrumbs-content":"","ast-featured-img":"","footer-sml-layout":"","ast-disable-related-posts":"","theme-transparent-header-meta":"enabled","adv-header-id-meta":"","stick-header-meta":"","header-above-stick-meta":"","header-main-stick-meta":"","header-below-stick-meta":"","astra-migrate-meta-layouts":"set","ast-page-background-enabled":"default","ast-page-background-meta":{"desktop":{"background-color":"var(--ast-global-color-4)","background-image":"","background-repeat":"repeat","background-position":"center center","background-size":"auto","background-attachment":"scroll","background-type":"","background-media":"","overlay-type":"","overlay-color":"","overlay-opacity":"","overlay-gradient":""},"tablet":{"background-color":"","background-image":"","background-repeat":"repeat","background-position":"center center","background-size":"auto","background-attachment":"scroll","background-type":"","background-media":"","overlay-type":"","overlay-color":"","overlay-opacity":"","overlay-gradient":""},"mobile":{"background-color":"","background-image":"","background-repeat":"repeat","background-position":"center center","background-size":"auto","background-attachment":"scroll","background-type":"","background-media":"","overlay-type":"","overlay-color":"","overlay-opacity":"","overlay-gradient":""}},"ast-content-background-meta":{"desktop":{"background-color":"var(--ast-global-color-5)","background-image":"","background-repeat":"repeat","background-position":"center center","background-size":"auto","background-attachment":"scroll","background-type":"","background-media":"","overlay-type":"","overlay-color":"","overlay-opacity":"","overlay-gradient":""},"tablet":{"background-color":"var(--ast-global-color-5)","background-image":"","background-repeat":"repeat","background-position":"center center","background-size":"auto","background-attachment":"scroll","background-type":"","background-media":"","overlay-type":"","overlay-color":"","overlay-opacity":"","overlay-gradient":""},"mobile":{"background-color":"var(--ast-global-color-5)","background-image":"","background-repeat":"repeat","background-position":"center center","background-size":"auto","background-attachment":"scroll","background-type":"","background-media":"","overlay-type":"","overlay-color":"","overlay-opacity":"","overlay-gradient":""}},"footnotes":""},"class_list":["post-1992","page","type-page","status-publish","hentry"],"uagb_featured_image_src":{"full":false,"thumbnail":false,"medium":false,"medium_large":false,"large":false,"1536x1536":false,"2048x2048":false,"trp-custom-language-flag":false},"uagb_author_info":{"display_name":"Joe","author_link":"https:\/\/led.amasly.com\/pt\/author\/jacklin\/"},"uagb_comment_info":0,"uagb_excerpt":"Intelligent Underground Parking Lots Lighting Solution In the huge underground garage space, facing the lighting needs of a large area of 24 hours, how to ensure that the garage is well-lit, safe and energy-efficient at the same time has become an important challenge. The same day energy-saving lighting close to the market demand, carefully designed&hellip;","_links":{"self":[{"href":"https:\/\/led.amasly.com\/pt\/wp-json\/wp\/v2\/pages\/1992","targetHints":{"allow":["GET"]}}],"collection":[{"href":"https:\/\/led.amasly.com\/pt\/wp-json\/wp\/v2\/pages"}],"about":[{"href":"https:\/\/led.amasly.com\/pt\/wp-json\/wp\/v2\/types\/page"}],"author":[{"embeddable":true,"href":"https:\/\/led.amasly.com\/pt\/wp-json\/wp\/v2\/users\/1"}],"replies":[{"embeddable":true,"href":"https:\/\/led.amasly.com\/pt\/wp-json\/wp\/v2\/comments?post=1992"}],"version-history":[{"count":3,"href":"https:\/\/led.amasly.com\/pt\/wp-json\/wp\/v2\/pages\/1992\/revisions"}],"predecessor-version":[{"id":4594,"href":"https:\/\/led.amasly.com\/pt\/wp-json\/wp\/v2\/pages\/1992\/revisions\/4594"}],"up":[{"embeddable":true,"href":"https:\/\/led.amasly.com\/pt\/wp-json\/wp\/v2\/pages\/1808"}],"wp:attachment":[{"href":"https:\/\/led.amasly.com\/pt\/wp-json\/wp\/v2\/media?parent=1992"}],"curies":[{"name":"wp","href":"https:\/\/api.w.org\/{rel}","templated":true}]}}