{"id":1840,"date":"2025-02-16T08:44:30","date_gmt":"2025-02-16T00:44:30","guid":{"rendered":"https:\/\/led.amasly.com\/?page_id=1840"},"modified":"2026-01-22T11:41:25","modified_gmt":"2026-01-22T03:41:25","slug":"gas-station-lighting-solution","status":"publish","type":"page","link":"https:\/\/led.amasly.com\/pt\/solutions\/gas-station-lighting-solution\/","title":{"rendered":"Solu\u00e7\u00e3o de ilumina\u00e7\u00e3o para postos de gasolina"},"content":{"rendered":"<div class=\"wp-block-uagb-container uagb-block-27bae773 alignfull uagb-is-root-container\"><div class=\"uagb-container-inner-blocks-wrap\"><\/div><\/div>\n\n\n\n<h1 class=\"wp-block-heading has-text-align-center\">Solu\u00e7\u00e3o de ilumina\u00e7\u00e3o para postos de gasolina<\/h1>\n\n\n\n<h2 class=\"wp-block-heading\">Solu\u00e7\u00e3o de ilumina\u00e7\u00e3o para postos de gasolina Introduzir:<\/h2>\n\n\n\n<p class=\"has-medium-font-size\">Com o ajustamento cont\u00ednuo da estrutura estrat\u00e9gica da energia e os esfor\u00e7os crescentes em mat\u00e9ria de energia limpa e com baixas emiss\u00f5es de carbono e outros factores, os gigantes da energia tradicional da China National Petroleum Corporation aceleraram a implanta\u00e7\u00e3o e o ajustamento do sistema de abastecimento de energia n\u00e3o petrol\u00edfera e contar\u00e3o com as suas pr\u00f3prias vantagens em termos de recursos para formar um sistema diversificado de abastecimento de energia que integre a gasolina tradicional, o gas\u00f3leo, o combust\u00edvel para ve\u00edculos \u00e0 base de \u00e1lcool, o biodiesel e as pilhas de carga. A apar\u00eancia geral tamb\u00e9m est\u00e1 \u00e0 procura de uma nova atualiza\u00e7\u00e3o.<\/p>\n\n\n\n<div class=\"wp-block-uagb-image uagb-block-6d9ee0c1 wp-block-uagb-image--layout-default wp-block-uagb-image--effect-static wp-block-uagb-image--align-none\"><figure class=\"wp-block-uagb-image__figure\"><img decoding=\"async\" srcset=\"https:\/\/led.amasly.com\/wp-content\/uploads\/2025\/02\/China-National-Petroleum-Corporation.jpg ,https:\/\/led.amasly.com\/wp-content\/uploads\/2025\/02\/China-National-Petroleum-Corporation.jpg 780w, https:\/\/led.amasly.com\/wp-content\/uploads\/2025\/02\/China-National-Petroleum-Corporation.jpg 360w\" sizes=\"auto, (max-width: 480px) 150px\" src=\"https:\/\/led.amasly.com\/wp-content\/uploads\/2025\/02\/China-National-Petroleum-Corporation.jpg\" alt=\"Gas Station Lighting Solution\" class=\"uag-image-1843\" width=\"917\" height=\"530\" title=\"Corpora\u00e7\u00e3o Nacional do Petr\u00f3leo da China\" loading=\"lazy\" role=\"img\"\/><\/figure><\/div>\n\n\n\n<p class=\"has-medium-font-size\">Mas atualmente, muitas esta\u00e7\u00f5es de servi\u00e7o ainda t\u00eam muitos problemas, e a transforma\u00e7\u00e3o da ilumina\u00e7\u00e3o antiga tornou-se urgente: 1. a atmosfera \u00e9 \u201csombra misteriosa\u201d, e n\u00e3o h\u00e1 qualquer efeito de ilumina\u00e7\u00e3o, o que aumenta a dificuldade do trabalho dos funcion\u00e1rios; 2. o log\u00f3tipo tornou-se uma decora\u00e7\u00e3o, n\u00e3o \u00e9 claro, e o reconhecimento da marca n\u00e3o \u00e9 elevado; 3. A ilumina\u00e7\u00e3o n\u00e3o est\u00e1 dividida, a loja de conveni\u00eancia \u00e9 confundida com a \u00e1rea de reabastecimento e a orienta\u00e7\u00e3o do cliente \u00e9 fraca; 4. a utiliza\u00e7\u00e3o e instala\u00e7\u00e3o de l\u00e2mpadas n\u00e3o s\u00e3o padronizadas e existem riscos de seguran\u00e7a; 5. n\u00e3o \u00e9 poupan\u00e7a de energia e prote\u00e7\u00e3o ambiental, est\u00e1 sempre ligada \u00e0 noite e carece de um controlo eficaz dos custos de ilumina\u00e7\u00e3o e de meios de monitoriza\u00e7\u00e3o da seguran\u00e7a. 6. A marca utilizada pelas l\u00e2mpadas \u00e9 confusa, a garantia p\u00f3s-venda n\u00e3o pode ser garantida e os custos de constru\u00e7\u00e3o e manuten\u00e7\u00e3o da renova\u00e7\u00e3o s\u00e3o elevados.<\/p>\n\n\n\n<div class=\"wp-block-uagb-image uagb-block-81e9d32c wp-block-uagb-image--layout-default wp-block-uagb-image--effect-static wp-block-uagb-image--align-none\"><figure class=\"wp-block-uagb-image__figure\"><img decoding=\"async\" srcset=\"https:\/\/led.amasly.com\/wp-content\/uploads\/2025\/02\/gas-station-1024x1024.png ,https:\/\/led.amasly.com\/wp-content\/uploads\/2025\/02\/gas-station.png 780w, https:\/\/led.amasly.com\/wp-content\/uploads\/2025\/02\/gas-station.png 360w\" sizes=\"auto, (max-width: 480px) 150px\" src=\"https:\/\/led.amasly.com\/wp-content\/uploads\/2025\/02\/gas-station-1024x1024.png\" alt=\"\" class=\"uag-image-1844\" width=\"1200\" height=\"1200\" title=\"esta\u00e7\u00e3o de servi\u00e7o\" loading=\"lazy\" role=\"img\"><\/figure><\/div>\n\n\n\n<p class=\"has-medium-font-size\">Em resposta aos problemas comuns acima referidos, o sistema de ilumina\u00e7\u00e3o inteligente utiliza as carater\u00edsticas de baixo consumo de energia e elevada ilumina\u00e7\u00e3o da fonte de luz LED e, atrav\u00e9s de um controlo inteligente, reduz o consumo de energia secund\u00e1ria das esta\u00e7\u00f5es de servi\u00e7o, reduz os custos de funcionamento, poupa energia e reduz as emiss\u00f5es, protege o ambiente de forma ecol\u00f3gica.<\/p>\n\n\n\n<p class=\"has-medium-font-size\">Um bom ambiente de ilumina\u00e7\u00e3o nas esta\u00e7\u00f5es de servi\u00e7o criar\u00e1 pistas psicol\u00f3gicas positivas para os clientes, proporcionando-lhes uma experi\u00eancia de consumo segura e garantida. Neste projeto, foram realizados principalmente quatro aspectos de melhoria da ilumina\u00e7\u00e3o.<\/p>\n\n\n\n<h3 class=\"wp-block-heading\">Aplica\u00e7\u00e3o de solu\u00e7\u00f5es de ilumina\u00e7\u00e3o para esta\u00e7\u00f5es de servi\u00e7o<\/h3>\n\n\n\n<div class=\"wp-block-uagb-image uagb-block-f354a516 wp-block-uagb-image--layout-default wp-block-uagb-image--effect-static wp-block-uagb-image--align-none\"><figure class=\"wp-block-uagb-image__figure\"><img decoding=\"async\" srcset=\"https:\/\/led.amasly.com\/wp-content\/uploads\/2025\/02\/11-1024x287.jpg ,https:\/\/led.amasly.com\/wp-content\/uploads\/2025\/02\/11.jpg 780w, https:\/\/led.amasly.com\/wp-content\/uploads\/2025\/02\/11.jpg 360w\" sizes=\"auto, (max-width: 480px) 150px\" src=\"https:\/\/led.amasly.com\/wp-content\/uploads\/2025\/02\/11-1024x287.jpg\" alt=\"\" class=\"uag-image-1847\" width=\"1216\" height=\"341\" title=\"11\" loading=\"lazy\" role=\"img\"><\/figure><\/div>\n\n\n\n<h3 class=\"wp-block-heading\">Solu\u00e7\u00e3o de ilumina\u00e7\u00e3o para postos de gasolina Aplica\u00e7\u00e3o de ilumina\u00e7\u00e3o para lojas de conveni\u00eancia<\/h3>\n\n\n\n<div class=\"wp-block-uagb-image uagb-block-2a25457a wp-block-uagb-image--layout-default wp-block-uagb-image--effect-static wp-block-uagb-image--align-none\"><figure class=\"wp-block-uagb-image__figure\"><img decoding=\"async\" srcset=\"https:\/\/led.amasly.com\/wp-content\/uploads\/2025\/02\/22-1024x324.jpg ,https:\/\/led.amasly.com\/wp-content\/uploads\/2025\/02\/22.jpg 780w, https:\/\/led.amasly.com\/wp-content\/uploads\/2025\/02\/22.jpg 360w\" sizes=\"auto, (max-width: 480px) 150px\" src=\"https:\/\/led.amasly.com\/wp-content\/uploads\/2025\/02\/22-1024x324.jpg\" alt=\"\" class=\"uag-image-1848\" width=\"1112\" height=\"352\" title=\"22\" loading=\"lazy\" role=\"img\"><\/figure><\/div>\n\n\n\n<h3 class=\"wp-block-heading\">Solu\u00e7\u00e3o de ilumina\u00e7\u00e3o para postos de gasolina aplica\u00e7\u00e3o de ilumina\u00e7\u00e3o de sinais de imagem<\/h3>\n\n\n\n<p>1. Vantagens do equipamento: <\/p>\n\n\n\n<p>\u2460 Com forte capacidade de carga, um \u00fanico controlador \u00e9 um n\u00f3 de controlo, pode transportar uma carga de 3200W; <\/p>\n\n\n\n<p>\u2461 Modo de comunica\u00e7\u00e3o de rede 4G, estabilidade do sinal, sinal de telem\u00f3vel pode satisfazer os requisitos de comunica\u00e7\u00e3o; <\/p>\n\n\n\n<p>\u2462 A fun\u00e7\u00e3o de escurecimento temporizado e o sensor de complemento de luz funcionam em conjunto para poupar eletricidade ao m\u00e1ximo e reduzir o consumo de energia; <\/p>\n\n\n\n<p>2. Vantagens do controlo: <\/p>\n\n\n\n<p>Controlo de temporiza\u00e7\u00e3o (noite) + Controlo do sensor (dia) <\/p>\n\n\n\n<p>Diurno (07:00-18:00) Modo de sensor: <\/p>\n\n\n\n<p>Quando a luz exterior muda, o sensor ajusta automaticamente a luminosidade para garantir uma intensidade de luz constante; <\/p>\n\n\n\n<p>Noite (18:00-07:00 do dia seguinte) Modo de temporiza\u00e7\u00e3o: <\/p>\n\n\n\n<p>08:00-18:00, modo de temporiza\u00e7\u00e3o, luminosidade mantida 100%, <\/p>\n\n\n\n<p>18:00-00:00, modo de temporiza\u00e7\u00e3o, luminosidade mantida 50%, <\/p>\n\n\n\n<p>00:00-07:00, modo de temporiza\u00e7\u00e3o, brilho mantido 30%;<\/p>\n\n\n\n<div class=\"wp-block-uagb-image uagb-block-b12c5bc5 wp-block-uagb-image--layout-default wp-block-uagb-image--effect-static wp-block-uagb-image--align-none\"><figure class=\"wp-block-uagb-image__figure\"><img decoding=\"async\" srcset=\"https:\/\/led.amasly.com\/wp-content\/uploads\/2025\/02\/3.png ,https:\/\/led.amasly.com\/wp-content\/uploads\/2025\/02\/3.png 780w, https:\/\/led.amasly.com\/wp-content\/uploads\/2025\/02\/3.png 360w\" sizes=\"auto, (max-width: 480px) 150px\" src=\"https:\/\/led.amasly.com\/wp-content\/uploads\/2025\/02\/3.png\" alt=\"\" class=\"uag-image-1845\" width=\"589\" height=\"276\" title=\"3\" loading=\"lazy\" role=\"img\"><\/figure><\/div>\n\n\n\n<div class=\"wp-block-uagb-image uagb-block-3747e0f9 wp-block-uagb-image--layout-default wp-block-uagb-image--effect-static wp-block-uagb-image--align-none\"><figure class=\"wp-block-uagb-image__figure\"><img decoding=\"async\" srcset=\"https:\/\/led.amasly.com\/wp-content\/uploads\/2025\/02\/4.png ,https:\/\/led.amasly.com\/wp-content\/uploads\/2025\/02\/4.png 780w, https:\/\/led.amasly.com\/wp-content\/uploads\/2025\/02\/4.png 360w\" sizes=\"auto, (max-width: 480px) 150px\" src=\"https:\/\/led.amasly.com\/wp-content\/uploads\/2025\/02\/4.png\" alt=\"\" class=\"uag-image-1846\" width=\"593\" height=\"286\" title=\"4\" loading=\"lazy\" role=\"img\"><\/figure><\/div>\n\n\n\n<h3 class=\"wp-block-heading\">Solu\u00e7\u00e3o de ilumina\u00e7\u00e3o para esta\u00e7\u00f5es de servi\u00e7o aplica\u00e7\u00f5es de ilumina\u00e7\u00e3o auxiliar e ilumina\u00e7\u00e3o exterior<\/h3>\n\n\n\n<p class=\"has-medium-font-size\">A utiliza\u00e7\u00e3o da luz como meio de transmiss\u00e3o de informa\u00e7\u00e3o \u00e9 a import\u00e2ncia da ilumina\u00e7\u00e3o auxiliar e da ilumina\u00e7\u00e3o exterior. O aumento da visibilidade, a redu\u00e7\u00e3o de cantos escuros, pode dar \u00e0s pessoas uma sensa\u00e7\u00e3o de seguran\u00e7a. As \u00e1reas de estacionamento exteriores s\u00f3 precisam de ser iluminadas \u00e0 noite e a escolha de fontes de luz energeticamente eficientes pode reduzir significativamente os custos de energia.<\/p>\n\n\n\n<div class=\"wp-block-uagb-image uagb-block-afde70e0 wp-block-uagb-image--layout-default wp-block-uagb-image--effect-static wp-block-uagb-image--align-none\"><figure class=\"wp-block-uagb-image__figure\"><img decoding=\"async\" srcset=\"https:\/\/led.amasly.com\/wp-content\/uploads\/2025\/02\/efd2b95be6925e709053e0370375b89b_v2-fe5c2510245f0812c166e9358e4e3c0d_1440w-1024x575.jpg ,https:\/\/led.amasly.com\/wp-content\/uploads\/2025\/02\/efd2b95be6925e709053e0370375b89b_v2-fe5c2510245f0812c166e9358e4e3c0d_1440w.jpg 780w, https:\/\/led.amasly.com\/wp-content\/uploads\/2025\/02\/efd2b95be6925e709053e0370375b89b_v2-fe5c2510245f0812c166e9358e4e3c0d_1440w.jpg 360w\" sizes=\"auto, (max-width: 480px) 150px\" src=\"https:\/\/led.amasly.com\/wp-content\/uploads\/2025\/02\/efd2b95be6925e709053e0370375b89b_v2-fe5c2510245f0812c166e9358e4e3c0d_1440w-1024x575.jpg\" alt=\"\" class=\"uag-image-1849\" width=\"1276\" height=\"717\" title=\"efd2b95be6925e709053e0370375b89b_v2-fe5c2510245f0812c166e9358e4e3c0d_1440w\" loading=\"lazy\" role=\"img\"><\/figure><\/div>\n\n\n\n<p class=\"has-medium-font-size\">Uma vez que a esta\u00e7\u00e3o de servi\u00e7o \u00e9 um local perigoso, inflam\u00e1vel e explosivo, o sistema de controlo inteligente tamb\u00e9m define a fun\u00e7\u00e3o de alarme de avaria, opta por utilizar uma variedade de sensores, efectua c\u00e1lculos em tempo real dos dados relativos ao ambiente do local, obt\u00e9m um valor exato e define a classifica\u00e7\u00e3o do sensor. Quando os dados em tempo real medidos pelo sensor atingem um determinado valor, o sistema transmite SMS, correio eletr\u00f3nico e outras formas de aviso pr\u00e9vio ao utilizador. A fim de permitir que o gestor da esta\u00e7\u00e3o de servi\u00e7o encontre a avaria a tempo, para evitar perdas patrimoniais e mesmo pessoais.<\/p>\n\n\n\n<p class=\"has-medium-font-size\">Sistema de controlo inteligente, para que a ilumina\u00e7\u00e3o da esta\u00e7\u00e3o de servi\u00e7o atinja a ci\u00eancia e a tecnologia, inteligente, enquanto forma um efeito de ilumina\u00e7\u00e3o rico, para proporcionar aos clientes a melhor experi\u00eancia de reabastecimento, criar uma atmosfera mais comercial! Ao mesmo tempo, n\u00e3o se trata apenas de postos de gasolina, mas tamb\u00e9m de \u201cadicionar esta\u00e7\u00f5es de energia\u201d para a nova tend\u00eancia no futuro.<\/p>\n\n\n\n<p>Padr\u00e3o: <a href=\"http:\/\/www.iec.com\" rel=\"nofollow noopener\" target=\"_blank\">IEC 60598 IEC60079<\/a><\/p>\n\n\n\n<div class=\"wp-block-uagb-container uagb-block-c7d898dd alignfull uagb-is-root-container\"><div class=\"uagb-container-inner-blocks-wrap\"><\/div><\/div>\n\n\n\n<h2 class=\"wp-block-heading\">Produtos relacionados<\/h2>\n\n\n\n<div class=\"wp-block-uagb-container uagb-block-66e4defc alignfull uagb-is-root-container\"><div class=\"uagb-container-inner-blocks-wrap\">\n<div class=\"wp-block-uagb-container uagb-block-a42945f9\">\n<div class=\"wp-block-uagb-image uagb-block-7296296b wp-block-uagb-image--layout-default wp-block-uagb-image--effect-static wp-block-uagb-image--align-none\"><figure class=\"wp-block-uagb-image__figure\"><a class=\"\" href=\"https:\/\/led.amasly.com\/pt\/products\/\" target=\"\" rel=\"noopener\"><img decoding=\"async\" srcset=\"https:\/\/led.amasly.com\/wp-content\/uploads\/2024\/09\/Explosion-proof-high-bay-lights.png ,https:\/\/led.amasly.com\/wp-content\/uploads\/2024\/09\/Explosion-proof-high-bay-lights.png 780w, https:\/\/led.amasly.com\/wp-content\/uploads\/2024\/09\/Explosion-proof-high-bay-lights.png 360w\" sizes=\"auto, (max-width: 480px) 150px\" src=\"https:\/\/led.amasly.com\/wp-content\/uploads\/2024\/09\/Explosion-proof-high-bay-lights.png\" alt=\"\" class=\"uag-image-1495\" width=\"300\" height=\"300\" title=\"Luzes de ba\u00eda alta \u00e0 prova de explos\u00e3o\" loading=\"lazy\" role=\"img\"><\/a><\/figure><\/div>\n<\/div>\n\n\n\n<div class=\"wp-block-uagb-container uagb-block-4d3efde5\">\n<div class=\"wp-block-uagb-image uagb-block-c9e90797 wp-block-uagb-image--layout-default wp-block-uagb-image--effect-static wp-block-uagb-image--align-none\"><figure class=\"wp-block-uagb-image__figure\"><a class=\"\" href=\"https:\/\/led.amasly.com\/pt\/products\/\" target=\"\" rel=\"noopener\"><img decoding=\"async\" srcset=\"https:\/\/led.amasly.com\/wp-content\/uploads\/2024\/07\/LED-tri-proof-lights2.png ,https:\/\/led.amasly.com\/wp-content\/uploads\/2024\/07\/LED-tri-proof-lights2.png 780w, https:\/\/led.amasly.com\/wp-content\/uploads\/2024\/07\/LED-tri-proof-lights2.png 360w\" sizes=\"auto, (max-width: 480px) 150px\" src=\"https:\/\/led.amasly.com\/wp-content\/uploads\/2024\/07\/LED-tri-proof-lights2.png\" alt=\"\" class=\"uag-image-1132\" width=\"300\" height=\"300\" title=\"Luzes LED \u00e0 prova de tripla prote\u00e7\u00e3o2\" loading=\"lazy\" role=\"img\"><\/a><\/figure><\/div>\n<\/div>\n\n\n\n<div class=\"wp-block-uagb-container uagb-block-11c2578b\">\n<div class=\"wp-block-uagb-image uagb-block-6e8883aa wp-block-uagb-image--layout-default wp-block-uagb-image--effect-static wp-block-uagb-image--align-none\"><figure class=\"wp-block-uagb-image__figure\"><a class=\"\" href=\"https:\/\/led.amasly.com\/pt\/products\/\" target=\"\" rel=\"noopener\"><img decoding=\"async\" srcset=\"https:\/\/led.amasly.com\/wp-content\/uploads\/2024\/09\/LED-Explosion-Proof-Gas-Station-Light.png ,https:\/\/led.amasly.com\/wp-content\/uploads\/2024\/09\/LED-Explosion-Proof-Gas-Station-Light.png 780w, https:\/\/led.amasly.com\/wp-content\/uploads\/2024\/09\/LED-Explosion-Proof-Gas-Station-Light.png 360w\" sizes=\"auto, (max-width: 480px) 150px\" src=\"https:\/\/led.amasly.com\/wp-content\/uploads\/2024\/09\/LED-Explosion-Proof-Gas-Station-Light.png\" alt=\"\" class=\"uag-image-1501\" width=\"300\" height=\"300\" title=\"Luz LED para esta\u00e7\u00e3o de servi\u00e7o \u00e0 prova de explos\u00e3o\" loading=\"lazy\" role=\"img\"><\/a><\/figure><\/div>\n<\/div>\n<\/div><\/div>\n\n\n\n<div class=\"wp-block-uagb-container uagb-block-548945b5 alignfull uagb-is-root-container\"><div class=\"uagb-container-inner-blocks-wrap\">\n<div class=\"wp-block-uagb-container uagb-block-967755d5\">\n<h4 class=\"wp-block-heading has-text-align-center\"><a href=\"https:\/\/led.amasly.com\/pt\/products\/\">Luzes LED \u00e0 prova de explos\u00e3o<\/a><\/h4>\n<\/div>\n\n\n\n<div class=\"wp-block-uagb-container uagb-block-9bc52fc2\">\n<h4 class=\"wp-block-heading has-text-align-center\"><a href=\"https:\/\/led.amasly.com\/pt\/products\/\">Luzes LED Tri-Proof<\/a><\/h4>\n<\/div>\n\n\n\n<div class=\"wp-block-uagb-container uagb-block-8ffa0a23\">\n<h4 class=\"wp-block-heading has-text-align-center\"><a href=\"https:\/\/led.amasly.com\/pt\/products\/\">Luzes para postos de gasolina \u00e0 prova de explos\u00e3o<\/a><\/h4>\n<\/div>\n<\/div><\/div>\n\n\n\n<div class=\"wp-block-uagb-container uagb-block-29499fe0 alignfull uagb-is-root-container\"><div class=\"uagb-container-inner-blocks-wrap\">\n<div class=\"wp-block-uagb-container uagb-block-777ee1c7\">\n<div class=\"wp-block-uagb-image uagb-block-2e9a1851 wp-block-uagb-image--layout-default wp-block-uagb-image--effect-static wp-block-uagb-image--align-none\"><figure class=\"wp-block-uagb-image__figure\"><a class=\"\" href=\"https:\/\/led.amasly.com\/pt\/products\/\" target=\"\" rel=\"noopener\"><img decoding=\"async\" srcset=\"https:\/\/led.amasly.com\/wp-content\/uploads\/2024\/10\/50W-100W-150W-200W-300W-LED-Flood-Light.jpg ,https:\/\/led.amasly.com\/wp-content\/uploads\/2024\/10\/50W-100W-150W-200W-300W-LED-Flood-Light.jpg 780w, https:\/\/led.amasly.com\/wp-content\/uploads\/2024\/10\/50W-100W-150W-200W-300W-LED-Flood-Light.jpg 360w\" sizes=\"auto, (max-width: 480px) 150px\" src=\"https:\/\/led.amasly.com\/wp-content\/uploads\/2024\/10\/50W-100W-150W-200W-300W-LED-Flood-Light.jpg\" alt=\"\" class=\"uag-image-1526\" width=\"300\" height=\"300\" title=\"Holofote LED 50W 100W 150W 200W 300W\" loading=\"lazy\" role=\"img\"><\/a><\/figure><\/div>\n<\/div>\n\n\n\n<div class=\"wp-block-uagb-container uagb-block-af8c8683\">\n<div class=\"wp-block-uagb-image uagb-block-67947854 wp-block-uagb-image--layout-default wp-block-uagb-image--effect-static wp-block-uagb-image--align-none\"><figure class=\"wp-block-uagb-image__figure\"><a class=\"\" href=\"https:\/\/led.amasly.com\/pt\/products\/\" target=\"\" rel=\"noopener\"><img decoding=\"async\" srcset=\"https:\/\/led.amasly.com\/wp-content\/uploads\/2024\/07\/led-tri-proof-light.png ,https:\/\/led.amasly.com\/wp-content\/uploads\/2024\/07\/led-tri-proof-light.png 780w, https:\/\/led.amasly.com\/wp-content\/uploads\/2024\/07\/led-tri-proof-light.png 360w\" sizes=\"auto, (max-width: 480px) 150px\" src=\"https:\/\/led.amasly.com\/wp-content\/uploads\/2024\/07\/led-tri-proof-light.png\" alt=\"\" class=\"uag-image-1130\" width=\"300\" height=\"300\" title=\"luz led-tri-proof\" loading=\"lazy\" role=\"img\"><\/a><\/figure><\/div>\n<\/div>\n\n\n\n<div class=\"wp-block-uagb-container uagb-block-0fdfdd58\">\n<div class=\"wp-block-uagb-image uagb-block-1187d32d wp-block-uagb-image--layout-default wp-block-uagb-image--effect-static wp-block-uagb-image--align-none\"><figure class=\"wp-block-uagb-image__figure\"><a class=\"\" href=\"https:\/\/led.amasly.com\/pt\/products\/\" target=\"\" rel=\"noopener\"><img decoding=\"async\" srcset=\"https:\/\/led.amasly.com\/wp-content\/uploads\/2024\/07\/LED-street-light.jpg ,https:\/\/led.amasly.com\/wp-content\/uploads\/2024\/07\/LED-street-light.jpg 780w, https:\/\/led.amasly.com\/wp-content\/uploads\/2024\/07\/LED-street-light.jpg 360w\" sizes=\"auto, (max-width: 480px) 150px\" src=\"https:\/\/led.amasly.com\/wp-content\/uploads\/2024\/07\/LED-street-light.jpg\" alt=\"\" class=\"uag-image-1145\" width=\"300\" height=\"300\" title=\"Luz de rua LED\" loading=\"lazy\" role=\"img\"><\/a><\/figure><\/div>\n<\/div>\n<\/div><\/div>\n\n\n\n<div class=\"wp-block-uagb-container uagb-block-6a60882c alignfull uagb-is-root-container\"><div class=\"uagb-container-inner-blocks-wrap\">\n<div class=\"wp-block-uagb-container uagb-block-f1e91a35\">\n<h4 class=\"wp-block-heading has-text-align-center\"><a href=\"https:\/\/led.amasly.com\/pt\/products\/\">Luzes de inunda\u00e7\u00e3o LED<\/a><\/h4>\n<\/div>\n\n\n\n<div class=\"wp-block-uagb-container uagb-block-165bfa58\">\n<h4 class=\"wp-block-heading has-text-align-center\"><a href=\"https:\/\/led.amasly.com\/pt\/products\/\">Tubos de luz LED \u00e0 prova de tripla prote\u00e7\u00e3o<\/a><\/h4>\n<\/div>\n\n\n\n<div class=\"wp-block-uagb-container uagb-block-f6096e3b\">\n<h4 class=\"wp-block-heading has-text-align-center\"><a href=\"https:\/\/led.amasly.com\/pt\/products\/\">Luzes de rua LED<\/a><\/h4>\n<\/div>\n<\/div><\/div>\n\n\n\n<p><\/p>","protected":false},"excerpt":{"rendered":"<p>Gas Station Lighting Solution Gas Station Lighting Solution Introduce: With the continuous adjustment of the strategic structure of energy and the increasing efforts of clean and low-carbon energy and other factors, China National Petroleum Corporation traditional energy giants have accelerated the deployment and adjustment of non-oil energy supply system, and will rely on their own [&hellip;]<\/p>\n","protected":false},"author":1,"featured_media":0,"parent":1808,"menu_order":0,"comment_status":"closed","ping_status":"closed","template":"","meta":{"_uag_custom_page_level_css":"","site-sidebar-layout":"no-sidebar","site-content-layout":"","ast-site-content-layout":"default","site-content-style":"default","site-sidebar-style":"default","ast-global-header-display":"","ast-banner-title-visibility":"","ast-main-header-display":"","ast-hfb-above-header-display":"","ast-hfb-below-header-display":"","ast-hfb-mobile-header-display":"","site-post-title":"disabled","ast-breadcrumbs-content":"","ast-featured-img":"","footer-sml-layout":"","ast-disable-related-posts":"","theme-transparent-header-meta":"enabled","adv-header-id-meta":"","stick-header-meta":"","header-above-stick-meta":"","header-main-stick-meta":"","header-below-stick-meta":"","astra-migrate-meta-layouts":"set","ast-page-background-enabled":"default","ast-page-background-meta":{"desktop":{"background-color":"var(--ast-global-color-4)","background-image":"","background-repeat":"repeat","background-position":"center center","background-size":"auto","background-attachment":"scroll","background-type":"","background-media":"","overlay-type":"","overlay-color":"","overlay-opacity":"","overlay-gradient":""},"tablet":{"background-color":"","background-image":"","background-repeat":"repeat","background-position":"center center","background-size":"auto","background-attachment":"scroll","background-type":"","background-media":"","overlay-type":"","overlay-color":"","overlay-opacity":"","overlay-gradient":""},"mobile":{"background-color":"","background-image":"","background-repeat":"repeat","background-position":"center center","background-size":"auto","background-attachment":"scroll","background-type":"","background-media":"","overlay-type":"","overlay-color":"","overlay-opacity":"","overlay-gradient":""}},"ast-content-background-meta":{"desktop":{"background-color":"var(--ast-global-color-5)","background-image":"","background-repeat":"repeat","background-position":"center center","background-size":"auto","background-attachment":"scroll","background-type":"","background-media":"","overlay-type":"","overlay-color":"","overlay-opacity":"","overlay-gradient":""},"tablet":{"background-color":"var(--ast-global-color-5)","background-image":"","background-repeat":"repeat","background-position":"center center","background-size":"auto","background-attachment":"scroll","background-type":"","background-media":"","overlay-type":"","overlay-color":"","overlay-opacity":"","overlay-gradient":""},"mobile":{"background-color":"var(--ast-global-color-5)","background-image":"","background-repeat":"repeat","background-position":"center center","background-size":"auto","background-attachment":"scroll","background-type":"","background-media":"","overlay-type":"","overlay-color":"","overlay-opacity":"","overlay-gradient":""}},"footnotes":""},"class_list":["post-1840","page","type-page","status-publish","hentry"],"uagb_featured_image_src":{"full":false,"thumbnail":false,"medium":false,"medium_large":false,"large":false,"1536x1536":false,"2048x2048":false,"trp-custom-language-flag":false},"uagb_author_info":{"display_name":"Joe","author_link":"https:\/\/led.amasly.com\/pt\/author\/jacklin\/"},"uagb_comment_info":0,"uagb_excerpt":"Gas Station Lighting Solution Gas Station Lighting Solution Introduce: With the continuous adjustment of the strategic structure of energy and the increasing efforts of clean and low-carbon energy and other factors, China National Petroleum Corporation traditional energy giants have accelerated the deployment and adjustment of non-oil energy supply system, and will rely on their own&hellip;","_links":{"self":[{"href":"https:\/\/led.amasly.com\/pt\/wp-json\/wp\/v2\/pages\/1840","targetHints":{"allow":["GET"]}}],"collection":[{"href":"https:\/\/led.amasly.com\/pt\/wp-json\/wp\/v2\/pages"}],"about":[{"href":"https:\/\/led.amasly.com\/pt\/wp-json\/wp\/v2\/types\/page"}],"author":[{"embeddable":true,"href":"https:\/\/led.amasly.com\/pt\/wp-json\/wp\/v2\/users\/1"}],"replies":[{"embeddable":true,"href":"https:\/\/led.amasly.com\/pt\/wp-json\/wp\/v2\/comments?post=1840"}],"version-history":[{"count":6,"href":"https:\/\/led.amasly.com\/pt\/wp-json\/wp\/v2\/pages\/1840\/revisions"}],"predecessor-version":[{"id":4566,"href":"https:\/\/led.amasly.com\/pt\/wp-json\/wp\/v2\/pages\/1840\/revisions\/4566"}],"up":[{"embeddable":true,"href":"https:\/\/led.amasly.com\/pt\/wp-json\/wp\/v2\/pages\/1808"}],"wp:attachment":[{"href":"https:\/\/led.amasly.com\/pt\/wp-json\/wp\/v2\/media?parent=1840"}],"curies":[{"name":"wp","href":"https:\/\/api.w.org\/{rel}","templated":true}]}}