{"id":1231,"date":"2024-07-16T20:54:58","date_gmt":"2024-07-16T12:54:58","guid":{"rendered":"https:\/\/led.amasly.com\/?page_id=1231"},"modified":"2026-01-18T10:05:02","modified_gmt":"2026-01-18T02:05:02","slug":"bay","status":"publish","type":"page","link":"https:\/\/led.amasly.com\/pt\/products\/explosion-proof-lights\/bay\/","title":{"rendered":"L\u00e2mpadas fluorescentes \u00e0 prova de explos\u00e3o"},"content":{"rendered":"<h2 class=\"wp-block-heading\"><\/h2>\n\n\n\n<p><\/p>\n\n\n\n<h2 class=\"wp-block-heading\"><\/h2>\n\n\n\n<h2 class=\"wp-block-heading\"><\/h2>\n\n\n\n<p><\/p>\n\n\n\n<div class=\"wp-block-uagb-container uagb-block-e407eb08 alignfull uagb-is-root-container\"><div class=\"uagb-container-inner-blocks-wrap\">\n<div class=\"wp-block-uagb-info-box uagb-block-7c0a134c uagb-infobox__content-wrap  uagb-infobox-icon-above-title uagb-infobox-image-valign-top wp-block-uagb-info-box--has-margin\"><div class=\"uagb-infobox-margin-wrapper\"><div class=\"uagb-ifb-content\"><div class=\"uagb-ifb-title-wrap\"><\/div><\/div><\/div><\/div>\n<\/div><\/div>\n\n\n\n<p><\/p>\n\n\n\n<p><\/p>\n\n\n\n<h2 class=\"wp-block-heading\"><\/h2>\n\n\n\n<h1 class=\"wp-block-heading has-text-align-center\">Luzes tubulares \u00e0 prova de explos\u00e3o\/ Luzes fluorescentes \u00e0 prova de explos\u00e3o Orienta\u00e7\u00e3o<\/h1>\n\n\n\n<div class=\"wp-block-uagb-container uagb-block-5d28ec94 default uagb-is-root-container\">\n<div class=\"wp-block-uagb-container uagb-block-462981e6\">\n<div class=\"wp-block-uagb-container uagb-block-6f08c8e4 alignfull uagb-is-root-container\"><div class=\"uagb-container-inner-blocks-wrap\">\n<div class=\"wp-block-uagb-container uagb-block-b229cb92\">\n<h3 class=\"wp-block-heading\">Conte\u00fado<\/h3>\n\n\n\n<div class=\"wp-block-buttons is-layout-flex wp-container-core-buttons-is-layout-45b20515 wp-block-buttons-is-layout-flex\">\n<div class=\"wp-block-button\"><a class=\"wp-block-button__link wp-element-button\" href=\"https:\/\/led.amasly.com\/pt\/products\/explosion-proof-lights\/\">Luzes \u00e0 prova de explos\u00e3o<\/a><\/div>\n\n\n\n<div class=\"wp-block-button is-style-fill\"><a class=\"wp-block-button__link wp-element-button\" href=\"https:\/\/led.amasly.com\/pt\/products\/ex-proof-electrical-appliance\/\">Aparelho el\u00e9trico \u00e0 prova de explos\u00e3o<\/a><\/div>\n\n\n\n<div class=\"wp-block-button\"><a class=\"wp-block-button__link wp-element-button\" href=\"https:\/\/led.amasly.com\/pt\/products\/led-tri-proof-light-2\/\">Luz LED \u00e0 prova de trope\u00e7\u00f5es<\/a><\/div>\n\n\n\n<div class=\"wp-block-button\"><a class=\"wp-block-button__link wp-element-button\" href=\"https:\/\/led.amasly.com\/pt\/products\/led-high-bay-light\/\">Luz LED de alto brilho<\/a><\/div>\n\n\n\n<div class=\"wp-block-button\"><a class=\"wp-block-button__link wp-element-button\" href=\"https:\/\/led.amasly.com\/pt\/products\/led-flood-lights\/\">Holofote LED<\/a><\/div>\n\n\n\n<div class=\"wp-block-button\"><a class=\"wp-block-button__link wp-element-button\" href=\"https:\/\/led.amasly.com\/pt\/products\/led-street-lights\/\">Luz de rua LED<\/a><\/div>\n\n\n\n<div class=\"wp-block-button\"><a class=\"wp-block-button__link wp-element-button\" href=\"https:\/\/led.amasly.com\/pt\/products\/solar-lights\/\">Luz solar LED<\/a><\/div>\n<\/div>\n\n\n\n<h4 class=\"wp-block-heading\"><\/h4>\n\n\n\n<h4 class=\"wp-block-heading\">Contacto<\/h4>\n\n\n\n<ul class=\"wp-block-list\">\n<li>Correio eletr\u00f3nico: sales01@amasly.com<strong> <\/strong>      <\/li>\n\n\n\n<li>Telem\u00f3vel:<strong> <\/strong>+86 13732643699                   <\/li>\n<\/ul>\n<\/div>\n\n\n\n<div class=\"wp-block-columns is-layout-flex wp-container-core-columns-is-layout-28f84493 wp-block-columns-is-layout-flex\">\n<div class=\"wp-block-column is-layout-flow wp-block-column-is-layout-flow\" style=\"flex-basis:100%\">\n<div class=\"wp-block-uagb-container uagb-block-064256a4\">\n<div class=\"wp-block-columns is-layout-flex wp-container-core-columns-is-layout-28f84493 wp-block-columns-is-layout-flex\">\n<div class=\"wp-block-column is-layout-flow wp-block-column-is-layout-flow\" style=\"flex-basis:100%\">\n<div class=\"wp-block-columns is-layout-flex wp-container-core-columns-is-layout-28f84493 wp-block-columns-is-layout-flex\">\n<div class=\"wp-block-column is-layout-flow wp-block-column-is-layout-flow\">\n<div class=\"wp-block-uagb-image uagb-block-f7623661 wp-block-uagb-image--layout-default wp-block-uagb-image--effect-static wp-block-uagb-image--align-none\"><figure class=\"wp-block-uagb-image__figure\"><img decoding=\"async\" srcset=\"https:\/\/led.amasly.com\/wp-content\/uploads\/2024\/07\/Explosion-proof-linear-fluorescence-lights.png ,https:\/\/led.amasly.com\/wp-content\/uploads\/2024\/07\/Explosion-proof-linear-fluorescence-lights.png 780w, https:\/\/led.amasly.com\/wp-content\/uploads\/2024\/07\/Explosion-proof-linear-fluorescence-lights.png 360w\" sizes=\"auto, (max-width: 480px) 150px\" src=\"https:\/\/led.amasly.com\/wp-content\/uploads\/2024\/07\/Explosion-proof-linear-fluorescence-lights.png\" alt=\"\" class=\"uag-image-1122\" width=\"300\" height=\"300\" title=\"Luzes de fluoresc\u00eancia linear \u00e0 prova de explos\u00e3o\" loading=\"lazy\" role=\"img\"><\/figure><\/div>\n<\/div>\n\n\n\n<div class=\"wp-block-column is-layout-flow wp-block-column-is-layout-flow\">\n<p>Aplica\u00e7\u00e3o<\/p>\n\n\n\n<p>1. amplamente utilizado em minas de petr\u00f3leo, refina\u00e7\u00e3o de petr\u00f3leo, qu\u00edmica, militar e outros locais ambientais perigosos da f\u00e1brica e ilumina\u00e7\u00e3o de estradas<\/p>\n\n\n\n<p>2. Adequado para ambientes costeiros, fluviais e outros ambientes de press\u00e3o e velocidade do vento;<\/p>\n\n\n\n<p>3. Adequado para milhares de ambientes de g\u00e1s explosivo da zona 1, zona 2;<\/p>\n\n\n\n<p>4. Adequado para milhares de ambientes de poeira combust\u00edvel 21 zonas, 22 zonas;<\/p>\n\n\n\n<p>5. Adequado para ambientes de g\u00e1s explosivo IIA, IIB, IIC. Classe I, Divis\u00e3o 2, Grupos A, B, C, D.<\/p>\n<\/div>\n<\/div>\n<\/div>\n<\/div>\n\n\n\n<div class=\"wp-block-uagb-container uagb-block-201e76d4\">\n<h2 class=\"wp-block-heading\">Par\u00e2metros:<\/h2>\n\n\n\n<figure class=\"wp-block-table\"><table><tbody><tr><td>Moel<\/td><td>Pot\u00eancia<\/td><td>Marca Ex<\/td><td>Taxa IP<\/td><td>Efici\u00eancia luminosa<\/td><td>Tens\u00e3o<\/td><td>CCT<\/td><td>PF<\/td><\/tr><tr><td>BA\u00cdA<\/td><td>1*9W 1*18W 1*36W <br>2*9W 2*18W 2*36W<\/td><td>Ex d IIC T6<\/td><td>IP66<\/td><td>120lm\/w<\/td><td>Ac85-265V<\/td><td>3000K-6500K<\/td><td>&gt;0.97<\/td><\/tr><\/tbody><\/table><\/figure>\n\n\n\n<h2 class=\"wp-block-heading\">Norma de execu\u00e7\u00e3o<\/h2>\n\n\n\n<p>L\u00e2mpadas fluorescentes \u00e0 prova de explos\u00e3o Norma de execu\u00e7\u00e3o: <a href=\"http:\/\/www.iecex-certs.com\/\" rel=\"nofollow noopener\" target=\"_blank\">EN60079-0, EN 60079-1, EN60079-28, EN 60079-31, IEC60079-0, IEC60079-1, IEC 60079-28, IEC 60079-31<\/a><\/p>\n\n\n\n<h2 class=\"wp-block-heading\">Carater\u00edsticas:<\/h2>\n\n\n\n<p>A caixa \u00e9 formada por fundi\u00e7\u00e3o de SMC, caracterizada por alta resist\u00eancia, resist\u00eancia ao impacto, anticorros\u00e3o; O abajur \u00e9 formado por inje\u00e7\u00e3o de policarbonato, com caracteres de alta transmit\u00e2ncia e forte resist\u00eancia ao impacto.<\/p>\n\n\n\n<p>A l\u00e2mpada adopta uma estrutura selada curva, com desempenhos de forte impermeabilidade e \u00e0 prova de poeira.<\/p>\n\n\n\n<p>Built-in explos\u00e3o-proofballast \u00e9 especialmente feito por n\u00f3s, seu fator de pot\u00eancia \u00e9 cso 0,85.<\/p>\n\n\n\n<p>Quando o produto \u00e9 ligado, o interrutor de isolamento incorporado pode cortar a energia automaticamente, \u00fatil para melhorar o desempenho de seguran\u00e7a do produto.<\/p>\n\n\n\n<p><br>O dispositivo de emerg\u00eancia pode ser equipado a pedido dos utilizadores, quando a fonte de alimenta\u00e7\u00e3o de emerg\u00eancia \u00e9 interrompida, a l\u00e2mpada passa automaticamente para o estado de ilumina\u00e7\u00e3o de emerg\u00eancia.<\/p>\n\n\n\n<p>Cablagem de tubos ou de cabos<\/p>\n\n\n\n<h2 class=\"wp-block-heading\">Fonte de ilumina\u00e7\u00e3o:<\/h2>\n\n\n\n<p>As fontes de ilumina\u00e7\u00e3o fluorescente \u00e0 prova de explos\u00e3o incluem principalmente tubos fluorescentes e tubos LED (tubos T5 e T8)<\/p>\n\n\n\n<h2 class=\"wp-block-heading\">Luzes fluorescentes \u00e0 prova de explos\u00e3o Materiais:<\/h2>\n\n\n\n<p>Casco moldado por inje\u00e7\u00e3o em material de liga de policarbonato, abajur moldado por inje\u00e7\u00e3o em material de policarbonato<\/p>\n\n\n\n<h2 class=\"wp-block-heading\">Luzes fluorescentes \u00e0 prova de explos\u00e3o Emerg\u00eancia:<\/h2>\n\n\n\n<p>As l\u00e2mpadas fluorescentes \u00e0 prova de explos\u00e3o podem ser equipadas com baterias de l\u00edtio incorporadas para alimenta\u00e7\u00e3o de emerg\u00eancia. A dura\u00e7\u00e3o da emerg\u00eancia pode ser de 90 minutos, 120 minutos ou 180 minutos.<\/p>\n\n\n\n<h2 class=\"wp-block-heading\">Aplica\u00e7\u00e3o:<\/h2>\n\n\n\n<p>\u00c9 amplamente utilizado em ambientes perigosos, como a extra\u00e7\u00e3o de petr\u00f3leo, a refina\u00e7\u00e3o de petr\u00f3leo, a produ\u00e7\u00e3o qu\u00edmica, a ind\u00fastria militar, etc., para fins de ilumina\u00e7\u00e3o nestes cen\u00e1rios de trabalho e opera\u00e7\u00e3o.<\/p>\n\n\n\n<h2 class=\"wp-block-heading\">Tamanhos de l\u00e2mpadas fluorescentes \u00e0 prova de explos\u00e3o<\/h2>\n\n\n\n<p>Luzes fluorescentes \u00e0 prova de explos\u00e3o Os tamanhos t\u00eam: 0,6m\/600mm\/2ft\/2\u201d e 1,2m\/1200mm\/4ft\/4\u201d<\/p>\n\n\n\n<div class=\"wp-block-uagb-image uagb-block-e3539a8a wp-block-uagb-image--layout-default wp-block-uagb-image--effect-static wp-block-uagb-image--align-none\"><figure class=\"wp-block-uagb-image__figure\"><img decoding=\"async\" srcset=\"https:\/\/led.amasly.com\/wp-content\/uploads\/2026\/01\/Explosion-Proof-Fluorescent-Lights-Sizes.png ,https:\/\/led.amasly.com\/wp-content\/uploads\/2026\/01\/Explosion-Proof-Fluorescent-Lights-Sizes.png 780w, https:\/\/led.amasly.com\/wp-content\/uploads\/2026\/01\/Explosion-Proof-Fluorescent-Lights-Sizes.png 360w\" sizes=\"auto, (max-width: 480px) 150px\" src=\"https:\/\/led.amasly.com\/wp-content\/uploads\/2026\/01\/Explosion-Proof-Fluorescent-Lights-Sizes.png\" alt=\"\" class=\"uag-image-4408\" width=\"600\" height=\"600\" title=\"Tamanhos de l\u00e2mpadas fluorescentes \u00e0 prova de explos\u00e3o\" loading=\"lazy\" role=\"img\"><\/figure><\/div>\n\n\n\n<h2 class=\"wp-block-heading\">Instala\u00e7\u00e3o de l\u00e2mpadas fluorescentes \u00e0 prova de explos\u00e3o:<\/h2>\n\n\n\n<p>As l\u00e2mpadas fluorescentes \u00e0 prova de explos\u00e3o podem ser instaladas de v\u00e1rias formas: Montagem no teto, montagem na parede, montagem em pendente, montagem em barra de suporte, instala\u00e7\u00e3o de tubos de flange e instala\u00e7\u00e3o de tubos de guarda-corpos.<\/p>\n\n\n\n<div class=\"wp-block-uagb-image uagb-block-0867b09d wp-block-uagb-image--layout-default wp-block-uagb-image--effect-static wp-block-uagb-image--align-none\"><figure class=\"wp-block-uagb-image__figure\"><img decoding=\"async\" srcset=\"https:\/\/led.amasly.com\/wp-content\/uploads\/2025\/01\/9b8970c9087c2235875d53d02712c826_1684304680117777.jpg ,https:\/\/led.amasly.com\/wp-content\/uploads\/2025\/01\/9b8970c9087c2235875d53d02712c826_1684304680117777.jpg 780w, https:\/\/led.amasly.com\/wp-content\/uploads\/2025\/01\/9b8970c9087c2235875d53d02712c826_1684304680117777.jpg 360w\" sizes=\"auto, (max-width: 480px) 150px\" src=\"https:\/\/led.amasly.com\/wp-content\/uploads\/2025\/01\/9b8970c9087c2235875d53d02712c826_1684304680117777.jpg\" alt=\"\" class=\"uag-image-1702\" width=\"300\" height=\"300\" title=\"9b8970c9087c2235875d53d02712c826_1684304680117777\" loading=\"lazy\" role=\"img\"><\/figure><\/div>\n<\/div>\n<\/div>\n<\/div>\n<\/div>\n<\/div><\/div>\n<\/div>\n<\/div>\n\n\n\n<h2 class=\"wp-block-heading\">Produtos relacionados<\/h2>\n\n\n\n<div class=\"wp-block-uagb-container uagb-block-66e4defc alignfull uagb-is-root-container\"><div class=\"uagb-container-inner-blocks-wrap\">\n<div class=\"wp-block-uagb-container uagb-block-a42945f9\">\n<div class=\"wp-block-uagb-image uagb-block-7296296b wp-block-uagb-image--layout-default wp-block-uagb-image--effect-static wp-block-uagb-image--align-none\"><figure class=\"wp-block-uagb-image__figure\"><a class=\"\" href=\"https:\/\/led.amasly.com\/pt\/products\/explosion-proof-lights\/\" target=\"\" rel=\"noopener\"><img decoding=\"async\" srcset=\"https:\/\/led.amasly.com\/wp-content\/uploads\/2024\/09\/Explosion-proof-high-bay-lights.png ,https:\/\/led.amasly.com\/wp-content\/uploads\/2024\/09\/Explosion-proof-high-bay-lights.png 780w, https:\/\/led.amasly.com\/wp-content\/uploads\/2024\/09\/Explosion-proof-high-bay-lights.png 360w\" sizes=\"auto, (max-width: 480px) 150px\" src=\"https:\/\/led.amasly.com\/wp-content\/uploads\/2024\/09\/Explosion-proof-high-bay-lights.png\" alt=\"\" class=\"uag-image-1495\" width=\"300\" height=\"300\" title=\"Luzes de ba\u00eda alta \u00e0 prova de explos\u00e3o\" loading=\"lazy\" role=\"img\"><\/a><\/figure><\/div>\n<\/div>\n\n\n\n<div class=\"wp-block-uagb-container uagb-block-4d3efde5\">\n<div class=\"wp-block-uagb-image uagb-block-c9e90797 wp-block-uagb-image--layout-default wp-block-uagb-image--effect-static wp-block-uagb-image--align-none\"><figure class=\"wp-block-uagb-image__figure\"><a class=\"\" href=\"https:\/\/led.amasly.com\/pt\/products\/ex-proof-electrical-appliance\/\" target=\"\" rel=\"noopener\"><img decoding=\"async\" srcset=\"https:\/\/led.amasly.com\/wp-content\/uploads\/2025\/01\/Explosion-proof-axial-flow-fan.jpg ,https:\/\/led.amasly.com\/wp-content\/uploads\/2025\/01\/Explosion-proof-axial-flow-fan.jpg 780w, https:\/\/led.amasly.com\/wp-content\/uploads\/2025\/01\/Explosion-proof-axial-flow-fan.jpg 360w\" sizes=\"auto, (max-width: 480px) 150px\" src=\"https:\/\/led.amasly.com\/wp-content\/uploads\/2025\/01\/Explosion-proof-axial-flow-fan.jpg\" alt=\"Ex-Proof Electrical Appliance\" class=\"uag-image-1767\" width=\"300\" height=\"300\" title=\"Ventilador de fluxo axial \u00e0 prova de explos\u00e3o\" loading=\"lazy\" role=\"img\"\/><\/a><\/figure><\/div>\n<\/div>\n\n\n\n<div class=\"wp-block-uagb-container uagb-block-11c2578b\">\n<div class=\"wp-block-uagb-image uagb-block-6e8883aa wp-block-uagb-image--layout-default wp-block-uagb-image--effect-static wp-block-uagb-image--align-none\"><figure class=\"wp-block-uagb-image__figure\"><a class=\"\" href=\"https:\/\/led.amasly.com\/pt\/products\/explosion-proof-lights\/\" target=\"\" rel=\"noopener\"><img decoding=\"async\" srcset=\"https:\/\/led.amasly.com\/wp-content\/uploads\/2024\/09\/LED-Explosion-Proof-Gas-Station-Light.png ,https:\/\/led.amasly.com\/wp-content\/uploads\/2024\/09\/LED-Explosion-Proof-Gas-Station-Light.png 780w, https:\/\/led.amasly.com\/wp-content\/uploads\/2024\/09\/LED-Explosion-Proof-Gas-Station-Light.png 360w\" sizes=\"auto, (max-width: 480px) 150px\" src=\"https:\/\/led.amasly.com\/wp-content\/uploads\/2024\/09\/LED-Explosion-Proof-Gas-Station-Light.png\" alt=\"\" class=\"uag-image-1501\" width=\"300\" height=\"300\" title=\"Luz LED para esta\u00e7\u00e3o de servi\u00e7o \u00e0 prova de explos\u00e3o\" loading=\"lazy\" role=\"img\"><\/a><\/figure><\/div>\n<\/div>\n<\/div><\/div>\n\n\n\n<div class=\"wp-block-uagb-container uagb-block-548945b5 alignfull uagb-is-root-container\"><div class=\"uagb-container-inner-blocks-wrap\">\n<div class=\"wp-block-uagb-container uagb-block-967755d5\">\n<h4 class=\"wp-block-heading has-text-align-center\"><a href=\"https:\/\/led.amasly.com\/pt\/products\/explosion-proof-lights\/\">Luzes LED \u00e0 prova de explos\u00e3o<\/a><\/h4>\n<\/div>\n\n\n\n<div class=\"wp-block-uagb-container uagb-block-9bc52fc2\">\n<h4 class=\"wp-block-heading has-text-align-center\"><a href=\"https:\/\/led.amasly.com\/pt\/products\/ex-proof-electrical-appliance\/\">Aparelho el\u00e9trico \u00e0 prova de explos\u00e3o<\/a><\/h4>\n<\/div>\n\n\n\n<div class=\"wp-block-uagb-container uagb-block-8ffa0a23\">\n<h4 class=\"wp-block-heading has-text-align-center\"><a href=\"https:\/\/led.amasly.com\/pt\/products\/explosion-proof-lights\/\">Luzes para postos de gasolina \u00e0 prova de explos\u00e3o<\/a><\/h4>\n<\/div>\n<\/div><\/div>\n\n\n\n<div class=\"wp-block-uagb-container uagb-block-29499fe0 alignfull uagb-is-root-container\"><div class=\"uagb-container-inner-blocks-wrap\">\n<div class=\"wp-block-uagb-container uagb-block-777ee1c7\">\n<div class=\"wp-block-uagb-image uagb-block-2e9a1851 wp-block-uagb-image--layout-default wp-block-uagb-image--effect-static wp-block-uagb-image--align-none\"><figure class=\"wp-block-uagb-image__figure\"><a class=\"\" href=\"https:\/\/led.amasly.com\/pt\/products\/led-flood-lights\/\" target=\"\" rel=\"noopener\"><img decoding=\"async\" srcset=\"https:\/\/led.amasly.com\/wp-content\/uploads\/2024\/10\/50W-100W-150W-200W-300W-LED-Flood-Light.jpg ,https:\/\/led.amasly.com\/wp-content\/uploads\/2024\/10\/50W-100W-150W-200W-300W-LED-Flood-Light.jpg 780w, https:\/\/led.amasly.com\/wp-content\/uploads\/2024\/10\/50W-100W-150W-200W-300W-LED-Flood-Light.jpg 360w\" sizes=\"auto, (max-width: 480px) 150px\" src=\"https:\/\/led.amasly.com\/wp-content\/uploads\/2024\/10\/50W-100W-150W-200W-300W-LED-Flood-Light.jpg\" alt=\"\" class=\"uag-image-1526\" width=\"300\" height=\"300\" title=\"Holofote LED 50W 100W 150W 200W 300W\" loading=\"lazy\" role=\"img\"><\/a><\/figure><\/div>\n<\/div>\n\n\n\n<div class=\"wp-block-uagb-container uagb-block-af8c8683\">\n<div class=\"wp-block-uagb-image uagb-block-67947854 wp-block-uagb-image--layout-default wp-block-uagb-image--effect-static wp-block-uagb-image--align-none\"><figure class=\"wp-block-uagb-image__figure\"><a class=\"\" href=\"https:\/\/led.amasly.com\/pt\/products\/led-high-bay-light\/\" target=\"\" rel=\"noopener\"><img decoding=\"async\" srcset=\"https:\/\/led.amasly.com\/wp-content\/uploads\/2025\/05\/high-bay-light.webp ,https:\/\/led.amasly.com\/wp-content\/uploads\/2025\/05\/high-bay-light.webp 780w, https:\/\/led.amasly.com\/wp-content\/uploads\/2025\/05\/high-bay-light.webp 360w\" sizes=\"auto, (max-width: 480px) 150px\" src=\"https:\/\/led.amasly.com\/wp-content\/uploads\/2025\/05\/high-bay-light.webp\" alt=\"\" class=\"uag-image-3954\" width=\"300\" height=\"300\" title=\"luz de alto brilho\" loading=\"lazy\" role=\"img\"><\/a><\/figure><\/div>\n<\/div>\n\n\n\n<div class=\"wp-block-uagb-container uagb-block-0fdfdd58\">\n<div class=\"wp-block-uagb-image uagb-block-1187d32d wp-block-uagb-image--layout-default wp-block-uagb-image--effect-static wp-block-uagb-image--align-none\"><figure class=\"wp-block-uagb-image__figure\"><a class=\"\" href=\"https:\/\/led.amasly.com\/pt\/products\/\" target=\"\" rel=\"noopener\"><img decoding=\"async\" srcset=\"https:\/\/led.amasly.com\/wp-content\/uploads\/2024\/07\/LED-street-light.jpg ,https:\/\/led.amasly.com\/wp-content\/uploads\/2024\/07\/LED-street-light.jpg 780w, https:\/\/led.amasly.com\/wp-content\/uploads\/2024\/07\/LED-street-light.jpg 360w\" sizes=\"auto, (max-width: 480px) 150px\" src=\"https:\/\/led.amasly.com\/wp-content\/uploads\/2024\/07\/LED-street-light.jpg\" alt=\"\" class=\"uag-image-1145\" width=\"300\" height=\"300\" title=\"Luz de rua LED\" loading=\"lazy\" role=\"img\"><\/a><\/figure><\/div>\n<\/div>\n<\/div><\/div>\n\n\n\n<div class=\"wp-block-uagb-container uagb-block-6a60882c alignfull uagb-is-root-container\"><div class=\"uagb-container-inner-blocks-wrap\">\n<div class=\"wp-block-uagb-container uagb-block-f1e91a35\">\n<h4 class=\"wp-block-heading has-text-align-center\"><a href=\"https:\/\/led.amasly.com\/pt\/products\/led-flood-lights\/\">Luzes de inunda\u00e7\u00e3o LED<\/a><\/h4>\n<\/div>\n\n\n\n<div class=\"wp-block-uagb-container uagb-block-165bfa58\">\n<h4 class=\"wp-block-heading has-text-align-center\"><a href=\"https:\/\/led.amasly.com\/pt\/products\/led-high-bay-light\/\">Luzes LED de alto brilho<\/a><\/h4>\n<\/div>\n\n\n\n<div class=\"wp-block-uagb-container uagb-block-f6096e3b\">\n<h4 class=\"wp-block-heading has-text-align-center\"><a href=\"https:\/\/led.amasly.com\/pt\/products\/https:\/\/led.amasly.com\/products\/led-street-lights\/\">Luzes de rua LED<\/a><\/h4>\n<\/div>\n<\/div><\/div>\n\n\n\n<div class=\"wp-block-uagb-container uagb-block-99c0e0a5 alignfull uagb-is-root-container\"><div class=\"uagb-container-inner-blocks-wrap\"><\/div><\/div>","protected":false},"excerpt":{"rendered":"<p>Explosion Proof Tube Lights\/Explosion Proof Fluorescent Lights Guidance Content Contact Application 1. widely used in oil mining, oil refining, chemical, military and other dangerous environmental places of the factory and road lighting 2. suitable for coastal, river and other wind pressure, wind speed environment; 3. suitable for thousands of explosive gas environment of zone 1, [&hellip;]<\/p>\n","protected":false},"author":1,"featured_media":0,"parent":1156,"menu_order":3,"comment_status":"closed","ping_status":"closed","template":"","meta":{"_uag_custom_page_level_css":"","site-sidebar-layout":"no-sidebar","site-content-layout":"","ast-site-content-layout":"default","site-content-style":"default","site-sidebar-style":"default","ast-global-header-display":"","ast-banner-title-visibility":"","ast-main-header-display":"","ast-hfb-above-header-display":"","ast-hfb-below-header-display":"","ast-hfb-mobile-header-display":"","site-post-title":"disabled","ast-breadcrumbs-content":"","ast-featured-img":"","footer-sml-layout":"","ast-disable-related-posts":"","theme-transparent-header-meta":"enabled","adv-header-id-meta":"","stick-header-meta":"","header-above-stick-meta":"","header-main-stick-meta":"","header-below-stick-meta":"","astra-migrate-meta-layouts":"set","ast-page-background-enabled":"default","ast-page-background-meta":{"desktop":{"background-color":"var(--ast-global-color-4)","background-image":"","background-repeat":"repeat","background-position":"center center","background-size":"auto","background-attachment":"scroll","background-type":"","background-media":"","overlay-type":"","overlay-color":"","overlay-opacity":"","overlay-gradient":""},"tablet":{"background-color":"","background-image":"","background-repeat":"repeat","background-position":"center center","background-size":"auto","background-attachment":"scroll","background-type":"","background-media":"","overlay-type":"","overlay-color":"","overlay-opacity":"","overlay-gradient":""},"mobile":{"background-color":"","background-image":"","background-repeat":"repeat","background-position":"center center","background-size":"auto","background-attachment":"scroll","background-type":"","background-media":"","overlay-type":"","overlay-color":"","overlay-opacity":"","overlay-gradient":""}},"ast-content-background-meta":{"desktop":{"background-color":"var(--ast-global-color-5)","background-image":"","background-repeat":"repeat","background-position":"center center","background-size":"auto","background-attachment":"scroll","background-type":"","background-media":"","overlay-type":"","overlay-color":"","overlay-opacity":"","overlay-gradient":""},"tablet":{"background-color":"var(--ast-global-color-5)","background-image":"","background-repeat":"repeat","background-position":"center center","background-size":"auto","background-attachment":"scroll","background-type":"","background-media":"","overlay-type":"","overlay-color":"","overlay-opacity":"","overlay-gradient":""},"mobile":{"background-color":"var(--ast-global-color-5)","background-image":"","background-repeat":"repeat","background-position":"center center","background-size":"auto","background-attachment":"scroll","background-type":"","background-media":"","overlay-type":"","overlay-color":"","overlay-opacity":"","overlay-gradient":""}},"footnotes":"[]"},"class_list":["post-1231","page","type-page","status-publish","hentry"],"uagb_featured_image_src":{"full":false,"thumbnail":false,"medium":false,"medium_large":false,"large":false,"1536x1536":false,"2048x2048":false,"trp-custom-language-flag":false},"uagb_author_info":{"display_name":"Joe","author_link":"https:\/\/led.amasly.com\/pt\/author\/jacklin\/"},"uagb_comment_info":0,"uagb_excerpt":"Explosion Proof Tube Lights\/Explosion Proof Fluorescent Lights Guidance Content Contact Application 1. widely used in oil mining, oil refining, chemical, military and other dangerous environmental places of the factory and road lighting 2. suitable for coastal, river and other wind pressure, wind speed environment; 3. suitable for thousands of explosive gas environment of zone 1,&hellip;","_links":{"self":[{"href":"https:\/\/led.amasly.com\/pt\/wp-json\/wp\/v2\/pages\/1231","targetHints":{"allow":["GET"]}}],"collection":[{"href":"https:\/\/led.amasly.com\/pt\/wp-json\/wp\/v2\/pages"}],"about":[{"href":"https:\/\/led.amasly.com\/pt\/wp-json\/wp\/v2\/types\/page"}],"author":[{"embeddable":true,"href":"https:\/\/led.amasly.com\/pt\/wp-json\/wp\/v2\/users\/1"}],"replies":[{"embeddable":true,"href":"https:\/\/led.amasly.com\/pt\/wp-json\/wp\/v2\/comments?post=1231"}],"version-history":[{"count":12,"href":"https:\/\/led.amasly.com\/pt\/wp-json\/wp\/v2\/pages\/1231\/revisions"}],"predecessor-version":[{"id":4468,"href":"https:\/\/led.amasly.com\/pt\/wp-json\/wp\/v2\/pages\/1231\/revisions\/4468"}],"up":[{"embeddable":true,"href":"https:\/\/led.amasly.com\/pt\/wp-json\/wp\/v2\/pages\/1156"}],"wp:attachment":[{"href":"https:\/\/led.amasly.com\/pt\/wp-json\/wp\/v2\/media?parent=1231"}],"curies":[{"name":"wp","href":"https:\/\/api.w.org\/{rel}","templated":true}]}}