{"id":1201,"date":"2024-07-16T16:50:11","date_gmt":"2024-07-16T08:50:11","guid":{"rendered":"https:\/\/led.amasly.com\/?page_id=1201"},"modified":"2026-01-24T19:58:02","modified_gmt":"2026-01-24T11:58:02","slug":"hbr1","status":"publish","type":"page","link":"https:\/\/led.amasly.com\/pt\/products\/led-high-bay-light\/hbr1\/","title":{"rendered":"Luzes de alto brilho LED HBR1 UFO"},"content":{"rendered":"<h2 class=\"wp-block-heading\"><\/h2>\n\n\n\n<p><\/p>\n\n\n\n<h2 class=\"wp-block-heading\"><\/h2>\n\n\n\n<h2 class=\"wp-block-heading\"><\/h2>\n\n\n\n<p><\/p>\n\n\n\n<div class=\"wp-block-uagb-container uagb-block-e407eb08 alignfull uagb-is-root-container\"><div class=\"uagb-container-inner-blocks-wrap\">\n<div class=\"wp-block-uagb-info-box uagb-block-7c0a134c uagb-infobox__content-wrap  uagb-infobox-icon-above-title uagb-infobox-image-valign-top wp-block-uagb-info-box--has-margin\"><div class=\"uagb-infobox-margin-wrapper\"><div class=\"uagb-ifb-content\"><div class=\"uagb-ifb-title-wrap\"><\/div><\/div><\/div><\/div>\n<\/div><\/div>\n\n\n\n<p><\/p>\n\n\n\n<p><\/p>\n\n\n\n<h2 class=\"wp-block-heading\"><\/h2>\n\n\n\n<h1 class=\"wp-block-heading has-text-align-center\">Luzes LED de alto brilho UFO<\/h1>\n\n\n\n<div class=\"wp-block-uagb-container uagb-block-5d28ec94 default uagb-is-root-container\">\n<div class=\"wp-block-uagb-container uagb-block-462981e6\">\n<div class=\"wp-block-uagb-container uagb-block-6f08c8e4 alignfull uagb-is-root-container\"><div class=\"uagb-container-inner-blocks-wrap\">\n<div class=\"wp-block-uagb-container uagb-block-b229cb92\">\n<h3 class=\"wp-block-heading\">Conte\u00fado<\/h3>\n\n\n\n<div class=\"wp-block-buttons is-layout-flex wp-container-core-buttons-is-layout-45b20515 wp-block-buttons-is-layout-flex\">\n<div class=\"wp-block-button\"><a class=\"wp-block-button__link wp-element-button\" href=\"https:\/\/led.amasly.com\/pt\/products\/explosion-proof-lights\/\">Luzes \u00e0 prova de explos\u00e3o<\/a><\/div>\n\n\n\n<div class=\"wp-block-button is-style-fill\"><a class=\"wp-block-button__link wp-element-button\" href=\"https:\/\/led.amasly.com\/pt\/products\/ex-proof-electrical-appliance\/\">Aparelho el\u00e9trico \u00e0 prova de explos\u00e3o<\/a><\/div>\n\n\n\n<div class=\"wp-block-button\"><a class=\"wp-block-button__link wp-element-button\" href=\"https:\/\/led.amasly.com\/pt\/products\/led-tri-proof-light-2\/\">Luz LED \u00e0 prova de trope\u00e7\u00f5es<\/a><\/div>\n\n\n\n<div class=\"wp-block-button\"><a class=\"wp-block-button__link wp-element-button\" href=\"https:\/\/led.amasly.com\/pt\/products\/led-high-bay-light\/\">Luz LED de alto brilho<\/a><\/div>\n\n\n\n<div class=\"wp-block-button\"><a class=\"wp-block-button__link wp-element-button\" href=\"https:\/\/led.amasly.com\/pt\/products\/led-flood-lights\/\">Holofote LED<\/a><\/div>\n\n\n\n<div class=\"wp-block-button\"><a class=\"wp-block-button__link wp-element-button\" href=\"https:\/\/led.amasly.com\/pt\/products\/led-street-lights\/\">Luz de rua LED<\/a><\/div>\n\n\n\n<div class=\"wp-block-button\"><a class=\"wp-block-button__link wp-element-button\" href=\"https:\/\/led.amasly.com\/pt\/products\/solar-lights\/\">Luz solar LED<\/a><\/div>\n<\/div>\n\n\n\n<h4 class=\"wp-block-heading\"><\/h4>\n\n\n\n<h4 class=\"wp-block-heading\">Contacto<\/h4>\n\n\n\n<ul class=\"wp-block-list\">\n<li>Correio eletr\u00f3nico: sales01@amasly.com      <\/li>\n\n\n\n<li>Telem\u00f3vel: +86 13732643699                   <\/li>\n<\/ul>\n<\/div>\n\n\n\n<div class=\"wp-block-columns is-layout-flex wp-container-core-columns-is-layout-28f84493 wp-block-columns-is-layout-flex\">\n<div class=\"wp-block-column is-layout-flow wp-block-column-is-layout-flow\" style=\"flex-basis:100%\">\n<div class=\"wp-block-uagb-container uagb-block-064256a4\">\n<div class=\"wp-block-columns is-layout-flex wp-container-core-columns-is-layout-28f84493 wp-block-columns-is-layout-flex\">\n<div class=\"wp-block-column is-layout-flow wp-block-column-is-layout-flow\" style=\"flex-basis:100%\">\n<div class=\"wp-block-columns is-layout-flex wp-container-core-columns-is-layout-28f84493 wp-block-columns-is-layout-flex\">\n<div class=\"wp-block-column is-layout-flow wp-block-column-is-layout-flow\">\n<div class=\"wp-block-uagb-image uagb-block-f7623661 wp-block-uagb-image--layout-default wp-block-uagb-image--effect-static wp-block-uagb-image--align-none\"><figure class=\"wp-block-uagb-image__figure\"><img decoding=\"async\" srcset=\"https:\/\/led.amasly.com\/wp-content\/uploads\/2024\/07\/high-bay-light.jpg ,https:\/\/led.amasly.com\/wp-content\/uploads\/2024\/07\/high-bay-light.jpg 780w, https:\/\/led.amasly.com\/wp-content\/uploads\/2024\/07\/high-bay-light.jpg 360w\" sizes=\"auto, (max-width: 480px) 150px\" src=\"https:\/\/led.amasly.com\/wp-content\/uploads\/2024\/07\/high-bay-light.jpg\" alt=\"UFO LED High Bay Lights\" class=\"uag-image-1134\" width=\"300\" height=\"300\" title=\"luz alta\" loading=\"lazy\" role=\"img\"\/><\/figure><\/div>\n<\/div>\n\n\n\n<div class=\"wp-block-column is-layout-flow wp-block-column-is-layout-flow\">\n<p>UFO LED High Bay Lights Carater\u00edsticas de design do produto:<\/p>\n\n\n\n<p>Efici\u00eancia luminosa: 160 lm\/w e 190 lm\/w<\/p>\n\n\n\n<p>Fonte de luz LED: LUMILEDS<\/p>\n\n\n\n<p>\u00c2ngulo de distribui\u00e7\u00e3o da luz: 60\u00b0\/90\u00b0\/120\u00b0 lente de anel PC (120\u00b0 para lente transparente)<\/p>\n\n\n\n<p>N\u00edvel de prote\u00e7\u00e3o IP: IP65<\/p>\n\n\n\n<p>Modo de controlo inteligente (opcional): 1-10V dimming\/indu\u00e7\u00e3o de micro-ondas \/Zigbee<\/p>\n\n\n\n<p>M\u00e9todo de montagem: anel\/suporte<\/p>\n\n\n\n<p>Certifica\u00e7\u00e3o do produto: CE, RoHS<\/p>\n\n\n\n<p>Per\u00edodo de garantia do produto: cinco anos<\/p>\n\n\n\n<p>UFO LED High Bay Lights Aplica\u00e7\u00e3o do produto:<br>Armaz\u00e9ns, f\u00e1bricas, esta\u00e7\u00f5es de portagem, f\u00e1bricas de repara\u00e7\u00e3o de autom\u00f3veis, oficinas de produ\u00e7\u00e3o, centros comerciais, supermercados, est\u00e1dios, cinemas, hospitais e outros locais com ilumina\u00e7\u00e3o interior.<\/p>\n<\/div>\n<\/div>\n<\/div>\n<\/div>\n\n\n\n<div class=\"wp-block-uagb-container uagb-block-201e76d4\">\n<figure class=\"wp-block-table\"><table><tbody><tr><td>Moel<\/td><td>Pot\u00eancia<\/td><td>Garantia<\/td><td>Taxa IP<\/td><td>Efici\u00eancia luminosa<\/td><td>Tens\u00e3o<\/td><td>CCT<\/td><td>PF<\/td><\/tr><tr><td>HBR1<\/td><td>50W-500W<\/td><td>5 anos<\/td><td>IP66<\/td><td>140lm\/w<\/td><td>AC100-277V<\/td><td>3000K-6500K<\/td><td>&gt;0.97<\/td><\/tr><\/tbody><\/table><\/figure>\n\n\n\n<h2 class=\"wp-block-heading\">UFO LED High Bay Lights Tamanhos:<\/h2>\n\n\n\n<div class=\"wp-block-uagb-image uagb-block-0867b09d wp-block-uagb-image--layout-default wp-block-uagb-image--effect-static wp-block-uagb-image--align-none\"><figure class=\"wp-block-uagb-image__figure\"><img decoding=\"async\" srcset=\"https:\/\/led.amasly.com\/wp-content\/uploads\/2024\/07\/high-bay-sizes.jpg ,https:\/\/led.amasly.com\/wp-content\/uploads\/2024\/07\/high-bay-sizes.jpg 780w, https:\/\/led.amasly.com\/wp-content\/uploads\/2024\/07\/high-bay-sizes.jpg 360w\" sizes=\"auto, (max-width: 480px) 150px\" src=\"https:\/\/led.amasly.com\/wp-content\/uploads\/2024\/07\/high-bay-sizes.jpg\" alt=\"\" class=\"uag-image-1204\" width=\"300\" height=\"300\" title=\"tamanhos de compartimentos altos\" loading=\"lazy\" role=\"img\"><\/figure><\/div>\n\n\n\n<div class=\"wp-block-uagb-image uagb-block-4b3fec89 wp-block-uagb-image--layout-default wp-block-uagb-image--effect-static wp-block-uagb-image--align-none\"><figure class=\"wp-block-uagb-image__figure\"><img decoding=\"async\" srcset=\"https:\/\/led.amasly.com\/wp-content\/uploads\/2024\/07\/beam-angle.jpg ,https:\/\/led.amasly.com\/wp-content\/uploads\/2024\/07\/beam-angle.jpg 780w, https:\/\/led.amasly.com\/wp-content\/uploads\/2024\/07\/beam-angle.jpg 360w\" sizes=\"auto, (max-width: 480px) 150px\" src=\"https:\/\/led.amasly.com\/wp-content\/uploads\/2024\/07\/beam-angle.jpg\" alt=\"\" class=\"uag-image-1206\" width=\"300\" height=\"300\" title=\"\u00e2ngulo do feixe\" loading=\"lazy\" role=\"img\"><\/figure><\/div>\n<\/div>\n<\/div>\n<\/div>\n<\/div>\n<\/div><\/div>\n<\/div>\n<\/div>\n\n\n\n<h2 class=\"wp-block-heading\"><strong>FAQ da Luz Amasly<\/strong><\/h2>\n\n\n\n<p><strong>Q1. posso ter uma ordem da amostra para a luz do diodo emissor de luz?<\/strong><strong><\/strong><\/p>\n\n\n\n<p>R: Sim, aceitamos a encomenda de amostras para testar e verificar a qualidade. Amostras mistas s\u00e3o aceit\u00e1veis.<\/p>\n\n\n\n<p><strong>Q2: E quanto ao prazo de entrega?<\/strong><strong><\/strong><\/p>\n\n\n\n<p>R: A amostra precisa de 3-5 dias, o tempo de produ\u00e7\u00e3o em massa precisa de 1-2 semanas.<\/p>\n\n\n\n<p><strong>Q3.Do voc\u00ea tem algum limite MOQ para ordem de luz led?<\/strong><strong><\/strong><\/p>\n\n\n\n<p>A: Baixo MOQ 1pc para verifica\u00e7\u00e3o de amostra est\u00e1 dispon\u00edvel.<\/p>\n\n\n\n<p><strong>Q4. Como \u00e9 que enviam a mercadoria e quanto tempo demora a chegar?<\/strong><strong><\/strong><\/p>\n\n\n\n<p>R: Normalmente, enviamos por <a href=\"https:\/\/www.dhl.com\" rel=\"nofollow noopener\" target=\"_blank\">DHL<\/a>, UPS, FedEx ou TNT. Normalmente demora 3-5 dias a chegar. O transporte a\u00e9reo e mar\u00edtimo tamb\u00e9m \u00e9 opcional.<\/p>\n\n\n\n<p><strong>Q5. Como proceder a uma encomenda de luz led?<\/strong><strong><\/strong><\/p>\n\n\n\n<p>A:<\/p>\n\n\n\n<p>Em primeiro lugar, informe-nos das suas necessidades ou da sua aplica\u00e7\u00e3o.<\/p>\n\n\n\n<p>Em segundo lugar, fazemos or\u00e7amentos de acordo com as suas necessidades ou as nossas sugest\u00f5es.<\/p>\n\n\n\n<p>Em terceiro lugar, o cliente confirma as amostras e efectua o dep\u00f3sito para a encomenda formal.<\/p>\n\n\n\n<p>Em quarto lugar, organizamos a produ\u00e7\u00e3o.<\/p>\n\n\n\n<p><strong>Q6: \u00c9 poss\u00edvel imprimir o meu <\/strong><strong>LOGO<\/strong><strong>&nbsp;sobre o produto luz led ?<\/strong><strong><\/strong><\/p>\n\n\n\n<p>A: Sim. Por favor, informe-nos formalmente antes da nossa produ\u00e7\u00e3o e confirme o design primeiro com base na nossa amostra.<\/p>\n\n\n\n<p><strong>Q7: Oferecem garantia para os produtos?<\/strong><strong><\/strong><\/p>\n\n\n\n<p>R: Sim, oferecemos 2-5 anos de garantia para os nossos produtos.<\/p>\n\n\n\n<p><strong>Q8: Como lidar com os defeitos?<\/strong><strong><\/strong><\/p>\n\n\n\n<p>A:<\/p>\n\n\n\n<p>Em primeiro lugar, os nossos produtos s\u00e3o produzidos pelo sistema de controlo de qualidade dinstrict e a taxa de defeito ser\u00e1 inferior a 0.2%<\/p>\n\n\n\n<p>Em segundo lugar, durante o per\u00edodo de garantia, forneceremos pe\u00e7as para substituir a pe\u00e7a defeituosa. Para encomendas a granel, forneceremos antecipadamente pe\u00e7as vulner\u00e1veis ou podemos discutir solu\u00e7\u00f5es, incluindo recolhas, com base na situa\u00e7\u00e3o atual.<\/p>\n\n\n\n<p><strong>Q9: Podemos fabricar l\u00e2mpadas de baixa tens\u00e3o \u00e0 prova de explos\u00e3o com tens\u00f5es AC\/DC de 12V, 24V, 36V ou 48V? <\/strong><\/p>\n\n\n\n<p>Amasly pode ser utilizado como luzes \u00e0 prova de explos\u00e3o de baixa e alta tens\u00e3o - AC\/DC 12V, 24V, 36V, 48V, AC 85-265V, AC 380V. <\/p>\n\n\n\n<p><strong>Q10: As baterias de emerg\u00eancia do Explosion Poof Lights podem ser adicionadas? <\/strong><\/p>\n\n\n\n<p>A l\u00e2mpada \u00e0 prova de explos\u00e3o Amasly pode ser equipada com baterias de l\u00edtio de emerg\u00eancia. A dura\u00e7\u00e3o da emerg\u00eancia \u00e9 de 90 minutos, 120 minutos ou 180 minutos. <\/p>\n\n\n\n<p><strong>Q11: A l\u00e2mpada \u00e0 prova de explos\u00e3o Amasly pode ser personalizada como um produto OEM? <\/strong><\/p>\n\n\n\n<p>As l\u00e2mpadas \u00e0 prova de explos\u00e3o Amasly podem ser personalizadas de acordo com os requisitos do cliente, tanto para as l\u00e2mpadas como para as caixas de embalagem.<\/p>\n\n\n\n<h2 class=\"wp-block-heading\">Produtos relacionados<\/h2>\n\n\n\n<div class=\"wp-block-uagb-container uagb-block-66e4defc alignfull uagb-is-root-container\"><div class=\"uagb-container-inner-blocks-wrap\">\n<div class=\"wp-block-uagb-container uagb-block-a42945f9\">\n<div class=\"wp-block-uagb-image uagb-block-7296296b wp-block-uagb-image--layout-default wp-block-uagb-image--effect-static wp-block-uagb-image--align-none\"><figure class=\"wp-block-uagb-image__figure\"><a class=\"\" href=\"https:\/\/led.amasly.com\/pt\/products\/explosion-proof-lights\/\" target=\"\" rel=\"noopener\"><img decoding=\"async\" srcset=\"https:\/\/led.amasly.com\/wp-content\/uploads\/2024\/09\/Explosion-proof-high-bay-lights.png ,https:\/\/led.amasly.com\/wp-content\/uploads\/2024\/09\/Explosion-proof-high-bay-lights.png 780w, https:\/\/led.amasly.com\/wp-content\/uploads\/2024\/09\/Explosion-proof-high-bay-lights.png 360w\" sizes=\"auto, (max-width: 480px) 150px\" src=\"https:\/\/led.amasly.com\/wp-content\/uploads\/2024\/09\/Explosion-proof-high-bay-lights.png\" alt=\"\" class=\"uag-image-1495\" width=\"300\" height=\"300\" title=\"Luzes de ba\u00eda alta \u00e0 prova de explos\u00e3o\" loading=\"lazy\" role=\"img\"><\/a><\/figure><\/div>\n<\/div>\n\n\n\n<div class=\"wp-block-uagb-container uagb-block-4d3efde5\">\n<div class=\"wp-block-uagb-image uagb-block-c9e90797 wp-block-uagb-image--layout-default wp-block-uagb-image--effect-static wp-block-uagb-image--align-none\"><figure class=\"wp-block-uagb-image__figure\"><a class=\"\" href=\"https:\/\/led.amasly.com\/pt\/products\/ex-proof-electrical-appliance\/\" target=\"\" rel=\"noopener\"><img decoding=\"async\" srcset=\"https:\/\/led.amasly.com\/wp-content\/uploads\/2025\/01\/Explosion-proof-axial-flow-fan.jpg ,https:\/\/led.amasly.com\/wp-content\/uploads\/2025\/01\/Explosion-proof-axial-flow-fan.jpg 780w, https:\/\/led.amasly.com\/wp-content\/uploads\/2025\/01\/Explosion-proof-axial-flow-fan.jpg 360w\" sizes=\"auto, (max-width: 480px) 150px\" src=\"https:\/\/led.amasly.com\/wp-content\/uploads\/2025\/01\/Explosion-proof-axial-flow-fan.jpg\" alt=\"Ex-Proof Electrical Appliance\" class=\"uag-image-1767\" width=\"300\" height=\"300\" title=\"Ventilador de fluxo axial \u00e0 prova de explos\u00e3o\" loading=\"lazy\" role=\"img\"\/><\/a><\/figure><\/div>\n<\/div>\n\n\n\n<div class=\"wp-block-uagb-container uagb-block-11c2578b\">\n<div class=\"wp-block-uagb-image uagb-block-6e8883aa wp-block-uagb-image--layout-default wp-block-uagb-image--effect-static wp-block-uagb-image--align-none\"><figure class=\"wp-block-uagb-image__figure\"><a class=\"\" href=\"https:\/\/led.amasly.com\/pt\/products\/explosion-proof-lights\/\" target=\"\" rel=\"noopener\"><img decoding=\"async\" srcset=\"https:\/\/led.amasly.com\/wp-content\/uploads\/2024\/09\/LED-Explosion-Proof-Gas-Station-Light.png ,https:\/\/led.amasly.com\/wp-content\/uploads\/2024\/09\/LED-Explosion-Proof-Gas-Station-Light.png 780w, https:\/\/led.amasly.com\/wp-content\/uploads\/2024\/09\/LED-Explosion-Proof-Gas-Station-Light.png 360w\" sizes=\"auto, (max-width: 480px) 150px\" src=\"https:\/\/led.amasly.com\/wp-content\/uploads\/2024\/09\/LED-Explosion-Proof-Gas-Station-Light.png\" alt=\"\" class=\"uag-image-1501\" width=\"300\" height=\"300\" title=\"Luz LED para esta\u00e7\u00e3o de servi\u00e7o \u00e0 prova de explos\u00e3o\" loading=\"lazy\" role=\"img\"><\/a><\/figure><\/div>\n<\/div>\n<\/div><\/div>\n\n\n\n<div class=\"wp-block-uagb-container uagb-block-548945b5 alignfull uagb-is-root-container\"><div class=\"uagb-container-inner-blocks-wrap\">\n<div class=\"wp-block-uagb-container uagb-block-967755d5\">\n<h4 class=\"wp-block-heading has-text-align-center\"><a href=\"https:\/\/led.amasly.com\/pt\/products\/explosion-proof-lights\/\">Luzes LED \u00e0 prova de explos\u00e3o<\/a><\/h4>\n<\/div>\n\n\n\n<div class=\"wp-block-uagb-container uagb-block-9bc52fc2\">\n<h4 class=\"wp-block-heading has-text-align-center\"><a href=\"https:\/\/led.amasly.com\/pt\/products\/ex-proof-electrical-appliance\/\">Aparelho el\u00e9trico \u00e0 prova de explos\u00e3o<\/a><\/h4>\n<\/div>\n\n\n\n<div class=\"wp-block-uagb-container uagb-block-8ffa0a23\">\n<h4 class=\"wp-block-heading has-text-align-center\"><a href=\"https:\/\/led.amasly.com\/pt\/products\/explosion-proof-lights\/\">Luzes para postos de gasolina \u00e0 prova de explos\u00e3o<\/a><\/h4>\n<\/div>\n<\/div><\/div>\n\n\n\n<div class=\"wp-block-uagb-container uagb-block-29499fe0 alignfull uagb-is-root-container\"><div class=\"uagb-container-inner-blocks-wrap\">\n<div class=\"wp-block-uagb-container uagb-block-777ee1c7\">\n<div class=\"wp-block-uagb-image uagb-block-2e9a1851 wp-block-uagb-image--layout-default wp-block-uagb-image--effect-static wp-block-uagb-image--align-none\"><figure class=\"wp-block-uagb-image__figure\"><a class=\"\" href=\"https:\/\/led.amasly.com\/pt\/products\/led-flood-lights\/\" target=\"\" rel=\"noopener\"><img decoding=\"async\" srcset=\"https:\/\/led.amasly.com\/wp-content\/uploads\/2024\/10\/50W-100W-150W-200W-300W-LED-Flood-Light.jpg ,https:\/\/led.amasly.com\/wp-content\/uploads\/2024\/10\/50W-100W-150W-200W-300W-LED-Flood-Light.jpg 780w, https:\/\/led.amasly.com\/wp-content\/uploads\/2024\/10\/50W-100W-150W-200W-300W-LED-Flood-Light.jpg 360w\" sizes=\"auto, (max-width: 480px) 150px\" src=\"https:\/\/led.amasly.com\/wp-content\/uploads\/2024\/10\/50W-100W-150W-200W-300W-LED-Flood-Light.jpg\" alt=\"\" class=\"uag-image-1526\" width=\"300\" height=\"300\" title=\"Holofote LED 50W 100W 150W 200W 300W\" loading=\"lazy\" role=\"img\"><\/a><\/figure><\/div>\n<\/div>\n\n\n\n<div class=\"wp-block-uagb-container uagb-block-af8c8683\">\n<div class=\"wp-block-uagb-image uagb-block-67947854 wp-block-uagb-image--layout-default wp-block-uagb-image--effect-static wp-block-uagb-image--align-none\"><figure class=\"wp-block-uagb-image__figure\"><a class=\"\" href=\"https:\/\/led.amasly.com\/pt\/products\/led-high-bay-light\/\" target=\"\" rel=\"noopener\"><img decoding=\"async\" srcset=\"https:\/\/led.amasly.com\/wp-content\/uploads\/2025\/05\/high-bay-light.webp ,https:\/\/led.amasly.com\/wp-content\/uploads\/2025\/05\/high-bay-light.webp 780w, https:\/\/led.amasly.com\/wp-content\/uploads\/2025\/05\/high-bay-light.webp 360w\" sizes=\"auto, (max-width: 480px) 150px\" src=\"https:\/\/led.amasly.com\/wp-content\/uploads\/2025\/05\/high-bay-light.webp\" alt=\"\" class=\"uag-image-3954\" width=\"300\" height=\"300\" title=\"luz de alto brilho\" loading=\"lazy\" role=\"img\"><\/a><\/figure><\/div>\n<\/div>\n\n\n\n<div class=\"wp-block-uagb-container uagb-block-0fdfdd58\">\n<div class=\"wp-block-uagb-image uagb-block-1187d32d wp-block-uagb-image--layout-default wp-block-uagb-image--effect-static wp-block-uagb-image--align-none\"><figure class=\"wp-block-uagb-image__figure\"><a class=\"\" href=\"https:\/\/led.amasly.com\/pt\/products\/\" target=\"\" rel=\"noopener\"><img decoding=\"async\" srcset=\"https:\/\/led.amasly.com\/wp-content\/uploads\/2024\/07\/LED-street-light.jpg ,https:\/\/led.amasly.com\/wp-content\/uploads\/2024\/07\/LED-street-light.jpg 780w, https:\/\/led.amasly.com\/wp-content\/uploads\/2024\/07\/LED-street-light.jpg 360w\" sizes=\"auto, (max-width: 480px) 150px\" src=\"https:\/\/led.amasly.com\/wp-content\/uploads\/2024\/07\/LED-street-light.jpg\" alt=\"\" class=\"uag-image-1145\" width=\"300\" height=\"300\" title=\"Luz de rua LED\" loading=\"lazy\" role=\"img\"><\/a><\/figure><\/div>\n<\/div>\n<\/div><\/div>\n\n\n\n<div class=\"wp-block-uagb-container uagb-block-6a60882c alignfull uagb-is-root-container\"><div class=\"uagb-container-inner-blocks-wrap\">\n<div class=\"wp-block-uagb-container uagb-block-f1e91a35\">\n<h4 class=\"wp-block-heading has-text-align-center\"><a href=\"https:\/\/led.amasly.com\/pt\/products\/led-flood-lights\/\">Luzes de inunda\u00e7\u00e3o LED<\/a><\/h4>\n<\/div>\n\n\n\n<div class=\"wp-block-uagb-container uagb-block-165bfa58\">\n<h4 class=\"wp-block-heading has-text-align-center\"><a href=\"https:\/\/led.amasly.com\/pt\/products\/led-high-bay-light\/\">Luzes LED de alto brilho<\/a><\/h4>\n<\/div>\n\n\n\n<div class=\"wp-block-uagb-container uagb-block-f6096e3b\">\n<h4 class=\"wp-block-heading has-text-align-center\"><a href=\"https:\/\/led.amasly.com\/pt\/products\/https:\/\/led.amasly.com\/products\/led-street-lights\/\">Luzes de rua LED<\/a><\/h4>\n<\/div>\n<\/div><\/div>\n\n\n\n<div class=\"wp-block-uagb-container uagb-block-99c0e0a5 alignfull uagb-is-root-container\"><div class=\"uagb-container-inner-blocks-wrap\"><\/div><\/div>","protected":false},"excerpt":{"rendered":"<p>UFO LED High Bay Lights Content Contact UFO LED High Bay Lights Product design features: Light efficiency: 160 lm\/w &amp; 190 lm\/w LED light source: LUMILEDS Light distribution Angle: 60\u00b0\/90\u00b0\/120\u00b0 PC ring lens (120\u00b0 for transparent lens) IP protection level: IP65 Intelligent control mode (optional): 1-10V dimming\/microwave induction \/Zigbee Mounting method: ring\/support Product certification: CE, [&hellip;]<\/p>\n","protected":false},"author":1,"featured_media":0,"parent":1173,"menu_order":1,"comment_status":"closed","ping_status":"closed","template":"","meta":{"_uag_custom_page_level_css":"","site-sidebar-layout":"no-sidebar","site-content-layout":"","ast-site-content-layout":"default","site-content-style":"default","site-sidebar-style":"default","ast-global-header-display":"","ast-banner-title-visibility":"","ast-main-header-display":"","ast-hfb-above-header-display":"","ast-hfb-below-header-display":"","ast-hfb-mobile-header-display":"","site-post-title":"disabled","ast-breadcrumbs-content":"","ast-featured-img":"","footer-sml-layout":"","ast-disable-related-posts":"","theme-transparent-header-meta":"enabled","adv-header-id-meta":"","stick-header-meta":"","header-above-stick-meta":"","header-main-stick-meta":"","header-below-stick-meta":"","astra-migrate-meta-layouts":"set","ast-page-background-enabled":"default","ast-page-background-meta":{"desktop":{"background-color":"var(--ast-global-color-4)","background-image":"","background-repeat":"repeat","background-position":"center center","background-size":"auto","background-attachment":"scroll","background-type":"","background-media":"","overlay-type":"","overlay-color":"","overlay-opacity":"","overlay-gradient":""},"tablet":{"background-color":"","background-image":"","background-repeat":"repeat","background-position":"center center","background-size":"auto","background-attachment":"scroll","background-type":"","background-media":"","overlay-type":"","overlay-color":"","overlay-opacity":"","overlay-gradient":""},"mobile":{"background-color":"","background-image":"","background-repeat":"repeat","background-position":"center center","background-size":"auto","background-attachment":"scroll","background-type":"","background-media":"","overlay-type":"","overlay-color":"","overlay-opacity":"","overlay-gradient":""}},"ast-content-background-meta":{"desktop":{"background-color":"var(--ast-global-color-5)","background-image":"","background-repeat":"repeat","background-position":"center center","background-size":"auto","background-attachment":"scroll","background-type":"","background-media":"","overlay-type":"","overlay-color":"","overlay-opacity":"","overlay-gradient":""},"tablet":{"background-color":"var(--ast-global-color-5)","background-image":"","background-repeat":"repeat","background-position":"center center","background-size":"auto","background-attachment":"scroll","background-type":"","background-media":"","overlay-type":"","overlay-color":"","overlay-opacity":"","overlay-gradient":""},"mobile":{"background-color":"var(--ast-global-color-5)","background-image":"","background-repeat":"repeat","background-position":"center center","background-size":"auto","background-attachment":"scroll","background-type":"","background-media":"","overlay-type":"","overlay-color":"","overlay-opacity":"","overlay-gradient":""}},"footnotes":"[]"},"class_list":["post-1201","page","type-page","status-publish","hentry"],"uagb_featured_image_src":{"full":false,"thumbnail":false,"medium":false,"medium_large":false,"large":false,"1536x1536":false,"2048x2048":false,"trp-custom-language-flag":false},"uagb_author_info":{"display_name":"Joe","author_link":"https:\/\/led.amasly.com\/pt\/author\/jacklin\/"},"uagb_comment_info":0,"uagb_excerpt":"UFO LED High Bay Lights Content Contact UFO LED High Bay Lights Product design features: Light efficiency: 160 lm\/w &amp; 190 lm\/w LED light source: LUMILEDS Light distribution Angle: 60\u00b0\/90\u00b0\/120\u00b0 PC ring lens (120\u00b0 for transparent lens) IP protection level: IP65 Intelligent control mode (optional): 1-10V dimming\/microwave induction \/Zigbee Mounting method: ring\/support Product certification: CE,&hellip;","_links":{"self":[{"href":"https:\/\/led.amasly.com\/pt\/wp-json\/wp\/v2\/pages\/1201","targetHints":{"allow":["GET"]}}],"collection":[{"href":"https:\/\/led.amasly.com\/pt\/wp-json\/wp\/v2\/pages"}],"about":[{"href":"https:\/\/led.amasly.com\/pt\/wp-json\/wp\/v2\/types\/page"}],"author":[{"embeddable":true,"href":"https:\/\/led.amasly.com\/pt\/wp-json\/wp\/v2\/users\/1"}],"replies":[{"embeddable":true,"href":"https:\/\/led.amasly.com\/pt\/wp-json\/wp\/v2\/comments?post=1201"}],"version-history":[{"count":13,"href":"https:\/\/led.amasly.com\/pt\/wp-json\/wp\/v2\/pages\/1201\/revisions"}],"predecessor-version":[{"id":4695,"href":"https:\/\/led.amasly.com\/pt\/wp-json\/wp\/v2\/pages\/1201\/revisions\/4695"}],"up":[{"embeddable":true,"href":"https:\/\/led.amasly.com\/pt\/wp-json\/wp\/v2\/pages\/1173"}],"wp:attachment":[{"href":"https:\/\/led.amasly.com\/pt\/wp-json\/wp\/v2\/media?parent=1201"}],"curies":[{"name":"wp","href":"https:\/\/api.w.org\/{rel}","templated":true}]}}