{"id":1038,"date":"2024-07-14T15:55:02","date_gmt":"2024-07-14T07:55:02","guid":{"rendered":"https:\/\/led.amasly.com\/?page_id=1038"},"modified":"2026-01-24T14:44:08","modified_gmt":"2026-01-24T06:44:08","slug":"about-us","status":"publish","type":"page","link":"https:\/\/led.amasly.com\/pt\/about-us\/","title":{"rendered":"Sobre n\u00f3s"},"content":{"rendered":"<div class=\"wp-block-uagb-container uagb-block-27bae773 alignfull uagb-is-root-container\"><div class=\"uagb-container-inner-blocks-wrap\">\n<div class=\"wp-block-uagb-info-box uagb-block-b537abb1 uagb-infobox__content-wrap  uagb-infobox-icon-above-title uagb-infobox-image-valign-top wp-block-uagb-info-box--has-margin\"><div class=\"uagb-infobox-margin-wrapper\"><div class=\"uagb-ifb-content\"><div class=\"uagb-ifb-title-wrap\"><h1 class=\"uagb-ifb-title\">A nossa empresa<\/h1><\/div><p class=\"uagb-ifb-desc\">Amasly \u00e9 uma empresa de ilumina\u00e7\u00e3o profissional, os nossos produtos centram-se na ilumina\u00e7\u00e3o industrial e na ilumina\u00e7\u00e3o exterior.<\/p><\/div><\/div><\/div>\n<\/div><\/div>\n\n\n\n<div class=\"wp-block-uagb-container uagb-layout-grid uagb-block-b564312b alignfull uagb-is-root-container\"><div class=\"uagb-container-inner-blocks-wrap\">\n<div class=\"wp-block-uagb-advanced-heading uagb-block-a6aa8398\"><h6 class=\"uagb-heading-text\">Num relance<\/h6><\/div>\n\n\n\n<div class=\"wp-block-uagb-container uagb-block-e7fb8932\">\n<p>A Amasly Lighting \u00e9 uma empresa l\u00edder em ilumina\u00e7\u00e3o profissional dedicada a iluminar espa\u00e7os com criatividade, inova\u00e7\u00e3o e sustentabilidade. Com foco na qualidade, efici\u00eancia e satisfa\u00e7\u00e3o do cliente, oferecemos uma gama abrangente de solu\u00e7\u00f5es de ilumina\u00e7\u00e3o de ponta, adaptadas para atender \u00e0s diversas necessidades de nossos clientes.<\/p>\n\n\n\n<p>A nossa equipa de especialistas combina conhecimentos t\u00e9cnicos com vis\u00e3o art\u00edstica para conceber e desenvolver produtos de ilumina\u00e7\u00e3o que n\u00e3o s\u00f3 melhoram os ambientes, como tamb\u00e9m reflectem as \u00faltimas tend\u00eancias e tecnologias da ind\u00fastria. De projectos residenciais a comerciais, fornecemos solu\u00e7\u00f5es de ilumina\u00e7\u00e3o personalizadas que transformam os espa\u00e7os e criam experi\u00eancias cativantes.<\/p>\n\n\n\n<p>Empenhados na sustentabilidade, integramos tecnologias energeticamente eficientes e pr\u00e1ticas amigas do ambiente nos nossos produtos e opera\u00e7\u00f5es, esfor\u00e7ando-nos por reduzir o impacto ambiental e maximizar o desempenho. Com uma abordagem centrada no cliente, damos prioridade \u00e0 compreens\u00e3o dos requisitos \u00fanicos de cada projeto e \u00e0 apresenta\u00e7\u00e3o de solu\u00e7\u00f5es que excedam as expectativas.<\/p>\n\n\n\n<p>N\u00e3o somos apenas uma empresa de ilumina\u00e7\u00e3o; somos uma equipa de profissionais apaixonados dedicados a moldar um futuro mais brilhante e mais sustent\u00e1vel atrav\u00e9s de solu\u00e7\u00f5es de ilumina\u00e7\u00e3o inovadoras e inspiradoras.<\/p>\n\n\n\n<p>A Amasly Lighting, uma empresa profissional de marcas de ilumina\u00e7\u00e3o industrial, \u00e9 especializada na I&amp;D integrada, na produ\u00e7\u00e3o e na venda de dispositivos de ilumina\u00e7\u00e3o industrial. A empresa concentra-se nos mercados do Sudeste Asi\u00e1tico e do M\u00e9dio Oriente, com produtos vendidos para mais de 100 pa\u00edses e regi\u00f5es em todo o mundo. Todos os produtos \u00e0 prova de explos\u00e3o cumprem os requisitos de certifica\u00e7\u00e3o ATEX. As principais linhas de produtos incluem: Luzes \u00e0 prova de explos\u00e3o, equipamento el\u00e9trico \u00e0 prova de explos\u00e3o, luzes de alto brilho, luzes de inunda\u00e7\u00e3o, luzes de rua, lumin\u00e1rias solares e muito mais.<\/p>\n<\/div>\n<\/div><\/div>\n\n\n\n<div class=\"wp-block-uagb-container uagb-block-550ec68a alignfull uagb-is-root-container\"><div class=\"uagb-container-inner-blocks-wrap\">\n<div class=\"wp-block-uagb-container uagb-block-0c1c6a9a\">\n<div class=\"wp-block-uagb-counter uagb-block-d07210ae wp-block-uagb-counter--number\"><div class=\"wp-block-uagb-counter__number\"><span class=\"uagb-counter-block-number\" data-duration=\"2\" data-to-value=\"320\" data-from-value=\"0\" data-delimiter=\",\"><\/span><\/div><div class=\"wp-block-uagb-counter__title\">Produtos<\/div><\/div>\n<\/div>\n\n\n\n<div class=\"wp-block-uagb-container uagb-block-fb944ecb\">\n<div class=\"wp-block-uagb-counter uagb-block-514fda1c wp-block-uagb-counter--number\"><div class=\"wp-block-uagb-counter__number\"><span class=\"uagb-counter-block-number\" data-duration=\"2\" data-to-value=\"1280\" data-from-value=\"0\" data-delimiter=\",\"><\/span><\/div><div class=\"wp-block-uagb-counter__title\">CLIENTES<\/div><\/div>\n<\/div>\n\n\n\n<div class=\"wp-block-uagb-container uagb-block-28938e49\">\n<div class=\"wp-block-uagb-counter uagb-block-711d6300 wp-block-uagb-counter--number\"><div class=\"wp-block-uagb-counter__number\"><span class=\"uagb-counter-block-number\" data-duration=\"2\" data-to-value=\"10\" data-from-value=\"0\" data-delimiter=\"\"><\/span><\/div><div class=\"wp-block-uagb-counter__title\">Anos<\/div><\/div>\n<\/div>\n\n\n\n<div class=\"wp-block-uagb-container uagb-block-9f51589c\">\n<div class=\"wp-block-uagb-counter uagb-block-5e6940d0 wp-block-uagb-counter--number\"><div class=\"wp-block-uagb-counter__number\"><span class=\"uagb-counter-block-number\" data-duration=\"2\" data-to-value=\"68\" data-from-value=\"0\" data-delimiter=\",\"><\/span><\/div><div class=\"wp-block-uagb-counter__title\">Pa\u00edses<\/div><\/div>\n<\/div>\n<\/div><\/div>\n\n\n\n<div class=\"wp-block-uagb-container uagb-layout-grid uagb-block-10a69f69 alignfull uagb-is-root-container\"><div class=\"uagb-container-inner-blocks-wrap\">\n<div class=\"wp-block-uagb-container uagb-block-4101bc95\">\n<div class=\"wp-block-uagb-info-box uagb-block-d8dfad6a uagb-infobox__content-wrap  uagb-infobox-icon-above-title uagb-infobox-image-valign-top wp-block-uagb-info-box--has-margin\"><div class=\"uagb-infobox-margin-wrapper\"><div class=\"uagb-ifb-content\"><div class=\"uagb-ifb-title-wrap\"><h6 class=\"uagb-ifb-title-prefix\">A nossa empresa<\/h6><h2 class=\"uagb-ifb-title\">Ilumina\u00e7\u00e3o de crescimento r\u00e1pido<br>Empresa<\/h2><\/div><p class=\"uagb-ifb-desc\">Os produtos da Amasly s\u00e3o exportados para 68 pa\u00edses em todo o mundo, como a Europa e os Estados Unidos, e ganharam o reconhecimento dos principais fornecedores mundiais de produtos de ilumina\u00e7\u00e3o com os seus produtos de alta qualidade.<\/p><\/div><\/div><\/div>\n<\/div>\n\n\n\n<div class=\"wp-block-uagb-image uagb-block-d0f6644a wp-block-uagb-image--layout-default wp-block-uagb-image--effect-static wp-block-uagb-image--align-none\"><figure class=\"wp-block-uagb-image__figure\"><img decoding=\"async\" srcset=\"https:\/\/led.amasly.com\/wp-content\/uploads\/2024\/07\/high-bay-lights-case.jpg ,https:\/\/led.amasly.com\/wp-content\/uploads\/2024\/07\/high-bay-lights-case.jpg 780w, https:\/\/led.amasly.com\/wp-content\/uploads\/2024\/07\/high-bay-lights-case.jpg 360w\" sizes=\"auto, (max-width: 480px) 150px\" src=\"https:\/\/led.amasly.com\/wp-content\/uploads\/2024\/07\/high-bay-lights-case.jpg\" alt=\"\" class=\"uag-image-1348\" width=\"600\" height=\"726\" title=\"caixa de luzes de alto brilho\" loading=\"lazy\" role=\"img\"><\/figure><\/div>\n<\/div><\/div>\n\n\n\n<div class=\"wp-block-uagb-container uagb-block-5a7870f6 alignfull uagb-is-root-container\"><div class=\"uagb-container-inner-blocks-wrap\">\n<p><strong>Vis\u00e3o:<\/strong><\/p>\n\n\n\n<p>A nossa vis\u00e3o \u00e9 ser um l\u00edder global em solu\u00e7\u00f5es de ilumina\u00e7\u00e3o, reconhecido pela nossa tecnologia de ponta, pr\u00e1ticas sustent\u00e1veis e designs inovadores. O nosso objetivo \u00e9 iluminar o mundo com produtos que inspiram, encantam e t\u00eam um impacto positivo no ambiente e na vida das pessoas.<\/p>\n\n\n\n<p><strong>Miss\u00e3o:<\/strong><\/p>\n\n\n\n<p>A nossa miss\u00e3o \u00e9 criar solu\u00e7\u00f5es de ilumina\u00e7\u00e3o inovadoras que melhorem a qualidade de vida dos indiv\u00edduos e das comunidades. Estamos empenhados na sustentabilidade, excel\u00eancia e melhoria cont\u00ednua, com o objetivo de fornecer aos nossos clientes produtos que combinem funcionalidade, est\u00e9tica e efici\u00eancia energ\u00e9tica. Atrav\u00e9s dos nossos esfor\u00e7os, aspiramos a iluminar o mundo de uma forma que seja simultaneamente bela e respons\u00e1vel.<\/p>\n<\/div><\/div>\n\n\n\n<div class=\"wp-block-uagb-container uagb-block-a30f2aae alignfull uagb-is-root-container\"><div class=\"uagb-container-inner-blocks-wrap\">\n<div class=\"wp-block-uagb-info-box uagb-block-09c792f1 uagb-infobox__content-wrap  uagb-infobox-icon-above-title uagb-infobox-image-valign-top wp-block-uagb-info-box--has-margin\"><div class=\"uagb-infobox-margin-wrapper\"><div class=\"uagb-ifb-content\"><div class=\"uagb-ifb-title-wrap\"><h6 class=\"uagb-ifb-title-prefix\">PATRIM\u00d3NIO<\/h6><h2 class=\"uagb-ifb-title\"><mark style=\"background-color:rgba(0, 0, 0, 0)\" class=\"has-inline-color has-ast-global-color-5-color\">A sua atividade centra-se na ilumina\u00e7\u00e3o industrial e na ilumina\u00e7\u00e3o exterior.<\/mark><\/h2><\/div><p class=\"uagb-ifb-desc\">Principais produtos: luzes de led \u00e0 prova de explos\u00e3o, luzes de led de alto brilho, luzes de led de rua, luzes de led de inunda\u00e7\u00e3o<\/p><div class=\"uagb-ifb-button-wrapper wp-block-button\"><a href=\"https:\/\/led.amasly.com\/pt\/contact\/\" class=\"uagb-infobox-cta-link wp-block-button__link\" target=\"_self\" rel=\"noopener noreferrer\" onclick=\"return true;\"><span class=\"uagb-inline-editing\">Contactar-nos<\/span><svg xmlns=\"https:\/\/www.w3.org\/2000\/svg\" viewbox=\"0 0 320 512\"><path d=\"M96 480c-8.188 0-16.38-3.125-22.62-9.375c-12.5-12.5-12.5-32.75 0-45.25L242.8 256L73.38 86.63c-12.5-12.5-12.5-32.75 0-45.25s32.75-12.5 45.25 0l192 192c12.5 12.5 12.5 32.75 0 45.25l-192 192C112.4 476.9 104.2 480 96 480z\"><\/path><\/svg><\/a><\/div><\/div><\/div><\/div>\n<\/div><\/div>\n\n\n\n<h2 class=\"wp-block-heading\"><strong>Luz LED Amasly <\/strong><strong>FAQ<\/strong><strong><\/strong><\/h2>\n\n\n\n<p><strong>Q1. posso ter uma ordem da amostra para a luz do diodo emissor de luz?<\/strong><strong><\/strong><\/p>\n\n\n\n<p>R: Sim, aceitamos a encomenda de amostras para testar e verificar a qualidade. Amostras mistas s\u00e3o aceit\u00e1veis.<\/p>\n\n\n\n<p><strong>Q2: E quanto ao prazo de entrega?<\/strong><strong><\/strong><\/p>\n\n\n\n<p>R: A amostra precisa de 3-5 dias, o tempo de produ\u00e7\u00e3o em massa precisa de 1-2 semanas.<\/p>\n\n\n\n<p><strong>Q3.Do voc\u00ea tem algum limite MOQ para ordem de luz led?<\/strong><strong><\/strong><\/p>\n\n\n\n<p>A: Baixo MOQ 1pc para verifica\u00e7\u00e3o de amostra est\u00e1 dispon\u00edvel.<\/p>\n\n\n\n<p><strong>Q4. Como \u00e9 que enviam a mercadoria e quanto tempo demora a chegar?<\/strong><strong><\/strong><\/p>\n\n\n\n<p>R: Normalmente enviamos por DHL, UPS, FedEx ou TNT. Normalmente demora 3-5 dias a chegar. A linha a\u00e9rea e o transporte mar\u00edtimo tamb\u00e9m s\u00e3o opcionais.<\/p>\n\n\n\n<p><strong>Q5. Como proceder a uma encomenda de luz led?<\/strong><strong><\/strong><\/p>\n\n\n\n<p>A:<\/p>\n\n\n\n<p>Em primeiro lugar, informe-nos das suas necessidades ou da sua aplica\u00e7\u00e3o.<\/p>\n\n\n\n<p>Em segundo lugar, fazemos or\u00e7amentos de acordo com as suas necessidades ou as nossas sugest\u00f5es.<\/p>\n\n\n\n<p>Em terceiro lugar, o cliente confirma as amostras e efectua o dep\u00f3sito para a encomenda formal.<\/p>\n\n\n\n<p>Em quarto lugar, organizamos a produ\u00e7\u00e3o.<\/p>\n\n\n\n<p><strong>Q6: \u00c9 poss\u00edvel imprimir o meu <\/strong><strong>LOGO<\/strong><strong>&nbsp;sobre o produto luz led ?<\/strong><strong><\/strong><\/p>\n\n\n\n<p>A: Sim. Por favor, informe-nos formalmente antes da nossa produ\u00e7\u00e3o e confirme o design primeiro com base na nossa amostra.<\/p>\n\n\n\n<p><strong>Q7: Oferecem garantia para os produtos?<\/strong><strong><\/strong><\/p>\n\n\n\n<p>R: Sim, oferecemos 2-5 anos de garantia para os nossos produtos.<\/p>\n\n\n\n<p><strong>Q8: Como lidar com os defeitos?<\/strong><strong><\/strong><\/p>\n\n\n\n<p>A:<\/p>\n\n\n\n<p>Em primeiro lugar, os nossos produtos s\u00e3o produzidos pelo sistema de controlo de qualidade dinstrict e a taxa de defeito ser\u00e1 inferior a 0.2%<\/p>\n\n\n\n<p>Em segundo lugar, durante o per\u00edodo de garantia, forneceremos pe\u00e7as para substituir a pe\u00e7a defeituosa. Para encomendas a granel, forneceremos antecipadamente pe\u00e7as vulner\u00e1veis ou podemos discutir solu\u00e7\u00f5es, incluindo recolhas, com base na situa\u00e7\u00e3o atual.<\/p>\n\n\n\n<h2 class=\"wp-block-heading\">Produtos relacionados<\/h2>\n\n\n\n<div class=\"wp-block-uagb-container uagb-block-66e4defc alignfull uagb-is-root-container\"><div class=\"uagb-container-inner-blocks-wrap\">\n<div class=\"wp-block-uagb-container uagb-block-a42945f9\">\n<div class=\"wp-block-uagb-image uagb-block-7296296b wp-block-uagb-image--layout-default wp-block-uagb-image--effect-static wp-block-uagb-image--align-none\"><figure class=\"wp-block-uagb-image__figure\"><a class=\"\" href=\"https:\/\/led.amasly.com\/pt\/products\/explosion-proof-lights\/\" target=\"\" rel=\"noopener\"><img decoding=\"async\" srcset=\"https:\/\/led.amasly.com\/wp-content\/uploads\/2024\/09\/Explosion-proof-high-bay-lights.png ,https:\/\/led.amasly.com\/wp-content\/uploads\/2024\/09\/Explosion-proof-high-bay-lights.png 780w, https:\/\/led.amasly.com\/wp-content\/uploads\/2024\/09\/Explosion-proof-high-bay-lights.png 360w\" sizes=\"auto, (max-width: 480px) 150px\" src=\"https:\/\/led.amasly.com\/wp-content\/uploads\/2024\/09\/Explosion-proof-high-bay-lights.png\" alt=\"\" class=\"uag-image-1495\" width=\"300\" height=\"300\" title=\"Luzes de ba\u00eda alta \u00e0 prova de explos\u00e3o\" loading=\"lazy\" role=\"img\"><\/a><\/figure><\/div>\n<\/div>\n\n\n\n<div class=\"wp-block-uagb-container uagb-block-4d3efde5\">\n<div class=\"wp-block-uagb-image uagb-block-c9e90797 wp-block-uagb-image--layout-default wp-block-uagb-image--effect-static wp-block-uagb-image--align-none\"><figure class=\"wp-block-uagb-image__figure\"><a class=\"\" href=\"https:\/\/led.amasly.com\/pt\/products\/ex-proof-electrical-appliance\/\" target=\"\" rel=\"noopener\"><img decoding=\"async\" srcset=\"https:\/\/led.amasly.com\/wp-content\/uploads\/2025\/01\/Explosion-proof-axial-flow-fan.jpg ,https:\/\/led.amasly.com\/wp-content\/uploads\/2025\/01\/Explosion-proof-axial-flow-fan.jpg 780w, https:\/\/led.amasly.com\/wp-content\/uploads\/2025\/01\/Explosion-proof-axial-flow-fan.jpg 360w\" sizes=\"auto, (max-width: 480px) 150px\" src=\"https:\/\/led.amasly.com\/wp-content\/uploads\/2025\/01\/Explosion-proof-axial-flow-fan.jpg\" alt=\"Ex-Proof Electrical Appliance\" class=\"uag-image-1767\" width=\"300\" height=\"300\" title=\"Ventilador de fluxo axial \u00e0 prova de explos\u00e3o\" loading=\"lazy\" role=\"img\"\/><\/a><\/figure><\/div>\n<\/div>\n\n\n\n<div class=\"wp-block-uagb-container uagb-block-11c2578b\">\n<div class=\"wp-block-uagb-image uagb-block-6e8883aa wp-block-uagb-image--layout-default wp-block-uagb-image--effect-static wp-block-uagb-image--align-none\"><figure class=\"wp-block-uagb-image__figure\"><a class=\"\" href=\"https:\/\/led.amasly.com\/pt\/products\/explosion-proof-lights\/\" target=\"\" rel=\"noopener\"><img decoding=\"async\" srcset=\"https:\/\/led.amasly.com\/wp-content\/uploads\/2024\/09\/LED-Explosion-Proof-Gas-Station-Light.png ,https:\/\/led.amasly.com\/wp-content\/uploads\/2024\/09\/LED-Explosion-Proof-Gas-Station-Light.png 780w, https:\/\/led.amasly.com\/wp-content\/uploads\/2024\/09\/LED-Explosion-Proof-Gas-Station-Light.png 360w\" sizes=\"auto, (max-width: 480px) 150px\" src=\"https:\/\/led.amasly.com\/wp-content\/uploads\/2024\/09\/LED-Explosion-Proof-Gas-Station-Light.png\" alt=\"\" class=\"uag-image-1501\" width=\"300\" height=\"300\" title=\"Luz LED para esta\u00e7\u00e3o de servi\u00e7o \u00e0 prova de explos\u00e3o\" loading=\"lazy\" role=\"img\"><\/a><\/figure><\/div>\n<\/div>\n<\/div><\/div>\n\n\n\n<div class=\"wp-block-uagb-container uagb-block-548945b5 alignfull uagb-is-root-container\"><div class=\"uagb-container-inner-blocks-wrap\">\n<div class=\"wp-block-uagb-container uagb-block-967755d5\">\n<h4 class=\"wp-block-heading has-text-align-center\"><a href=\"https:\/\/led.amasly.com\/pt\/products\/explosion-proof-lights\/\">Luzes LED \u00e0 prova de explos\u00e3o<\/a><\/h4>\n<\/div>\n\n\n\n<div class=\"wp-block-uagb-container uagb-block-9bc52fc2\">\n<h4 class=\"wp-block-heading has-text-align-center\"><a href=\"https:\/\/led.amasly.com\/pt\/products\/ex-proof-electrical-appliance\/\">Aparelho el\u00e9trico \u00e0 prova de explos\u00e3o<\/a><\/h4>\n<\/div>\n\n\n\n<div class=\"wp-block-uagb-container uagb-block-8ffa0a23\">\n<h4 class=\"wp-block-heading has-text-align-center\"><a href=\"https:\/\/led.amasly.com\/pt\/products\/explosion-proof-lights\/\">Luzes para postos de gasolina \u00e0 prova de explos\u00e3o<\/a><\/h4>\n<\/div>\n<\/div><\/div>\n\n\n\n<div class=\"wp-block-uagb-container uagb-block-29499fe0 alignfull uagb-is-root-container\"><div class=\"uagb-container-inner-blocks-wrap\">\n<div class=\"wp-block-uagb-container uagb-block-777ee1c7\">\n<div class=\"wp-block-uagb-image uagb-block-2e9a1851 wp-block-uagb-image--layout-default wp-block-uagb-image--effect-static wp-block-uagb-image--align-none\"><figure class=\"wp-block-uagb-image__figure\"><a class=\"\" href=\"https:\/\/led.amasly.com\/pt\/products\/led-flood-lights\/\" target=\"\" rel=\"noopener\"><img decoding=\"async\" srcset=\"https:\/\/led.amasly.com\/wp-content\/uploads\/2024\/10\/50W-100W-150W-200W-300W-LED-Flood-Light.jpg ,https:\/\/led.amasly.com\/wp-content\/uploads\/2024\/10\/50W-100W-150W-200W-300W-LED-Flood-Light.jpg 780w, https:\/\/led.amasly.com\/wp-content\/uploads\/2024\/10\/50W-100W-150W-200W-300W-LED-Flood-Light.jpg 360w\" sizes=\"auto, (max-width: 480px) 150px\" src=\"https:\/\/led.amasly.com\/wp-content\/uploads\/2024\/10\/50W-100W-150W-200W-300W-LED-Flood-Light.jpg\" alt=\"\" class=\"uag-image-1526\" width=\"300\" height=\"300\" title=\"Holofote LED 50W 100W 150W 200W 300W\" loading=\"lazy\" role=\"img\"><\/a><\/figure><\/div>\n<\/div>\n\n\n\n<div class=\"wp-block-uagb-container uagb-block-af8c8683\">\n<div class=\"wp-block-uagb-image uagb-block-67947854 wp-block-uagb-image--layout-default wp-block-uagb-image--effect-static wp-block-uagb-image--align-none\"><figure class=\"wp-block-uagb-image__figure\"><a class=\"\" href=\"https:\/\/led.amasly.com\/pt\/products\/led-high-bay-light\/\" target=\"\" rel=\"noopener\"><img decoding=\"async\" srcset=\"https:\/\/led.amasly.com\/wp-content\/uploads\/2025\/05\/high-bay-light.webp ,https:\/\/led.amasly.com\/wp-content\/uploads\/2025\/05\/high-bay-light.webp 780w, https:\/\/led.amasly.com\/wp-content\/uploads\/2025\/05\/high-bay-light.webp 360w\" sizes=\"auto, (max-width: 480px) 150px\" src=\"https:\/\/led.amasly.com\/wp-content\/uploads\/2025\/05\/high-bay-light.webp\" alt=\"\" class=\"uag-image-3954\" width=\"300\" height=\"300\" title=\"luz de alto brilho\" loading=\"lazy\" role=\"img\"><\/a><\/figure><\/div>\n<\/div>\n\n\n\n<div class=\"wp-block-uagb-container uagb-block-0fdfdd58\">\n<div class=\"wp-block-uagb-image uagb-block-1187d32d wp-block-uagb-image--layout-default wp-block-uagb-image--effect-static wp-block-uagb-image--align-none\"><figure class=\"wp-block-uagb-image__figure\"><a class=\"\" href=\"https:\/\/led.amasly.com\/pt\/products\/\" target=\"\" rel=\"noopener\"><img decoding=\"async\" srcset=\"https:\/\/led.amasly.com\/wp-content\/uploads\/2024\/07\/LED-street-light.jpg ,https:\/\/led.amasly.com\/wp-content\/uploads\/2024\/07\/LED-street-light.jpg 780w, https:\/\/led.amasly.com\/wp-content\/uploads\/2024\/07\/LED-street-light.jpg 360w\" sizes=\"auto, (max-width: 480px) 150px\" src=\"https:\/\/led.amasly.com\/wp-content\/uploads\/2024\/07\/LED-street-light.jpg\" alt=\"\" class=\"uag-image-1145\" width=\"300\" height=\"300\" title=\"Luz de rua LED\" loading=\"lazy\" role=\"img\"><\/a><\/figure><\/div>\n<\/div>\n<\/div><\/div>\n\n\n\n<div class=\"wp-block-uagb-container uagb-block-6a60882c alignfull uagb-is-root-container\"><div class=\"uagb-container-inner-blocks-wrap\">\n<div class=\"wp-block-uagb-container uagb-block-f1e91a35\">\n<h4 class=\"wp-block-heading has-text-align-center\"><a href=\"https:\/\/led.amasly.com\/pt\/products\/led-flood-lights\/\">Luzes de inunda\u00e7\u00e3o LED<\/a><\/h4>\n<\/div>\n\n\n\n<div class=\"wp-block-uagb-container uagb-block-165bfa58\">\n<h4 class=\"wp-block-heading has-text-align-center\"><a href=\"https:\/\/led.amasly.com\/pt\/products\/led-high-bay-light\/\">Luzes LED de alto brilho<\/a><\/h4>\n<\/div>\n\n\n\n<div class=\"wp-block-uagb-container uagb-block-f6096e3b\">\n<h4 class=\"wp-block-heading has-text-align-center\"><a href=\"https:\/\/led.amasly.com\/pt\/products\/https:\/\/led.amasly.com\/products\/led-street-lights\/\">Luzes de rua LED<\/a><\/h4>\n<\/div>\n<\/div><\/div>\n\n\n\n<div class=\"wp-block-uagb-container uagb-block-99c0e0a5 alignfull uagb-is-root-container\"><div class=\"uagb-container-inner-blocks-wrap\"><\/div><\/div>","protected":false},"excerpt":{"rendered":"<p>At A Glance Amasly Lighting is a leading professional lighting company dedicated to illuminating spaces with creativity, innovation, and sustainability. With a focus on quality, efficiency, and customer satisfaction, we offer a comprehensive range of cutting-edge lighting solutions tailored to meet the diverse needs of our clients. Our team of experts combines technical expertise with [&hellip;]<\/p>\n","protected":false},"author":1,"featured_media":0,"parent":0,"menu_order":0,"comment_status":"closed","ping_status":"closed","template":"","meta":{"_uag_custom_page_level_css":"","site-sidebar-layout":"no-sidebar","site-content-layout":"","ast-site-content-layout":"default","site-content-style":"default","site-sidebar-style":"default","ast-global-header-display":"","ast-banner-title-visibility":"","ast-main-header-display":"","ast-hfb-above-header-display":"","ast-hfb-below-header-display":"","ast-hfb-mobile-header-display":"","site-post-title":"disabled","ast-breadcrumbs-content":"","ast-featured-img":"","footer-sml-layout":"","ast-disable-related-posts":"","theme-transparent-header-meta":"enabled","adv-header-id-meta":"","stick-header-meta":"","header-above-stick-meta":"","header-main-stick-meta":"","header-below-stick-meta":"","astra-migrate-meta-layouts":"set","ast-page-background-enabled":"default","ast-page-background-meta":{"desktop":{"background-color":"var(--ast-global-color-4)","background-image":"","background-repeat":"repeat","background-position":"center center","background-size":"auto","background-attachment":"scroll","background-type":"","background-media":"","overlay-type":"","overlay-color":"","overlay-opacity":"","overlay-gradient":""},"tablet":{"background-color":"","background-image":"","background-repeat":"repeat","background-position":"center center","background-size":"auto","background-attachment":"scroll","background-type":"","background-media":"","overlay-type":"","overlay-color":"","overlay-opacity":"","overlay-gradient":""},"mobile":{"background-color":"","background-image":"","background-repeat":"repeat","background-position":"center center","background-size":"auto","background-attachment":"scroll","background-type":"","background-media":"","overlay-type":"","overlay-color":"","overlay-opacity":"","overlay-gradient":""}},"ast-content-background-meta":{"desktop":{"background-color":"var(--ast-global-color-5)","background-image":"","background-repeat":"repeat","background-position":"center center","background-size":"auto","background-attachment":"scroll","background-type":"","background-media":"","overlay-type":"","overlay-color":"","overlay-opacity":"","overlay-gradient":""},"tablet":{"background-color":"var(--ast-global-color-5)","background-image":"","background-repeat":"repeat","background-position":"center center","background-size":"auto","background-attachment":"scroll","background-type":"","background-media":"","overlay-type":"","overlay-color":"","overlay-opacity":"","overlay-gradient":""},"mobile":{"background-color":"var(--ast-global-color-5)","background-image":"","background-repeat":"repeat","background-position":"center center","background-size":"auto","background-attachment":"scroll","background-type":"","background-media":"","overlay-type":"","overlay-color":"","overlay-opacity":"","overlay-gradient":""}},"footnotes":""},"class_list":["post-1038","page","type-page","status-publish","hentry"],"uagb_featured_image_src":{"full":false,"thumbnail":false,"medium":false,"medium_large":false,"large":false,"1536x1536":false,"2048x2048":false,"trp-custom-language-flag":false},"uagb_author_info":{"display_name":"Joe","author_link":"https:\/\/led.amasly.com\/pt\/author\/jacklin\/"},"uagb_comment_info":0,"uagb_excerpt":"At A Glance Amasly Lighting is a leading professional lighting company dedicated to illuminating spaces with creativity, innovation, and sustainability. With a focus on quality, efficiency, and customer satisfaction, we offer a comprehensive range of cutting-edge lighting solutions tailored to meet the diverse needs of our clients. Our team of experts combines technical expertise with&hellip;","_links":{"self":[{"href":"https:\/\/led.amasly.com\/pt\/wp-json\/wp\/v2\/pages\/1038","targetHints":{"allow":["GET"]}}],"collection":[{"href":"https:\/\/led.amasly.com\/pt\/wp-json\/wp\/v2\/pages"}],"about":[{"href":"https:\/\/led.amasly.com\/pt\/wp-json\/wp\/v2\/types\/page"}],"author":[{"embeddable":true,"href":"https:\/\/led.amasly.com\/pt\/wp-json\/wp\/v2\/users\/1"}],"replies":[{"embeddable":true,"href":"https:\/\/led.amasly.com\/pt\/wp-json\/wp\/v2\/comments?post=1038"}],"version-history":[{"count":14,"href":"https:\/\/led.amasly.com\/pt\/wp-json\/wp\/v2\/pages\/1038\/revisions"}],"predecessor-version":[{"id":4681,"href":"https:\/\/led.amasly.com\/pt\/wp-json\/wp\/v2\/pages\/1038\/revisions\/4681"}],"wp:attachment":[{"href":"https:\/\/led.amasly.com\/pt\/wp-json\/wp\/v2\/media?parent=1038"}],"curies":[{"name":"wp","href":"https:\/\/api.w.org\/{rel}","templated":true}]}}