{"id":4421,"date":"2026-01-15T20:32:07","date_gmt":"2026-01-15T12:32:07","guid":{"rendered":"https:\/\/led.amasly.com\/?page_id=4421"},"modified":"2026-01-24T20:27:42","modified_gmt":"2026-01-24T12:27:42","slug":"dont-underestimate-construction-site-street-lights-choose-right-use-right-and-speed-up-your-project","status":"publish","type":"page","link":"https:\/\/led.amasly.com\/nl\/knowledge\/outdoor-light-knowledge\/dont-underestimate-construction-site-street-lights-choose-right-use-right-and-speed-up-your-project\/","title":{"rendered":"Onderschat de straatverlichting op bouwplaatsen niet! Kies juist, gebruik juist en bespoedig uw project"},"content":{"rendered":"<div class=\"wp-block-uagb-container uagb-block-27bae773 alignfull uagb-is-root-container\"><div class=\"uagb-container-inner-blocks-wrap\"><\/div><\/div>\n\n\n\n<h1 class=\"wp-block-heading has-text-align-center\"><strong>Onderschat de bouw niet <\/strong><strong>Straat <\/strong><strong>Licht<\/strong><strong>s<\/strong><strong>! Kies juist, gebruik juist en versnel uw project<\/strong><strong><\/strong><\/h1>\n\n\n\n<p>Bij verschillende bouwprojecten - van wegrenovaties in de stad tot de bouw van fabrieken in de voorsteden - blijft verlichting een kritieke factor die de voortgang van het project be\u00efnvloedt. Vanwege de beperkte werkuren overdag en strakke schema's is \u201cs nachts bouwen voor veel projecten routine geworden. Als de \u201dbelangrijkste verlichtingsapparatuur\" in de bouw zorgen straatlantaarns niet alleen voor een duidelijk zicht op de werkzaamheden, maar waarborgen ze ook de veiligheid en effici\u00ebntie van de bouw.<\/p>\n\n\n\n<figure class=\"wp-block-image aligncenter size-full\"><img decoding=\"async\" width=\"300\" height=\"300\" src=\"https:\/\/led.amasly.com\/wp-content\/uploads\/2026\/01\/LED-street-light.jpg\" alt=\"Street Lights\" class=\"wp-image-4422\" title=\"\" srcset=\"https:\/\/led.amasly.com\/wp-content\/uploads\/2026\/01\/LED-street-light.jpg 300w, https:\/\/led.amasly.com\/wp-content\/uploads\/2026\/01\/LED-street-light-150x150.jpg 150w, https:\/\/led.amasly.com\/wp-content\/uploads\/2026\/01\/LED-street-light-12x12.jpg 12w\" sizes=\"(max-width: 300px) 100vw, 300px\" \/><\/figure>\n\n\n\n<h2 class=\"wp-block-heading\"><strong>I. Praktische waarde van constructie <\/strong><strong>Straat <\/strong><strong>Licht<\/strong><strong>s<\/strong><strong>&nbsp;in Locatieomgevingen<\/strong><strong><\/strong><\/h2>\n\n\n\n<h3 class=\"wp-block-heading\"><strong>Aanpasbaarheid aan diverse bouwomgevingen<\/strong><strong><\/strong><\/h3>\n\n\n\n<p>Of het nu gaat om het repareren van ondergrondse pijpleidingen in smalle steegjes of het monteren van staalconstructies in open velden, gespecialiseerde straatverlichting voor de bouw kan kritieke werkzones, zoals het verbinden van wapening of het monteren van apparatuur, nauwkeurig verlichten door de kophoeken en montagehoogtes aan te passen. Adequate verlichting beperkt fouten bij precisiewerk tot een minimum, vermindert het aantal nabewerkingen en waarborgt de kwaliteit van de constructie.<\/p>\n\n\n\n<h3 class=\"wp-block-heading\"><strong>Hoge mobiliteit<\/strong><strong><\/strong><\/h3>\n\n\n\n<p>De meeste straatlantaarns voor de bouw zijn voorzien van wielen of handgrepen, zodat er geen voorbedrade installaties nodig zijn. Werknemers kunnen ze indien nodig flexibel verplaatsen naar gebieden zoals afgravingsputten of materiaaltransportroutes, zich aanpassen aan vaak veranderende werkzones en omslachtige processen voor het aan- en afkoppelen van bedrading omzeilen.<\/p>\n\n\n\n<h3 class=\"wp-block-heading\"><strong>Duurzaamheid voor bouwomgevingen<\/strong><strong><\/strong><\/h3>\n\n\n\n<p>Deze lampen zijn ontworpen voor stoffige, trillingsintensieve locaties en hebben robuuste kunststof behuizingen en stofdichte ontwerpen die bestand zijn tegen zware omstandigheden. Ze bieden ook een langere levensduur, met een consistente helderheid gedurende meer dan tien uur continu gebruik, waardoor vertragingen in het schema door het vaak verwisselen of opladen van de batterij worden voorkomen.<\/p>\n\n\n\n<h2 class=\"wp-block-heading\"><strong>II. Belangrijke overwegingen voor de bouw <\/strong><strong>Straat <\/strong><strong>Licht<\/strong><strong>s<\/strong><strong><\/strong><\/h2>\n\n\n\n<h3 class=\"wp-block-heading\"><strong>Vermijd gevaarlijke zones tijdens de installatie<\/strong><strong><\/strong><\/h3>\n\n\n\n<p>Raadpleeg v\u00f3\u00f3r de installatie de plattegrond van de locatie om de lampen uit de buurt van ondergrondse kabels, waterleidingen en andere infrastructuur te plaatsen om schade tijdens de installatie te voorkomen. Vermijd bovendien de actieradius van grote machines zoals kranen en graafmachines om botsingen te voorkomen die de lampen kunnen beschadigen of ongelukken kunnen veroorzaken.<\/p>\n\n\n\n<h3 class=\"wp-block-heading\"><strong>Maatregelen voor bescherming buitenshuis implementeren<\/strong><strong><\/strong><\/h3>\n\n\n\n<p>Bij installaties buitenshuis moeten de waterdichte afdichtingen en de bedrading v\u00f3\u00f3r de regen worden ge\u00efnspecteerd om kortsluiting door vocht te voorkomen. Berg na een nachtelijke werkonderbreking de draagbare lampen op onder regenkappen of plaats waarschuwingskegels en reflecterende tape eromheen om onbedoeld contact door personeel of voertuigen te voorkomen.<\/p>\n\n\n\n<h3 class=\"wp-block-heading\"><strong>Selecteer geschikte lichtmodellen op basis van de vereisten<\/strong><strong><\/strong><\/h3>\n\n\n\n<p>Vermijd het blind nastreven van een hoge helderheid. Kies op basis van constructiescenario's: Gebruik voor gedetailleerde werkzaamheden zoals het bepleisteren van muren of het lassen van pijpen schijnwerpers met zacht licht om te voorkomen dat verblinding de werkzaamheden be\u00efnvloedt. Voor grootschalige scenario's zoals de algehele verlichting van het bouwterrein of werkzaamheden met zwaar materieel zijn schijnwerpers met een hoge helderheid essentieel om een uitgebreide dekking zonder donkere plekken te garanderen.<\/p>\n\n\n\n<h2 class=\"wp-block-heading\"><strong>Overzicht straatverlichting<\/strong><\/h2>\n\n\n\n<p>Voor bouwbedrijven dient een zeer flexibel en duurzaam licht als \u201cbeschermend schild\u201d voor de veiligheid van de werknemers en als \u201cbooster\u201d om de voortgang van het project te versnellen. Onze specifieke schijnwerpers voor de bouw zijn voorzien van grote, vergrendelbare wielen en doorstaan valtests van 1,5 meter met IP65-certificering voor stof- en waterdichtheid, waardoor ze geschikt zijn voor diverse locaties, waaronder wegen in de stad, gemeentelijke pijpleidingen en fabrieken in de buitenwijken. Als u voor uitdagingen staat op het gebied van bouwverlichting, bekijk dan onze oplossingen om de veiligheid en effici\u00ebntie van uw projecten te verbeteren.<\/p>\n\n\n\n<p class=\"has-text-align-left\">Amasly Lighting, een professionele industri\u00eble verlichtingsmerk bedrijf, met offici\u00eble websites op led.amasly.com en amasly.com, is gespecialiseerd in de ge\u00efntegreerde R &amp; D, productie en verkoop van industri\u00eble verlichtingsarmaturen. Het bedrijf richt zich op de Zuidoost-Aziatische en Midden-Oosterse markten en verkoopt zijn producten aan meer dan 100 landen en regio's wereldwijd. Alle explosieveilige producten voldoen aan de ATEX-certificeringsvereisten. Tot de belangrijkste productlijnen behoren: explosieveilige lampen, explosieveilige elektrische apparatuur, hoogbouwlampen, schijnwerpers, straatverlichting, verlichtingsarmaturen op zonne-energie en nog veel meer.<\/p>\n\n\n\n<p>Standaard: <a href=\"http:\/\/www.iec.com\" rel=\"nofollow noopener\" target=\"_blank\">IEC60598<\/a><\/p>\n\n\n\n<div class=\"wp-block-uagb-container uagb-block-c7d898dd alignfull uagb-is-root-container\"><div class=\"uagb-container-inner-blocks-wrap\"><\/div><\/div>\n\n\n\n<h2 class=\"wp-block-heading\">Verwante producten<\/h2>\n\n\n\n<div class=\"wp-block-uagb-container uagb-block-66e4defc alignfull uagb-is-root-container\"><div class=\"uagb-container-inner-blocks-wrap\">\n<div class=\"wp-block-uagb-container uagb-block-a42945f9\">\n<div class=\"wp-block-uagb-image uagb-block-7296296b wp-block-uagb-image--layout-default wp-block-uagb-image--effect-static wp-block-uagb-image--align-none\"><figure class=\"wp-block-uagb-image__figure\"><a class=\"\" href=\"https:\/\/led.amasly.com\/nl\/products\/\" target=\"\" rel=\"noopener\"><img decoding=\"async\" srcset=\"https:\/\/led.amasly.com\/wp-content\/uploads\/2024\/09\/Explosion-proof-high-bay-lights.png ,https:\/\/led.amasly.com\/wp-content\/uploads\/2024\/09\/Explosion-proof-high-bay-lights.png 780w, https:\/\/led.amasly.com\/wp-content\/uploads\/2024\/09\/Explosion-proof-high-bay-lights.png 360w\" sizes=\"auto, (max-width: 480px) 150px\" src=\"https:\/\/led.amasly.com\/wp-content\/uploads\/2024\/09\/Explosion-proof-high-bay-lights.png\" alt=\"\" class=\"uag-image-1495\" width=\"300\" height=\"300\" title=\"Explosieveilige hoogbouwlampen\" loading=\"lazy\" role=\"img\"><\/a><\/figure><\/div>\n<\/div>\n\n\n\n<div class=\"wp-block-uagb-container uagb-block-4d3efde5\">\n<div class=\"wp-block-uagb-image uagb-block-c9e90797 wp-block-uagb-image--layout-default wp-block-uagb-image--effect-static wp-block-uagb-image--align-none\"><figure class=\"wp-block-uagb-image__figure\"><a class=\"\" href=\"https:\/\/led.amasly.com\/nl\/products\/\" target=\"\" rel=\"noopener\"><img decoding=\"async\" srcset=\"https:\/\/led.amasly.com\/wp-content\/uploads\/2024\/07\/LED-tri-proof-lights2.png ,https:\/\/led.amasly.com\/wp-content\/uploads\/2024\/07\/LED-tri-proof-lights2.png 780w, https:\/\/led.amasly.com\/wp-content\/uploads\/2024\/07\/LED-tri-proof-lights2.png 360w\" sizes=\"auto, (max-width: 480px) 150px\" src=\"https:\/\/led.amasly.com\/wp-content\/uploads\/2024\/07\/LED-tri-proof-lights2.png\" alt=\"\" class=\"uag-image-1132\" width=\"300\" height=\"300\" title=\"LED-drie-op-een-rij verlichting2\" loading=\"lazy\" role=\"img\"><\/a><\/figure><\/div>\n<\/div>\n\n\n\n<div class=\"wp-block-uagb-container uagb-block-11c2578b\">\n<div class=\"wp-block-uagb-image uagb-block-6e8883aa wp-block-uagb-image--layout-default wp-block-uagb-image--effect-static wp-block-uagb-image--align-none\"><figure class=\"wp-block-uagb-image__figure\"><a class=\"\" href=\"https:\/\/led.amasly.com\/nl\/products\/\" target=\"\" rel=\"noopener\"><img decoding=\"async\" srcset=\"https:\/\/led.amasly.com\/wp-content\/uploads\/2024\/09\/LED-Explosion-Proof-Gas-Station-Light.png ,https:\/\/led.amasly.com\/wp-content\/uploads\/2024\/09\/LED-Explosion-Proof-Gas-Station-Light.png 780w, https:\/\/led.amasly.com\/wp-content\/uploads\/2024\/09\/LED-Explosion-Proof-Gas-Station-Light.png 360w\" sizes=\"auto, (max-width: 480px) 150px\" src=\"https:\/\/led.amasly.com\/wp-content\/uploads\/2024\/09\/LED-Explosion-Proof-Gas-Station-Light.png\" alt=\"\" class=\"uag-image-1501\" width=\"300\" height=\"300\" title=\"LED explosieveilige benzinestationverlichting\" loading=\"lazy\" role=\"img\"><\/a><\/figure><\/div>\n<\/div>\n<\/div><\/div>\n\n\n\n<div class=\"wp-block-uagb-container uagb-block-548945b5 alignfull uagb-is-root-container\"><div class=\"uagb-container-inner-blocks-wrap\">\n<div class=\"wp-block-uagb-container uagb-block-967755d5\">\n<h4 class=\"wp-block-heading has-text-align-center\"><a href=\"https:\/\/led.amasly.com\/nl\/products\/\">LED explosieveilige lampen<\/a><\/h4>\n<\/div>\n\n\n\n<div class=\"wp-block-uagb-container uagb-block-9bc52fc2\">\n<h4 class=\"wp-block-heading has-text-align-center\"><a href=\"https:\/\/led.amasly.com\/nl\/products\/\">LED Tri-Proof lampen<\/a><\/h4>\n<\/div>\n\n\n\n<div class=\"wp-block-uagb-container uagb-block-8ffa0a23\">\n<h4 class=\"wp-block-heading has-text-align-center\"><a href=\"https:\/\/led.amasly.com\/nl\/products\/\">Explosiebestendige lampen voor benzinestations<\/a><\/h4>\n<\/div>\n<\/div><\/div>\n\n\n\n<div class=\"wp-block-uagb-container uagb-block-29499fe0 alignfull uagb-is-root-container\"><div class=\"uagb-container-inner-blocks-wrap\">\n<div class=\"wp-block-uagb-container uagb-block-777ee1c7\">\n<div class=\"wp-block-uagb-image uagb-block-2e9a1851 wp-block-uagb-image--layout-default wp-block-uagb-image--effect-static wp-block-uagb-image--align-none\"><figure class=\"wp-block-uagb-image__figure\"><a class=\"\" href=\"https:\/\/led.amasly.com\/nl\/products\/\" target=\"\" rel=\"noopener\"><img decoding=\"async\" srcset=\"https:\/\/led.amasly.com\/wp-content\/uploads\/2024\/10\/50W-100W-150W-200W-300W-LED-Flood-Light.jpg ,https:\/\/led.amasly.com\/wp-content\/uploads\/2024\/10\/50W-100W-150W-200W-300W-LED-Flood-Light.jpg 780w, https:\/\/led.amasly.com\/wp-content\/uploads\/2024\/10\/50W-100W-150W-200W-300W-LED-Flood-Light.jpg 360w\" sizes=\"auto, (max-width: 480px) 150px\" src=\"https:\/\/led.amasly.com\/wp-content\/uploads\/2024\/10\/50W-100W-150W-200W-300W-LED-Flood-Light.jpg\" alt=\"\" class=\"uag-image-1526\" width=\"300\" height=\"300\" title=\"50W 100W 150W 200W 300W LED Flood Light\" loading=\"lazy\" role=\"img\"><\/a><\/figure><\/div>\n<\/div>\n\n\n\n<div class=\"wp-block-uagb-container uagb-block-af8c8683\">\n<div class=\"wp-block-uagb-image uagb-block-67947854 wp-block-uagb-image--layout-default wp-block-uagb-image--effect-static wp-block-uagb-image--align-none\"><figure class=\"wp-block-uagb-image__figure\"><a class=\"\" href=\"https:\/\/led.amasly.com\/nl\/products\/\" target=\"\" rel=\"noopener\"><img decoding=\"async\" srcset=\"https:\/\/led.amasly.com\/wp-content\/uploads\/2024\/07\/led-tri-proof-light.png ,https:\/\/led.amasly.com\/wp-content\/uploads\/2024\/07\/led-tri-proof-light.png 780w, https:\/\/led.amasly.com\/wp-content\/uploads\/2024\/07\/led-tri-proof-light.png 360w\" sizes=\"auto, (max-width: 480px) 150px\" src=\"https:\/\/led.amasly.com\/wp-content\/uploads\/2024\/07\/led-tri-proof-light.png\" alt=\"\" class=\"uag-image-1130\" width=\"300\" height=\"300\" title=\"led-drie-veilig-licht\" loading=\"lazy\" role=\"img\"><\/a><\/figure><\/div>\n<\/div>\n\n\n\n<div class=\"wp-block-uagb-container uagb-block-0fdfdd58\">\n<div class=\"wp-block-uagb-image uagb-block-1187d32d wp-block-uagb-image--layout-default wp-block-uagb-image--effect-static wp-block-uagb-image--align-none\"><figure class=\"wp-block-uagb-image__figure\"><a class=\"\" href=\"https:\/\/led.amasly.com\/nl\/products\/\" target=\"\" rel=\"noopener\"><img decoding=\"async\" srcset=\"https:\/\/led.amasly.com\/wp-content\/uploads\/2024\/07\/LED-street-light.jpg ,https:\/\/led.amasly.com\/wp-content\/uploads\/2024\/07\/LED-street-light.jpg 780w, https:\/\/led.amasly.com\/wp-content\/uploads\/2024\/07\/LED-street-light.jpg 360w\" sizes=\"auto, (max-width: 480px) 150px\" src=\"https:\/\/led.amasly.com\/wp-content\/uploads\/2024\/07\/LED-street-light.jpg\" alt=\"\" class=\"uag-image-1145\" width=\"300\" height=\"300\" title=\"LED-straatverlichting\" loading=\"lazy\" role=\"img\"><\/a><\/figure><\/div>\n<\/div>\n<\/div><\/div>\n\n\n\n<div class=\"wp-block-uagb-container uagb-block-6a60882c alignfull uagb-is-root-container\"><div class=\"uagb-container-inner-blocks-wrap\">\n<div class=\"wp-block-uagb-container uagb-block-f1e91a35\">\n<h4 class=\"wp-block-heading has-text-align-center\"><a href=\"https:\/\/led.amasly.com\/nl\/products\/\">LED overstromingslampen<\/a><\/h4>\n<\/div>\n\n\n\n<div class=\"wp-block-uagb-container uagb-block-165bfa58\">\n<h4 class=\"wp-block-heading has-text-align-center\"><a href=\"https:\/\/led.amasly.com\/nl\/products\/\">LED Tri-Proof buislampen<\/a><\/h4>\n<\/div>\n\n\n\n<div class=\"wp-block-uagb-container uagb-block-f6096e3b\">\n<h4 class=\"wp-block-heading has-text-align-center\"><a href=\"https:\/\/led.amasly.com\/nl\/products\/\">LED-straatverlichting<\/a><\/h4>\n<\/div>\n<\/div><\/div>\n\n\n\n<div class=\"wp-block-uagb-container uagb-block-99c0e0a5 alignfull uagb-is-root-container\"><div class=\"uagb-container-inner-blocks-wrap\"><\/div><\/div>\n\n\n\n<p><\/p>","protected":false},"excerpt":{"rendered":"<p>Don&#8217;t Underestimate Construction Site Street Lights! Choose Right, Use Right, and Speed Up Your Project In various construction projects\u2014from urban road renovations to suburban factory construction\u2014lighting remains a critical factor affecting project progress. Due to limited daytime working hours and tight schedules, nighttime construction has become routine for many projects. As the \u201ckey lighting equipment\u201d [&hellip;]<\/p>\n","protected":false},"author":1,"featured_media":0,"parent":4122,"menu_order":0,"comment_status":"closed","ping_status":"closed","template":"","meta":{"_uag_custom_page_level_css":"","site-sidebar-layout":"no-sidebar","site-content-layout":"","ast-site-content-layout":"default","site-content-style":"default","site-sidebar-style":"default","ast-global-header-display":"","ast-banner-title-visibility":"","ast-main-header-display":"","ast-hfb-above-header-display":"","ast-hfb-below-header-display":"","ast-hfb-mobile-header-display":"","site-post-title":"disabled","ast-breadcrumbs-content":"","ast-featured-img":"","footer-sml-layout":"","ast-disable-related-posts":"","theme-transparent-header-meta":"enabled","adv-header-id-meta":"","stick-header-meta":"","header-above-stick-meta":"","header-main-stick-meta":"","header-below-stick-meta":"","astra-migrate-meta-layouts":"set","ast-page-background-enabled":"default","ast-page-background-meta":{"desktop":{"background-color":"var(--ast-global-color-4)","background-image":"","background-repeat":"repeat","background-position":"center center","background-size":"auto","background-attachment":"scroll","background-type":"","background-media":"","overlay-type":"","overlay-color":"","overlay-opacity":"","overlay-gradient":""},"tablet":{"background-color":"","background-image":"","background-repeat":"repeat","background-position":"center center","background-size":"auto","background-attachment":"scroll","background-type":"","background-media":"","overlay-type":"","overlay-color":"","overlay-opacity":"","overlay-gradient":""},"mobile":{"background-color":"","background-image":"","background-repeat":"repeat","background-position":"center center","background-size":"auto","background-attachment":"scroll","background-type":"","background-media":"","overlay-type":"","overlay-color":"","overlay-opacity":"","overlay-gradient":""}},"ast-content-background-meta":{"desktop":{"background-color":"var(--ast-global-color-5)","background-image":"","background-repeat":"repeat","background-position":"center center","background-size":"auto","background-attachment":"scroll","background-type":"","background-media":"","overlay-type":"","overlay-color":"","overlay-opacity":"","overlay-gradient":""},"tablet":{"background-color":"var(--ast-global-color-5)","background-image":"","background-repeat":"repeat","background-position":"center center","background-size":"auto","background-attachment":"scroll","background-type":"","background-media":"","overlay-type":"","overlay-color":"","overlay-opacity":"","overlay-gradient":""},"mobile":{"background-color":"var(--ast-global-color-5)","background-image":"","background-repeat":"repeat","background-position":"center center","background-size":"auto","background-attachment":"scroll","background-type":"","background-media":"","overlay-type":"","overlay-color":"","overlay-opacity":"","overlay-gradient":""}},"footnotes":""},"class_list":["post-4421","page","type-page","status-publish","hentry"],"uagb_featured_image_src":{"full":false,"thumbnail":false,"medium":false,"medium_large":false,"large":false,"1536x1536":false,"2048x2048":false,"trp-custom-language-flag":false},"uagb_author_info":{"display_name":"Joe","author_link":"https:\/\/led.amasly.com\/nl\/author\/jacklin\/"},"uagb_comment_info":0,"uagb_excerpt":"Don&#8217;t Underestimate Construction Site Street Lights! Choose Right, Use Right, and Speed Up Your Project In various construction projects\u2014from urban road renovations to suburban factory construction\u2014lighting remains a critical factor affecting project progress. Due to limited daytime working hours and tight schedules, nighttime construction has become routine for many projects. As the \u201ckey lighting equipment\u201d&hellip;","_links":{"self":[{"href":"https:\/\/led.amasly.com\/nl\/wp-json\/wp\/v2\/pages\/4421","targetHints":{"allow":["GET"]}}],"collection":[{"href":"https:\/\/led.amasly.com\/nl\/wp-json\/wp\/v2\/pages"}],"about":[{"href":"https:\/\/led.amasly.com\/nl\/wp-json\/wp\/v2\/types\/page"}],"author":[{"embeddable":true,"href":"https:\/\/led.amasly.com\/nl\/wp-json\/wp\/v2\/users\/1"}],"replies":[{"embeddable":true,"href":"https:\/\/led.amasly.com\/nl\/wp-json\/wp\/v2\/comments?post=4421"}],"version-history":[{"count":2,"href":"https:\/\/led.amasly.com\/nl\/wp-json\/wp\/v2\/pages\/4421\/revisions"}],"predecessor-version":[{"id":4705,"href":"https:\/\/led.amasly.com\/nl\/wp-json\/wp\/v2\/pages\/4421\/revisions\/4705"}],"up":[{"embeddable":true,"href":"https:\/\/led.amasly.com\/nl\/wp-json\/wp\/v2\/pages\/4122"}],"wp:attachment":[{"href":"https:\/\/led.amasly.com\/nl\/wp-json\/wp\/v2\/media?parent=4421"}],"curies":[{"name":"wp","href":"https:\/\/api.w.org\/{rel}","templated":true}]}}