{"id":2251,"date":"2025-03-05T22:08:19","date_gmt":"2025-03-05T14:08:19","guid":{"rendered":"https:\/\/led.amasly.com\/?page_id=2251"},"modified":"2026-01-22T13:15:51","modified_gmt":"2026-01-22T05:15:51","slug":"outdoor-emergency-lighting-solutions","status":"publish","type":"page","link":"https:\/\/led.amasly.com\/nl\/solutions\/outdoor-emergency-lighting-solutions\/","title":{"rendered":"Oplossingen voor noodverlichting buiten"},"content":{"rendered":"<div class=\"wp-block-uagb-container uagb-block-27bae773 alignfull uagb-is-root-container\"><div class=\"uagb-container-inner-blocks-wrap\"><\/div><\/div>\n\n\n\n<h1 class=\"wp-block-heading has-text-align-center\">Noodgevallen buiten<strong> Verlichtingsoplossingen<\/strong><\/h1>\n\n\n\n<h2 class=\"wp-block-heading\"><strong>Oplossingen voor noodverlichting voor buiten introduceren:<\/strong> <\/h2>\n\n\n\n<p>Noodverlichting apparatuur als een macht noodsituatie verwijdering in een essentieel soort apparatuur, de sc\u00e8ne van noodverlichting programma-ontwerp, dagelijkse noodverlichting apparatuur vaardigheden opleiding, aan te passen aan de omgeving van noodverlichting apparatuur onderzoek en ontwikkeling zijn gerelateerd aan de noodverlichting apparatuur in de verwijdering van noodsituaties gebeurtenissen een rol spelen.<\/p>\n\n\n\n<div class=\"wp-block-uagb-image uagb-block-c351aead wp-block-uagb-image--layout-default wp-block-uagb-image--effect-static wp-block-uagb-image--align-none\"><figure class=\"wp-block-uagb-image__figure\"><a class=\"\" href=\"https:\/\/led.amasly.com\/nl\/products\/\" target=\"\" rel=\"noopener\"><img decoding=\"async\" srcset=\"https:\/\/led.amasly.com\/wp-content\/uploads\/2025\/03\/\u56fe\u72471-4.png 625w, https:\/\/led.amasly.com\/wp-content\/uploads\/2025\/03\/\u56fe\u72471-4-250x300.png 250w, https:\/\/led.amasly.com\/wp-content\/uploads\/2025\/03\/\u56fe\u72471-4-10x12.png 10w\" sizes=\"auto, (max-width: 480px) 150px\" src=\"https:\/\/led.amasly.com\/wp-content\/uploads\/2025\/03\/\u56fe\u72471-4.png\" alt=\"\" class=\"uag-image-2259\" width=\"625\" height=\"751\" title=\"\u56fe\u72471\" loading=\"lazy\" role=\"img\"><\/a><\/figure><\/div>\n\n\n\n<p>De belangrijkste taak na de ramp is om snel te redden, het maximaliseren van de veiligheid van het leven, dat is niet alleen het reddingsteam moet de verantwoordelijkheid dragen, meer is de missie gegeven door de gemeenschap. Redding zo snel mogelijk is de eerste prioriteit, dus het is onvermijdelijk dat moet dag shift redding, en 's nachts, als er geen effici\u00ebnte noodverlichting als een garantie is gebonden aan de effici\u00ebntie van de redding be\u00efnvloeden.<\/p>\n\n\n\n<p>Als gevolg van natuurrampen veroorzaakt door lokale macht verlamming, in de redding en hervestiging van slachtoffers op hetzelfde moment, de noodzaak voor onmiddellijk herstel van de lokale schade aan het elektriciteitsnet, de sc\u00e8ne verlichting moet worden hoge helderheid, bestraling gebied is breed, en in de afwezigheid van het elektriciteitsnet moet kunnen gebruiken self-powered vorm van lampen en lantaarns om te voldoen aan de sc\u00e8ne van de reparatie behoeften.<\/p>\n\n\n\n<div class=\"wp-block-uagb-image uagb-block-ae571b06 wp-block-uagb-image--layout-default wp-block-uagb-image--effect-static wp-block-uagb-image--align-none\"><figure class=\"wp-block-uagb-image__figure\"><img decoding=\"async\" srcset=\"https:\/\/led.amasly.com\/wp-content\/uploads\/2025\/03\/\u56fe\u72472-2.png ,https:\/\/led.amasly.com\/wp-content\/uploads\/2025\/03\/\u56fe\u72472-2.png 780w, https:\/\/led.amasly.com\/wp-content\/uploads\/2025\/03\/\u56fe\u72472-2.png 360w\" sizes=\"auto, (max-width: 480px) 150px\" src=\"https:\/\/led.amasly.com\/wp-content\/uploads\/2025\/03\/\u56fe\u72472-2.png\" alt=\"Outdoor Emergency Lighting Solutions: \" class=\"uag-image-2260\" width=\"759\" height=\"525\" title=\"Oplossingen voor noodverlichting voor buiten: \" loading=\"lazy\" role=\"img\"\/><\/figure><\/div>\n\n\n\n<h2 class=\"wp-block-heading\"><strong>Oplossingen voor noodverlichting buiten<\/strong>: <strong>Verlichting voor noodgevallen<\/strong><\/h2>\n\n\n\n<p>Onze verlichtingsoplossingen kunnen waarde toevoegen als ondersteunende dienst in uw noodhulpomgeving. Hieronder vindt u enkele van de verschillende behoeften in noodsituaties, zoals sociale hulpverlening, hervestiging, stroomherstel en behoud van politieke macht. Hieronder volgt een gedetailleerde beschrijving van de oplossingen en voordelen van onze verlichtingsapparatuur.<\/p>\n\n\n\n<h3 class=\"wp-block-heading\"><strong>Oplossingen voor noodverlichting buiten<\/strong>: <strong>Sociale redding<\/strong><\/h3>\n\n\n\n<p>Durf de moeilijkheden en gevaren aan, durf de verantwoordelijkheid te nemen. Licht is onmisbaar in de nacht noodsituatie redding, wordt gegeven de heilige missie, dus de noodsituatie redding verlichting eisen van onze lampen en lantaarns hoge helderheid, gemakkelijk mee te nemen, continu gebruik van een lange tijd om te voldoen aan de behoeften van de verschillende redding site omgeving.<\/p>\n\n\n\n<h3 class=\"wp-block-heading\"><strong>Oplossingen voor noodverlichting buiten<\/strong>: <strong>Hervestiging van slachtoffers van rampen<\/strong><\/h3>\n\n\n\n<p>In de reddingslocatie, de ramp hervestiging site is het verstrekken van een geconcentreerd gebied voor de slachtoffers om te leven, te rusten en te eten, die wordt gekenmerkt door een groot aantal mensen stromen, de noodzaak van een rustige omgeving 's nachts, de lampen en lantaarns moeten helder en op batterijen, om de schade veroorzaakt door het lawaai te verminderen.<\/p>\n\n\n\n<div class=\"wp-block-uagb-image uagb-block-a93357d5 wp-block-uagb-image--layout-default wp-block-uagb-image--effect-static wp-block-uagb-image--align-none\"><figure class=\"wp-block-uagb-image__figure\"><a class=\"\" href=\"https:\/\/led.amasly.com\/nl\/products\/\" target=\"\" rel=\"noopener\"><img decoding=\"async\" srcset=\"https:\/\/led.amasly.com\/wp-content\/uploads\/2025\/03\/\u56fe\u72473-2.png ,https:\/\/led.amasly.com\/wp-content\/uploads\/2025\/03\/\u56fe\u72473-2.png 780w, https:\/\/led.amasly.com\/wp-content\/uploads\/2025\/03\/\u56fe\u72473-2.png 360w\" sizes=\"auto, (max-width: 480px) 150px\" src=\"https:\/\/led.amasly.com\/wp-content\/uploads\/2025\/03\/\u56fe\u72473-2.png\" alt=\"\" class=\"uag-image-2261\" width=\"760\" height=\"462\" title=\"\u56fe\u72473\" loading=\"lazy\" role=\"img\"><\/a><\/figure><\/div>\n\n\n\n<h3 class=\"wp-block-heading\"><strong>Oplossingen voor noodverlichting buiten<\/strong>: <strong>Herstel van stroomvoorziening<\/strong><\/h3>\n\n\n\n<p>Als gevolg van natuurrampen veroorzaakt door lokale macht verlamming, in de redding en hervestiging van slachtoffers op hetzelfde moment, de noodzaak om onmiddellijk te herstellen van de lokale schade aan het machtssysteem, de site verlichting moet worden hoge helderheid, bestraling gebied, en in de afwezigheid van het elektriciteitsnet moet kunnen gebruiken self-powered vorm van lampen en lantaarns, om te voldoen aan de sc\u00e8ne van de noodsituatie reparatie behoeften.<\/p>\n\n\n\n<h3 class=\"wp-block-heading\"><strong>Oplossingen voor noodverlichting buiten<\/strong>: <strong>Stroombeveiliging voor grote evenementen<\/strong><\/h3>\n\n\n\n<p>Grote evenementen macht verwijst naar ervoor te zorgen dat belangrijke vergaderingen, grote evenementen, veilige en stabiele macht, in de nacht sc\u00e8ne, verlichting moet een rol spelen in de bestrijding van terrorisme, veiligheid, behoefte aan hoge helderheid, bestraling gebied breed, om zo te stabiliseren de sc\u00e8ne veiligheid.<\/p>\n\n\n\n<p>Standaard: <a href=\"http:\/\/www.iec.com\" rel=\"nofollow noopener\" target=\"_blank\">IEC 60598<\/a><\/p>\n\n\n\n<div class=\"wp-block-uagb-container uagb-block-c7d898dd alignfull uagb-is-root-container\"><div class=\"uagb-container-inner-blocks-wrap\"><\/div><\/div>\n\n\n\n<h2 class=\"wp-block-heading\">Verwante producten<\/h2>\n\n\n\n<div class=\"wp-block-uagb-container uagb-block-66e4defc alignfull uagb-is-root-container\"><div class=\"uagb-container-inner-blocks-wrap\">\n<div class=\"wp-block-uagb-container uagb-block-a42945f9\">\n<div class=\"wp-block-uagb-image uagb-block-7296296b wp-block-uagb-image--layout-default wp-block-uagb-image--effect-static wp-block-uagb-image--align-none\"><figure class=\"wp-block-uagb-image__figure\"><a class=\"\" href=\"https:\/\/led.amasly.com\/nl\/products\/\" target=\"\" rel=\"noopener\"><img decoding=\"async\" srcset=\"https:\/\/led.amasly.com\/wp-content\/uploads\/2024\/09\/Explosion-proof-high-bay-lights.png ,https:\/\/led.amasly.com\/wp-content\/uploads\/2024\/09\/Explosion-proof-high-bay-lights.png 780w, https:\/\/led.amasly.com\/wp-content\/uploads\/2024\/09\/Explosion-proof-high-bay-lights.png 360w\" sizes=\"auto, (max-width: 480px) 150px\" src=\"https:\/\/led.amasly.com\/wp-content\/uploads\/2024\/09\/Explosion-proof-high-bay-lights.png\" alt=\"\" class=\"uag-image-1495\" width=\"300\" height=\"300\" title=\"Explosieveilige hoogbouwlampen\" loading=\"lazy\" role=\"img\"><\/a><\/figure><\/div>\n<\/div>\n\n\n\n<div class=\"wp-block-uagb-container uagb-block-4d3efde5\">\n<div class=\"wp-block-uagb-image uagb-block-c9e90797 wp-block-uagb-image--layout-default wp-block-uagb-image--effect-static wp-block-uagb-image--align-none\"><figure class=\"wp-block-uagb-image__figure\"><a class=\"\" href=\"https:\/\/led.amasly.com\/nl\/products\/\" target=\"\" rel=\"noopener\"><img decoding=\"async\" srcset=\"https:\/\/led.amasly.com\/wp-content\/uploads\/2024\/07\/LED-tri-proof-lights2.png ,https:\/\/led.amasly.com\/wp-content\/uploads\/2024\/07\/LED-tri-proof-lights2.png 780w, https:\/\/led.amasly.com\/wp-content\/uploads\/2024\/07\/LED-tri-proof-lights2.png 360w\" sizes=\"auto, (max-width: 480px) 150px\" src=\"https:\/\/led.amasly.com\/wp-content\/uploads\/2024\/07\/LED-tri-proof-lights2.png\" alt=\"\" class=\"uag-image-1132\" width=\"300\" height=\"300\" title=\"LED-drie-op-een-rij verlichting2\" loading=\"lazy\" role=\"img\"><\/a><\/figure><\/div>\n<\/div>\n\n\n\n<div class=\"wp-block-uagb-container uagb-block-11c2578b\">\n<div class=\"wp-block-uagb-image uagb-block-6e8883aa wp-block-uagb-image--layout-default wp-block-uagb-image--effect-static wp-block-uagb-image--align-none\"><figure class=\"wp-block-uagb-image__figure\"><a class=\"\" href=\"https:\/\/led.amasly.com\/nl\/products\/\" target=\"\" rel=\"noopener\"><img decoding=\"async\" srcset=\"https:\/\/led.amasly.com\/wp-content\/uploads\/2024\/09\/LED-Explosion-Proof-Gas-Station-Light.png ,https:\/\/led.amasly.com\/wp-content\/uploads\/2024\/09\/LED-Explosion-Proof-Gas-Station-Light.png 780w, https:\/\/led.amasly.com\/wp-content\/uploads\/2024\/09\/LED-Explosion-Proof-Gas-Station-Light.png 360w\" sizes=\"auto, (max-width: 480px) 150px\" src=\"https:\/\/led.amasly.com\/wp-content\/uploads\/2024\/09\/LED-Explosion-Proof-Gas-Station-Light.png\" alt=\"\" class=\"uag-image-1501\" width=\"300\" height=\"300\" title=\"LED explosieveilige benzinestationverlichting\" loading=\"lazy\" role=\"img\"><\/a><\/figure><\/div>\n<\/div>\n<\/div><\/div>\n\n\n\n<div class=\"wp-block-uagb-container uagb-block-548945b5 alignfull uagb-is-root-container\"><div class=\"uagb-container-inner-blocks-wrap\">\n<div class=\"wp-block-uagb-container uagb-block-967755d5\">\n<h4 class=\"wp-block-heading has-text-align-center\"><a href=\"https:\/\/led.amasly.com\/nl\/products\/\">LED explosieveilige lampen<\/a><\/h4>\n<\/div>\n\n\n\n<div class=\"wp-block-uagb-container uagb-block-9bc52fc2\">\n<h4 class=\"wp-block-heading has-text-align-center\"><a href=\"https:\/\/led.amasly.com\/nl\/products\/\">LED Tri-Proof lampen<\/a><\/h4>\n<\/div>\n\n\n\n<div class=\"wp-block-uagb-container uagb-block-8ffa0a23\">\n<h4 class=\"wp-block-heading has-text-align-center\"><a href=\"https:\/\/led.amasly.com\/nl\/products\/\">Explosiebestendige lampen voor benzinestations<\/a><\/h4>\n<\/div>\n<\/div><\/div>\n\n\n\n<div class=\"wp-block-uagb-container uagb-block-29499fe0 alignfull uagb-is-root-container\"><div class=\"uagb-container-inner-blocks-wrap\">\n<div class=\"wp-block-uagb-container uagb-block-777ee1c7\">\n<div class=\"wp-block-uagb-image uagb-block-2e9a1851 wp-block-uagb-image--layout-default wp-block-uagb-image--effect-static wp-block-uagb-image--align-none\"><figure class=\"wp-block-uagb-image__figure\"><a class=\"\" href=\"https:\/\/led.amasly.com\/nl\/products\/\" target=\"\" rel=\"noopener\"><img decoding=\"async\" srcset=\"https:\/\/led.amasly.com\/wp-content\/uploads\/2024\/10\/50W-100W-150W-200W-300W-LED-Flood-Light.jpg ,https:\/\/led.amasly.com\/wp-content\/uploads\/2024\/10\/50W-100W-150W-200W-300W-LED-Flood-Light.jpg 780w, https:\/\/led.amasly.com\/wp-content\/uploads\/2024\/10\/50W-100W-150W-200W-300W-LED-Flood-Light.jpg 360w\" sizes=\"auto, (max-width: 480px) 150px\" src=\"https:\/\/led.amasly.com\/wp-content\/uploads\/2024\/10\/50W-100W-150W-200W-300W-LED-Flood-Light.jpg\" alt=\"\" class=\"uag-image-1526\" width=\"300\" height=\"300\" title=\"50W 100W 150W 200W 300W LED Flood Light\" loading=\"lazy\" role=\"img\"><\/a><\/figure><\/div>\n<\/div>\n\n\n\n<div class=\"wp-block-uagb-container uagb-block-af8c8683\">\n<div class=\"wp-block-uagb-image uagb-block-67947854 wp-block-uagb-image--layout-default wp-block-uagb-image--effect-static wp-block-uagb-image--align-none\"><figure class=\"wp-block-uagb-image__figure\"><a class=\"\" href=\"https:\/\/led.amasly.com\/nl\/products\/\" target=\"\" rel=\"noopener\"><img decoding=\"async\" srcset=\"https:\/\/led.amasly.com\/wp-content\/uploads\/2024\/07\/led-tri-proof-light.png ,https:\/\/led.amasly.com\/wp-content\/uploads\/2024\/07\/led-tri-proof-light.png 780w, https:\/\/led.amasly.com\/wp-content\/uploads\/2024\/07\/led-tri-proof-light.png 360w\" sizes=\"auto, (max-width: 480px) 150px\" src=\"https:\/\/led.amasly.com\/wp-content\/uploads\/2024\/07\/led-tri-proof-light.png\" alt=\"\" class=\"uag-image-1130\" width=\"300\" height=\"300\" title=\"led-drie-veilig-licht\" loading=\"lazy\" role=\"img\"><\/a><\/figure><\/div>\n<\/div>\n\n\n\n<div class=\"wp-block-uagb-container uagb-block-0fdfdd58\">\n<div class=\"wp-block-uagb-image uagb-block-1187d32d wp-block-uagb-image--layout-default wp-block-uagb-image--effect-static wp-block-uagb-image--align-none\"><figure class=\"wp-block-uagb-image__figure\"><a class=\"\" href=\"https:\/\/led.amasly.com\/nl\/products\/\" target=\"\" rel=\"noopener\"><img decoding=\"async\" srcset=\"https:\/\/led.amasly.com\/wp-content\/uploads\/2024\/07\/LED-street-light.jpg ,https:\/\/led.amasly.com\/wp-content\/uploads\/2024\/07\/LED-street-light.jpg 780w, https:\/\/led.amasly.com\/wp-content\/uploads\/2024\/07\/LED-street-light.jpg 360w\" sizes=\"auto, (max-width: 480px) 150px\" src=\"https:\/\/led.amasly.com\/wp-content\/uploads\/2024\/07\/LED-street-light.jpg\" alt=\"\" class=\"uag-image-1145\" width=\"300\" height=\"300\" title=\"LED-straatverlichting\" loading=\"lazy\" role=\"img\"><\/a><\/figure><\/div>\n<\/div>\n<\/div><\/div>\n\n\n\n<div class=\"wp-block-uagb-container uagb-block-6a60882c alignfull uagb-is-root-container\"><div class=\"uagb-container-inner-blocks-wrap\">\n<div class=\"wp-block-uagb-container uagb-block-f1e91a35\">\n<h4 class=\"wp-block-heading has-text-align-center\"><a href=\"https:\/\/led.amasly.com\/nl\/products\/\">LED overstromingslampen<\/a><\/h4>\n<\/div>\n\n\n\n<div class=\"wp-block-uagb-container uagb-block-165bfa58\">\n<h4 class=\"wp-block-heading has-text-align-center\"><a href=\"https:\/\/led.amasly.com\/nl\/products\/\">LED Tri-Proof buislampen<\/a><\/h4>\n<\/div>\n\n\n\n<div class=\"wp-block-uagb-container uagb-block-f6096e3b\">\n<h4 class=\"wp-block-heading has-text-align-center\"><a href=\"https:\/\/led.amasly.com\/nl\/products\/\">LED-straatverlichting<\/a><\/h4>\n<\/div>\n<\/div><\/div>\n\n\n\n<div class=\"wp-block-uagb-container uagb-block-99c0e0a5 alignfull uagb-is-root-container\"><div class=\"uagb-container-inner-blocks-wrap\"><\/div><\/div>","protected":false},"excerpt":{"rendered":"<p>Outdoor Emergency Lighting Solutions Outdoor Emergency Lighting Solutions Introduce: Emergency lighting equipment as a power emergency disposal in an essential kind of equipment, the scene of emergency lighting program design, daily emergency lighting equipment skills training, adapt to the environment of emergency lighting equipment research and development are related to the emergency lighting equipment in [&hellip;]<\/p>\n","protected":false},"author":1,"featured_media":0,"parent":1808,"menu_order":0,"comment_status":"closed","ping_status":"closed","template":"","meta":{"_uag_custom_page_level_css":"","site-sidebar-layout":"no-sidebar","site-content-layout":"","ast-site-content-layout":"default","site-content-style":"default","site-sidebar-style":"default","ast-global-header-display":"","ast-banner-title-visibility":"","ast-main-header-display":"","ast-hfb-above-header-display":"","ast-hfb-below-header-display":"","ast-hfb-mobile-header-display":"","site-post-title":"disabled","ast-breadcrumbs-content":"","ast-featured-img":"","footer-sml-layout":"","ast-disable-related-posts":"","theme-transparent-header-meta":"enabled","adv-header-id-meta":"","stick-header-meta":"","header-above-stick-meta":"","header-main-stick-meta":"","header-below-stick-meta":"","astra-migrate-meta-layouts":"set","ast-page-background-enabled":"default","ast-page-background-meta":{"desktop":{"background-color":"var(--ast-global-color-4)","background-image":"","background-repeat":"repeat","background-position":"center center","background-size":"auto","background-attachment":"scroll","background-type":"","background-media":"","overlay-type":"","overlay-color":"","overlay-opacity":"","overlay-gradient":""},"tablet":{"background-color":"","background-image":"","background-repeat":"repeat","background-position":"center center","background-size":"auto","background-attachment":"scroll","background-type":"","background-media":"","overlay-type":"","overlay-color":"","overlay-opacity":"","overlay-gradient":""},"mobile":{"background-color":"","background-image":"","background-repeat":"repeat","background-position":"center center","background-size":"auto","background-attachment":"scroll","background-type":"","background-media":"","overlay-type":"","overlay-color":"","overlay-opacity":"","overlay-gradient":""}},"ast-content-background-meta":{"desktop":{"background-color":"var(--ast-global-color-5)","background-image":"","background-repeat":"repeat","background-position":"center center","background-size":"auto","background-attachment":"scroll","background-type":"","background-media":"","overlay-type":"","overlay-color":"","overlay-opacity":"","overlay-gradient":""},"tablet":{"background-color":"var(--ast-global-color-5)","background-image":"","background-repeat":"repeat","background-position":"center center","background-size":"auto","background-attachment":"scroll","background-type":"","background-media":"","overlay-type":"","overlay-color":"","overlay-opacity":"","overlay-gradient":""},"mobile":{"background-color":"var(--ast-global-color-5)","background-image":"","background-repeat":"repeat","background-position":"center center","background-size":"auto","background-attachment":"scroll","background-type":"","background-media":"","overlay-type":"","overlay-color":"","overlay-opacity":"","overlay-gradient":""}},"footnotes":""},"class_list":["post-2251","page","type-page","status-publish","hentry"],"uagb_featured_image_src":{"full":false,"thumbnail":false,"medium":false,"medium_large":false,"large":false,"1536x1536":false,"2048x2048":false,"trp-custom-language-flag":false},"uagb_author_info":{"display_name":"Joe","author_link":"https:\/\/led.amasly.com\/nl\/author\/jacklin\/"},"uagb_comment_info":0,"uagb_excerpt":"Outdoor Emergency Lighting Solutions Outdoor Emergency Lighting Solutions Introduce: Emergency lighting equipment as a power emergency disposal in an essential kind of equipment, the scene of emergency lighting program design, daily emergency lighting equipment skills training, adapt to the environment of emergency lighting equipment research and development are related to the emergency lighting equipment in&hellip;","_links":{"self":[{"href":"https:\/\/led.amasly.com\/nl\/wp-json\/wp\/v2\/pages\/2251","targetHints":{"allow":["GET"]}}],"collection":[{"href":"https:\/\/led.amasly.com\/nl\/wp-json\/wp\/v2\/pages"}],"about":[{"href":"https:\/\/led.amasly.com\/nl\/wp-json\/wp\/v2\/types\/page"}],"author":[{"embeddable":true,"href":"https:\/\/led.amasly.com\/nl\/wp-json\/wp\/v2\/users\/1"}],"replies":[{"embeddable":true,"href":"https:\/\/led.amasly.com\/nl\/wp-json\/wp\/v2\/comments?post=2251"}],"version-history":[{"count":2,"href":"https:\/\/led.amasly.com\/nl\/wp-json\/wp\/v2\/pages\/2251\/revisions"}],"predecessor-version":[{"id":4580,"href":"https:\/\/led.amasly.com\/nl\/wp-json\/wp\/v2\/pages\/2251\/revisions\/4580"}],"up":[{"embeddable":true,"href":"https:\/\/led.amasly.com\/nl\/wp-json\/wp\/v2\/pages\/1808"}],"wp:attachment":[{"href":"https:\/\/led.amasly.com\/nl\/wp-json\/wp\/v2\/media?parent=2251"}],"curies":[{"name":"wp","href":"https:\/\/api.w.org\/{rel}","templated":true}]}}