{"id":1038,"date":"2024-07-14T15:55:02","date_gmt":"2024-07-14T07:55:02","guid":{"rendered":"https:\/\/led.amasly.com\/?page_id=1038"},"modified":"2026-01-24T14:44:08","modified_gmt":"2026-01-24T06:44:08","slug":"over-ons","status":"publish","type":"page","link":"https:\/\/led.amasly.com\/nl\/over-ons\/","title":{"rendered":"Over ons"},"content":{"rendered":"<div class=\"wp-block-uagb-container uagb-block-27bae773 alignfull uagb-is-root-container\"><div class=\"uagb-container-inner-blocks-wrap\">\n<div class=\"wp-block-uagb-info-box uagb-block-b537abb1 uagb-infobox__content-wrap  uagb-infobox-icon-above-title uagb-infobox-image-valign-top wp-block-uagb-info-box--has-margin\"><div class=\"uagb-infobox-margin-wrapper\"><div class=\"uagb-ifb-content\"><div class=\"uagb-ifb-title-wrap\"><h1 class=\"uagb-ifb-title\">Ons bedrijf<\/h1><\/div><p class=\"uagb-ifb-desc\">Amasly is een professioneel verlichtingsbedrijf, onze producten zijn gericht op industri\u00eble verlichting en buitenverlichting.<\/p><\/div><\/div><\/div>\n<\/div><\/div>\n\n\n\n<div class=\"wp-block-uagb-container uagb-layout-grid uagb-block-b564312b alignfull uagb-is-root-container\"><div class=\"uagb-container-inner-blocks-wrap\">\n<div class=\"wp-block-uagb-advanced-heading uagb-block-a6aa8398\"><h6 class=\"uagb-heading-text\">In een oogopslag<\/h6><\/div>\n\n\n\n<div class=\"wp-block-uagb-container uagb-block-e7fb8932\">\n<p>Amasly Lighting is een toonaangevend professioneel verlichtingsbedrijf dat zich toelegt op het verlichten van ruimtes met creativiteit, innovatie en duurzaamheid. Met een focus op kwaliteit, effici\u00ebntie en klanttevredenheid bieden we een uitgebreid assortiment geavanceerde verlichtingsoplossingen die zijn afgestemd op de uiteenlopende behoeften van onze klanten.<\/p>\n\n\n\n<p>Ons team van experts combineert technische expertise met artistieke visie om verlichtingsproducten te ontwerpen en te ontwikkelen die niet alleen omgevingen verbeteren, maar ook de nieuwste trends en technologie\u00ebn in de industrie weerspiegelen. Van residenti\u00eble tot commerci\u00eble projecten bieden we aangepaste verlichtingsoplossingen die ruimtes transformeren en boeiende ervaringen cre\u00ebren.<\/p>\n\n\n\n<p>Toegewijd aan duurzaamheid integreren we energie-effici\u00ebnte technologie\u00ebn en milieuvriendelijke praktijken in onze producten en activiteiten, waarbij we ernaar streven om de impact op het milieu te verminderen en tegelijkertijd de prestaties te maximaliseren. Met een klantgerichte aanpak geven we prioriteit aan het begrijpen van de unieke vereisten van elk project en het leveren van oplossingen die de verwachtingen overtreffen.<\/p>\n\n\n\n<p>We zijn niet zomaar een verlichtingsbedrijf; we zijn een team van gepassioneerde professionals die zich inzetten om een helderdere, duurzamere toekomst vorm te geven door middel van innovatieve en inspirerende verlichtingsoplossingen.<\/p>\n\n\n\n<p>Amasly Lighting, een professioneel bedrijf voor industri\u00eble verlichting, is gespecialiseerd in ge\u00efntegreerde R&amp;D, productie en verkoop van industri\u00eble verlichtingsarmaturen. Het bedrijf richt zich op de Zuidoost-Aziatische en Midden-Oosterse markten en verkoopt zijn producten aan meer dan 100 landen en regio's wereldwijd. Alle explosieveilige producten voldoen aan de ATEX-certificeringseisen. De belangrijkste productlijnen omvatten: Explosieveilige lampen, Explosieveilige elektrische apparatuur, hoogbouwlampen, overstromingslampen, straatverlichting, verlichtingsarmaturen op zonne-energie en meer.<\/p>\n<\/div>\n<\/div><\/div>\n\n\n\n<div class=\"wp-block-uagb-container uagb-block-550ec68a alignfull uagb-is-root-container\"><div class=\"uagb-container-inner-blocks-wrap\">\n<div class=\"wp-block-uagb-container uagb-block-0c1c6a9a\">\n<div class=\"wp-block-uagb-counter uagb-block-d07210ae wp-block-uagb-counter--number\"><div class=\"wp-block-uagb-counter__number\"><span class=\"uagb-counter-block-number\" data-duration=\"2\" data-to-value=\"320\" data-from-value=\"0\" data-delimiter=\",\"><\/span><\/div><div class=\"wp-block-uagb-counter__title\">Producten<\/div><\/div>\n<\/div>\n\n\n\n<div class=\"wp-block-uagb-container uagb-block-fb944ecb\">\n<div class=\"wp-block-uagb-counter uagb-block-514fda1c wp-block-uagb-counter--number\"><div class=\"wp-block-uagb-counter__number\"><span class=\"uagb-counter-block-number\" data-duration=\"2\" data-to-value=\"1280\" data-from-value=\"0\" data-delimiter=\",\"><\/span><\/div><div class=\"wp-block-uagb-counter__title\">KLANTEN<\/div><\/div>\n<\/div>\n\n\n\n<div class=\"wp-block-uagb-container uagb-block-28938e49\">\n<div class=\"wp-block-uagb-counter uagb-block-711d6300 wp-block-uagb-counter--number\"><div class=\"wp-block-uagb-counter__number\"><span class=\"uagb-counter-block-number\" data-duration=\"2\" data-to-value=\"10\" data-from-value=\"0\" data-delimiter=\"\"><\/span><\/div><div class=\"wp-block-uagb-counter__title\">Jaren<\/div><\/div>\n<\/div>\n\n\n\n<div class=\"wp-block-uagb-container uagb-block-9f51589c\">\n<div class=\"wp-block-uagb-counter uagb-block-5e6940d0 wp-block-uagb-counter--number\"><div class=\"wp-block-uagb-counter__number\"><span class=\"uagb-counter-block-number\" data-duration=\"2\" data-to-value=\"68\" data-from-value=\"0\" data-delimiter=\",\"><\/span><\/div><div class=\"wp-block-uagb-counter__title\">Landen<\/div><\/div>\n<\/div>\n<\/div><\/div>\n\n\n\n<div class=\"wp-block-uagb-container uagb-layout-grid uagb-block-10a69f69 alignfull uagb-is-root-container\"><div class=\"uagb-container-inner-blocks-wrap\">\n<div class=\"wp-block-uagb-container uagb-block-4101bc95\">\n<div class=\"wp-block-uagb-info-box uagb-block-d8dfad6a uagb-infobox__content-wrap  uagb-infobox-icon-above-title uagb-infobox-image-valign-top wp-block-uagb-info-box--has-margin\"><div class=\"uagb-infobox-margin-wrapper\"><div class=\"uagb-ifb-content\"><div class=\"uagb-ifb-title-wrap\"><h6 class=\"uagb-ifb-title-prefix\">Ons bedrijf<\/h6><h2 class=\"uagb-ifb-title\">Snel groeiende verlichting<br>Bedrijf<\/h2><\/div><p class=\"uagb-ifb-desc\">De producten van Amasly worden ge\u00ebxporteerd naar 68 landen over de hele wereld, zoals Europa en de Verenigde Staten, en heeft met zijn producten van hoge kwaliteit de erkenning gewonnen van 's werelds toonaangevende leveranciers van verlichtingsproducten.<\/p><\/div><\/div><\/div>\n<\/div>\n\n\n\n<div class=\"wp-block-uagb-image uagb-block-d0f6644a wp-block-uagb-image--layout-default wp-block-uagb-image--effect-static wp-block-uagb-image--align-none\"><figure class=\"wp-block-uagb-image__figure\"><img decoding=\"async\" srcset=\"https:\/\/led.amasly.com\/wp-content\/uploads\/2024\/07\/high-bay-lights-case.jpg ,https:\/\/led.amasly.com\/wp-content\/uploads\/2024\/07\/high-bay-lights-case.jpg 780w, https:\/\/led.amasly.com\/wp-content\/uploads\/2024\/07\/high-bay-lights-case.jpg 360w\" sizes=\"auto, (max-width: 480px) 150px\" src=\"https:\/\/led.amasly.com\/wp-content\/uploads\/2024\/07\/high-bay-lights-case.jpg\" alt=\"\" class=\"uag-image-1348\" width=\"600\" height=\"726\" title=\"hoge bay verlichting koffer\" loading=\"lazy\" role=\"img\"><\/figure><\/div>\n<\/div><\/div>\n\n\n\n<div class=\"wp-block-uagb-container uagb-block-5a7870f6 alignfull uagb-is-root-container\"><div class=\"uagb-container-inner-blocks-wrap\">\n<p><strong>Visie:<\/strong><\/p>\n\n\n\n<p>Onze visie is om een wereldleider in verlichtingsoplossingen te zijn, erkend voor onze geavanceerde technologie, duurzame praktijken en innovatieve ontwerpen. We willen de wereld verlichten met producten die inspireren, verrukken en een positieve impact hebben op het milieu en het leven van mensen.<\/p>\n\n\n\n<p><strong>Missie:<\/strong><\/p>\n\n\n\n<p>Het is onze missie om innovatieve verlichtingsoplossingen te cre\u00ebren die de levenskwaliteit van individuen en gemeenschappen verbeteren. We zetten ons in voor duurzaamheid, uitmuntendheid en voortdurende verbetering, met als doel onze klanten producten te bieden die functionaliteit, esthetiek en energie-effici\u00ebntie combineren. Door onze inspanningen willen we de wereld verlichten op een manier die zowel mooi als verantwoordelijk is.<\/p>\n<\/div><\/div>\n\n\n\n<div class=\"wp-block-uagb-container uagb-block-a30f2aae alignfull uagb-is-root-container\"><div class=\"uagb-container-inner-blocks-wrap\">\n<div class=\"wp-block-uagb-info-box uagb-block-09c792f1 uagb-infobox__content-wrap  uagb-infobox-icon-above-title uagb-infobox-image-valign-top wp-block-uagb-info-box--has-margin\"><div class=\"uagb-infobox-margin-wrapper\"><div class=\"uagb-ifb-content\"><div class=\"uagb-ifb-title-wrap\"><h6 class=\"uagb-ifb-title-prefix\">PATNERSHIP<\/h6><h2 class=\"uagb-ifb-title\"><mark style=\"background-color:rgba(0, 0, 0, 0)\" class=\"has-inline-color has-ast-global-color-5-color\">Richt zich op industri\u00eble verlichting en buitenverlichting.<\/mark><\/h2><\/div><p class=\"uagb-ifb-desc\">Hoofdproducten: de geleide lichten van het explosiebewijs, leidden hoge baailichten, leidden straatlantaarns, leidden vloedlichten<\/p><div class=\"uagb-ifb-button-wrapper wp-block-button\"><a href=\"https:\/\/led.amasly.com\/nl\/neem-contact-op-met\/\" class=\"uagb-infobox-cta-link wp-block-button__link\" target=\"_self\" rel=\"noopener noreferrer\" onclick=\"return true;\"><span class=\"uagb-inline-editing\">Neem contact met ons op<\/span><svg xmlns=\"https:\/\/www.w3.org\/2000\/svg\" viewbox=\"0 0 320 512\"><path d=\"M96 480c-8.188 0-16.38-3.125-22.62-9.375c-12.5-12.5-12.5-32.75 0-45.25L242.8 256L73.38 86.63c-12.5-12.5-12.5-32.75 0-45.25s32.75-12.5 45.25 0l192 192c12.5 12.5 12.5 32.75 0 45.25l-192 192C112.4 476.9 104.2 480 96 480z\"><\/path><\/svg><\/a><\/div><\/div><\/div><\/div>\n<\/div><\/div>\n\n\n\n<h2 class=\"wp-block-heading\"><strong>Amasly LED Licht <\/strong><strong>FAQ<\/strong><strong><\/strong><\/h2>\n\n\n\n<p><strong>V1.Can ik een monsterorde voor geleid licht hebben?<\/strong><strong><\/strong><\/p>\n\n\n\n<p>A: Ja, we zijn blij met monsters om de kwaliteit te testen en te controleren. Gemengde monsters zijn aanvaardbaar.<\/p>\n\n\n\n<p><strong>V2.Hoe zit het met de doorlooptijd?<\/strong><strong><\/strong><\/p>\n\n\n\n<p>A: Voor monsters zijn 3-5 dagen nodig, voor massaproductie 1-2 weken.<\/p>\n\n\n\n<p><strong>V3.Heeft u een MOQ limiet voor led licht bestelling?<\/strong><strong><\/strong><\/p>\n\n\n\n<p>A: Lage MOQ 1pc voor steekproef het controleren is beschikbaar.<\/p>\n\n\n\n<p><strong>Q4. Hoe verzendt u de goederen en hoe lang duurt het voordat ze aankomen?<\/strong><strong><\/strong><\/p>\n\n\n\n<p>A: We verzenden meestal via DHL, UPS, FedEx of TNT. Het duurt meestal 3-5 dagen om aan te komen. Luchtlijn en zeevaart zijn ook optioneel.<\/p>\n\n\n\n<p><strong>Q5. Hoe kan ik een bestelling voor led-licht plaatsen?<\/strong><strong><\/strong><\/p>\n\n\n\n<p>A:<\/p>\n\n\n\n<p>Laat ons eerst weten wat je eisen of toepassing zijn.<\/p>\n\n\n\n<p>Ten tweede maken we een offerte op basis van uw vereisten of onze suggesties.<\/p>\n\n\n\n<p>Ten derde bevestigt de klant de monsters en plaatst een aanbetaling voor de formele bestelling.<\/p>\n\n\n\n<p>Ten vierde regelen we de productie.<\/p>\n\n\n\n<p><strong>V6.Is het goed om mijn <\/strong><strong>LOGO<\/strong><strong>&nbsp;op led licht product ?<\/strong><strong><\/strong><\/p>\n\n\n\n<p>A: Ja. Informeer ons formeel v\u00f3\u00f3r onze productie en bevestig het ontwerp eerst op basis van ons monster.<\/p>\n\n\n\n<p><strong>V7: Bieden jullie garantie op de producten?<\/strong><strong><\/strong><\/p>\n\n\n\n<p>A: Ja, we bieden 2-5 jaar garantie op onze producten.<\/p>\n\n\n\n<p><strong>V8: Hoe omgaan met de defecte?<\/strong><strong><\/strong><\/p>\n\n\n\n<p>A:<\/p>\n\n\n\n<p>Ten eerste, zijn Onze producten opbrengst dinstrict kwaliteitscontrolesysteem en het gebrekkige tarief zal minder dan 0.2% zijn<\/p>\n\n\n\n<p>Ten tweede zullen we tijdens de garantieperiode onderdelen leveren om het slechte onderdeel te vervangen. Voor bulkorders leveren we vooraf kwetsbare onderdelen of kunnen we oplossingen bespreken, waaronder terugroepacties, op basis van de werkelijke situatie.<\/p>\n\n\n\n<h2 class=\"wp-block-heading\">Verwante producten<\/h2>\n\n\n\n<div class=\"wp-block-uagb-container uagb-block-66e4defc alignfull uagb-is-root-container\"><div class=\"uagb-container-inner-blocks-wrap\">\n<div class=\"wp-block-uagb-container uagb-block-a42945f9\">\n<div class=\"wp-block-uagb-image uagb-block-7296296b wp-block-uagb-image--layout-default wp-block-uagb-image--effect-static wp-block-uagb-image--align-none\"><figure class=\"wp-block-uagb-image__figure\"><a class=\"\" href=\"https:\/\/led.amasly.com\/nl\/producten\/explosieveilige-lampen\/\" target=\"\" rel=\"noopener\"><img decoding=\"async\" srcset=\"https:\/\/led.amasly.com\/wp-content\/uploads\/2024\/09\/Explosion-proof-high-bay-lights.png ,https:\/\/led.amasly.com\/wp-content\/uploads\/2024\/09\/Explosion-proof-high-bay-lights.png 780w, https:\/\/led.amasly.com\/wp-content\/uploads\/2024\/09\/Explosion-proof-high-bay-lights.png 360w\" sizes=\"auto, (max-width: 480px) 150px\" src=\"https:\/\/led.amasly.com\/wp-content\/uploads\/2024\/09\/Explosion-proof-high-bay-lights.png\" alt=\"\" class=\"uag-image-1495\" width=\"300\" height=\"300\" title=\"Explosieveilige hoogbouwlampen\" loading=\"lazy\" role=\"img\"><\/a><\/figure><\/div>\n<\/div>\n\n\n\n<div class=\"wp-block-uagb-container uagb-block-4d3efde5\">\n<div class=\"wp-block-uagb-image uagb-block-c9e90797 wp-block-uagb-image--layout-default wp-block-uagb-image--effect-static wp-block-uagb-image--align-none\"><figure class=\"wp-block-uagb-image__figure\"><a class=\"\" href=\"https:\/\/led.amasly.com\/nl\/producten\/ex-proof-elektrisch-apparaat\/\" target=\"\" rel=\"noopener\"><img decoding=\"async\" srcset=\"https:\/\/led.amasly.com\/wp-content\/uploads\/2025\/01\/Explosion-proof-axial-flow-fan.jpg ,https:\/\/led.amasly.com\/wp-content\/uploads\/2025\/01\/Explosion-proof-axial-flow-fan.jpg 780w, https:\/\/led.amasly.com\/wp-content\/uploads\/2025\/01\/Explosion-proof-axial-flow-fan.jpg 360w\" sizes=\"auto, (max-width: 480px) 150px\" src=\"https:\/\/led.amasly.com\/wp-content\/uploads\/2025\/01\/Explosion-proof-axial-flow-fan.jpg\" alt=\"Ex-bewijs elektrisch apparaat\" class=\"uag-image-1767\" width=\"300\" height=\"300\" title=\"Explosieveilige axiale ventilator\" loading=\"lazy\" role=\"img\"\/><\/a><\/figure><\/div>\n<\/div>\n\n\n\n<div class=\"wp-block-uagb-container uagb-block-11c2578b\">\n<div class=\"wp-block-uagb-image uagb-block-6e8883aa wp-block-uagb-image--layout-default wp-block-uagb-image--effect-static wp-block-uagb-image--align-none\"><figure class=\"wp-block-uagb-image__figure\"><a class=\"\" href=\"https:\/\/led.amasly.com\/nl\/producten\/explosieveilige-lampen\/\" target=\"\" rel=\"noopener\"><img decoding=\"async\" srcset=\"https:\/\/led.amasly.com\/wp-content\/uploads\/2024\/09\/LED-Explosion-Proof-Gas-Station-Light.png ,https:\/\/led.amasly.com\/wp-content\/uploads\/2024\/09\/LED-Explosion-Proof-Gas-Station-Light.png 780w, https:\/\/led.amasly.com\/wp-content\/uploads\/2024\/09\/LED-Explosion-Proof-Gas-Station-Light.png 360w\" sizes=\"auto, (max-width: 480px) 150px\" src=\"https:\/\/led.amasly.com\/wp-content\/uploads\/2024\/09\/LED-Explosion-Proof-Gas-Station-Light.png\" alt=\"\" class=\"uag-image-1501\" width=\"300\" height=\"300\" title=\"LED explosieveilige benzinestationverlichting\" loading=\"lazy\" role=\"img\"><\/a><\/figure><\/div>\n<\/div>\n<\/div><\/div>\n\n\n\n<div class=\"wp-block-uagb-container uagb-block-548945b5 alignfull uagb-is-root-container\"><div class=\"uagb-container-inner-blocks-wrap\">\n<div class=\"wp-block-uagb-container uagb-block-967755d5\">\n<h4 class=\"wp-block-heading has-text-align-center\"><a href=\"https:\/\/led.amasly.com\/nl\/producten\/explosieveilige-lampen\/\">LED explosieveilige lampen<\/a><\/h4>\n<\/div>\n\n\n\n<div class=\"wp-block-uagb-container uagb-block-9bc52fc2\">\n<h4 class=\"wp-block-heading has-text-align-center\"><a href=\"https:\/\/led.amasly.com\/nl\/producten\/ex-proof-elektrisch-apparaat\/\">Ex-bewijs elektrisch apparaat<\/a><\/h4>\n<\/div>\n\n\n\n<div class=\"wp-block-uagb-container uagb-block-8ffa0a23\">\n<h4 class=\"wp-block-heading has-text-align-center\"><a href=\"https:\/\/led.amasly.com\/nl\/producten\/explosieveilige-lampen\/\">Explosiebestendige lampen voor benzinestations<\/a><\/h4>\n<\/div>\n<\/div><\/div>\n\n\n\n<div class=\"wp-block-uagb-container uagb-block-29499fe0 alignfull uagb-is-root-container\"><div class=\"uagb-container-inner-blocks-wrap\">\n<div class=\"wp-block-uagb-container uagb-block-777ee1c7\">\n<div class=\"wp-block-uagb-image uagb-block-2e9a1851 wp-block-uagb-image--layout-default wp-block-uagb-image--effect-static wp-block-uagb-image--align-none\"><figure class=\"wp-block-uagb-image__figure\"><a class=\"\" href=\"https:\/\/led.amasly.com\/nl\/producten\/led-schijnwerpers\/\" target=\"\" rel=\"noopener\"><img decoding=\"async\" srcset=\"https:\/\/led.amasly.com\/wp-content\/uploads\/2024\/10\/50W-100W-150W-200W-300W-LED-Flood-Light.jpg ,https:\/\/led.amasly.com\/wp-content\/uploads\/2024\/10\/50W-100W-150W-200W-300W-LED-Flood-Light.jpg 780w, https:\/\/led.amasly.com\/wp-content\/uploads\/2024\/10\/50W-100W-150W-200W-300W-LED-Flood-Light.jpg 360w\" sizes=\"auto, (max-width: 480px) 150px\" src=\"https:\/\/led.amasly.com\/wp-content\/uploads\/2024\/10\/50W-100W-150W-200W-300W-LED-Flood-Light.jpg\" alt=\"\" class=\"uag-image-1526\" width=\"300\" height=\"300\" title=\"50W 100W 150W 200W 300W LED Flood Light\" loading=\"lazy\" role=\"img\"><\/a><\/figure><\/div>\n<\/div>\n\n\n\n<div class=\"wp-block-uagb-container uagb-block-af8c8683\">\n<div class=\"wp-block-uagb-image uagb-block-67947854 wp-block-uagb-image--layout-default wp-block-uagb-image--effect-static wp-block-uagb-image--align-none\"><figure class=\"wp-block-uagb-image__figure\"><a class=\"\" href=\"https:\/\/led.amasly.com\/nl\/producten\/led-hoogbouwlamp\/\" target=\"\" rel=\"noopener\"><img decoding=\"async\" srcset=\"https:\/\/led.amasly.com\/wp-content\/uploads\/2025\/05\/high-bay-light.webp ,https:\/\/led.amasly.com\/wp-content\/uploads\/2025\/05\/high-bay-light.webp 780w, https:\/\/led.amasly.com\/wp-content\/uploads\/2025\/05\/high-bay-light.webp 360w\" sizes=\"auto, (max-width: 480px) 150px\" src=\"https:\/\/led.amasly.com\/wp-content\/uploads\/2025\/05\/high-bay-light.webp\" alt=\"\" class=\"uag-image-3954\" width=\"300\" height=\"300\" title=\"hoogbouwlamp\" loading=\"lazy\" role=\"img\"><\/a><\/figure><\/div>\n<\/div>\n\n\n\n<div class=\"wp-block-uagb-container uagb-block-0fdfdd58\">\n<div class=\"wp-block-uagb-image uagb-block-1187d32d wp-block-uagb-image--layout-default wp-block-uagb-image--effect-static wp-block-uagb-image--align-none\"><figure class=\"wp-block-uagb-image__figure\"><a class=\"\" href=\"https:\/\/led.amasly.com\/nl\/producten\/\" target=\"\" rel=\"noopener\"><img decoding=\"async\" srcset=\"https:\/\/led.amasly.com\/wp-content\/uploads\/2024\/07\/LED-street-light.jpg ,https:\/\/led.amasly.com\/wp-content\/uploads\/2024\/07\/LED-street-light.jpg 780w, https:\/\/led.amasly.com\/wp-content\/uploads\/2024\/07\/LED-street-light.jpg 360w\" sizes=\"auto, (max-width: 480px) 150px\" src=\"https:\/\/led.amasly.com\/wp-content\/uploads\/2024\/07\/LED-street-light.jpg\" alt=\"\" class=\"uag-image-1145\" width=\"300\" height=\"300\" title=\"LED-straatverlichting\" loading=\"lazy\" role=\"img\"><\/a><\/figure><\/div>\n<\/div>\n<\/div><\/div>\n\n\n\n<div class=\"wp-block-uagb-container uagb-block-6a60882c alignfull uagb-is-root-container\"><div class=\"uagb-container-inner-blocks-wrap\">\n<div class=\"wp-block-uagb-container uagb-block-f1e91a35\">\n<h4 class=\"wp-block-heading has-text-align-center\"><a href=\"https:\/\/led.amasly.com\/nl\/producten\/led-schijnwerpers\/\">LED overstromingslampen<\/a><\/h4>\n<\/div>\n\n\n\n<div class=\"wp-block-uagb-container uagb-block-165bfa58\">\n<h4 class=\"wp-block-heading has-text-align-center\"><a href=\"https:\/\/led.amasly.com\/nl\/producten\/led-hoogbouwlamp\/\">LED-booglampen<\/a><\/h4>\n<\/div>\n\n\n\n<div class=\"wp-block-uagb-container uagb-block-f6096e3b\">\n<h4 class=\"wp-block-heading has-text-align-center\"><a href=\"https:\/\/led.amasly.com\/nl\/producten\/https%3a\/\/led.amasly.com\/producten\/led-straatverlichting\/\">LED-straatverlichting<\/a><\/h4>\n<\/div>\n<\/div><\/div>\n\n\n\n<div class=\"wp-block-uagb-container uagb-block-99c0e0a5 alignfull uagb-is-root-container\"><div class=\"uagb-container-inner-blocks-wrap\"><\/div><\/div>","protected":false},"excerpt":{"rendered":"<p>At A Glance Amasly Lighting is a leading professional lighting company dedicated to illuminating spaces with creativity, innovation, and sustainability. With a focus on quality, efficiency, and customer satisfaction, we offer a comprehensive range of cutting-edge lighting solutions tailored to meet the diverse needs of our clients. Our team of experts combines technical expertise with [&hellip;]<\/p>\n","protected":false},"author":1,"featured_media":0,"parent":0,"menu_order":0,"comment_status":"closed","ping_status":"closed","template":"","meta":{"_uag_custom_page_level_css":"","site-sidebar-layout":"no-sidebar","site-content-layout":"","ast-site-content-layout":"default","site-content-style":"default","site-sidebar-style":"default","ast-global-header-display":"","ast-banner-title-visibility":"","ast-main-header-display":"","ast-hfb-above-header-display":"","ast-hfb-below-header-display":"","ast-hfb-mobile-header-display":"","site-post-title":"disabled","ast-breadcrumbs-content":"","ast-featured-img":"","footer-sml-layout":"","ast-disable-related-posts":"","theme-transparent-header-meta":"enabled","adv-header-id-meta":"","stick-header-meta":"","header-above-stick-meta":"","header-main-stick-meta":"","header-below-stick-meta":"","astra-migrate-meta-layouts":"set","ast-page-background-enabled":"default","ast-page-background-meta":{"desktop":{"background-color":"var(--ast-global-color-4)","background-image":"","background-repeat":"repeat","background-position":"center center","background-size":"auto","background-attachment":"scroll","background-type":"","background-media":"","overlay-type":"","overlay-color":"","overlay-opacity":"","overlay-gradient":""},"tablet":{"background-color":"","background-image":"","background-repeat":"repeat","background-position":"center center","background-size":"auto","background-attachment":"scroll","background-type":"","background-media":"","overlay-type":"","overlay-color":"","overlay-opacity":"","overlay-gradient":""},"mobile":{"background-color":"","background-image":"","background-repeat":"repeat","background-position":"center center","background-size":"auto","background-attachment":"scroll","background-type":"","background-media":"","overlay-type":"","overlay-color":"","overlay-opacity":"","overlay-gradient":""}},"ast-content-background-meta":{"desktop":{"background-color":"var(--ast-global-color-5)","background-image":"","background-repeat":"repeat","background-position":"center center","background-size":"auto","background-attachment":"scroll","background-type":"","background-media":"","overlay-type":"","overlay-color":"","overlay-opacity":"","overlay-gradient":""},"tablet":{"background-color":"var(--ast-global-color-5)","background-image":"","background-repeat":"repeat","background-position":"center center","background-size":"auto","background-attachment":"scroll","background-type":"","background-media":"","overlay-type":"","overlay-color":"","overlay-opacity":"","overlay-gradient":""},"mobile":{"background-color":"var(--ast-global-color-5)","background-image":"","background-repeat":"repeat","background-position":"center center","background-size":"auto","background-attachment":"scroll","background-type":"","background-media":"","overlay-type":"","overlay-color":"","overlay-opacity":"","overlay-gradient":""}},"footnotes":""},"class_list":["post-1038","page","type-page","status-publish","hentry"],"uagb_featured_image_src":{"full":false,"thumbnail":false,"medium":false,"medium_large":false,"large":false,"1536x1536":false,"2048x2048":false,"trp-custom-language-flag":false},"uagb_author_info":{"display_name":"Joe","author_link":"https:\/\/led.amasly.com\/nl\/author\/jacklin\/"},"uagb_comment_info":0,"uagb_excerpt":"At A Glance Amasly Lighting is a leading professional lighting company dedicated to illuminating spaces with creativity, innovation, and sustainability. With a focus on quality, efficiency, and customer satisfaction, we offer a comprehensive range of cutting-edge lighting solutions tailored to meet the diverse needs of our clients. Our team of experts combines technical expertise with&hellip;","_links":{"self":[{"href":"https:\/\/led.amasly.com\/nl\/wp-json\/wp\/v2\/pages\/1038","targetHints":{"allow":["GET"]}}],"collection":[{"href":"https:\/\/led.amasly.com\/nl\/wp-json\/wp\/v2\/pages"}],"about":[{"href":"https:\/\/led.amasly.com\/nl\/wp-json\/wp\/v2\/types\/page"}],"author":[{"embeddable":true,"href":"https:\/\/led.amasly.com\/nl\/wp-json\/wp\/v2\/users\/1"}],"replies":[{"embeddable":true,"href":"https:\/\/led.amasly.com\/nl\/wp-json\/wp\/v2\/comments?post=1038"}],"version-history":[{"count":14,"href":"https:\/\/led.amasly.com\/nl\/wp-json\/wp\/v2\/pages\/1038\/revisions"}],"predecessor-version":[{"id":4681,"href":"https:\/\/led.amasly.com\/nl\/wp-json\/wp\/v2\/pages\/1038\/revisions\/4681"}],"wp:attachment":[{"href":"https:\/\/led.amasly.com\/nl\/wp-json\/wp\/v2\/media?parent=1038"}],"curies":[{"name":"wp","href":"https:\/\/api.w.org\/{rel}","templated":true}]}}