{"id":4388,"date":"2025-12-21T13:21:32","date_gmt":"2025-12-21T05:21:32","guid":{"rendered":"https:\/\/led.amasly.com\/?page_id=4388"},"modified":"2026-01-24T21:33:11","modified_gmt":"2026-01-24T13:33:11","slug":"why-are-floodlights-the-top-choice-for-nighttime-lighting","status":"publish","type":"page","link":"https:\/\/led.amasly.com\/it\/knowledge\/outdoor-light-knowledge\/why-are-floodlights-the-top-choice-for-nighttime-lighting\/","title":{"rendered":"Perch\u00e9 i proiettori sono la scelta migliore per l'illuminazione notturna?"},"content":{"rendered":"<div class=\"wp-block-uagb-container uagb-block-27bae773 alignfull uagb-is-root-container\"><div class=\"uagb-container-inner-blocks-wrap\"><\/div><\/div>\n\n\n\n<h1 class=\"wp-block-heading has-text-align-center\"><strong>Perch\u00e9 i proiettori sono la scelta migliore per l'illuminazione notturna? Offrono un'ampia luminosit\u00e0, sono resistenti e facili da installare, soddisfacendo le esigenze di tre scenari chiave.<\/strong><strong><\/strong><\/h1>\n\n\n\n<h2 class=\"wp-block-heading\">Proiettori Instroduce<\/h2>\n\n\n\n<p>Nella vita e nel lavoro di tutti i giorni, molte persone si trovano ad affrontare problemi di illuminazione notturna: difficolt\u00e0 a vedere chiaramente mentre si riordina il giardino di casa di notte, riduzione del traffico pedonale nelle vetrine dei negozi a causa della scarsa illuminazione o problemi di efficienza e sicurezza durante i progetti edilizi notturni causati da un'illuminazione inadeguata. In realt\u00e0, un proiettore ben adattato pu\u00f2 fare una differenza significativa nella risoluzione di questi problemi. In quanto attuale scelta principale per l'illuminazione notturna, quali sono i vantaggi che i proiettori offrono e che li rendono l'opzione preferita in cos\u00ec tanti scenari? Oggi approfondiremo i dettagli per aiutarvi a capire perch\u00e9 i proiettori sono diventati la \u201cforza principale dell'illuminazione notturna\u201d.\u201d<\/p>\n\n\n\n<figure class=\"wp-block-image aligncenter size-full\"><img decoding=\"async\" width=\"300\" height=\"300\" src=\"https:\/\/led.amasly.com\/wp-content\/uploads\/2025\/12\/LED-flood-ight.jpg\" alt=\"floodlights\" class=\"wp-image-4383\" title=\"\" srcset=\"https:\/\/led.amasly.com\/wp-content\/uploads\/2025\/12\/LED-flood-ight.jpg 300w, https:\/\/led.amasly.com\/wp-content\/uploads\/2025\/12\/LED-flood-ight-150x150.jpg 150w, https:\/\/led.amasly.com\/wp-content\/uploads\/2025\/12\/LED-flood-ight-12x12.jpg 12w\" sizes=\"(max-width: 300px) 100vw, 300px\" \/><\/figure>\n\n\n\n<p>In termini di prestazioni di illuminazione, i proiettori offrono vantaggi evidenti in termini di luminosit\u00e0 e copertura. A differenza delle normali lampadine che illuminano solo piccole aree, i proiettori concentrano i fasci di luce per coprire spazi molto pi\u00f9 ampi. In ambito residenziale, un proiettore da poche decine di watt pu\u00f2 illuminare facilmente un intero cortile, consentendo una chiara visibilit\u00e0 per innaffiare le piante o stendere il bucato di notte. Per le esigenze di illuminazione su larga scala, come i cantieri o le piazze, i proiettori ad alta potenza eccellono ancora di pi\u00f9. Centinaia di watt possono raggiungere una luminosit\u00e0 prossima a quella diurna, consentendo operazioni e attivit\u00e0 senza problemi in ambienti bui ed eliminando la necessit\u00e0 di \u201clavorare al buio\u201d.\u201d<\/p>\n\n\n\n<p>In termini di durata, i proiettori soddisfano anche le esigenze di ambienti esterni complessi. Poich\u00e9 i proiettori sono tipicamente installati all'aperto e sono esposti per lungo tempo a vento, pioggia e luce solare, la durata \u00e8 fondamentale. I proiettori di alta qualit\u00e0 sono caratterizzati da un design professionale impermeabile, che garantisce che i componenti interni rimangano protetti anche in caso di pioggia o vento forte. I loro alloggiamenti sono spesso costruiti con materiali resistenti agli urti e ai graffi, per ridurre al minimo i danni causati da urti o sfregamenti accidentali durante l'uso quotidiano. Molti utenti riferiscono che un proiettore di buona fattura pu\u00f2 funzionare in modo affidabile per tre-cinque anni senza guasti, eliminando la necessit\u00e0 di sostituzioni frequenti e risparmiando cos\u00ec fatica e denaro.<\/p>\n\n\n\n<p>Inoltre, la facilit\u00e0 di installazione e di funzionamento riduce la barriera dell'utente. Che si tratti di montaggio a parete o su pali, o di posizionamento temporaneo a terra, l'installazione richiede solo pochi semplici passaggi. Non \u00e8 necessaria un'installazione professionale: gli utenti possono occuparsene da soli. Grazie ai progressi tecnologici, molti proiettori sono ora dotati di funzioni pratiche come il telecomando e i timer. \u00c8 possibile accendere o spegnere le luci da casa con un telecomando, eliminando la necessit\u00e0 di uscire di notte. Siete preoccupati di dimenticare di spegnere le luci e di sprecare energia elettrica? Basta impostare un timer in anticipo e le luci si spegneranno automaticamente all'ora stabilita, aumentando ulteriormente la comodit\u00e0.<\/p>\n\n\n\n<p class=\"has-text-align-left\">In generale, che si tratti di illuminazione residenziale, commerciale o di cantiere, i proiettori risolvono efficacemente le sfide dell'illuminazione notturna grazie all'elevata luminosit\u00e0, alla durata e alla facilit\u00e0 di utilizzo. I nostri prodotti per proiettori spaziano dai modelli domestici a bassa potenza alle soluzioni ingegneristiche ad alta potenza, soddisfacendo diversi scenari di illuminazione e offrendo servizi di installazione in loco. Per qualsiasi domanda sulla scelta o sull'uso dei proiettori, non esitate a consultarci in qualsiasi momento: l'illuminazione notturna non sar\u00e0 pi\u00f9 un problema.<\/p>\n\n\n\n<p class=\"has-text-align-left\">Standard: <a href=\"http:\/\/www.iec.com\" rel=\"nofollow noopener\" target=\"_blank\">IEC60598<\/a><\/p>\n\n\n\n<div class=\"wp-block-uagb-container uagb-block-c7d898dd alignfull uagb-is-root-container\"><div class=\"uagb-container-inner-blocks-wrap\"><\/div><\/div>\n\n\n\n<h2 class=\"wp-block-heading\">Prodotti correlati<\/h2>\n\n\n\n<div class=\"wp-block-uagb-container uagb-block-66e4defc alignfull uagb-is-root-container\"><div class=\"uagb-container-inner-blocks-wrap\">\n<div class=\"wp-block-uagb-container uagb-block-a42945f9\">\n<div class=\"wp-block-uagb-image uagb-block-7296296b wp-block-uagb-image--layout-default wp-block-uagb-image--effect-static wp-block-uagb-image--align-none\"><figure class=\"wp-block-uagb-image__figure\"><a class=\"\" href=\"https:\/\/led.amasly.com\/it\/products\/\" target=\"\" rel=\"noopener\"><img decoding=\"async\" srcset=\"https:\/\/led.amasly.com\/wp-content\/uploads\/2024\/09\/Explosion-proof-high-bay-lights.png ,https:\/\/led.amasly.com\/wp-content\/uploads\/2024\/09\/Explosion-proof-high-bay-lights.png 780w, https:\/\/led.amasly.com\/wp-content\/uploads\/2024\/09\/Explosion-proof-high-bay-lights.png 360w\" sizes=\"auto, (max-width: 480px) 150px\" src=\"https:\/\/led.amasly.com\/wp-content\/uploads\/2024\/09\/Explosion-proof-high-bay-lights.png\" alt=\"\" class=\"uag-image-1495\" width=\"300\" height=\"300\" title=\"Luci a baia antideflagranti\" loading=\"lazy\" role=\"img\"><\/a><\/figure><\/div>\n<\/div>\n\n\n\n<div class=\"wp-block-uagb-container uagb-block-4d3efde5\">\n<div class=\"wp-block-uagb-image uagb-block-c9e90797 wp-block-uagb-image--layout-default wp-block-uagb-image--effect-static wp-block-uagb-image--align-none\"><figure class=\"wp-block-uagb-image__figure\"><a class=\"\" href=\"https:\/\/led.amasly.com\/it\/products\/\" target=\"\" rel=\"noopener\"><img decoding=\"async\" srcset=\"https:\/\/led.amasly.com\/wp-content\/uploads\/2024\/07\/LED-tri-proof-lights2.png ,https:\/\/led.amasly.com\/wp-content\/uploads\/2024\/07\/LED-tri-proof-lights2.png 780w, https:\/\/led.amasly.com\/wp-content\/uploads\/2024\/07\/LED-tri-proof-lights2.png 360w\" sizes=\"auto, (max-width: 480px) 150px\" src=\"https:\/\/led.amasly.com\/wp-content\/uploads\/2024\/07\/LED-tri-proof-lights2.png\" alt=\"\" class=\"uag-image-1132\" width=\"300\" height=\"300\" title=\"Luci a prova di LED2\" loading=\"lazy\" role=\"img\"><\/a><\/figure><\/div>\n<\/div>\n\n\n\n<div class=\"wp-block-uagb-container uagb-block-11c2578b\">\n<div class=\"wp-block-uagb-image uagb-block-6e8883aa wp-block-uagb-image--layout-default wp-block-uagb-image--effect-static wp-block-uagb-image--align-none\"><figure class=\"wp-block-uagb-image__figure\"><a class=\"\" href=\"https:\/\/led.amasly.com\/it\/products\/\" target=\"\" rel=\"noopener\"><img decoding=\"async\" srcset=\"https:\/\/led.amasly.com\/wp-content\/uploads\/2024\/09\/LED-Explosion-Proof-Gas-Station-Light.png ,https:\/\/led.amasly.com\/wp-content\/uploads\/2024\/09\/LED-Explosion-Proof-Gas-Station-Light.png 780w, https:\/\/led.amasly.com\/wp-content\/uploads\/2024\/09\/LED-Explosion-Proof-Gas-Station-Light.png 360w\" sizes=\"auto, (max-width: 480px) 150px\" src=\"https:\/\/led.amasly.com\/wp-content\/uploads\/2024\/09\/LED-Explosion-Proof-Gas-Station-Light.png\" alt=\"\" class=\"uag-image-1501\" width=\"300\" height=\"300\" title=\"Luce della stazione di servizio a prova di esplosione a LED\" loading=\"lazy\" role=\"img\"><\/a><\/figure><\/div>\n<\/div>\n<\/div><\/div>\n\n\n\n<div class=\"wp-block-uagb-container uagb-block-548945b5 alignfull uagb-is-root-container\"><div class=\"uagb-container-inner-blocks-wrap\">\n<div class=\"wp-block-uagb-container uagb-block-967755d5\">\n<h4 class=\"wp-block-heading has-text-align-center\"><a href=\"https:\/\/led.amasly.com\/it\/products\/\">Luci LED a prova di esplosione<\/a><\/h4>\n<\/div>\n\n\n\n<div class=\"wp-block-uagb-container uagb-block-9bc52fc2\">\n<h4 class=\"wp-block-heading has-text-align-center\"><a href=\"https:\/\/led.amasly.com\/it\/products\/\">Luci a LED a prova di tris<\/a><\/h4>\n<\/div>\n\n\n\n<div class=\"wp-block-uagb-container uagb-block-8ffa0a23\">\n<h4 class=\"wp-block-heading has-text-align-center\"><a href=\"https:\/\/led.amasly.com\/it\/products\/\">Luci per stazioni di servizio a prova di esplosione<\/a><\/h4>\n<\/div>\n<\/div><\/div>\n\n\n\n<div class=\"wp-block-uagb-container uagb-block-29499fe0 alignfull uagb-is-root-container\"><div class=\"uagb-container-inner-blocks-wrap\">\n<div class=\"wp-block-uagb-container uagb-block-777ee1c7\">\n<div class=\"wp-block-uagb-image uagb-block-2e9a1851 wp-block-uagb-image--layout-default wp-block-uagb-image--effect-static wp-block-uagb-image--align-none\"><figure class=\"wp-block-uagb-image__figure\"><a class=\"\" href=\"https:\/\/led.amasly.com\/it\/products\/\" target=\"\" rel=\"noopener\"><img decoding=\"async\" srcset=\"https:\/\/led.amasly.com\/wp-content\/uploads\/2024\/10\/50W-100W-150W-200W-300W-LED-Flood-Light.jpg ,https:\/\/led.amasly.com\/wp-content\/uploads\/2024\/10\/50W-100W-150W-200W-300W-LED-Flood-Light.jpg 780w, https:\/\/led.amasly.com\/wp-content\/uploads\/2024\/10\/50W-100W-150W-200W-300W-LED-Flood-Light.jpg 360w\" sizes=\"auto, (max-width: 480px) 150px\" src=\"https:\/\/led.amasly.com\/wp-content\/uploads\/2024\/10\/50W-100W-150W-200W-300W-LED-Flood-Light.jpg\" alt=\"\" class=\"uag-image-1526\" width=\"300\" height=\"300\" title=\"50W 100W 150W 200W 300W Luce di inondazione LED\" loading=\"lazy\" role=\"img\"><\/a><\/figure><\/div>\n<\/div>\n\n\n\n<div class=\"wp-block-uagb-container uagb-block-af8c8683\">\n<div class=\"wp-block-uagb-image uagb-block-67947854 wp-block-uagb-image--layout-default wp-block-uagb-image--effect-static wp-block-uagb-image--align-none\"><figure class=\"wp-block-uagb-image__figure\"><a class=\"\" href=\"https:\/\/led.amasly.com\/it\/products\/\" target=\"\" rel=\"noopener\"><img decoding=\"async\" srcset=\"https:\/\/led.amasly.com\/wp-content\/uploads\/2024\/07\/led-tri-proof-light.png ,https:\/\/led.amasly.com\/wp-content\/uploads\/2024\/07\/led-tri-proof-light.png 780w, https:\/\/led.amasly.com\/wp-content\/uploads\/2024\/07\/led-tri-proof-light.png 360w\" sizes=\"auto, (max-width: 480px) 150px\" src=\"https:\/\/led.amasly.com\/wp-content\/uploads\/2024\/07\/led-tri-proof-light.png\" alt=\"\" class=\"uag-image-1130\" width=\"300\" height=\"300\" title=\"luce a led tri-proof\" loading=\"lazy\" role=\"img\"><\/a><\/figure><\/div>\n<\/div>\n\n\n\n<div class=\"wp-block-uagb-container uagb-block-0fdfdd58\">\n<div class=\"wp-block-uagb-image uagb-block-1187d32d wp-block-uagb-image--layout-default wp-block-uagb-image--effect-static wp-block-uagb-image--align-none\"><figure class=\"wp-block-uagb-image__figure\"><a class=\"\" href=\"https:\/\/led.amasly.com\/it\/products\/\" target=\"\" rel=\"noopener\"><img decoding=\"async\" srcset=\"https:\/\/led.amasly.com\/wp-content\/uploads\/2024\/07\/LED-street-light.jpg ,https:\/\/led.amasly.com\/wp-content\/uploads\/2024\/07\/LED-street-light.jpg 780w, https:\/\/led.amasly.com\/wp-content\/uploads\/2024\/07\/LED-street-light.jpg 360w\" sizes=\"auto, (max-width: 480px) 150px\" src=\"https:\/\/led.amasly.com\/wp-content\/uploads\/2024\/07\/LED-street-light.jpg\" alt=\"\" class=\"uag-image-1145\" width=\"300\" height=\"300\" title=\"Illuminazione stradale a LED\" loading=\"lazy\" role=\"img\"><\/a><\/figure><\/div>\n<\/div>\n<\/div><\/div>\n\n\n\n<div class=\"wp-block-uagb-container uagb-block-6a60882c alignfull uagb-is-root-container\"><div class=\"uagb-container-inner-blocks-wrap\">\n<div class=\"wp-block-uagb-container uagb-block-f1e91a35\">\n<h4 class=\"wp-block-heading has-text-align-center\"><a href=\"https:\/\/led.amasly.com\/it\/products\/\">Luci LED Flood<\/a><\/h4>\n<\/div>\n\n\n\n<div class=\"wp-block-uagb-container uagb-block-165bfa58\">\n<h4 class=\"wp-block-heading has-text-align-center\"><a href=\"https:\/\/led.amasly.com\/it\/products\/\">Luci tubolari triprofessionali a LED<\/a><\/h4>\n<\/div>\n\n\n\n<div class=\"wp-block-uagb-container uagb-block-f6096e3b\">\n<h4 class=\"wp-block-heading has-text-align-center\"><a href=\"https:\/\/led.amasly.com\/it\/products\/\">Luci stradali a LED<\/a><\/h4>\n<\/div>\n<\/div><\/div>\n\n\n\n<div class=\"wp-block-uagb-container uagb-block-99c0e0a5 alignfull uagb-is-root-container\"><div class=\"uagb-container-inner-blocks-wrap\"><\/div><\/div>\n\n\n\n<p><\/p>","protected":false},"excerpt":{"rendered":"<p>Why are floodlights the top choice for nighttime lighting? They deliver ample brightness, are durable, and easy to install\u2014meeting the needs of three key scenarios. Floodlights Instroduce In daily life and work, many people face challenges with nighttime lighting: struggling to see clearly while tidying up clutter in their backyard at night, experiencing reduced foot [&hellip;]<\/p>\n","protected":false},"author":1,"featured_media":0,"parent":4122,"menu_order":0,"comment_status":"closed","ping_status":"closed","template":"","meta":{"_uag_custom_page_level_css":"","site-sidebar-layout":"no-sidebar","site-content-layout":"","ast-site-content-layout":"default","site-content-style":"default","site-sidebar-style":"default","ast-global-header-display":"","ast-banner-title-visibility":"","ast-main-header-display":"","ast-hfb-above-header-display":"","ast-hfb-below-header-display":"","ast-hfb-mobile-header-display":"","site-post-title":"disabled","ast-breadcrumbs-content":"","ast-featured-img":"","footer-sml-layout":"","ast-disable-related-posts":"","theme-transparent-header-meta":"enabled","adv-header-id-meta":"","stick-header-meta":"","header-above-stick-meta":"","header-main-stick-meta":"","header-below-stick-meta":"","astra-migrate-meta-layouts":"set","ast-page-background-enabled":"default","ast-page-background-meta":{"desktop":{"background-color":"var(--ast-global-color-4)","background-image":"","background-repeat":"repeat","background-position":"center center","background-size":"auto","background-attachment":"scroll","background-type":"","background-media":"","overlay-type":"","overlay-color":"","overlay-opacity":"","overlay-gradient":""},"tablet":{"background-color":"","background-image":"","background-repeat":"repeat","background-position":"center center","background-size":"auto","background-attachment":"scroll","background-type":"","background-media":"","overlay-type":"","overlay-color":"","overlay-opacity":"","overlay-gradient":""},"mobile":{"background-color":"","background-image":"","background-repeat":"repeat","background-position":"center center","background-size":"auto","background-attachment":"scroll","background-type":"","background-media":"","overlay-type":"","overlay-color":"","overlay-opacity":"","overlay-gradient":""}},"ast-content-background-meta":{"desktop":{"background-color":"var(--ast-global-color-5)","background-image":"","background-repeat":"repeat","background-position":"center center","background-size":"auto","background-attachment":"scroll","background-type":"","background-media":"","overlay-type":"","overlay-color":"","overlay-opacity":"","overlay-gradient":""},"tablet":{"background-color":"var(--ast-global-color-5)","background-image":"","background-repeat":"repeat","background-position":"center center","background-size":"auto","background-attachment":"scroll","background-type":"","background-media":"","overlay-type":"","overlay-color":"","overlay-opacity":"","overlay-gradient":""},"mobile":{"background-color":"var(--ast-global-color-5)","background-image":"","background-repeat":"repeat","background-position":"center center","background-size":"auto","background-attachment":"scroll","background-type":"","background-media":"","overlay-type":"","overlay-color":"","overlay-opacity":"","overlay-gradient":""}},"footnotes":""},"class_list":["post-4388","page","type-page","status-publish","hentry"],"uagb_featured_image_src":{"full":false,"thumbnail":false,"medium":false,"medium_large":false,"large":false,"1536x1536":false,"2048x2048":false,"trp-custom-language-flag":false},"uagb_author_info":{"display_name":"Joe","author_link":"https:\/\/led.amasly.com\/it\/author\/jacklin\/"},"uagb_comment_info":0,"uagb_excerpt":"Why are floodlights the top choice for nighttime lighting? They deliver ample brightness, are durable, and easy to install\u2014meeting the needs of three key scenarios. Floodlights Instroduce In daily life and work, many people face challenges with nighttime lighting: struggling to see clearly while tidying up clutter in their backyard at night, experiencing reduced foot&hellip;","_links":{"self":[{"href":"https:\/\/led.amasly.com\/it\/wp-json\/wp\/v2\/pages\/4388","targetHints":{"allow":["GET"]}}],"collection":[{"href":"https:\/\/led.amasly.com\/it\/wp-json\/wp\/v2\/pages"}],"about":[{"href":"https:\/\/led.amasly.com\/it\/wp-json\/wp\/v2\/types\/page"}],"author":[{"embeddable":true,"href":"https:\/\/led.amasly.com\/it\/wp-json\/wp\/v2\/users\/1"}],"replies":[{"embeddable":true,"href":"https:\/\/led.amasly.com\/it\/wp-json\/wp\/v2\/comments?post=4388"}],"version-history":[{"count":2,"href":"https:\/\/led.amasly.com\/it\/wp-json\/wp\/v2\/pages\/4388\/revisions"}],"predecessor-version":[{"id":4719,"href":"https:\/\/led.amasly.com\/it\/wp-json\/wp\/v2\/pages\/4388\/revisions\/4719"}],"up":[{"embeddable":true,"href":"https:\/\/led.amasly.com\/it\/wp-json\/wp\/v2\/pages\/4122"}],"wp:attachment":[{"href":"https:\/\/led.amasly.com\/it\/wp-json\/wp\/v2\/media?parent=4388"}],"curies":[{"name":"wp","href":"https:\/\/api.w.org\/{rel}","templated":true}]}}