{"id":4171,"date":"2025-07-15T21:56:31","date_gmt":"2025-07-15T13:56:31","guid":{"rendered":"https:\/\/led.amasly.com\/?page_id=4171"},"modified":"2026-01-24T21:19:04","modified_gmt":"2026-01-24T13:19:04","slug":"learn-how-to-achieve-optimal-lighting-design-for-golf-courses","status":"publish","type":"page","link":"https:\/\/led.amasly.com\/it\/knowledge\/outdoor-light-knowledge\/learn-how-to-achieve-optimal-lighting-design-for-golf-courses\/","title":{"rendered":"Scoprite come ottenere una progettazione ottimale per l'illuminazione dei campi da golf"},"content":{"rendered":"<div class=\"wp-block-uagb-container uagb-block-27bae773 alignfull uagb-is-root-container\"><div class=\"uagb-container-inner-blocks-wrap\"><\/div><\/div>\n\n\n\n<h1 class=\"wp-block-heading has-text-align-center\"><strong>Imparare a progettare in modo ottimale un campo da golf<\/strong> <strong>illuminazione <\/strong><\/h1>\n\n\n\n<figure class=\"wp-block-image aligncenter size-full\"><img decoding=\"async\" width=\"800\" height=\"611\" src=\"https:\/\/led.amasly.com\/wp-content\/uploads\/2025\/07\/lighting-design-for-golf-courses.png\" alt=\"Golf Course Lighting\" class=\"wp-image-4173\" title=\"\" srcset=\"https:\/\/led.amasly.com\/wp-content\/uploads\/2025\/07\/lighting-design-for-golf-courses.png 800w, https:\/\/led.amasly.com\/wp-content\/uploads\/2025\/07\/lighting-design-for-golf-courses-300x229.png 300w, https:\/\/led.amasly.com\/wp-content\/uploads\/2025\/07\/lighting-design-for-golf-courses-768x587.png 768w, https:\/\/led.amasly.com\/wp-content\/uploads\/2025\/07\/lighting-design-for-golf-courses-16x12.png 16w\" sizes=\"(max-width: 800px) 100vw, 800px\" \/><\/figure>\n\n\n\n<p>&nbsp;I campi da golf sono pi\u00f9 grandi di altri impianti sportivi, con molti fairway e terreni variegati, il che rende pi\u00f9 complessa la progettazione dell'illuminazione sui campi da golf. Tuttavia, l'illuminazione \u00e8 fondamentale per garantire ai giocatori un'ottima esperienza di gioco notturno. Pertanto, dovreste assolutamente leggere questo articolo per imparare come ottenere la migliore progettazione illuminotecnica per il vostro campo da golf!<\/p>\n\n\n\n<h2 class=\"wp-block-heading\"><strong>\u00a0Come disporre un palo per l'illuminazione del campo da golf<\/strong><\/h2>\n\n\n\n<p>&nbsp;Un campo da golf \u00e8 composto da tre parti principali: <strong>tee, fairway e green, e ogni area ha requisiti di illuminazione diversi.<\/strong><\/p>\n\n\n\n<h3 class=\"wp-block-heading\"><strong>&nbsp;Maglietta<\/strong><strong><\/strong><\/h3>\n\n\n\n<p>&nbsp;Il valore medio di illuminazione orizzontale dell'area del tee principale deve essere superiore a 150 lux (Lx); l'illuminazione verticale nella fascia di altezza di 30 metri dal tee: a. dietro il tee principale: superiore a 100 lux (Lx); b. davanti al tee: superiore a 300 lux (Lx); c. 200 metri davanti al tee: superiore a 150 lux (Lx).<\/p>\n\n\n\n<h3 class=\"wp-block-heading\"><strong>&nbsp;Fairway<\/strong><strong><\/strong><\/h3>\n\n\n\n<p>L'illuminamento orizzontale e verticale deve essere standardizzato su tutta la lunghezza del fairway per garantire condizioni di illuminazione ottimali nelle aree collinari. L'illuminamento orizzontale medio richiesto deve essere superiore a 120 lux (Lx) e l'illuminamento verticale medio deve essere superiore a 50 lux (Lx).<\/p>\n\n\n\n<h3 class=\"wp-block-heading\"><strong>&nbsp;Verdi<\/strong><strong><\/strong><\/h3>\n\n\n\n<p>&nbsp;L'area del green deve essere adeguatamente illuminata e deve ridurre al minimo le ombre sul corpo del giocatore quando colpisce la palla da pi\u00f9 direzioni. L'illuminazione orizzontale media in quest'area deve essere superiore a 250 Lux (Lx).<\/p>\n\n\n\n<p><br>&nbsp;L'obiettivo del progetto di illuminazione del tee \u00e8 quello di fornire una visione chiara della palla e dell'estremit\u00e0 della mazza sia per i giocatori mancini che per quelli destrorsi. Come apparecchi di illuminazione si consigliano proiettori ampiamente distribuiti, preferibilmente da entrambe le direzioni. Questo tipo di illuminazione impedisce alle ombre di cadere nella direzione del tiro o sulla palla.<\/p>\n\n\n\n<p>&nbsp;Di norma, i pali della luce devono essere posizionati ad almeno 1,5 metri dal limite posteriore del tee. Per i tee pi\u00f9 grandi, \u00e8 necessario fornire illuminazione da pi\u00f9 di una direzione. L'altezza del palo della luce non deve essere inferiore alla met\u00e0 della lunghezza totale del tee e deve trovarsi ad almeno 9 metri sopra il tee.<\/p>\n\n\n\n<figure class=\"wp-block-image aligncenter size-full\"><img decoding=\"async\" width=\"788\" height=\"438\" src=\"https:\/\/led.amasly.com\/wp-content\/uploads\/2025\/07\/Fairways-1.png\" alt=\"\" class=\"wp-image-4176\" title=\"\" srcset=\"https:\/\/led.amasly.com\/wp-content\/uploads\/2025\/07\/Fairways-1.png 788w, https:\/\/led.amasly.com\/wp-content\/uploads\/2025\/07\/Fairways-1-300x167.png 300w, https:\/\/led.amasly.com\/wp-content\/uploads\/2025\/07\/Fairways-1-768x427.png 768w, https:\/\/led.amasly.com\/wp-content\/uploads\/2025\/07\/Fairways-1-18x10.png 18w\" sizes=\"(max-width: 788px) 100vw, 788px\" \/><\/figure>\n\n\n\n<h4 class=\"wp-block-heading\"><strong>&nbsp;Fairway<\/strong><strong><\/strong><\/h4>\n\n\n\n<p><br>&nbsp;La larghezza media dei fairway \u00e8 di circa 41 metri, ma la larghezza esatta varia a seconda del livello di sfida ricreativa. In generale, la larghezza dei fairway pu\u00f2 variare da 32 metri a 55 metri. I fairway tipici curvano in tutti i punti del perimetro e sono pi\u00f9 larghi nella zona di caduta. Per ottenere un'adeguata illuminazione verticale, si pu\u00f2 considerare l'utilizzo di proiettori distribuiti in modo stretto da entrambi i lati come illuminazione di tracciamento. Il valore di riferimento per l'illuminazione verticale viene preso da un piano perpendicolare alla linea centrale del fairway a un'altezza di circa 15 metri sopra la linea centrale del fairway e a una lunghezza pari all'intera larghezza del fairway in quel punto.<\/p>\n\n\n\n<p>&nbsp;L'illuminazione verticale del fairway deve essere sufficiente a consentire al giocatore di vedere la traiettoria completa della palla fino a quando non colpisce il terreno a una velocit\u00e0 massima di 100 chilometri all'ora. A tal fine, il primo piano verticale deve trovarsi a non meno di 30 metri dai pali della luce del tee. \u00c8 preferibile posizionare queste luci negli angoli del fairway o nella zona di caduta, riducendo cos\u00ec il numero di apparecchi. L'altezza minima di montaggio di un apparecchio luminoso \u00e8 di 11 metri dalla sua base. I pali della luce vengono solitamente posizionati lungo i percorsi dei golf cart o su terreni rialzati per ridurre al minimo l'effetto del terreno.<\/p>\n\n\n\n<figure class=\"wp-block-image aligncenter size-full\"><img decoding=\"async\" width=\"792\" height=\"426\" src=\"https:\/\/led.amasly.com\/wp-content\/uploads\/2025\/07\/Greens.png\" alt=\"\" class=\"wp-image-4175\" title=\"\" srcset=\"https:\/\/led.amasly.com\/wp-content\/uploads\/2025\/07\/Greens.png 792w, https:\/\/led.amasly.com\/wp-content\/uploads\/2025\/07\/Greens-300x161.png 300w, https:\/\/led.amasly.com\/wp-content\/uploads\/2025\/07\/Greens-768x413.png 768w, https:\/\/led.amasly.com\/wp-content\/uploads\/2025\/07\/Greens-18x10.png 18w\" sizes=\"(max-width: 792px) 100vw, 792px\" \/><\/figure>\n\n\n\n<h4 class=\"wp-block-heading\"><strong>&nbsp;<\/strong><\/h4>\n\n\n\n<h4 class=\"wp-block-heading\"><strong>&nbsp;Verdi<\/strong><strong><\/strong><\/h4>\n\n\n\n<p><br>&nbsp;I green hanno requisiti di illuminazione orizzontale molto elevati e il rapporto tra l'illuminazione orizzontale massima e l'illuminazione orizzontale minima non deve essere superiore a 3:1. Su un campo da golf, i giocatori possono colpire la pallina in qualsiasi direzione verso la buca, quindi l'illuminazione deve essere fornita da almeno due direzioni per ridurre al minimo le ombre. L'area di installazione \u00e8 un'area ombreggiata a 40 gradi davanti al green. La distanza massima tra gli apparecchi di illuminazione \u00e8 pari a tre volte l'altezza del palo della luce.<\/p>\n\n\n\n<figure class=\"wp-block-image aligncenter size-full\"><img decoding=\"async\" width=\"795\" height=\"424\" src=\"https:\/\/led.amasly.com\/wp-content\/uploads\/2025\/07\/\u56fe\u72471.png\" alt=\"\" class=\"wp-image-4177\" title=\"\" srcset=\"https:\/\/led.amasly.com\/wp-content\/uploads\/2025\/07\/\u56fe\u72471.png 795w, https:\/\/led.amasly.com\/wp-content\/uploads\/2025\/07\/\u56fe\u72471-300x160.png 300w, https:\/\/led.amasly.com\/wp-content\/uploads\/2025\/07\/\u56fe\u72471-768x410.png 768w, https:\/\/led.amasly.com\/wp-content\/uploads\/2025\/07\/\u56fe\u72471-18x10.png 18w\" sizes=\"(max-width: 795px) 100vw, 795px\" \/><\/figure>\n\n\n\n<p><strong>&nbsp;Fattori da considerare per una progettazione illuminotecnica ottimale su un campo da golf<\/strong><strong><br><\/strong><strong><br><\/strong><strong>&nbsp;&nbsp;&nbsp;&nbsp;<\/strong><strong>&nbsp;Riduzione dell'abbagliamento: Si possono considerare quattro tipi di abbagliamento: l'abbagliamento diretto, l'abbagliamento riflesso, l'abbagliamento da contrasto tra luce e buio e l'abbagliamento causato dal disagio visivo.<\/strong>&nbsp;Per i fairway adiacenti \u00e8 probabile che si verifichi un abbagliamento diretto. L'abbagliamento pu\u00f2 essere ridotto al minimo aumentando l'altezza della sorgente luminosa quando il golfista si trova a una certa distanza da essa. L'esperienza ha dimostrato che l'abbagliamento pu\u00f2 essere controllato pi\u00f9 efficacemente quando l'altezza della sorgente luminosa supera gli 11 metri.<\/p>\n\n\n\n<p><strong>&nbsp;Scegliere una sorgente luminosa con un'elevata temperatura di colore e un elevato indice di resa cromatica (CRI).<\/strong>&nbsp;L'utilizzo di una sorgente luminosa con una temperatura di colore di 5500K o superiore e un indice di resa cromatica superiore a 90 pu\u00f2 ripristinare il colore originale di oggetti come prati e palloni.<\/p>\n\n\n\n<p><strong>&nbsp;Selezione del polo: <\/strong>I tipi di palo pi\u00f9 comuni sono quelli fissi, inclinati, a sollevamento pneumatico e idraulico. Oltre alle considerazioni sul budget, scegliete un palo della luce che riduca al minimo i danni alla bellezza naturale del campo da golf.<\/p>\n\n\n\n<figure class=\"wp-block-image aligncenter size-full\"><img decoding=\"async\" width=\"1024\" height=\"610\" src=\"https:\/\/led.amasly.com\/wp-content\/uploads\/2025\/07\/golf-course-lighting-pole.png\" alt=\"\" class=\"wp-image-4178\" title=\"\" srcset=\"https:\/\/led.amasly.com\/wp-content\/uploads\/2025\/07\/golf-course-lighting-pole.png 1024w, https:\/\/led.amasly.com\/wp-content\/uploads\/2025\/07\/golf-course-lighting-pole-300x179.png 300w, https:\/\/led.amasly.com\/wp-content\/uploads\/2025\/07\/golf-course-lighting-pole-768x458.png 768w, https:\/\/led.amasly.com\/wp-content\/uploads\/2025\/07\/golf-course-lighting-pole-18x12.png 18w\" sizes=\"(max-width: 1024px) 100vw, 1024px\" \/><\/figure>\n\n\n\n<p class=\"has-text-align-left\">&nbsp;Sebbene i campi da golf siano pi\u00f9 grandi e complessi di altri campi, la comprensione dei criteri pu\u00f2 aiutare a muovere i primi passi nella progettazione dell'illuminazione dei campi da golf. Poi, tenendo conto delle caratteristiche del gioco del golf e dei vari terreni, si pu\u00f2 progettare l'illuminazione del tee (TEE), del fairway (FAIRWAY), del green (GREEN) e di altre aree.<\/p>\n\n\n\n<p class=\"has-text-align-left\">Standard: <a href=\"http:\/\/www.iec.com\" rel=\"nofollow noopener\" target=\"_blank\">IEC60598<\/a><\/p>\n\n\n\n<div class=\"wp-block-uagb-container uagb-block-c7d898dd alignfull uagb-is-root-container\"><div class=\"uagb-container-inner-blocks-wrap\"><\/div><\/div>\n\n\n\n<h2 class=\"wp-block-heading\">Prodotti correlati<\/h2>\n\n\n\n<div class=\"wp-block-uagb-container uagb-block-66e4defc alignfull uagb-is-root-container\"><div class=\"uagb-container-inner-blocks-wrap\">\n<div class=\"wp-block-uagb-container uagb-block-a42945f9\">\n<div class=\"wp-block-uagb-image uagb-block-7296296b wp-block-uagb-image--layout-default wp-block-uagb-image--effect-static wp-block-uagb-image--align-none\"><figure class=\"wp-block-uagb-image__figure\"><a class=\"\" href=\"https:\/\/led.amasly.com\/it\/products\/\" target=\"\" rel=\"noopener\"><img decoding=\"async\" srcset=\"https:\/\/led.amasly.com\/wp-content\/uploads\/2024\/09\/Explosion-proof-high-bay-lights.png ,https:\/\/led.amasly.com\/wp-content\/uploads\/2024\/09\/Explosion-proof-high-bay-lights.png 780w, https:\/\/led.amasly.com\/wp-content\/uploads\/2024\/09\/Explosion-proof-high-bay-lights.png 360w\" sizes=\"auto, (max-width: 480px) 150px\" src=\"https:\/\/led.amasly.com\/wp-content\/uploads\/2024\/09\/Explosion-proof-high-bay-lights.png\" alt=\"\" class=\"uag-image-1495\" width=\"300\" height=\"300\" title=\"Luci a baia antideflagranti\" loading=\"lazy\" role=\"img\"><\/a><\/figure><\/div>\n<\/div>\n\n\n\n<div class=\"wp-block-uagb-container uagb-block-4d3efde5\">\n<div class=\"wp-block-uagb-image uagb-block-c9e90797 wp-block-uagb-image--layout-default wp-block-uagb-image--effect-static wp-block-uagb-image--align-none\"><figure class=\"wp-block-uagb-image__figure\"><a class=\"\" href=\"https:\/\/led.amasly.com\/it\/products\/\" target=\"\" rel=\"noopener\"><img decoding=\"async\" srcset=\"https:\/\/led.amasly.com\/wp-content\/uploads\/2024\/07\/LED-tri-proof-lights2.png ,https:\/\/led.amasly.com\/wp-content\/uploads\/2024\/07\/LED-tri-proof-lights2.png 780w, https:\/\/led.amasly.com\/wp-content\/uploads\/2024\/07\/LED-tri-proof-lights2.png 360w\" sizes=\"auto, (max-width: 480px) 150px\" src=\"https:\/\/led.amasly.com\/wp-content\/uploads\/2024\/07\/LED-tri-proof-lights2.png\" alt=\"\" class=\"uag-image-1132\" width=\"300\" height=\"300\" title=\"Luci a prova di LED2\" loading=\"lazy\" role=\"img\"><\/a><\/figure><\/div>\n<\/div>\n\n\n\n<div class=\"wp-block-uagb-container uagb-block-11c2578b\">\n<div class=\"wp-block-uagb-image uagb-block-6e8883aa wp-block-uagb-image--layout-default wp-block-uagb-image--effect-static wp-block-uagb-image--align-none\"><figure class=\"wp-block-uagb-image__figure\"><a class=\"\" href=\"https:\/\/led.amasly.com\/it\/products\/\" target=\"\" rel=\"noopener\"><img decoding=\"async\" srcset=\"https:\/\/led.amasly.com\/wp-content\/uploads\/2024\/09\/LED-Explosion-Proof-Gas-Station-Light.png ,https:\/\/led.amasly.com\/wp-content\/uploads\/2024\/09\/LED-Explosion-Proof-Gas-Station-Light.png 780w, https:\/\/led.amasly.com\/wp-content\/uploads\/2024\/09\/LED-Explosion-Proof-Gas-Station-Light.png 360w\" sizes=\"auto, (max-width: 480px) 150px\" src=\"https:\/\/led.amasly.com\/wp-content\/uploads\/2024\/09\/LED-Explosion-Proof-Gas-Station-Light.png\" alt=\"\" class=\"uag-image-1501\" width=\"300\" height=\"300\" title=\"Luce della stazione di servizio a prova di esplosione a LED\" loading=\"lazy\" role=\"img\"><\/a><\/figure><\/div>\n<\/div>\n<\/div><\/div>\n\n\n\n<div class=\"wp-block-uagb-container uagb-block-548945b5 alignfull uagb-is-root-container\"><div class=\"uagb-container-inner-blocks-wrap\">\n<div class=\"wp-block-uagb-container uagb-block-967755d5\">\n<h4 class=\"wp-block-heading has-text-align-center\"><a href=\"https:\/\/led.amasly.com\/it\/products\/\">Luci LED a prova di esplosione<\/a><\/h4>\n<\/div>\n\n\n\n<div class=\"wp-block-uagb-container uagb-block-9bc52fc2\">\n<h4 class=\"wp-block-heading has-text-align-center\"><a href=\"https:\/\/led.amasly.com\/it\/products\/\">Luci a LED a prova di tris<\/a><\/h4>\n<\/div>\n\n\n\n<div class=\"wp-block-uagb-container uagb-block-8ffa0a23\">\n<h4 class=\"wp-block-heading has-text-align-center\"><a href=\"https:\/\/led.amasly.com\/it\/products\/\">Luci per stazioni di servizio a prova di esplosione<\/a><\/h4>\n<\/div>\n<\/div><\/div>\n\n\n\n<div class=\"wp-block-uagb-container uagb-block-29499fe0 alignfull uagb-is-root-container\"><div class=\"uagb-container-inner-blocks-wrap\">\n<div class=\"wp-block-uagb-container uagb-block-777ee1c7\">\n<div class=\"wp-block-uagb-image uagb-block-2e9a1851 wp-block-uagb-image--layout-default wp-block-uagb-image--effect-static wp-block-uagb-image--align-none\"><figure class=\"wp-block-uagb-image__figure\"><a class=\"\" href=\"https:\/\/led.amasly.com\/it\/products\/\" target=\"\" rel=\"noopener\"><img decoding=\"async\" srcset=\"https:\/\/led.amasly.com\/wp-content\/uploads\/2024\/10\/50W-100W-150W-200W-300W-LED-Flood-Light.jpg ,https:\/\/led.amasly.com\/wp-content\/uploads\/2024\/10\/50W-100W-150W-200W-300W-LED-Flood-Light.jpg 780w, https:\/\/led.amasly.com\/wp-content\/uploads\/2024\/10\/50W-100W-150W-200W-300W-LED-Flood-Light.jpg 360w\" sizes=\"auto, (max-width: 480px) 150px\" src=\"https:\/\/led.amasly.com\/wp-content\/uploads\/2024\/10\/50W-100W-150W-200W-300W-LED-Flood-Light.jpg\" alt=\"\" class=\"uag-image-1526\" width=\"300\" height=\"300\" title=\"50W 100W 150W 200W 300W Luce di inondazione LED\" loading=\"lazy\" role=\"img\"><\/a><\/figure><\/div>\n<\/div>\n\n\n\n<div class=\"wp-block-uagb-container uagb-block-af8c8683\">\n<div class=\"wp-block-uagb-image uagb-block-67947854 wp-block-uagb-image--layout-default wp-block-uagb-image--effect-static wp-block-uagb-image--align-none\"><figure class=\"wp-block-uagb-image__figure\"><a class=\"\" href=\"https:\/\/led.amasly.com\/it\/products\/\" target=\"\" rel=\"noopener\"><img decoding=\"async\" srcset=\"https:\/\/led.amasly.com\/wp-content\/uploads\/2024\/07\/led-tri-proof-light.png ,https:\/\/led.amasly.com\/wp-content\/uploads\/2024\/07\/led-tri-proof-light.png 780w, https:\/\/led.amasly.com\/wp-content\/uploads\/2024\/07\/led-tri-proof-light.png 360w\" sizes=\"auto, (max-width: 480px) 150px\" src=\"https:\/\/led.amasly.com\/wp-content\/uploads\/2024\/07\/led-tri-proof-light.png\" alt=\"\" class=\"uag-image-1130\" width=\"300\" height=\"300\" title=\"luce a led tri-proof\" loading=\"lazy\" role=\"img\"><\/a><\/figure><\/div>\n<\/div>\n\n\n\n<div class=\"wp-block-uagb-container uagb-block-0fdfdd58\">\n<div class=\"wp-block-uagb-image uagb-block-1187d32d wp-block-uagb-image--layout-default wp-block-uagb-image--effect-static wp-block-uagb-image--align-none\"><figure class=\"wp-block-uagb-image__figure\"><a class=\"\" href=\"https:\/\/led.amasly.com\/it\/products\/\" target=\"\" rel=\"noopener\"><img decoding=\"async\" srcset=\"https:\/\/led.amasly.com\/wp-content\/uploads\/2024\/07\/LED-street-light.jpg ,https:\/\/led.amasly.com\/wp-content\/uploads\/2024\/07\/LED-street-light.jpg 780w, https:\/\/led.amasly.com\/wp-content\/uploads\/2024\/07\/LED-street-light.jpg 360w\" sizes=\"auto, (max-width: 480px) 150px\" src=\"https:\/\/led.amasly.com\/wp-content\/uploads\/2024\/07\/LED-street-light.jpg\" alt=\"\" class=\"uag-image-1145\" width=\"300\" height=\"300\" title=\"Illuminazione stradale a LED\" loading=\"lazy\" role=\"img\"><\/a><\/figure><\/div>\n<\/div>\n<\/div><\/div>\n\n\n\n<div class=\"wp-block-uagb-container uagb-block-6a60882c alignfull uagb-is-root-container\"><div class=\"uagb-container-inner-blocks-wrap\">\n<div class=\"wp-block-uagb-container uagb-block-f1e91a35\">\n<h4 class=\"wp-block-heading has-text-align-center\"><a href=\"https:\/\/led.amasly.com\/it\/products\/\">Luci LED Flood<\/a><\/h4>\n<\/div>\n\n\n\n<div class=\"wp-block-uagb-container uagb-block-165bfa58\">\n<h4 class=\"wp-block-heading has-text-align-center\"><a href=\"https:\/\/led.amasly.com\/it\/products\/\">Luci tubolari triprofessionali a LED<\/a><\/h4>\n<\/div>\n\n\n\n<div class=\"wp-block-uagb-container uagb-block-f6096e3b\">\n<h4 class=\"wp-block-heading has-text-align-center\"><a href=\"https:\/\/led.amasly.com\/it\/products\/\">Luci stradali a LED<\/a><\/h4>\n<\/div>\n<\/div><\/div>\n\n\n\n<div class=\"wp-block-uagb-container uagb-block-99c0e0a5 alignfull uagb-is-root-container\"><div class=\"uagb-container-inner-blocks-wrap\"><\/div><\/div>\n\n\n\n<p><\/p>","protected":false},"excerpt":{"rendered":"<p>Learn how to achieve optimal design for golf course lighting &nbsp;Golf courses are larger than other sports venues, with many fairways and varied terrain, making lighting design on golf courses more complex. However, lighting is key to ensuring that players have a great nighttime playing experience. Therefore, you should definitely read this article to learn [&hellip;]<\/p>\n","protected":false},"author":1,"featured_media":0,"parent":4122,"menu_order":0,"comment_status":"closed","ping_status":"closed","template":"","meta":{"_uag_custom_page_level_css":"","site-sidebar-layout":"no-sidebar","site-content-layout":"","ast-site-content-layout":"default","site-content-style":"default","site-sidebar-style":"default","ast-global-header-display":"","ast-banner-title-visibility":"","ast-main-header-display":"","ast-hfb-above-header-display":"","ast-hfb-below-header-display":"","ast-hfb-mobile-header-display":"","site-post-title":"disabled","ast-breadcrumbs-content":"","ast-featured-img":"","footer-sml-layout":"","ast-disable-related-posts":"","theme-transparent-header-meta":"enabled","adv-header-id-meta":"","stick-header-meta":"","header-above-stick-meta":"","header-main-stick-meta":"","header-below-stick-meta":"","astra-migrate-meta-layouts":"set","ast-page-background-enabled":"default","ast-page-background-meta":{"desktop":{"background-color":"var(--ast-global-color-4)","background-image":"","background-repeat":"repeat","background-position":"center center","background-size":"auto","background-attachment":"scroll","background-type":"","background-media":"","overlay-type":"","overlay-color":"","overlay-opacity":"","overlay-gradient":""},"tablet":{"background-color":"","background-image":"","background-repeat":"repeat","background-position":"center center","background-size":"auto","background-attachment":"scroll","background-type":"","background-media":"","overlay-type":"","overlay-color":"","overlay-opacity":"","overlay-gradient":""},"mobile":{"background-color":"","background-image":"","background-repeat":"repeat","background-position":"center center","background-size":"auto","background-attachment":"scroll","background-type":"","background-media":"","overlay-type":"","overlay-color":"","overlay-opacity":"","overlay-gradient":""}},"ast-content-background-meta":{"desktop":{"background-color":"var(--ast-global-color-5)","background-image":"","background-repeat":"repeat","background-position":"center center","background-size":"auto","background-attachment":"scroll","background-type":"","background-media":"","overlay-type":"","overlay-color":"","overlay-opacity":"","overlay-gradient":""},"tablet":{"background-color":"var(--ast-global-color-5)","background-image":"","background-repeat":"repeat","background-position":"center center","background-size":"auto","background-attachment":"scroll","background-type":"","background-media":"","overlay-type":"","overlay-color":"","overlay-opacity":"","overlay-gradient":""},"mobile":{"background-color":"var(--ast-global-color-5)","background-image":"","background-repeat":"repeat","background-position":"center center","background-size":"auto","background-attachment":"scroll","background-type":"","background-media":"","overlay-type":"","overlay-color":"","overlay-opacity":"","overlay-gradient":""}},"footnotes":""},"class_list":["post-4171","page","type-page","status-publish","hentry"],"uagb_featured_image_src":{"full":false,"thumbnail":false,"medium":false,"medium_large":false,"large":false,"1536x1536":false,"2048x2048":false,"trp-custom-language-flag":false},"uagb_author_info":{"display_name":"Joe","author_link":"https:\/\/led.amasly.com\/it\/author\/jacklin\/"},"uagb_comment_info":0,"uagb_excerpt":"Learn how to achieve optimal design for golf course lighting &nbsp;Golf courses are larger than other sports venues, with many fairways and varied terrain, making lighting design on golf courses more complex. However, lighting is key to ensuring that players have a great nighttime playing experience. Therefore, you should definitely read this article to learn&hellip;","_links":{"self":[{"href":"https:\/\/led.amasly.com\/it\/wp-json\/wp\/v2\/pages\/4171","targetHints":{"allow":["GET"]}}],"collection":[{"href":"https:\/\/led.amasly.com\/it\/wp-json\/wp\/v2\/pages"}],"about":[{"href":"https:\/\/led.amasly.com\/it\/wp-json\/wp\/v2\/types\/page"}],"author":[{"embeddable":true,"href":"https:\/\/led.amasly.com\/it\/wp-json\/wp\/v2\/users\/1"}],"replies":[{"embeddable":true,"href":"https:\/\/led.amasly.com\/it\/wp-json\/wp\/v2\/comments?post=4171"}],"version-history":[{"count":3,"href":"https:\/\/led.amasly.com\/it\/wp-json\/wp\/v2\/pages\/4171\/revisions"}],"predecessor-version":[{"id":4713,"href":"https:\/\/led.amasly.com\/it\/wp-json\/wp\/v2\/pages\/4171\/revisions\/4713"}],"up":[{"embeddable":true,"href":"https:\/\/led.amasly.com\/it\/wp-json\/wp\/v2\/pages\/4122"}],"wp:attachment":[{"href":"https:\/\/led.amasly.com\/it\/wp-json\/wp\/v2\/media?parent=4171"}],"curies":[{"name":"wp","href":"https:\/\/api.w.org\/{rel}","templated":true}]}}