{"id":4100,"date":"2025-07-05T16:12:17","date_gmt":"2025-07-05T08:12:17","guid":{"rendered":"https:\/\/led.amasly.com\/?page_id=4100"},"modified":"2025-07-05T16:12:22","modified_gmt":"2025-07-05T08:12:22","slug":"how-long-do-led-lights-lifespan","status":"publish","type":"page","link":"https:\/\/led.amasly.com\/it\/knowledge\/led-light-knowledge\/how-long-do-led-lights-lifespan\/","title":{"rendered":"Quanto durano le luci LED?"},"content":{"rendered":"<div class=\"wp-block-uagb-container uagb-block-27bae773 alignfull uagb-is-root-container\"><div class=\"uagb-container-inner-blocks-wrap\"><\/div><\/div>\n\n\n\n<h1 class=\"wp-block-heading has-text-align-center\"><strong>Quanto durano le luci LED <\/strong><strong>durata della vita<\/strong><strong>?<\/strong><strong><\/strong><\/h1>\n\n\n\n<figure class=\"wp-block-image size-large\"><img decoding=\"async\" width=\"1024\" height=\"944\" src=\"https:\/\/led.amasly.com\/wp-content\/uploads\/2025\/07\/LED-lights-lifespan-1024x944.png\" alt=\"\" class=\"wp-image-4101\" title=\"\" srcset=\"https:\/\/led.amasly.com\/wp-content\/uploads\/2025\/07\/LED-lights-lifespan-1024x944.png 1024w, https:\/\/led.amasly.com\/wp-content\/uploads\/2025\/07\/LED-lights-lifespan-300x277.png 300w, https:\/\/led.amasly.com\/wp-content\/uploads\/2025\/07\/LED-lights-lifespan-768x708.png 768w, https:\/\/led.amasly.com\/wp-content\/uploads\/2025\/07\/LED-lights-lifespan-13x12.png 13w, https:\/\/led.amasly.com\/wp-content\/uploads\/2025\/07\/LED-lights-lifespan.png 1080w\" sizes=\"(max-width: 1024px) 100vw, 1024px\" \/><\/figure>\n\n\n\n<p>Le luci a LED stanno gradualmente sostituendo una serie di apparecchi tradizionali grazie alla loro lunga durata e agli enormi vantaggi economici che comportano. Tuttavia, sentiamo sempre i clienti lamentarsi delle luci LED che hanno acquistato, dicendo che non sono affatto durevoli. Quindi, quanto durano effettivamente le luci LED e come si pu\u00f2 prolungare la loro durata? Continuate a leggere per avere le informazioni pi\u00f9 professionali sulle luci LED!<\/p>\n\n\n\n<h2 class=\"wp-block-heading\"><strong>Quanto durano le luci LED <\/strong><strong>durata della vita<\/strong><strong>?<\/strong><strong><\/strong><\/h2>\n\n\n\n<p>Le singole lampade a diodo a emissione luminosa (LED) hanno una durata teorica fino a 100.000 ore. Tuttavia, poich\u00e9 anche altri componenti elettronici hanno una durata di vita, <strong>Le lampadine a LED, una volta assemblate, non hanno una durata di 100.000 ore. In genere, la durata \u00e8 di circa 50.000 ore.<\/strong><\/p>\n\n\n\n<p>Le luci a LED non soffrono di filamenti fusi, il che le rende cos\u00ec durature. Le luci a LED invecchiano gradualmente nel tempo, anzich\u00e9 smettere di funzionare all'improvviso.<strong>&nbsp;Complessivamente, dopo 50.000 ore di utilizzo continuo, le luci LED di alta qualit\u00e0 mantengono pi\u00f9 di 60% della loro luminosit\u00e0 iniziale.<\/strong>&nbsp;Se una luce LED raggiunge la fine della sua durata nominale, pu\u00f2 ancora brillare, ma la luce sar\u00e0 molto debole.<\/p>\n\n\n\n<h2 class=\"wp-block-heading\"><strong>Confronto tra la durata di vita delle lampade a LED e delle lampade tradizionali<\/strong><strong><\/strong><\/h2>\n\n\n\n<p>Nonostante il costo di investimento iniziale pi\u00f9 elevato, le lampade a LED sono pi\u00f9 durevoli grazie alla loro lunga durata, che riduce la necessit\u00e0 di ripetute sostituzioni. Uno studio che ha messo a confronto la sostituzione delle tradizionali lampade al sodio ad alta pressione con lampioni a LED ha rilevato che <strong>\u00c8 stato necessario sostituire un numero di apparecchi tradizionali 20 volte superiore a quello degli apparecchi a LED.<\/strong><\/p>\n\n\n\n<p>Il grafico a barre sottostante mette a confronto la durata di vita delle sorgenti luminose pi\u00f9 comuni:<\/p>\n\n\n\n<figure class=\"wp-block-image size-full\"><img decoding=\"async\" width=\"891\" height=\"494\" src=\"https:\/\/led.amasly.com\/wp-content\/uploads\/2025\/07\/LED-lamps-and-traditional-lamps-lifespan.png\" alt=\"\" class=\"wp-image-4102\" title=\"\" srcset=\"https:\/\/led.amasly.com\/wp-content\/uploads\/2025\/07\/LED-lamps-and-traditional-lamps-lifespan.png 891w, https:\/\/led.amasly.com\/wp-content\/uploads\/2025\/07\/LED-lamps-and-traditional-lamps-lifespan-300x166.png 300w, https:\/\/led.amasly.com\/wp-content\/uploads\/2025\/07\/LED-lamps-and-traditional-lamps-lifespan-768x426.png 768w, https:\/\/led.amasly.com\/wp-content\/uploads\/2025\/07\/LED-lamps-and-traditional-lamps-lifespan-18x10.png 18w\" sizes=\"(max-width: 891px) 100vw, 891px\" \/><\/figure>\n\n\n\n<p>Le luci LED di per s\u00e9 non si usurano, ma soffrono di degrado della luce, che si manifesta con una graduale diminuzione dell'intensit\u00e0 luminosa dopo 4.000-10.000 ore di funzionamento e con un cambiamento della temperatura di colore. Una buona progettazione termica, l'uso di alimentatori a corrente costante e l'impiego di materiali di imballaggio resistenti all'invecchiamento possono contribuire a ritardare l'insorgere di guasti alle luci dei LED. Secondo lo standard L70 (ovvero lo standard di mantenimento del flusso luminoso), <strong>generalmente si ritiene che quando il flusso luminoso in uscita di una lampada LED scende a 70% del suo valore iniziale (circa 50.000 ore), la lampada LED raggiunge la fine della sua vita utile.<\/strong><\/p>\n\n\n\n<figure class=\"wp-block-image size-full\"><img decoding=\"async\" width=\"890\" height=\"569\" src=\"https:\/\/led.amasly.com\/wp-content\/uploads\/2025\/07\/service-life-of-LED-lights.png\" alt=\"\" class=\"wp-image-4103\" title=\"\" srcset=\"https:\/\/led.amasly.com\/wp-content\/uploads\/2025\/07\/service-life-of-LED-lights.png 890w, https:\/\/led.amasly.com\/wp-content\/uploads\/2025\/07\/service-life-of-LED-lights-300x192.png 300w, https:\/\/led.amasly.com\/wp-content\/uploads\/2025\/07\/service-life-of-LED-lights-768x491.png 768w, https:\/\/led.amasly.com\/wp-content\/uploads\/2025\/07\/service-life-of-LED-lights-18x12.png 18w\" sizes=\"(max-width: 890px) 100vw, 890px\" \/><\/figure>\n\n\n\n<h2 class=\"wp-block-heading\"><strong>Fattori che influenzano la durata delle luci LED<\/strong><strong><\/strong><\/h2>\n\n\n\n<p><strong>Gestione termica: <\/strong>Poich\u00e9 le sfere luminose a LED sono estremamente sensibili al calore, le temperature elevate ne riducono la durata. Pertanto, una gestione termica efficiente (compresi i materiali di dissipazione del calore, la struttura di dissipazione del calore e il design termico) \u00e8 fondamentale. La gestione termica \u00e8 particolarmente importante per le lampade da esterno, come i lampioni.<\/p>\n\n\n\n<p><strong>Corrente e tensione: <\/strong>Se la corrente o la tensione sono troppo alte o troppo basse, possono causare danni al chip LED o ridurne la luminosit\u00e0. Inoltre, le caratteristiche volt-ampere dei LED indicano che la loro fonte di alimentazione deve essere esclusivamente un alimentatore a corrente costante. L'utilizzo di un alimentatore a corrente non costante limita la durata della luce LED e ne causa il rapido decadimento.<\/p>\n\n\n\n<p><strong>Fattori ambientali: <\/strong>Fattori ambientali sfavorevoli possono ridurre la durata di vita delle luci a LED, come temperature elevate, umidit\u00e0 elevata, forti vibrazioni o gas corrosivi. L'accumulo di polvere e di escrementi di uccelli riduce l'efficienza di raffreddamento degli apparecchi di illuminazione per esterni. Inoltre, anche le forti radiazioni UV generate dall'ambiente esterno riducono la durata dei LED.<\/p>\n\n\n\n<h2 class=\"wp-block-heading\"><strong>Come possono i produttori realizzare luci a LED pi\u00f9 durature?<\/strong><strong><\/strong><\/h2>\n\n\n\n<p>Per massimizzare la durata delle luci LED, i produttori devono prestare attenzione al processo di produzione.<\/p>\n\n\n\n<p><strong>Progettazione termica: <\/strong>La progettazione termica deve essere ottimizzata in ogni fase del processo produttivo. Queste fasi comprendono il livello del chip, del pacchetto, della scheda e del sistema. Alla base termica del LED e alle sue aree periferiche vengono aggiunte delle vias termiche, seguite da uno strato di fogli di rame per ridurre al minimo la resistenza termica del substrato del dissipatore di calore. Inoltre, vengono utilizzati dissipatori di calore come dissipatori, tubi di calore, piastre di equalizzazione del calore, tubi di calore ad anello, ventole piezoelettriche e altri dissipatori di calore.<\/p>\n\n\n\n<p><strong>Problema della resina epossidica: <\/strong>Poich\u00e9 la resina di incapsulamento dei LED bianchi riflette la luce prodotta, l'abbandono dell'incapsulamento in resina epossidica elimina i fattori di degrado associati all'invecchiamento. Tuttavia, l'uso di riflettori in resina pu\u00f2 portare a una riduzione significativa della quantit\u00e0 di luce emessa. Questo \u00e8 il motivo principale per cui i materiali di incapsulamento metallici e ceramici sono ampiamente utilizzati.<\/p>\n\n\n\n<p><strong>Influenza del processo di incapsulamento: <\/strong>A parit\u00e0 di ambiente di invecchiamento, il grado di degradazione della luce delle lampade LED incapsulate con il processo di sigillatura convenzionale \u00e8 76% inferiore a quello delle lampade LED incapsulate con la colla di Classe A a bassa attenuazione. Pertanto, l'utilizzo di lampade LED con un processo di incapsulamento di alta qualit\u00e0 ne prolunga notevolmente la durata.<\/p>\n\n\n\n<figure class=\"wp-block-image size-full\"><img decoding=\"async\" width=\"786\" height=\"475\" src=\"https:\/\/led.amasly.com\/wp-content\/uploads\/2025\/07\/durable-LED-lights.png\" alt=\"\" class=\"wp-image-4104\" title=\"\" srcset=\"https:\/\/led.amasly.com\/wp-content\/uploads\/2025\/07\/durable-LED-lights.png 786w, https:\/\/led.amasly.com\/wp-content\/uploads\/2025\/07\/durable-LED-lights-300x181.png 300w, https:\/\/led.amasly.com\/wp-content\/uploads\/2025\/07\/durable-LED-lights-768x464.png 768w, https:\/\/led.amasly.com\/wp-content\/uploads\/2025\/07\/durable-LED-lights-18x12.png 18w\" sizes=\"(max-width: 786px) 100vw, 786px\" \/><\/figure>\n\n\n\n<h2 class=\"wp-block-heading\"><strong>Dati reali degli utenti: quanto durano effettivamente le luci LED? <\/strong><strong>durata della vita <\/strong><strong>?<\/strong><strong><\/strong><\/h2>\n\n\n\n<p>Nelle applicazioni pratiche, a causa dell'esistenza di diversi fattori di influenza, molte lampade e lanterne a LED non riescono a raggiungere la durata di vita ideale. Di seguito riportiamo l'esperienza reale della durata di vita delle lampade LED condivisa dagli utenti come riferimento:<\/p>\n\n\n\n<p><strong>Utente Reddit 1: <\/strong>\u00c8 stato utilizzato per 32 mesi (2,5 anni) e funziona ancora correttamente dal 2025; \u00e8 stato continuamente acceso dall'acquisto.<\/p>\n\n\n\n<p><strong>Utente Reddit 2: <\/strong>Ha iniziato a funzionare male dopo circa 3 anni di utilizzo, da 2 a 4 ore di uso quotidiano. La lampadina \u00e8 un prodotto a basso costo.<\/p>\n\n\n\n<p><strong>Utente Reddit 3: <\/strong>Pi\u00f9 lampadine sono state utilizzate ininterrottamente per oltre 3 anni, una delle quali ha 6 anni ma ha perso notevolmente luminosit\u00e0. La lampadina \u00e8 alimentata quasi tutto il giorno.<\/p>\n\n\n\n<p><strong>Utente Reddit 4: <\/strong>Le lampadine LED a basso consumo sono in uso da oltre 5 anni e continuano a funzionare in modo costante. L'uso quotidiano \u00e8 pi\u00f9 lungo, ma non supera le 16 ore.<\/p>\n\n\n\n<p>Quora <strong>utente 5: <\/strong>Molteplici lampade a LED sono state utilizzate per diversi anni senza alcun guasto; queste lampadine sono utilizzate in tipici ambienti di illuminazione domestica e rimangono continuamente alimentate.<\/p>\n\n\n\n<h2 class=\"wp-block-heading\"><strong>Come prolungare la vita<\/strong><strong>campata<\/strong><strong>&nbsp;di luci LED?<\/strong><strong><\/strong><\/h2>\n\n\n\n<p>Analizzando i fattori che influenzano la durata dei LED, \u00e8 possibile adottare misure di manutenzione mirate per ridurre efficacemente i costi a lungo termine. Le seguenti linee guida vi aiuteranno a prolungare la durata dei vostri apparecchi LED:<\/p>\n\n\n\n<p><strong>Assicurare buone condizioni di dissipazione del calore: <\/strong>Gli apparecchi a LED devono essere installati in aree ben ventilate per evitare la luce solare diretta e l'influenza di apparecchiature che generano calore. Allo stesso tempo, pulire regolarmente la polvere sulla superficie del radiatore e delle lampade per mantenere efficienti le prestazioni di dissipazione del calore.<\/p>\n\n\n\n<p><strong>Evitare frequenti operazioni di commutazione: <\/strong>Sebbene le commutazioni frequenti abbiano un impatto minore sulle luci LED rispetto agli apparecchi tradizionali, possono comunque causare lievi perdite nel circuito. Si consiglia di ridurre al minimo la frequenza di commutazione.<\/p>\n\n\n\n<p><strong>Per quanto riguarda l'uso continuo a lungo termine: <\/strong>Le caratteristiche di funzionamento continuo delle lampade LED rendono la loro generazione di calore estremamente bassa, ma dopo un lungo periodo di funzionamento possono ancora produrre un accumulo di calore, che a sua volta influisce sulla durata di vita. Se \u00e8 necessario utilizzare le lampade per un lungo periodo di tempo, si consiglia di utilizzare prodotti LED di alta qualit\u00e0 con eccellenti prestazioni di dissipazione del calore.<\/p>\n\n\n\n<p><strong>Applicazione dimmerabile e funzione intelligente: <\/strong>Gli apparecchi dotati di funzioni intelligenti possono essere selezionati per realizzare lo spegnimento automatico quando non c'\u00e8 nessuno che illumina e fornire impostazioni di luminosit\u00e0 regolabili, riducendo cos\u00ec il consumo di corrente ed evitando il surriscaldamento.<\/p>\n\n\n\n<p>Conclusione<\/p>\n\n\n\n<p class=\"has-text-align-left\">Le lampade a LED hanno una durata di vita significativamente pi\u00f9 lunga rispetto alle lampade tradizionali. Leggendo questo articolo, si dovrebbe essere in grado di avere una comprensione pi\u00f9 completa delle effettive prestazioni di vita delle lampade LED, del modo in cui la vita viene valutata, dei fattori che la influenzano e dei modi per estenderla.<\/p>\n\n\n\n<div class=\"wp-block-uagb-container uagb-block-c7d898dd alignfull uagb-is-root-container\"><div class=\"uagb-container-inner-blocks-wrap\"><\/div><\/div>\n\n\n\n<h2 class=\"wp-block-heading\">Prodotti correlati<\/h2>\n\n\n\n<div class=\"wp-block-uagb-container uagb-block-66e4defc alignfull uagb-is-root-container\"><div class=\"uagb-container-inner-blocks-wrap\">\n<div class=\"wp-block-uagb-container uagb-block-a42945f9\">\n<div class=\"wp-block-uagb-image uagb-block-7296296b wp-block-uagb-image--layout-default wp-block-uagb-image--effect-static wp-block-uagb-image--align-none\"><figure class=\"wp-block-uagb-image__figure\"><a class=\"\" href=\"https:\/\/led.amasly.com\/it\/products\/\" target=\"\" rel=\"noopener\"><img decoding=\"async\" srcset=\"https:\/\/led.amasly.com\/wp-content\/uploads\/2024\/09\/Explosion-proof-high-bay-lights.png ,https:\/\/led.amasly.com\/wp-content\/uploads\/2024\/09\/Explosion-proof-high-bay-lights.png 780w, https:\/\/led.amasly.com\/wp-content\/uploads\/2024\/09\/Explosion-proof-high-bay-lights.png 360w\" sizes=\"auto, (max-width: 480px) 150px\" src=\"https:\/\/led.amasly.com\/wp-content\/uploads\/2024\/09\/Explosion-proof-high-bay-lights.png\" alt=\"\" class=\"uag-image-1495\" width=\"300\" height=\"300\" title=\"Luci a baia antideflagranti\" loading=\"lazy\" role=\"img\"><\/a><\/figure><\/div>\n<\/div>\n\n\n\n<div class=\"wp-block-uagb-container uagb-block-4d3efde5\">\n<div class=\"wp-block-uagb-image uagb-block-c9e90797 wp-block-uagb-image--layout-default wp-block-uagb-image--effect-static wp-block-uagb-image--align-none\"><figure class=\"wp-block-uagb-image__figure\"><a class=\"\" href=\"https:\/\/led.amasly.com\/it\/products\/\" target=\"\" rel=\"noopener\"><img decoding=\"async\" srcset=\"https:\/\/led.amasly.com\/wp-content\/uploads\/2024\/07\/LED-tri-proof-lights2.png ,https:\/\/led.amasly.com\/wp-content\/uploads\/2024\/07\/LED-tri-proof-lights2.png 780w, https:\/\/led.amasly.com\/wp-content\/uploads\/2024\/07\/LED-tri-proof-lights2.png 360w\" sizes=\"auto, (max-width: 480px) 150px\" src=\"https:\/\/led.amasly.com\/wp-content\/uploads\/2024\/07\/LED-tri-proof-lights2.png\" alt=\"\" class=\"uag-image-1132\" width=\"300\" height=\"300\" title=\"Luci a prova di LED2\" loading=\"lazy\" role=\"img\"><\/a><\/figure><\/div>\n<\/div>\n\n\n\n<div class=\"wp-block-uagb-container uagb-block-11c2578b\">\n<div class=\"wp-block-uagb-image uagb-block-6e8883aa wp-block-uagb-image--layout-default wp-block-uagb-image--effect-static wp-block-uagb-image--align-none\"><figure class=\"wp-block-uagb-image__figure\"><a class=\"\" href=\"https:\/\/led.amasly.com\/it\/products\/\" target=\"\" rel=\"noopener\"><img decoding=\"async\" srcset=\"https:\/\/led.amasly.com\/wp-content\/uploads\/2024\/09\/LED-Explosion-Proof-Gas-Station-Light.png ,https:\/\/led.amasly.com\/wp-content\/uploads\/2024\/09\/LED-Explosion-Proof-Gas-Station-Light.png 780w, https:\/\/led.amasly.com\/wp-content\/uploads\/2024\/09\/LED-Explosion-Proof-Gas-Station-Light.png 360w\" sizes=\"auto, (max-width: 480px) 150px\" src=\"https:\/\/led.amasly.com\/wp-content\/uploads\/2024\/09\/LED-Explosion-Proof-Gas-Station-Light.png\" alt=\"\" class=\"uag-image-1501\" width=\"300\" height=\"300\" title=\"Luce della stazione di servizio a prova di esplosione a LED\" loading=\"lazy\" role=\"img\"><\/a><\/figure><\/div>\n<\/div>\n<\/div><\/div>\n\n\n\n<div class=\"wp-block-uagb-container uagb-block-548945b5 alignfull uagb-is-root-container\"><div class=\"uagb-container-inner-blocks-wrap\">\n<div class=\"wp-block-uagb-container uagb-block-967755d5\">\n<h4 class=\"wp-block-heading has-text-align-center\"><a href=\"https:\/\/led.amasly.com\/it\/products\/\">Luci LED a prova di esplosione<\/a><\/h4>\n<\/div>\n\n\n\n<div class=\"wp-block-uagb-container uagb-block-9bc52fc2\">\n<h4 class=\"wp-block-heading has-text-align-center\"><a href=\"https:\/\/led.amasly.com\/it\/products\/\">Luci a LED a prova di tris<\/a><\/h4>\n<\/div>\n\n\n\n<div class=\"wp-block-uagb-container uagb-block-8ffa0a23\">\n<h4 class=\"wp-block-heading has-text-align-center\"><a href=\"https:\/\/led.amasly.com\/it\/products\/\">Luci per stazioni di servizio a prova di esplosione<\/a><\/h4>\n<\/div>\n<\/div><\/div>\n\n\n\n<div class=\"wp-block-uagb-container uagb-block-29499fe0 alignfull uagb-is-root-container\"><div class=\"uagb-container-inner-blocks-wrap\">\n<div class=\"wp-block-uagb-container uagb-block-777ee1c7\">\n<div class=\"wp-block-uagb-image uagb-block-2e9a1851 wp-block-uagb-image--layout-default wp-block-uagb-image--effect-static wp-block-uagb-image--align-none\"><figure class=\"wp-block-uagb-image__figure\"><a class=\"\" href=\"https:\/\/led.amasly.com\/it\/products\/\" target=\"\" rel=\"noopener\"><img decoding=\"async\" srcset=\"https:\/\/led.amasly.com\/wp-content\/uploads\/2024\/10\/50W-100W-150W-200W-300W-LED-Flood-Light.jpg ,https:\/\/led.amasly.com\/wp-content\/uploads\/2024\/10\/50W-100W-150W-200W-300W-LED-Flood-Light.jpg 780w, https:\/\/led.amasly.com\/wp-content\/uploads\/2024\/10\/50W-100W-150W-200W-300W-LED-Flood-Light.jpg 360w\" sizes=\"auto, (max-width: 480px) 150px\" src=\"https:\/\/led.amasly.com\/wp-content\/uploads\/2024\/10\/50W-100W-150W-200W-300W-LED-Flood-Light.jpg\" alt=\"\" class=\"uag-image-1526\" width=\"300\" height=\"300\" title=\"50W 100W 150W 200W 300W Luce di inondazione LED\" loading=\"lazy\" role=\"img\"><\/a><\/figure><\/div>\n<\/div>\n\n\n\n<div class=\"wp-block-uagb-container uagb-block-af8c8683\">\n<div class=\"wp-block-uagb-image uagb-block-67947854 wp-block-uagb-image--layout-default wp-block-uagb-image--effect-static wp-block-uagb-image--align-none\"><figure class=\"wp-block-uagb-image__figure\"><a class=\"\" href=\"https:\/\/led.amasly.com\/it\/products\/\" target=\"\" rel=\"noopener\"><img decoding=\"async\" srcset=\"https:\/\/led.amasly.com\/wp-content\/uploads\/2024\/07\/led-tri-proof-light.png ,https:\/\/led.amasly.com\/wp-content\/uploads\/2024\/07\/led-tri-proof-light.png 780w, https:\/\/led.amasly.com\/wp-content\/uploads\/2024\/07\/led-tri-proof-light.png 360w\" sizes=\"auto, (max-width: 480px) 150px\" src=\"https:\/\/led.amasly.com\/wp-content\/uploads\/2024\/07\/led-tri-proof-light.png\" alt=\"\" class=\"uag-image-1130\" width=\"300\" height=\"300\" title=\"luce a led tri-proof\" loading=\"lazy\" role=\"img\"><\/a><\/figure><\/div>\n<\/div>\n\n\n\n<div class=\"wp-block-uagb-container uagb-block-0fdfdd58\">\n<div class=\"wp-block-uagb-image uagb-block-1187d32d wp-block-uagb-image--layout-default wp-block-uagb-image--effect-static wp-block-uagb-image--align-none\"><figure class=\"wp-block-uagb-image__figure\"><a class=\"\" href=\"https:\/\/led.amasly.com\/it\/products\/\" target=\"\" rel=\"noopener\"><img decoding=\"async\" srcset=\"https:\/\/led.amasly.com\/wp-content\/uploads\/2024\/07\/LED-street-light.jpg ,https:\/\/led.amasly.com\/wp-content\/uploads\/2024\/07\/LED-street-light.jpg 780w, https:\/\/led.amasly.com\/wp-content\/uploads\/2024\/07\/LED-street-light.jpg 360w\" sizes=\"auto, (max-width: 480px) 150px\" src=\"https:\/\/led.amasly.com\/wp-content\/uploads\/2024\/07\/LED-street-light.jpg\" alt=\"\" class=\"uag-image-1145\" width=\"300\" height=\"300\" title=\"Illuminazione stradale a LED\" loading=\"lazy\" role=\"img\"><\/a><\/figure><\/div>\n<\/div>\n<\/div><\/div>\n\n\n\n<div class=\"wp-block-uagb-container uagb-block-6a60882c alignfull uagb-is-root-container\"><div class=\"uagb-container-inner-blocks-wrap\">\n<div class=\"wp-block-uagb-container uagb-block-f1e91a35\">\n<h4 class=\"wp-block-heading has-text-align-center\"><a href=\"https:\/\/led.amasly.com\/it\/products\/\">Luci LED Flood<\/a><\/h4>\n<\/div>\n\n\n\n<div class=\"wp-block-uagb-container uagb-block-165bfa58\">\n<h4 class=\"wp-block-heading has-text-align-center\"><a href=\"https:\/\/led.amasly.com\/it\/products\/\">Luci tubolari triprofessionali a LED<\/a><\/h4>\n<\/div>\n\n\n\n<div class=\"wp-block-uagb-container uagb-block-f6096e3b\">\n<h4 class=\"wp-block-heading has-text-align-center\"><a href=\"https:\/\/led.amasly.com\/it\/products\/\">Luci stradali a LED<\/a><\/h4>\n<\/div>\n<\/div><\/div>\n\n\n\n<div class=\"wp-block-uagb-container uagb-block-99c0e0a5 alignfull uagb-is-root-container\"><div class=\"uagb-container-inner-blocks-wrap\"><\/div><\/div>\n\n\n\n<p><\/p>","protected":false},"excerpt":{"rendered":"<p>How long do LED lights lifespan? LED lights are gradually replacing a range of traditional fixtures thanks to their long life and the huge economic benefits they bring. However, we can always hear customers complain about the LED lights they purchased, saying that they are not durable at all. So, how long do LED lights [&hellip;]<\/p>\n","protected":false},"author":1,"featured_media":0,"parent":2984,"menu_order":0,"comment_status":"closed","ping_status":"closed","template":"","meta":{"_uag_custom_page_level_css":"","site-sidebar-layout":"no-sidebar","site-content-layout":"","ast-site-content-layout":"default","site-content-style":"default","site-sidebar-style":"default","ast-global-header-display":"","ast-banner-title-visibility":"","ast-main-header-display":"","ast-hfb-above-header-display":"","ast-hfb-below-header-display":"","ast-hfb-mobile-header-display":"","site-post-title":"disabled","ast-breadcrumbs-content":"","ast-featured-img":"","footer-sml-layout":"","ast-disable-related-posts":"","theme-transparent-header-meta":"enabled","adv-header-id-meta":"","stick-header-meta":"","header-above-stick-meta":"","header-main-stick-meta":"","header-below-stick-meta":"","astra-migrate-meta-layouts":"set","ast-page-background-enabled":"default","ast-page-background-meta":{"desktop":{"background-color":"var(--ast-global-color-4)","background-image":"","background-repeat":"repeat","background-position":"center center","background-size":"auto","background-attachment":"scroll","background-type":"","background-media":"","overlay-type":"","overlay-color":"","overlay-opacity":"","overlay-gradient":""},"tablet":{"background-color":"","background-image":"","background-repeat":"repeat","background-position":"center center","background-size":"auto","background-attachment":"scroll","background-type":"","background-media":"","overlay-type":"","overlay-color":"","overlay-opacity":"","overlay-gradient":""},"mobile":{"background-color":"","background-image":"","background-repeat":"repeat","background-position":"center center","background-size":"auto","background-attachment":"scroll","background-type":"","background-media":"","overlay-type":"","overlay-color":"","overlay-opacity":"","overlay-gradient":""}},"ast-content-background-meta":{"desktop":{"background-color":"var(--ast-global-color-5)","background-image":"","background-repeat":"repeat","background-position":"center center","background-size":"auto","background-attachment":"scroll","background-type":"","background-media":"","overlay-type":"","overlay-color":"","overlay-opacity":"","overlay-gradient":""},"tablet":{"background-color":"var(--ast-global-color-5)","background-image":"","background-repeat":"repeat","background-position":"center center","background-size":"auto","background-attachment":"scroll","background-type":"","background-media":"","overlay-type":"","overlay-color":"","overlay-opacity":"","overlay-gradient":""},"mobile":{"background-color":"var(--ast-global-color-5)","background-image":"","background-repeat":"repeat","background-position":"center center","background-size":"auto","background-attachment":"scroll","background-type":"","background-media":"","overlay-type":"","overlay-color":"","overlay-opacity":"","overlay-gradient":""}},"footnotes":""},"class_list":["post-4100","page","type-page","status-publish","hentry"],"uagb_featured_image_src":{"full":false,"thumbnail":false,"medium":false,"medium_large":false,"large":false,"1536x1536":false,"2048x2048":false,"trp-custom-language-flag":false},"uagb_author_info":{"display_name":"Joe","author_link":"https:\/\/led.amasly.com\/it\/author\/jacklin\/"},"uagb_comment_info":0,"uagb_excerpt":"How long do LED lights lifespan? LED lights are gradually replacing a range of traditional fixtures thanks to their long life and the huge economic benefits they bring. However, we can always hear customers complain about the LED lights they purchased, saying that they are not durable at all. So, how long do LED lights&hellip;","_links":{"self":[{"href":"https:\/\/led.amasly.com\/it\/wp-json\/wp\/v2\/pages\/4100","targetHints":{"allow":["GET"]}}],"collection":[{"href":"https:\/\/led.amasly.com\/it\/wp-json\/wp\/v2\/pages"}],"about":[{"href":"https:\/\/led.amasly.com\/it\/wp-json\/wp\/v2\/types\/page"}],"author":[{"embeddable":true,"href":"https:\/\/led.amasly.com\/it\/wp-json\/wp\/v2\/users\/1"}],"replies":[{"embeddable":true,"href":"https:\/\/led.amasly.com\/it\/wp-json\/wp\/v2\/comments?post=4100"}],"version-history":[{"count":1,"href":"https:\/\/led.amasly.com\/it\/wp-json\/wp\/v2\/pages\/4100\/revisions"}],"predecessor-version":[{"id":4105,"href":"https:\/\/led.amasly.com\/it\/wp-json\/wp\/v2\/pages\/4100\/revisions\/4105"}],"up":[{"embeddable":true,"href":"https:\/\/led.amasly.com\/it\/wp-json\/wp\/v2\/pages\/2984"}],"wp:attachment":[{"href":"https:\/\/led.amasly.com\/it\/wp-json\/wp\/v2\/media?parent=4100"}],"curies":[{"name":"wp","href":"https:\/\/api.w.org\/{rel}","templated":true}]}}