{"id":4078,"date":"2025-07-05T15:17:40","date_gmt":"2025-07-05T07:17:40","guid":{"rendered":"https:\/\/led.amasly.com\/?page_id=4078"},"modified":"2025-07-05T15:17:51","modified_gmt":"2025-07-05T07:17:51","slug":"the-critical-role-of-lighting-in-healthcare-organizationsis","status":"publish","type":"page","link":"https:\/\/led.amasly.com\/it\/knowledge\/led-light-knowledge\/the-critical-role-of-lighting-in-healthcare-organizationsis\/","title":{"rendered":"Il ruolo critico dell'illuminazione nelle organizzazioni sanitarie\u00c8"},"content":{"rendered":"<div class=\"wp-block-uagb-container uagb-block-27bae773 alignfull uagb-is-root-container\"><div class=\"uagb-container-inner-blocks-wrap\"><\/div><\/div>\n\n\n\n<h1 class=\"wp-block-heading has-text-align-center\"><strong>Il ruolo critico dell'illuminazione nelle organizzazioni sanitarie<\/strong><strong><\/strong><\/h1>\n\n\n\n<figure class=\"wp-block-image aligncenter size-full\"><img decoding=\"async\" width=\"876\" height=\"470\" src=\"https:\/\/led.amasly.com\/wp-content\/uploads\/2025\/07\/Healthcare-Organizations.png\" alt=\"\" class=\"wp-image-4079\" title=\"\" srcset=\"https:\/\/led.amasly.com\/wp-content\/uploads\/2025\/07\/Healthcare-Organizations.png 876w, https:\/\/led.amasly.com\/wp-content\/uploads\/2025\/07\/Healthcare-Organizations-300x161.png 300w, https:\/\/led.amasly.com\/wp-content\/uploads\/2025\/07\/Healthcare-Organizations-768x412.png 768w, https:\/\/led.amasly.com\/wp-content\/uploads\/2025\/07\/Healthcare-Organizations-18x10.png 18w\" sizes=\"(max-width: 876px) 100vw, 876px\" \/><\/figure>\n\n\n\n<p>L'illuminazione sanitaria incarna l'integrazione di forma e funzione. Oltre a completare il design complessivo, le soluzioni di illuminazione sanitaria devono offrire un'ampia gamma di opzioni precise di distribuzione della luce per creare ambienti luminosi a pi\u00f9 livelli che favoriscano la sincronizzazione dei ritmi circadiani senza la distrazione dell'abbagliamento, pur essendo facili da mantenere e in grado di resistere ai rigori dei processi di pulizia.<\/p>\n\n\n\n<p>Con la crescente consapevolezza degli effetti della luce sulla biologia umana e la crescente importanza della luce nel creare ambienti piacevoli e non istituzionalizzati, cresce il desiderio di flessibilit\u00e0 nell'emissione spettrale e nel controllo dei sistemi di illuminazione ospedaliera.<\/p>\n\n\n\n<p>Con un'attenzione particolare al benessere dei pazienti e degli operatori sanitari, l'industria dell'architettura, dell'ingegneria e dell'edilizia (AEC) e i dirigenti delle strutture sanitarie sono alla ricerca di soluzioni illuminotecniche ben configurate che favoriscano la guarigione, bilanciando le esigenze della vista con quelle dei ritmi circadiani.<\/p>\n\n\n\n<h2 class=\"wp-block-heading\"><strong>forma dell'edificio<\/strong><strong><\/strong><\/h2>\n\n\n\n<p>Centinaia di studi hanno esaminato l'impatto della progettazione ospedaliera sugli esiti clinici. L'evidenza suggerisce che il design gioca un ruolo importante: ambienti di qualit\u00e0 possono essere uno strumento importante per aumentare la sicurezza, promuovere la riabilitazione e migliorare il comfort lavorativo negli ospedali. Per questo motivo, i sistemi di illuminazione istituzionalizzati del passato sono stati sostituiti da apparecchi che combinano forma e funzione, come ad esempio <strong>Apparecchi LED integrati nell'architettura che forniscono una luce morbida e indiretta.<\/strong><strong><\/strong><\/p>\n\n\n\n<figure class=\"wp-block-image size-full\"><img decoding=\"async\" width=\"876\" height=\"507\" src=\"https:\/\/led.amasly.com\/wp-content\/uploads\/2025\/07\/Healthcare-Organizations-lighting.png\" alt=\"\" class=\"wp-image-4080\" title=\"\" srcset=\"https:\/\/led.amasly.com\/wp-content\/uploads\/2025\/07\/Healthcare-Organizations-lighting.png 876w, https:\/\/led.amasly.com\/wp-content\/uploads\/2025\/07\/Healthcare-Organizations-lighting-300x174.png 300w, https:\/\/led.amasly.com\/wp-content\/uploads\/2025\/07\/Healthcare-Organizations-lighting-768x444.png 768w, https:\/\/led.amasly.com\/wp-content\/uploads\/2025\/07\/Healthcare-Organizations-lighting-18x10.png 18w\" sizes=\"(max-width: 876px) 100vw, 876px\" \/><\/figure>\n\n\n\n<h2 class=\"wp-block-heading\"><strong>&nbsp;<\/strong><\/h2>\n\n\n\n<h2 class=\"wp-block-heading\"><strong>Ritmi circadiani e miglioramento dei risultati della riabilitazione dei pazienti<\/strong><strong><\/strong><\/h2>\n\n\n\n<p>Le ricerche sui ritmi circadiani umani, sulla loro relazione con la salute generale e sul modo in cui la luce influisce sui ritmi circadiani hanno influenzato la progettazione dell'illuminazione sanitaria. Purtroppo, molti ospedali spesso non sono sufficientemente luminosi durante il giorno e sufficientemente fiochi di notte per seguire il naturale schema circadiano del corpo. Esistono diversi modi per raggiungere questo obiettivo, tra cui <strong>illuminazione a temperatura di colore regolabile, tecnologia spettrale biodinamica o utilizzo di un'unica sorgente luminosa a temperatura di colore correlata (CCT) regolabile in intensit\u00e0.<\/strong><\/p>\n\n\n\n<p><strong>Alcuni studi hanno dimostrato che un certo livello di esposizione allo spettro della luce blu altera la produzione corporea di <\/strong>melatonina<strong>.<\/strong>&nbsp;Limitare l'esposizione alla luce blu di notte, in particolare, pu\u00f2 aumentare la secrezione di melatonina, favorendo il sonno. Configurare con cura l'illuminazione delle stanze dei pazienti in modo da bilanciare le esigenze visive con quelle circadiane pu\u00f2 contribuire a migliorare il recupero. L'illuminazione circadiana non riguarda solo singoli apparecchi o aree separate, ma l'intero ambiente di illuminazione.<\/p>\n\n\n\n<h2 class=\"wp-block-heading\"><strong>Ridurre gli errori degli operatori sanitari<\/strong><strong><\/strong><\/h2>\n\n\n\n<p>Gli infermieri e i medici degli ospedali lavorano spesso in ambienti stressanti, dove sono chiamati a svolgere una serie complessa di compiti e di attivit\u00e0 critiche per i pazienti. L'illuminazione delle postazioni di lavoro degli infermieri dovrebbe migliorare la produttivit\u00e0, non creare ostacoli. Gli studi dimostrano che un'illuminazione adeguata nelle aree di somministrazione \u00e8 una delle soluzioni ambientali pi\u00f9 importanti per evitare errori, <strong>I metodi e le tecnologie di illuminazione innovativi devono essere presi in considerazione quando si costruiscono o si ristrutturano gli ospedali.<\/strong><strong><\/strong><\/p>\n\n\n\n<figure class=\"wp-block-image size-full\"><img decoding=\"async\" width=\"876\" height=\"470\" src=\"https:\/\/led.amasly.com\/wp-content\/uploads\/2025\/07\/Healthcare-Organizations-1.png\" alt=\"\" class=\"wp-image-4081\" title=\"\" srcset=\"https:\/\/led.amasly.com\/wp-content\/uploads\/2025\/07\/Healthcare-Organizations-1.png 876w, https:\/\/led.amasly.com\/wp-content\/uploads\/2025\/07\/Healthcare-Organizations-1-300x161.png 300w, https:\/\/led.amasly.com\/wp-content\/uploads\/2025\/07\/Healthcare-Organizations-1-768x412.png 768w, https:\/\/led.amasly.com\/wp-content\/uploads\/2025\/07\/Healthcare-Organizations-1-18x10.png 18w\" sizes=\"(max-width: 876px) 100vw, 876px\" \/><\/figure>\n\n\n\n<p><br><strong>Controllo delle infezioni e facilit\u00e0 di manutenzione<\/strong><strong><\/strong><\/p>\n\n\n\n<p><strong>Negli ambienti sanitari, gli apparecchi devono soddisfare i severi standard di controllo delle infezioni ed essere di facile manutenzione.<\/strong>&nbsp;Secondo i Centri statunitensi per il controllo e la prevenzione delle malattie, circa 1 paziente ricoverato su 25 contrae un germe in una struttura sanitaria.<\/p>\n\n\n\n<p class=\"has-text-align-left\">Un modo per ridurre queste infezioni nosocomiali \u00e8 quello di garantire che gli agenti patogeni non possano entrare in quegli apparecchi di illuminazione difficili da raggiungere. L'installazione di apparecchi progettati con materiali e finiture, come i rivestimenti antimicrobici, in grado di resistere ai processi di pulizia ospedaliera, limita l'ingresso degli agenti patogeni negli apparecchi, garantisce che questi non vengano danneggiati durante la pulizia e riduce la capacit\u00e0 degli agenti patogeni di crescere negli apparecchi anche se non vengono puliti tempestivamente.<\/p>\n\n\n\n<div class=\"wp-block-uagb-container uagb-block-c7d898dd alignfull uagb-is-root-container\"><div class=\"uagb-container-inner-blocks-wrap\"><\/div><\/div>\n\n\n\n<h2 class=\"wp-block-heading\">Prodotti correlati<\/h2>\n\n\n\n<div class=\"wp-block-uagb-container uagb-block-66e4defc alignfull uagb-is-root-container\"><div class=\"uagb-container-inner-blocks-wrap\">\n<div class=\"wp-block-uagb-container uagb-block-a42945f9\">\n<div class=\"wp-block-uagb-image uagb-block-7296296b wp-block-uagb-image--layout-default wp-block-uagb-image--effect-static wp-block-uagb-image--align-none\"><figure class=\"wp-block-uagb-image__figure\"><a class=\"\" href=\"https:\/\/led.amasly.com\/it\/products\/\" target=\"\" rel=\"noopener\"><img decoding=\"async\" srcset=\"https:\/\/led.amasly.com\/wp-content\/uploads\/2024\/09\/Explosion-proof-high-bay-lights.png ,https:\/\/led.amasly.com\/wp-content\/uploads\/2024\/09\/Explosion-proof-high-bay-lights.png 780w, https:\/\/led.amasly.com\/wp-content\/uploads\/2024\/09\/Explosion-proof-high-bay-lights.png 360w\" sizes=\"auto, (max-width: 480px) 150px\" src=\"https:\/\/led.amasly.com\/wp-content\/uploads\/2024\/09\/Explosion-proof-high-bay-lights.png\" alt=\"\" class=\"uag-image-1495\" width=\"300\" height=\"300\" title=\"Luci a baia antideflagranti\" loading=\"lazy\" role=\"img\"><\/a><\/figure><\/div>\n<\/div>\n\n\n\n<div class=\"wp-block-uagb-container uagb-block-4d3efde5\">\n<div class=\"wp-block-uagb-image uagb-block-c9e90797 wp-block-uagb-image--layout-default wp-block-uagb-image--effect-static wp-block-uagb-image--align-none\"><figure class=\"wp-block-uagb-image__figure\"><a class=\"\" href=\"https:\/\/led.amasly.com\/it\/products\/\" target=\"\" rel=\"noopener\"><img decoding=\"async\" srcset=\"https:\/\/led.amasly.com\/wp-content\/uploads\/2024\/07\/LED-tri-proof-lights2.png ,https:\/\/led.amasly.com\/wp-content\/uploads\/2024\/07\/LED-tri-proof-lights2.png 780w, https:\/\/led.amasly.com\/wp-content\/uploads\/2024\/07\/LED-tri-proof-lights2.png 360w\" sizes=\"auto, (max-width: 480px) 150px\" src=\"https:\/\/led.amasly.com\/wp-content\/uploads\/2024\/07\/LED-tri-proof-lights2.png\" alt=\"\" class=\"uag-image-1132\" width=\"300\" height=\"300\" title=\"Luci a prova di LED2\" loading=\"lazy\" role=\"img\"><\/a><\/figure><\/div>\n<\/div>\n\n\n\n<div class=\"wp-block-uagb-container uagb-block-11c2578b\">\n<div class=\"wp-block-uagb-image uagb-block-6e8883aa wp-block-uagb-image--layout-default wp-block-uagb-image--effect-static wp-block-uagb-image--align-none\"><figure class=\"wp-block-uagb-image__figure\"><a class=\"\" href=\"https:\/\/led.amasly.com\/it\/products\/\" target=\"\" rel=\"noopener\"><img decoding=\"async\" srcset=\"https:\/\/led.amasly.com\/wp-content\/uploads\/2024\/09\/LED-Explosion-Proof-Gas-Station-Light.png ,https:\/\/led.amasly.com\/wp-content\/uploads\/2024\/09\/LED-Explosion-Proof-Gas-Station-Light.png 780w, https:\/\/led.amasly.com\/wp-content\/uploads\/2024\/09\/LED-Explosion-Proof-Gas-Station-Light.png 360w\" sizes=\"auto, (max-width: 480px) 150px\" src=\"https:\/\/led.amasly.com\/wp-content\/uploads\/2024\/09\/LED-Explosion-Proof-Gas-Station-Light.png\" alt=\"\" class=\"uag-image-1501\" width=\"300\" height=\"300\" title=\"Luce della stazione di servizio a prova di esplosione a LED\" loading=\"lazy\" role=\"img\"><\/a><\/figure><\/div>\n<\/div>\n<\/div><\/div>\n\n\n\n<div class=\"wp-block-uagb-container uagb-block-548945b5 alignfull uagb-is-root-container\"><div class=\"uagb-container-inner-blocks-wrap\">\n<div class=\"wp-block-uagb-container uagb-block-967755d5\">\n<h4 class=\"wp-block-heading has-text-align-center\"><a href=\"https:\/\/led.amasly.com\/it\/products\/\">Luci LED a prova di esplosione<\/a><\/h4>\n<\/div>\n\n\n\n<div class=\"wp-block-uagb-container uagb-block-9bc52fc2\">\n<h4 class=\"wp-block-heading has-text-align-center\"><a href=\"https:\/\/led.amasly.com\/it\/products\/\">Luci a LED a prova di tris<\/a><\/h4>\n<\/div>\n\n\n\n<div class=\"wp-block-uagb-container uagb-block-8ffa0a23\">\n<h4 class=\"wp-block-heading has-text-align-center\"><a href=\"https:\/\/led.amasly.com\/it\/products\/\">Luci per stazioni di servizio a prova di esplosione<\/a><\/h4>\n<\/div>\n<\/div><\/div>\n\n\n\n<div class=\"wp-block-uagb-container uagb-block-29499fe0 alignfull uagb-is-root-container\"><div class=\"uagb-container-inner-blocks-wrap\">\n<div class=\"wp-block-uagb-container uagb-block-777ee1c7\">\n<div class=\"wp-block-uagb-image uagb-block-2e9a1851 wp-block-uagb-image--layout-default wp-block-uagb-image--effect-static wp-block-uagb-image--align-none\"><figure class=\"wp-block-uagb-image__figure\"><a class=\"\" href=\"https:\/\/led.amasly.com\/it\/products\/\" target=\"\" rel=\"noopener\"><img decoding=\"async\" srcset=\"https:\/\/led.amasly.com\/wp-content\/uploads\/2024\/10\/50W-100W-150W-200W-300W-LED-Flood-Light.jpg ,https:\/\/led.amasly.com\/wp-content\/uploads\/2024\/10\/50W-100W-150W-200W-300W-LED-Flood-Light.jpg 780w, https:\/\/led.amasly.com\/wp-content\/uploads\/2024\/10\/50W-100W-150W-200W-300W-LED-Flood-Light.jpg 360w\" sizes=\"auto, (max-width: 480px) 150px\" src=\"https:\/\/led.amasly.com\/wp-content\/uploads\/2024\/10\/50W-100W-150W-200W-300W-LED-Flood-Light.jpg\" alt=\"\" class=\"uag-image-1526\" width=\"300\" height=\"300\" title=\"50W 100W 150W 200W 300W Luce di inondazione LED\" loading=\"lazy\" role=\"img\"><\/a><\/figure><\/div>\n<\/div>\n\n\n\n<div class=\"wp-block-uagb-container uagb-block-af8c8683\">\n<div class=\"wp-block-uagb-image uagb-block-67947854 wp-block-uagb-image--layout-default wp-block-uagb-image--effect-static wp-block-uagb-image--align-none\"><figure class=\"wp-block-uagb-image__figure\"><a class=\"\" href=\"https:\/\/led.amasly.com\/it\/products\/\" target=\"\" rel=\"noopener\"><img decoding=\"async\" srcset=\"https:\/\/led.amasly.com\/wp-content\/uploads\/2024\/07\/led-tri-proof-light.png ,https:\/\/led.amasly.com\/wp-content\/uploads\/2024\/07\/led-tri-proof-light.png 780w, https:\/\/led.amasly.com\/wp-content\/uploads\/2024\/07\/led-tri-proof-light.png 360w\" sizes=\"auto, (max-width: 480px) 150px\" src=\"https:\/\/led.amasly.com\/wp-content\/uploads\/2024\/07\/led-tri-proof-light.png\" alt=\"\" class=\"uag-image-1130\" width=\"300\" height=\"300\" title=\"luce a led tri-proof\" loading=\"lazy\" role=\"img\"><\/a><\/figure><\/div>\n<\/div>\n\n\n\n<div class=\"wp-block-uagb-container uagb-block-0fdfdd58\">\n<div class=\"wp-block-uagb-image uagb-block-1187d32d wp-block-uagb-image--layout-default wp-block-uagb-image--effect-static wp-block-uagb-image--align-none\"><figure class=\"wp-block-uagb-image__figure\"><a class=\"\" href=\"https:\/\/led.amasly.com\/it\/products\/\" target=\"\" rel=\"noopener\"><img decoding=\"async\" srcset=\"https:\/\/led.amasly.com\/wp-content\/uploads\/2024\/07\/LED-street-light.jpg ,https:\/\/led.amasly.com\/wp-content\/uploads\/2024\/07\/LED-street-light.jpg 780w, https:\/\/led.amasly.com\/wp-content\/uploads\/2024\/07\/LED-street-light.jpg 360w\" sizes=\"auto, (max-width: 480px) 150px\" src=\"https:\/\/led.amasly.com\/wp-content\/uploads\/2024\/07\/LED-street-light.jpg\" alt=\"\" class=\"uag-image-1145\" width=\"300\" height=\"300\" title=\"Illuminazione stradale a LED\" loading=\"lazy\" role=\"img\"><\/a><\/figure><\/div>\n<\/div>\n<\/div><\/div>\n\n\n\n<div class=\"wp-block-uagb-container uagb-block-6a60882c alignfull uagb-is-root-container\"><div class=\"uagb-container-inner-blocks-wrap\">\n<div class=\"wp-block-uagb-container uagb-block-f1e91a35\">\n<h4 class=\"wp-block-heading has-text-align-center\"><a href=\"https:\/\/led.amasly.com\/it\/products\/\">Luci LED Flood<\/a><\/h4>\n<\/div>\n\n\n\n<div class=\"wp-block-uagb-container uagb-block-165bfa58\">\n<h4 class=\"wp-block-heading has-text-align-center\"><a href=\"https:\/\/led.amasly.com\/it\/products\/\">Luci tubolari triprofessionali a LED<\/a><\/h4>\n<\/div>\n\n\n\n<div class=\"wp-block-uagb-container uagb-block-f6096e3b\">\n<h4 class=\"wp-block-heading has-text-align-center\"><a href=\"https:\/\/led.amasly.com\/it\/products\/\">Luci stradali a LED<\/a><\/h4>\n<\/div>\n<\/div><\/div>\n\n\n\n<div class=\"wp-block-uagb-container uagb-block-99c0e0a5 alignfull uagb-is-root-container\"><div class=\"uagb-container-inner-blocks-wrap\"><\/div><\/div>\n\n\n\n<p><\/p>","protected":false},"excerpt":{"rendered":"<p>The Critical Role of Lighting in Healthcare Organizations Healthcare lighting embodies the integration of form and function. In addition to complementing the overall design, healthcare lighting solutions should offer a wide range of precise light distribution options to create multi-layered light environments that promote synchronization of circadian rhythms without the distraction of glare, while being [&hellip;]<\/p>\n","protected":false},"author":1,"featured_media":0,"parent":2984,"menu_order":0,"comment_status":"closed","ping_status":"closed","template":"","meta":{"_uag_custom_page_level_css":"","site-sidebar-layout":"no-sidebar","site-content-layout":"","ast-site-content-layout":"default","site-content-style":"default","site-sidebar-style":"default","ast-global-header-display":"","ast-banner-title-visibility":"","ast-main-header-display":"","ast-hfb-above-header-display":"","ast-hfb-below-header-display":"","ast-hfb-mobile-header-display":"","site-post-title":"disabled","ast-breadcrumbs-content":"","ast-featured-img":"","footer-sml-layout":"","ast-disable-related-posts":"","theme-transparent-header-meta":"enabled","adv-header-id-meta":"","stick-header-meta":"","header-above-stick-meta":"","header-main-stick-meta":"","header-below-stick-meta":"","astra-migrate-meta-layouts":"set","ast-page-background-enabled":"default","ast-page-background-meta":{"desktop":{"background-color":"var(--ast-global-color-4)","background-image":"","background-repeat":"repeat","background-position":"center center","background-size":"auto","background-attachment":"scroll","background-type":"","background-media":"","overlay-type":"","overlay-color":"","overlay-opacity":"","overlay-gradient":""},"tablet":{"background-color":"","background-image":"","background-repeat":"repeat","background-position":"center center","background-size":"auto","background-attachment":"scroll","background-type":"","background-media":"","overlay-type":"","overlay-color":"","overlay-opacity":"","overlay-gradient":""},"mobile":{"background-color":"","background-image":"","background-repeat":"repeat","background-position":"center center","background-size":"auto","background-attachment":"scroll","background-type":"","background-media":"","overlay-type":"","overlay-color":"","overlay-opacity":"","overlay-gradient":""}},"ast-content-background-meta":{"desktop":{"background-color":"var(--ast-global-color-5)","background-image":"","background-repeat":"repeat","background-position":"center center","background-size":"auto","background-attachment":"scroll","background-type":"","background-media":"","overlay-type":"","overlay-color":"","overlay-opacity":"","overlay-gradient":""},"tablet":{"background-color":"var(--ast-global-color-5)","background-image":"","background-repeat":"repeat","background-position":"center center","background-size":"auto","background-attachment":"scroll","background-type":"","background-media":"","overlay-type":"","overlay-color":"","overlay-opacity":"","overlay-gradient":""},"mobile":{"background-color":"var(--ast-global-color-5)","background-image":"","background-repeat":"repeat","background-position":"center center","background-size":"auto","background-attachment":"scroll","background-type":"","background-media":"","overlay-type":"","overlay-color":"","overlay-opacity":"","overlay-gradient":""}},"footnotes":""},"class_list":["post-4078","page","type-page","status-publish","hentry"],"uagb_featured_image_src":{"full":false,"thumbnail":false,"medium":false,"medium_large":false,"large":false,"1536x1536":false,"2048x2048":false,"trp-custom-language-flag":false},"uagb_author_info":{"display_name":"Joe","author_link":"https:\/\/led.amasly.com\/it\/author\/jacklin\/"},"uagb_comment_info":0,"uagb_excerpt":"The Critical Role of Lighting in Healthcare Organizations Healthcare lighting embodies the integration of form and function. In addition to complementing the overall design, healthcare lighting solutions should offer a wide range of precise light distribution options to create multi-layered light environments that promote synchronization of circadian rhythms without the distraction of glare, while being&hellip;","_links":{"self":[{"href":"https:\/\/led.amasly.com\/it\/wp-json\/wp\/v2\/pages\/4078","targetHints":{"allow":["GET"]}}],"collection":[{"href":"https:\/\/led.amasly.com\/it\/wp-json\/wp\/v2\/pages"}],"about":[{"href":"https:\/\/led.amasly.com\/it\/wp-json\/wp\/v2\/types\/page"}],"author":[{"embeddable":true,"href":"https:\/\/led.amasly.com\/it\/wp-json\/wp\/v2\/users\/1"}],"replies":[{"embeddable":true,"href":"https:\/\/led.amasly.com\/it\/wp-json\/wp\/v2\/comments?post=4078"}],"version-history":[{"count":1,"href":"https:\/\/led.amasly.com\/it\/wp-json\/wp\/v2\/pages\/4078\/revisions"}],"predecessor-version":[{"id":4082,"href":"https:\/\/led.amasly.com\/it\/wp-json\/wp\/v2\/pages\/4078\/revisions\/4082"}],"up":[{"embeddable":true,"href":"https:\/\/led.amasly.com\/it\/wp-json\/wp\/v2\/pages\/2984"}],"wp:attachment":[{"href":"https:\/\/led.amasly.com\/it\/wp-json\/wp\/v2\/media?parent=4078"}],"curies":[{"name":"wp","href":"https:\/\/api.w.org\/{rel}","templated":true}]}}