{"id":4077,"date":"2025-07-05T15:35:18","date_gmt":"2025-07-05T07:35:18","guid":{"rendered":"https:\/\/led.amasly.com\/?page_id=4077"},"modified":"2025-07-05T15:35:26","modified_gmt":"2025-07-05T07:35:26","slug":"quale-colore-di-luce-led-e-migliore-per-dormire","status":"publish","type":"page","link":"https:\/\/led.amasly.com\/it\/conoscenza\/conoscenza-della-luce-a-led\/quale-colore-di-luce-led-e-migliore-per-dormire\/","title":{"rendered":"Qual \u00e8 il colore della luce LED migliore per dormire?"},"content":{"rendered":"<div class=\"wp-block-uagb-container uagb-block-27bae773 alignfull uagb-is-root-container\"><div class=\"uagb-container-inner-blocks-wrap\"><\/div><\/div>\n\n\n\n<h1 class=\"wp-block-heading has-text-align-center\"><strong>Qual \u00e8 il colore della luce LED migliore per dormire?<\/strong><strong><br><\/strong><strong><\/strong><\/h1>\n\n\n\n<figure class=\"wp-block-image size-full\"><img decoding=\"async\" width=\"855\" height=\"864\" src=\"https:\/\/led.amasly.com\/wp-content\/uploads\/2025\/07\/sleeping-LED-light.png\" alt=\"\" class=\"wp-image-4083\" title=\"\" srcset=\"https:\/\/led.amasly.com\/wp-content\/uploads\/2025\/07\/sleeping-LED-light.png 855w, https:\/\/led.amasly.com\/wp-content\/uploads\/2025\/07\/sleeping-LED-light-297x300.png 297w, https:\/\/led.amasly.com\/wp-content\/uploads\/2025\/07\/sleeping-LED-light-768x776.png 768w, https:\/\/led.amasly.com\/wp-content\/uploads\/2025\/07\/sleeping-LED-light-12x12.png 12w\" sizes=\"(max-width: 855px) 100vw, 855px\" \/><\/figure>\n\n\n\n<p>Spesso si vedono consigli che ci ricordano di stare lontani dai colori vivaci in prossimit\u00e0 dell'ora di andare a letto. La verit\u00e0 \u00e8 che alcuni colori di luce aiutano a dormire. Questo perch\u00e9 l'ormone della melatonina svolge un ruolo cruciale nel ciclo del sonno del nostro corpo. Ma come influisce esattamente la luce sul nostro sonno? E quali sono i colori delle luci LED che aiutano a dormire?<\/p>\n\n\n\n<figure class=\"wp-block-image size-full\"><img decoding=\"async\" width=\"800\" height=\"533\" src=\"https:\/\/led.amasly.com\/wp-content\/uploads\/2025\/07\/sleeping-lighting.png\" alt=\"\" class=\"wp-image-4084\" title=\"\" srcset=\"https:\/\/led.amasly.com\/wp-content\/uploads\/2025\/07\/sleeping-lighting.png 800w, https:\/\/led.amasly.com\/wp-content\/uploads\/2025\/07\/sleeping-lighting-300x200.png 300w, https:\/\/led.amasly.com\/wp-content\/uploads\/2025\/07\/sleeping-lighting-768x512.png 768w, https:\/\/led.amasly.com\/wp-content\/uploads\/2025\/07\/sleeping-lighting-18x12.png 18w\" sizes=\"(max-width: 800px) 100vw, 800px\" \/><\/figure>\n\n\n\n<h2 class=\"wp-block-heading\"><strong>In che modo la luce influisce sul sonno?<\/strong><strong><\/strong><\/h2>\n\n\n\n<p>La luce influisce notevolmente sul nostro ritmo circadiano, che \u00e8 l'orologio biologico che controlla quando abbiamo bisogno di dormire. Questo orologio biologico funziona con un ciclo di 24 ore. Quando fuori c'\u00e8 luce, il corpo sa che \u00e8 ora di alzarsi; quando \u00e8 buio, il corpo si prepara ad andare a dormire.<\/p>\n\n\n\n<p>Il corpo riceve segnali di veglia e di sonno attraverso il ritmo dell'alba e del tramonto. In particolare, la luce calda del sole al tramonto pu\u00f2 suggerire che \u00e8 ora di andare a letto. Tuttavia, spesso le persone utilizzano fonti di luce artificiale dopo il tramonto, il che pu\u00f2 alterare i ritmi circadiani e portare all'insonnia e ad altri disturbi del sonno.<\/p>\n\n\n\n<p>Anche l'ormone naturale della melatonina, che favorisce il sonno, \u00e8 influenzato dalla luce. In ambienti bui, la ghiandola pineale del cervello secerne melatonina. Tuttavia, alcune forme di luce, come la luce blu, inibiscono la produzione di melatonina.<\/p>\n\n\n\n<h2 class=\"wp-block-heading\"><strong>Quale colore di luce LED fa male al sonno?<\/strong><strong><\/strong><\/h2>\n\n\n\n<p>I colori freddi della luce LED possono rendere difficile l'addormentamento rispetto ai colori pi\u00f9 caldi che possono favorire il sonno. La luce fredda pu\u00f2 tenere svegli durante la notte perch\u00e9 favorisce la concentrazione e l'attenzione.<\/p>\n\n\n\n<p><strong>LUCE BLU: <\/strong>Le luci notturne a luce blu sono dannose per il sonno perch\u00e9 hanno un effetto specifico sui ritmi circadiani e possono agire sui fotorecettori degli occhi. Oltre a sopprimere la melatonina, la luce blu aiuta il corpo a rimanere sveglio. L'esposizione frequente alla luce blu durante la notte pu\u00f2 indurre il corpo a pensare che sia ancora giorno, alterando i ritmi circadiani e riducendo la qualit\u00e0 del sonno.<\/p>\n\n\n\n<p><strong>Luce verde: <\/strong>Analogamente alla luce blu, la luce verde riduce la sonnolenza diminuendo la produzione di melatonina. Sebbene la luce blu riduca i livelli di melatonina in misura doppia rispetto alla luce verde, \u00e8 meglio evitare l'esposizione alla luce verde prima di andare a letto.<\/p>\n\n\n\n<figure class=\"wp-block-image size-full\"><img decoding=\"async\" width=\"800\" height=\"498\" src=\"https:\/\/led.amasly.com\/wp-content\/uploads\/2025\/07\/color-lights.png\" alt=\"\" class=\"wp-image-4085\" title=\"\" srcset=\"https:\/\/led.amasly.com\/wp-content\/uploads\/2025\/07\/color-lights.png 800w, https:\/\/led.amasly.com\/wp-content\/uploads\/2025\/07\/color-lights-300x187.png 300w, https:\/\/led.amasly.com\/wp-content\/uploads\/2025\/07\/color-lights-768x478.png 768w, https:\/\/led.amasly.com\/wp-content\/uploads\/2025\/07\/color-lights-18x12.png 18w\" sizes=\"(max-width: 800px) 100vw, 800px\" \/><\/figure>\n\n\n\n<h2 class=\"wp-block-heading\"><strong>Quali sono le luci colorate migliori per dormire?<\/strong><strong><\/strong><\/h2>\n\n\n\n<p>Il rosso e l'ambra sono i colori ideali per le luci notturne, perch\u00e9 sono tonalit\u00e0 tranquillizzanti e piacevoli che aiutano a favorire un sonno riposante. Si ritiene che i colori vicini al rosso nello spettro favoriscano la sintesi della melatonina. La luce rossa \u00e8 il colore pi\u00f9 indicato per il sonno perch\u00e9 ha una temperatura di colore pi\u00f9 bassa rispetto alla normale luce solare. Grazie alla sua temperatura di colore pi\u00f9 bassa e al fatto che il nostro cervello non risponde in modo cos\u00ec forte alla sua lunghezza d'onda, la luce rossa \u00e8 ideale per passare dal giorno alla notte senza interrompere il ciclo del sonno.<\/p>\n\n\n\n<p><strong>LUCE D'AMBRA: <\/strong>La luce ambrata favorisce la produzione di melatonina e ci fa sentire pi\u00f9 rilassati. L'uso di luci LED ambrate nelle nostre case protegge i nostri occhi dalla dannosa luce blu e ci permette di addormentarci facilmente. La luce ambrata \u00e8 simile alla lunghezza d'onda ambrata del lume di candela ed \u00e8 un colore molto rilassante che pu\u00f2 aiutare ad addormentarsi rapidamente.<\/p>\n\n\n\n<p><strong>LUCE ROSSA: <\/strong>La luce rossa \u00e8 anche un colore ideale per favorire il sonno, grazie alla sua temperatura di colore pi\u00f9 bassa e alla risposta pi\u00f9 debole alle lunghezze d'onda cerebrali, che la rendono ideale per la transizione dal giorno alla notte e per aiutare a mantenere un buon ciclo di sonno.<\/p>\n\n\n\n<figure class=\"wp-block-image size-full\"><img decoding=\"async\" width=\"800\" height=\"534\" src=\"https:\/\/led.amasly.com\/wp-content\/uploads\/2025\/07\/RED-LIGHT.png\" alt=\"\" class=\"wp-image-4086\" title=\"\" srcset=\"https:\/\/led.amasly.com\/wp-content\/uploads\/2025\/07\/RED-LIGHT.png 800w, https:\/\/led.amasly.com\/wp-content\/uploads\/2025\/07\/RED-LIGHT-300x200.png 300w, https:\/\/led.amasly.com\/wp-content\/uploads\/2025\/07\/RED-LIGHT-768x513.png 768w, https:\/\/led.amasly.com\/wp-content\/uploads\/2025\/07\/RED-LIGHT-18x12.png 18w\" sizes=\"(max-width: 800px) 100vw, 800px\" \/><\/figure>\n\n\n\n<p>Di gran lunga <strong>il colore della luce LED pi\u00f9 utile per rilassare il sonno \u00e8 il rosso.<\/strong>&nbsp;La scelta di una luce LED rossa come luce per il sonno garantisce che non disturbi il ritmo circadiano. Pertanto, l'uso della luce rossa qualche ora prima di andare a letto render\u00e0 sicuramente pi\u00f9 facile addormentarsi. Inoltre, se vi svegliate durante la notte, la luce rossa \u00e8 pi\u00f9 utile per aiutarvi a riaddormentarvi rispetto alla luce blu o verde.<\/p>\n\n\n\n<p>Perch\u00e9 la luce rossa \u00e8 il miglior colore di luce LED per il sonno? Grazie alla sua lunghezza d'onda maggiore (circa 620-750 nanometri), la luce rossa ha un effetto inibitorio pi\u00f9 debole sulla secrezione di melatonina. Mentre la luce blu e verde, con lunghezze d'onda comprese tra 450-495 nanometri e 495-570 nanometri, influisce negativamente sui livelli di melatonina, interrompendo cos\u00ec i modelli di sonno. Studi scientifici hanno dimostrato che i nostri occhi sono pi\u00f9 sensibili alla luce blu, rendendo questa lunghezza d'onda il fattore pi\u00f9 potente nel disturbare i processi fisiologici del nostro corpo durante la notte.<\/p>\n\n\n\n<h2 class=\"wp-block-heading\"><strong>Qual \u00e8 la temperatura di colore ottimale dei LED per il sonno?<\/strong><strong><\/strong><\/h2>\n\n\n\n<p>Oltre a scegliere lampadine LED di diversi colori, \u00e8 possibile migliorare l'ambiente di illuminazione interna utilizzando lampadine LED bianche con temperature di colore che vanno dai toni caldi a quelli freddi.<strong>&nbsp;Per gli ambienti in cui si dorme, le luci LED a tonalit\u00e0 gialla calda con temperature di colore comprese tra 2700K e 3500K sono le migliori.<\/strong>&nbsp;Queste luci LED hanno una minore emissione di luce blu, che riduce la probabilit\u00e0 di disturbare i ritmi circadiani.<\/p>\n\n\n\n<p>Di seguito vengono fornite informazioni sui livelli ottimali di temperatura del colore dei LED per i diversi ambienti in cui si svolge il sonno:<\/p>\n\n\n\n<p>2700K - 3500K, zona relax per la notte, 9\/10 (la pi\u00f9 favorevole al sonno)<\/p>\n\n\n\n<p>2700K - 3500K, illuminazione centrale della camera da letto, 10\/10<\/p>\n\n\n\n<p>4000K - 5000K, regione della veglia, 5\/10 (pu\u00f2 ritardare il punteggio della melatonina)<\/p>\n\n\n\n<figure class=\"wp-block-image size-full\"><img decoding=\"async\" width=\"800\" height=\"600\" src=\"https:\/\/led.amasly.com\/wp-content\/uploads\/2025\/07\/sleep-LED-color-temperature.png\" alt=\"\" class=\"wp-image-4087\" title=\"\" srcset=\"https:\/\/led.amasly.com\/wp-content\/uploads\/2025\/07\/sleep-LED-color-temperature.png 800w, https:\/\/led.amasly.com\/wp-content\/uploads\/2025\/07\/sleep-LED-color-temperature-300x225.png 300w, https:\/\/led.amasly.com\/wp-content\/uploads\/2025\/07\/sleep-LED-color-temperature-768x576.png 768w, https:\/\/led.amasly.com\/wp-content\/uploads\/2025\/07\/sleep-LED-color-temperature-16x12.png 16w\" sizes=\"(max-width: 800px) 100vw, 800px\" \/><\/figure>\n\n\n\n<h2 class=\"wp-block-heading\"><strong>Scegliere il giusto colore di luce LED per i diversi spazi<\/strong><strong><\/strong><\/h2>\n\n\n\n<p><strong>CAMERA DA LETTO: <\/strong>Le luci LED rosse o ambrate sono le migliori luci LED per favorire il sonno. Si adattano al ciclo del sonno del corpo e creano un ambiente tranquillo che aiuta a dormire.<\/p>\n\n\n\n<p><strong>Ufficio e soggiorno: <\/strong>Anche se questi due luoghi non sono ideali per dormire, l'uso di un'illuminazione con temperature di colore regolabili pu\u00f2 aiutare a passare da uno stato attivo a uno rilassato. L'uso di un'illuminazione ambrata di notte pu\u00f2 aiutare a preparare il corpo al sonno.<\/p>\n\n\n\n<p><strong>Stanze per neonati e bambini: <\/strong>Le luci notturne rosse, ambra o rosa sono consigliate per i neonati e i bambini, poich\u00e9 questi colori favoriscono il rilassamento senza interrompere il ciclo sonno-veglia.<\/p>\n\n\n\n<p><strong>Sveglia: <\/strong>Le luci pi\u00f9 luminose, come quelle bianche o blu, possono essere utilizzate al mattino per aumentare la vigilanza e far capire al corpo che \u00e8 ora di alzarsi.<\/p>\n\n\n\n<p>Per adattare l'illuminazione LED a diverse occasioni, le luci LED RGB sono una scelta eccellente. Queste lampadine\/strisce che cambiano colore presentano un'ampia gamma di colori grazie alla combinazione dei colori primari rosso, verde e blu. La migliore illuminazione per favorire il sonno \u00e8 rappresentata dalle luci LED regolabili in base alla temperatura del colore, che consentono di controllare lo spettro della luce bianca in base alle diverse esigenze di attivit\u00e0.<\/p>\n\n\n\n<h2 class=\"wp-block-heading\"><strong>Domande frequenti<\/strong><strong><\/strong><\/h2>\n\n\n\n<p><strong>D: La luce blu delle luci LED \u00e8 dannosa per gli occhi?<\/strong><\/p>\n\n\n\n<p><strong>A: <\/strong>L'esposizione alla luce blu ad alta intensit\u00e0 provoca anomalie nella visione dei colori e problemi di abbagliamento. Tuttavia, l'intensit\u00e0 della luce blu emessa dalle luci LED utilizzate in casa non raggiunge generalmente livelli dannosi per gli occhi.<\/p>\n\n\n\n<p><strong>D: Quale colore di luce LED \u00e8 il pi\u00f9 luminoso?<\/strong><br><strong>&nbsp;A: <\/strong>L'occhio umano \u00e8 pi\u00f9 sensibile ai colori a breve lunghezza d'onda (come il blu) allo stesso livello di luminosit\u00e0. Pertanto, le luci di colore pi\u00f9 freddo tendono a sembrare un po' pi\u00f9 luminose.<\/p>\n\n\n\n<p><strong>D: Dove si applicano la luce calda e la luce fredda?<\/strong><br><strong>&nbsp;A: <\/strong>Nelle aree residenziali si preferisce una luce bianca calda per creare un ambiente rilassante. Nei luoghi in cui sono richieste attenzione e chiarezza visiva, come i luoghi di lavoro e le stazioni, l'uso di una luce fredda \u00e8 essenziale.<\/p>\n\n\n\n<h2 class=\"wp-block-heading\"><strong>Sintesi<\/strong><\/h2>\n\n\n\n<p class=\"has-text-align-left\">Comprendere la relazione tra luce e sonno e creare un ambiente che aiuti a dormire \u00e8 fondamentale. La scelta del colore giusto delle luci LED, come le lampadine rosse per i sonniferi, pu\u00f2 migliorare notevolmente la qualit\u00e0 del sonno.<\/p>\n\n\n\n<div class=\"wp-block-uagb-container uagb-block-c7d898dd alignfull uagb-is-root-container\"><div class=\"uagb-container-inner-blocks-wrap\"><\/div><\/div>\n\n\n\n<h2 class=\"wp-block-heading\">Prodotti correlati<\/h2>\n\n\n\n<div class=\"wp-block-uagb-container uagb-block-66e4defc alignfull uagb-is-root-container\"><div class=\"uagb-container-inner-blocks-wrap\">\n<div class=\"wp-block-uagb-container uagb-block-a42945f9\">\n<div class=\"wp-block-uagb-image uagb-block-7296296b wp-block-uagb-image--layout-default wp-block-uagb-image--effect-static wp-block-uagb-image--align-none\"><figure class=\"wp-block-uagb-image__figure\"><a class=\"\" href=\"https:\/\/led.amasly.com\/it\/prodotti\/\" target=\"\" rel=\"noopener\"><img decoding=\"async\" srcset=\"https:\/\/led.amasly.com\/wp-content\/uploads\/2024\/09\/Explosion-proof-high-bay-lights.png ,https:\/\/led.amasly.com\/wp-content\/uploads\/2024\/09\/Explosion-proof-high-bay-lights.png 780w, https:\/\/led.amasly.com\/wp-content\/uploads\/2024\/09\/Explosion-proof-high-bay-lights.png 360w\" sizes=\"auto, (max-width: 480px) 150px\" src=\"https:\/\/led.amasly.com\/wp-content\/uploads\/2024\/09\/Explosion-proof-high-bay-lights.png\" alt=\"\" class=\"uag-image-1495\" width=\"300\" height=\"300\" title=\"Luci a baia antideflagranti\" loading=\"lazy\" role=\"img\"><\/a><\/figure><\/div>\n<\/div>\n\n\n\n<div class=\"wp-block-uagb-container uagb-block-4d3efde5\">\n<div class=\"wp-block-uagb-image uagb-block-c9e90797 wp-block-uagb-image--layout-default wp-block-uagb-image--effect-static wp-block-uagb-image--align-none\"><figure class=\"wp-block-uagb-image__figure\"><a class=\"\" href=\"https:\/\/led.amasly.com\/it\/prodotti\/\" target=\"\" rel=\"noopener\"><img decoding=\"async\" srcset=\"https:\/\/led.amasly.com\/wp-content\/uploads\/2024\/07\/LED-tri-proof-lights2.png ,https:\/\/led.amasly.com\/wp-content\/uploads\/2024\/07\/LED-tri-proof-lights2.png 780w, https:\/\/led.amasly.com\/wp-content\/uploads\/2024\/07\/LED-tri-proof-lights2.png 360w\" sizes=\"auto, (max-width: 480px) 150px\" src=\"https:\/\/led.amasly.com\/wp-content\/uploads\/2024\/07\/LED-tri-proof-lights2.png\" alt=\"\" class=\"uag-image-1132\" width=\"300\" height=\"300\" title=\"Luci a prova di LED2\" loading=\"lazy\" role=\"img\"><\/a><\/figure><\/div>\n<\/div>\n\n\n\n<div class=\"wp-block-uagb-container uagb-block-11c2578b\">\n<div class=\"wp-block-uagb-image uagb-block-6e8883aa wp-block-uagb-image--layout-default wp-block-uagb-image--effect-static wp-block-uagb-image--align-none\"><figure class=\"wp-block-uagb-image__figure\"><a class=\"\" href=\"https:\/\/led.amasly.com\/it\/prodotti\/\" target=\"\" rel=\"noopener\"><img decoding=\"async\" srcset=\"https:\/\/led.amasly.com\/wp-content\/uploads\/2024\/09\/LED-Explosion-Proof-Gas-Station-Light.png ,https:\/\/led.amasly.com\/wp-content\/uploads\/2024\/09\/LED-Explosion-Proof-Gas-Station-Light.png 780w, https:\/\/led.amasly.com\/wp-content\/uploads\/2024\/09\/LED-Explosion-Proof-Gas-Station-Light.png 360w\" sizes=\"auto, (max-width: 480px) 150px\" src=\"https:\/\/led.amasly.com\/wp-content\/uploads\/2024\/09\/LED-Explosion-Proof-Gas-Station-Light.png\" alt=\"\" class=\"uag-image-1501\" width=\"300\" height=\"300\" title=\"Luce della stazione di servizio a prova di esplosione a LED\" loading=\"lazy\" role=\"img\"><\/a><\/figure><\/div>\n<\/div>\n<\/div><\/div>\n\n\n\n<div class=\"wp-block-uagb-container uagb-block-548945b5 alignfull uagb-is-root-container\"><div class=\"uagb-container-inner-blocks-wrap\">\n<div class=\"wp-block-uagb-container uagb-block-967755d5\">\n<h4 class=\"wp-block-heading has-text-align-center\"><a href=\"https:\/\/led.amasly.com\/it\/prodotti\/\">Luci LED a prova di esplosione<\/a><\/h4>\n<\/div>\n\n\n\n<div class=\"wp-block-uagb-container uagb-block-9bc52fc2\">\n<h4 class=\"wp-block-heading has-text-align-center\"><a href=\"https:\/\/led.amasly.com\/it\/prodotti\/\">Luci a LED a prova di tris<\/a><\/h4>\n<\/div>\n\n\n\n<div class=\"wp-block-uagb-container uagb-block-8ffa0a23\">\n<h4 class=\"wp-block-heading has-text-align-center\"><a href=\"https:\/\/led.amasly.com\/it\/prodotti\/\">Luci per stazioni di servizio a prova di esplosione<\/a><\/h4>\n<\/div>\n<\/div><\/div>\n\n\n\n<div class=\"wp-block-uagb-container uagb-block-29499fe0 alignfull uagb-is-root-container\"><div class=\"uagb-container-inner-blocks-wrap\">\n<div class=\"wp-block-uagb-container uagb-block-777ee1c7\">\n<div class=\"wp-block-uagb-image uagb-block-2e9a1851 wp-block-uagb-image--layout-default wp-block-uagb-image--effect-static wp-block-uagb-image--align-none\"><figure class=\"wp-block-uagb-image__figure\"><a class=\"\" href=\"https:\/\/led.amasly.com\/it\/prodotti\/\" target=\"\" rel=\"noopener\"><img decoding=\"async\" srcset=\"https:\/\/led.amasly.com\/wp-content\/uploads\/2024\/10\/50W-100W-150W-200W-300W-LED-Flood-Light.jpg ,https:\/\/led.amasly.com\/wp-content\/uploads\/2024\/10\/50W-100W-150W-200W-300W-LED-Flood-Light.jpg 780w, https:\/\/led.amasly.com\/wp-content\/uploads\/2024\/10\/50W-100W-150W-200W-300W-LED-Flood-Light.jpg 360w\" sizes=\"auto, (max-width: 480px) 150px\" src=\"https:\/\/led.amasly.com\/wp-content\/uploads\/2024\/10\/50W-100W-150W-200W-300W-LED-Flood-Light.jpg\" alt=\"\" class=\"uag-image-1526\" width=\"300\" height=\"300\" title=\"50W 100W 150W 200W 300W Luce di inondazione LED\" loading=\"lazy\" role=\"img\"><\/a><\/figure><\/div>\n<\/div>\n\n\n\n<div class=\"wp-block-uagb-container uagb-block-af8c8683\">\n<div class=\"wp-block-uagb-image uagb-block-67947854 wp-block-uagb-image--layout-default wp-block-uagb-image--effect-static wp-block-uagb-image--align-none\"><figure class=\"wp-block-uagb-image__figure\"><a class=\"\" href=\"https:\/\/led.amasly.com\/it\/prodotti\/\" target=\"\" rel=\"noopener\"><img decoding=\"async\" srcset=\"https:\/\/led.amasly.com\/wp-content\/uploads\/2024\/07\/led-tri-proof-light.png ,https:\/\/led.amasly.com\/wp-content\/uploads\/2024\/07\/led-tri-proof-light.png 780w, https:\/\/led.amasly.com\/wp-content\/uploads\/2024\/07\/led-tri-proof-light.png 360w\" sizes=\"auto, (max-width: 480px) 150px\" src=\"https:\/\/led.amasly.com\/wp-content\/uploads\/2024\/07\/led-tri-proof-light.png\" alt=\"\" class=\"uag-image-1130\" width=\"300\" height=\"300\" title=\"luce a led tri-proof\" loading=\"lazy\" role=\"img\"><\/a><\/figure><\/div>\n<\/div>\n\n\n\n<div class=\"wp-block-uagb-container uagb-block-0fdfdd58\">\n<div class=\"wp-block-uagb-image uagb-block-1187d32d wp-block-uagb-image--layout-default wp-block-uagb-image--effect-static wp-block-uagb-image--align-none\"><figure class=\"wp-block-uagb-image__figure\"><a class=\"\" href=\"https:\/\/led.amasly.com\/it\/prodotti\/\" target=\"\" rel=\"noopener\"><img decoding=\"async\" srcset=\"https:\/\/led.amasly.com\/wp-content\/uploads\/2024\/07\/LED-street-light.jpg ,https:\/\/led.amasly.com\/wp-content\/uploads\/2024\/07\/LED-street-light.jpg 780w, https:\/\/led.amasly.com\/wp-content\/uploads\/2024\/07\/LED-street-light.jpg 360w\" sizes=\"auto, (max-width: 480px) 150px\" src=\"https:\/\/led.amasly.com\/wp-content\/uploads\/2024\/07\/LED-street-light.jpg\" alt=\"\" class=\"uag-image-1145\" width=\"300\" height=\"300\" title=\"Illuminazione stradale a LED\" loading=\"lazy\" role=\"img\"><\/a><\/figure><\/div>\n<\/div>\n<\/div><\/div>\n\n\n\n<div class=\"wp-block-uagb-container uagb-block-6a60882c alignfull uagb-is-root-container\"><div class=\"uagb-container-inner-blocks-wrap\">\n<div class=\"wp-block-uagb-container uagb-block-f1e91a35\">\n<h4 class=\"wp-block-heading has-text-align-center\"><a href=\"https:\/\/led.amasly.com\/it\/prodotti\/\">Luci LED Flood<\/a><\/h4>\n<\/div>\n\n\n\n<div class=\"wp-block-uagb-container uagb-block-165bfa58\">\n<h4 class=\"wp-block-heading has-text-align-center\"><a href=\"https:\/\/led.amasly.com\/it\/prodotti\/\">Luci tubolari triprofessionali a LED<\/a><\/h4>\n<\/div>\n\n\n\n<div class=\"wp-block-uagb-container uagb-block-f6096e3b\">\n<h4 class=\"wp-block-heading has-text-align-center\"><a href=\"https:\/\/led.amasly.com\/it\/prodotti\/\">Luci stradali a LED<\/a><\/h4>\n<\/div>\n<\/div><\/div>\n\n\n\n<div class=\"wp-block-uagb-container uagb-block-99c0e0a5 alignfull uagb-is-root-container\"><div class=\"uagb-container-inner-blocks-wrap\"><\/div><\/div>\n\n\n\n<p><\/p>","protected":false},"excerpt":{"rendered":"<p>Which color LED light is best for sleeping? We often see advice that reminds us to stay away from bright colors near bedtime. The truth is that certain colors of light do help with sleep. This is because the hormone melatonin plays a crucial role in our body&#8217;s sleep cycle. So how exactly does light [&hellip;]<\/p>\n","protected":false},"author":1,"featured_media":0,"parent":2984,"menu_order":0,"comment_status":"closed","ping_status":"closed","template":"","meta":{"_uag_custom_page_level_css":"","site-sidebar-layout":"no-sidebar","site-content-layout":"","ast-site-content-layout":"default","site-content-style":"default","site-sidebar-style":"default","ast-global-header-display":"","ast-banner-title-visibility":"","ast-main-header-display":"","ast-hfb-above-header-display":"","ast-hfb-below-header-display":"","ast-hfb-mobile-header-display":"","site-post-title":"disabled","ast-breadcrumbs-content":"","ast-featured-img":"","footer-sml-layout":"","ast-disable-related-posts":"","theme-transparent-header-meta":"enabled","adv-header-id-meta":"","stick-header-meta":"","header-above-stick-meta":"","header-main-stick-meta":"","header-below-stick-meta":"","astra-migrate-meta-layouts":"set","ast-page-background-enabled":"default","ast-page-background-meta":{"desktop":{"background-color":"var(--ast-global-color-4)","background-image":"","background-repeat":"repeat","background-position":"center center","background-size":"auto","background-attachment":"scroll","background-type":"","background-media":"","overlay-type":"","overlay-color":"","overlay-opacity":"","overlay-gradient":""},"tablet":{"background-color":"","background-image":"","background-repeat":"repeat","background-position":"center center","background-size":"auto","background-attachment":"scroll","background-type":"","background-media":"","overlay-type":"","overlay-color":"","overlay-opacity":"","overlay-gradient":""},"mobile":{"background-color":"","background-image":"","background-repeat":"repeat","background-position":"center center","background-size":"auto","background-attachment":"scroll","background-type":"","background-media":"","overlay-type":"","overlay-color":"","overlay-opacity":"","overlay-gradient":""}},"ast-content-background-meta":{"desktop":{"background-color":"var(--ast-global-color-5)","background-image":"","background-repeat":"repeat","background-position":"center center","background-size":"auto","background-attachment":"scroll","background-type":"","background-media":"","overlay-type":"","overlay-color":"","overlay-opacity":"","overlay-gradient":""},"tablet":{"background-color":"var(--ast-global-color-5)","background-image":"","background-repeat":"repeat","background-position":"center center","background-size":"auto","background-attachment":"scroll","background-type":"","background-media":"","overlay-type":"","overlay-color":"","overlay-opacity":"","overlay-gradient":""},"mobile":{"background-color":"var(--ast-global-color-5)","background-image":"","background-repeat":"repeat","background-position":"center center","background-size":"auto","background-attachment":"scroll","background-type":"","background-media":"","overlay-type":"","overlay-color":"","overlay-opacity":"","overlay-gradient":""}},"footnotes":""},"class_list":["post-4077","page","type-page","status-publish","hentry"],"uagb_featured_image_src":{"full":false,"thumbnail":false,"medium":false,"medium_large":false,"large":false,"1536x1536":false,"2048x2048":false,"trp-custom-language-flag":false},"uagb_author_info":{"display_name":"Joe","author_link":"https:\/\/led.amasly.com\/it\/author\/jacklin\/"},"uagb_comment_info":0,"uagb_excerpt":"Which color LED light is best for sleeping? We often see advice that reminds us to stay away from bright colors near bedtime. The truth is that certain colors of light do help with sleep. This is because the hormone melatonin plays a crucial role in our body&#8217;s sleep cycle. So how exactly does light&hellip;","_links":{"self":[{"href":"https:\/\/led.amasly.com\/it\/wp-json\/wp\/v2\/pages\/4077","targetHints":{"allow":["GET"]}}],"collection":[{"href":"https:\/\/led.amasly.com\/it\/wp-json\/wp\/v2\/pages"}],"about":[{"href":"https:\/\/led.amasly.com\/it\/wp-json\/wp\/v2\/types\/page"}],"author":[{"embeddable":true,"href":"https:\/\/led.amasly.com\/it\/wp-json\/wp\/v2\/users\/1"}],"replies":[{"embeddable":true,"href":"https:\/\/led.amasly.com\/it\/wp-json\/wp\/v2\/comments?post=4077"}],"version-history":[{"count":1,"href":"https:\/\/led.amasly.com\/it\/wp-json\/wp\/v2\/pages\/4077\/revisions"}],"predecessor-version":[{"id":4088,"href":"https:\/\/led.amasly.com\/it\/wp-json\/wp\/v2\/pages\/4077\/revisions\/4088"}],"up":[{"embeddable":true,"href":"https:\/\/led.amasly.com\/it\/wp-json\/wp\/v2\/pages\/2984"}],"wp:attachment":[{"href":"https:\/\/led.amasly.com\/it\/wp-json\/wp\/v2\/media?parent=4077"}],"curies":[{"name":"wp","href":"https:\/\/api.w.org\/{rel}","templated":true}]}}