{"id":3134,"date":"2025-04-19T21:37:11","date_gmt":"2025-04-19T13:37:11","guid":{"rendered":"https:\/\/led.amasly.com\/?page_id=3134"},"modified":"2026-01-18T10:52:14","modified_gmt":"2026-01-18T02:52:14","slug":"explosion-proof-emergency-light-price","status":"publish","type":"page","link":"https:\/\/led.amasly.com\/it\/light-price\/explosion-proof-emergency-light-price\/","title":{"rendered":"Prezzo della luce di emergenza antideflagrante"},"content":{"rendered":"<div class=\"wp-block-uagb-container uagb-block-27bae773 alignfull uagb-is-root-container\"><div class=\"uagb-container-inner-blocks-wrap\"><\/div><\/div>\n\n\n\n<h1 class=\"wp-block-heading has-text-align-center\"><strong>Amasly<\/strong> <strong>LED<\/strong> <strong>Prezzo della luce di emergenza antideflagrante<\/strong><\/h1>\n\n\n\n<div class=\"wp-block-uagb-image uagb-block-27e58544 wp-block-uagb-image--layout-default wp-block-uagb-image--effect-static wp-block-uagb-image--align-none\"><figure class=\"wp-block-uagb-image__figure\"><a class=\"\" href=\"https:\/\/led.amasly.com\/it\/products\/\" target=\"\" rel=\"noopener\"><img decoding=\"async\" srcset=\"https:\/\/led.amasly.com\/wp-content\/uploads\/2025\/03\/explosion-proof-emergency-lights-explosion-proof-exit-lights.png ,https:\/\/led.amasly.com\/wp-content\/uploads\/2025\/03\/explosion-proof-emergency-lights-explosion-proof-exit-lights.png 780w, https:\/\/led.amasly.com\/wp-content\/uploads\/2025\/03\/explosion-proof-emergency-lights-explosion-proof-exit-lights.png 360w\" sizes=\"auto, (max-width: 480px) 150px\" src=\"https:\/\/led.amasly.com\/wp-content\/uploads\/2025\/03\/explosion-proof-emergency-lights-explosion-proof-exit-lights.png\" alt=\"\" class=\"uag-image-2763\" width=\"1004\" height=\"308\" title=\"luci di emergenza antideflagranti luci di uscita antideflagranti\" loading=\"lazy\" role=\"img\"><\/a><\/figure><\/div>\n\n\n\n<h2 class=\"wp-block-heading\"><strong>Introduzione alla luce di emergenza antideflagrante:<\/strong><strong><\/strong><\/h2>\n\n\n\n<p>La luce di emergenza antideflagrante \u00e8 utilizzata nelle miniere di petrolio, nell'industria chimica, nell'industria militare e in altri luoghi e ambienti a rischio di infiammabilit\u00e0 ed esplosivit\u00e0 per l'evacuazione di sicurezza e l'illuminazione di emergenza in caso di interruzione di corrente.<\/p>\n\n\n\n<p>Alimentato da una batteria di emergenza agli ioni di litio da 3,7 V, ecologica e da 2200 mAh, in caso di interruzione dell'alimentazione principale pu\u00f2 avviare immediatamente l'illuminazione di emergenza con apparecchi di illuminazione antideflagranti, che possono essere controllati anche da un interruttore esterno.<\/p>\n\n\n\n<p>Chiamate anche: Luci di emergenza antideflagranti, Luci di emergenza a doppia testa antideflagranti, Luci di emergenza antideflagranti a LED, Luci di emergenza a LED.<\/p>\n\n\n\n<h2 class=\"wp-block-heading\"><strong>A prova di esplosione<\/strong><strong>&nbsp;ambito di applicazione della luce di emergenza<\/strong><strong><\/strong><\/h2>\n\n\n\n<p>Adatto per le miniere di petrolio, l'industria chimica, l'industria militare e altri luoghi e ambienti pericolosi infiammabili ed esplosivi per l'evacuazione di emergenza e l'illuminazione in caso di interruzione di corrente.<\/p>\n\n\n\n<p>1. Applicabile in ambienti esplosivi e pericolosi in 1 area e 2 aree;<\/p>\n\n\n\n<p>2, applicabile in ambienti con gas esplosivi \u2161A, \u2161B, \u2161C;<\/p>\n\n\n\n<p>3. Applicabile in ambienti con polveri esplosive in zona 20, 21, 22.<\/p>\n\n\n\n<p>Simbolo antideflagrante: <a href=\"http:\/\/www.iecex-certs.com\/\" rel=\"nofollow noopener\" target=\"_blank\">Ex d II C T6<\/a> Livello di protezione: IP65 Grado di anticorrosione: WF2<\/p>\n\n\n\n<h2 class=\"wp-block-heading\"><strong>Fattori che influenzano la luce di emergenza antideflagrante a LED <strong>prezzo<\/strong>:<\/strong><\/h2>\n\n\n\n<ol class=\"wp-block-list\">\n<li>Le differenze di marca portano a prezzi diversi: Le luci di emergenza antideflagranti presenti sul mercato sono di diversi marchi; i marchi pi\u00f9 noti hanno solitamente una quota di mercato pi\u00f9 elevata e una buona reputazione, quindi il prezzo dei loro prodotti pu\u00f2 essere relativamente alto.<\/li>\n<\/ol>\n\n\n\n<p>Diverse marche di luci di emergenza antideflagranti, la sua qualit\u00e0, il processo di produzione, l'uso di materiali e altri aspetti delle differenze, che influisce direttamente sul prezzo del prodotto.<\/p>\n\n\n\n<p>2. La diversit\u00e0 funzionale influisce sul posizionamento dei prezzi: Le luci di emergenza antideflagranti, oltre alle funzioni di illuminazione di base, sono dotate di rilevamento automatico, standby prolungato, diverse modalit\u00e0 di illuminazione e altre funzioni aggiuntive. L'aumento di queste funzioni fa s\u00ec che il costo del prodotto aumenti, incidendo cos\u00ec sul prezzo di vendita.<\/p>\n\n\n\n<p>3. Prestazioni e qualit\u00e0: Le luci di emergenza antideflagranti sono utilizzate in luoghi che richiedono elevati standard di sicurezza, come miniere, giacimenti petroliferi e cos\u00ec via, quindi i requisiti di qualit\u00e0 e prestazioni sono molto severi. Materiali di alta qualit\u00e0 e tecnologie avanzate comportano costi pi\u00f9 elevati, e questo \u00e8 uno dei motivi per cui il prezzo delle luci di emergenza antideflagranti pu\u00f2 essere pi\u00f9 alto.<\/p>\n\n\n\n<p>4. Fluttuazioni dei prezzi di mercato: il prezzo delle merci non \u00e8 statico, \u00e8 soggetto alla domanda e all'offerta del mercato, ai costi di produzione, alla domanda stagionale e ad altri fattori. Pertanto, al momento dell'acquisto di luci di emergenza antideflagranti, si consiglia ai consumatori di prestare maggiore attenzione alle dinamiche dei prezzi di mercato e di scegliere prodotti convenienti.<\/p>\n\n\n\n<h2 class=\"wp-block-heading\"><strong>Amasly <\/strong><strong>A prova di esplosione<\/strong><strong>&nbsp;caratteristiche prestazionali delle luci di emergenza:<\/strong><strong><\/strong><\/h2>\n\n\n\n<p>1, con funzione di emergenza automatica, lungo tempo di emergenza.<\/p>\n\n\n\n<p>2, l'utilizzo di una sorgente luminosa a LED, a bassa potenza, lunga durata, efficienza energetica.<\/p>\n\n\n\n<p>3, progettazione avanzata e ragionevole del circuito, alta efficienza elettrica, alta affidabilit\u00e0, risparmio energetico e assenza di manutenzione.<\/p>\n\n\n\n<p>4, design strutturale ottimizzato, guscio in lega leggera, antipolvere e impermeabile, resistenza agli urti, per garantire che le lampade e le lanterne per ottenere senza manutenzione, per evitare la manutenzione di fattori non sicuri.<\/p>\n\n\n\n<p>5, adottando una tecnologia di rivestimento superficiale ad alta tecnologia, resistente alla corrosione, affidabile e durevole, pu\u00f2 essere utilizzato in modo affidabile in ambienti difficili.<\/p>\n\n\n\n<p>Batteria ecologica agli ioni di litio da 6, 3,7 V e 2200 mAh;<\/p>\n\n\n\n<h2 class=\"wp-block-heading\"><strong>Amasly <\/strong><strong>A prova di esplosione<\/strong><strong>&nbsp;parametri tecnici della luce di emergenza<\/strong><strong><\/strong><\/h2>\n\n\n\n<figure class=\"wp-block-table\"><table class=\"has-fixed-layout\"><tbody><tr><td>Articolo<\/td><td>Parametri<\/td><\/tr><tr><td>Tensione<\/td><td>AC110V-285V<\/td><\/tr><tr><td>Tensione<\/td><td>DC3,7V Emergenza<\/td><\/tr><tr><td>Potenza<\/td><td>2\u00d75W<\/td><\/tr><tr><td>Tempo di emergenza<\/td><td>&gt;90minuti<\/td><\/tr><tr><td>Diametro esterno del cavo.<\/td><td>\u03c610-\u03c614<\/td><\/tr><\/tbody><\/table><\/figure>\n\n\n\n<h2 class=\"wp-block-heading\"><strong>Amasly LED Luce di emergenza antideflagrante prezzo: 12.57USD per pezzo<\/strong><\/h2>\n\n\n\n<figure class=\"wp-block-image aligncenter size-full\"><img decoding=\"async\" width=\"661\" height=\"657\" src=\"https:\/\/led.amasly.com\/wp-content\/uploads\/2025\/04\/LED-Explosion-proof-emergency-lights.png\" alt=\"LED Explosion proof\u00a0emergency light price\" class=\"wp-image-3135\" title=\"\" srcset=\"https:\/\/led.amasly.com\/wp-content\/uploads\/2025\/04\/LED-Explosion-proof-emergency-lights.png 661w, https:\/\/led.amasly.com\/wp-content\/uploads\/2025\/04\/LED-Explosion-proof-emergency-lights-300x298.png 300w, https:\/\/led.amasly.com\/wp-content\/uploads\/2025\/04\/LED-Explosion-proof-emergency-lights-150x150.png 150w, https:\/\/led.amasly.com\/wp-content\/uploads\/2025\/04\/LED-Explosion-proof-emergency-lights-12x12.png 12w\" sizes=\"(max-width: 661px) 100vw, 661px\" \/><\/figure>\n\n\n\n<h2 class=\"wp-block-heading\"><strong>Prezzo della luce di uscita della prova di esplosione di Amasly: 11.14USD per pezzo<\/strong><\/h2>\n\n\n\n<figure class=\"wp-block-image aligncenter size-full\"><img decoding=\"async\" width=\"797\" height=\"632\" src=\"https:\/\/led.amasly.com\/wp-content\/uploads\/2025\/04\/LED-Explosion-proof-exit-light.png\" alt=\"\" class=\"wp-image-3136\" title=\"\" srcset=\"https:\/\/led.amasly.com\/wp-content\/uploads\/2025\/04\/LED-Explosion-proof-exit-light.png 797w, https:\/\/led.amasly.com\/wp-content\/uploads\/2025\/04\/LED-Explosion-proof-exit-light-300x238.png 300w, https:\/\/led.amasly.com\/wp-content\/uploads\/2025\/04\/LED-Explosion-proof-exit-light-768x609.png 768w, https:\/\/led.amasly.com\/wp-content\/uploads\/2025\/04\/LED-Explosion-proof-exit-light-15x12.png 15w\" sizes=\"(max-width: 797px) 100vw, 797px\" \/><\/figure>\n\n\n\n<h2 class=\"wp-block-heading\"><strong>Amasly <\/strong><strong>A prova di esplosione<\/strong><strong>&nbsp;<\/strong><strong>emergenza <\/strong><strong>e<\/strong><strong>xit<\/strong><strong>&nbsp;prezzo della luce<\/strong><strong>: 14,89USD per pezzo<\/strong><strong><\/strong><\/h2>\n\n\n\n<figure class=\"wp-block-image aligncenter size-full\"><img decoding=\"async\" width=\"630\" height=\"674\" src=\"https:\/\/led.amasly.com\/wp-content\/uploads\/2025\/04\/LED-Explosion-proof-emergency-exit-lights.png\" alt=\"\" class=\"wp-image-3137\" title=\"\" srcset=\"https:\/\/led.amasly.com\/wp-content\/uploads\/2025\/04\/LED-Explosion-proof-emergency-exit-lights.png 630w, https:\/\/led.amasly.com\/wp-content\/uploads\/2025\/04\/LED-Explosion-proof-emergency-exit-lights-280x300.png 280w, https:\/\/led.amasly.com\/wp-content\/uploads\/2025\/04\/LED-Explosion-proof-emergency-exit-lights-11x12.png 11w\" sizes=\"(max-width: 630px) 100vw, 630px\" \/><\/figure>\n\n\n\n<p class=\"has-text-align-center\"><\/p>\n\n\n\n<div class=\"wp-block-uagb-container uagb-block-c7d898dd alignfull uagb-is-root-container\"><div class=\"uagb-container-inner-blocks-wrap\"><\/div><\/div>\n\n\n\n<h2 class=\"wp-block-heading\"><strong>Amasly Light FAQ<\/strong><\/h2>\n\n\n\n<p><strong>Q1.Can ho un ordine del campione per la luce principale?<\/strong><strong><\/strong><\/p>\n\n\n\n<p>R: S\u00ec, accogliamo con favore l'ordine di campioni per testare e controllare la qualit\u00e0. I campioni misti sono accettabili.<\/p>\n\n\n\n<p><strong>Q2.E i tempi di consegna?<\/strong><strong><\/strong><\/p>\n\n\n\n<p>R: Il campione ha bisogno di 3-5 giorni, la produzione di massa di 1-2 settimane.<\/p>\n\n\n\n<p><strong>Q3.Do you have any MOQ limit for led light order?<\/strong><strong><\/strong><\/p>\n\n\n\n<p>A: Il basso MOQ 1pc per il controllo del campione \u00e8 disponibile.<\/p>\n\n\n\n<p><strong>Q4. Come spedite la merce e quanto tempo ci vuole per arrivare?<\/strong><strong><\/strong><\/p>\n\n\n\n<p>R: Di solito spediamo tramite <a href=\"https:\/\/www.dhl.com\" rel=\"nofollow noopener\" target=\"_blank\">DHL<\/a>, UPS, FedEx o TNT. Il tempo di arrivo \u00e8 solitamente di 3-5 giorni. Linea aerea e spedizione via mare anche opzionale.<\/p>\n\n\n\n<p><strong>Q5. Come procedere per un ordine di luce a led?<\/strong><strong><\/strong><\/p>\n\n\n\n<p>A:<\/p>\n\n\n\n<p>Innanzitutto fateci conoscere le vostre esigenze o la vostra applicazione.<\/p>\n\n\n\n<p>In secondo luogo, facciamo preventivi in base alle vostre esigenze o ai nostri suggerimenti.<\/p>\n\n\n\n<p>In terzo luogo, il cliente conferma i campioni e versa un deposito per l'ordine formale.<\/p>\n\n\n\n<p>In quarto luogo, organizziamo la produzione.<\/p>\n\n\n\n<p><strong>Q6.\u00c8 possibile stampare il mio <\/strong><strong>LOGO<\/strong><strong>&nbsp;sul prodotto luce a led?<\/strong><strong><\/strong><\/p>\n\n\n\n<p>A: S\u00ec. Si prega di informarci formalmente prima della nostra produzione e di confermare il design in primo luogo sulla base del nostro campione.<\/p>\n\n\n\n<p><strong>Q7: Offrite una garanzia per i prodotti?<\/strong><strong><\/strong><\/p>\n\n\n\n<p>R: S\u00ec, offriamo una garanzia di 2-5 anni sui nostri prodotti.<\/p>\n\n\n\n<p><strong>D8: Come comportarsi con il difettoso?<\/strong><strong><\/strong><\/p>\n\n\n\n<p>A:<\/p>\n\n\n\n<p>In primo luogo, i nostri prodotti sono producono il sistema di controllo di qualit\u00e0 del dinstrict ed il tasso difettoso sar\u00e0 di meno che 0.2%<\/p>\n\n\n\n<p>In secondo luogo, durante il periodo di garanzia, forniremo parti di ricambio per sostituire il pezzo difettoso. Per gli ordini di grandi quantit\u00e0, forniremo in anticipo le parti vulnerabili, oppure potremo discutere soluzioni, tra cui il richiamo, in base alla situazione reale.<\/p>\n\n\n\n<p><strong>D9: Possiamo produrre lampade antideflagranti a bassa tensione con tensioni CA\/CC di 12V, 24V, 36V o 48V? <\/strong><\/p>\n\n\n\n<p>Amasly pu\u00f2 essere utilizzato come luce antideflagrante sia a bassa che ad alta tensione - AC\/DC 12V, 24V, 36V, 48V, AC 85-265V, AC 380V. <\/p>\n\n\n\n<p><strong>Q10: \u00c8 possibile aggiungere batterie di emergenza alle Explosion Poof Lights? <\/strong><\/p>\n\n\n\n<p>La lampada antideflagrante Amasly pu\u00f2 essere dotata di batterie di emergenza al litio. La durata dell'emergenza \u00e8 di 90 minuti, 120 minuti o 180 minuti. <\/p>\n\n\n\n<p><strong>Q11: La lampada antideflagrante Amasly pu\u00f2 essere personalizzata come prodotto OEM? <\/strong><\/p>\n\n\n\n<p>Le lampade antideflagranti Amasly possono essere personalizzate in base alle esigenze del cliente sia per le lampade che per i cartoni di imballaggio.<\/p>\n\n\n\n<h2 class=\"wp-block-heading\">Prodotti correlati<\/h2>\n\n\n\n<div class=\"wp-block-uagb-container uagb-block-66e4defc alignfull uagb-is-root-container\"><div class=\"uagb-container-inner-blocks-wrap\">\n<div class=\"wp-block-uagb-container uagb-block-a42945f9\">\n<div class=\"wp-block-uagb-image uagb-block-7296296b wp-block-uagb-image--layout-default wp-block-uagb-image--effect-static wp-block-uagb-image--align-none\"><figure class=\"wp-block-uagb-image__figure\"><a class=\"\" href=\"https:\/\/led.amasly.com\/it\/products\/\" target=\"\" rel=\"noopener\"><img decoding=\"async\" srcset=\"https:\/\/led.amasly.com\/wp-content\/uploads\/2024\/09\/Explosion-proof-high-bay-lights.png ,https:\/\/led.amasly.com\/wp-content\/uploads\/2024\/09\/Explosion-proof-high-bay-lights.png 780w, https:\/\/led.amasly.com\/wp-content\/uploads\/2024\/09\/Explosion-proof-high-bay-lights.png 360w\" sizes=\"auto, (max-width: 480px) 150px\" src=\"https:\/\/led.amasly.com\/wp-content\/uploads\/2024\/09\/Explosion-proof-high-bay-lights.png\" alt=\"\" class=\"uag-image-1495\" width=\"300\" height=\"300\" title=\"Luci a baia antideflagranti\" loading=\"lazy\" role=\"img\"><\/a><\/figure><\/div>\n<\/div>\n\n\n\n<div class=\"wp-block-uagb-container uagb-block-4d3efde5\">\n<div class=\"wp-block-uagb-image uagb-block-c9e90797 wp-block-uagb-image--layout-default wp-block-uagb-image--effect-static wp-block-uagb-image--align-none\"><figure class=\"wp-block-uagb-image__figure\"><a class=\"\" href=\"https:\/\/led.amasly.com\/it\/products\/\" target=\"\" rel=\"noopener\"><img decoding=\"async\" srcset=\"https:\/\/led.amasly.com\/wp-content\/uploads\/2024\/07\/LED-tri-proof-lights2.png ,https:\/\/led.amasly.com\/wp-content\/uploads\/2024\/07\/LED-tri-proof-lights2.png 780w, https:\/\/led.amasly.com\/wp-content\/uploads\/2024\/07\/LED-tri-proof-lights2.png 360w\" sizes=\"auto, (max-width: 480px) 150px\" src=\"https:\/\/led.amasly.com\/wp-content\/uploads\/2024\/07\/LED-tri-proof-lights2.png\" alt=\"\" class=\"uag-image-1132\" width=\"300\" height=\"300\" title=\"Luci a prova di LED2\" loading=\"lazy\" role=\"img\"><\/a><\/figure><\/div>\n<\/div>\n\n\n\n<div class=\"wp-block-uagb-container uagb-block-11c2578b\">\n<div class=\"wp-block-uagb-image uagb-block-6e8883aa wp-block-uagb-image--layout-default wp-block-uagb-image--effect-static wp-block-uagb-image--align-none\"><figure class=\"wp-block-uagb-image__figure\"><a class=\"\" href=\"https:\/\/led.amasly.com\/it\/products\/\" target=\"\" rel=\"noopener\"><img decoding=\"async\" srcset=\"https:\/\/led.amasly.com\/wp-content\/uploads\/2024\/09\/LED-Explosion-Proof-Gas-Station-Light.png ,https:\/\/led.amasly.com\/wp-content\/uploads\/2024\/09\/LED-Explosion-Proof-Gas-Station-Light.png 780w, https:\/\/led.amasly.com\/wp-content\/uploads\/2024\/09\/LED-Explosion-Proof-Gas-Station-Light.png 360w\" sizes=\"auto, (max-width: 480px) 150px\" src=\"https:\/\/led.amasly.com\/wp-content\/uploads\/2024\/09\/LED-Explosion-Proof-Gas-Station-Light.png\" alt=\"\" class=\"uag-image-1501\" width=\"300\" height=\"300\" title=\"Luce della stazione di servizio a prova di esplosione a LED\" loading=\"lazy\" role=\"img\"><\/a><\/figure><\/div>\n<\/div>\n<\/div><\/div>\n\n\n\n<div class=\"wp-block-uagb-container uagb-block-548945b5 alignfull uagb-is-root-container\"><div class=\"uagb-container-inner-blocks-wrap\">\n<div class=\"wp-block-uagb-container uagb-block-967755d5\">\n<h4 class=\"wp-block-heading has-text-align-center\"><a href=\"https:\/\/led.amasly.com\/it\/products\/\">Luci LED a prova di esplosione<\/a><\/h4>\n<\/div>\n\n\n\n<div class=\"wp-block-uagb-container uagb-block-9bc52fc2\">\n<h4 class=\"wp-block-heading has-text-align-center\"><a href=\"https:\/\/led.amasly.com\/it\/products\/\">Luci a LED a prova di tris<\/a><\/h4>\n<\/div>\n\n\n\n<div class=\"wp-block-uagb-container uagb-block-8ffa0a23\">\n<h4 class=\"wp-block-heading has-text-align-center\"><a href=\"https:\/\/led.amasly.com\/it\/products\/\">Luci per stazioni di servizio a prova di esplosione<\/a><\/h4>\n<\/div>\n<\/div><\/div>\n\n\n\n<div class=\"wp-block-uagb-container uagb-block-29499fe0 alignfull uagb-is-root-container\"><div class=\"uagb-container-inner-blocks-wrap\">\n<div class=\"wp-block-uagb-container uagb-block-777ee1c7\">\n<div class=\"wp-block-uagb-image uagb-block-2e9a1851 wp-block-uagb-image--layout-default wp-block-uagb-image--effect-static wp-block-uagb-image--align-none\"><figure class=\"wp-block-uagb-image__figure\"><a class=\"\" href=\"https:\/\/led.amasly.com\/it\/products\/\" target=\"\" rel=\"noopener\"><img decoding=\"async\" srcset=\"https:\/\/led.amasly.com\/wp-content\/uploads\/2024\/10\/50W-100W-150W-200W-300W-LED-Flood-Light.jpg ,https:\/\/led.amasly.com\/wp-content\/uploads\/2024\/10\/50W-100W-150W-200W-300W-LED-Flood-Light.jpg 780w, https:\/\/led.amasly.com\/wp-content\/uploads\/2024\/10\/50W-100W-150W-200W-300W-LED-Flood-Light.jpg 360w\" sizes=\"auto, (max-width: 480px) 150px\" src=\"https:\/\/led.amasly.com\/wp-content\/uploads\/2024\/10\/50W-100W-150W-200W-300W-LED-Flood-Light.jpg\" alt=\"\" class=\"uag-image-1526\" width=\"300\" height=\"300\" title=\"50W 100W 150W 200W 300W Luce di inondazione LED\" loading=\"lazy\" role=\"img\"><\/a><\/figure><\/div>\n<\/div>\n\n\n\n<div class=\"wp-block-uagb-container uagb-block-af8c8683\">\n<div class=\"wp-block-uagb-image uagb-block-67947854 wp-block-uagb-image--layout-default wp-block-uagb-image--effect-static wp-block-uagb-image--align-none\"><figure class=\"wp-block-uagb-image__figure\"><a class=\"\" href=\"https:\/\/led.amasly.com\/it\/products\/\" target=\"\" rel=\"noopener\"><img decoding=\"async\" srcset=\"https:\/\/led.amasly.com\/wp-content\/uploads\/2024\/07\/led-tri-proof-light.png ,https:\/\/led.amasly.com\/wp-content\/uploads\/2024\/07\/led-tri-proof-light.png 780w, https:\/\/led.amasly.com\/wp-content\/uploads\/2024\/07\/led-tri-proof-light.png 360w\" sizes=\"auto, (max-width: 480px) 150px\" src=\"https:\/\/led.amasly.com\/wp-content\/uploads\/2024\/07\/led-tri-proof-light.png\" alt=\"\" class=\"uag-image-1130\" width=\"300\" height=\"300\" title=\"luce a led tri-proof\" loading=\"lazy\" role=\"img\"><\/a><\/figure><\/div>\n<\/div>\n\n\n\n<div class=\"wp-block-uagb-container uagb-block-0fdfdd58\">\n<div class=\"wp-block-uagb-image uagb-block-1187d32d wp-block-uagb-image--layout-default wp-block-uagb-image--effect-static wp-block-uagb-image--align-none\"><figure class=\"wp-block-uagb-image__figure\"><a class=\"\" href=\"https:\/\/led.amasly.com\/it\/products\/\" target=\"\" rel=\"noopener\"><img decoding=\"async\" srcset=\"https:\/\/led.amasly.com\/wp-content\/uploads\/2024\/07\/LED-street-light.jpg ,https:\/\/led.amasly.com\/wp-content\/uploads\/2024\/07\/LED-street-light.jpg 780w, https:\/\/led.amasly.com\/wp-content\/uploads\/2024\/07\/LED-street-light.jpg 360w\" sizes=\"auto, (max-width: 480px) 150px\" src=\"https:\/\/led.amasly.com\/wp-content\/uploads\/2024\/07\/LED-street-light.jpg\" alt=\"\" class=\"uag-image-1145\" width=\"300\" height=\"300\" title=\"Illuminazione stradale a LED\" loading=\"lazy\" role=\"img\"><\/a><\/figure><\/div>\n<\/div>\n<\/div><\/div>\n\n\n\n<div class=\"wp-block-uagb-container uagb-block-6a60882c alignfull uagb-is-root-container\"><div class=\"uagb-container-inner-blocks-wrap\">\n<div class=\"wp-block-uagb-container uagb-block-f1e91a35\">\n<h4 class=\"wp-block-heading has-text-align-center\"><a href=\"https:\/\/led.amasly.com\/it\/products\/\">Luci LED Flood<\/a><\/h4>\n<\/div>\n\n\n\n<div class=\"wp-block-uagb-container uagb-block-165bfa58\">\n<h4 class=\"wp-block-heading has-text-align-center\"><a href=\"https:\/\/led.amasly.com\/it\/products\/\">Luci tubolari triprofessionali a LED<\/a><\/h4>\n<\/div>\n\n\n\n<div class=\"wp-block-uagb-container uagb-block-f6096e3b\">\n<h4 class=\"wp-block-heading has-text-align-center\"><a href=\"https:\/\/led.amasly.com\/it\/products\/\">Luci stradali a LED<\/a><\/h4>\n<\/div>\n<\/div><\/div>\n\n\n\n<div class=\"wp-block-uagb-container uagb-block-99c0e0a5 alignfull uagb-is-root-container\"><div class=\"uagb-container-inner-blocks-wrap\"><\/div><\/div>","protected":false},"excerpt":{"rendered":"<p>Amasly LED Explosion proof emergency light price Explosion proof emergency light introduction: Explosion proof&nbsp;emergency light is used in petroleum mining, chemical industry, military industry and other flammable and explosive hazardous places and environments for emergency safety evacuation and lighting equipment in case of power failure. Powered by 3.7V lithium-ion environmentally friendly 2200mah emergency battery power [&hellip;]<\/p>\n","protected":false},"author":1,"featured_media":0,"parent":2869,"menu_order":0,"comment_status":"closed","ping_status":"closed","template":"","meta":{"_uag_custom_page_level_css":"","site-sidebar-layout":"no-sidebar","site-content-layout":"","ast-site-content-layout":"default","site-content-style":"default","site-sidebar-style":"default","ast-global-header-display":"","ast-banner-title-visibility":"","ast-main-header-display":"","ast-hfb-above-header-display":"","ast-hfb-below-header-display":"","ast-hfb-mobile-header-display":"","site-post-title":"disabled","ast-breadcrumbs-content":"","ast-featured-img":"","footer-sml-layout":"","ast-disable-related-posts":"","theme-transparent-header-meta":"enabled","adv-header-id-meta":"","stick-header-meta":"","header-above-stick-meta":"","header-main-stick-meta":"","header-below-stick-meta":"","astra-migrate-meta-layouts":"set","ast-page-background-enabled":"default","ast-page-background-meta":{"desktop":{"background-color":"var(--ast-global-color-4)","background-image":"","background-repeat":"repeat","background-position":"center center","background-size":"auto","background-attachment":"scroll","background-type":"","background-media":"","overlay-type":"","overlay-color":"","overlay-opacity":"","overlay-gradient":""},"tablet":{"background-color":"","background-image":"","background-repeat":"repeat","background-position":"center center","background-size":"auto","background-attachment":"scroll","background-type":"","background-media":"","overlay-type":"","overlay-color":"","overlay-opacity":"","overlay-gradient":""},"mobile":{"background-color":"","background-image":"","background-repeat":"repeat","background-position":"center center","background-size":"auto","background-attachment":"scroll","background-type":"","background-media":"","overlay-type":"","overlay-color":"","overlay-opacity":"","overlay-gradient":""}},"ast-content-background-meta":{"desktop":{"background-color":"var(--ast-global-color-5)","background-image":"","background-repeat":"repeat","background-position":"center center","background-size":"auto","background-attachment":"scroll","background-type":"","background-media":"","overlay-type":"","overlay-color":"","overlay-opacity":"","overlay-gradient":""},"tablet":{"background-color":"var(--ast-global-color-5)","background-image":"","background-repeat":"repeat","background-position":"center center","background-size":"auto","background-attachment":"scroll","background-type":"","background-media":"","overlay-type":"","overlay-color":"","overlay-opacity":"","overlay-gradient":""},"mobile":{"background-color":"var(--ast-global-color-5)","background-image":"","background-repeat":"repeat","background-position":"center center","background-size":"auto","background-attachment":"scroll","background-type":"","background-media":"","overlay-type":"","overlay-color":"","overlay-opacity":"","overlay-gradient":""}},"footnotes":""},"class_list":["post-3134","page","type-page","status-publish","hentry"],"uagb_featured_image_src":{"full":false,"thumbnail":false,"medium":false,"medium_large":false,"large":false,"1536x1536":false,"2048x2048":false,"trp-custom-language-flag":false},"uagb_author_info":{"display_name":"Joe","author_link":"https:\/\/led.amasly.com\/it\/author\/jacklin\/"},"uagb_comment_info":0,"uagb_excerpt":"Amasly LED Explosion proof emergency light price Explosion proof emergency light introduction: Explosion proof&nbsp;emergency light is used in petroleum mining, chemical industry, military industry and other flammable and explosive hazardous places and environments for emergency safety evacuation and lighting equipment in case of power failure. Powered by 3.7V lithium-ion environmentally friendly 2200mah emergency battery power&hellip;","_links":{"self":[{"href":"https:\/\/led.amasly.com\/it\/wp-json\/wp\/v2\/pages\/3134","targetHints":{"allow":["GET"]}}],"collection":[{"href":"https:\/\/led.amasly.com\/it\/wp-json\/wp\/v2\/pages"}],"about":[{"href":"https:\/\/led.amasly.com\/it\/wp-json\/wp\/v2\/types\/page"}],"author":[{"embeddable":true,"href":"https:\/\/led.amasly.com\/it\/wp-json\/wp\/v2\/users\/1"}],"replies":[{"embeddable":true,"href":"https:\/\/led.amasly.com\/it\/wp-json\/wp\/v2\/comments?post=3134"}],"version-history":[{"count":3,"href":"https:\/\/led.amasly.com\/it\/wp-json\/wp\/v2\/pages\/3134\/revisions"}],"predecessor-version":[{"id":4481,"href":"https:\/\/led.amasly.com\/it\/wp-json\/wp\/v2\/pages\/3134\/revisions\/4481"}],"up":[{"embeddable":true,"href":"https:\/\/led.amasly.com\/it\/wp-json\/wp\/v2\/pages\/2869"}],"wp:attachment":[{"href":"https:\/\/led.amasly.com\/it\/wp-json\/wp\/v2\/media?parent=3134"}],"curies":[{"name":"wp","href":"https:\/\/api.w.org\/{rel}","templated":true}]}}