{"id":3087,"date":"2025-04-17T22:09:19","date_gmt":"2025-04-17T14:09:19","guid":{"rendered":"https:\/\/led.amasly.com\/?page_id=3087"},"modified":"2026-01-22T11:37:40","modified_gmt":"2026-01-22T03:37:40","slug":"garment-factories-intelligent-lighting-solutions","status":"publish","type":"page","link":"https:\/\/led.amasly.com\/it\/solutions\/garment-factories-intelligent-lighting-solutions\/","title":{"rendered":"Fabbriche di abbigliamento Soluzioni di illuminazione intelligenti"},"content":{"rendered":"<div class=\"wp-block-uagb-container uagb-block-27bae773 alignfull uagb-is-root-container\"><div class=\"uagb-container-inner-blocks-wrap\"><\/div><\/div>\n\n\n\n<h1 class=\"wp-block-heading has-text-align-center\"><strong>Soluzioni di progettazione illuminotecnica intelligente per le fabbriche di abbigliamento: Integrazione innovativa di efficienza energetica e controllo intelligente<\/strong><\/h1>\n\n\n\n<h2 class=\"wp-block-heading\"><strong>Fabbriche di abbigliamento Soluzioni di illuminazione intelligente Introduzione<\/strong><\/h2>\n\n\n\n<p>Poich\u00e9 l'industria dell'abbigliamento d\u00e0 sempre pi\u00f9 priorit\u00e0 al risparmio energetico e all'efficienza operativa, i sistemi di illuminazione intelligente sono emersi come una soluzione di aggiornamento fondamentale. Questo articolo presenta un quadro di progettazione dell'illuminazione intelligente su misura per le fabbriche di abbigliamento, che combina tecnologie avanzate e applicazioni pratiche. La soluzione affronta l'architettura del sistema, le modalit\u00e0 di controllo adattive, le strategie di risparmio energetico e la manutenzione guidata dall'IoT, consentendo ai produttori di ottenere operazioni sostenibili e riduzioni dei costi.<\/p>\n\n\n\n<div class=\"wp-block-uagb-image uagb-block-40cb2a5c wp-block-uagb-image--layout-default wp-block-uagb-image--effect-static wp-block-uagb-image--align-none\"><figure class=\"wp-block-uagb-image__figure\"><img decoding=\"async\" srcset=\"https:\/\/led.amasly.com\/wp-content\/uploads\/2025\/04\/Garment-Factories-Intelligent-Lighting-Solutions.jpg ,https:\/\/led.amasly.com\/wp-content\/uploads\/2025\/04\/Garment-Factories-Intelligent-Lighting-Solutions.jpg 780w, https:\/\/led.amasly.com\/wp-content\/uploads\/2025\/04\/Garment-Factories-Intelligent-Lighting-Solutions.jpg 360w\" sizes=\"auto, (max-width: 480px) 150px\" src=\"https:\/\/led.amasly.com\/wp-content\/uploads\/2025\/04\/Garment-Factories-Intelligent-Lighting-Solutions.jpg\" alt=\"\" class=\"uag-image-3088\" width=\"1024\" height=\"682\" title=\"Ritratto di stilista africano con nastro di misura in fabbrica\" loading=\"lazy\" role=\"img\"><\/figure><\/div>\n\n\n\n<h2 class=\"wp-block-heading\"><strong>Soluzioni di illuminazione intelligente per le fabbriche di abbigliamento Progettazione dettagliata e analisi chiave<\/strong><\/h2>\n\n\n\n<h3 class=\"wp-block-heading\"><strong>1. Fabbriche di abbigliamento Soluzioni di illuminazione intelligenti<\/strong> <strong>Requisiti e sfide dell'illuminazione <\/strong><\/h3>\n\n\n\n<ul class=\"wp-block-list\">\n<li><strong>Basso utilizzo della luce naturale<\/strong>: I sistemi di illuminazione tradizionali non dispongono di funzionalit\u00e0 di auto-oscuramento, con conseguente spreco di energia durante le ore diurne (ad esempio, 530.000 kWh\/anno consumati in un'officina di 40.000 m\u00b2).<\/li>\n\n\n\n<li><strong>Controllo della zonizzazione inefficiente<\/strong>: I layout di illuminazione fissi non si adattano alle linee di produzione dinamiche, causando 40% sprechi di energia nelle zone inutilizzate.<\/li>\n\n\n\n<li><strong>Costi di manutenzione elevati<\/strong>: Le frequenti riparazioni manuali dei dispositivi obsoleti interrompono i flussi di lavoro (ad esempio, 30% di 500 dispositivi in uno stabilimento sono rimasti difettosi).<\/li>\n<\/ul>\n\n\n\n<h3 class=\"wp-block-heading\"><strong>2. Architettura di base di <strong>Fabbriche di abbigliamento Soluzioni di illuminazione intelligenti<\/strong><\/strong><\/h3>\n\n\n\n<ul class=\"wp-block-list\">\n<li><strong>Tecnologia degli autobus<\/strong>: I protocolli ALIBUS o KNX consentono la comunicazione in tempo reale dei dispositivi attraverso un cablaggio conveniente (ad esempio, ALIBUS supporta la trasmissione di energia e dati attraverso cavi Ethernet standard).<\/li>\n\n\n\n<li><strong>Distribuzione modulare<\/strong>: Installare sensori di movimento, sensori lux e pannelli di controllo per zona (officina, magazzino, uffici) per una gestione indipendente (ad esempio, retrofit Bluetooth Mesh completato in 10 giorni per una struttura di 40.000 mq).<\/li>\n\n\n\n<li><strong>Piattaforma centralizzata<\/strong>: Monitorare l'utilizzo dell'energia, i guasti e le preimpostazioni tramite applicazioni per PC\/mobile (ad esempio, la piattaforma SaaS di Tuya per l'illuminazione commerciale).<\/li>\n<\/ul>\n\n\n\n<h3 class=\"wp-block-heading\"><strong>3. Modalit\u00e0 di controllo intelligente e applicazioni di scenario<\/strong><\/h3>\n\n\n\n<ul class=\"wp-block-list\">\n<li><strong>Dimmerazione dinamica<\/strong>: I sensori di luminosit\u00e0 regolano la luminosit\u00e0 dei LED in base alla luce ambientale, riducendo il consumo energetico del 30-65%.<\/li>\n\n\n\n<li><strong>Preimpostazioni multiscenario<\/strong>: Attivazione con un solo tocco della \u201cModalit\u00e0 di produzione\u201d, della \u201cModalit\u00e0 di pulizia\u201d o della \u201cModalit\u00e0 di ispezione a basso consumo\u201d (ad esempio, il consumo energetico giornaliero \u00e8 stato ridotto da 800 kWh a 75 kWh negli stabilimenti di Hubei).<\/li>\n\n\n\n<li><strong>Comando manuale<\/strong>: I pannelli di controllo tattili nei punti di ingresso consentono regolazioni istantanee per modifiche urgenti della produzione.<\/li>\n<\/ul>\n\n\n\n<h3 class=\"wp-block-heading\"><strong>4. <strong>Fabbriche di abbigliamento Soluzioni di illuminazione intelligenti<\/strong><\/strong> <strong>Strategie di risparmio energetico<\/strong><\/h3>\n\n\n\n<ul class=\"wp-block-list\">\n<li><strong>Aggiornamenti LED<\/strong>: I LED da 100W sostituiscono gli apparecchi tradizionali da 200W, riducendo il consumo energetico di 50% (ad esempio, $15.000\/anno risparmiati in una struttura).<\/li>\n\n\n\n<li><strong>Gestione del fuso orario<\/strong>: Spegnimento automatico delle luci nelle aree inattive durante le ore di non produzione (risparmio di 200.000 kWh\/anno).<\/li>\n\n\n\n<li><strong>Autodiagnosi<\/strong>: Il rilevamento dei guasti in tempo reale invia avvisi alle squadre di manutenzione (80% tempi di risposta pi\u00f9 rapidi).<\/li>\n\n\n\n<li><strong>Bassa potenza termica<\/strong>: I LED riducono i carichi di raffreddamento, consentendo di risparmiare indirettamente 15-20% sui costi di HVAC.<\/li>\n<\/ul>\n\n\n\n<div class=\"wp-block-uagb-image uagb-block-00137adc wp-block-uagb-image--layout-default wp-block-uagb-image--effect-static wp-block-uagb-image--align-none\"><figure class=\"wp-block-uagb-image__figure\"><img decoding=\"async\" srcset=\"https:\/\/led.amasly.com\/wp-content\/uploads\/2025\/04\/garment-factories-lighting-1024x682.jpg ,https:\/\/led.amasly.com\/wp-content\/uploads\/2025\/04\/garment-factories-lighting.jpg 780w, https:\/\/led.amasly.com\/wp-content\/uploads\/2025\/04\/garment-factories-lighting.jpg 360w\" sizes=\"auto, (max-width: 480px) 150px\" src=\"https:\/\/led.amasly.com\/wp-content\/uploads\/2025\/04\/garment-factories-lighting-1024x682.jpg\" alt=\"Garment Factories Intelligent Lighting Solutions\" class=\"uag-image-3089\" width=\"1024\" height=\"682\" title=\"Fabbriche di abbigliamento Soluzioni di illuminazione intelligenti\" loading=\"lazy\" role=\"img\"\/><\/figure><\/div>\n\n\n\n<h3 class=\"wp-block-heading\"><strong>5. Adattabilit\u00e0 e sicurezza ambientale<\/strong><\/h3>\n\n\n\n<ul class=\"wp-block-list\">\n<li><strong>Apparecchi antipolvere e antideflagranti<\/strong>: LED con grado di protezione IP65 nelle aree di taglio e modelli antideflagranti nelle zone di stoccaggio (ad esempio, <a href=\"https:\/\/www.haiyangwang.com\/\" rel=\"nofollow noopener\" target=\"_blank\">Re dell'oceano<\/a> serie BPC8720).<\/li>\n\n\n\n<li><strong>Integrazione dei sensori climatici<\/strong>: Attivazione dei sistemi di ventilazione in caso di temperature\/umidit\u00e0 anomale.<\/li>\n\n\n\n<li><strong>Illuminazione di emergenza<\/strong>: Sincronizzazione con gli allarmi antincendio per attivare l'illuminazione di evacuazione.<\/li>\n<\/ul>\n\n\n\n<h3 class=\"wp-block-heading\"><strong>6. Vantaggi della rete wireless<\/strong><\/h3>\n\n\n\n<ul class=\"wp-block-list\">\n<li><strong>Maglia Bluetooth<\/strong>: Elimina i costi di cablaggio e supporta le reti autorigeneranti (30% installazione pi\u00f9 rapida).<\/li>\n\n\n\n<li><strong>Scalabilit\u00e0<\/strong>: Compatibilit\u00e0 plug-and-play per le modifiche al layout (ad esempio, la portata di 100 m di ZigBee).<\/li>\n\n\n\n<li><strong>Stabilit\u00e0 della rete<\/strong>: I guasti di un singolo nodo non interrompono le operazioni complessive.<\/li>\n<\/ul>\n\n\n\n<h3 class=\"wp-block-heading\"><strong>7. Manutenzione guidata dai dati<\/strong><\/h3>\n\n\n\n<ul class=\"wp-block-list\">\n<li><strong>Analisi dell'energia<\/strong>: Generare rapporti sull'utilizzo e metriche di riduzione delle emissioni di carbonio (ad esempio, riduzione di 270 tonnellate di CO2 all'anno).<\/li>\n\n\n\n<li><strong>Manutenzione predittiva<\/strong>: Programmare le sostituzioni in base alla durata di vita dei LED di 20.000 ore.<\/li>\n\n\n\n<li><strong>Accesso basato sui ruoli<\/strong>: I livelli amministratore e operatore impediscono le modifiche non autorizzate.<\/li>\n<\/ul>\n\n\n\n<h3 class=\"wp-block-heading\"><strong>8. Casi di studio e convalida del ROI<\/strong><\/h3>\n\n\n\n<ul class=\"wp-block-list\">\n<li><strong>Fabbrica di Hubei Fuxing<\/strong>: 40.000 mq di retrofit hanno fatto risparmiare $15.000\/anno con un periodo di ammortamento di 12 mesi.<\/li>\n\n\n\n<li><strong>Hangar dell'aeroporto di Changzhou<\/strong>Un progetto di 25.000 m2 ha ridotto il consumo energetico di 65% in 3 giorni.<\/li>\n\n\n\n<li><strong>Miglioramento della qualit\u00e0<\/strong>: 15% riduzione dei difetti grazie all'ottimizzazione della visibilit\u00e0 dei lavoratori.<\/li>\n<\/ul>\n\n\n\n<h3 class=\"wp-block-heading\"><strong>9. Tendenze future: Fabbriche di abbigliamento Soluzioni di illuminazione intelligenti<\/strong>-<strong>IA e neutralit\u00e0 del carbonio<\/strong><\/h3>\n\n\n\n<ul class=\"wp-block-list\">\n<li><strong>Ottimizzazione basata sull'intelligenza artificiale<\/strong>: L'apprendimento automatico regola l'illuminazione in base alla velocit\u00e0 della linea di produzione.<\/li>\n\n\n\n<li><strong>Conformit\u00e0 alle emissioni di carbonio<\/strong>: Raggiungere gli obiettivi ESG e partecipare al carbon trading.<\/li>\n\n\n\n<li><strong>Integrazione dell'ecosistema IoT<\/strong>: Sincronizzazione con MES per un controllo unificato delle apparecchiature.<\/li>\n<\/ul>\n\n\n\n<h3 class=\"wp-block-heading\"><strong>10. <strong>Fabbriche di abbigliamento Soluzioni di illuminazione intelligenti<\/strong><\/strong> <strong>Linee guida per l'implementazione<\/strong><\/h3>\n\n\n\n<ul class=\"wp-block-list\">\n<li><strong>Valutazione dei bisogni<\/strong>: Mappare i requisiti di illuminazione ai flussi di lavoro (taglio, cucito, QC).<\/li>\n\n\n\n<li><strong>Retrofit graduale<\/strong>: Privilegiare le zone ad alto utilizzo (ad esempio, i magazzini 24\/7).<\/li>\n\n\n\n<li><strong>Formazione e assistenza<\/strong>: Fornire manuali e manutenzione a vita (ad esempio, rapporti mensili sullo stato di salute del sistema).<\/li>\n<\/ul>\n\n\n\n<h2 class=\"wp-block-heading\"><strong>FAQ<\/strong><\/h2>\n\n\n\n<h3 class=\"wp-block-heading\"><strong>D1: Quanto tempo richiede un retrofit dell'illuminazione intelligente?<\/strong><\/h3>\n\n\n\n<p>R: Per un impianto di 40.000 m\u00b2 sono necessari in genere 10 giorni, con un'installazione graduale per evitare interruzioni della produzione.<\/p>\n\n\n\n<h3 class=\"wp-block-heading\"><strong>D2: Perch\u00e9 scegliere i LED rispetto all'illuminazione tradizionale?<\/strong><\/h3>\n\n\n\n<p>R: I LED consumano 50% in meno, durano 20.000 ore e riducono i costi di raffreddamento grazie alla bassa emissione di calore.<\/p>\n\n\n\n<h3 class=\"wp-block-heading\"><strong>D3: I guasti al sistema possono bloccare la produzione?<\/strong><\/h3>\n\n\n\n<p>R: No. Il design modulare isola i guasti e gli avvisi in tempo reale garantiscono riparazioni pi\u00f9 rapide.<\/p>\n\n\n\n<h3 class=\"wp-block-heading\"><strong>D4: Come viene garantita la sicurezza dei dati?<\/strong><\/h3>\n\n\n\n<p>R: La crittografia HTTPS e i controlli di accesso basati sui ruoli proteggono i dati operativi.<\/p>\n\n\n\n<h3 class=\"wp-block-heading\"><strong>D5: Qual \u00e8 il periodo medio di ROI?<\/strong><\/h3>\n\n\n\n<p class=\"has-text-align-left\">R: La maggior parte dei progetti raggiunge un ROI completo entro 12 mesi grazie ai risparmi energetici e di manutenzione.<\/p>\n\n\n\n<p><strong><br>&nbsp;&nbsp;<\/strong><\/p>\n\n\n\n<div class=\"wp-block-uagb-container uagb-block-c7d898dd alignfull uagb-is-root-container\"><div class=\"uagb-container-inner-blocks-wrap\"><\/div><\/div>\n\n\n\n<h2 class=\"wp-block-heading\">Prodotti correlati<\/h2>\n\n\n\n<div class=\"wp-block-uagb-container uagb-block-66e4defc alignfull uagb-is-root-container\"><div class=\"uagb-container-inner-blocks-wrap\">\n<div class=\"wp-block-uagb-container uagb-block-a42945f9\">\n<div class=\"wp-block-uagb-image uagb-block-7296296b wp-block-uagb-image--layout-default wp-block-uagb-image--effect-static wp-block-uagb-image--align-none\"><figure class=\"wp-block-uagb-image__figure\"><a class=\"\" href=\"https:\/\/led.amasly.com\/it\/products\/\" target=\"\" rel=\"noopener\"><img decoding=\"async\" srcset=\"https:\/\/led.amasly.com\/wp-content\/uploads\/2024\/09\/Explosion-proof-high-bay-lights.png ,https:\/\/led.amasly.com\/wp-content\/uploads\/2024\/09\/Explosion-proof-high-bay-lights.png 780w, https:\/\/led.amasly.com\/wp-content\/uploads\/2024\/09\/Explosion-proof-high-bay-lights.png 360w\" sizes=\"auto, (max-width: 480px) 150px\" src=\"https:\/\/led.amasly.com\/wp-content\/uploads\/2024\/09\/Explosion-proof-high-bay-lights.png\" alt=\"\" class=\"uag-image-1495\" width=\"300\" height=\"300\" title=\"Luci a baia antideflagranti\" loading=\"lazy\" role=\"img\"><\/a><\/figure><\/div>\n<\/div>\n\n\n\n<div class=\"wp-block-uagb-container uagb-block-4d3efde5\">\n<div class=\"wp-block-uagb-image uagb-block-c9e90797 wp-block-uagb-image--layout-default wp-block-uagb-image--effect-static wp-block-uagb-image--align-none\"><figure class=\"wp-block-uagb-image__figure\"><a class=\"\" href=\"https:\/\/led.amasly.com\/it\/products\/\" target=\"\" rel=\"noopener\"><img decoding=\"async\" srcset=\"https:\/\/led.amasly.com\/wp-content\/uploads\/2024\/07\/LED-tri-proof-lights2.png ,https:\/\/led.amasly.com\/wp-content\/uploads\/2024\/07\/LED-tri-proof-lights2.png 780w, https:\/\/led.amasly.com\/wp-content\/uploads\/2024\/07\/LED-tri-proof-lights2.png 360w\" sizes=\"auto, (max-width: 480px) 150px\" src=\"https:\/\/led.amasly.com\/wp-content\/uploads\/2024\/07\/LED-tri-proof-lights2.png\" alt=\"\" class=\"uag-image-1132\" width=\"300\" height=\"300\" title=\"Luci a prova di LED2\" loading=\"lazy\" role=\"img\"><\/a><\/figure><\/div>\n<\/div>\n\n\n\n<div class=\"wp-block-uagb-container uagb-block-11c2578b\">\n<div class=\"wp-block-uagb-image uagb-block-6e8883aa wp-block-uagb-image--layout-default wp-block-uagb-image--effect-static wp-block-uagb-image--align-none\"><figure class=\"wp-block-uagb-image__figure\"><a class=\"\" href=\"https:\/\/led.amasly.com\/it\/products\/\" target=\"\" rel=\"noopener\"><img decoding=\"async\" srcset=\"https:\/\/led.amasly.com\/wp-content\/uploads\/2024\/09\/LED-Explosion-Proof-Gas-Station-Light.png ,https:\/\/led.amasly.com\/wp-content\/uploads\/2024\/09\/LED-Explosion-Proof-Gas-Station-Light.png 780w, https:\/\/led.amasly.com\/wp-content\/uploads\/2024\/09\/LED-Explosion-Proof-Gas-Station-Light.png 360w\" sizes=\"auto, (max-width: 480px) 150px\" src=\"https:\/\/led.amasly.com\/wp-content\/uploads\/2024\/09\/LED-Explosion-Proof-Gas-Station-Light.png\" alt=\"\" class=\"uag-image-1501\" width=\"300\" height=\"300\" title=\"Luce della stazione di servizio a prova di esplosione a LED\" loading=\"lazy\" role=\"img\"><\/a><\/figure><\/div>\n<\/div>\n<\/div><\/div>\n\n\n\n<div class=\"wp-block-uagb-container uagb-block-548945b5 alignfull uagb-is-root-container\"><div class=\"uagb-container-inner-blocks-wrap\">\n<div class=\"wp-block-uagb-container uagb-block-967755d5\">\n<h4 class=\"wp-block-heading has-text-align-center\"><a href=\"https:\/\/led.amasly.com\/it\/products\/\">Luci LED a prova di esplosione<\/a><\/h4>\n<\/div>\n\n\n\n<div class=\"wp-block-uagb-container uagb-block-9bc52fc2\">\n<h4 class=\"wp-block-heading has-text-align-center\"><a href=\"https:\/\/led.amasly.com\/it\/products\/\">Luci a LED a prova di tris<\/a><\/h4>\n<\/div>\n\n\n\n<div class=\"wp-block-uagb-container uagb-block-8ffa0a23\">\n<h4 class=\"wp-block-heading has-text-align-center\"><a href=\"https:\/\/led.amasly.com\/it\/products\/\">Luci per stazioni di servizio a prova di esplosione<\/a><\/h4>\n<\/div>\n<\/div><\/div>\n\n\n\n<div class=\"wp-block-uagb-container uagb-block-29499fe0 alignfull uagb-is-root-container\"><div class=\"uagb-container-inner-blocks-wrap\">\n<div class=\"wp-block-uagb-container uagb-block-777ee1c7\">\n<div class=\"wp-block-uagb-image uagb-block-2e9a1851 wp-block-uagb-image--layout-default wp-block-uagb-image--effect-static wp-block-uagb-image--align-none\"><figure class=\"wp-block-uagb-image__figure\"><a class=\"\" href=\"https:\/\/led.amasly.com\/it\/products\/\" target=\"\" rel=\"noopener\"><img decoding=\"async\" srcset=\"https:\/\/led.amasly.com\/wp-content\/uploads\/2024\/10\/50W-100W-150W-200W-300W-LED-Flood-Light.jpg ,https:\/\/led.amasly.com\/wp-content\/uploads\/2024\/10\/50W-100W-150W-200W-300W-LED-Flood-Light.jpg 780w, https:\/\/led.amasly.com\/wp-content\/uploads\/2024\/10\/50W-100W-150W-200W-300W-LED-Flood-Light.jpg 360w\" sizes=\"auto, (max-width: 480px) 150px\" src=\"https:\/\/led.amasly.com\/wp-content\/uploads\/2024\/10\/50W-100W-150W-200W-300W-LED-Flood-Light.jpg\" alt=\"\" class=\"uag-image-1526\" width=\"300\" height=\"300\" title=\"50W 100W 150W 200W 300W Luce di inondazione LED\" loading=\"lazy\" role=\"img\"><\/a><\/figure><\/div>\n<\/div>\n\n\n\n<div class=\"wp-block-uagb-container uagb-block-af8c8683\">\n<div class=\"wp-block-uagb-image uagb-block-67947854 wp-block-uagb-image--layout-default wp-block-uagb-image--effect-static wp-block-uagb-image--align-none\"><figure class=\"wp-block-uagb-image__figure\"><a class=\"\" href=\"https:\/\/led.amasly.com\/it\/products\/\" target=\"\" rel=\"noopener\"><img decoding=\"async\" srcset=\"https:\/\/led.amasly.com\/wp-content\/uploads\/2024\/07\/led-tri-proof-light.png ,https:\/\/led.amasly.com\/wp-content\/uploads\/2024\/07\/led-tri-proof-light.png 780w, https:\/\/led.amasly.com\/wp-content\/uploads\/2024\/07\/led-tri-proof-light.png 360w\" sizes=\"auto, (max-width: 480px) 150px\" src=\"https:\/\/led.amasly.com\/wp-content\/uploads\/2024\/07\/led-tri-proof-light.png\" alt=\"\" class=\"uag-image-1130\" width=\"300\" height=\"300\" title=\"luce a led tri-proof\" loading=\"lazy\" role=\"img\"><\/a><\/figure><\/div>\n<\/div>\n\n\n\n<div class=\"wp-block-uagb-container uagb-block-0fdfdd58\">\n<div class=\"wp-block-uagb-image uagb-block-1187d32d wp-block-uagb-image--layout-default wp-block-uagb-image--effect-static wp-block-uagb-image--align-none\"><figure class=\"wp-block-uagb-image__figure\"><a class=\"\" href=\"https:\/\/led.amasly.com\/it\/products\/\" target=\"\" rel=\"noopener\"><img decoding=\"async\" srcset=\"https:\/\/led.amasly.com\/wp-content\/uploads\/2024\/07\/LED-street-light.jpg ,https:\/\/led.amasly.com\/wp-content\/uploads\/2024\/07\/LED-street-light.jpg 780w, https:\/\/led.amasly.com\/wp-content\/uploads\/2024\/07\/LED-street-light.jpg 360w\" sizes=\"auto, (max-width: 480px) 150px\" src=\"https:\/\/led.amasly.com\/wp-content\/uploads\/2024\/07\/LED-street-light.jpg\" alt=\"\" class=\"uag-image-1145\" width=\"300\" height=\"300\" title=\"Illuminazione stradale a LED\" loading=\"lazy\" role=\"img\"><\/a><\/figure><\/div>\n<\/div>\n<\/div><\/div>\n\n\n\n<div class=\"wp-block-uagb-container uagb-block-6a60882c alignfull uagb-is-root-container\"><div class=\"uagb-container-inner-blocks-wrap\">\n<div class=\"wp-block-uagb-container uagb-block-f1e91a35\">\n<h4 class=\"wp-block-heading has-text-align-center\"><a href=\"https:\/\/led.amasly.com\/it\/products\/\">Luci LED Flood<\/a><\/h4>\n<\/div>\n\n\n\n<div class=\"wp-block-uagb-container uagb-block-165bfa58\">\n<h4 class=\"wp-block-heading has-text-align-center\"><a href=\"https:\/\/led.amasly.com\/it\/products\/\">Luci tubolari triprofessionali a LED<\/a><\/h4>\n<\/div>\n\n\n\n<div class=\"wp-block-uagb-container uagb-block-f6096e3b\">\n<h4 class=\"wp-block-heading has-text-align-center\"><a href=\"https:\/\/led.amasly.com\/it\/products\/\">Luci stradali a LED<\/a><\/h4>\n<\/div>\n<\/div><\/div>\n\n\n\n<div class=\"wp-block-uagb-container uagb-block-99c0e0a5 alignfull uagb-is-root-container\"><div class=\"uagb-container-inner-blocks-wrap\"><\/div><\/div>","protected":false},"excerpt":{"rendered":"<p>Smart Lighting Design Solutions for Garment Factories: Innovative Integration of Energy Efficiency and Intelligent Control Garment Factories Intelligent Lighting Solutions Introduction As the garment manufacturing industry increasingly prioritizes energy savings and operational efficiency, smart lighting systems have emerged as a critical upgrade solution. This article presents a tailored smart lighting design framework for garment factories, [&hellip;]<\/p>\n","protected":false},"author":1,"featured_media":0,"parent":1808,"menu_order":0,"comment_status":"closed","ping_status":"closed","template":"","meta":{"_uag_custom_page_level_css":"","site-sidebar-layout":"no-sidebar","site-content-layout":"","ast-site-content-layout":"default","site-content-style":"default","site-sidebar-style":"default","ast-global-header-display":"","ast-banner-title-visibility":"","ast-main-header-display":"","ast-hfb-above-header-display":"","ast-hfb-below-header-display":"","ast-hfb-mobile-header-display":"","site-post-title":"disabled","ast-breadcrumbs-content":"","ast-featured-img":"","footer-sml-layout":"","ast-disable-related-posts":"","theme-transparent-header-meta":"enabled","adv-header-id-meta":"","stick-header-meta":"","header-above-stick-meta":"","header-main-stick-meta":"","header-below-stick-meta":"","astra-migrate-meta-layouts":"set","ast-page-background-enabled":"default","ast-page-background-meta":{"desktop":{"background-color":"var(--ast-global-color-4)","background-image":"","background-repeat":"repeat","background-position":"center center","background-size":"auto","background-attachment":"scroll","background-type":"","background-media":"","overlay-type":"","overlay-color":"","overlay-opacity":"","overlay-gradient":""},"tablet":{"background-color":"","background-image":"","background-repeat":"repeat","background-position":"center center","background-size":"auto","background-attachment":"scroll","background-type":"","background-media":"","overlay-type":"","overlay-color":"","overlay-opacity":"","overlay-gradient":""},"mobile":{"background-color":"","background-image":"","background-repeat":"repeat","background-position":"center center","background-size":"auto","background-attachment":"scroll","background-type":"","background-media":"","overlay-type":"","overlay-color":"","overlay-opacity":"","overlay-gradient":""}},"ast-content-background-meta":{"desktop":{"background-color":"var(--ast-global-color-5)","background-image":"","background-repeat":"repeat","background-position":"center center","background-size":"auto","background-attachment":"scroll","background-type":"","background-media":"","overlay-type":"","overlay-color":"","overlay-opacity":"","overlay-gradient":""},"tablet":{"background-color":"var(--ast-global-color-5)","background-image":"","background-repeat":"repeat","background-position":"center center","background-size":"auto","background-attachment":"scroll","background-type":"","background-media":"","overlay-type":"","overlay-color":"","overlay-opacity":"","overlay-gradient":""},"mobile":{"background-color":"var(--ast-global-color-5)","background-image":"","background-repeat":"repeat","background-position":"center center","background-size":"auto","background-attachment":"scroll","background-type":"","background-media":"","overlay-type":"","overlay-color":"","overlay-opacity":"","overlay-gradient":""}},"footnotes":""},"class_list":["post-3087","page","type-page","status-publish","hentry"],"uagb_featured_image_src":{"full":false,"thumbnail":false,"medium":false,"medium_large":false,"large":false,"1536x1536":false,"2048x2048":false,"trp-custom-language-flag":false},"uagb_author_info":{"display_name":"Joe","author_link":"https:\/\/led.amasly.com\/it\/author\/jacklin\/"},"uagb_comment_info":0,"uagb_excerpt":"Smart Lighting Design Solutions for Garment Factories: Innovative Integration of Energy Efficiency and Intelligent Control Garment Factories Intelligent Lighting Solutions Introduction As the garment manufacturing industry increasingly prioritizes energy savings and operational efficiency, smart lighting systems have emerged as a critical upgrade solution. This article presents a tailored smart lighting design framework for garment factories,&hellip;","_links":{"self":[{"href":"https:\/\/led.amasly.com\/it\/wp-json\/wp\/v2\/pages\/3087","targetHints":{"allow":["GET"]}}],"collection":[{"href":"https:\/\/led.amasly.com\/it\/wp-json\/wp\/v2\/pages"}],"about":[{"href":"https:\/\/led.amasly.com\/it\/wp-json\/wp\/v2\/types\/page"}],"author":[{"embeddable":true,"href":"https:\/\/led.amasly.com\/it\/wp-json\/wp\/v2\/users\/1"}],"replies":[{"embeddable":true,"href":"https:\/\/led.amasly.com\/it\/wp-json\/wp\/v2\/comments?post=3087"}],"version-history":[{"count":2,"href":"https:\/\/led.amasly.com\/it\/wp-json\/wp\/v2\/pages\/3087\/revisions"}],"predecessor-version":[{"id":4564,"href":"https:\/\/led.amasly.com\/it\/wp-json\/wp\/v2\/pages\/3087\/revisions\/4564"}],"up":[{"embeddable":true,"href":"https:\/\/led.amasly.com\/it\/wp-json\/wp\/v2\/pages\/1808"}],"wp:attachment":[{"href":"https:\/\/led.amasly.com\/it\/wp-json\/wp\/v2\/media?parent=3087"}],"curies":[{"name":"wp","href":"https:\/\/api.w.org\/{rel}","templated":true}]}}