{"id":3081,"date":"2025-04-16T22:42:08","date_gmt":"2025-04-16T14:42:08","guid":{"rendered":"https:\/\/led.amasly.com\/?page_id=3081"},"modified":"2025-04-22T20:55:37","modified_gmt":"2025-04-22T12:55:37","slug":"spray-paint-booth-explosion-proof-lights-lighting-specifications-industrial-spray-paint-booth-automotive-spray-paint-booth-with-what-explosion-proof-lights","status":"publish","type":"page","link":"https:\/\/led.amasly.com\/it\/knowledge\/explosion-proof-products-knowledge\/spray-paint-booth-explosion-proof-lights-lighting-specifications-industrial-spray-paint-booth-automotive-spray-paint-booth-with-what-explosion-proof-lights\/","title":{"rendered":"Cabina di verniciatura a spruzzo luci antideflagranti specifiche di illuminazione: cabina di verniciatura a spruzzo industriale, cabina di verniciatura a spruzzo automobilistica con quali luci antideflagranti?"},"content":{"rendered":"<div class=\"wp-block-uagb-container uagb-block-27bae773 alignfull uagb-is-root-container\"><div class=\"uagb-container-inner-blocks-wrap\"><\/div><\/div>\n\n\n\n<h2 class=\"wp-block-heading\"><strong>Cabina di verniciatura a spruzzo <\/strong><strong>a prova di esplosione<\/strong><strong>&nbsp;<\/strong><strong>luci<\/strong><strong>&nbsp;specifiche di illuminazione: cabina di verniciatura a spruzzo industriale, cabina di verniciatura a spruzzo automobilistica con cosa <\/strong><strong>a prova di esplosione<\/strong><strong>&nbsp;<\/strong><strong>luci<\/strong><strong>?<\/strong><strong><\/strong><\/h2>\n\n\n\n<div class=\"wp-block-uagb-image uagb-block-da1360b5 wp-block-uagb-image--layout-default wp-block-uagb-image--effect-static wp-block-uagb-image--align-none\"><figure class=\"wp-block-uagb-image__figure\"><a class=\"\" href=\"https:\/\/led.amasly.com\/it\/products\/\" target=\"\" rel=\"noopener\"><img decoding=\"async\" srcset=\"https:\/\/led.amasly.com\/wp-content\/uploads\/2025\/01\/LED-explosion-proof-flood-lights.png ,https:\/\/led.amasly.com\/wp-content\/uploads\/2025\/01\/LED-explosion-proof-flood-lights.png 780w, https:\/\/led.amasly.com\/wp-content\/uploads\/2025\/01\/LED-explosion-proof-flood-lights.png 360w\" sizes=\"auto, (max-width: 480px) 150px\" src=\"https:\/\/led.amasly.com\/wp-content\/uploads\/2025\/01\/LED-explosion-proof-flood-lights.png\" alt=\"\" class=\"uag-image-1675\" width=\"1004\" height=\"308\" title=\"Luci di inondazione a LED antideflagranti\" loading=\"lazy\" role=\"img\"><\/a><\/figure><\/div>\n\n\n\n<h2 class=\"wp-block-heading\"><strong>Requisiti di illuminazione della cabina di verniciatura<\/strong><strong><\/strong><\/h2>\n\n\n\n<p>La cabina di verniciatura \u00e8 un luogo specializzato per la verniciatura a spruzzo di autoveicoli e altri processi, e l'illuminazione \u00e8 una delle condizioni importanti per garantire che il lavoro di verniciatura possa essere svolto senza problemi. Di seguito verranno presentati i requisiti standard per l'illuminazione della cabina di verniciatura, al fine di garantire un ambiente di lavoro sicuro ed efficiente.<\/p>\n\n\n\n<h3 class=\"wp-block-heading\"><strong>Innanzitutto, l'intensit\u00e0 dell'illuminazione della cabina di verniciatura deve essere conforme agli standard nazionali pertinenti. <\/strong><strong><\/strong><\/h3>\n\n\n\n<p>In generale, l'intensit\u00e0 dell'illuminazione della cabina di verniciatura deve essere compresa tra 500 e 1000 lux per garantire che il personale possa vedere chiaramente l'area di lavoro ed evitare errori di lavoro o incidenti causati da una luce insufficiente.<\/p>\n\n\n\n<p><strong>In secondo luogo, l'apparecchiatura di illuminazione della sala di verniciatura a spruzzo deve avere un certo <\/strong><strong>a prova di esplosione<\/strong><strong>&nbsp;prestazioni. <\/strong><strong><\/strong><\/p>\n\n\n\n<p>A causa della presenza di materiali di verniciatura infiammabili ed esplosivi nella cabina di verniciatura, l'attrezzatura di illuminazione deve essere costituita da luci e lanterne antideflagranti per evitare incendi o esplosioni causati dall'attrezzatura stessa.<\/p>\n\n\n\n<h3 class=\"wp-block-heading\"><strong>Allo stesso tempo, il livello di protezione<\/strong><strong><\/strong><\/h3>\n\n\n\n<p>il livello di protezione delle apparecchiature di illuminazione deve soddisfare anche i requisiti dell'ambiente di lavoro nella cabina di verniciatura, per evitare che polvere, gas corrosivi e altri danni alle luci.<\/p>\n\n\n\n<h3 class=\"wp-block-heading\"><strong>Anche in questo caso, le apparecchiature di illuminazione della sala di verniciatura a spruzzo devono avere un certo grado di resistenza alla corrosione. <\/strong><strong><\/strong><\/h3>\n\n\n\n<p>I prodotti chimici e i solventi della cabina di verniciatura causano una certa corrosione dell'apparecchiatura di illuminazione, che deve quindi essere selezionata con una buona resistenza alla corrosione del materiale di produzione e deve essere sottoposta a ispezioni e manutenzioni regolari per garantirne il normale funzionamento e la durata.<\/p>\n\n\n\n<h3 class=\"wp-block-heading\"><strong>Inoltre, l'impianto di illuminazione della cabina di verniciatura deve avere una certa resistenza alla polvere. <\/strong><strong><\/strong><\/h3>\n\n\n\n<p>Il processo di verniciatura a spruzzo produrr\u00e0 un gran numero di particelle fini, che, se l'apparecchiatura di illuminazione entra all'interno, non solo influenzeranno l'effetto luminoso, ma potranno anche causare guasti all'apparecchiatura. Pertanto, le apparecchiature di illuminazione devono essere dotate di misure antipolvere efficaci, come la progettazione di guarnizioni, filtri, ecc. per ridurre l'impatto delle particelle esterne sulle apparecchiature.<\/p>\n\n\n\n<p>In sintesi, esistono alcuni standard per i requisiti di illuminazione delle cabine di verniciatura. L'intensit\u00e0 luminosa, le prestazioni antideflagranti, la resistenza alla corrosione e le prestazioni antipolvere sono fattori importanti da considerare nella progettazione dell'illuminazione della cabina di verniciatura.<\/p>\n\n\n\n<p>Solo rispettando questi requisiti possiamo garantire la sicurezza e l'efficienza del lavoro di verniciatura a spruzzo.<\/p>\n\n\n\n<p>Pertanto, nella progettazione dell'illuminazione della cabina di verniciatura e nella scelta delle attrezzature, \u00e8 necessario operare in stretta conformit\u00e0 con le norme pertinenti per garantire buone condizioni dell'ambiente di lavoro e la sicurezza degli operatori.<\/p>\n\n\n\n<h2 class=\"wp-block-heading\"><strong>Cosa <\/strong><strong>a prova di esplosione<\/strong><strong>&nbsp;<\/strong><strong>luci<\/strong><strong>&nbsp;sono utilizzati nella sala di verniciatura a spruzzo delle automobili?<\/strong><strong><\/strong><\/h2>\n\n\n\n<p>Negli ultimi anni il settore delle auto elettriche \u00e8 molto caldo, come ad esempio: <a href=\"http:\/\/www.mi.com\" rel=\"nofollow noopener\" target=\"_blank\">xiaomi Veicolo elettrico.<\/a><\/p>\n\n\n\n<p>Un cliente ha inviato un messaggio per chiedere: \u201cChe tipo di luci antideflagranti vengono utilizzate nella sala di verniciatura specializzata in automobili?\u201d.\u201d<\/p>\n\n\n\n<p>&nbsp;&nbsp;&nbsp;&nbsp;La stanza per la verniciatura a spruzzo ha una lunghezza di circa 10 metri, un'altezza di circa 4 metri, la pi\u00f9 alta \u00e8 di soli 5 metri, 30 metri quadrati di stanza.<\/p>\n\n\n\n<p>Chiedetemi quanti watt di luci antideflagranti sono stati installati? Questo \u00e8 un vecchio cliente, spesso nella nostra fabbrica prima dell'acquisto di illuminazione antideflagrante a<\/p>\n\n\n\n<p>Prima che i proiettori antideflagranti, l'illuminazione antideflagrante questi soprattutto, sono principalmente per alcune raffinerie, progetto di desolforazione dei fumi delle caldaie, centrali elettriche di rifiuti, questi luoghi per fornire l'illuminazione antideflagrante, non ho pensato che ora impegnati nella stanza di verniciatura a spruzzo anche trovato loro.<\/p>\n\n\n\n<p>Ho parlato con lui in base ai requisiti, gli ho abbinato dei proiettori antideflagranti da 60W, perch\u00e9 queste luci sono pi\u00f9 in linea con i requisiti antideflagranti della cabina di verniciatura, ma anche pi\u00f9 in linea con i requisiti della sua luminosit\u00e0, il cliente vorrebbe installare in ogni stanza 2, solo 3 metri per installare una luce.<\/p>\n\n\n\n<h2 class=\"wp-block-heading\"><strong>Cabina di verniciatura industriale sull'uso di <\/strong><strong>a prova di esplosione<\/strong><strong>&nbsp;<\/strong><strong>luci<\/strong><strong>&nbsp;e le lanterne in genere quali requisiti hanno?<\/strong><strong><\/strong><\/h2>\n\n\n\n<p>&nbsp;&nbsp;&nbsp;&nbsp;1, le cabine di verniciatura industriali e l'officina dell'impianto chimico ordinario non sono le stesse, i requisiti di luminosit\u00e0 sono molto elevati, perch\u00e9 ci sono ambienti polverosi.<\/p>\n\n\n\n<p>I clienti di Henan Jiaozuo hanno chiesto che l'illuminazione della cabina di verniciatura raggiunga i 750LX e che resista al test.<\/p>\n\n\n\n<p>Test.<\/p>\n\n\n\n<p>&nbsp;&nbsp;&nbsp;&nbsp;2, i requisiti devono essere luci e lanterne a prova di esplosione, e possono raggiungere il livello IIC, certificati EX a prova di esplosione e rapporti di ispezione, o altrimenti<\/p>\n\n\n\n<p>Che cosa si prende per dimostrare che le vostre luci prova di esplosione, a destra, le nostre luci e lanterne sono anche fatti polvere prova di esplosione, \u00e8 in linea con i requisiti del<\/p>\n\n\n\n<p>&nbsp;&nbsp;&nbsp;&nbsp;3, alcuni addetti alla progettazione illuminotecnica terranno conto della situazione dei dipendenti al lavoro, come ad esempio la luce non sar\u00e0 troppo dura, questo<\/p>\n\n\n\n<p>Questa volta le luci e le lanterne dovranno essere in vetro temperato antiriflesso, in modo che le persone che guardano la luce non si sentano a disagio e si sentano molto pi\u00f9 rilassate quando lavorano.<\/p>\n\n\n\n<p>Anche il lavoro risulter\u00e0 molto pi\u00f9 facile.<\/p>\n\n\n\n<p>&nbsp;&nbsp;&nbsp;&nbsp;4, il requisito di non avere differenza di colore, e la lunghezza d'onda della luce solare \u00e8 simile, in modo che i prodotti spruzzati non cambiano colore, un sacco di gestione sono<\/p>\n\n\n\n<p>I pittori devono prima regolare il colore all'esterno e poi spruzzarlo, l'illuminazione generale della stanza per la verniciatura a spruzzo viene utilizzata per l'illuminazione a prova di esplosione.<\/p>\n\n\n\n<p>Gli apparecchi di illuminazione sono generalmente apparecchi di illuminazione antideflagranti. Poich\u00e9 la loro temperatura di colore \u00e8 generalmente di circa 6000k, si tratta di una luce bianca positiva.<\/p>\n\n\n\n<h2 class=\"wp-block-heading\"><strong>Apparecchi di illuminazione per cabine di verniciatura per mobili:<\/strong><strong><\/strong><\/h2>\n\n\n\n<p>I tipi di luci antideflagranti tipicamente utilizzati nelle cabine di verniciatura dei mobili comprendono le luci antideflagranti a LED e le luci di cottura a infrarossi.<\/p>\n\n\n\n<h3 class=\"wp-block-heading\"><strong>LED <\/strong><strong>a prova di esplosione<\/strong><strong>&nbsp;<\/strong><strong>luci<\/strong><strong><\/strong><\/h3>\n\n\n\n<p>Le luci antideflagranti a LED sono ampiamente utilizzate nelle cabine di verniciatura dei mobili grazie alla loro elevata efficienza, al risparmio energetico e alla lunga durata. <\/p>\n\n\n\n<p>Ad esempio, le luci antideflagranti a LED da 100W prodotte da Amasly sono realizzate in pressofusione di lega di alluminio di alta qualit\u00e0, con una superficie resistente alle alte temperature, adatta ad ambienti ad alta temperatura come le cabine di verniciatura. <\/p>\n\n\n\n<p>Grazie alla struttura antideflagrante di classe IIC e al livello di protezione IP66, le luci sono adatte all'uso in luoghi a rischio di esplosione di gas o polveri.<\/p>\n\n\n\n<h3 class=\"wp-block-heading\"><strong>Cottura a infrarossi <\/strong><strong>luci<\/strong><strong><\/strong><\/h3>\n\n\n\n<p>Le lampade da forno a infrarossi sono utilizzate principalmente per l'essiccazione e il processo di cottura della vernice. Le lampade a doppio tubo riscaldate elettricamente a infrarossi in fibra di carbonio e le lampade alogene sono scelte comuni. Queste lampade forniscono un calore efficiente per aiutare la vernice ad asciugarsi rapidamente e aumentare l'efficienza.<\/p>\n\n\n\n<h2 class=\"wp-block-heading\"><strong>Esplosione di Amasly<\/strong><strong>&nbsp;<\/strong><strong>Opzioni di illuminazione di prova<\/strong><strong><\/strong><\/h2>\n\n\n\n<p>Amasly fornisce lampade antideflagranti rotonde (lampade a prova di esplosione), lampade antideflagranti quadrate (lampade a prova di esplosione) e lampade lineari lunghe (lampade a prova di esplosione). e lampade antideflagranti lunghe (luci lineari antideflagranti) per cabine di verniciatura, esportando in molti paesi dell'Asia e dell'Europa con qualit\u00e0 garantita.<\/p>\n\n\n\n<div class=\"wp-block-uagb-container uagb-block-c7d898dd alignfull uagb-is-root-container\"><div class=\"uagb-container-inner-blocks-wrap\"><\/div><\/div>\n\n\n\n<h2 class=\"wp-block-heading\">Prodotti correlati<\/h2>\n\n\n\n<div class=\"wp-block-uagb-container uagb-block-66e4defc alignfull uagb-is-root-container\"><div class=\"uagb-container-inner-blocks-wrap\">\n<div class=\"wp-block-uagb-container uagb-block-a42945f9\">\n<div class=\"wp-block-uagb-image uagb-block-7296296b wp-block-uagb-image--layout-default wp-block-uagb-image--effect-static wp-block-uagb-image--align-none\"><figure class=\"wp-block-uagb-image__figure\"><a class=\"\" href=\"https:\/\/led.amasly.com\/it\/products\/\" target=\"\" rel=\"noopener\"><img decoding=\"async\" srcset=\"https:\/\/led.amasly.com\/wp-content\/uploads\/2024\/09\/Explosion-proof-high-bay-lights.png ,https:\/\/led.amasly.com\/wp-content\/uploads\/2024\/09\/Explosion-proof-high-bay-lights.png 780w, https:\/\/led.amasly.com\/wp-content\/uploads\/2024\/09\/Explosion-proof-high-bay-lights.png 360w\" sizes=\"auto, (max-width: 480px) 150px\" src=\"https:\/\/led.amasly.com\/wp-content\/uploads\/2024\/09\/Explosion-proof-high-bay-lights.png\" alt=\"\" class=\"uag-image-1495\" width=\"300\" height=\"300\" title=\"Luci a baia antideflagranti\" loading=\"lazy\" role=\"img\"><\/a><\/figure><\/div>\n<\/div>\n\n\n\n<div class=\"wp-block-uagb-container uagb-block-4d3efde5\">\n<div class=\"wp-block-uagb-image uagb-block-c9e90797 wp-block-uagb-image--layout-default wp-block-uagb-image--effect-static wp-block-uagb-image--align-none\"><figure class=\"wp-block-uagb-image__figure\"><a class=\"\" href=\"https:\/\/led.amasly.com\/it\/products\/\" target=\"\" rel=\"noopener\"><img decoding=\"async\" srcset=\"https:\/\/led.amasly.com\/wp-content\/uploads\/2024\/07\/LED-tri-proof-lights2.png ,https:\/\/led.amasly.com\/wp-content\/uploads\/2024\/07\/LED-tri-proof-lights2.png 780w, https:\/\/led.amasly.com\/wp-content\/uploads\/2024\/07\/LED-tri-proof-lights2.png 360w\" sizes=\"auto, (max-width: 480px) 150px\" src=\"https:\/\/led.amasly.com\/wp-content\/uploads\/2024\/07\/LED-tri-proof-lights2.png\" alt=\"\" class=\"uag-image-1132\" width=\"300\" height=\"300\" title=\"Luci a prova di LED2\" loading=\"lazy\" role=\"img\"><\/a><\/figure><\/div>\n<\/div>\n\n\n\n<div class=\"wp-block-uagb-container uagb-block-11c2578b\">\n<div class=\"wp-block-uagb-image uagb-block-6e8883aa wp-block-uagb-image--layout-default wp-block-uagb-image--effect-static wp-block-uagb-image--align-none\"><figure class=\"wp-block-uagb-image__figure\"><a class=\"\" href=\"https:\/\/led.amasly.com\/it\/products\/\" target=\"\" rel=\"noopener\"><img decoding=\"async\" srcset=\"https:\/\/led.amasly.com\/wp-content\/uploads\/2024\/09\/LED-Explosion-Proof-Gas-Station-Light.png ,https:\/\/led.amasly.com\/wp-content\/uploads\/2024\/09\/LED-Explosion-Proof-Gas-Station-Light.png 780w, https:\/\/led.amasly.com\/wp-content\/uploads\/2024\/09\/LED-Explosion-Proof-Gas-Station-Light.png 360w\" sizes=\"auto, (max-width: 480px) 150px\" src=\"https:\/\/led.amasly.com\/wp-content\/uploads\/2024\/09\/LED-Explosion-Proof-Gas-Station-Light.png\" alt=\"\" class=\"uag-image-1501\" width=\"300\" height=\"300\" title=\"Luce della stazione di servizio a prova di esplosione a LED\" loading=\"lazy\" role=\"img\"><\/a><\/figure><\/div>\n<\/div>\n<\/div><\/div>\n\n\n\n<div class=\"wp-block-uagb-container uagb-block-548945b5 alignfull uagb-is-root-container\"><div class=\"uagb-container-inner-blocks-wrap\">\n<div class=\"wp-block-uagb-container uagb-block-967755d5\">\n<h4 class=\"wp-block-heading has-text-align-center\"><a href=\"https:\/\/led.amasly.com\/it\/products\/\">Luci LED a prova di esplosione<\/a><\/h4>\n<\/div>\n\n\n\n<div class=\"wp-block-uagb-container uagb-block-9bc52fc2\">\n<h4 class=\"wp-block-heading has-text-align-center\"><a href=\"https:\/\/led.amasly.com\/it\/products\/\">Luci a LED a prova di tris<\/a><\/h4>\n<\/div>\n\n\n\n<div class=\"wp-block-uagb-container uagb-block-8ffa0a23\">\n<h4 class=\"wp-block-heading has-text-align-center\"><a href=\"https:\/\/led.amasly.com\/it\/products\/\">Luci per stazioni di servizio a prova di esplosione<\/a><\/h4>\n<\/div>\n<\/div><\/div>\n\n\n\n<div class=\"wp-block-uagb-container uagb-block-29499fe0 alignfull uagb-is-root-container\"><div class=\"uagb-container-inner-blocks-wrap\">\n<div class=\"wp-block-uagb-container uagb-block-777ee1c7\">\n<div class=\"wp-block-uagb-image uagb-block-2e9a1851 wp-block-uagb-image--layout-default wp-block-uagb-image--effect-static wp-block-uagb-image--align-none\"><figure class=\"wp-block-uagb-image__figure\"><a class=\"\" href=\"https:\/\/led.amasly.com\/it\/products\/\" target=\"\" rel=\"noopener\"><img decoding=\"async\" srcset=\"https:\/\/led.amasly.com\/wp-content\/uploads\/2024\/10\/50W-100W-150W-200W-300W-LED-Flood-Light.jpg ,https:\/\/led.amasly.com\/wp-content\/uploads\/2024\/10\/50W-100W-150W-200W-300W-LED-Flood-Light.jpg 780w, https:\/\/led.amasly.com\/wp-content\/uploads\/2024\/10\/50W-100W-150W-200W-300W-LED-Flood-Light.jpg 360w\" sizes=\"auto, (max-width: 480px) 150px\" src=\"https:\/\/led.amasly.com\/wp-content\/uploads\/2024\/10\/50W-100W-150W-200W-300W-LED-Flood-Light.jpg\" alt=\"\" class=\"uag-image-1526\" width=\"300\" height=\"300\" title=\"50W 100W 150W 200W 300W Luce di inondazione LED\" loading=\"lazy\" role=\"img\"><\/a><\/figure><\/div>\n<\/div>\n\n\n\n<div class=\"wp-block-uagb-container uagb-block-af8c8683\">\n<div class=\"wp-block-uagb-image uagb-block-67947854 wp-block-uagb-image--layout-default wp-block-uagb-image--effect-static wp-block-uagb-image--align-none\"><figure class=\"wp-block-uagb-image__figure\"><a class=\"\" href=\"https:\/\/led.amasly.com\/it\/products\/\" target=\"\" rel=\"noopener\"><img decoding=\"async\" srcset=\"https:\/\/led.amasly.com\/wp-content\/uploads\/2024\/07\/led-tri-proof-light.png ,https:\/\/led.amasly.com\/wp-content\/uploads\/2024\/07\/led-tri-proof-light.png 780w, https:\/\/led.amasly.com\/wp-content\/uploads\/2024\/07\/led-tri-proof-light.png 360w\" sizes=\"auto, (max-width: 480px) 150px\" src=\"https:\/\/led.amasly.com\/wp-content\/uploads\/2024\/07\/led-tri-proof-light.png\" alt=\"\" class=\"uag-image-1130\" width=\"300\" height=\"300\" title=\"luce a led tri-proof\" loading=\"lazy\" role=\"img\"><\/a><\/figure><\/div>\n<\/div>\n\n\n\n<div class=\"wp-block-uagb-container uagb-block-0fdfdd58\">\n<div class=\"wp-block-uagb-image uagb-block-1187d32d wp-block-uagb-image--layout-default wp-block-uagb-image--effect-static wp-block-uagb-image--align-none\"><figure class=\"wp-block-uagb-image__figure\"><a class=\"\" href=\"https:\/\/led.amasly.com\/it\/products\/\" target=\"\" rel=\"noopener\"><img decoding=\"async\" srcset=\"https:\/\/led.amasly.com\/wp-content\/uploads\/2024\/07\/LED-street-light.jpg ,https:\/\/led.amasly.com\/wp-content\/uploads\/2024\/07\/LED-street-light.jpg 780w, https:\/\/led.amasly.com\/wp-content\/uploads\/2024\/07\/LED-street-light.jpg 360w\" sizes=\"auto, (max-width: 480px) 150px\" src=\"https:\/\/led.amasly.com\/wp-content\/uploads\/2024\/07\/LED-street-light.jpg\" alt=\"\" class=\"uag-image-1145\" width=\"300\" height=\"300\" title=\"Illuminazione stradale a LED\" loading=\"lazy\" role=\"img\"><\/a><\/figure><\/div>\n<\/div>\n<\/div><\/div>\n\n\n\n<div class=\"wp-block-uagb-container uagb-block-6a60882c alignfull uagb-is-root-container\"><div class=\"uagb-container-inner-blocks-wrap\">\n<div class=\"wp-block-uagb-container uagb-block-f1e91a35\">\n<h4 class=\"wp-block-heading has-text-align-center\"><a href=\"https:\/\/led.amasly.com\/it\/products\/\">Luci LED Flood<\/a><\/h4>\n<\/div>\n\n\n\n<div class=\"wp-block-uagb-container uagb-block-165bfa58\">\n<h4 class=\"wp-block-heading has-text-align-center\"><a href=\"https:\/\/led.amasly.com\/it\/products\/\">Luci tubolari triprofessionali a LED<\/a><\/h4>\n<\/div>\n\n\n\n<div class=\"wp-block-uagb-container uagb-block-f6096e3b\">\n<h4 class=\"wp-block-heading has-text-align-center\"><a href=\"https:\/\/led.amasly.com\/it\/products\/\">Luci stradali a LED<\/a><\/h4>\n<\/div>\n<\/div><\/div>\n\n\n\n<div class=\"wp-block-uagb-container uagb-block-99c0e0a5 alignfull uagb-is-root-container\"><div class=\"uagb-container-inner-blocks-wrap\"><\/div><\/div>\n\n\n\n<p><\/p>","protected":false},"excerpt":{"rendered":"<p>Spray paint booth explosion proof&nbsp;lights&nbsp;lighting specifications: industrial spray paint booth, automotive spray paint booth with what explosion proof&nbsp;lights? Paint spray booth lighting requirements standards Paint spray booth is a specialized place for automotive paint spraying and other processes, and lighting is one of the important conditions to ensure that the paint spraying work can be [&hellip;]<\/p>\n","protected":false},"author":1,"featured_media":0,"parent":2374,"menu_order":0,"comment_status":"closed","ping_status":"closed","template":"","meta":{"_uag_custom_page_level_css":"","site-sidebar-layout":"no-sidebar","site-content-layout":"","ast-site-content-layout":"default","site-content-style":"default","site-sidebar-style":"default","ast-global-header-display":"","ast-banner-title-visibility":"","ast-main-header-display":"","ast-hfb-above-header-display":"","ast-hfb-below-header-display":"","ast-hfb-mobile-header-display":"","site-post-title":"disabled","ast-breadcrumbs-content":"","ast-featured-img":"","footer-sml-layout":"","ast-disable-related-posts":"","theme-transparent-header-meta":"enabled","adv-header-id-meta":"","stick-header-meta":"","header-above-stick-meta":"","header-main-stick-meta":"","header-below-stick-meta":"","astra-migrate-meta-layouts":"set","ast-page-background-enabled":"default","ast-page-background-meta":{"desktop":{"background-color":"var(--ast-global-color-4)","background-image":"","background-repeat":"repeat","background-position":"center center","background-size":"auto","background-attachment":"scroll","background-type":"","background-media":"","overlay-type":"","overlay-color":"","overlay-opacity":"","overlay-gradient":""},"tablet":{"background-color":"","background-image":"","background-repeat":"repeat","background-position":"center center","background-size":"auto","background-attachment":"scroll","background-type":"","background-media":"","overlay-type":"","overlay-color":"","overlay-opacity":"","overlay-gradient":""},"mobile":{"background-color":"","background-image":"","background-repeat":"repeat","background-position":"center center","background-size":"auto","background-attachment":"scroll","background-type":"","background-media":"","overlay-type":"","overlay-color":"","overlay-opacity":"","overlay-gradient":""}},"ast-content-background-meta":{"desktop":{"background-color":"var(--ast-global-color-5)","background-image":"","background-repeat":"repeat","background-position":"center center","background-size":"auto","background-attachment":"scroll","background-type":"","background-media":"","overlay-type":"","overlay-color":"","overlay-opacity":"","overlay-gradient":""},"tablet":{"background-color":"var(--ast-global-color-5)","background-image":"","background-repeat":"repeat","background-position":"center center","background-size":"auto","background-attachment":"scroll","background-type":"","background-media":"","overlay-type":"","overlay-color":"","overlay-opacity":"","overlay-gradient":""},"mobile":{"background-color":"var(--ast-global-color-5)","background-image":"","background-repeat":"repeat","background-position":"center center","background-size":"auto","background-attachment":"scroll","background-type":"","background-media":"","overlay-type":"","overlay-color":"","overlay-opacity":"","overlay-gradient":""}},"footnotes":""},"class_list":["post-3081","page","type-page","status-publish","hentry"],"uagb_featured_image_src":{"full":false,"thumbnail":false,"medium":false,"medium_large":false,"large":false,"1536x1536":false,"2048x2048":false,"trp-custom-language-flag":false},"uagb_author_info":{"display_name":"Joe","author_link":"https:\/\/led.amasly.com\/it\/author\/jacklin\/"},"uagb_comment_info":0,"uagb_excerpt":"Spray paint booth explosion proof&nbsp;lights&nbsp;lighting specifications: industrial spray paint booth, automotive spray paint booth with what explosion proof&nbsp;lights? Paint spray booth lighting requirements standards Paint spray booth is a specialized place for automotive paint spraying and other processes, and lighting is one of the important conditions to ensure that the paint spraying work can be&hellip;","_links":{"self":[{"href":"https:\/\/led.amasly.com\/it\/wp-json\/wp\/v2\/pages\/3081","targetHints":{"allow":["GET"]}}],"collection":[{"href":"https:\/\/led.amasly.com\/it\/wp-json\/wp\/v2\/pages"}],"about":[{"href":"https:\/\/led.amasly.com\/it\/wp-json\/wp\/v2\/types\/page"}],"author":[{"embeddable":true,"href":"https:\/\/led.amasly.com\/it\/wp-json\/wp\/v2\/users\/1"}],"replies":[{"embeddable":true,"href":"https:\/\/led.amasly.com\/it\/wp-json\/wp\/v2\/comments?post=3081"}],"version-history":[{"count":3,"href":"https:\/\/led.amasly.com\/it\/wp-json\/wp\/v2\/pages\/3081\/revisions"}],"predecessor-version":[{"id":3166,"href":"https:\/\/led.amasly.com\/it\/wp-json\/wp\/v2\/pages\/3081\/revisions\/3166"}],"up":[{"embeddable":true,"href":"https:\/\/led.amasly.com\/it\/wp-json\/wp\/v2\/pages\/2374"}],"wp:attachment":[{"href":"https:\/\/led.amasly.com\/it\/wp-json\/wp\/v2\/media?parent=3081"}],"curies":[{"name":"wp","href":"https:\/\/api.w.org\/{rel}","templated":true}]}}