{"id":3013,"date":"2025-04-09T21:24:55","date_gmt":"2025-04-09T13:24:55","guid":{"rendered":"https:\/\/led.amasly.com\/?page_id=3013"},"modified":"2025-04-09T21:24:59","modified_gmt":"2025-04-09T13:24:59","slug":"what-is-an-explosion-proof-flashlight","status":"publish","type":"page","link":"https:\/\/led.amasly.com\/it\/knowledge\/explosion-proof-products-knowledge\/what-is-an-explosion-proof-flashlight\/","title":{"rendered":"Che cos'\u00e8 una torcia elettrica antideflagrante?"},"content":{"rendered":"<div class=\"wp-block-uagb-container uagb-block-27bae773 alignfull uagb-is-root-container\"><div class=\"uagb-container-inner-blocks-wrap\"><\/div><\/div>\n\n\n\n<h2 class=\"wp-block-heading has-text-align-center\"><strong>Che cos'\u00e8 una torcia elettrica antideflagrante?<\/strong><strong><\/strong><\/h2>\n\n\n\n<div class=\"wp-block-uagb-image uagb-block-da1360b5 wp-block-uagb-image--layout-default wp-block-uagb-image--effect-static wp-block-uagb-image--align-none\"><figure class=\"wp-block-uagb-image__figure\"><a class=\"\" href=\"https:\/\/led.amasly.com\/it\/products\/\" target=\"\" rel=\"noopener\"><img decoding=\"async\" srcset=\"https:\/\/led.amasly.com\/wp-content\/uploads\/2025\/03\/explosion-proof-flashlights-explosion-proof-mobile-work-lights.jpg ,https:\/\/led.amasly.com\/wp-content\/uploads\/2025\/03\/explosion-proof-flashlights-explosion-proof-mobile-work-lights.jpg 780w, https:\/\/led.amasly.com\/wp-content\/uploads\/2025\/03\/explosion-proof-flashlights-explosion-proof-mobile-work-lights.jpg 360w\" sizes=\"auto, (max-width: 480px) 150px\" src=\"https:\/\/led.amasly.com\/wp-content\/uploads\/2025\/03\/explosion-proof-flashlights-explosion-proof-mobile-work-lights.jpg\" alt=\"\" class=\"uag-image-2770\" width=\"1004\" height=\"308\" title=\"torce elettriche antideflagranti luci da lavoro mobili antideflagranti\" loading=\"lazy\" role=\"img\"><\/a><\/figure><\/div>\n\n\n\n<p>La torcia elettrica antideflagrante \u00e8 un tipo di strumento di illuminazione progettato per luoghi infiammabili ed esplosivi, utilizzato principalmente per la lotta antincendio, l'energia elettrica, le imprese industriali e minerarie e altri luoghi infiammabili ed esplosivi per fornire un'illuminazione mobile. Viene utilizzata per l'antincendio, l'energia elettrica, le imprese industriali e minerarie e altri luoghi infiammabili ed esplosivi per fornire attrezzature di illuminazione mobile.<\/p>\n\n\n\n<h2 class=\"wp-block-heading\"><strong>A prova di esplosione<\/strong><strong>&nbsp;classificazione delle torce:<\/strong><strong><\/strong><\/h2>\n\n\n\n<p>La torcia antideflagrante si divide principalmente in due forme antideflagranti e intrinsecamente sicure, di cui la torcia antideflagrante intrinsecamente sicura rappresenta pi\u00f9 di 90% sul mercato.<\/p>\n\n\n\n<p>La torcia antideflagrante \u00e8 dotata di un guscio sigillato e di un materiale pi\u00f9 spesso per garantire il completo isolamento dall'ambiente esterno; l'interruttore \u00e8 solitamente un interruttore magnetico o un interruttore rotante per soddisfare le esigenze della struttura monoblocco antideflagrante.<\/p>\n\n\n\n<p>La torcia antideflagrante intrinsecamente sicura \u00e8 progettata principalmente attraverso la linea e la batteria per raggiungere il livello di sicurezza, mentre il guscio svolge principalmente un ruolo protettivo di base.<\/p>\n\n\n\n<p>Inoltre, la torcia a sicurezza intrinseca antideflagrante \u00e8 dotata anche di protezione antireverse, protezione da sovraccarico, protezione da scaricamento eccessivo, protezione da cortocircuito e doppia protezione da cortocircuito della batteria e altre caratteristiche elettriche che rendono il prodotto sicuro e ricco di funzioni.<\/p>\n\n\n\n<h2 class=\"wp-block-heading\"><strong>La differenza tra <\/strong><strong>A prova di esplosione<\/strong><strong>&nbsp;La differenza tra la torcia elettrica e la torcia ordinaria si riflette principalmente nei seguenti aspetti:<\/strong><strong><\/strong><\/h2>\n\n\n\n<h3 class=\"wp-block-heading\"><strong>1. prestazioni di sicurezza<\/strong><strong><\/strong><\/h3>\n\n\n\n<p>Il design delle torce antideflagranti si concentra sulla sicurezza dell'uso in ambienti infiammabili ed esplosivi, sulla struttura interna e sulla selezione dei materiali per evitare scintille, archi o superfici ad alta temperatura, per evitare esplosioni causate da gas, vapori o polveri esplosive presenti nell'ambiente.<\/p>\n\n\n\n<p>Le torce ordinarie di solito non hanno queste caratteristiche antideflagranti.<\/p>\n\n\n\n<h3 class=\"wp-block-heading\"><strong>2. Materiale e struttura<\/strong><strong><\/strong><\/h3>\n\n\n\n<p>Le torce antideflagranti sono solitamente realizzate con materiali in lega speciale antideflagranti, ignifughi, resistenti alla corrosione e alle alte e basse temperature, per migliorare la resistenza alle intemperie e la durata in ambienti difficili.<\/p>\n\n\n\n<p>Le torce ordinarie sono realizzate in vari materiali e non hanno caratteristiche antideflagranti.<\/p>\n\n\n\n<h3 class=\"wp-block-heading\"><strong>3. Batteria e circuito<\/strong><strong><\/strong><\/h3>\n\n\n\n<p>Le batterie e i circuiti utilizzati nelle torce antideflagranti sono appositamente progettati e trattati per evitare situazioni pericolose come cortocircuiti, combustione o esplosioni in condizioni estreme. Allo stesso tempo, sono dotati di misure di protezione contro le sovracorrenti, le sovratensioni e le sovratemperature per garantire il funzionamento sicuro della batteria e del circuito.<\/p>\n\n\n\n<p>Le batterie e i circuiti delle normali torce elettriche sono relativamente semplici e non presentano questi speciali design di sicurezza.<\/p>\n\n\n\n<h3 class=\"wp-block-heading\"><strong>4. Impermeabile e antipolvere<\/strong><strong><\/strong><\/h3>\n\n\n\n<p>Le torce antideflagranti tendono ad avere valutazioni pi\u00f9 elevate in termini di impermeabilit\u00e0 e resistenza alla polvere e possono essere utilizzate in ambienti pi\u00f9 impegnativi, come ad esempio le classificazioni IP67 o IP68, possono essere immerse in acqua o in ambienti polverosi per mantenere il normale funzionamento.<\/p>\n\n\n\n<p>Le torce ordinarie non hanno requisiti chiari e la maggior parte non ha requisiti di impermeabilit\u00e0 e antipolvere.<\/p>\n\n\n\n<h3 class=\"wp-block-heading\"><strong>5. Standard di certificazione<\/strong><strong><\/strong><\/h3>\n\n\n\n<p>Le torce antideflagranti devono superare una specifica certificazione antideflagrante, come la certificazione cinese Ex o quella internazionale ATEX, <a href=\"http:\/\/www.iecex-certs.com\/\" rel=\"nofollow noopener\" target=\"_blank\">Certificazione IECEx<\/a>, ecc. per garantire che siano sicuri da usare nell'ambiente pericoloso specificato.<\/p>\n\n\n\n<p>Le normali torce elettriche non richiedono queste certificazioni speciali.<\/p>\n\n\n\n<h3 class=\"wp-block-heading\"><strong>6. Ambiente di utilizzo<\/strong><strong><\/strong><\/h3>\n\n\n\n<p>Le torce antideflagranti sono utilizzate principalmente in ambienti pericolosi per l'infiammabilit\u00e0 e l'esplosivit\u00e0, come il petrolchimico, i depositi di petrolio, le miniere di carbone e altri luoghi. In questi ambienti, l'uso delle normali torce pu\u00f2 causare incidenti di sicurezza, mentre le torce antideflagranti possono ridurre efficacemente questo rischio.<\/p>\n\n\n\n<p>Le torce ordinarie, invece, sono adatte ad ambienti di vita e di lavoro generici, come case, uffici, attivit\u00e0 all'aperto e cos\u00ec via.<\/p>\n\n\n\n<p>Per riassumere, le torce antideflagranti sono progettate per ambienti speciali e ad alto rischio, con funzioni di sicurezza e protezione pi\u00f9 forti, mentre le torce ordinarie si concentrano maggiormente sull'illuminazione generale, sulla praticit\u00e0 di trasporto e su altre caratteristiche.<\/p>\n\n\n\n<p>Quando si sceglie una torcia, \u00e8 necessario selezionare il tipo giusto in base all'ambiente di utilizzo e alle esigenze specifiche per garantire sicurezza e prestazioni.<\/p>\n\n\n\n<p>La torcia antideflagrante Amasly non solo \u00e8 impermeabile e resistente agli urti, ma utilizza anche un guscio in lega ad alta durezza e incorpora un design a prova di caduta. Questo le consente di mantenere un funzionamento stabile anche nelle condizioni ambientali pi\u00f9 difficili.<\/p>\n\n\n\n<p class=\"has-text-align-left\">La sua componente principale, la sorgente luminosa a LED, non solo \u00e8 a risparmio energetico e di lunga durata, ma ha anche eccellenti prestazioni di luminosit\u00e0. Sulla canna o sulla targhetta della torcia a prova di esplosione, si vedr\u00e0 il vistoso marchio a prova di esplosione, come ad esempio <a href=\"http:\/\/www.iecex-certs.com\/\" rel=\"nofollow noopener\" target=\"_blank\">ExdIIBT4 Gb<\/a>, che rappresenta le prestazioni antideflagranti del prodotto. In caso di utilizzo in presenza di idrogeno, acetilene, bisolfuro di carbonio e altri ambienti speciali, \u00e8 necessario scegliere un livello superiore di marcatura antideflagrante, come ExdIICT6, per garantire la sicurezza.<\/p>\n\n\n\n<div class=\"wp-block-uagb-container uagb-block-c7d898dd alignfull uagb-is-root-container\"><div class=\"uagb-container-inner-blocks-wrap\"><\/div><\/div>\n\n\n\n<h2 class=\"wp-block-heading\">Prodotti correlati<\/h2>\n\n\n\n<div class=\"wp-block-uagb-container uagb-block-66e4defc alignfull uagb-is-root-container\"><div class=\"uagb-container-inner-blocks-wrap\">\n<div class=\"wp-block-uagb-container uagb-block-a42945f9\">\n<div class=\"wp-block-uagb-image uagb-block-7296296b wp-block-uagb-image--layout-default wp-block-uagb-image--effect-static wp-block-uagb-image--align-none\"><figure class=\"wp-block-uagb-image__figure\"><a class=\"\" href=\"https:\/\/led.amasly.com\/it\/products\/\" target=\"\" rel=\"noopener\"><img decoding=\"async\" srcset=\"https:\/\/led.amasly.com\/wp-content\/uploads\/2024\/09\/Explosion-proof-high-bay-lights.png ,https:\/\/led.amasly.com\/wp-content\/uploads\/2024\/09\/Explosion-proof-high-bay-lights.png 780w, https:\/\/led.amasly.com\/wp-content\/uploads\/2024\/09\/Explosion-proof-high-bay-lights.png 360w\" sizes=\"auto, (max-width: 480px) 150px\" src=\"https:\/\/led.amasly.com\/wp-content\/uploads\/2024\/09\/Explosion-proof-high-bay-lights.png\" alt=\"\" class=\"uag-image-1495\" width=\"300\" height=\"300\" title=\"Luci a baia antideflagranti\" loading=\"lazy\" role=\"img\"><\/a><\/figure><\/div>\n<\/div>\n\n\n\n<div class=\"wp-block-uagb-container uagb-block-4d3efde5\">\n<div class=\"wp-block-uagb-image uagb-block-c9e90797 wp-block-uagb-image--layout-default wp-block-uagb-image--effect-static wp-block-uagb-image--align-none\"><figure class=\"wp-block-uagb-image__figure\"><a class=\"\" href=\"https:\/\/led.amasly.com\/it\/products\/\" target=\"\" rel=\"noopener\"><img decoding=\"async\" srcset=\"https:\/\/led.amasly.com\/wp-content\/uploads\/2024\/07\/LED-tri-proof-lights2.png ,https:\/\/led.amasly.com\/wp-content\/uploads\/2024\/07\/LED-tri-proof-lights2.png 780w, https:\/\/led.amasly.com\/wp-content\/uploads\/2024\/07\/LED-tri-proof-lights2.png 360w\" sizes=\"auto, (max-width: 480px) 150px\" src=\"https:\/\/led.amasly.com\/wp-content\/uploads\/2024\/07\/LED-tri-proof-lights2.png\" alt=\"\" class=\"uag-image-1132\" width=\"300\" height=\"300\" title=\"Luci a prova di LED2\" loading=\"lazy\" role=\"img\"><\/a><\/figure><\/div>\n<\/div>\n\n\n\n<div class=\"wp-block-uagb-container uagb-block-11c2578b\">\n<div class=\"wp-block-uagb-image uagb-block-6e8883aa wp-block-uagb-image--layout-default wp-block-uagb-image--effect-static wp-block-uagb-image--align-none\"><figure class=\"wp-block-uagb-image__figure\"><a class=\"\" href=\"https:\/\/led.amasly.com\/it\/products\/\" target=\"\" rel=\"noopener\"><img decoding=\"async\" srcset=\"https:\/\/led.amasly.com\/wp-content\/uploads\/2024\/09\/LED-Explosion-Proof-Gas-Station-Light.png ,https:\/\/led.amasly.com\/wp-content\/uploads\/2024\/09\/LED-Explosion-Proof-Gas-Station-Light.png 780w, https:\/\/led.amasly.com\/wp-content\/uploads\/2024\/09\/LED-Explosion-Proof-Gas-Station-Light.png 360w\" sizes=\"auto, (max-width: 480px) 150px\" src=\"https:\/\/led.amasly.com\/wp-content\/uploads\/2024\/09\/LED-Explosion-Proof-Gas-Station-Light.png\" alt=\"\" class=\"uag-image-1501\" width=\"300\" height=\"300\" title=\"Luce della stazione di servizio a prova di esplosione a LED\" loading=\"lazy\" role=\"img\"><\/a><\/figure><\/div>\n<\/div>\n<\/div><\/div>\n\n\n\n<div class=\"wp-block-uagb-container uagb-block-548945b5 alignfull uagb-is-root-container\"><div class=\"uagb-container-inner-blocks-wrap\">\n<div class=\"wp-block-uagb-container uagb-block-967755d5\">\n<h4 class=\"wp-block-heading has-text-align-center\"><a href=\"https:\/\/led.amasly.com\/it\/products\/\">Luci LED a prova di esplosione<\/a><\/h4>\n<\/div>\n\n\n\n<div class=\"wp-block-uagb-container uagb-block-9bc52fc2\">\n<h4 class=\"wp-block-heading has-text-align-center\"><a href=\"https:\/\/led.amasly.com\/it\/products\/\">Luci a LED a prova di tris<\/a><\/h4>\n<\/div>\n\n\n\n<div class=\"wp-block-uagb-container uagb-block-8ffa0a23\">\n<h4 class=\"wp-block-heading has-text-align-center\"><a href=\"https:\/\/led.amasly.com\/it\/products\/\">Luci per stazioni di servizio a prova di esplosione<\/a><\/h4>\n<\/div>\n<\/div><\/div>\n\n\n\n<div class=\"wp-block-uagb-container uagb-block-29499fe0 alignfull uagb-is-root-container\"><div class=\"uagb-container-inner-blocks-wrap\">\n<div class=\"wp-block-uagb-container uagb-block-777ee1c7\">\n<div class=\"wp-block-uagb-image uagb-block-2e9a1851 wp-block-uagb-image--layout-default wp-block-uagb-image--effect-static wp-block-uagb-image--align-none\"><figure class=\"wp-block-uagb-image__figure\"><a class=\"\" href=\"https:\/\/led.amasly.com\/it\/products\/\" target=\"\" rel=\"noopener\"><img decoding=\"async\" srcset=\"https:\/\/led.amasly.com\/wp-content\/uploads\/2024\/10\/50W-100W-150W-200W-300W-LED-Flood-Light.jpg ,https:\/\/led.amasly.com\/wp-content\/uploads\/2024\/10\/50W-100W-150W-200W-300W-LED-Flood-Light.jpg 780w, https:\/\/led.amasly.com\/wp-content\/uploads\/2024\/10\/50W-100W-150W-200W-300W-LED-Flood-Light.jpg 360w\" sizes=\"auto, (max-width: 480px) 150px\" src=\"https:\/\/led.amasly.com\/wp-content\/uploads\/2024\/10\/50W-100W-150W-200W-300W-LED-Flood-Light.jpg\" alt=\"\" class=\"uag-image-1526\" width=\"300\" height=\"300\" title=\"50W 100W 150W 200W 300W Luce di inondazione LED\" loading=\"lazy\" role=\"img\"><\/a><\/figure><\/div>\n<\/div>\n\n\n\n<div class=\"wp-block-uagb-container uagb-block-af8c8683\">\n<div class=\"wp-block-uagb-image uagb-block-67947854 wp-block-uagb-image--layout-default wp-block-uagb-image--effect-static wp-block-uagb-image--align-none\"><figure class=\"wp-block-uagb-image__figure\"><a class=\"\" href=\"https:\/\/led.amasly.com\/it\/products\/\" target=\"\" rel=\"noopener\"><img decoding=\"async\" srcset=\"https:\/\/led.amasly.com\/wp-content\/uploads\/2024\/07\/led-tri-proof-light.png ,https:\/\/led.amasly.com\/wp-content\/uploads\/2024\/07\/led-tri-proof-light.png 780w, https:\/\/led.amasly.com\/wp-content\/uploads\/2024\/07\/led-tri-proof-light.png 360w\" sizes=\"auto, (max-width: 480px) 150px\" src=\"https:\/\/led.amasly.com\/wp-content\/uploads\/2024\/07\/led-tri-proof-light.png\" alt=\"\" class=\"uag-image-1130\" width=\"300\" height=\"300\" title=\"luce a led tri-proof\" loading=\"lazy\" role=\"img\"><\/a><\/figure><\/div>\n<\/div>\n\n\n\n<div class=\"wp-block-uagb-container uagb-block-0fdfdd58\">\n<div class=\"wp-block-uagb-image uagb-block-1187d32d wp-block-uagb-image--layout-default wp-block-uagb-image--effect-static wp-block-uagb-image--align-none\"><figure class=\"wp-block-uagb-image__figure\"><a class=\"\" href=\"https:\/\/led.amasly.com\/it\/products\/\" target=\"\" rel=\"noopener\"><img decoding=\"async\" srcset=\"https:\/\/led.amasly.com\/wp-content\/uploads\/2024\/07\/LED-street-light.jpg ,https:\/\/led.amasly.com\/wp-content\/uploads\/2024\/07\/LED-street-light.jpg 780w, https:\/\/led.amasly.com\/wp-content\/uploads\/2024\/07\/LED-street-light.jpg 360w\" sizes=\"auto, (max-width: 480px) 150px\" src=\"https:\/\/led.amasly.com\/wp-content\/uploads\/2024\/07\/LED-street-light.jpg\" alt=\"\" class=\"uag-image-1145\" width=\"300\" height=\"300\" title=\"Illuminazione stradale a LED\" loading=\"lazy\" role=\"img\"><\/a><\/figure><\/div>\n<\/div>\n<\/div><\/div>\n\n\n\n<div class=\"wp-block-uagb-container uagb-block-6a60882c alignfull uagb-is-root-container\"><div class=\"uagb-container-inner-blocks-wrap\">\n<div class=\"wp-block-uagb-container uagb-block-f1e91a35\">\n<h4 class=\"wp-block-heading has-text-align-center\"><a href=\"https:\/\/led.amasly.com\/it\/products\/\">Luci LED Flood<\/a><\/h4>\n<\/div>\n\n\n\n<div class=\"wp-block-uagb-container uagb-block-165bfa58\">\n<h4 class=\"wp-block-heading has-text-align-center\"><a href=\"https:\/\/led.amasly.com\/it\/products\/\">Luci tubolari triprofessionali a LED<\/a><\/h4>\n<\/div>\n\n\n\n<div class=\"wp-block-uagb-container uagb-block-f6096e3b\">\n<h4 class=\"wp-block-heading has-text-align-center\"><a href=\"https:\/\/led.amasly.com\/it\/products\/\">Luci stradali a LED<\/a><\/h4>\n<\/div>\n<\/div><\/div>\n\n\n\n<div class=\"wp-block-uagb-container uagb-block-99c0e0a5 alignfull uagb-is-root-container\"><div class=\"uagb-container-inner-blocks-wrap\"><\/div><\/div>\n\n\n\n<p><\/p>","protected":false},"excerpt":{"rendered":"<p>What is an explosion proof flashlight? Explosion proof flashlight is a kind of lighting tool designed for flammable and explosive places, mainly used in fire fighting, electric power, industrial and mining enterprises and other flammable and explosive places to provide mobile lighting. It is used for firefighting, electric power, industrial and mining enterprises and other [&hellip;]<\/p>\n","protected":false},"author":1,"featured_media":0,"parent":2374,"menu_order":0,"comment_status":"closed","ping_status":"closed","template":"","meta":{"_uag_custom_page_level_css":"","site-sidebar-layout":"no-sidebar","site-content-layout":"","ast-site-content-layout":"default","site-content-style":"default","site-sidebar-style":"default","ast-global-header-display":"","ast-banner-title-visibility":"","ast-main-header-display":"","ast-hfb-above-header-display":"","ast-hfb-below-header-display":"","ast-hfb-mobile-header-display":"","site-post-title":"disabled","ast-breadcrumbs-content":"","ast-featured-img":"","footer-sml-layout":"","ast-disable-related-posts":"","theme-transparent-header-meta":"enabled","adv-header-id-meta":"","stick-header-meta":"","header-above-stick-meta":"","header-main-stick-meta":"","header-below-stick-meta":"","astra-migrate-meta-layouts":"set","ast-page-background-enabled":"default","ast-page-background-meta":{"desktop":{"background-color":"var(--ast-global-color-4)","background-image":"","background-repeat":"repeat","background-position":"center center","background-size":"auto","background-attachment":"scroll","background-type":"","background-media":"","overlay-type":"","overlay-color":"","overlay-opacity":"","overlay-gradient":""},"tablet":{"background-color":"","background-image":"","background-repeat":"repeat","background-position":"center center","background-size":"auto","background-attachment":"scroll","background-type":"","background-media":"","overlay-type":"","overlay-color":"","overlay-opacity":"","overlay-gradient":""},"mobile":{"background-color":"","background-image":"","background-repeat":"repeat","background-position":"center center","background-size":"auto","background-attachment":"scroll","background-type":"","background-media":"","overlay-type":"","overlay-color":"","overlay-opacity":"","overlay-gradient":""}},"ast-content-background-meta":{"desktop":{"background-color":"var(--ast-global-color-5)","background-image":"","background-repeat":"repeat","background-position":"center center","background-size":"auto","background-attachment":"scroll","background-type":"","background-media":"","overlay-type":"","overlay-color":"","overlay-opacity":"","overlay-gradient":""},"tablet":{"background-color":"var(--ast-global-color-5)","background-image":"","background-repeat":"repeat","background-position":"center center","background-size":"auto","background-attachment":"scroll","background-type":"","background-media":"","overlay-type":"","overlay-color":"","overlay-opacity":"","overlay-gradient":""},"mobile":{"background-color":"var(--ast-global-color-5)","background-image":"","background-repeat":"repeat","background-position":"center center","background-size":"auto","background-attachment":"scroll","background-type":"","background-media":"","overlay-type":"","overlay-color":"","overlay-opacity":"","overlay-gradient":""}},"footnotes":""},"class_list":["post-3013","page","type-page","status-publish","hentry"],"uagb_featured_image_src":{"full":false,"thumbnail":false,"medium":false,"medium_large":false,"large":false,"1536x1536":false,"2048x2048":false,"trp-custom-language-flag":false},"uagb_author_info":{"display_name":"Joe","author_link":"https:\/\/led.amasly.com\/it\/author\/jacklin\/"},"uagb_comment_info":0,"uagb_excerpt":"What is an explosion proof flashlight? Explosion proof flashlight is a kind of lighting tool designed for flammable and explosive places, mainly used in fire fighting, electric power, industrial and mining enterprises and other flammable and explosive places to provide mobile lighting. It is used for firefighting, electric power, industrial and mining enterprises and other&hellip;","_links":{"self":[{"href":"https:\/\/led.amasly.com\/it\/wp-json\/wp\/v2\/pages\/3013","targetHints":{"allow":["GET"]}}],"collection":[{"href":"https:\/\/led.amasly.com\/it\/wp-json\/wp\/v2\/pages"}],"about":[{"href":"https:\/\/led.amasly.com\/it\/wp-json\/wp\/v2\/types\/page"}],"author":[{"embeddable":true,"href":"https:\/\/led.amasly.com\/it\/wp-json\/wp\/v2\/users\/1"}],"replies":[{"embeddable":true,"href":"https:\/\/led.amasly.com\/it\/wp-json\/wp\/v2\/comments?post=3013"}],"version-history":[{"count":1,"href":"https:\/\/led.amasly.com\/it\/wp-json\/wp\/v2\/pages\/3013\/revisions"}],"predecessor-version":[{"id":3020,"href":"https:\/\/led.amasly.com\/it\/wp-json\/wp\/v2\/pages\/3013\/revisions\/3020"}],"up":[{"embeddable":true,"href":"https:\/\/led.amasly.com\/it\/wp-json\/wp\/v2\/pages\/2374"}],"wp:attachment":[{"href":"https:\/\/led.amasly.com\/it\/wp-json\/wp\/v2\/media?parent=3013"}],"curies":[{"name":"wp","href":"https:\/\/api.w.org\/{rel}","templated":true}]}}