{"id":2996,"date":"2025-04-08T22:24:34","date_gmt":"2025-04-08T14:24:34","guid":{"rendered":"https:\/\/led.amasly.com\/?page_id=2996"},"modified":"2025-06-24T16:19:25","modified_gmt":"2025-06-24T08:19:25","slug":"is-it-safe-to-let-led-lights-on-all-night","status":"publish","type":"page","link":"https:\/\/led.amasly.com\/it\/knowledge\/led-light-knowledge\/is-it-safe-to-let-led-lights-on-all-night\/","title":{"rendered":"\u00c8 sicuro lasciare le luci LED accese tutta la notte?"},"content":{"rendered":"<div class=\"wp-block-uagb-container uagb-block-27bae773 alignfull uagb-is-root-container\"><div class=\"uagb-container-inner-blocks-wrap\"><\/div><\/div>\n\n\n\n<h2 class=\"wp-block-heading has-text-align-left\"><strong>\u00c8 sicuro lasciare le luci LED accese tutta la notte?<\/strong><strong><\/strong><\/h2>\n\n\n\n<p>Le luci a LED sono relativamente sicure da lasciare accese per lunghi periodi di tempo. Poich\u00e9 le luci a LED utilizzano ottiche a semiconduttore, sono pi\u00f9 efficienti dal punto di vista energetico, rispettose dell'ambiente e hanno una durata di vita pi\u00f9 lunga rispetto alle sorgenti luminose tradizionali, quindi lasciarle accese per un lungo periodo di tempo di solito non rappresenta un problema di sicurezza.<\/p>\n\n\n\n<p>Tuttavia, per evitare sprechi di energia e prolungare la durata delle luci LED, si consiglia di spegnere le luci quando non sono necessarie.<\/p>\n\n\n\n<p>Va notato che se la luce a LED si guasta a causa del surriscaldamento o per altri motivi, ci saranno dei rischi per la sicurezza. Pertanto, se le luci a LED appaiono anomale, devono essere fermate e controllate in tempo.<\/p>\n\n\n\n<p>Inoltre, quando si installano le luci a LED \u00e8 necessario seguire le istruzioni di installazione delle procedure operative; in caso di domande \u00e8 possibile consultare un professionista.<\/p>\n\n\n\n<p>Le luci LED lasciate accese tutta la notte non producono temperature elevate come le luci a incandescenza, quindi non causano pericoli immediati come l'incendio.<\/p>\n\n\n\n<h2 class=\"wp-block-heading\"><strong>Tuttavia, lasciare le luci LED accese per lunghi periodi di tempo pu\u00f2 causare i seguenti problemi: <\/strong><strong><\/strong><\/h2>\n\n\n\n<p>Effetti sulla salute: Le radiazioni di luce blu presenti nelle luci LED possono influenzare l'orologio biologico di una persona, soprattutto quando si utilizza una forte illuminazione notturna a luce blu, che pu\u00f2 disturbare il sonno e portare a difficolt\u00e0 di addormentamento e insonnia. Inoltre, l'esposizione prolungata a una luce eccessivamente intensa pu\u00f2 causare affaticamento e fastidio agli occhi, con conseguenti sintomi quali secchezza oculare, bruciore e mal di testa.<\/p>\n\n\n\n<p>Durata delle apparecchiature: Gli apparecchi a LED accumulano pi\u00f9 calore quando sono accesi ininterrottamente per lunghi periodi di tempo e gli ambienti ad alta temperatura possono ridurre significativamente la durata dei LED.     Anche se le luci a LED non si spengono improvvisamente quando raggiungono la fine della loro vita, si affievoliscono gradualmente.<\/p>\n\n\n\n<p>Aumento della bolletta elettrica: Sebbene le luci a LED siano efficienti dal punto di vista energetico, il fatto di tenerle accese per un lungo periodo di tempo comporta un aumento della bolletta elettrica.<\/p>\n\n\n\n<p>Surriscaldamento e cortocircuito: Il funzionamento prolungato pu\u00f2 causare il surriscaldamento dei componenti interni delle luci LED, aumentando il rischio di cortocircuito, che a sua volta pu\u00f2 causare incendi. Soprattutto se la qualit\u00e0 del prodotto non viene superata, il rischio di sicurezza \u00e8 maggiore.<\/p>\n\n\n\n<p>Danneggiamento della presa: L'uso prolungato della presa pu\u00f2 provocare la deformazione o la fusione della stessa, compromettendo il normale utilizzo della presa o addirittura causando un guasto al circuito.<\/p>\n\n\n\n<p>Pericoli per la sicurezza: In caso di malfunzionamento di apparecchi elettrici, interruzione di corrente, fulmini e altre condizioni anomale, se la luce LED \u00e8 ancora collegata alla presa di corrente, pu\u00f2 aumentare il rischio di incendio e altri incidenti.<\/p>\n\n\n\n<h2 class=\"wp-block-heading\"><strong>Per ridurre al minimo questi rischi, si consiglia di: <\/strong><strong><\/strong><\/h2>\n\n\n\n<p>Scegliete prodotti qualificati: Assicuratevi che le luci LED provengano da canali regolari e da grandi marchi di qualit\u00e0 garantita.<\/p>\n\n\n\n<p>Ispezione regolare: controllare se le spine, le prese e i fili sono rotti o invecchiati e sostituire le parti danneggiate in tempo.<\/p>\n\n\n\n<p>Evitare gli ambienti umidi: Cercate di utilizzare le luci LED in ambienti asciutti per evitare guasti ai circuiti causati dall'umidit\u00e0.<\/p>\n\n\n\n<p>Adottare l'abitudine di una chiusura regolare: quando non \u00e8 necessario utilizzare le luci a LED, staccarle per tempo per evitare di collegarle in modo prolungato.<\/p>\n\n\n\n<p class=\"has-text-align-left\">In breve, sebbene la luce a LED sia comoda da usare, il collegamento a lungo termine comporta comunque alcuni rischi per la sicurezza. Per la sicurezza vostra e della vostra famiglia, vi invitiamo a utilizzarle in modo ragionevole e a controllarle regolarmente.<\/p>\n\n\n\n<div class=\"wp-block-uagb-container uagb-block-c7d898dd alignfull uagb-is-root-container\"><div class=\"uagb-container-inner-blocks-wrap\"><\/div><\/div>\n\n\n\n<h2 class=\"wp-block-heading\">Prodotti correlati<\/h2>\n\n\n\n<div class=\"wp-block-uagb-container uagb-block-66e4defc alignfull uagb-is-root-container\"><div class=\"uagb-container-inner-blocks-wrap\">\n<div class=\"wp-block-uagb-container uagb-block-a42945f9\">\n<div class=\"wp-block-uagb-image uagb-block-7296296b wp-block-uagb-image--layout-default wp-block-uagb-image--effect-static wp-block-uagb-image--align-none\"><figure class=\"wp-block-uagb-image__figure\"><a class=\"\" href=\"https:\/\/led.amasly.com\/it\/products\/\" target=\"\" rel=\"noopener\"><img decoding=\"async\" srcset=\"https:\/\/led.amasly.com\/wp-content\/uploads\/2024\/09\/Explosion-proof-high-bay-lights.png ,https:\/\/led.amasly.com\/wp-content\/uploads\/2024\/09\/Explosion-proof-high-bay-lights.png 780w, https:\/\/led.amasly.com\/wp-content\/uploads\/2024\/09\/Explosion-proof-high-bay-lights.png 360w\" sizes=\"auto, (max-width: 480px) 150px\" src=\"https:\/\/led.amasly.com\/wp-content\/uploads\/2024\/09\/Explosion-proof-high-bay-lights.png\" alt=\"\" class=\"uag-image-1495\" width=\"300\" height=\"300\" title=\"Luci a baia antideflagranti\" loading=\"lazy\" role=\"img\"><\/a><\/figure><\/div>\n<\/div>\n\n\n\n<div class=\"wp-block-uagb-container uagb-block-4d3efde5\">\n<div class=\"wp-block-uagb-image uagb-block-c9e90797 wp-block-uagb-image--layout-default wp-block-uagb-image--effect-static wp-block-uagb-image--align-none\"><figure class=\"wp-block-uagb-image__figure\"><a class=\"\" href=\"https:\/\/led.amasly.com\/it\/products\/\" target=\"\" rel=\"noopener\"><img decoding=\"async\" srcset=\"https:\/\/led.amasly.com\/wp-content\/uploads\/2024\/07\/LED-tri-proof-lights2.png ,https:\/\/led.amasly.com\/wp-content\/uploads\/2024\/07\/LED-tri-proof-lights2.png 780w, https:\/\/led.amasly.com\/wp-content\/uploads\/2024\/07\/LED-tri-proof-lights2.png 360w\" sizes=\"auto, (max-width: 480px) 150px\" src=\"https:\/\/led.amasly.com\/wp-content\/uploads\/2024\/07\/LED-tri-proof-lights2.png\" alt=\"\" class=\"uag-image-1132\" width=\"300\" height=\"300\" title=\"Luci a prova di LED2\" loading=\"lazy\" role=\"img\"><\/a><\/figure><\/div>\n<\/div>\n\n\n\n<div class=\"wp-block-uagb-container uagb-block-11c2578b\">\n<div class=\"wp-block-uagb-image uagb-block-6e8883aa wp-block-uagb-image--layout-default wp-block-uagb-image--effect-static wp-block-uagb-image--align-none\"><figure class=\"wp-block-uagb-image__figure\"><a class=\"\" href=\"https:\/\/led.amasly.com\/it\/products\/\" target=\"\" rel=\"noopener\"><img decoding=\"async\" srcset=\"https:\/\/led.amasly.com\/wp-content\/uploads\/2024\/09\/LED-Explosion-Proof-Gas-Station-Light.png ,https:\/\/led.amasly.com\/wp-content\/uploads\/2024\/09\/LED-Explosion-Proof-Gas-Station-Light.png 780w, https:\/\/led.amasly.com\/wp-content\/uploads\/2024\/09\/LED-Explosion-Proof-Gas-Station-Light.png 360w\" sizes=\"auto, (max-width: 480px) 150px\" src=\"https:\/\/led.amasly.com\/wp-content\/uploads\/2024\/09\/LED-Explosion-Proof-Gas-Station-Light.png\" alt=\"\" class=\"uag-image-1501\" width=\"300\" height=\"300\" title=\"Luce della stazione di servizio a prova di esplosione a LED\" loading=\"lazy\" role=\"img\"><\/a><\/figure><\/div>\n<\/div>\n<\/div><\/div>\n\n\n\n<div class=\"wp-block-uagb-container uagb-block-548945b5 alignfull uagb-is-root-container\"><div class=\"uagb-container-inner-blocks-wrap\">\n<div class=\"wp-block-uagb-container uagb-block-967755d5\">\n<h4 class=\"wp-block-heading has-text-align-center\"><a href=\"https:\/\/led.amasly.com\/it\/products\/\">Luci LED a prova di esplosione<\/a><\/h4>\n<\/div>\n\n\n\n<div class=\"wp-block-uagb-container uagb-block-9bc52fc2\">\n<h4 class=\"wp-block-heading has-text-align-center\"><a href=\"https:\/\/led.amasly.com\/it\/products\/\">Luci a LED a prova di tris<\/a><\/h4>\n<\/div>\n\n\n\n<div class=\"wp-block-uagb-container uagb-block-8ffa0a23\">\n<h4 class=\"wp-block-heading has-text-align-center\"><a href=\"https:\/\/led.amasly.com\/it\/products\/\">Luci per stazioni di servizio a prova di esplosione<\/a><\/h4>\n<\/div>\n<\/div><\/div>\n\n\n\n<div class=\"wp-block-uagb-container uagb-block-29499fe0 alignfull uagb-is-root-container\"><div class=\"uagb-container-inner-blocks-wrap\">\n<div class=\"wp-block-uagb-container uagb-block-777ee1c7\">\n<div class=\"wp-block-uagb-image uagb-block-2e9a1851 wp-block-uagb-image--layout-default wp-block-uagb-image--effect-static wp-block-uagb-image--align-none\"><figure class=\"wp-block-uagb-image__figure\"><a class=\"\" href=\"https:\/\/led.amasly.com\/it\/products\/\" target=\"\" rel=\"noopener\"><img decoding=\"async\" srcset=\"https:\/\/led.amasly.com\/wp-content\/uploads\/2024\/10\/50W-100W-150W-200W-300W-LED-Flood-Light.jpg ,https:\/\/led.amasly.com\/wp-content\/uploads\/2024\/10\/50W-100W-150W-200W-300W-LED-Flood-Light.jpg 780w, https:\/\/led.amasly.com\/wp-content\/uploads\/2024\/10\/50W-100W-150W-200W-300W-LED-Flood-Light.jpg 360w\" sizes=\"auto, (max-width: 480px) 150px\" src=\"https:\/\/led.amasly.com\/wp-content\/uploads\/2024\/10\/50W-100W-150W-200W-300W-LED-Flood-Light.jpg\" alt=\"\" class=\"uag-image-1526\" width=\"300\" height=\"300\" title=\"50W 100W 150W 200W 300W Luce di inondazione LED\" loading=\"lazy\" role=\"img\"><\/a><\/figure><\/div>\n<\/div>\n\n\n\n<div class=\"wp-block-uagb-container uagb-block-af8c8683\">\n<div class=\"wp-block-uagb-image uagb-block-67947854 wp-block-uagb-image--layout-default wp-block-uagb-image--effect-static wp-block-uagb-image--align-none\"><figure class=\"wp-block-uagb-image__figure\"><a class=\"\" href=\"https:\/\/led.amasly.com\/it\/products\/\" target=\"\" rel=\"noopener\"><img decoding=\"async\" srcset=\"https:\/\/led.amasly.com\/wp-content\/uploads\/2024\/07\/led-tri-proof-light.png ,https:\/\/led.amasly.com\/wp-content\/uploads\/2024\/07\/led-tri-proof-light.png 780w, https:\/\/led.amasly.com\/wp-content\/uploads\/2024\/07\/led-tri-proof-light.png 360w\" sizes=\"auto, (max-width: 480px) 150px\" src=\"https:\/\/led.amasly.com\/wp-content\/uploads\/2024\/07\/led-tri-proof-light.png\" alt=\"\" class=\"uag-image-1130\" width=\"300\" height=\"300\" title=\"luce a led tri-proof\" loading=\"lazy\" role=\"img\"><\/a><\/figure><\/div>\n<\/div>\n\n\n\n<div class=\"wp-block-uagb-container uagb-block-0fdfdd58\">\n<div class=\"wp-block-uagb-image uagb-block-1187d32d wp-block-uagb-image--layout-default wp-block-uagb-image--effect-static wp-block-uagb-image--align-none\"><figure class=\"wp-block-uagb-image__figure\"><a class=\"\" href=\"https:\/\/led.amasly.com\/it\/products\/\" target=\"\" rel=\"noopener\"><img decoding=\"async\" srcset=\"https:\/\/led.amasly.com\/wp-content\/uploads\/2024\/07\/LED-street-light.jpg ,https:\/\/led.amasly.com\/wp-content\/uploads\/2024\/07\/LED-street-light.jpg 780w, https:\/\/led.amasly.com\/wp-content\/uploads\/2024\/07\/LED-street-light.jpg 360w\" sizes=\"auto, (max-width: 480px) 150px\" src=\"https:\/\/led.amasly.com\/wp-content\/uploads\/2024\/07\/LED-street-light.jpg\" alt=\"\" class=\"uag-image-1145\" width=\"300\" height=\"300\" title=\"Illuminazione stradale a LED\" loading=\"lazy\" role=\"img\"><\/a><\/figure><\/div>\n<\/div>\n<\/div><\/div>\n\n\n\n<div class=\"wp-block-uagb-container uagb-block-6a60882c alignfull uagb-is-root-container\"><div class=\"uagb-container-inner-blocks-wrap\">\n<div class=\"wp-block-uagb-container uagb-block-f1e91a35\">\n<h4 class=\"wp-block-heading has-text-align-center\"><a href=\"https:\/\/led.amasly.com\/it\/products\/\">Luci LED Flood<\/a><\/h4>\n<\/div>\n\n\n\n<div class=\"wp-block-uagb-container uagb-block-165bfa58\">\n<h4 class=\"wp-block-heading has-text-align-center\"><a href=\"https:\/\/led.amasly.com\/it\/products\/\">Luci tubolari triprofessionali a LED<\/a><\/h4>\n<\/div>\n\n\n\n<div class=\"wp-block-uagb-container uagb-block-f6096e3b\">\n<h4 class=\"wp-block-heading has-text-align-center\"><a href=\"https:\/\/led.amasly.com\/it\/products\/\">Luci stradali a LED<\/a><\/h4>\n<\/div>\n<\/div><\/div>\n\n\n\n<div class=\"wp-block-uagb-container uagb-block-99c0e0a5 alignfull uagb-is-root-container\"><div class=\"uagb-container-inner-blocks-wrap\"><\/div><\/div>\n\n\n\n<p><\/p>","protected":false},"excerpt":{"rendered":"<p>Is it safe to let LED lights on all night? LED lights are relatively safe to leave on for long periods of time. Since LED lights use semiconductor optics, they are more energy-efficient, environmentally friendly and have a longer lifespan compared to traditional light sources, so leaving them on for a long period of time [&hellip;]<\/p>\n","protected":false},"author":1,"featured_media":0,"parent":2984,"menu_order":0,"comment_status":"closed","ping_status":"closed","template":"","meta":{"_uag_custom_page_level_css":"","site-sidebar-layout":"no-sidebar","site-content-layout":"","ast-site-content-layout":"default","site-content-style":"default","site-sidebar-style":"default","ast-global-header-display":"","ast-banner-title-visibility":"","ast-main-header-display":"","ast-hfb-above-header-display":"","ast-hfb-below-header-display":"","ast-hfb-mobile-header-display":"","site-post-title":"disabled","ast-breadcrumbs-content":"","ast-featured-img":"","footer-sml-layout":"","ast-disable-related-posts":"","theme-transparent-header-meta":"enabled","adv-header-id-meta":"","stick-header-meta":"","header-above-stick-meta":"","header-main-stick-meta":"","header-below-stick-meta":"","astra-migrate-meta-layouts":"set","ast-page-background-enabled":"default","ast-page-background-meta":{"desktop":{"background-color":"var(--ast-global-color-4)","background-image":"","background-repeat":"repeat","background-position":"center center","background-size":"auto","background-attachment":"scroll","background-type":"","background-media":"","overlay-type":"","overlay-color":"","overlay-opacity":"","overlay-gradient":""},"tablet":{"background-color":"","background-image":"","background-repeat":"repeat","background-position":"center center","background-size":"auto","background-attachment":"scroll","background-type":"","background-media":"","overlay-type":"","overlay-color":"","overlay-opacity":"","overlay-gradient":""},"mobile":{"background-color":"","background-image":"","background-repeat":"repeat","background-position":"center center","background-size":"auto","background-attachment":"scroll","background-type":"","background-media":"","overlay-type":"","overlay-color":"","overlay-opacity":"","overlay-gradient":""}},"ast-content-background-meta":{"desktop":{"background-color":"var(--ast-global-color-5)","background-image":"","background-repeat":"repeat","background-position":"center center","background-size":"auto","background-attachment":"scroll","background-type":"","background-media":"","overlay-type":"","overlay-color":"","overlay-opacity":"","overlay-gradient":""},"tablet":{"background-color":"var(--ast-global-color-5)","background-image":"","background-repeat":"repeat","background-position":"center center","background-size":"auto","background-attachment":"scroll","background-type":"","background-media":"","overlay-type":"","overlay-color":"","overlay-opacity":"","overlay-gradient":""},"mobile":{"background-color":"var(--ast-global-color-5)","background-image":"","background-repeat":"repeat","background-position":"center center","background-size":"auto","background-attachment":"scroll","background-type":"","background-media":"","overlay-type":"","overlay-color":"","overlay-opacity":"","overlay-gradient":""}},"footnotes":""},"class_list":["post-2996","page","type-page","status-publish","hentry"],"uagb_featured_image_src":{"full":false,"thumbnail":false,"medium":false,"medium_large":false,"large":false,"1536x1536":false,"2048x2048":false,"trp-custom-language-flag":false},"uagb_author_info":{"display_name":"Joe","author_link":"https:\/\/led.amasly.com\/it\/author\/jacklin\/"},"uagb_comment_info":0,"uagb_excerpt":"Is it safe to let LED lights on all night? LED lights are relatively safe to leave on for long periods of time. Since LED lights use semiconductor optics, they are more energy-efficient, environmentally friendly and have a longer lifespan compared to traditional light sources, so leaving them on for a long period of time&hellip;","_links":{"self":[{"href":"https:\/\/led.amasly.com\/it\/wp-json\/wp\/v2\/pages\/2996","targetHints":{"allow":["GET"]}}],"collection":[{"href":"https:\/\/led.amasly.com\/it\/wp-json\/wp\/v2\/pages"}],"about":[{"href":"https:\/\/led.amasly.com\/it\/wp-json\/wp\/v2\/types\/page"}],"author":[{"embeddable":true,"href":"https:\/\/led.amasly.com\/it\/wp-json\/wp\/v2\/users\/1"}],"replies":[{"embeddable":true,"href":"https:\/\/led.amasly.com\/it\/wp-json\/wp\/v2\/comments?post=2996"}],"version-history":[{"count":1,"href":"https:\/\/led.amasly.com\/it\/wp-json\/wp\/v2\/pages\/2996\/revisions"}],"predecessor-version":[{"id":2999,"href":"https:\/\/led.amasly.com\/it\/wp-json\/wp\/v2\/pages\/2996\/revisions\/2999"}],"up":[{"embeddable":true,"href":"https:\/\/led.amasly.com\/it\/wp-json\/wp\/v2\/pages\/2984"}],"wp:attachment":[{"href":"https:\/\/led.amasly.com\/it\/wp-json\/wp\/v2\/media?parent=2996"}],"curies":[{"name":"wp","href":"https:\/\/api.w.org\/{rel}","templated":true}]}}