{"id":2984,"date":"2025-04-08T22:58:28","date_gmt":"2025-04-08T14:58:28","guid":{"rendered":"https:\/\/led.amasly.com\/?page_id=2984"},"modified":"2026-01-27T22:46:45","modified_gmt":"2026-01-27T14:46:45","slug":"led-light-knowledge","status":"publish","type":"page","link":"https:\/\/led.amasly.com\/it\/knowledge\/led-light-knowledge\/","title":{"rendered":"Conoscenza della luce LED"},"content":{"rendered":"<div class=\"wp-block-columns is-layout-flex wp-container-core-columns-is-layout-28f84493 wp-block-columns-is-layout-flex\">\n<div class=\"wp-block-column is-layout-flow wp-block-column-is-layout-flow\"><\/div>\n\n\n\n<div class=\"wp-block-column is-layout-flow wp-block-column-is-layout-flow\"><\/div>\n<\/div>\n\n\n\n<div class=\"wp-block-columns is-layout-flex wp-container-core-columns-is-layout-28f84493 wp-block-columns-is-layout-flex\">\n<div class=\"wp-block-column is-layout-flow wp-block-column-is-layout-flow\" style=\"flex-basis:100%\">\n<p class=\"has-medium-font-size\">La luce LED \u00e8 un chip di materiale semiconduttore elettroluminescente, solidarizzato alla staffa con colla d'argento o colla bianca, e poi collegato al chip e al circuito stampato con filo d'argento o d'oro, sigillato intorno con resina epossidica per proteggere il filo interno del nucleo, e infine installato il guscio, in modo che la luce LED ha buone prestazioni sismiche.<br><\/p>\n\n\n\n<p class=\"has-medium-font-size\">Il LED (Light Emitting Diode), diodo a emissione luminosa, \u00e8 un dispositivo a semiconduttore solido in grado di convertire l'energia elettrica in luce visibile, che pu\u00f2 convertire direttamente l'elettricit\u00e0 in luce. Il cuore del LED \u00e8 un chip semiconduttore, la cui estremit\u00e0 \u00e8 fissata a una staffa, un'estremit\u00e0 \u00e8 un elettrodo negativo e l'altra estremit\u00e0 \u00e8 collegata all'elettrodo positivo dell'alimentazione, in modo che l'intero chip sia incapsulato da resina epossidica.<br><\/p>\n\n\n\n<p class=\"has-medium-font-size\">Gli apparecchi di illuminazione a LED possono essere suddivisi in due parti: illuminazione interna e illuminazione esterna. I tipi comuni di apparecchi di illuminazione a LED presenti sul mercato comprendono principalmente i seguenti tipi di prodotti: lampione a LED con modulo ad alta potenza, faretto a LED, coppa per lampada a LED, portalampada a LED, striscia per lampada a LED, tubo per lampada a LED, lampada a LED, striscia per lampada a LED, stringa per lampada a LED, lampadina a LED, perlina per lampada a LED, stoppino a LED, chip a LED, downlight a LED, luce a candela a LED, luce a stella a LED, luci a induzione LE D, luci a LED a bassa potenza, luci a LED ad alta potenza, luci a LED ad alta potenza per il risparmio energetico, luci a LED per la pioggia di meteoriti, luci a LED per la purificazione della vitamina dell'aria, luci a LED con controllo vocale, luci piatte a LED, luci a LED touch, illuminazione a LED a semiconduttori, luci a LED ad alta potenza per il cielo, luci a LED antideflagranti, schermo tubolare a LED, luci a LED anti-corrosione e anti-polvere, lampada a LED allo stato solido antideflagrante senza manutenzione, lente di lampada fluorescente a LED, proiettore a LED antideflagrante, lampada a LED ad alta potenza, lampada fluorescente a LED, TV a LED, retroilluminazione a LED, luce per auto a LED, luce di riempimento a LED, Torcia elettrica a LED, torcia a LED, lampada a LED per il coraggio, lampada a LED per il mais, luce sepolta a LED, luce d'armadio a LED, luce di scena a LED, lampada da campo mercantile a LED, lampada a LED per il tornio, lampada a LED per i denti, lampada a LED per il carrello da miniera, lampada piatta a LED antideflagrante, lampada a LED per tunnel, altri prodotti di classificazione a LED.<\/p>\n<\/div>\n<\/div>\n\n\n\n<h1 class=\"wp-block-heading\">Conoscenza della luce LED<\/h1>\n\n\n\n<ul class=\"wp-block-list\">\n<li class=\"has-large-font-size\"><strong><a href=\"https:\/\/led.amasly.com\/it\/explosion-proof-products-knowledge\/how-many-hours-can-led-lights-stay-on-\uff1f\/\">Per quante ore possono rimanere accese le luci LED?<\/a><\/strong><\/li>\n<\/ul>\n\n\n\n<ul class=\"wp-block-list\">\n<li class=\"has-large-font-size\"><strong><a href=\"https:\/\/led.amasly.com\/it\/explosion-proof-products-knowledge\/is-it-ok-to-sleep-next-to-led-lights\/\">Si pu\u00f2 dormire accanto a luci LED?<\/a><\/strong><\/li>\n<\/ul>\n\n\n\n<ul class=\"wp-block-list\">\n<li class=\"has-large-font-size\"><strong><a href=\"https:\/\/led.amasly.com\/it\/explosion-proof-products-knowledge\/is-it-okay-to-use-led-light-everyday\/\">Si pu\u00f2 usare la luce LED tutti i giorni?<\/a><\/strong><\/li>\n<\/ul>\n\n\n\n<ul class=\"wp-block-list\">\n<li class=\"has-large-font-size\"><strong><a href=\"https:\/\/led.amasly.com\/it\/explosion-proof-products-knowledge\/do-led-lights-have-any-effect-on-human-health\/\">Le luci LED hanno effetti sulla salute umana?<\/a><\/strong><\/li>\n\n\n\n<li class=\"has-large-font-size\"><strong><a href=\"https:\/\/led.amasly.com\/it\/led-light-knowledge\/what-is-power-factor-led-lighting-power-factor-key-information\/\">Che cos'\u00e8 il fattore di potenza? Fattore di potenza dell'illuminazione a LED Informazioni chiave<\/a><\/strong><\/li>\n\n\n\n<li class=\"has-large-font-size\"><strong><a href=\"https:\/\/led.amasly.com\/it\/led-light-knowledge\/how-much-do-street-lights-cost-factors-affecting-the-price-of-street-lights\/\">Quanto costano i lampioni? Fattori che influenzano il prezzo dei lampioni<\/a><\/strong><\/li>\n<\/ul>\n\n\n\n<ul class=\"wp-block-list\">\n<li class=\"has-large-font-size\"><strong><a href=\"https:\/\/led.amasly.com\/it\/explosion-proof-products-knowledge\/is-it-safe-to-let-led-lights-on-all-night\/\">\u00c8 sicuro lasciare le luci LED accese tutta la notte?<\/a><\/strong><\/li>\n<\/ul>\n\n\n\n<ul class=\"wp-block-list\">\n<li class=\"has-large-font-size\"><strong><a href=\"https:\/\/led.amasly.com\/it\/led-light-knowledge\/what-are-the-common-quality-problems-of-led-street-lights\/\">Quali sono i problemi di qualit\u00e0 comuni dei lampioni a LED?<\/a><\/strong><\/li>\n\n\n\n<li class=\"has-large-font-size\"><strong><a href=\"https:\/\/led.amasly.com\/it\/led-light-knowledge\/the-critical-role-of-lighting-in-healthcare-organizationsis\/\">Il ruolo critico dell'illuminazione nelle organizzazioni sanitarie<\/a><\/strong><\/li>\n\n\n\n<li class=\"has-large-font-size\"><strong><a href=\"https:\/\/led.amasly.com\/it\/led-light-knowledge\/which-color-led-light-is-best-for-sleeping\/\">Qual \u00e8 il colore della luce LED migliore per dormire?<\/a><\/strong><\/li>\n<\/ul>\n\n\n\n<ul class=\"wp-block-list\">\n<li class=\"has-large-font-size\"><strong><a href=\"https:\/\/led.amasly.com\/it\/led-light-knowledge\/led-lights-do-not-light-up-common-causes-and-solutions\/\">Le luci LED non si accendono? Cause e soluzioni comuni<\/a><\/strong><\/li>\n<\/ul>\n\n\n\n<ul class=\"wp-block-list\">\n<li class=\"has-large-font-size\"><strong><a href=\"https:\/\/led.amasly.com\/it\/led-light-knowledge\/what-is-the-difference-between-dimmable-and-non-dimmable-led-lights\/\">Qual \u00e8 la differenza tra luci LED dimmerabili e non dimmerabili?<\/a><\/strong><\/li>\n\n\n\n<li class=\"has-large-font-size\"><strong><a href=\"https:\/\/led.amasly.com\/it\/led-light-knowledge\/how-long-do-led-lights-lifespan\/\">Quanto durano le luci LED?<\/a><\/strong><\/li>\n\n\n\n<li class=\"has-large-font-size\"><strong><a href=\"https:\/\/led.amasly.com\/it\/led-light-knowledge\/performance-of-led-lamps-and-their-requirements\/\">Prestazioni delle lampade LED e loro requisiti<\/a><\/strong><\/li>\n<\/ul>\n\n\n\n<ul class=\"wp-block-list\">\n<li class=\"has-large-font-size\"><strong><a href=\"https:\/\/led.amasly.com\/it\/led-light-knowledge\/60-watt-vs-100-watt-lamps-whats-the-difference-and-which-is-better\/\">Lampade da 60 watt contro 100 watt: qual \u00e8 la differenza e quale \u00e8 meglio?<\/a><\/strong><\/li>\n\n\n\n<li class=\"has-large-font-size\"><strong><a href=\"https:\/\/led.amasly.com\/it\/led-light-knowledge\/what-is-led-color-temperature-how-to-choose-between-3000k-4000k-and-5000k\/\">Che cos'\u00e8 la temperatura di colore dei LED? Come scegliere tra 3000K, 4000K e 5000K<\/a><\/strong><\/li>\n\n\n\n<li class=\"has-large-font-size\"><strong><strong><a href=\"https:\/\/led.amasly.com\/it\/knowledge\/led-light-knowledge\/are-led-lights-safe-seven-common-misconceptions\/\">Le luci a LED sono sicure? Sette idee sbagliate comuni<\/a><\/strong><\/strong><\/li>\n<\/ul>\n\n\n\n<div class=\"wp-block-uagb-container uagb-block-2f7a90f6 alignfull uagb-is-root-container\"><div class=\"uagb-container-inner-blocks-wrap\">\n<div class=\"wp-block-uagb-info-box uagb-block-8b5cd174 uagb-infobox__content-wrap  uagb-infobox-icon-above-title uagb-infobox-image-valign-top wp-block-uagb-info-box--has-margin\"><div class=\"uagb-infobox-margin-wrapper\"><div class=\"uagb-ifb-content\"><div class=\"uagb-ifb-title-wrap\"><\/div><\/div><\/div><\/div>\n<\/div><\/div>\n\n\n\n<h2 class=\"wp-block-heading\">Prodotti correlati<\/h2>\n\n\n\n<div class=\"wp-block-uagb-container uagb-block-492a12c6 alignfull uagb-is-root-container\"><div class=\"uagb-container-inner-blocks-wrap\">\n<div class=\"wp-block-uagb-container uagb-block-489233b8\">\n<div class=\"wp-block-uagb-image uagb-block-f86481bd wp-block-uagb-image--layout-default wp-block-uagb-image--effect-static wp-block-uagb-image--align-none\"><figure class=\"wp-block-uagb-image__figure\"><a class=\"\" href=\"https:\/\/led.amasly.com\/it\/products\/\" target=\"\" rel=\"noopener\"><img decoding=\"async\" srcset=\"https:\/\/led.amasly.com\/wp-content\/uploads\/2024\/09\/Explosion-proof-high-bay-lights.png ,https:\/\/led.amasly.com\/wp-content\/uploads\/2024\/09\/Explosion-proof-high-bay-lights.png 780w, https:\/\/led.amasly.com\/wp-content\/uploads\/2024\/09\/Explosion-proof-high-bay-lights.png 360w\" sizes=\"auto, (max-width: 480px) 150px\" src=\"https:\/\/led.amasly.com\/wp-content\/uploads\/2024\/09\/Explosion-proof-high-bay-lights.png\" alt=\"\" class=\"uag-image-1495\" width=\"300\" height=\"300\" title=\"Luci a baia antideflagranti\" loading=\"lazy\" role=\"img\"><\/a><\/figure><\/div>\n<\/div>\n\n\n\n<div class=\"wp-block-uagb-container uagb-block-41faa083\">\n<div class=\"wp-block-uagb-image uagb-block-f71a09a9 wp-block-uagb-image--layout-default wp-block-uagb-image--effect-static wp-block-uagb-image--align-none\"><figure class=\"wp-block-uagb-image__figure\"><a class=\"\" href=\"https:\/\/led.amasly.com\/it\/products\/\" target=\"\" rel=\"noopener\"><img decoding=\"async\" srcset=\"https:\/\/led.amasly.com\/wp-content\/uploads\/2024\/08\/Explosion-proof-flood-light.png ,https:\/\/led.amasly.com\/wp-content\/uploads\/2024\/08\/Explosion-proof-flood-light.png 780w, https:\/\/led.amasly.com\/wp-content\/uploads\/2024\/08\/Explosion-proof-flood-light.png 360w\" sizes=\"auto, (max-width: 480px) 150px\" src=\"https:\/\/led.amasly.com\/wp-content\/uploads\/2024\/08\/Explosion-proof-flood-light.png\" alt=\"\" class=\"uag-image-1482\" width=\"300\" height=\"300\" title=\"Lampada a diluvio antideflagrante\" loading=\"lazy\" role=\"img\"><\/a><\/figure><\/div>\n<\/div>\n\n\n\n<div class=\"wp-block-uagb-container uagb-block-85cfaedc\">\n<div class=\"wp-block-uagb-image uagb-block-21b5cff7 wp-block-uagb-image--layout-default wp-block-uagb-image--effect-static wp-block-uagb-image--align-none\"><figure class=\"wp-block-uagb-image__figure\"><a class=\"\" href=\"https:\/\/led.amasly.com\/it\/products\/\" target=\"\" rel=\"noopener\"><img decoding=\"async\" srcset=\"https:\/\/led.amasly.com\/wp-content\/uploads\/2025\/01\/1.jpg ,https:\/\/led.amasly.com\/wp-content\/uploads\/2025\/01\/1.jpg 780w, https:\/\/led.amasly.com\/wp-content\/uploads\/2025\/01\/1.jpg 360w\" sizes=\"auto, (max-width: 480px) 150px\" src=\"https:\/\/led.amasly.com\/wp-content\/uploads\/2025\/01\/1.jpg\" alt=\"\" class=\"uag-image-1686\" width=\"800\" height=\"800\" title=\"1\" loading=\"lazy\" role=\"img\"><\/a><\/figure><\/div>\n<\/div>\n\n\n\n<div class=\"wp-block-uagb-container uagb-block-26ed2c96\">\n<div class=\"wp-block-uagb-image uagb-block-74690288 wp-block-uagb-image--layout-default wp-block-uagb-image--effect-static wp-block-uagb-image--align-none\"><figure class=\"wp-block-uagb-image__figure\"><a class=\"\" href=\"https:\/\/led.amasly.com\/it\/products\/\" target=\"\" rel=\"noopener\"><img decoding=\"async\" srcset=\"https:\/\/led.amasly.com\/wp-content\/uploads\/2024\/09\/LED-Explosion-Proof-Gas-Station-Light.png ,https:\/\/led.amasly.com\/wp-content\/uploads\/2024\/09\/LED-Explosion-Proof-Gas-Station-Light.png 780w, https:\/\/led.amasly.com\/wp-content\/uploads\/2024\/09\/LED-Explosion-Proof-Gas-Station-Light.png 360w\" sizes=\"auto, (max-width: 480px) 150px\" src=\"https:\/\/led.amasly.com\/wp-content\/uploads\/2024\/09\/LED-Explosion-Proof-Gas-Station-Light.png\" alt=\"\" class=\"uag-image-1501\" width=\"300\" height=\"300\" title=\"Luce della stazione di servizio a prova di esplosione a LED\" loading=\"lazy\" role=\"img\"><\/a><\/figure><\/div>\n<\/div>\n<\/div><\/div>\n\n\n\n<div class=\"wp-block-uagb-container uagb-block-7c7b1c72 alignfull uagb-is-root-container\"><div class=\"uagb-container-inner-blocks-wrap\">\n<div class=\"wp-block-uagb-container uagb-block-de40c4b5\">\n<h5 class=\"wp-block-heading has-text-align-center\"><a href=\"https:\/\/led.amasly.com\/it\/products\/\">Alta luce a prova di esplosione<\/a><\/h5>\n<\/div>\n\n\n\n<div class=\"wp-block-uagb-container uagb-block-f38acbf0\">\n<h5 class=\"wp-block-heading has-text-align-center\"><a href=\"https:\/\/led.amasly.com\/it\/products\/\">Luce di inondazione a prova di esplosione<\/a><\/h5>\n<\/div>\n\n\n\n<div class=\"wp-block-uagb-container uagb-block-2cdde923\">\n<h5 class=\"wp-block-heading has-text-align-center\"><a href=\"https:\/\/led.amasly.com\/it\/products\/\">Luce lineare a prova di esplosione<\/a><\/h5>\n<\/div>\n\n\n\n<div class=\"wp-block-uagb-container uagb-block-4786d708\">\n<h5 class=\"wp-block-heading has-text-align-center\"><a href=\"https:\/\/led.amasly.com\/it\/products\/\">Luce della stazione di servizio a prova di esplosione<\/a><\/h5>\n<\/div>\n<\/div><\/div>\n\n\n\n<div class=\"wp-block-uagb-container uagb-block-cb024e0e alignfull uagb-is-root-container\"><div class=\"uagb-container-inner-blocks-wrap\">\n<div class=\"wp-block-uagb-container uagb-block-af459a34\">\n<div class=\"wp-block-uagb-image uagb-block-b2e8e1b3 wp-block-uagb-image--layout-default wp-block-uagb-image--effect-static wp-block-uagb-image--align-none\"><figure class=\"wp-block-uagb-image__figure\"><a class=\"\" href=\"https:\/\/led.amasly.com\/it\/products\/\" target=\"\" rel=\"noopener\"><img decoding=\"async\" srcset=\"https:\/\/led.amasly.com\/wp-content\/uploads\/2024\/10\/50W-100W-150W-200W-300W-LED-Flood-Light.jpg ,https:\/\/led.amasly.com\/wp-content\/uploads\/2024\/10\/50W-100W-150W-200W-300W-LED-Flood-Light.jpg 780w, https:\/\/led.amasly.com\/wp-content\/uploads\/2024\/10\/50W-100W-150W-200W-300W-LED-Flood-Light.jpg 360w\" sizes=\"auto, (max-width: 480px) 150px\" src=\"https:\/\/led.amasly.com\/wp-content\/uploads\/2024\/10\/50W-100W-150W-200W-300W-LED-Flood-Light.jpg\" alt=\"\" class=\"uag-image-1526\" width=\"300\" height=\"300\" title=\"50W 100W 150W 200W 300W Luce di inondazione LED\" loading=\"lazy\" role=\"img\"><\/a><\/figure><\/div>\n<\/div>\n\n\n\n<div class=\"wp-block-uagb-container uagb-block-4b67c5ea\">\n<div class=\"wp-block-uagb-image uagb-block-9e04f065 wp-block-uagb-image--layout-default wp-block-uagb-image--effect-static wp-block-uagb-image--align-none\"><figure class=\"wp-block-uagb-image__figure\"><a class=\"\" href=\"https:\/\/led.amasly.com\/it\/products\/\" target=\"\" rel=\"noopener\"><img decoding=\"async\" srcset=\"https:\/\/led.amasly.com\/wp-content\/uploads\/2024\/08\/2000W-LED-Stadium-Light.jpg ,https:\/\/led.amasly.com\/wp-content\/uploads\/2024\/08\/2000W-LED-Stadium-Light.jpg 780w, https:\/\/led.amasly.com\/wp-content\/uploads\/2024\/08\/2000W-LED-Stadium-Light.jpg 360w\" sizes=\"auto, (max-width: 480px) 150px\" src=\"https:\/\/led.amasly.com\/wp-content\/uploads\/2024\/08\/2000W-LED-Stadium-Light.jpg\" alt=\"\" class=\"uag-image-1473\" width=\"300\" height=\"300\" title=\"Luce da stadio a 2000W LED\" loading=\"lazy\" role=\"img\"><\/a><\/figure><\/div>\n<\/div>\n\n\n\n<div class=\"wp-block-uagb-container uagb-block-51e4eb1c\">\n<div class=\"wp-block-uagb-image uagb-block-6fd8bb55 wp-block-uagb-image--layout-default wp-block-uagb-image--effect-static wp-block-uagb-image--align-none\"><figure class=\"wp-block-uagb-image__figure\"><a class=\"\" href=\"https:\/\/led.amasly.com\/it\/products\/\" target=\"\" rel=\"noopener\"><img decoding=\"async\" srcset=\"https:\/\/led.amasly.com\/wp-content\/uploads\/2024\/07\/high-bay-light.jpg ,https:\/\/led.amasly.com\/wp-content\/uploads\/2024\/07\/high-bay-light.jpg 780w, https:\/\/led.amasly.com\/wp-content\/uploads\/2024\/07\/high-bay-light.jpg 360w\" sizes=\"auto, (max-width: 480px) 150px\" src=\"https:\/\/led.amasly.com\/wp-content\/uploads\/2024\/07\/high-bay-light.jpg\" alt=\"\" class=\"uag-image-1134\" width=\"800\" height=\"800\" title=\"luce alta\" loading=\"lazy\" role=\"img\"><\/a><\/figure><\/div>\n<\/div>\n\n\n\n<div class=\"wp-block-uagb-container uagb-block-d8b9b3c2\">\n<div class=\"wp-block-uagb-image uagb-block-b794b600 wp-block-uagb-image--layout-default wp-block-uagb-image--effect-static wp-block-uagb-image--align-none\"><figure class=\"wp-block-uagb-image__figure\"><a class=\"\" href=\"https:\/\/led.amasly.com\/it\/products\/\" target=\"\" rel=\"noopener\"><img decoding=\"async\" srcset=\"https:\/\/led.amasly.com\/wp-content\/uploads\/2024\/07\/LED-street-light.jpg ,https:\/\/led.amasly.com\/wp-content\/uploads\/2024\/07\/LED-street-light.jpg 780w, https:\/\/led.amasly.com\/wp-content\/uploads\/2024\/07\/LED-street-light.jpg 360w\" sizes=\"auto, (max-width: 480px) 150px\" src=\"https:\/\/led.amasly.com\/wp-content\/uploads\/2024\/07\/LED-street-light.jpg\" alt=\"\" class=\"uag-image-1145\" width=\"300\" height=\"300\" title=\"Illuminazione stradale a LED\" loading=\"lazy\" role=\"img\"><\/a><\/figure><\/div>\n<\/div>\n<\/div><\/div>\n\n\n\n<div class=\"wp-block-uagb-container uagb-block-b852371c alignfull uagb-is-root-container\"><div class=\"uagb-container-inner-blocks-wrap\">\n<div class=\"wp-block-uagb-container uagb-block-27e46e5d\">\n<h5 class=\"wp-block-heading has-text-align-center\"><a href=\"https:\/\/led.amasly.com\/it\/products\/\">Luce di inondazione a LED<\/a><\/h5>\n<\/div>\n\n\n\n<div class=\"wp-block-uagb-container uagb-block-347094b5\">\n<h5 class=\"wp-block-heading has-text-align-center\"><a href=\"https:\/\/led.amasly.com\/it\/products\/\">Luce da stadio a LED<\/a><\/h5>\n<\/div>\n\n\n\n<div class=\"wp-block-uagb-container uagb-block-bbddcbbe\">\n<h5 class=\"wp-block-heading has-text-align-center\"><a href=\"https:\/\/led.amasly.com\/it\/products\/\">Alta luce della baia a LED<\/a><\/h5>\n<\/div>\n\n\n\n<div class=\"wp-block-uagb-container uagb-block-5eb607f2\">\n<h5 class=\"wp-block-heading has-text-align-center\"><a href=\"https:\/\/led.amasly.com\/it\/products\/\">Illuminazione stradale a LED<\/a><\/h5>\n<\/div>\n<\/div><\/div>\n\n\n\n<div class=\"wp-block-uagb-container uagb-block-69eeacf9 alignfull uagb-is-root-container\"><div class=\"uagb-container-inner-blocks-wrap\">\n<div class=\"wp-block-uagb-info-box uagb-block-2763a303 uagb-infobox__content-wrap  uagb-infobox-icon-above-title uagb-infobox-image-valign-top wp-block-uagb-info-box--has-margin\"><div class=\"uagb-infobox-margin-wrapper\"><div class=\"uagb-ifb-content\"><div class=\"uagb-ifb-title-wrap\"><\/div><\/div><\/div><\/div>\n<\/div><\/div>","protected":false},"excerpt":{"rendered":"<p>LED light is an electroluminescent semiconductor material chip, solidified to the bracket with silver glue or white glue, and then connected to the chip and circuit board with silver or gold wire, sealed around with epoxy resin to protect the internal core wire, and finally installed the shell, so the LED light has good seismic [&hellip;]<\/p>\n","protected":false},"author":1,"featured_media":0,"parent":2370,"menu_order":0,"comment_status":"closed","ping_status":"closed","template":"","meta":{"_uag_custom_page_level_css":"","site-sidebar-layout":"no-sidebar","site-content-layout":"","ast-site-content-layout":"default","site-content-style":"default","site-sidebar-style":"default","ast-global-header-display":"","ast-banner-title-visibility":"","ast-main-header-display":"","ast-hfb-above-header-display":"","ast-hfb-below-header-display":"","ast-hfb-mobile-header-display":"","site-post-title":"disabled","ast-breadcrumbs-content":"","ast-featured-img":"","footer-sml-layout":"","ast-disable-related-posts":"","theme-transparent-header-meta":"enabled","adv-header-id-meta":"","stick-header-meta":"","header-above-stick-meta":"","header-main-stick-meta":"","header-below-stick-meta":"","astra-migrate-meta-layouts":"set","ast-page-background-enabled":"default","ast-page-background-meta":{"desktop":{"background-color":"var(--ast-global-color-4)","background-image":"","background-repeat":"repeat","background-position":"center center","background-size":"auto","background-attachment":"scroll","background-type":"","background-media":"","overlay-type":"","overlay-color":"","overlay-opacity":"","overlay-gradient":""},"tablet":{"background-color":"","background-image":"","background-repeat":"repeat","background-position":"center center","background-size":"auto","background-attachment":"scroll","background-type":"","background-media":"","overlay-type":"","overlay-color":"","overlay-opacity":"","overlay-gradient":""},"mobile":{"background-color":"","background-image":"","background-repeat":"repeat","background-position":"center center","background-size":"auto","background-attachment":"scroll","background-type":"","background-media":"","overlay-type":"","overlay-color":"","overlay-opacity":"","overlay-gradient":""}},"ast-content-background-meta":{"desktop":{"background-color":"var(--ast-global-color-5)","background-image":"","background-repeat":"repeat","background-position":"center center","background-size":"auto","background-attachment":"scroll","background-type":"","background-media":"","overlay-type":"","overlay-color":"","overlay-opacity":"","overlay-gradient":""},"tablet":{"background-color":"var(--ast-global-color-5)","background-image":"","background-repeat":"repeat","background-position":"center center","background-size":"auto","background-attachment":"scroll","background-type":"","background-media":"","overlay-type":"","overlay-color":"","overlay-opacity":"","overlay-gradient":""},"mobile":{"background-color":"var(--ast-global-color-5)","background-image":"","background-repeat":"repeat","background-position":"center center","background-size":"auto","background-attachment":"scroll","background-type":"","background-media":"","overlay-type":"","overlay-color":"","overlay-opacity":"","overlay-gradient":""}},"footnotes":""},"class_list":["post-2984","page","type-page","status-publish","hentry"],"uagb_featured_image_src":{"full":false,"thumbnail":false,"medium":false,"medium_large":false,"large":false,"1536x1536":false,"2048x2048":false,"trp-custom-language-flag":false},"uagb_author_info":{"display_name":"Joe","author_link":"https:\/\/led.amasly.com\/it\/author\/jacklin\/"},"uagb_comment_info":0,"uagb_excerpt":"LED light is an electroluminescent semiconductor material chip, solidified to the bracket with silver glue or white glue, and then connected to the chip and circuit board with silver or gold wire, sealed around with epoxy resin to protect the internal core wire, and finally installed the shell, so the LED light has good seismic&hellip;","_links":{"self":[{"href":"https:\/\/led.amasly.com\/it\/wp-json\/wp\/v2\/pages\/2984","targetHints":{"allow":["GET"]}}],"collection":[{"href":"https:\/\/led.amasly.com\/it\/wp-json\/wp\/v2\/pages"}],"about":[{"href":"https:\/\/led.amasly.com\/it\/wp-json\/wp\/v2\/types\/page"}],"author":[{"embeddable":true,"href":"https:\/\/led.amasly.com\/it\/wp-json\/wp\/v2\/users\/1"}],"replies":[{"embeddable":true,"href":"https:\/\/led.amasly.com\/it\/wp-json\/wp\/v2\/comments?post=2984"}],"version-history":[{"count":7,"href":"https:\/\/led.amasly.com\/it\/wp-json\/wp\/v2\/pages\/2984\/revisions"}],"predecessor-version":[{"id":4185,"href":"https:\/\/led.amasly.com\/it\/wp-json\/wp\/v2\/pages\/2984\/revisions\/4185"}],"up":[{"embeddable":true,"href":"https:\/\/led.amasly.com\/it\/wp-json\/wp\/v2\/pages\/2370"}],"wp:attachment":[{"href":"https:\/\/led.amasly.com\/it\/wp-json\/wp\/v2\/media?parent=2984"}],"curies":[{"name":"wp","href":"https:\/\/api.w.org\/{rel}","templated":true}]}}