{"id":2981,"date":"2025-04-08T21:10:14","date_gmt":"2025-04-08T13:10:14","guid":{"rendered":"https:\/\/led.amasly.com\/?page_id=2981"},"modified":"2025-04-08T22:38:21","modified_gmt":"2025-04-08T14:38:21","slug":"can-led-lights-be-used-in-an-explosion-proof-area-%ef%bc%9f","status":"publish","type":"page","link":"https:\/\/led.amasly.com\/it\/knowledge\/explosion-proof-products-knowledge\/can-led-lights-be-used-in-an-explosion-proof-area-%ef%bc%9f\/","title":{"rendered":"Le luci a led possono essere utilizzate in un'area a prova di esplosione?"},"content":{"rendered":"<div class=\"wp-block-uagb-container uagb-block-27bae773 alignfull uagb-is-root-container\"><div class=\"uagb-container-inner-blocks-wrap\"><\/div><\/div>\n\n\n\n<h2 class=\"wp-block-heading has-text-align-left\"><strong>Le luci a led possono essere utilizzate in un'area a prova di esplosione?<\/strong><strong><\/strong><\/h2>\n\n\n\n<div class=\"wp-block-uagb-image uagb-block-da1360b5 wp-block-uagb-image--layout-default wp-block-uagb-image--effect-static wp-block-uagb-image--align-none\"><figure class=\"wp-block-uagb-image__figure\"><img decoding=\"async\" srcset=\"https:\/\/led.amasly.com\/wp-content\/uploads\/2025\/01\/LED-explosion-proof-flood-lights.png ,https:\/\/led.amasly.com\/wp-content\/uploads\/2025\/01\/LED-explosion-proof-flood-lights.png 780w, https:\/\/led.amasly.com\/wp-content\/uploads\/2025\/01\/LED-explosion-proof-flood-lights.png 360w\" sizes=\"auto, (max-width: 480px) 150px\" src=\"https:\/\/led.amasly.com\/wp-content\/uploads\/2025\/01\/LED-explosion-proof-flood-lights.png\" alt=\"\" class=\"uag-image-1675\" width=\"1004\" height=\"308\" title=\"Luci di inondazione a LED antideflagranti\" loading=\"lazy\" role=\"img\"><\/figure><\/div>\n\n\n\n<p>Spesso vengono poste domande come \u201cIn quale zona si trova l'illuminazione antideflagrante?\u201d.<\/p>\n\n\n\n<p>Solo le lampade a prova di esplosione possono essere utilizzate in un'area a prova di esplosione; le lampade e le lanterne ordinarie non possono essere utilizzate in un'area a prova di esplosione. Le lampade ordinarie vengono utilizzate in luoghi in cui sono presenti gas e polveri non combustibili.<\/p>\n\n\n\n<h2 class=\"wp-block-heading\"><strong>Che cos'\u00e8 un'area a prova di esplosione, un'area pericolosa?<\/strong><strong><\/strong><\/h2>\n\n\n\n<p>Secondo la classificazione delle aree pericolose della Commissione Elettrotecnica Internazionale (IEC)\/Commissione Elettrotecnica Europea (ENEC), come segue:<\/p>\n\n\n\n<h3 class=\"wp-block-heading\"><strong>Zona 0 (Zona 0): <\/strong><strong><\/strong><\/h3>\n\n\n\n<p>si riferisce all'area in cui i gas esplosivi sono sempre o per un lungo periodo di tempo presenti e in cui il rischio \u00e8 superiore a 1000 ore\/anno.<\/p>\n\n\n\n<p>Un'area in cui sono presenti miscele di gas esplosive in modo continuo o per lunghi periodi di tempo durante il normale funzionamento.<\/p>\n\n\n\n<p>Ad esempio, l'interno dei serbatoi di stoccaggio di alcune raffinerie di petrolio, dove i gas infiammabili volatili sono continuamente presenti all'interno dei serbatoi a causa dello stoccaggio di oli infiammabili ed esplosivi, \u00e8 un ambiente di Zona 0. La possibilit\u00e0 di un'esplosione in quest'area \u00e8 estremamente elevata e i requisiti antideflagranti per le apparecchiature elettriche, ecc. sono i pi\u00f9 severi. La possibilit\u00e0 di un'esplosione in quest'area \u00e8 estremamente elevata e i requisiti antideflagranti per le apparecchiature elettriche, ecc. sono i pi\u00f9 severi.<\/p>\n\n\n\n<h3 class=\"wp-block-heading\"><strong>Zona 1 (Zona 1): <\/strong><strong><\/strong><\/h3>\n\n\n\n<p>si riferisce a un'area in cui possono essere presenti gas infiammabili durante il normale funzionamento con un rischio da 10 a 1000 ore\/anno.<\/p>\n\n\n\n<p>Per funzionamento normale si intende il funzionamento di routine dell'apparecchiatura entro i parametri di progetto.<\/p>\n\n\n\n<p>Ad esempio, nell'impianto di produzione chimica, alcune delle condutture di interfaccia per il trasporto di gas combustibili, sebbene le misure di tenuta, ma nel normale funzionamento del processo pu\u00f2 ancora essere una piccola quantit\u00e0 di perdita di gas combustibili, con conseguente formazione di miscele di gas esplosivi, questo tipo di area sar\u00e0 suddivisa in Zona 1. La zona 1 \u00e8 caratterizzata dalla possibilit\u00e0 di un grado di esplosione relativamente elevato, per cui i requisiti delle apparecchiature a prova di esplosione sono molto severi.<\/p>\n\n\n\n<h3 class=\"wp-block-heading\"><strong>Zona 2 (Zona 2): <\/strong><strong><\/strong><\/h3>\n\n\n\n<p>si riferisce all'assenza di gas infiammabili in condizioni normali, anche se occasionali, l'esistenza di un periodo di tempo molto breve, lo stato di incidente del rischio di 0,1 a 10 ore \/ anno.<\/p>\n\n\n\n<p>In alcuni impianti industriali ben ventilati, sebbene vi sia una piccola quantit\u00e0 di apparecchiature che possono perdere gas infiammabili, il sistema di ventilazione \u00e8 in grado di diluire i gas fuoriusciti e di esaurirli in tempo, rendendo improbabile la presenza di miscele di gas esplosivi per un lungo periodo di tempo. Rispetto alle zone 0 e 1, la zona 2 ha una minore probabilit\u00e0 di esplosione, ma richiede comunque adeguate misure di protezione contro le esplosioni.<\/p>\n\n\n\n<h2 class=\"wp-block-heading\"><strong>Per gli ambienti polverosi, la classificazione ATEX \u00e8 simile: <\/strong><strong><\/strong><\/h2>\n\n\n\n<h3 class=\"wp-block-heading\"><strong>Zona 20: <\/strong><strong><\/strong><\/h3>\n\n\n\n<p>Luoghi e interni di contenitori in cui la polvere combustibile \u00e8 presente in modo continuo o abbastanza frequente da formare miscele polvere-aria combustibili e\/o in cui \u00e8 probabile che si formi uno strato incontrollato ed estremamente spesso di polvere nel corso del normale funzionamento.<\/p>\n\n\n\n<p>Ad esempio, l'impianto di macinazione di alcuni mulini per farina, dove durante il processo di produzione si generano grandi quantit\u00e0 di polvere di farina con concentrazioni elevate e persistenti di polvere, rientrerebbe nella Zona 20.<\/p>\n\n\n\n<h3 class=\"wp-block-heading\"><strong>Zona 21: <\/strong><strong><\/strong><\/h3>\n\n\n\n<p>Luoghi in cui la polvere pu\u00f2 essere presente in quantit\u00e0 sufficiente a formare una miscela polvere-aria combustibile durante il normale funzionamento, ma che non sono classificati come Zona 20.<\/p>\n\n\n\n<p>Di solito comprende le aree adiacenti alle fonti di emissione di polvere (ad esempio, tramogge, contenitori, ecc.), dove possono verificarsi perdite intermittenti di polvere, con conseguente formazione di polveri combustibili e miscele di aria in aree localizzate, come ad esempio alcune delle aree di movimentazione dei materiali possono rientrare nella Zona 21.<\/p>\n\n\n\n<h3 class=\"wp-block-heading\"><strong>Zona 22: <\/strong><strong><\/strong><\/h3>\n\n\n\n<p>Luoghi in cui la polvere combustibile si presenta occasionalmente e solo per brevi periodi di tempo in condizioni insolite, o in cui la polvere combustibile si accumula occasionalmente o pu\u00f2 essere stratificata e genera una miscela di polvere combustibile nell'aria.<\/p>\n\n\n\n<p class=\"has-text-align-left\">Ad esempio, in alcune officine che producono polvere, ma ben ventilate e gestite, una piccola quantit\u00e0 di accumulo di polvere pu\u00f2 verificarsi solo in condizioni anomale, come ad esempio un guasto alle apparecchiature, e tali aree sono classificate come Zona 22.<\/p>\n\n\n\n<p>Ora lo sapete: <strong>Le luci a led possono essere utilizzate in un'area a prova di esplosione?<\/strong><\/p>\n\n\n\n<div class=\"wp-block-uagb-container uagb-block-c7d898dd alignfull uagb-is-root-container\"><div class=\"uagb-container-inner-blocks-wrap\"><\/div><\/div>\n\n\n\n<h2 class=\"wp-block-heading\">Prodotti correlati<\/h2>\n\n\n\n<div class=\"wp-block-uagb-container uagb-block-66e4defc alignfull uagb-is-root-container\"><div class=\"uagb-container-inner-blocks-wrap\">\n<div class=\"wp-block-uagb-container uagb-block-a42945f9\">\n<div class=\"wp-block-uagb-image uagb-block-7296296b wp-block-uagb-image--layout-default wp-block-uagb-image--effect-static wp-block-uagb-image--align-none\"><figure class=\"wp-block-uagb-image__figure\"><a class=\"\" href=\"https:\/\/led.amasly.com\/it\/products\/\" target=\"\" rel=\"noopener\"><img decoding=\"async\" srcset=\"https:\/\/led.amasly.com\/wp-content\/uploads\/2024\/09\/Explosion-proof-high-bay-lights.png ,https:\/\/led.amasly.com\/wp-content\/uploads\/2024\/09\/Explosion-proof-high-bay-lights.png 780w, https:\/\/led.amasly.com\/wp-content\/uploads\/2024\/09\/Explosion-proof-high-bay-lights.png 360w\" sizes=\"auto, (max-width: 480px) 150px\" src=\"https:\/\/led.amasly.com\/wp-content\/uploads\/2024\/09\/Explosion-proof-high-bay-lights.png\" alt=\"\" class=\"uag-image-1495\" width=\"300\" height=\"300\" title=\"Luci a baia antideflagranti\" loading=\"lazy\" role=\"img\"><\/a><\/figure><\/div>\n<\/div>\n\n\n\n<div class=\"wp-block-uagb-container uagb-block-4d3efde5\">\n<div class=\"wp-block-uagb-image uagb-block-c9e90797 wp-block-uagb-image--layout-default wp-block-uagb-image--effect-static wp-block-uagb-image--align-none\"><figure class=\"wp-block-uagb-image__figure\"><a class=\"\" href=\"https:\/\/led.amasly.com\/it\/products\/\" target=\"\" rel=\"noopener\"><img decoding=\"async\" srcset=\"https:\/\/led.amasly.com\/wp-content\/uploads\/2024\/07\/LED-tri-proof-lights2.png ,https:\/\/led.amasly.com\/wp-content\/uploads\/2024\/07\/LED-tri-proof-lights2.png 780w, https:\/\/led.amasly.com\/wp-content\/uploads\/2024\/07\/LED-tri-proof-lights2.png 360w\" sizes=\"auto, (max-width: 480px) 150px\" src=\"https:\/\/led.amasly.com\/wp-content\/uploads\/2024\/07\/LED-tri-proof-lights2.png\" alt=\"\" class=\"uag-image-1132\" width=\"300\" height=\"300\" title=\"Luci a prova di LED2\" loading=\"lazy\" role=\"img\"><\/a><\/figure><\/div>\n<\/div>\n\n\n\n<div class=\"wp-block-uagb-container uagb-block-11c2578b\">\n<div class=\"wp-block-uagb-image uagb-block-6e8883aa wp-block-uagb-image--layout-default wp-block-uagb-image--effect-static wp-block-uagb-image--align-none\"><figure class=\"wp-block-uagb-image__figure\"><a class=\"\" href=\"https:\/\/led.amasly.com\/it\/products\/\" target=\"\" rel=\"noopener\"><img decoding=\"async\" srcset=\"https:\/\/led.amasly.com\/wp-content\/uploads\/2024\/09\/LED-Explosion-Proof-Gas-Station-Light.png ,https:\/\/led.amasly.com\/wp-content\/uploads\/2024\/09\/LED-Explosion-Proof-Gas-Station-Light.png 780w, https:\/\/led.amasly.com\/wp-content\/uploads\/2024\/09\/LED-Explosion-Proof-Gas-Station-Light.png 360w\" sizes=\"auto, (max-width: 480px) 150px\" src=\"https:\/\/led.amasly.com\/wp-content\/uploads\/2024\/09\/LED-Explosion-Proof-Gas-Station-Light.png\" alt=\"\" class=\"uag-image-1501\" width=\"300\" height=\"300\" title=\"Luce della stazione di servizio a prova di esplosione a LED\" loading=\"lazy\" role=\"img\"><\/a><\/figure><\/div>\n<\/div>\n<\/div><\/div>\n\n\n\n<div class=\"wp-block-uagb-container uagb-block-548945b5 alignfull uagb-is-root-container\"><div class=\"uagb-container-inner-blocks-wrap\">\n<div class=\"wp-block-uagb-container uagb-block-967755d5\">\n<h4 class=\"wp-block-heading has-text-align-center\"><a href=\"https:\/\/led.amasly.com\/it\/products\/\">Luci LED a prova di esplosione<\/a><\/h4>\n<\/div>\n\n\n\n<div class=\"wp-block-uagb-container uagb-block-9bc52fc2\">\n<h4 class=\"wp-block-heading has-text-align-center\"><a href=\"https:\/\/led.amasly.com\/it\/products\/\">Luci a LED a prova di tris<\/a><\/h4>\n<\/div>\n\n\n\n<div class=\"wp-block-uagb-container uagb-block-8ffa0a23\">\n<h4 class=\"wp-block-heading has-text-align-center\"><a href=\"https:\/\/led.amasly.com\/it\/products\/\">Luci per stazioni di servizio a prova di esplosione<\/a><\/h4>\n<\/div>\n<\/div><\/div>\n\n\n\n<div class=\"wp-block-uagb-container uagb-block-29499fe0 alignfull uagb-is-root-container\"><div class=\"uagb-container-inner-blocks-wrap\">\n<div class=\"wp-block-uagb-container uagb-block-777ee1c7\">\n<div class=\"wp-block-uagb-image uagb-block-2e9a1851 wp-block-uagb-image--layout-default wp-block-uagb-image--effect-static wp-block-uagb-image--align-none\"><figure class=\"wp-block-uagb-image__figure\"><a class=\"\" href=\"https:\/\/led.amasly.com\/it\/products\/\" target=\"\" rel=\"noopener\"><img decoding=\"async\" srcset=\"https:\/\/led.amasly.com\/wp-content\/uploads\/2024\/10\/50W-100W-150W-200W-300W-LED-Flood-Light.jpg ,https:\/\/led.amasly.com\/wp-content\/uploads\/2024\/10\/50W-100W-150W-200W-300W-LED-Flood-Light.jpg 780w, https:\/\/led.amasly.com\/wp-content\/uploads\/2024\/10\/50W-100W-150W-200W-300W-LED-Flood-Light.jpg 360w\" sizes=\"auto, (max-width: 480px) 150px\" src=\"https:\/\/led.amasly.com\/wp-content\/uploads\/2024\/10\/50W-100W-150W-200W-300W-LED-Flood-Light.jpg\" alt=\"\" class=\"uag-image-1526\" width=\"300\" height=\"300\" title=\"50W 100W 150W 200W 300W Luce di inondazione LED\" loading=\"lazy\" role=\"img\"><\/a><\/figure><\/div>\n<\/div>\n\n\n\n<div class=\"wp-block-uagb-container uagb-block-af8c8683\">\n<div class=\"wp-block-uagb-image uagb-block-67947854 wp-block-uagb-image--layout-default wp-block-uagb-image--effect-static wp-block-uagb-image--align-none\"><figure class=\"wp-block-uagb-image__figure\"><a class=\"\" href=\"https:\/\/led.amasly.com\/it\/products\/\" target=\"\" rel=\"noopener\"><img decoding=\"async\" srcset=\"https:\/\/led.amasly.com\/wp-content\/uploads\/2024\/07\/led-tri-proof-light.png ,https:\/\/led.amasly.com\/wp-content\/uploads\/2024\/07\/led-tri-proof-light.png 780w, https:\/\/led.amasly.com\/wp-content\/uploads\/2024\/07\/led-tri-proof-light.png 360w\" sizes=\"auto, (max-width: 480px) 150px\" src=\"https:\/\/led.amasly.com\/wp-content\/uploads\/2024\/07\/led-tri-proof-light.png\" alt=\"\" class=\"uag-image-1130\" width=\"300\" height=\"300\" title=\"luce a led tri-proof\" loading=\"lazy\" role=\"img\"><\/a><\/figure><\/div>\n<\/div>\n\n\n\n<div class=\"wp-block-uagb-container uagb-block-0fdfdd58\">\n<div class=\"wp-block-uagb-image uagb-block-1187d32d wp-block-uagb-image--layout-default wp-block-uagb-image--effect-static wp-block-uagb-image--align-none\"><figure class=\"wp-block-uagb-image__figure\"><a class=\"\" href=\"https:\/\/led.amasly.com\/it\/products\/\" target=\"\" rel=\"noopener\"><img decoding=\"async\" srcset=\"https:\/\/led.amasly.com\/wp-content\/uploads\/2024\/07\/LED-street-light.jpg ,https:\/\/led.amasly.com\/wp-content\/uploads\/2024\/07\/LED-street-light.jpg 780w, https:\/\/led.amasly.com\/wp-content\/uploads\/2024\/07\/LED-street-light.jpg 360w\" sizes=\"auto, (max-width: 480px) 150px\" src=\"https:\/\/led.amasly.com\/wp-content\/uploads\/2024\/07\/LED-street-light.jpg\" alt=\"\" class=\"uag-image-1145\" width=\"300\" height=\"300\" title=\"Illuminazione stradale a LED\" loading=\"lazy\" role=\"img\"><\/a><\/figure><\/div>\n<\/div>\n<\/div><\/div>\n\n\n\n<div class=\"wp-block-uagb-container uagb-block-6a60882c alignfull uagb-is-root-container\"><div class=\"uagb-container-inner-blocks-wrap\">\n<div class=\"wp-block-uagb-container uagb-block-f1e91a35\">\n<h4 class=\"wp-block-heading has-text-align-center\"><a href=\"https:\/\/led.amasly.com\/it\/products\/\">Luci LED Flood<\/a><\/h4>\n<\/div>\n\n\n\n<div class=\"wp-block-uagb-container uagb-block-165bfa58\">\n<h4 class=\"wp-block-heading has-text-align-center\"><a href=\"https:\/\/led.amasly.com\/it\/products\/\">Luci tubolari triprofessionali a LED<\/a><\/h4>\n<\/div>\n\n\n\n<div class=\"wp-block-uagb-container uagb-block-f6096e3b\">\n<h4 class=\"wp-block-heading has-text-align-center\"><a href=\"https:\/\/led.amasly.com\/it\/products\/\">Luci stradali a LED<\/a><\/h4>\n<\/div>\n<\/div><\/div>\n\n\n\n<div class=\"wp-block-uagb-container uagb-block-99c0e0a5 alignfull uagb-is-root-container\"><div class=\"uagb-container-inner-blocks-wrap\"><\/div><\/div>\n\n\n\n<p><\/p>","protected":false},"excerpt":{"rendered":"<p>Can led lights be used in an explosion proof area? Questions such as \u201cWhat zone is explosion-proof lighting in?\u201d are often asked. Only explosion-proof lights can be used in an explosion-proof area, ordinary lamps and lanterns can not be used in an explosion-proof area. Ordinary lamps are used in places where non-combustible gases and dusts [&hellip;]<\/p>\n","protected":false},"author":1,"featured_media":0,"parent":2374,"menu_order":0,"comment_status":"closed","ping_status":"closed","template":"","meta":{"_uag_custom_page_level_css":"","site-sidebar-layout":"no-sidebar","site-content-layout":"","ast-site-content-layout":"default","site-content-style":"default","site-sidebar-style":"default","ast-global-header-display":"","ast-banner-title-visibility":"","ast-main-header-display":"","ast-hfb-above-header-display":"","ast-hfb-below-header-display":"","ast-hfb-mobile-header-display":"","site-post-title":"disabled","ast-breadcrumbs-content":"","ast-featured-img":"","footer-sml-layout":"","ast-disable-related-posts":"","theme-transparent-header-meta":"enabled","adv-header-id-meta":"","stick-header-meta":"","header-above-stick-meta":"","header-main-stick-meta":"","header-below-stick-meta":"","astra-migrate-meta-layouts":"set","ast-page-background-enabled":"default","ast-page-background-meta":{"desktop":{"background-color":"var(--ast-global-color-4)","background-image":"","background-repeat":"repeat","background-position":"center center","background-size":"auto","background-attachment":"scroll","background-type":"","background-media":"","overlay-type":"","overlay-color":"","overlay-opacity":"","overlay-gradient":""},"tablet":{"background-color":"","background-image":"","background-repeat":"repeat","background-position":"center center","background-size":"auto","background-attachment":"scroll","background-type":"","background-media":"","overlay-type":"","overlay-color":"","overlay-opacity":"","overlay-gradient":""},"mobile":{"background-color":"","background-image":"","background-repeat":"repeat","background-position":"center center","background-size":"auto","background-attachment":"scroll","background-type":"","background-media":"","overlay-type":"","overlay-color":"","overlay-opacity":"","overlay-gradient":""}},"ast-content-background-meta":{"desktop":{"background-color":"var(--ast-global-color-5)","background-image":"","background-repeat":"repeat","background-position":"center center","background-size":"auto","background-attachment":"scroll","background-type":"","background-media":"","overlay-type":"","overlay-color":"","overlay-opacity":"","overlay-gradient":""},"tablet":{"background-color":"var(--ast-global-color-5)","background-image":"","background-repeat":"repeat","background-position":"center center","background-size":"auto","background-attachment":"scroll","background-type":"","background-media":"","overlay-type":"","overlay-color":"","overlay-opacity":"","overlay-gradient":""},"mobile":{"background-color":"var(--ast-global-color-5)","background-image":"","background-repeat":"repeat","background-position":"center center","background-size":"auto","background-attachment":"scroll","background-type":"","background-media":"","overlay-type":"","overlay-color":"","overlay-opacity":"","overlay-gradient":""}},"footnotes":""},"class_list":["post-2981","page","type-page","status-publish","hentry"],"uagb_featured_image_src":{"full":false,"thumbnail":false,"medium":false,"medium_large":false,"large":false,"1536x1536":false,"2048x2048":false,"trp-custom-language-flag":false},"uagb_author_info":{"display_name":"Joe","author_link":"https:\/\/led.amasly.com\/it\/author\/jacklin\/"},"uagb_comment_info":0,"uagb_excerpt":"Can led lights be used in an explosion proof area? Questions such as \u201cWhat zone is explosion-proof lighting in?\u201d are often asked. Only explosion-proof lights can be used in an explosion-proof area, ordinary lamps and lanterns can not be used in an explosion-proof area. Ordinary lamps are used in places where non-combustible gases and dusts&hellip;","_links":{"self":[{"href":"https:\/\/led.amasly.com\/it\/wp-json\/wp\/v2\/pages\/2981","targetHints":{"allow":["GET"]}}],"collection":[{"href":"https:\/\/led.amasly.com\/it\/wp-json\/wp\/v2\/pages"}],"about":[{"href":"https:\/\/led.amasly.com\/it\/wp-json\/wp\/v2\/types\/page"}],"author":[{"embeddable":true,"href":"https:\/\/led.amasly.com\/it\/wp-json\/wp\/v2\/users\/1"}],"replies":[{"embeddable":true,"href":"https:\/\/led.amasly.com\/it\/wp-json\/wp\/v2\/comments?post=2981"}],"version-history":[{"count":3,"href":"https:\/\/led.amasly.com\/it\/wp-json\/wp\/v2\/pages\/2981\/revisions"}],"predecessor-version":[{"id":3002,"href":"https:\/\/led.amasly.com\/it\/wp-json\/wp\/v2\/pages\/2981\/revisions\/3002"}],"up":[{"embeddable":true,"href":"https:\/\/led.amasly.com\/it\/wp-json\/wp\/v2\/pages\/2374"}],"wp:attachment":[{"href":"https:\/\/led.amasly.com\/it\/wp-json\/wp\/v2\/media?parent=2981"}],"curies":[{"name":"wp","href":"https:\/\/api.w.org\/{rel}","templated":true}]}}